{"id":101243,"date":"2018-04-06T15:04:10","date_gmt":"2018-04-06T13:04:10","guid":{"rendered":"https:\/\/tourtravelandmore.com\/tours\/non%20class\u00e9\/visite-privee-a-pied-du-musee-egyptien\/"},"modified":"2024-07-23T17:33:45","modified_gmt":"2024-07-23T15:33:45","slug":"visite-privee-a-pied-du-musee-egyptien","status":"publish","type":"product","link":"https:\/\/tourtravelandmore.com\/fr\/tours\/italie-fr\/turin-fr\/visite-privee-a-pied-du-musee-egyptien\/","title":{"rendered":"Visite priv\u00e9e \u00e0 pied du mus\u00e9e \u00e9gyptien"},"content":{"rendered":"<h2>Description<\/h2>\n<p>Turin abrite le meilleur mus\u00e9e \u00e9gyptien du monde en dehors de l&#8217;\u00c9gypte et c&#8217;est le plus ancien mus\u00e9e \u00e9gyptien du monde. Vous aurez la possibilit\u00e9 de profiter de cette visite priv\u00e9e \u00e0 pied du mus\u00e9e \u00e9gyptien avec un guide professionnel.<\/p>\n<p>La ville de Turin est la capitale de la r\u00e9gion du Pi\u00e9mont. C&#8217;\u00e9tait l&#8217;ancienne demeure du royaume de Savoie. L&#8217;architecte tr\u00e8s connu Le Corbusier a d\u00e9fini Turin comme \u00abla ville avec le plus bel emplacement naturel du monde\u00bb.<\/p>\n<p>Avec cette visite priv\u00e9e \u00e0 pied du mus\u00e9e \u00e9gyptien, vous pourrez admirer une seule exposition de nombreux objets et pi\u00e8ces de l&#8217;\u00e9poque \u00e9gyptienne. Votre guide officiel priv\u00e9 conna\u00eet tr\u00e8s bien l&#8217;histoire de ce mus\u00e9e.<\/p>\n<p>Si vous cherchez simplement une visite priv\u00e9e de Turin, veuillez jeter un \u0153il \u00e0 notre visite priv\u00e9e \u00e0 pied de Turin.<\/p>\n<h2>Sites d&#8217;int\u00e9r\u00eat et points de rep\u00e8re<\/h2>\n<p>Turin est l&#8217;une des plus belles villes du nord de l&#8217;Italie. La ville offre une tr\u00e8s belle architecture baroque, une grande gastronomie et une offre tr\u00e8s riche de mus\u00e9es et de monuments.<\/p>\n<p>Entre ces mus\u00e9es, vous pouvez trouver le Mus\u00e9e \u00e9gyptien, qui est le plus ancien mus\u00e9e \u00e9gyptien du monde (il a \u00e9t\u00e9 fond\u00e9 en 1824). Ce mus\u00e9e est exclusivement d\u00e9di\u00e9 \u00e0 la culture et \u00e0 l&#8217;art \u00e9gyptiens.<\/p>\n<p>Tout d&#8217;abord, vous rencontrerez votre guide officiel priv\u00e9 \u00e0 l&#8217;entr\u00e9e principale du mus\u00e9e. Si votre h\u00f4tel est situ\u00e9 \u00e0 distance de marche, nous pouvons \u00e9galement organiser la prise en charge \u00e0 partir de l\u00e0.<\/p>\n<p>Deuxi\u00e8mement, vous entrerez au mus\u00e9e \u00e9gyptien afin de commencer votre visite \u00e0 pied \u00e0 l&#8217;int\u00e9rieur. Le mus\u00e9e des antiquit\u00e9s \u00e9gyptiennes est compos\u00e9 d&#8217;objets obtenus au fil des si\u00e8cles. De m\u00eame que sur les sites de fouilles de la Mission arch\u00e9ologique italienne, elle a eu lieu entre 1900 et 1935.<\/p>\n<p>Vous appr\u00e9cierez, avec votre guide priv\u00e9, de conna\u00eetre en profondeur ce mus\u00e9e historique et spectaculaire. Chaque guide est un guide officiel, professionnel, avec une grande connaissance de l&#8217;histoire \u00e9gyptienne.<\/p>\n<p>Enfin, votre guide priv\u00e9 vous d\u00e9posera \u00e0 l&#8217;entr\u00e9e principale du mus\u00e9e.<\/p>\n","protected":false},"excerpt":{"rendered":"<p>Profitez de cette visite priv\u00e9e \u00e0 pied enti\u00e8rement personnalis\u00e9e du mus\u00e9e \u00e9gyptien de Turin, avec votre guide officiel priv\u00e9. Ne manquez pas l\u2019occasion de d\u00e9couvrir le plus ancien mus\u00e9e \u00e9gyptien du monde. Vous admirerez une exposition unique d&#8217;art, d&#8217;objets et de culture de l&#8217;\u00e9poque \u00e9gyptienne. Billet d&#8217;entr\u00e9e au mus\u00e9e inclus dans la visite.<\/p>\n","protected":false},"featured_media":94854,"comment_status":"open","ping_status":"closed","template":"","meta":{"_acf_changed":false},"product_brand":[],"product_cat":[5415,5416,3699],"product_tag":[],"class_list":{"0":"post-101243","1":"product","2":"type-product","3":"status-publish","4":"has-post-thumbnail","6":"product_cat-all-private-tours-activities-fr-31","7":"product_cat-private-walking-tours-fr-16","8":"product_cat-turin-fr","10":"first","11":"instock","12":"shipping-taxable","13":"purchasable","14":"product-type-simple"},"acf":[],"yoast_head":"<!-- This site is optimized with the Yoast SEO Premium plugin v25.3.1 (Yoast SEO v25.3.1) - https:\/\/yoast.com\/wordpress\/plugins\/seo\/ -->\n<title>Visite priv\u00e9e \u00e0 pied du mus\u00e9e \u00e9gyptien avec un guide local<\/title>\n<meta name=\"description\" content=\"Profitez au maximum de votre s\u00e9jour \u00e0 Turin et visitez, avec votre guide officiel priv\u00e9, le plus ancien mus\u00e9e \u00e9gyptien du monde. Billet d&#039;entr\u00e9e inclus.\" \/>\n<meta name=\"robots\" content=\"index, follow, max-snippet:-1, max-image-preview:large, max-video-preview:-1\" \/>\n<link rel=\"canonical\" href=\"https:\/\/tourtravelandmore.com\/fr\/tours\/italie-fr\/turin-fr\/visite-privee-a-pied-du-musee-egyptien\/\" \/>\n<meta property=\"og:locale\" content=\"fr_FR\" \/>\n<meta property=\"og:type\" content=\"article\" \/>\n<meta property=\"og:title\" content=\"Visite priv\u00e9e \u00e0 pied du mus\u00e9e \u00e9gyptien\" \/>\n<meta property=\"og:description\" content=\"Profitez au maximum de votre s\u00e9jour \u00e0 Turin et visitez, avec votre guide officiel priv\u00e9, le plus ancien mus\u00e9e \u00e9gyptien du monde. Billet d&#039;entr\u00e9e inclus.\" \/>\n<meta property=\"og:url\" content=\"https:\/\/tourtravelandmore.com\/fr\/tours\/italie-fr\/turin-fr\/visite-privee-a-pied-du-musee-egyptien\/\" \/>\n<meta property=\"og:site_name\" content=\"Tour Travel And More\" \/>\n<meta property=\"article:publisher\" content=\"https:\/\/www.facebook.com\/tourtravelandmore\/\" \/>\n<meta property=\"article:modified_time\" content=\"2024-07-23T15:33:45+00:00\" \/>\n<meta property=\"og:image\" content=\"https:\/\/tourtravelandmore.com\/wp-content\/uploads\/2018\/04\/torino-2914056_960_720.jpg\" \/>\n\t<meta property=\"og:image:width\" content=\"960\" \/>\n\t<meta property=\"og:image:height\" content=\"540\" \/>\n\t<meta property=\"og:image:type\" content=\"image\/jpeg\" \/>\n<meta name=\"twitter:card\" content=\"summary_large_image\" \/>\n<meta name=\"twitter:site\" content=\"@TourTravel_More\" \/>\n<meta name=\"twitter:label1\" content=\"Dur\u00e9e de lecture estim\u00e9e\" \/>\n\t<meta name=\"twitter:data1\" content=\"2 minutes\" \/>\n<script type=\"application\/ld+json\" class=\"yoast-schema-graph\">{\"@context\":\"https:\/\/schema.org\",\"@graph\":[{\"@type\":\"WebPage\",\"@id\":\"https:\/\/tourtravelandmore.com\/fr\/tours\/italie-fr\/turin-fr\/visite-privee-a-pied-du-musee-egyptien\/\",\"url\":\"https:\/\/tourtravelandmore.com\/fr\/tours\/italie-fr\/turin-fr\/visite-privee-a-pied-du-musee-egyptien\/\",\"name\":\"Visite priv\u00e9e \u00e0 pied du mus\u00e9e \u00e9gyptien avec un guide local\",\"isPartOf\":{\"@id\":\"https:\/\/tourtravelandmore.com\/fr\/#website\"},\"primaryImageOfPage\":{\"@id\":\"https:\/\/tourtravelandmore.com\/fr\/tours\/italie-fr\/turin-fr\/visite-privee-a-pied-du-musee-egyptien\/#primaryimage\"},\"image\":{\"@id\":\"https:\/\/tourtravelandmore.com\/fr\/tours\/italie-fr\/turin-fr\/visite-privee-a-pied-du-musee-egyptien\/#primaryimage\"},\"thumbnailUrl\":\"https:\/\/tourtravelandmore.com\/wp-content\/uploads\/2018\/04\/torino-2914056_960_720.jpg\",\"datePublished\":\"2018-04-06T13:04:10+00:00\",\"dateModified\":\"2024-07-23T15:33:45+00:00\",\"description\":\"Profitez au maximum de votre s\u00e9jour \u00e0 Turin et visitez, avec votre guide officiel priv\u00e9, le plus ancien mus\u00e9e \u00e9gyptien du monde. Billet d'entr\u00e9e inclus.\",\"breadcrumb\":{\"@id\":\"https:\/\/tourtravelandmore.com\/fr\/tours\/italie-fr\/turin-fr\/visite-privee-a-pied-du-musee-egyptien\/#breadcrumb\"},\"inLanguage\":\"fr-FR\",\"potentialAction\":[{\"@type\":\"ReadAction\",\"target\":[\"https:\/\/tourtravelandmore.com\/fr\/tours\/italie-fr\/turin-fr\/visite-privee-a-pied-du-musee-egyptien\/\"]}]},{\"@type\":\"ImageObject\",\"inLanguage\":\"fr-FR\",\"@id\":\"https:\/\/tourtravelandmore.com\/fr\/tours\/italie-fr\/turin-fr\/visite-privee-a-pied-du-musee-egyptien\/#primaryimage\",\"url\":\"https:\/\/tourtravelandmore.com\/wp-content\/uploads\/2018\/04\/torino-2914056_960_720.jpg\",\"contentUrl\":\"https:\/\/tourtravelandmore.com\/wp-content\/uploads\/2018\/04\/torino-2914056_960_720.jpg\",\"width\":960,\"height\":540},{\"@type\":\"BreadcrumbList\",\"@id\":\"https:\/\/tourtravelandmore.com\/fr\/tours\/italie-fr\/turin-fr\/visite-privee-a-pied-du-musee-egyptien\/#breadcrumb\",\"itemListElement\":[{\"@type\":\"ListItem\",\"position\":1,\"name\":\"Home\",\"item\":\"https:\/\/tourtravelandmore.com\/fr\/\"},{\"@type\":\"ListItem\",\"position\":2,\"name\":\"Tours\",\"item\":\"https:\/\/tourtravelandmore.com\/fr\/tours\/\"},{\"@type\":\"ListItem\",\"position\":3,\"name\":\"Visite priv\u00e9e \u00e0 pied du mus\u00e9e \u00e9gyptien\"}]},{\"@type\":\"WebSite\",\"@id\":\"https:\/\/tourtravelandmore.com\/fr\/#website\",\"url\":\"https:\/\/tourtravelandmore.com\/fr\/\",\"name\":\"Tour Travel And More\",\"description\":\"Private sightseeing tours and luxury transfers in Spain\",\"publisher\":{\"@id\":\"https:\/\/tourtravelandmore.com\/fr\/#organization\"},\"potentialAction\":[{\"@type\":\"SearchAction\",\"target\":{\"@type\":\"EntryPoint\",\"urlTemplate\":\"https:\/\/tourtravelandmore.com\/fr\/?s={search_term_string}\"},\"query-input\":{\"@type\":\"PropertyValueSpecification\",\"valueRequired\":true,\"valueName\":\"search_term_string\"}}],\"inLanguage\":\"fr-FR\"},{\"@type\":\"Organization\",\"@id\":\"https:\/\/tourtravelandmore.com\/fr\/#organization\",\"name\":\"Tour Travel And More\",\"url\":\"https:\/\/tourtravelandmore.com\/fr\/\",\"logo\":{\"@type\":\"ImageObject\",\"inLanguage\":\"fr-FR\",\"@id\":\"https:\/\/tourtravelandmore.com\/fr\/#\/schema\/logo\/image\/\",\"url\":\"https:\/\/tourtravelandmore.com\/wp-content\/uploads\/2022\/12\/cropped-logo-cabecera-new.png\",\"contentUrl\":\"https:\/\/tourtravelandmore.com\/wp-content\/uploads\/2022\/12\/cropped-logo-cabecera-new.png\",\"width\":430,\"height\":61,\"caption\":\"Tour Travel And More\"},\"image\":{\"@id\":\"https:\/\/tourtravelandmore.com\/fr\/#\/schema\/logo\/image\/\"},\"sameAs\":[\"https:\/\/www.facebook.com\/tourtravelandmore\/\",\"https:\/\/x.com\/TourTravel_More\"]}]}<\/script>\n<!-- \/ Yoast SEO Premium plugin. -->","yoast_head_json":{"title":"Visite priv\u00e9e \u00e0 pied du mus\u00e9e \u00e9gyptien avec un guide local","description":"Profitez au maximum de votre s\u00e9jour \u00e0 Turin et visitez, avec votre guide officiel priv\u00e9, le plus ancien mus\u00e9e \u00e9gyptien du monde. Billet d'entr\u00e9e inclus.","robots":{"index":"index","follow":"follow","max-snippet":"max-snippet:-1","max-image-preview":"max-image-preview:large","max-video-preview":"max-video-preview:-1"},"canonical":"https:\/\/tourtravelandmore.com\/fr\/tours\/italie-fr\/turin-fr\/visite-privee-a-pied-du-musee-egyptien\/","og_locale":"fr_FR","og_type":"article","og_title":"Visite priv\u00e9e \u00e0 pied du mus\u00e9e \u00e9gyptien","og_description":"Profitez au maximum de votre s\u00e9jour \u00e0 Turin et visitez, avec votre guide officiel priv\u00e9, le plus ancien mus\u00e9e \u00e9gyptien du monde. Billet d'entr\u00e9e inclus.","og_url":"https:\/\/tourtravelandmore.com\/fr\/tours\/italie-fr\/turin-fr\/visite-privee-a-pied-du-musee-egyptien\/","og_site_name":"Tour Travel And More","article_publisher":"https:\/\/www.facebook.com\/tourtravelandmore\/","article_modified_time":"2024-07-23T15:33:45+00:00","og_image":[{"width":960,"height":540,"url":"https:\/\/tourtravelandmore.com\/wp-content\/uploads\/2018\/04\/torino-2914056_960_720.jpg","type":"image\/jpeg"}],"twitter_card":"summary_large_image","twitter_site":"@TourTravel_More","twitter_misc":{"Dur\u00e9e de lecture estim\u00e9e":"2 minutes"},"schema":{"@context":"https:\/\/schema.org","@graph":[{"@type":"WebPage","@id":"https:\/\/tourtravelandmore.com\/fr\/tours\/italie-fr\/turin-fr\/visite-privee-a-pied-du-musee-egyptien\/","url":"https:\/\/tourtravelandmore.com\/fr\/tours\/italie-fr\/turin-fr\/visite-privee-a-pied-du-musee-egyptien\/","name":"Visite priv\u00e9e \u00e0 pied du mus\u00e9e \u00e9gyptien avec un guide local","isPartOf":{"@id":"https:\/\/tourtravelandmore.com\/fr\/#website"},"primaryImageOfPage":{"@id":"https:\/\/tourtravelandmore.com\/fr\/tours\/italie-fr\/turin-fr\/visite-privee-a-pied-du-musee-egyptien\/#primaryimage"},"image":{"@id":"https:\/\/tourtravelandmore.com\/fr\/tours\/italie-fr\/turin-fr\/visite-privee-a-pied-du-musee-egyptien\/#primaryimage"},"thumbnailUrl":"https:\/\/tourtravelandmore.com\/wp-content\/uploads\/2018\/04\/torino-2914056_960_720.jpg","datePublished":"2018-04-06T13:04:10+00:00","dateModified":"2024-07-23T15:33:45+00:00","description":"Profitez au maximum de votre s\u00e9jour \u00e0 Turin et visitez, avec votre guide officiel priv\u00e9, le plus ancien mus\u00e9e \u00e9gyptien du monde. Billet d'entr\u00e9e inclus.","breadcrumb":{"@id":"https:\/\/tourtravelandmore.com\/fr\/tours\/italie-fr\/turin-fr\/visite-privee-a-pied-du-musee-egyptien\/#breadcrumb"},"inLanguage":"fr-FR","potentialAction":[{"@type":"ReadAction","target":["https:\/\/tourtravelandmore.com\/fr\/tours\/italie-fr\/turin-fr\/visite-privee-a-pied-du-musee-egyptien\/"]}]},{"@type":"ImageObject","inLanguage":"fr-FR","@id":"https:\/\/tourtravelandmore.com\/fr\/tours\/italie-fr\/turin-fr\/visite-privee-a-pied-du-musee-egyptien\/#primaryimage","url":"https:\/\/tourtravelandmore.com\/wp-content\/uploads\/2018\/04\/torino-2914056_960_720.jpg","contentUrl":"https:\/\/tourtravelandmore.com\/wp-content\/uploads\/2018\/04\/torino-2914056_960_720.jpg","width":960,"height":540},{"@type":"BreadcrumbList","@id":"https:\/\/tourtravelandmore.com\/fr\/tours\/italie-fr\/turin-fr\/visite-privee-a-pied-du-musee-egyptien\/#breadcrumb","itemListElement":[{"@type":"ListItem","position":1,"name":"Home","item":"https:\/\/tourtravelandmore.com\/fr\/"},{"@type":"ListItem","position":2,"name":"Tours","item":"https:\/\/tourtravelandmore.com\/fr\/tours\/"},{"@type":"ListItem","position":3,"name":"Visite priv\u00e9e \u00e0 pied du mus\u00e9e \u00e9gyptien"}]},{"@type":"WebSite","@id":"https:\/\/tourtravelandmore.com\/fr\/#website","url":"https:\/\/tourtravelandmore.com\/fr\/","name":"Tour Travel And More","description":"Private sightseeing tours and luxury transfers in Spain","publisher":{"@id":"https:\/\/tourtravelandmore.com\/fr\/#organization"},"potentialAction":[{"@type":"SearchAction","target":{"@type":"EntryPoint","urlTemplate":"https:\/\/tourtravelandmore.com\/fr\/?s={search_term_string}"},"query-input":{"@type":"PropertyValueSpecification","valueRequired":true,"valueName":"search_term_string"}}],"inLanguage":"fr-FR"},{"@type":"Organization","@id":"https:\/\/tourtravelandmore.com\/fr\/#organization","name":"Tour Travel And More","url":"https:\/\/tourtravelandmore.com\/fr\/","logo":{"@type":"ImageObject","inLanguage":"fr-FR","@id":"https:\/\/tourtravelandmore.com\/fr\/#\/schema\/logo\/image\/","url":"https:\/\/tourtravelandmore.com\/wp-content\/uploads\/2022\/12\/cropped-logo-cabecera-new.png","contentUrl":"https:\/\/tourtravelandmore.com\/wp-content\/uploads\/2022\/12\/cropped-logo-cabecera-new.png","width":430,"height":61,"caption":"Tour Travel And More"},"image":{"@id":"https:\/\/tourtravelandmore.com\/fr\/#\/schema\/logo\/image\/"},"sameAs":["https:\/\/www.facebook.com\/tourtravelandmore\/","https:\/\/x.com\/TourTravel_More"]}]}},"_links":{"self":[{"href":"https:\/\/tourtravelandmore.com\/fr\/wp-json\/wp\/v2\/product\/101243","targetHints":{"allow":["GET"]}}],"collection":[{"href":"https:\/\/tourtravelandmore.com\/fr\/wp-json\/wp\/v2\/product"}],"about":[{"href":"https:\/\/tourtravelandmore.com\/fr\/wp-json\/wp\/v2\/types\/product"}],"replies":[{"embeddable":true,"href":"https:\/\/tourtravelandmore.com\/fr\/wp-json\/wp\/v2\/comments?post=101243"}],"wp:featuredmedia":[{"embeddable":true,"href":"https:\/\/tourtravelandmore.com\/fr\/wp-json\/wp\/v2\/media\/94854"}],"wp:attachment":[{"href":"https:\/\/tourtravelandmore.com\/fr\/wp-json\/wp\/v2\/media?parent=101243"}],"wp:term":[{"taxonomy":"product_brand","embeddable":true,"href":"https:\/\/tourtravelandmore.com\/fr\/wp-json\/wp\/v2\/product_brand?post=101243"},{"taxonomy":"product_cat","embeddable":true,"href":"https:\/\/tourtravelandmore.com\/fr\/wp-json\/wp\/v2\/product_cat?post=101243"},{"taxonomy":"product_tag","embeddable":true,"href":"https:\/\/tourtravelandmore.com\/fr\/wp-json\/wp\/v2\/product_tag?post=101243"}],"curies":[{"name":"wp","href":"https:\/\/api.w.org\/{rel}","templated":true}]}}