{"id":101238,"date":"2018-04-06T13:55:49","date_gmt":"2018-04-06T11:55:49","guid":{"rendered":"https:\/\/tourtravelandmore.com\/tours\/non%20class\u00e9\/visite-privee-a-pied-de-turin\/"},"modified":"2024-07-05T18:50:17","modified_gmt":"2024-07-05T16:50:17","slug":"visite-privee-a-pied-de-turin","status":"publish","type":"product","link":"https:\/\/tourtravelandmore.com\/fr\/tours\/italie-fr\/turin-fr\/visite-privee-a-pied-de-turin\/","title":{"rendered":"Visite priv\u00e9e \u00e0 pied de Turin"},"content":{"rendered":"<h2>Description<\/h2>\n<p>Profitez de la grande architecture de Turin et des sites magnifiques lors de cette visite priv\u00e9e \u00e0 pied de Turin. Vous aurez \u00e0 votre enti\u00e8re disposition un guide priv\u00e9 officiel pour une visite guid\u00e9e de 3 heures.<\/p>\n<p>Turin est la capitale de la r\u00e9gion du Pi\u00e9mont. C&#8217;\u00e9tait l&#8217;ancienne demeure du royaume de Savoie. L&#8217;architecte tr\u00e8s connu Le Corbusier a d\u00e9fini Turin comme \u00abla ville avec le plus bel emplacement naturel du monde\u00bb.<\/p>\n<p>Cette ville amazonienne a \u00e9t\u00e9 la premi\u00e8re capitale de l&#8217;Italie moderne, et elle est tr\u00e8s connue pour son style aristocratique et baroque.<\/p>\n<p>Comme toutes nos visites, cette visite priv\u00e9e \u00e0 pied de Turin est une visite enti\u00e8rement personnalis\u00e9e. Nous sommes en mesure de l&#8217;organiser en fonction de vos besoins et d\u00e9sirs personnels. Si vous avez quelque chose \u00e0 l&#8217;esprit, faites-le nous savoir et nous ferons de notre mieux pour l&#8217;organiser lors de votre visite priv\u00e9e.<\/p>\n<p>Vous pouvez \u00e9galement visiter Turin depuis d&#8217;autres villes italiennes, jetez un \u0153il \u00e0 notre visite priv\u00e9e d&#8217;une journ\u00e9e compl\u00e8te de Turin au d\u00e9part de Milan.<\/p>\n<h2>Sites d&#8217;int\u00e9r\u00eat et points de rep\u00e8re<\/h2>\n<p>Turin est l&#8217;une des plus belles villes du nord de l&#8217;Italie. Il a accueilli les Jeux olympiques d&#8217;hiver en 2006, o\u00f9 la ville a re\u00e7u de nouveaux visiteurs et a \u00e9t\u00e9 acclam\u00e9e comme l&#8217;un des meilleurs h\u00f4tes de jeux jamais organis\u00e9s.<\/p>\n<p>La ville offre une tr\u00e8s belle architecture baroque, une grande gastronomie et une offre tr\u00e8s riche de mus\u00e9es et de monuments.<\/p>\n<p>Tout d&#8217;abord, votre guide officiel priv\u00e9 viendra vous chercher \u00e0 votre h\u00f4tel situ\u00e9 au centre \u00e0 l&#8217;heure souhait\u00e9e. Vous appr\u00e9cierez, en apprenant \u00e0 conna\u00eetre les sites les plus embl\u00e9matiques et repr\u00e9sentatifs de la ville.<\/p>\n<p>Entre autres monuments et sites touristiques, vous pouvez apprendre \u00e0 conna\u00eetre:<\/p>\n<ul>\n<li>Palais royal<\/li>\n<li>Mole Antonelliana<\/li>\n<li>Mus\u00e9e \u00e9gyptien<\/li>\n<li>Cath\u00e9drale de San Lorenzo<\/li>\n<li>Palais Madama<\/li>\n<li>Piazza Castello<\/li>\n<li>Palais Carignano<\/li>\n<li>Beaucoup plus!<\/li>\n<\/ul>\n<p>Nous pouvons \u00e9galement inclure des billets d&#8217;entr\u00e9e pour tout monument ou mus\u00e9e que vous souhaitez visiter. Il s&#8217;agit d&#8217;une visite priv\u00e9e et personnalis\u00e9e compl\u00e8te rien que pour vous et votre groupe.<\/p>\n<p>Enfin, une fois la visite \u00e0 pied termin\u00e9e, votre guide officiel priv\u00e9 vous d\u00e9posera dans un lieu central de la ville.<\/p>\n","protected":false},"excerpt":{"rendered":"<p>Turin est une ville italienne incroyable qui vaut la peine d&#8217;\u00eatre visit\u00e9e. Venez avec nous lors de cette visite priv\u00e9e \u00e0 pied de Turin et visitez chaque recoin de cette ville authentique. Ne manquez pas les monuments et sites comme la Mole Antonelliana, le Palazzo Reale et bien plus encore !.<\/p>\n","protected":false},"featured_media":95863,"comment_status":"open","ping_status":"closed","template":"","meta":{"_acf_changed":false},"product_brand":[],"product_cat":[5415,5416,3699],"product_tag":[],"class_list":{"0":"post-101238","1":"product","2":"type-product","3":"status-publish","4":"has-post-thumbnail","6":"product_cat-all-private-tours-activities-fr-31","7":"product_cat-private-walking-tours-fr-16","8":"product_cat-turin-fr","10":"first","11":"instock","12":"shipping-taxable","13":"purchasable","14":"product-type-simple"},"acf":[],"yoast_head":"<!-- This site is optimized with the Yoast SEO Premium plugin v25.3.1 (Yoast SEO v25.3.1) - https:\/\/yoast.com\/wordpress\/plugins\/seo\/ -->\n<title>Visite priv\u00e9e \u00e0 pied de Turin avec guide officiel priv\u00e9<\/title>\n<meta name=\"description\" content=\"Profitez de la superbe architecture de Turin et des sites magnifiques lors de cette visite priv\u00e9e \u00e0 pied avec votre propre guide officiel priv\u00e9.\" \/>\n<meta name=\"robots\" content=\"index, follow, max-snippet:-1, max-image-preview:large, max-video-preview:-1\" \/>\n<link rel=\"canonical\" href=\"https:\/\/tourtravelandmore.com\/fr\/tours\/italie-fr\/turin-fr\/visite-privee-a-pied-de-turin\/\" \/>\n<meta property=\"og:locale\" content=\"fr_FR\" \/>\n<meta property=\"og:type\" content=\"article\" \/>\n<meta property=\"og:title\" content=\"Visite priv\u00e9e \u00e0 pied de Turin\" \/>\n<meta property=\"og:description\" content=\"Profitez de la superbe architecture de Turin et des sites magnifiques lors de cette visite priv\u00e9e \u00e0 pied avec votre propre guide officiel priv\u00e9.\" \/>\n<meta property=\"og:url\" content=\"https:\/\/tourtravelandmore.com\/fr\/tours\/italie-fr\/turin-fr\/visite-privee-a-pied-de-turin\/\" \/>\n<meta property=\"og:site_name\" content=\"Tour Travel And More\" \/>\n<meta property=\"article:publisher\" content=\"https:\/\/www.facebook.com\/tourtravelandmore\/\" \/>\n<meta property=\"article:modified_time\" content=\"2024-07-05T16:50:17+00:00\" \/>\n<meta property=\"og:image\" content=\"https:\/\/tourtravelandmore.com\/wp-content\/uploads\/2018\/04\/Turin2.jpg\" \/>\n\t<meta property=\"og:image:width\" content=\"800\" \/>\n\t<meta property=\"og:image:height\" content=\"535\" \/>\n\t<meta property=\"og:image:type\" content=\"image\/jpeg\" \/>\n<meta name=\"twitter:card\" content=\"summary_large_image\" \/>\n<meta name=\"twitter:site\" content=\"@TourTravel_More\" \/>\n<meta name=\"twitter:label1\" content=\"Dur\u00e9e de lecture estim\u00e9e\" \/>\n\t<meta name=\"twitter:data1\" content=\"2 minutes\" \/>\n<script type=\"application\/ld+json\" class=\"yoast-schema-graph\">{\"@context\":\"https:\/\/schema.org\",\"@graph\":[{\"@type\":\"WebPage\",\"@id\":\"https:\/\/tourtravelandmore.com\/fr\/tours\/italie-fr\/turin-fr\/visite-privee-a-pied-de-turin\/\",\"url\":\"https:\/\/tourtravelandmore.com\/fr\/tours\/italie-fr\/turin-fr\/visite-privee-a-pied-de-turin\/\",\"name\":\"Visite priv\u00e9e \u00e0 pied de Turin avec guide officiel priv\u00e9\",\"isPartOf\":{\"@id\":\"https:\/\/tourtravelandmore.com\/fr\/#website\"},\"primaryImageOfPage\":{\"@id\":\"https:\/\/tourtravelandmore.com\/fr\/tours\/italie-fr\/turin-fr\/visite-privee-a-pied-de-turin\/#primaryimage\"},\"image\":{\"@id\":\"https:\/\/tourtravelandmore.com\/fr\/tours\/italie-fr\/turin-fr\/visite-privee-a-pied-de-turin\/#primaryimage\"},\"thumbnailUrl\":\"https:\/\/tourtravelandmore.com\/wp-content\/uploads\/2018\/04\/Turin2.jpg\",\"datePublished\":\"2018-04-06T11:55:49+00:00\",\"dateModified\":\"2024-07-05T16:50:17+00:00\",\"description\":\"Profitez de la superbe architecture de Turin et des sites magnifiques lors de cette visite priv\u00e9e \u00e0 pied avec votre propre guide officiel priv\u00e9.\",\"breadcrumb\":{\"@id\":\"https:\/\/tourtravelandmore.com\/fr\/tours\/italie-fr\/turin-fr\/visite-privee-a-pied-de-turin\/#breadcrumb\"},\"inLanguage\":\"fr-FR\",\"potentialAction\":[{\"@type\":\"ReadAction\",\"target\":[\"https:\/\/tourtravelandmore.com\/fr\/tours\/italie-fr\/turin-fr\/visite-privee-a-pied-de-turin\/\"]}]},{\"@type\":\"ImageObject\",\"inLanguage\":\"fr-FR\",\"@id\":\"https:\/\/tourtravelandmore.com\/fr\/tours\/italie-fr\/turin-fr\/visite-privee-a-pied-de-turin\/#primaryimage\",\"url\":\"https:\/\/tourtravelandmore.com\/wp-content\/uploads\/2018\/04\/Turin2.jpg\",\"contentUrl\":\"https:\/\/tourtravelandmore.com\/wp-content\/uploads\/2018\/04\/Turin2.jpg\",\"width\":800,\"height\":535},{\"@type\":\"BreadcrumbList\",\"@id\":\"https:\/\/tourtravelandmore.com\/fr\/tours\/italie-fr\/turin-fr\/visite-privee-a-pied-de-turin\/#breadcrumb\",\"itemListElement\":[{\"@type\":\"ListItem\",\"position\":1,\"name\":\"Home\",\"item\":\"https:\/\/tourtravelandmore.com\/fr\/\"},{\"@type\":\"ListItem\",\"position\":2,\"name\":\"Tours\",\"item\":\"https:\/\/tourtravelandmore.com\/fr\/tours\/\"},{\"@type\":\"ListItem\",\"position\":3,\"name\":\"Visite priv\u00e9e \u00e0 pied de Turin\"}]},{\"@type\":\"WebSite\",\"@id\":\"https:\/\/tourtravelandmore.com\/fr\/#website\",\"url\":\"https:\/\/tourtravelandmore.com\/fr\/\",\"name\":\"Tour Travel And More\",\"description\":\"Private sightseeing tours and luxury transfers in Spain\",\"publisher\":{\"@id\":\"https:\/\/tourtravelandmore.com\/fr\/#organization\"},\"potentialAction\":[{\"@type\":\"SearchAction\",\"target\":{\"@type\":\"EntryPoint\",\"urlTemplate\":\"https:\/\/tourtravelandmore.com\/fr\/?s={search_term_string}\"},\"query-input\":{\"@type\":\"PropertyValueSpecification\",\"valueRequired\":true,\"valueName\":\"search_term_string\"}}],\"inLanguage\":\"fr-FR\"},{\"@type\":\"Organization\",\"@id\":\"https:\/\/tourtravelandmore.com\/fr\/#organization\",\"name\":\"Tour Travel And More\",\"url\":\"https:\/\/tourtravelandmore.com\/fr\/\",\"logo\":{\"@type\":\"ImageObject\",\"inLanguage\":\"fr-FR\",\"@id\":\"https:\/\/tourtravelandmore.com\/fr\/#\/schema\/logo\/image\/\",\"url\":\"https:\/\/tourtravelandmore.com\/wp-content\/uploads\/2022\/12\/cropped-logo-cabecera-new.png\",\"contentUrl\":\"https:\/\/tourtravelandmore.com\/wp-content\/uploads\/2022\/12\/cropped-logo-cabecera-new.png\",\"width\":430,\"height\":61,\"caption\":\"Tour Travel And More\"},\"image\":{\"@id\":\"https:\/\/tourtravelandmore.com\/fr\/#\/schema\/logo\/image\/\"},\"sameAs\":[\"https:\/\/www.facebook.com\/tourtravelandmore\/\",\"https:\/\/x.com\/TourTravel_More\"]}]}<\/script>\n<!-- \/ Yoast SEO Premium plugin. -->","yoast_head_json":{"title":"Visite priv\u00e9e \u00e0 pied de Turin avec guide officiel priv\u00e9","description":"Profitez de la superbe architecture de Turin et des sites magnifiques lors de cette visite priv\u00e9e \u00e0 pied avec votre propre guide officiel priv\u00e9.","robots":{"index":"index","follow":"follow","max-snippet":"max-snippet:-1","max-image-preview":"max-image-preview:large","max-video-preview":"max-video-preview:-1"},"canonical":"https:\/\/tourtravelandmore.com\/fr\/tours\/italie-fr\/turin-fr\/visite-privee-a-pied-de-turin\/","og_locale":"fr_FR","og_type":"article","og_title":"Visite priv\u00e9e \u00e0 pied de Turin","og_description":"Profitez de la superbe architecture de Turin et des sites magnifiques lors de cette visite priv\u00e9e \u00e0 pied avec votre propre guide officiel priv\u00e9.","og_url":"https:\/\/tourtravelandmore.com\/fr\/tours\/italie-fr\/turin-fr\/visite-privee-a-pied-de-turin\/","og_site_name":"Tour Travel And More","article_publisher":"https:\/\/www.facebook.com\/tourtravelandmore\/","article_modified_time":"2024-07-05T16:50:17+00:00","og_image":[{"width":800,"height":535,"url":"https:\/\/tourtravelandmore.com\/wp-content\/uploads\/2018\/04\/Turin2.jpg","type":"image\/jpeg"}],"twitter_card":"summary_large_image","twitter_site":"@TourTravel_More","twitter_misc":{"Dur\u00e9e de lecture estim\u00e9e":"2 minutes"},"schema":{"@context":"https:\/\/schema.org","@graph":[{"@type":"WebPage","@id":"https:\/\/tourtravelandmore.com\/fr\/tours\/italie-fr\/turin-fr\/visite-privee-a-pied-de-turin\/","url":"https:\/\/tourtravelandmore.com\/fr\/tours\/italie-fr\/turin-fr\/visite-privee-a-pied-de-turin\/","name":"Visite priv\u00e9e \u00e0 pied de Turin avec guide officiel priv\u00e9","isPartOf":{"@id":"https:\/\/tourtravelandmore.com\/fr\/#website"},"primaryImageOfPage":{"@id":"https:\/\/tourtravelandmore.com\/fr\/tours\/italie-fr\/turin-fr\/visite-privee-a-pied-de-turin\/#primaryimage"},"image":{"@id":"https:\/\/tourtravelandmore.com\/fr\/tours\/italie-fr\/turin-fr\/visite-privee-a-pied-de-turin\/#primaryimage"},"thumbnailUrl":"https:\/\/tourtravelandmore.com\/wp-content\/uploads\/2018\/04\/Turin2.jpg","datePublished":"2018-04-06T11:55:49+00:00","dateModified":"2024-07-05T16:50:17+00:00","description":"Profitez de la superbe architecture de Turin et des sites magnifiques lors de cette visite priv\u00e9e \u00e0 pied avec votre propre guide officiel priv\u00e9.","breadcrumb":{"@id":"https:\/\/tourtravelandmore.com\/fr\/tours\/italie-fr\/turin-fr\/visite-privee-a-pied-de-turin\/#breadcrumb"},"inLanguage":"fr-FR","potentialAction":[{"@type":"ReadAction","target":["https:\/\/tourtravelandmore.com\/fr\/tours\/italie-fr\/turin-fr\/visite-privee-a-pied-de-turin\/"]}]},{"@type":"ImageObject","inLanguage":"fr-FR","@id":"https:\/\/tourtravelandmore.com\/fr\/tours\/italie-fr\/turin-fr\/visite-privee-a-pied-de-turin\/#primaryimage","url":"https:\/\/tourtravelandmore.com\/wp-content\/uploads\/2018\/04\/Turin2.jpg","contentUrl":"https:\/\/tourtravelandmore.com\/wp-content\/uploads\/2018\/04\/Turin2.jpg","width":800,"height":535},{"@type":"BreadcrumbList","@id":"https:\/\/tourtravelandmore.com\/fr\/tours\/italie-fr\/turin-fr\/visite-privee-a-pied-de-turin\/#breadcrumb","itemListElement":[{"@type":"ListItem","position":1,"name":"Home","item":"https:\/\/tourtravelandmore.com\/fr\/"},{"@type":"ListItem","position":2,"name":"Tours","item":"https:\/\/tourtravelandmore.com\/fr\/tours\/"},{"@type":"ListItem","position":3,"name":"Visite priv\u00e9e \u00e0 pied de Turin"}]},{"@type":"WebSite","@id":"https:\/\/tourtravelandmore.com\/fr\/#website","url":"https:\/\/tourtravelandmore.com\/fr\/","name":"Tour Travel And More","description":"Private sightseeing tours and luxury transfers in Spain","publisher":{"@id":"https:\/\/tourtravelandmore.com\/fr\/#organization"},"potentialAction":[{"@type":"SearchAction","target":{"@type":"EntryPoint","urlTemplate":"https:\/\/tourtravelandmore.com\/fr\/?s={search_term_string}"},"query-input":{"@type":"PropertyValueSpecification","valueRequired":true,"valueName":"search_term_string"}}],"inLanguage":"fr-FR"},{"@type":"Organization","@id":"https:\/\/tourtravelandmore.com\/fr\/#organization","name":"Tour Travel And More","url":"https:\/\/tourtravelandmore.com\/fr\/","logo":{"@type":"ImageObject","inLanguage":"fr-FR","@id":"https:\/\/tourtravelandmore.com\/fr\/#\/schema\/logo\/image\/","url":"https:\/\/tourtravelandmore.com\/wp-content\/uploads\/2022\/12\/cropped-logo-cabecera-new.png","contentUrl":"https:\/\/tourtravelandmore.com\/wp-content\/uploads\/2022\/12\/cropped-logo-cabecera-new.png","width":430,"height":61,"caption":"Tour Travel And More"},"image":{"@id":"https:\/\/tourtravelandmore.com\/fr\/#\/schema\/logo\/image\/"},"sameAs":["https:\/\/www.facebook.com\/tourtravelandmore\/","https:\/\/x.com\/TourTravel_More"]}]}},"_links":{"self":[{"href":"https:\/\/tourtravelandmore.com\/fr\/wp-json\/wp\/v2\/product\/101238","targetHints":{"allow":["GET"]}}],"collection":[{"href":"https:\/\/tourtravelandmore.com\/fr\/wp-json\/wp\/v2\/product"}],"about":[{"href":"https:\/\/tourtravelandmore.com\/fr\/wp-json\/wp\/v2\/types\/product"}],"replies":[{"embeddable":true,"href":"https:\/\/tourtravelandmore.com\/fr\/wp-json\/wp\/v2\/comments?post=101238"}],"wp:featuredmedia":[{"embeddable":true,"href":"https:\/\/tourtravelandmore.com\/fr\/wp-json\/wp\/v2\/media\/95863"}],"wp:attachment":[{"href":"https:\/\/tourtravelandmore.com\/fr\/wp-json\/wp\/v2\/media?parent=101238"}],"wp:term":[{"taxonomy":"product_brand","embeddable":true,"href":"https:\/\/tourtravelandmore.com\/fr\/wp-json\/wp\/v2\/product_brand?post=101238"},{"taxonomy":"product_cat","embeddable":true,"href":"https:\/\/tourtravelandmore.com\/fr\/wp-json\/wp\/v2\/product_cat?post=101238"},{"taxonomy":"product_tag","embeddable":true,"href":"https:\/\/tourtravelandmore.com\/fr\/wp-json\/wp\/v2\/product_tag?post=101238"}],"curies":[{"name":"wp","href":"https:\/\/api.w.org\/{rel}","templated":true}]}}