{"id":101233,"date":"2018-04-04T14:41:35","date_gmt":"2018-04-04T12:41:35","guid":{"rendered":"https:\/\/tourtravelandmore.com\/tours\/non%20class\u00e9\/visite-privee-de-turin-au-depart-de-milan\/"},"modified":"2022-04-01T12:34:41","modified_gmt":"2022-04-01T10:34:41","slug":"visite-privee-de-turin-au-depart-de-milan","status":"publish","type":"product","link":"https:\/\/tourtravelandmore.com\/fr\/tours\/italie-fr\/turin-fr\/visite-privee-de-turin-au-depart-de-milan\/","title":{"rendered":"Visite priv\u00e9e de Turin au d\u00e9part de Milan"},"content":{"rendered":"<h2>Description<\/h2>\n<p>Turin est l&#8217;une des plus belles villes d&#8217;Italie. Est la capitale de la r\u00e9gion du Pi\u00e9mont et c&#8217;\u00e9tait la premi\u00e8re capitale de l&#8217;Italie moderne. Profitez de cette visite priv\u00e9e de Turin au d\u00e9part de Milan avec un chauffeur priv\u00e9 et un guide local.<\/p>\n<p>La ville de Turin \u00e9tait l&#8217;ancienne demeure du royaume de Savoie. La ville a accueilli les Jeux Olympiques d&#8217;hiver en 2006. L&#8217;architecte tr\u00e8s connu Le Corbusier a d\u00e9fini Turin comme &#8220;la ville avec le plus bel emplacement naturel du monde&#8221;.<\/p>\n<p>Cette visite priv\u00e9e de Turin au d\u00e9part de Milan se d\u00e9roulera dans un v\u00e9hicule de luxe priv\u00e9. La prise en charge se fera \u00e0 votre h\u00f4tel ou lieu de votre choix \u00e0 Milan \u00e0 l&#8217;heure souhait\u00e9e. Votre chauffeur priv\u00e9 sera \u00e0 votre enti\u00e8re disposition pendant toute la dur\u00e9e du circuit.<\/p>\n<p>Nous avons plusieurs options de visites priv\u00e9es dans et depuis Milan, jetez un \u0153il \u00e0 notre liste priv\u00e9e de visites et d&#8217;excursions.<\/p>\n<h2>Sites d&#8217;int\u00e9r\u00eat et points de rep\u00e8re<\/h2>\n<p>Tout d&#8217;abord, votre chauffeur priv\u00e9 viendra vous chercher \u00e0 votre h\u00f4tel ou lieu de votre choix \u00e0 Milan et vous conduira vers Turin. Nous offrons \u00e9galement la possibilit\u00e9 de prendre un train rapide de Milan \u00e0 Turin et de rencontrer votre guide priv\u00e9 \u00e0 la gare de Turin.<\/p>\n<p>Une fois arriv\u00e9 \u00e0 Turin, ville consid\u00e9r\u00e9e comme la capitale du style baroque, vous rencontrerez votre guide officiel priv\u00e9. Il vous attendra \u00e0 Turin pour vous montrer les sites les plus embl\u00e9matiques et repr\u00e9sentatifs de la ville. Il est possible d&#8217;organiser la dur\u00e9e exacte de la visite en fonction de vos besoins personnels.<\/p>\n<p>Entre autres, vous pourrez profiter:<\/p>\n<ul>\n<li>Mole Antonelliana<\/li>\n<li>Palais royal<\/li>\n<li>Mus\u00e9e \u00e9gyptien<\/li>\n<li>Palazo Madama<\/li>\n<li>Basilique de Superga<\/li>\n<li>Cath\u00e9drale de Turin<\/li>\n<li>Piazza Castello<\/li>\n<li>Tellement plus!<\/li>\n<\/ul>\n<p>Nous pouvons inclure des billets d&#8217;entr\u00e9e pour tout monument ou mus\u00e9e que vous souhaitez visiter. Il vous suffit de nous contacter et de nous dire ce que vous comptez visiter lors de cette visite priv\u00e9e.<\/p>\n<p>Votre guide officiel peut vous recommander un tr\u00e8s bon restaurant pour le d\u00e9jeuner. Nous vous donnons \u00e9galement la possibilit\u00e9 de faire une r\u00e9servation pour vous.<\/p>\n<p>Enfin, \u00e0 la fin de la visite, votre chauffeur priv\u00e9 vous ram\u00e8nera \u00e0 votre h\u00f4tel ou point de d\u00e9part \u00e0 Milan.<\/p>\n","protected":false},"excerpt":{"rendered":"<p>Profitez de vos journ\u00e9es \u00e0 Milan et d\u00e9couvrez la belle ville de Turin et tout ce qu&#8217;elle a \u00e0 offrir \u00e0 c\u00f4t\u00e9 de votre guide officiel priv\u00e9 et confortablement dans votre v\u00e9hicule de luxe priv\u00e9 avec un chauffeur s\u00e9par\u00e9. Entre autres, vous appr\u00e9cierez le mus\u00e9e \u00e9gyptien, la Piazza Castello, la Mole Antonelliana et bien d&#8217;autres!<\/p>\n","protected":false},"featured_media":120275,"comment_status":"open","ping_status":"closed","template":"","meta":{"_acf_changed":false},"product_brand":[],"product_cat":[3700,3699],"product_tag":[],"class_list":{"0":"post-101233","1":"product","2":"type-product","3":"status-publish","4":"has-post-thumbnail","6":"product_cat-milan-fr","7":"product_cat-turin-fr","9":"first","10":"instock","11":"shipping-taxable","12":"purchasable","13":"product-type-simple"},"acf":[],"yoast_head":"<!-- This site is optimized with the Yoast SEO Premium plugin v25.3.1 (Yoast SEO v25.3.1) - https:\/\/yoast.com\/wordpress\/plugins\/seo\/ -->\n<title>Visite priv\u00e9e d&#039;une journ\u00e9e compl\u00e8te de Turin au d\u00e9part de Milan en v\u00e9hicule de luxe priv\u00e9<\/title>\n<meta name=\"description\" content=\"Profitez de cette visite priv\u00e9e de Turin au d\u00e9part de Milan et d\u00e9couvrez l&#039;une des plus belles villes du nord de l&#039;Italie. Vous rencontrerez votre guide priv\u00e9 \u00e0 Turin.\" \/>\n<meta name=\"robots\" content=\"index, follow, max-snippet:-1, max-image-preview:large, max-video-preview:-1\" \/>\n<link rel=\"canonical\" href=\"https:\/\/tourtravelandmore.com\/fr\/tours\/italie-fr\/turin-fr\/visite-privee-de-turin-au-depart-de-milan\/\" \/>\n<meta property=\"og:locale\" content=\"fr_FR\" \/>\n<meta property=\"og:type\" content=\"article\" \/>\n<meta property=\"og:title\" content=\"Visite priv\u00e9e de Turin au d\u00e9part de Milan\" \/>\n<meta property=\"og:description\" content=\"Profitez de cette visite priv\u00e9e de Turin au d\u00e9part de Milan et d\u00e9couvrez l&#039;une des plus belles villes du nord de l&#039;Italie. Vous rencontrerez votre guide priv\u00e9 \u00e0 Turin.\" \/>\n<meta property=\"og:url\" content=\"https:\/\/tourtravelandmore.com\/fr\/tours\/italie-fr\/turin-fr\/visite-privee-de-turin-au-depart-de-milan\/\" \/>\n<meta property=\"og:site_name\" content=\"Tour Travel And More\" \/>\n<meta property=\"article:publisher\" content=\"https:\/\/www.facebook.com\/tourtravelandmore\/\" \/>\n<meta property=\"article:modified_time\" content=\"2022-04-01T10:34:41+00:00\" \/>\n<meta property=\"og:image\" content=\"https:\/\/tourtravelandmore.com\/wp-content\/uploads\/2018\/04\/image12.jpg\" \/>\n\t<meta property=\"og:image:width\" content=\"917\" \/>\n\t<meta property=\"og:image:height\" content=\"692\" \/>\n\t<meta property=\"og:image:type\" content=\"image\/jpeg\" \/>\n<meta name=\"twitter:card\" content=\"summary_large_image\" \/>\n<meta name=\"twitter:site\" content=\"@TourTravel_More\" \/>\n<meta name=\"twitter:label1\" content=\"Dur\u00e9e de lecture estim\u00e9e\" \/>\n\t<meta name=\"twitter:data1\" content=\"2 minutes\" \/>\n<script type=\"application\/ld+json\" class=\"yoast-schema-graph\">{\"@context\":\"https:\/\/schema.org\",\"@graph\":[{\"@type\":\"WebPage\",\"@id\":\"https:\/\/tourtravelandmore.com\/fr\/tours\/italie-fr\/turin-fr\/visite-privee-de-turin-au-depart-de-milan\/\",\"url\":\"https:\/\/tourtravelandmore.com\/fr\/tours\/italie-fr\/turin-fr\/visite-privee-de-turin-au-depart-de-milan\/\",\"name\":\"Visite priv\u00e9e d'une journ\u00e9e compl\u00e8te de Turin au d\u00e9part de Milan en v\u00e9hicule de luxe priv\u00e9\",\"isPartOf\":{\"@id\":\"https:\/\/tourtravelandmore.com\/fr\/#website\"},\"primaryImageOfPage\":{\"@id\":\"https:\/\/tourtravelandmore.com\/fr\/tours\/italie-fr\/turin-fr\/visite-privee-de-turin-au-depart-de-milan\/#primaryimage\"},\"image\":{\"@id\":\"https:\/\/tourtravelandmore.com\/fr\/tours\/italie-fr\/turin-fr\/visite-privee-de-turin-au-depart-de-milan\/#primaryimage\"},\"thumbnailUrl\":\"https:\/\/tourtravelandmore.com\/wp-content\/uploads\/2018\/04\/image12.jpg\",\"datePublished\":\"2018-04-04T12:41:35+00:00\",\"dateModified\":\"2022-04-01T10:34:41+00:00\",\"description\":\"Profitez de cette visite priv\u00e9e de Turin au d\u00e9part de Milan et d\u00e9couvrez l'une des plus belles villes du nord de l'Italie. Vous rencontrerez votre guide priv\u00e9 \u00e0 Turin.\",\"breadcrumb\":{\"@id\":\"https:\/\/tourtravelandmore.com\/fr\/tours\/italie-fr\/turin-fr\/visite-privee-de-turin-au-depart-de-milan\/#breadcrumb\"},\"inLanguage\":\"fr-FR\",\"potentialAction\":[{\"@type\":\"ReadAction\",\"target\":[\"https:\/\/tourtravelandmore.com\/fr\/tours\/italie-fr\/turin-fr\/visite-privee-de-turin-au-depart-de-milan\/\"]}]},{\"@type\":\"ImageObject\",\"inLanguage\":\"fr-FR\",\"@id\":\"https:\/\/tourtravelandmore.com\/fr\/tours\/italie-fr\/turin-fr\/visite-privee-de-turin-au-depart-de-milan\/#primaryimage\",\"url\":\"https:\/\/tourtravelandmore.com\/wp-content\/uploads\/2018\/04\/image12.jpg\",\"contentUrl\":\"https:\/\/tourtravelandmore.com\/wp-content\/uploads\/2018\/04\/image12.jpg\",\"width\":917,\"height\":692},{\"@type\":\"BreadcrumbList\",\"@id\":\"https:\/\/tourtravelandmore.com\/fr\/tours\/italie-fr\/turin-fr\/visite-privee-de-turin-au-depart-de-milan\/#breadcrumb\",\"itemListElement\":[{\"@type\":\"ListItem\",\"position\":1,\"name\":\"Home\",\"item\":\"https:\/\/tourtravelandmore.com\/fr\/\"},{\"@type\":\"ListItem\",\"position\":2,\"name\":\"Tours\",\"item\":\"https:\/\/tourtravelandmore.com\/fr\/tours\/\"},{\"@type\":\"ListItem\",\"position\":3,\"name\":\"Visite priv\u00e9e de Turin au d\u00e9part de Milan\"}]},{\"@type\":\"WebSite\",\"@id\":\"https:\/\/tourtravelandmore.com\/fr\/#website\",\"url\":\"https:\/\/tourtravelandmore.com\/fr\/\",\"name\":\"Tour Travel And More\",\"description\":\"Private sightseeing tours and luxury transfers in Spain\",\"publisher\":{\"@id\":\"https:\/\/tourtravelandmore.com\/fr\/#organization\"},\"potentialAction\":[{\"@type\":\"SearchAction\",\"target\":{\"@type\":\"EntryPoint\",\"urlTemplate\":\"https:\/\/tourtravelandmore.com\/fr\/?s={search_term_string}\"},\"query-input\":{\"@type\":\"PropertyValueSpecification\",\"valueRequired\":true,\"valueName\":\"search_term_string\"}}],\"inLanguage\":\"fr-FR\"},{\"@type\":\"Organization\",\"@id\":\"https:\/\/tourtravelandmore.com\/fr\/#organization\",\"name\":\"Tour Travel And More\",\"url\":\"https:\/\/tourtravelandmore.com\/fr\/\",\"logo\":{\"@type\":\"ImageObject\",\"inLanguage\":\"fr-FR\",\"@id\":\"https:\/\/tourtravelandmore.com\/fr\/#\/schema\/logo\/image\/\",\"url\":\"https:\/\/tourtravelandmore.com\/wp-content\/uploads\/2022\/12\/cropped-logo-cabecera-new.png\",\"contentUrl\":\"https:\/\/tourtravelandmore.com\/wp-content\/uploads\/2022\/12\/cropped-logo-cabecera-new.png\",\"width\":430,\"height\":61,\"caption\":\"Tour Travel And More\"},\"image\":{\"@id\":\"https:\/\/tourtravelandmore.com\/fr\/#\/schema\/logo\/image\/\"},\"sameAs\":[\"https:\/\/www.facebook.com\/tourtravelandmore\/\",\"https:\/\/x.com\/TourTravel_More\"]}]}<\/script>\n<!-- \/ Yoast SEO Premium plugin. -->","yoast_head_json":{"title":"Visite priv\u00e9e d'une journ\u00e9e compl\u00e8te de Turin au d\u00e9part de Milan en v\u00e9hicule de luxe priv\u00e9","description":"Profitez de cette visite priv\u00e9e de Turin au d\u00e9part de Milan et d\u00e9couvrez l'une des plus belles villes du nord de l'Italie. Vous rencontrerez votre guide priv\u00e9 \u00e0 Turin.","robots":{"index":"index","follow":"follow","max-snippet":"max-snippet:-1","max-image-preview":"max-image-preview:large","max-video-preview":"max-video-preview:-1"},"canonical":"https:\/\/tourtravelandmore.com\/fr\/tours\/italie-fr\/turin-fr\/visite-privee-de-turin-au-depart-de-milan\/","og_locale":"fr_FR","og_type":"article","og_title":"Visite priv\u00e9e de Turin au d\u00e9part de Milan","og_description":"Profitez de cette visite priv\u00e9e de Turin au d\u00e9part de Milan et d\u00e9couvrez l'une des plus belles villes du nord de l'Italie. Vous rencontrerez votre guide priv\u00e9 \u00e0 Turin.","og_url":"https:\/\/tourtravelandmore.com\/fr\/tours\/italie-fr\/turin-fr\/visite-privee-de-turin-au-depart-de-milan\/","og_site_name":"Tour Travel And More","article_publisher":"https:\/\/www.facebook.com\/tourtravelandmore\/","article_modified_time":"2022-04-01T10:34:41+00:00","og_image":[{"width":917,"height":692,"url":"https:\/\/tourtravelandmore.com\/wp-content\/uploads\/2018\/04\/image12.jpg","type":"image\/jpeg"}],"twitter_card":"summary_large_image","twitter_site":"@TourTravel_More","twitter_misc":{"Dur\u00e9e de lecture estim\u00e9e":"2 minutes"},"schema":{"@context":"https:\/\/schema.org","@graph":[{"@type":"WebPage","@id":"https:\/\/tourtravelandmore.com\/fr\/tours\/italie-fr\/turin-fr\/visite-privee-de-turin-au-depart-de-milan\/","url":"https:\/\/tourtravelandmore.com\/fr\/tours\/italie-fr\/turin-fr\/visite-privee-de-turin-au-depart-de-milan\/","name":"Visite priv\u00e9e d'une journ\u00e9e compl\u00e8te de Turin au d\u00e9part de Milan en v\u00e9hicule de luxe priv\u00e9","isPartOf":{"@id":"https:\/\/tourtravelandmore.com\/fr\/#website"},"primaryImageOfPage":{"@id":"https:\/\/tourtravelandmore.com\/fr\/tours\/italie-fr\/turin-fr\/visite-privee-de-turin-au-depart-de-milan\/#primaryimage"},"image":{"@id":"https:\/\/tourtravelandmore.com\/fr\/tours\/italie-fr\/turin-fr\/visite-privee-de-turin-au-depart-de-milan\/#primaryimage"},"thumbnailUrl":"https:\/\/tourtravelandmore.com\/wp-content\/uploads\/2018\/04\/image12.jpg","datePublished":"2018-04-04T12:41:35+00:00","dateModified":"2022-04-01T10:34:41+00:00","description":"Profitez de cette visite priv\u00e9e de Turin au d\u00e9part de Milan et d\u00e9couvrez l'une des plus belles villes du nord de l'Italie. Vous rencontrerez votre guide priv\u00e9 \u00e0 Turin.","breadcrumb":{"@id":"https:\/\/tourtravelandmore.com\/fr\/tours\/italie-fr\/turin-fr\/visite-privee-de-turin-au-depart-de-milan\/#breadcrumb"},"inLanguage":"fr-FR","potentialAction":[{"@type":"ReadAction","target":["https:\/\/tourtravelandmore.com\/fr\/tours\/italie-fr\/turin-fr\/visite-privee-de-turin-au-depart-de-milan\/"]}]},{"@type":"ImageObject","inLanguage":"fr-FR","@id":"https:\/\/tourtravelandmore.com\/fr\/tours\/italie-fr\/turin-fr\/visite-privee-de-turin-au-depart-de-milan\/#primaryimage","url":"https:\/\/tourtravelandmore.com\/wp-content\/uploads\/2018\/04\/image12.jpg","contentUrl":"https:\/\/tourtravelandmore.com\/wp-content\/uploads\/2018\/04\/image12.jpg","width":917,"height":692},{"@type":"BreadcrumbList","@id":"https:\/\/tourtravelandmore.com\/fr\/tours\/italie-fr\/turin-fr\/visite-privee-de-turin-au-depart-de-milan\/#breadcrumb","itemListElement":[{"@type":"ListItem","position":1,"name":"Home","item":"https:\/\/tourtravelandmore.com\/fr\/"},{"@type":"ListItem","position":2,"name":"Tours","item":"https:\/\/tourtravelandmore.com\/fr\/tours\/"},{"@type":"ListItem","position":3,"name":"Visite priv\u00e9e de Turin au d\u00e9part de Milan"}]},{"@type":"WebSite","@id":"https:\/\/tourtravelandmore.com\/fr\/#website","url":"https:\/\/tourtravelandmore.com\/fr\/","name":"Tour Travel And More","description":"Private sightseeing tours and luxury transfers in Spain","publisher":{"@id":"https:\/\/tourtravelandmore.com\/fr\/#organization"},"potentialAction":[{"@type":"SearchAction","target":{"@type":"EntryPoint","urlTemplate":"https:\/\/tourtravelandmore.com\/fr\/?s={search_term_string}"},"query-input":{"@type":"PropertyValueSpecification","valueRequired":true,"valueName":"search_term_string"}}],"inLanguage":"fr-FR"},{"@type":"Organization","@id":"https:\/\/tourtravelandmore.com\/fr\/#organization","name":"Tour Travel And More","url":"https:\/\/tourtravelandmore.com\/fr\/","logo":{"@type":"ImageObject","inLanguage":"fr-FR","@id":"https:\/\/tourtravelandmore.com\/fr\/#\/schema\/logo\/image\/","url":"https:\/\/tourtravelandmore.com\/wp-content\/uploads\/2022\/12\/cropped-logo-cabecera-new.png","contentUrl":"https:\/\/tourtravelandmore.com\/wp-content\/uploads\/2022\/12\/cropped-logo-cabecera-new.png","width":430,"height":61,"caption":"Tour Travel And More"},"image":{"@id":"https:\/\/tourtravelandmore.com\/fr\/#\/schema\/logo\/image\/"},"sameAs":["https:\/\/www.facebook.com\/tourtravelandmore\/","https:\/\/x.com\/TourTravel_More"]}]}},"_links":{"self":[{"href":"https:\/\/tourtravelandmore.com\/fr\/wp-json\/wp\/v2\/product\/101233","targetHints":{"allow":["GET"]}}],"collection":[{"href":"https:\/\/tourtravelandmore.com\/fr\/wp-json\/wp\/v2\/product"}],"about":[{"href":"https:\/\/tourtravelandmore.com\/fr\/wp-json\/wp\/v2\/types\/product"}],"replies":[{"embeddable":true,"href":"https:\/\/tourtravelandmore.com\/fr\/wp-json\/wp\/v2\/comments?post=101233"}],"wp:featuredmedia":[{"embeddable":true,"href":"https:\/\/tourtravelandmore.com\/fr\/wp-json\/wp\/v2\/media\/120275"}],"wp:attachment":[{"href":"https:\/\/tourtravelandmore.com\/fr\/wp-json\/wp\/v2\/media?parent=101233"}],"wp:term":[{"taxonomy":"product_brand","embeddable":true,"href":"https:\/\/tourtravelandmore.com\/fr\/wp-json\/wp\/v2\/product_brand?post=101233"},{"taxonomy":"product_cat","embeddable":true,"href":"https:\/\/tourtravelandmore.com\/fr\/wp-json\/wp\/v2\/product_cat?post=101233"},{"taxonomy":"product_tag","embeddable":true,"href":"https:\/\/tourtravelandmore.com\/fr\/wp-json\/wp\/v2\/product_tag?post=101233"}],"curies":[{"name":"wp","href":"https:\/\/api.w.org\/{rel}","templated":true}]}}