{"id":101228,"date":"2018-02-16T14:40:18","date_gmt":"2018-02-16T13:40:18","guid":{"rendered":"https:\/\/tourtravelandmore.com\/tours\/non class\u00e9\/excursion-privee-a-terre-a-pise-et-lucques\/"},"modified":"2018-02-16T14:40:18","modified_gmt":"2018-02-16T13:40:18","slug":"excursion-privee-a-terre-a-pise-et-lucques","status":"publish","type":"product","link":"https:\/\/tourtravelandmore.com\/fr\/tours\/italie-fr\/livorno-fr\/excursion-privee-a-terre-a-pise-et-lucques\/","title":{"rendered":"Excursion priv\u00e9e \u00e0 terre \u00e0 Pise et Lucques"},"content":{"rendered":"<h2>Description<\/h2>\n<p>Livourne vous donne la possibilit\u00e9 de visiter de nombreuses villes italiennes \u00e0 partir de l\u00e0. Profitez de cette excursion priv\u00e9e \u00e0 terre \u00e0 Pise et Lucques au d\u00e9part de Livourne confortablement dans votre v\u00e9hicule de luxe priv\u00e9 avec chauffeur \/ guide.<\/p>\n<p>La Toscane est l&#8217;un des endroits les plus beaux et les plus beaux de toute l&#8217;Europe. Ici, vous pourrez admirer les beaux paysages, l&#8217;art, l&#8217;architecture et d\u00e9guster la meilleure cuisine.<\/p>\n<p>Pise, est une autre ville importante de la r\u00e9gion de la Toscane. On ne sait pas qui a construit la ville de Pise, mais il est confirm\u00e9 que cela existe depuis le 7\u00e8me si\u00e8cle avant JC. D&#8217;un autre c\u00f4t\u00e9, Lucques est l&#8217;une des seules villes de Toscane \u00e0 avoir conserv\u00e9 ses murs romains dans sa totalit\u00e9. Elle est consid\u00e9r\u00e9e comme l&#8217;une des plus belles villes de la Toscane.<\/p>\n<p>Votre chauffeur \/ guide professionnel sera \u00e0 votre disposition pendant toute la dur\u00e9e de la visite. Si vous pr\u00e9f\u00e9rez, nous pouvons inclure un guide local \u00e0 Pise pendant 2,5 heures.<\/p>\n<p>Cette excursion priv\u00e9e \u00e0 terre \u00e0 Pise et Lucques au d\u00e9part de Livourne a une dur\u00e9e totale de 8 heures. Comme il s&#8217;agit d&#8217;une excursion priv\u00e9e d&#8217;une journ\u00e9e, vous pourrez personnaliser votre visite \u00e0 votre guise.<\/p>\n<p>Une autre option possible d&#8217;une excursion priv\u00e9e d&#8217;une journ\u00e9e compl\u00e8te au d\u00e9part de Livourne, est notre excursion priv\u00e9e \u00e0 terre \u00e0 Sienne et San Gimignano, jetez un coup d&#8217;\u0153il !.<\/p>\n<h2>Sites d&#8217;int\u00e9r\u00eat et points de rep\u00e8re<\/h2>\n<p>La visite commencera devant votre bateau de croisi\u00e8re \u00e0 Livourne, o\u00f9 votre chauffeur \/ guide priv\u00e9 viendra vous chercher. L&#8217;heure de d\u00e9but de la visite est choisie par vous.<\/p>\n<p>Pise et Lucques sont deux des villes les plus belles et les plus historiques de la Toscane. Vous pourrez admirer ses lieux les plus importants avec cette excursion priv\u00e9e d&#8217;une journ\u00e9e.<\/p>\n<p>Tout d&#8217;abord, vous visiterez la ville de Pise. Vous visiterez la Piazza dei Miracoli, un site du patrimoine mondial de l&#8217;UNESCO o\u00f9 se trouvent la tour pench\u00e9e, la cath\u00e9drale et le baptist\u00e8re. Si vous \u00eates int\u00e9ress\u00e9, il est possible de gravir la tour et d&#8217;admirer la vue panoramique du haut. Nous pouvons inclure les billets d&#8217;entr\u00e9e au monument et au mus\u00e9e de votre choix.<\/p>\n<p>Deuxi\u00e8mement, vous continuerez vers Lucca. Vous pourrez visiter l&#8217;amphith\u00e9\u00e2tre romain, visiter la Piazza San Michelle avec sa belle \u00e9glise du 12\u00e8me si\u00e8cle San Michele in Foro. Vous aurez la chance de parcourir les murs de la ville, qui sont maintenant une promenade pi\u00e9tonne verte o\u00f9 les v\u00e9los et les gens s&#8217;amusent tous les jours.<\/p>\n<p>Pendant que vous visitez les deux villes, vous appr\u00e9cierez de traverser la magnifique r\u00e9gion toscane, o\u00f9 vous passerez devant de belles villas, des vignobles et de petits villages toscans.<\/p>\n<p>Enfin, \u00e0 la fin de la visite, votre chauffeur \/ guide priv\u00e9 vous ram\u00e8nera \u00e0 Livourne. Avant de rentrer, vous aurez du temps libre pour prendre un repas typique de la Toscane.<\/p>\n","protected":false},"excerpt":{"rendered":"<p>Profitez de vos vacances sur un bateau de croisi\u00e8re et profitez de cette excursion priv\u00e9e \u00e0 terre de Pise et Lucques depuis le terminal de croisi\u00e8re de Livourne. C&#8217;est une excellente occasion de visiter confortablement deux villes \u00e9tonnantes de la r\u00e9gion Toscane dans votre v\u00e9hicule de luxe priv\u00e9 avec chauffeur.<\/p>\n","protected":false},"featured_media":98298,"comment_status":"open","ping_status":"closed","template":"","meta":{"_acf_changed":false},"product_brand":[],"product_cat":[3695],"product_tag":[],"class_list":{"0":"post-101228","1":"product","2":"type-product","3":"status-publish","4":"has-post-thumbnail","6":"product_cat-livorno-fr","8":"first","9":"instock","10":"shipping-taxable","11":"purchasable","12":"product-type-simple"},"acf":[],"yoast_head":"<!-- This site is optimized with the Yoast SEO Premium plugin v25.3.1 (Yoast SEO v25.3.1) - https:\/\/yoast.com\/wordpress\/plugins\/seo\/ -->\n<title>Excursion priv\u00e9e \u00e0 terre \u00e0 Pise et Lucques depuis le port de croisi\u00e8re de Livourne<\/title>\n<meta name=\"description\" content=\"Visite priv\u00e9e de Pise et Lucques. Chauffeur professionnel priv\u00e9 en v\u00e9hicule de luxe. Profitez de deux des plus belles villes de la Toscane. Guide disponible \u00e0 Pise.\" \/>\n<meta name=\"robots\" content=\"index, follow, max-snippet:-1, max-image-preview:large, max-video-preview:-1\" \/>\n<link rel=\"canonical\" href=\"https:\/\/tourtravelandmore.com\/fr\/tours\/italie-fr\/livorno-fr\/excursion-privee-a-terre-a-pise-et-lucques\/\" \/>\n<meta property=\"og:locale\" content=\"fr_FR\" \/>\n<meta property=\"og:type\" content=\"article\" \/>\n<meta property=\"og:title\" content=\"Excursion priv\u00e9e \u00e0 terre \u00e0 Pise et Lucques\" \/>\n<meta property=\"og:description\" content=\"Visite priv\u00e9e de Pise et Lucques. Chauffeur professionnel priv\u00e9 en v\u00e9hicule de luxe. Profitez de deux des plus belles villes de la Toscane. Guide disponible \u00e0 Pise.\" \/>\n<meta property=\"og:url\" content=\"https:\/\/tourtravelandmore.com\/fr\/tours\/italie-fr\/livorno-fr\/excursion-privee-a-terre-a-pise-et-lucques\/\" \/>\n<meta property=\"og:site_name\" content=\"Tour Travel And More\" \/>\n<meta property=\"article:publisher\" content=\"https:\/\/www.facebook.com\/tourtravelandmore\/\" \/>\n<meta property=\"og:image\" content=\"https:\/\/tourtravelandmore.com\/wp-content\/uploads\/2018\/02\/pisa-2.jpg\" \/>\n\t<meta property=\"og:image:width\" content=\"1920\" \/>\n\t<meta property=\"og:image:height\" content=\"1271\" \/>\n\t<meta property=\"og:image:type\" content=\"image\/jpeg\" \/>\n<meta name=\"twitter:card\" content=\"summary_large_image\" \/>\n<meta name=\"twitter:site\" content=\"@TourTravel_More\" \/>\n<meta name=\"twitter:label1\" content=\"Dur\u00e9e de lecture estim\u00e9e\" \/>\n\t<meta name=\"twitter:data1\" content=\"3 minutes\" \/>\n<script type=\"application\/ld+json\" class=\"yoast-schema-graph\">{\"@context\":\"https:\/\/schema.org\",\"@graph\":[{\"@type\":\"WebPage\",\"@id\":\"https:\/\/tourtravelandmore.com\/fr\/tours\/italie-fr\/livorno-fr\/excursion-privee-a-terre-a-pise-et-lucques\/\",\"url\":\"https:\/\/tourtravelandmore.com\/fr\/tours\/italie-fr\/livorno-fr\/excursion-privee-a-terre-a-pise-et-lucques\/\",\"name\":\"Excursion priv\u00e9e \u00e0 terre \u00e0 Pise et Lucques depuis le port de croisi\u00e8re de Livourne\",\"isPartOf\":{\"@id\":\"https:\/\/tourtravelandmore.com\/fr\/#website\"},\"primaryImageOfPage\":{\"@id\":\"https:\/\/tourtravelandmore.com\/fr\/tours\/italie-fr\/livorno-fr\/excursion-privee-a-terre-a-pise-et-lucques\/#primaryimage\"},\"image\":{\"@id\":\"https:\/\/tourtravelandmore.com\/fr\/tours\/italie-fr\/livorno-fr\/excursion-privee-a-terre-a-pise-et-lucques\/#primaryimage\"},\"thumbnailUrl\":\"https:\/\/tourtravelandmore.com\/wp-content\/uploads\/2018\/02\/pisa-2.jpg\",\"datePublished\":\"2018-02-16T13:40:18+00:00\",\"description\":\"Visite priv\u00e9e de Pise et Lucques. Chauffeur professionnel priv\u00e9 en v\u00e9hicule de luxe. Profitez de deux des plus belles villes de la Toscane. Guide disponible \u00e0 Pise.\",\"breadcrumb\":{\"@id\":\"https:\/\/tourtravelandmore.com\/fr\/tours\/italie-fr\/livorno-fr\/excursion-privee-a-terre-a-pise-et-lucques\/#breadcrumb\"},\"inLanguage\":\"fr-FR\",\"potentialAction\":[{\"@type\":\"ReadAction\",\"target\":[\"https:\/\/tourtravelandmore.com\/fr\/tours\/italie-fr\/livorno-fr\/excursion-privee-a-terre-a-pise-et-lucques\/\"]}]},{\"@type\":\"ImageObject\",\"inLanguage\":\"fr-FR\",\"@id\":\"https:\/\/tourtravelandmore.com\/fr\/tours\/italie-fr\/livorno-fr\/excursion-privee-a-terre-a-pise-et-lucques\/#primaryimage\",\"url\":\"https:\/\/tourtravelandmore.com\/wp-content\/uploads\/2018\/02\/pisa-2.jpg\",\"contentUrl\":\"https:\/\/tourtravelandmore.com\/wp-content\/uploads\/2018\/02\/pisa-2.jpg\",\"width\":1920,\"height\":1271},{\"@type\":\"BreadcrumbList\",\"@id\":\"https:\/\/tourtravelandmore.com\/fr\/tours\/italie-fr\/livorno-fr\/excursion-privee-a-terre-a-pise-et-lucques\/#breadcrumb\",\"itemListElement\":[{\"@type\":\"ListItem\",\"position\":1,\"name\":\"Home\",\"item\":\"https:\/\/tourtravelandmore.com\/fr\/\"},{\"@type\":\"ListItem\",\"position\":2,\"name\":\"Tours\",\"item\":\"https:\/\/tourtravelandmore.com\/fr\/tours\/\"},{\"@type\":\"ListItem\",\"position\":3,\"name\":\"Excursion priv\u00e9e \u00e0 terre \u00e0 Pise et Lucques\"}]},{\"@type\":\"WebSite\",\"@id\":\"https:\/\/tourtravelandmore.com\/fr\/#website\",\"url\":\"https:\/\/tourtravelandmore.com\/fr\/\",\"name\":\"Tour Travel And More\",\"description\":\"Private sightseeing tours and luxury transfers in Spain\",\"publisher\":{\"@id\":\"https:\/\/tourtravelandmore.com\/fr\/#organization\"},\"potentialAction\":[{\"@type\":\"SearchAction\",\"target\":{\"@type\":\"EntryPoint\",\"urlTemplate\":\"https:\/\/tourtravelandmore.com\/fr\/?s={search_term_string}\"},\"query-input\":{\"@type\":\"PropertyValueSpecification\",\"valueRequired\":true,\"valueName\":\"search_term_string\"}}],\"inLanguage\":\"fr-FR\"},{\"@type\":\"Organization\",\"@id\":\"https:\/\/tourtravelandmore.com\/fr\/#organization\",\"name\":\"Tour Travel And More\",\"url\":\"https:\/\/tourtravelandmore.com\/fr\/\",\"logo\":{\"@type\":\"ImageObject\",\"inLanguage\":\"fr-FR\",\"@id\":\"https:\/\/tourtravelandmore.com\/fr\/#\/schema\/logo\/image\/\",\"url\":\"https:\/\/tourtravelandmore.com\/wp-content\/uploads\/2022\/12\/cropped-logo-cabecera-new.png\",\"contentUrl\":\"https:\/\/tourtravelandmore.com\/wp-content\/uploads\/2022\/12\/cropped-logo-cabecera-new.png\",\"width\":430,\"height\":61,\"caption\":\"Tour Travel And More\"},\"image\":{\"@id\":\"https:\/\/tourtravelandmore.com\/fr\/#\/schema\/logo\/image\/\"},\"sameAs\":[\"https:\/\/www.facebook.com\/tourtravelandmore\/\",\"https:\/\/x.com\/TourTravel_More\"]}]}<\/script>\n<!-- \/ Yoast SEO Premium plugin. -->","yoast_head_json":{"title":"Excursion priv\u00e9e \u00e0 terre \u00e0 Pise et Lucques depuis le port de croisi\u00e8re de Livourne","description":"Visite priv\u00e9e de Pise et Lucques. Chauffeur professionnel priv\u00e9 en v\u00e9hicule de luxe. Profitez de deux des plus belles villes de la Toscane. Guide disponible \u00e0 Pise.","robots":{"index":"index","follow":"follow","max-snippet":"max-snippet:-1","max-image-preview":"max-image-preview:large","max-video-preview":"max-video-preview:-1"},"canonical":"https:\/\/tourtravelandmore.com\/fr\/tours\/italie-fr\/livorno-fr\/excursion-privee-a-terre-a-pise-et-lucques\/","og_locale":"fr_FR","og_type":"article","og_title":"Excursion priv\u00e9e \u00e0 terre \u00e0 Pise et Lucques","og_description":"Visite priv\u00e9e de Pise et Lucques. Chauffeur professionnel priv\u00e9 en v\u00e9hicule de luxe. Profitez de deux des plus belles villes de la Toscane. Guide disponible \u00e0 Pise.","og_url":"https:\/\/tourtravelandmore.com\/fr\/tours\/italie-fr\/livorno-fr\/excursion-privee-a-terre-a-pise-et-lucques\/","og_site_name":"Tour Travel And More","article_publisher":"https:\/\/www.facebook.com\/tourtravelandmore\/","og_image":[{"width":1920,"height":1271,"url":"https:\/\/tourtravelandmore.com\/wp-content\/uploads\/2018\/02\/pisa-2.jpg","type":"image\/jpeg"}],"twitter_card":"summary_large_image","twitter_site":"@TourTravel_More","twitter_misc":{"Dur\u00e9e de lecture estim\u00e9e":"3 minutes"},"schema":{"@context":"https:\/\/schema.org","@graph":[{"@type":"WebPage","@id":"https:\/\/tourtravelandmore.com\/fr\/tours\/italie-fr\/livorno-fr\/excursion-privee-a-terre-a-pise-et-lucques\/","url":"https:\/\/tourtravelandmore.com\/fr\/tours\/italie-fr\/livorno-fr\/excursion-privee-a-terre-a-pise-et-lucques\/","name":"Excursion priv\u00e9e \u00e0 terre \u00e0 Pise et Lucques depuis le port de croisi\u00e8re de Livourne","isPartOf":{"@id":"https:\/\/tourtravelandmore.com\/fr\/#website"},"primaryImageOfPage":{"@id":"https:\/\/tourtravelandmore.com\/fr\/tours\/italie-fr\/livorno-fr\/excursion-privee-a-terre-a-pise-et-lucques\/#primaryimage"},"image":{"@id":"https:\/\/tourtravelandmore.com\/fr\/tours\/italie-fr\/livorno-fr\/excursion-privee-a-terre-a-pise-et-lucques\/#primaryimage"},"thumbnailUrl":"https:\/\/tourtravelandmore.com\/wp-content\/uploads\/2018\/02\/pisa-2.jpg","datePublished":"2018-02-16T13:40:18+00:00","description":"Visite priv\u00e9e de Pise et Lucques. Chauffeur professionnel priv\u00e9 en v\u00e9hicule de luxe. Profitez de deux des plus belles villes de la Toscane. Guide disponible \u00e0 Pise.","breadcrumb":{"@id":"https:\/\/tourtravelandmore.com\/fr\/tours\/italie-fr\/livorno-fr\/excursion-privee-a-terre-a-pise-et-lucques\/#breadcrumb"},"inLanguage":"fr-FR","potentialAction":[{"@type":"ReadAction","target":["https:\/\/tourtravelandmore.com\/fr\/tours\/italie-fr\/livorno-fr\/excursion-privee-a-terre-a-pise-et-lucques\/"]}]},{"@type":"ImageObject","inLanguage":"fr-FR","@id":"https:\/\/tourtravelandmore.com\/fr\/tours\/italie-fr\/livorno-fr\/excursion-privee-a-terre-a-pise-et-lucques\/#primaryimage","url":"https:\/\/tourtravelandmore.com\/wp-content\/uploads\/2018\/02\/pisa-2.jpg","contentUrl":"https:\/\/tourtravelandmore.com\/wp-content\/uploads\/2018\/02\/pisa-2.jpg","width":1920,"height":1271},{"@type":"BreadcrumbList","@id":"https:\/\/tourtravelandmore.com\/fr\/tours\/italie-fr\/livorno-fr\/excursion-privee-a-terre-a-pise-et-lucques\/#breadcrumb","itemListElement":[{"@type":"ListItem","position":1,"name":"Home","item":"https:\/\/tourtravelandmore.com\/fr\/"},{"@type":"ListItem","position":2,"name":"Tours","item":"https:\/\/tourtravelandmore.com\/fr\/tours\/"},{"@type":"ListItem","position":3,"name":"Excursion priv\u00e9e \u00e0 terre \u00e0 Pise et Lucques"}]},{"@type":"WebSite","@id":"https:\/\/tourtravelandmore.com\/fr\/#website","url":"https:\/\/tourtravelandmore.com\/fr\/","name":"Tour Travel And More","description":"Private sightseeing tours and luxury transfers in Spain","publisher":{"@id":"https:\/\/tourtravelandmore.com\/fr\/#organization"},"potentialAction":[{"@type":"SearchAction","target":{"@type":"EntryPoint","urlTemplate":"https:\/\/tourtravelandmore.com\/fr\/?s={search_term_string}"},"query-input":{"@type":"PropertyValueSpecification","valueRequired":true,"valueName":"search_term_string"}}],"inLanguage":"fr-FR"},{"@type":"Organization","@id":"https:\/\/tourtravelandmore.com\/fr\/#organization","name":"Tour Travel And More","url":"https:\/\/tourtravelandmore.com\/fr\/","logo":{"@type":"ImageObject","inLanguage":"fr-FR","@id":"https:\/\/tourtravelandmore.com\/fr\/#\/schema\/logo\/image\/","url":"https:\/\/tourtravelandmore.com\/wp-content\/uploads\/2022\/12\/cropped-logo-cabecera-new.png","contentUrl":"https:\/\/tourtravelandmore.com\/wp-content\/uploads\/2022\/12\/cropped-logo-cabecera-new.png","width":430,"height":61,"caption":"Tour Travel And More"},"image":{"@id":"https:\/\/tourtravelandmore.com\/fr\/#\/schema\/logo\/image\/"},"sameAs":["https:\/\/www.facebook.com\/tourtravelandmore\/","https:\/\/x.com\/TourTravel_More"]}]}},"_links":{"self":[{"href":"https:\/\/tourtravelandmore.com\/fr\/wp-json\/wp\/v2\/product\/101228","targetHints":{"allow":["GET"]}}],"collection":[{"href":"https:\/\/tourtravelandmore.com\/fr\/wp-json\/wp\/v2\/product"}],"about":[{"href":"https:\/\/tourtravelandmore.com\/fr\/wp-json\/wp\/v2\/types\/product"}],"replies":[{"embeddable":true,"href":"https:\/\/tourtravelandmore.com\/fr\/wp-json\/wp\/v2\/comments?post=101228"}],"wp:featuredmedia":[{"embeddable":true,"href":"https:\/\/tourtravelandmore.com\/fr\/wp-json\/wp\/v2\/media\/98298"}],"wp:attachment":[{"href":"https:\/\/tourtravelandmore.com\/fr\/wp-json\/wp\/v2\/media?parent=101228"}],"wp:term":[{"taxonomy":"product_brand","embeddable":true,"href":"https:\/\/tourtravelandmore.com\/fr\/wp-json\/wp\/v2\/product_brand?post=101228"},{"taxonomy":"product_cat","embeddable":true,"href":"https:\/\/tourtravelandmore.com\/fr\/wp-json\/wp\/v2\/product_cat?post=101228"},{"taxonomy":"product_tag","embeddable":true,"href":"https:\/\/tourtravelandmore.com\/fr\/wp-json\/wp\/v2\/product_tag?post=101228"}],"curies":[{"name":"wp","href":"https:\/\/api.w.org\/{rel}","templated":true}]}}