{"id":101223,"date":"2018-02-16T11:11:37","date_gmt":"2018-02-16T10:11:37","guid":{"rendered":"https:\/\/tourtravelandmore.com\/tours\/non class\u00e9\/visite-privee-de-la-region-viticole-classico-chianti-au-depart-de-livourne\/"},"modified":"2018-02-16T11:11:37","modified_gmt":"2018-02-16T10:11:37","slug":"visite-privee-de-la-region-viticole-classico-chianti-au-depart-de-livourne","status":"publish","type":"product","link":"https:\/\/tourtravelandmore.com\/fr\/tours\/italie-fr\/livorno-fr\/visite-privee-de-la-region-viticole-classico-chianti-au-depart-de-livourne\/","title":{"rendered":"Visite priv\u00e9e de la r\u00e9gion viticole Classico Chianti au d\u00e9part de Livourne"},"content":{"rendered":"<h2>Description<\/h2>\n<p>Profitez de cette visite priv\u00e9e de la r\u00e9gion viticole de Classico Chianti au d\u00e9part de Livourne confortablement dans votre v\u00e9hicule de luxe priv\u00e9 avec un chauffeur \/ guide professionnel.<\/p>\n<p>Avec cette visite priv\u00e9e, vous serez immerg\u00e9 dans l&#8217;enchantement de la r\u00e9gion de la Toscane. Vous visiterez la r\u00e9gion de Classico Chianti, situ\u00e9e entre Florence et Sienne. La r\u00e9gion du Chianti est tr\u00e8s r\u00e9put\u00e9e pour ses vins.<\/p>\n<p>La visite a une dur\u00e9e de 8 heures entre le moment de la prise en charge et le retour au port de croisi\u00e8re de Livourne. Au cours de cette visite, vous visiterez deux \u00e9tablissements vinicoles de la zone et d\u00e9gusterez certains de leurs meilleurs vins.<\/p>\n<p>Votre chauffeur \/ guide professionnel vous attendra \u00e0 l&#8217;ext\u00e9rieur de votre bateau de croisi\u00e8re avec une pancarte avec votre nom dessus. Il commencera \u00e0 vous conduire vers l&#8217;est, en passant par la belle r\u00e9gion de la Toscane.<\/p>\n<p>Comme il s&#8217;agit d&#8217;une visite priv\u00e9e et personnalis\u00e9e, vous avez la possibilit\u00e9 d&#8217;apporter quelques modifications en fonction de vos envies. En plus de cela, nous avons \u00e9galement une excursion priv\u00e9e d&#8217;une journ\u00e9e compl\u00e8te juste \u00e0 Florence au d\u00e9part de Livourne, jetez un coup d&#8217;\u0153il !.<\/p>\n<h2>Sites d&#8217;int\u00e9r\u00eat et points de rep\u00e8re<\/h2>\n<p>Tout d&#8217;abord, votre chauffeur \/ guide priv\u00e9 viendra vous chercher au port de croisi\u00e8re de Livourne \u00e0 votre heure de d\u00e9barquement.<\/p>\n<p>Au cours de cette visite priv\u00e9e, vous d\u00e9couvrirez les magnifiques paysages qu&#8217;offre la r\u00e9gion. Admirez ses vignobles sym\u00e9triques parfaits, ses oliveraies et un paysage magnifique. Vous pourrez d\u00e9guster le vin local de l&#8217;une des meilleures r\u00e9gions viticoles du monde. Visitez certains de ses plus beaux villages perch\u00e9s.<\/p>\n<p>Deuxi\u00e8mement, votre chauffeur \/ guide vous conduira sur la route du Chiantigiana, jusqu&#8217;\u00e0 ce que vous arriviez \u00e0 la capitale du Chianti classique, Greve in Chianti. Visitez sa place principale et le magnifique ch\u00e2teau de Montefioralle.<\/p>\n<p>Troisi\u00e8mement, vous visiterez une cave dans un quartier appel\u00e9 Montagliari, o\u00f9 vous pourrez \u00e9galement d\u00e9jeuner tout en profitant d&#8217;un paysage magnifique. En fonction de la dur\u00e9e de la visite, vous continuerez ensuite \u00e0 d\u00e9couvrir d&#8217;autres villes m\u00e9di\u00e9vales comme Castellina, Passignano et plus encore!<\/p>\n<p>Il est possible d&#8217;ajouter un guide priv\u00e9 \u00e0 la visite si vous \u00eates int\u00e9ress\u00e9 par une explication plus historique et plus approfondie de la r\u00e9gion.<\/p>\n<p>Au cours de cette visite priv\u00e9e de la r\u00e9gion viticole de Classico Chianti au d\u00e9part de Livourne, vous pourrez profiter de ses sites les plus embl\u00e9matiques, de ses paysages et de ses paysages \u00e9poustouflants.<\/p>\n<p>Enfin, votre chauffeur \/ guide priv\u00e9 vous ram\u00e8nera \u00e0 votre bateau de croisi\u00e8re dans le port de Livourne.<\/p>\n","protected":false},"excerpt":{"rendered":"<p>Profitez de cette visite priv\u00e9e enti\u00e8rement personnalis\u00e9e du Chianti Classico depuis le port de croisi\u00e8re de Livourne et visitez l&#8217;une des meilleures r\u00e9gions viticoles du monde. Ne manquez pas l\u2019occasion de d\u00e9couvrir cette r\u00e9gion avec votre chauffeur \/ guide professionnel. Vous d\u00e9couvrirez la capitale, Greve in Chianti, visiterez deux vignobles de la r\u00e9gion et profiterez de paysages \u00e9poustouflants!<\/p>\n","protected":false},"featured_media":98301,"comment_status":"open","ping_status":"closed","template":"","meta":{"_acf_changed":false},"product_brand":[],"product_cat":[3695],"product_tag":[],"class_list":{"0":"post-101223","1":"product","2":"type-product","3":"status-publish","4":"has-post-thumbnail","6":"product_cat-livorno-fr","8":"first","9":"instock","10":"shipping-taxable","11":"purchasable","12":"product-type-simple"},"acf":[],"yoast_head":"<!-- This site is optimized with the Yoast SEO Premium plugin v25.3.1 (Yoast SEO v25.3.1) - https:\/\/yoast.com\/wordpress\/plugins\/seo\/ -->\n<title>Visite priv\u00e9e de la r\u00e9gion viticole de Classico Chianti depuis le port de Livourne<\/title>\n<meta name=\"description\" content=\"Profitez de cette visite priv\u00e9e de la r\u00e9gion viticole de Classico Chianti confortablement dans votre v\u00e9hicule de luxe avec votre chauffeur \/ guide, d&#039;une d\u00e9gustation de vin et de paysages \u00e9poustouflants!\" \/>\n<meta name=\"robots\" content=\"index, follow, max-snippet:-1, max-image-preview:large, max-video-preview:-1\" \/>\n<link rel=\"canonical\" href=\"https:\/\/tourtravelandmore.com\/fr\/tours\/italie-fr\/livorno-fr\/visite-privee-de-la-region-viticole-classico-chianti-au-depart-de-livourne\/\" \/>\n<meta property=\"og:locale\" content=\"fr_FR\" \/>\n<meta property=\"og:type\" content=\"article\" \/>\n<meta property=\"og:title\" content=\"Visite priv\u00e9e de la r\u00e9gion viticole Classico Chianti au d\u00e9part de Livourne\" \/>\n<meta property=\"og:description\" content=\"Profitez de cette visite priv\u00e9e de la r\u00e9gion viticole de Classico Chianti confortablement dans votre v\u00e9hicule de luxe avec votre chauffeur \/ guide, d&#039;une d\u00e9gustation de vin et de paysages \u00e9poustouflants!\" \/>\n<meta property=\"og:url\" content=\"https:\/\/tourtravelandmore.com\/fr\/tours\/italie-fr\/livorno-fr\/visite-privee-de-la-region-viticole-classico-chianti-au-depart-de-livourne\/\" \/>\n<meta property=\"og:site_name\" content=\"Tour Travel And More\" \/>\n<meta property=\"article:publisher\" content=\"https:\/\/www.facebook.com\/tourtravelandmore\/\" \/>\n<meta property=\"og:image\" content=\"https:\/\/tourtravelandmore.com\/wp-content\/uploads\/2018\/02\/chianti-2-1.jpg\" \/>\n\t<meta property=\"og:image:width\" content=\"880\" \/>\n\t<meta property=\"og:image:height\" content=\"586\" \/>\n\t<meta property=\"og:image:type\" content=\"image\/jpeg\" \/>\n<meta name=\"twitter:card\" content=\"summary_large_image\" \/>\n<meta name=\"twitter:site\" content=\"@TourTravel_More\" \/>\n<meta name=\"twitter:label1\" content=\"Dur\u00e9e de lecture estim\u00e9e\" \/>\n\t<meta name=\"twitter:data1\" content=\"2 minutes\" \/>\n<script type=\"application\/ld+json\" class=\"yoast-schema-graph\">{\"@context\":\"https:\/\/schema.org\",\"@graph\":[{\"@type\":\"WebPage\",\"@id\":\"https:\/\/tourtravelandmore.com\/fr\/tours\/italie-fr\/livorno-fr\/visite-privee-de-la-region-viticole-classico-chianti-au-depart-de-livourne\/\",\"url\":\"https:\/\/tourtravelandmore.com\/fr\/tours\/italie-fr\/livorno-fr\/visite-privee-de-la-region-viticole-classico-chianti-au-depart-de-livourne\/\",\"name\":\"Visite priv\u00e9e de la r\u00e9gion viticole de Classico Chianti depuis le port de Livourne\",\"isPartOf\":{\"@id\":\"https:\/\/tourtravelandmore.com\/fr\/#website\"},\"primaryImageOfPage\":{\"@id\":\"https:\/\/tourtravelandmore.com\/fr\/tours\/italie-fr\/livorno-fr\/visite-privee-de-la-region-viticole-classico-chianti-au-depart-de-livourne\/#primaryimage\"},\"image\":{\"@id\":\"https:\/\/tourtravelandmore.com\/fr\/tours\/italie-fr\/livorno-fr\/visite-privee-de-la-region-viticole-classico-chianti-au-depart-de-livourne\/#primaryimage\"},\"thumbnailUrl\":\"https:\/\/tourtravelandmore.com\/wp-content\/uploads\/2018\/02\/chianti-2-1.jpg\",\"datePublished\":\"2018-02-16T10:11:37+00:00\",\"description\":\"Profitez de cette visite priv\u00e9e de la r\u00e9gion viticole de Classico Chianti confortablement dans votre v\u00e9hicule de luxe avec votre chauffeur \/ guide, d'une d\u00e9gustation de vin et de paysages \u00e9poustouflants!\",\"breadcrumb\":{\"@id\":\"https:\/\/tourtravelandmore.com\/fr\/tours\/italie-fr\/livorno-fr\/visite-privee-de-la-region-viticole-classico-chianti-au-depart-de-livourne\/#breadcrumb\"},\"inLanguage\":\"fr-FR\",\"potentialAction\":[{\"@type\":\"ReadAction\",\"target\":[\"https:\/\/tourtravelandmore.com\/fr\/tours\/italie-fr\/livorno-fr\/visite-privee-de-la-region-viticole-classico-chianti-au-depart-de-livourne\/\"]}]},{\"@type\":\"ImageObject\",\"inLanguage\":\"fr-FR\",\"@id\":\"https:\/\/tourtravelandmore.com\/fr\/tours\/italie-fr\/livorno-fr\/visite-privee-de-la-region-viticole-classico-chianti-au-depart-de-livourne\/#primaryimage\",\"url\":\"https:\/\/tourtravelandmore.com\/wp-content\/uploads\/2018\/02\/chianti-2-1.jpg\",\"contentUrl\":\"https:\/\/tourtravelandmore.com\/wp-content\/uploads\/2018\/02\/chianti-2-1.jpg\",\"width\":880,\"height\":586},{\"@type\":\"BreadcrumbList\",\"@id\":\"https:\/\/tourtravelandmore.com\/fr\/tours\/italie-fr\/livorno-fr\/visite-privee-de-la-region-viticole-classico-chianti-au-depart-de-livourne\/#breadcrumb\",\"itemListElement\":[{\"@type\":\"ListItem\",\"position\":1,\"name\":\"Home\",\"item\":\"https:\/\/tourtravelandmore.com\/fr\/\"},{\"@type\":\"ListItem\",\"position\":2,\"name\":\"Tours\",\"item\":\"https:\/\/tourtravelandmore.com\/fr\/tours\/\"},{\"@type\":\"ListItem\",\"position\":3,\"name\":\"Visite priv\u00e9e de la r\u00e9gion viticole Classico Chianti au d\u00e9part de Livourne\"}]},{\"@type\":\"WebSite\",\"@id\":\"https:\/\/tourtravelandmore.com\/fr\/#website\",\"url\":\"https:\/\/tourtravelandmore.com\/fr\/\",\"name\":\"Tour Travel And More\",\"description\":\"Private sightseeing tours and luxury transfers in Spain\",\"publisher\":{\"@id\":\"https:\/\/tourtravelandmore.com\/fr\/#organization\"},\"potentialAction\":[{\"@type\":\"SearchAction\",\"target\":{\"@type\":\"EntryPoint\",\"urlTemplate\":\"https:\/\/tourtravelandmore.com\/fr\/?s={search_term_string}\"},\"query-input\":{\"@type\":\"PropertyValueSpecification\",\"valueRequired\":true,\"valueName\":\"search_term_string\"}}],\"inLanguage\":\"fr-FR\"},{\"@type\":\"Organization\",\"@id\":\"https:\/\/tourtravelandmore.com\/fr\/#organization\",\"name\":\"Tour Travel And More\",\"url\":\"https:\/\/tourtravelandmore.com\/fr\/\",\"logo\":{\"@type\":\"ImageObject\",\"inLanguage\":\"fr-FR\",\"@id\":\"https:\/\/tourtravelandmore.com\/fr\/#\/schema\/logo\/image\/\",\"url\":\"https:\/\/tourtravelandmore.com\/wp-content\/uploads\/2022\/12\/cropped-logo-cabecera-new.png\",\"contentUrl\":\"https:\/\/tourtravelandmore.com\/wp-content\/uploads\/2022\/12\/cropped-logo-cabecera-new.png\",\"width\":430,\"height\":61,\"caption\":\"Tour Travel And More\"},\"image\":{\"@id\":\"https:\/\/tourtravelandmore.com\/fr\/#\/schema\/logo\/image\/\"},\"sameAs\":[\"https:\/\/www.facebook.com\/tourtravelandmore\/\",\"https:\/\/x.com\/TourTravel_More\"]}]}<\/script>\n<!-- \/ Yoast SEO Premium plugin. -->","yoast_head_json":{"title":"Visite priv\u00e9e de la r\u00e9gion viticole de Classico Chianti depuis le port de Livourne","description":"Profitez de cette visite priv\u00e9e de la r\u00e9gion viticole de Classico Chianti confortablement dans votre v\u00e9hicule de luxe avec votre chauffeur \/ guide, d'une d\u00e9gustation de vin et de paysages \u00e9poustouflants!","robots":{"index":"index","follow":"follow","max-snippet":"max-snippet:-1","max-image-preview":"max-image-preview:large","max-video-preview":"max-video-preview:-1"},"canonical":"https:\/\/tourtravelandmore.com\/fr\/tours\/italie-fr\/livorno-fr\/visite-privee-de-la-region-viticole-classico-chianti-au-depart-de-livourne\/","og_locale":"fr_FR","og_type":"article","og_title":"Visite priv\u00e9e de la r\u00e9gion viticole Classico Chianti au d\u00e9part de Livourne","og_description":"Profitez de cette visite priv\u00e9e de la r\u00e9gion viticole de Classico Chianti confortablement dans votre v\u00e9hicule de luxe avec votre chauffeur \/ guide, d'une d\u00e9gustation de vin et de paysages \u00e9poustouflants!","og_url":"https:\/\/tourtravelandmore.com\/fr\/tours\/italie-fr\/livorno-fr\/visite-privee-de-la-region-viticole-classico-chianti-au-depart-de-livourne\/","og_site_name":"Tour Travel And More","article_publisher":"https:\/\/www.facebook.com\/tourtravelandmore\/","og_image":[{"width":880,"height":586,"url":"https:\/\/tourtravelandmore.com\/wp-content\/uploads\/2018\/02\/chianti-2-1.jpg","type":"image\/jpeg"}],"twitter_card":"summary_large_image","twitter_site":"@TourTravel_More","twitter_misc":{"Dur\u00e9e de lecture estim\u00e9e":"2 minutes"},"schema":{"@context":"https:\/\/schema.org","@graph":[{"@type":"WebPage","@id":"https:\/\/tourtravelandmore.com\/fr\/tours\/italie-fr\/livorno-fr\/visite-privee-de-la-region-viticole-classico-chianti-au-depart-de-livourne\/","url":"https:\/\/tourtravelandmore.com\/fr\/tours\/italie-fr\/livorno-fr\/visite-privee-de-la-region-viticole-classico-chianti-au-depart-de-livourne\/","name":"Visite priv\u00e9e de la r\u00e9gion viticole de Classico Chianti depuis le port de Livourne","isPartOf":{"@id":"https:\/\/tourtravelandmore.com\/fr\/#website"},"primaryImageOfPage":{"@id":"https:\/\/tourtravelandmore.com\/fr\/tours\/italie-fr\/livorno-fr\/visite-privee-de-la-region-viticole-classico-chianti-au-depart-de-livourne\/#primaryimage"},"image":{"@id":"https:\/\/tourtravelandmore.com\/fr\/tours\/italie-fr\/livorno-fr\/visite-privee-de-la-region-viticole-classico-chianti-au-depart-de-livourne\/#primaryimage"},"thumbnailUrl":"https:\/\/tourtravelandmore.com\/wp-content\/uploads\/2018\/02\/chianti-2-1.jpg","datePublished":"2018-02-16T10:11:37+00:00","description":"Profitez de cette visite priv\u00e9e de la r\u00e9gion viticole de Classico Chianti confortablement dans votre v\u00e9hicule de luxe avec votre chauffeur \/ guide, d'une d\u00e9gustation de vin et de paysages \u00e9poustouflants!","breadcrumb":{"@id":"https:\/\/tourtravelandmore.com\/fr\/tours\/italie-fr\/livorno-fr\/visite-privee-de-la-region-viticole-classico-chianti-au-depart-de-livourne\/#breadcrumb"},"inLanguage":"fr-FR","potentialAction":[{"@type":"ReadAction","target":["https:\/\/tourtravelandmore.com\/fr\/tours\/italie-fr\/livorno-fr\/visite-privee-de-la-region-viticole-classico-chianti-au-depart-de-livourne\/"]}]},{"@type":"ImageObject","inLanguage":"fr-FR","@id":"https:\/\/tourtravelandmore.com\/fr\/tours\/italie-fr\/livorno-fr\/visite-privee-de-la-region-viticole-classico-chianti-au-depart-de-livourne\/#primaryimage","url":"https:\/\/tourtravelandmore.com\/wp-content\/uploads\/2018\/02\/chianti-2-1.jpg","contentUrl":"https:\/\/tourtravelandmore.com\/wp-content\/uploads\/2018\/02\/chianti-2-1.jpg","width":880,"height":586},{"@type":"BreadcrumbList","@id":"https:\/\/tourtravelandmore.com\/fr\/tours\/italie-fr\/livorno-fr\/visite-privee-de-la-region-viticole-classico-chianti-au-depart-de-livourne\/#breadcrumb","itemListElement":[{"@type":"ListItem","position":1,"name":"Home","item":"https:\/\/tourtravelandmore.com\/fr\/"},{"@type":"ListItem","position":2,"name":"Tours","item":"https:\/\/tourtravelandmore.com\/fr\/tours\/"},{"@type":"ListItem","position":3,"name":"Visite priv\u00e9e de la r\u00e9gion viticole Classico Chianti au d\u00e9part de Livourne"}]},{"@type":"WebSite","@id":"https:\/\/tourtravelandmore.com\/fr\/#website","url":"https:\/\/tourtravelandmore.com\/fr\/","name":"Tour Travel And More","description":"Private sightseeing tours and luxury transfers in Spain","publisher":{"@id":"https:\/\/tourtravelandmore.com\/fr\/#organization"},"potentialAction":[{"@type":"SearchAction","target":{"@type":"EntryPoint","urlTemplate":"https:\/\/tourtravelandmore.com\/fr\/?s={search_term_string}"},"query-input":{"@type":"PropertyValueSpecification","valueRequired":true,"valueName":"search_term_string"}}],"inLanguage":"fr-FR"},{"@type":"Organization","@id":"https:\/\/tourtravelandmore.com\/fr\/#organization","name":"Tour Travel And More","url":"https:\/\/tourtravelandmore.com\/fr\/","logo":{"@type":"ImageObject","inLanguage":"fr-FR","@id":"https:\/\/tourtravelandmore.com\/fr\/#\/schema\/logo\/image\/","url":"https:\/\/tourtravelandmore.com\/wp-content\/uploads\/2022\/12\/cropped-logo-cabecera-new.png","contentUrl":"https:\/\/tourtravelandmore.com\/wp-content\/uploads\/2022\/12\/cropped-logo-cabecera-new.png","width":430,"height":61,"caption":"Tour Travel And More"},"image":{"@id":"https:\/\/tourtravelandmore.com\/fr\/#\/schema\/logo\/image\/"},"sameAs":["https:\/\/www.facebook.com\/tourtravelandmore\/","https:\/\/x.com\/TourTravel_More"]}]}},"_links":{"self":[{"href":"https:\/\/tourtravelandmore.com\/fr\/wp-json\/wp\/v2\/product\/101223","targetHints":{"allow":["GET"]}}],"collection":[{"href":"https:\/\/tourtravelandmore.com\/fr\/wp-json\/wp\/v2\/product"}],"about":[{"href":"https:\/\/tourtravelandmore.com\/fr\/wp-json\/wp\/v2\/types\/product"}],"replies":[{"embeddable":true,"href":"https:\/\/tourtravelandmore.com\/fr\/wp-json\/wp\/v2\/comments?post=101223"}],"wp:featuredmedia":[{"embeddable":true,"href":"https:\/\/tourtravelandmore.com\/fr\/wp-json\/wp\/v2\/media\/98301"}],"wp:attachment":[{"href":"https:\/\/tourtravelandmore.com\/fr\/wp-json\/wp\/v2\/media?parent=101223"}],"wp:term":[{"taxonomy":"product_brand","embeddable":true,"href":"https:\/\/tourtravelandmore.com\/fr\/wp-json\/wp\/v2\/product_brand?post=101223"},{"taxonomy":"product_cat","embeddable":true,"href":"https:\/\/tourtravelandmore.com\/fr\/wp-json\/wp\/v2\/product_cat?post=101223"},{"taxonomy":"product_tag","embeddable":true,"href":"https:\/\/tourtravelandmore.com\/fr\/wp-json\/wp\/v2\/product_tag?post=101223"}],"curies":[{"name":"wp","href":"https:\/\/api.w.org\/{rel}","templated":true}]}}