{"id":101218,"date":"2018-02-14T13:12:03","date_gmt":"2018-02-14T12:12:03","guid":{"rendered":"https:\/\/tourtravelandmore.com\/tours\/non class\u00e9\/excursion-privee-a-terre-de-sienne-et-san-gimignano\/"},"modified":"2018-02-14T13:12:03","modified_gmt":"2018-02-14T12:12:03","slug":"excursion-privee-a-terre-de-sienne-et-san-gimignano","status":"publish","type":"product","link":"https:\/\/tourtravelandmore.com\/fr\/tours\/italie-fr\/livorno-fr\/excursion-privee-a-terre-de-sienne-et-san-gimignano\/","title":{"rendered":"Excursion priv\u00e9e \u00e0 terre de Sienne et San Gimignano"},"content":{"rendered":"<h2>Description<\/h2>\n<p>Profitez de cette excursion priv\u00e9e \u00e0 terre de Sienne et de San Gimignano depuis le port de croisi\u00e8re de Livourne. Vous effectuerez cette visite priv\u00e9e confortablement dans votre v\u00e9hicule de luxe priv\u00e9 avec chauffeur \/ guide.<\/p>\n<p>Le port de Livourne est l&#8217;un des plus grands ports maritimes de la M\u00e9diterran\u00e9e. En moyenne, re\u00e7oit 2 millions de passagers chaque ann\u00e9e.<\/p>\n<p>Sienne est la ville de colline la plus grande et la plus connue de la Toscane. La ville a \u00e9t\u00e9 fond\u00e9e par les romains dans les ann\u00e9es 62 avant JC, elle est situ\u00e9e au sommet de trois collines et abrite une \u00e9tonnante cath\u00e9drale.<\/p>\n<p>San Gimignano est connue comme la ville des belles tours (&#8220;belle torri&#8221;). Il y en avait 76 entre le 12\u00e8me et le 13\u00e8me si\u00e8cle, aujourd&#8217;hui il y en a encore 13.<\/p>\n<p>Votre chauffeur \/ guide professionnel sera \u00e0 votre disposition pendant toute la dur\u00e9e de la visite. Si vous pr\u00e9f\u00e9rez, nous pouvons inclure un guide local \u00e0 Sienne pendant 2 heures.<\/p>\n<p>Cette visite a une dur\u00e9e totale de 8 heures entre le moment de la prise en charge et le moment du d\u00e9p\u00f4t \u00e0 Livourne. Si vous souhaitez inclure plus d&#8217;heures, il vous suffit de nous contacter. Ceci est une visite priv\u00e9e personnalis\u00e9e.<\/p>\n<p>Nous proposons \u00e9galement une excursion priv\u00e9e d&#8217;une journ\u00e9e aux Cinque Terre depuis le port de croisi\u00e8re de Livourne, jetez un coup d&#8217;\u0153il !.<\/p>\n<h2>Sites d&#8217;int\u00e9r\u00eat et points de rep\u00e8re<\/h2>\n<p>Votre chauffeur \/ guide priv\u00e9 viendra vous chercher au port de croisi\u00e8re de Livourne et vous conduira vers Sienne et San Gimignano. Au cours de cette excursion priv\u00e9e \u00e0 terre de Sienne et de San Gimignano, vous pourrez profiter de ses sites les plus embl\u00e9matiques et de sa grande architecture.<\/p>\n<p>Vous traverserez la belle campagne et la r\u00e9gion viticole du Chianti. Vous pourrez profiter des superbes paysages de l&#8217;une des plus belles r\u00e9gions d&#8217;Italie.<\/p>\n<p>Tout d&#8217;abord, vous visiterez Sienne. Vous passerez par le ch\u00e2teau enchanteur de Monteriggioni, situ\u00e9 apr\u00e8s la vall\u00e9e d&#8217;Elsa jusqu&#8217;\u00e0 la charmante ville de Sienne. Ici, vous visiterez sa magnifique cath\u00e9drale d\u00e9pouill\u00e9e, la place principale et la sc\u00e8ne du c\u00e9l\u00e8bre Palio. Sienne est connue comme le r\u00eave gothique toscan.<\/p>\n<p>\u00c0 Sienne, vous aurez du temps libre pour vous promener dans la ville et d\u00e9guster un repas typique de la Toscane. Nous pouvons faire des r\u00e9servations dans n&#8217;importe quel restaurant afin que vous n&#8217;ayez \u00e0 vous soucier de rien.<\/p>\n<p>Deuxi\u00e8mement, vous vous dirigerez vers San Gimignano, l&#8217;une des villes m\u00e9di\u00e9vales les mieux conserv\u00e9es de toute la Toscane, avec ses gratte-ciel m\u00e9di\u00e9vaux. Ici, vous visiterez le Duomo, la Torre Grossa, la Piazza della Cisterna et bien plus encore !.<\/p>\n<p>Enfin, votre chauffeur \/ guide priv\u00e9 vous ram\u00e8nera \u00e0 votre bateau de croisi\u00e8re \u00e0 Livourne. Si vous \u00eates int\u00e9ress\u00e9, nous pouvons organiser l&#8217;entr\u00e9e \u00e0 n&#8217;importe quel monument ou mus\u00e9e que vous souhaitez visiter dans l&#8217;une des villes.<\/p>\n","protected":false},"excerpt":{"rendered":"<p>Rejoignez-nous pour cette excursion priv\u00e9e \u00e0 terre de Sienne et San Gimignano au d\u00e9part de Livourne. Ne manquez pas une chance de conna\u00eetre ces deux merveilleuses villes toscanes et tout ce qu&#8217;elles ont \u00e0 offrir \u00e0 l&#8217;aise dans votre v\u00e9hicule de luxe priv\u00e9 avec un chauffeur \/ guide professionnel.<\/p>\n","protected":false},"featured_media":98290,"comment_status":"open","ping_status":"closed","template":"","meta":{"_acf_changed":false},"product_brand":[],"product_cat":[3695],"product_tag":[],"class_list":{"0":"post-101218","1":"product","2":"type-product","3":"status-publish","4":"has-post-thumbnail","6":"product_cat-livorno-fr","8":"first","9":"instock","10":"shipping-taxable","11":"purchasable","12":"product-type-simple"},"acf":[],"yoast_head":"<!-- This site is optimized with the Yoast SEO Premium plugin v25.3.1 (Yoast SEO v25.3.1) - https:\/\/yoast.com\/wordpress\/plugins\/seo\/ -->\n<title>Excursion priv\u00e9e \u00e0 terre de Sienne et San Gimignano au d\u00e9part de Livourne<\/title>\n<meta name=\"description\" content=\"Excursion priv\u00e9e \u00e0 terre de Sienne et San Gimignano au d\u00e9part de Livourne. Profitez de deux des plus belles villes de la Toscane avec votre chauffeur \/ guide professionnel.\" \/>\n<meta name=\"robots\" content=\"index, follow, max-snippet:-1, max-image-preview:large, max-video-preview:-1\" \/>\n<link rel=\"canonical\" href=\"https:\/\/tourtravelandmore.com\/fr\/tours\/italie-fr\/livorno-fr\/excursion-privee-a-terre-de-sienne-et-san-gimignano\/\" \/>\n<meta property=\"og:locale\" content=\"fr_FR\" \/>\n<meta property=\"og:type\" content=\"article\" \/>\n<meta property=\"og:title\" content=\"Excursion priv\u00e9e \u00e0 terre de Sienne et San Gimignano\" \/>\n<meta property=\"og:description\" content=\"Excursion priv\u00e9e \u00e0 terre de Sienne et San Gimignano au d\u00e9part de Livourne. Profitez de deux des plus belles villes de la Toscane avec votre chauffeur \/ guide professionnel.\" \/>\n<meta property=\"og:url\" content=\"https:\/\/tourtravelandmore.com\/fr\/tours\/italie-fr\/livorno-fr\/excursion-privee-a-terre-de-sienne-et-san-gimignano\/\" \/>\n<meta property=\"og:site_name\" content=\"Tour Travel And More\" \/>\n<meta property=\"article:publisher\" content=\"https:\/\/www.facebook.com\/tourtravelandmore\/\" \/>\n<meta property=\"og:image\" content=\"https:\/\/tourtravelandmore.com\/wp-content\/uploads\/2018\/02\/siena-1.2-scaled.jpg\" \/>\n\t<meta property=\"og:image:width\" content=\"2560\" \/>\n\t<meta property=\"og:image:height\" content=\"2213\" \/>\n\t<meta property=\"og:image:type\" content=\"image\/jpeg\" \/>\n<meta name=\"twitter:card\" content=\"summary_large_image\" \/>\n<meta name=\"twitter:site\" content=\"@TourTravel_More\" \/>\n<meta name=\"twitter:label1\" content=\"Dur\u00e9e de lecture estim\u00e9e\" \/>\n\t<meta name=\"twitter:data1\" content=\"3 minutes\" \/>\n<script type=\"application\/ld+json\" class=\"yoast-schema-graph\">{\"@context\":\"https:\/\/schema.org\",\"@graph\":[{\"@type\":\"WebPage\",\"@id\":\"https:\/\/tourtravelandmore.com\/fr\/tours\/italie-fr\/livorno-fr\/excursion-privee-a-terre-de-sienne-et-san-gimignano\/\",\"url\":\"https:\/\/tourtravelandmore.com\/fr\/tours\/italie-fr\/livorno-fr\/excursion-privee-a-terre-de-sienne-et-san-gimignano\/\",\"name\":\"Excursion priv\u00e9e \u00e0 terre de Sienne et San Gimignano au d\u00e9part de Livourne\",\"isPartOf\":{\"@id\":\"https:\/\/tourtravelandmore.com\/fr\/#website\"},\"primaryImageOfPage\":{\"@id\":\"https:\/\/tourtravelandmore.com\/fr\/tours\/italie-fr\/livorno-fr\/excursion-privee-a-terre-de-sienne-et-san-gimignano\/#primaryimage\"},\"image\":{\"@id\":\"https:\/\/tourtravelandmore.com\/fr\/tours\/italie-fr\/livorno-fr\/excursion-privee-a-terre-de-sienne-et-san-gimignano\/#primaryimage\"},\"thumbnailUrl\":\"https:\/\/tourtravelandmore.com\/wp-content\/uploads\/2018\/02\/siena-1.2-scaled.jpg\",\"datePublished\":\"2018-02-14T12:12:03+00:00\",\"description\":\"Excursion priv\u00e9e \u00e0 terre de Sienne et San Gimignano au d\u00e9part de Livourne. Profitez de deux des plus belles villes de la Toscane avec votre chauffeur \/ guide professionnel.\",\"breadcrumb\":{\"@id\":\"https:\/\/tourtravelandmore.com\/fr\/tours\/italie-fr\/livorno-fr\/excursion-privee-a-terre-de-sienne-et-san-gimignano\/#breadcrumb\"},\"inLanguage\":\"fr-FR\",\"potentialAction\":[{\"@type\":\"ReadAction\",\"target\":[\"https:\/\/tourtravelandmore.com\/fr\/tours\/italie-fr\/livorno-fr\/excursion-privee-a-terre-de-sienne-et-san-gimignano\/\"]}]},{\"@type\":\"ImageObject\",\"inLanguage\":\"fr-FR\",\"@id\":\"https:\/\/tourtravelandmore.com\/fr\/tours\/italie-fr\/livorno-fr\/excursion-privee-a-terre-de-sienne-et-san-gimignano\/#primaryimage\",\"url\":\"https:\/\/tourtravelandmore.com\/wp-content\/uploads\/2018\/02\/siena-1.2-scaled.jpg\",\"contentUrl\":\"https:\/\/tourtravelandmore.com\/wp-content\/uploads\/2018\/02\/siena-1.2-scaled.jpg\",\"width\":2560,\"height\":2213,\"caption\":\"Duomo di Siena\"},{\"@type\":\"BreadcrumbList\",\"@id\":\"https:\/\/tourtravelandmore.com\/fr\/tours\/italie-fr\/livorno-fr\/excursion-privee-a-terre-de-sienne-et-san-gimignano\/#breadcrumb\",\"itemListElement\":[{\"@type\":\"ListItem\",\"position\":1,\"name\":\"Home\",\"item\":\"https:\/\/tourtravelandmore.com\/fr\/\"},{\"@type\":\"ListItem\",\"position\":2,\"name\":\"Tours\",\"item\":\"https:\/\/tourtravelandmore.com\/fr\/tours\/\"},{\"@type\":\"ListItem\",\"position\":3,\"name\":\"Excursion priv\u00e9e \u00e0 terre de Sienne et San Gimignano\"}]},{\"@type\":\"WebSite\",\"@id\":\"https:\/\/tourtravelandmore.com\/fr\/#website\",\"url\":\"https:\/\/tourtravelandmore.com\/fr\/\",\"name\":\"Tour Travel And More\",\"description\":\"Private sightseeing tours and luxury transfers in Spain\",\"publisher\":{\"@id\":\"https:\/\/tourtravelandmore.com\/fr\/#organization\"},\"potentialAction\":[{\"@type\":\"SearchAction\",\"target\":{\"@type\":\"EntryPoint\",\"urlTemplate\":\"https:\/\/tourtravelandmore.com\/fr\/?s={search_term_string}\"},\"query-input\":{\"@type\":\"PropertyValueSpecification\",\"valueRequired\":true,\"valueName\":\"search_term_string\"}}],\"inLanguage\":\"fr-FR\"},{\"@type\":\"Organization\",\"@id\":\"https:\/\/tourtravelandmore.com\/fr\/#organization\",\"name\":\"Tour Travel And More\",\"url\":\"https:\/\/tourtravelandmore.com\/fr\/\",\"logo\":{\"@type\":\"ImageObject\",\"inLanguage\":\"fr-FR\",\"@id\":\"https:\/\/tourtravelandmore.com\/fr\/#\/schema\/logo\/image\/\",\"url\":\"https:\/\/tourtravelandmore.com\/wp-content\/uploads\/2022\/12\/cropped-logo-cabecera-new.png\",\"contentUrl\":\"https:\/\/tourtravelandmore.com\/wp-content\/uploads\/2022\/12\/cropped-logo-cabecera-new.png\",\"width\":430,\"height\":61,\"caption\":\"Tour Travel And More\"},\"image\":{\"@id\":\"https:\/\/tourtravelandmore.com\/fr\/#\/schema\/logo\/image\/\"},\"sameAs\":[\"https:\/\/www.facebook.com\/tourtravelandmore\/\",\"https:\/\/x.com\/TourTravel_More\"]}]}<\/script>\n<!-- \/ Yoast SEO Premium plugin. -->","yoast_head_json":{"title":"Excursion priv\u00e9e \u00e0 terre de Sienne et San Gimignano au d\u00e9part de Livourne","description":"Excursion priv\u00e9e \u00e0 terre de Sienne et San Gimignano au d\u00e9part de Livourne. Profitez de deux des plus belles villes de la Toscane avec votre chauffeur \/ guide professionnel.","robots":{"index":"index","follow":"follow","max-snippet":"max-snippet:-1","max-image-preview":"max-image-preview:large","max-video-preview":"max-video-preview:-1"},"canonical":"https:\/\/tourtravelandmore.com\/fr\/tours\/italie-fr\/livorno-fr\/excursion-privee-a-terre-de-sienne-et-san-gimignano\/","og_locale":"fr_FR","og_type":"article","og_title":"Excursion priv\u00e9e \u00e0 terre de Sienne et San Gimignano","og_description":"Excursion priv\u00e9e \u00e0 terre de Sienne et San Gimignano au d\u00e9part de Livourne. Profitez de deux des plus belles villes de la Toscane avec votre chauffeur \/ guide professionnel.","og_url":"https:\/\/tourtravelandmore.com\/fr\/tours\/italie-fr\/livorno-fr\/excursion-privee-a-terre-de-sienne-et-san-gimignano\/","og_site_name":"Tour Travel And More","article_publisher":"https:\/\/www.facebook.com\/tourtravelandmore\/","og_image":[{"width":2560,"height":2213,"url":"https:\/\/tourtravelandmore.com\/wp-content\/uploads\/2018\/02\/siena-1.2-scaled.jpg","type":"image\/jpeg"}],"twitter_card":"summary_large_image","twitter_site":"@TourTravel_More","twitter_misc":{"Dur\u00e9e de lecture estim\u00e9e":"3 minutes"},"schema":{"@context":"https:\/\/schema.org","@graph":[{"@type":"WebPage","@id":"https:\/\/tourtravelandmore.com\/fr\/tours\/italie-fr\/livorno-fr\/excursion-privee-a-terre-de-sienne-et-san-gimignano\/","url":"https:\/\/tourtravelandmore.com\/fr\/tours\/italie-fr\/livorno-fr\/excursion-privee-a-terre-de-sienne-et-san-gimignano\/","name":"Excursion priv\u00e9e \u00e0 terre de Sienne et San Gimignano au d\u00e9part de Livourne","isPartOf":{"@id":"https:\/\/tourtravelandmore.com\/fr\/#website"},"primaryImageOfPage":{"@id":"https:\/\/tourtravelandmore.com\/fr\/tours\/italie-fr\/livorno-fr\/excursion-privee-a-terre-de-sienne-et-san-gimignano\/#primaryimage"},"image":{"@id":"https:\/\/tourtravelandmore.com\/fr\/tours\/italie-fr\/livorno-fr\/excursion-privee-a-terre-de-sienne-et-san-gimignano\/#primaryimage"},"thumbnailUrl":"https:\/\/tourtravelandmore.com\/wp-content\/uploads\/2018\/02\/siena-1.2-scaled.jpg","datePublished":"2018-02-14T12:12:03+00:00","description":"Excursion priv\u00e9e \u00e0 terre de Sienne et San Gimignano au d\u00e9part de Livourne. Profitez de deux des plus belles villes de la Toscane avec votre chauffeur \/ guide professionnel.","breadcrumb":{"@id":"https:\/\/tourtravelandmore.com\/fr\/tours\/italie-fr\/livorno-fr\/excursion-privee-a-terre-de-sienne-et-san-gimignano\/#breadcrumb"},"inLanguage":"fr-FR","potentialAction":[{"@type":"ReadAction","target":["https:\/\/tourtravelandmore.com\/fr\/tours\/italie-fr\/livorno-fr\/excursion-privee-a-terre-de-sienne-et-san-gimignano\/"]}]},{"@type":"ImageObject","inLanguage":"fr-FR","@id":"https:\/\/tourtravelandmore.com\/fr\/tours\/italie-fr\/livorno-fr\/excursion-privee-a-terre-de-sienne-et-san-gimignano\/#primaryimage","url":"https:\/\/tourtravelandmore.com\/wp-content\/uploads\/2018\/02\/siena-1.2-scaled.jpg","contentUrl":"https:\/\/tourtravelandmore.com\/wp-content\/uploads\/2018\/02\/siena-1.2-scaled.jpg","width":2560,"height":2213,"caption":"Duomo di Siena"},{"@type":"BreadcrumbList","@id":"https:\/\/tourtravelandmore.com\/fr\/tours\/italie-fr\/livorno-fr\/excursion-privee-a-terre-de-sienne-et-san-gimignano\/#breadcrumb","itemListElement":[{"@type":"ListItem","position":1,"name":"Home","item":"https:\/\/tourtravelandmore.com\/fr\/"},{"@type":"ListItem","position":2,"name":"Tours","item":"https:\/\/tourtravelandmore.com\/fr\/tours\/"},{"@type":"ListItem","position":3,"name":"Excursion priv\u00e9e \u00e0 terre de Sienne et San Gimignano"}]},{"@type":"WebSite","@id":"https:\/\/tourtravelandmore.com\/fr\/#website","url":"https:\/\/tourtravelandmore.com\/fr\/","name":"Tour Travel And More","description":"Private sightseeing tours and luxury transfers in Spain","publisher":{"@id":"https:\/\/tourtravelandmore.com\/fr\/#organization"},"potentialAction":[{"@type":"SearchAction","target":{"@type":"EntryPoint","urlTemplate":"https:\/\/tourtravelandmore.com\/fr\/?s={search_term_string}"},"query-input":{"@type":"PropertyValueSpecification","valueRequired":true,"valueName":"search_term_string"}}],"inLanguage":"fr-FR"},{"@type":"Organization","@id":"https:\/\/tourtravelandmore.com\/fr\/#organization","name":"Tour Travel And More","url":"https:\/\/tourtravelandmore.com\/fr\/","logo":{"@type":"ImageObject","inLanguage":"fr-FR","@id":"https:\/\/tourtravelandmore.com\/fr\/#\/schema\/logo\/image\/","url":"https:\/\/tourtravelandmore.com\/wp-content\/uploads\/2022\/12\/cropped-logo-cabecera-new.png","contentUrl":"https:\/\/tourtravelandmore.com\/wp-content\/uploads\/2022\/12\/cropped-logo-cabecera-new.png","width":430,"height":61,"caption":"Tour Travel And More"},"image":{"@id":"https:\/\/tourtravelandmore.com\/fr\/#\/schema\/logo\/image\/"},"sameAs":["https:\/\/www.facebook.com\/tourtravelandmore\/","https:\/\/x.com\/TourTravel_More"]}]}},"_links":{"self":[{"href":"https:\/\/tourtravelandmore.com\/fr\/wp-json\/wp\/v2\/product\/101218","targetHints":{"allow":["GET"]}}],"collection":[{"href":"https:\/\/tourtravelandmore.com\/fr\/wp-json\/wp\/v2\/product"}],"about":[{"href":"https:\/\/tourtravelandmore.com\/fr\/wp-json\/wp\/v2\/types\/product"}],"replies":[{"embeddable":true,"href":"https:\/\/tourtravelandmore.com\/fr\/wp-json\/wp\/v2\/comments?post=101218"}],"wp:featuredmedia":[{"embeddable":true,"href":"https:\/\/tourtravelandmore.com\/fr\/wp-json\/wp\/v2\/media\/98290"}],"wp:attachment":[{"href":"https:\/\/tourtravelandmore.com\/fr\/wp-json\/wp\/v2\/media?parent=101218"}],"wp:term":[{"taxonomy":"product_brand","embeddable":true,"href":"https:\/\/tourtravelandmore.com\/fr\/wp-json\/wp\/v2\/product_brand?post=101218"},{"taxonomy":"product_cat","embeddable":true,"href":"https:\/\/tourtravelandmore.com\/fr\/wp-json\/wp\/v2\/product_cat?post=101218"},{"taxonomy":"product_tag","embeddable":true,"href":"https:\/\/tourtravelandmore.com\/fr\/wp-json\/wp\/v2\/product_tag?post=101218"}],"curies":[{"name":"wp","href":"https:\/\/api.w.org\/{rel}","templated":true}]}}