{"id":101213,"date":"2018-02-12T15:02:56","date_gmt":"2018-02-12T14:02:56","guid":{"rendered":"https:\/\/tourtravelandmore.com\/tours\/non class\u00e9\/excursion-privee-a-terre-de-florence-au-depart-de-livourne\/"},"modified":"2018-02-12T15:02:56","modified_gmt":"2018-02-12T14:02:56","slug":"excursion-privee-a-terre-de-florence-au-depart-de-livourne","status":"publish","type":"product","link":"https:\/\/tourtravelandmore.com\/fr\/tours\/italie-fr\/livorno-fr\/excursion-privee-a-terre-de-florence-au-depart-de-livourne\/","title":{"rendered":"Excursion priv\u00e9e \u00e0 terre de Florence au d\u00e9part de Livourne"},"content":{"rendered":"<h2>Description<\/h2>\n<p>Une fois que vous atteignez Livourne, profitez de cette excursion priv\u00e9e \u00e0 terre de Florence. Saisissez cette opportunit\u00e9 et visitez l&#8217;une des plus belles villes d&#8217;Italie, ville natale de la renaissance. Profitez de cette visite priv\u00e9e avec votre propre guide officiel priv\u00e9 \u00e0 Florence et confortablement dans votre v\u00e9hicule de luxe priv\u00e9 avec chauffeur de Livourne.<\/p>\n<p>La Toscane est l&#8217;un des endroits les plus beaux et les plus beaux de toute l&#8217;Europe. Ici, vous pourrez admirer les beaux paysages, l&#8217;art, l&#8217;architecture et d\u00e9guster la meilleure cuisine.<\/p>\n<p>Florence est la capitale de la r\u00e9gion de la Toscane, et elle a \u00e9t\u00e9 le lieu principal de chaque nouvelle \u00e9tape de l&#8217;art en Italie. L&#8217;art et la cr\u00e9ativit\u00e9 sont pr\u00e9sents dans chaque rue et coin, ainsi que dans la grande quantit\u00e9 d&#8217;\u00e9glises, de mus\u00e9es et de monuments. Vous marcherez avec un guide officiel priv\u00e9, qui vous \u00e9clairera avec les secrets et l&#8217;histoire de cette ville incroyable.<\/p>\n<p>Florence a \u00e9t\u00e9 d\u00e9clar\u00e9e site du patrimoine mondial par l&#8217;UNESCO en 1982 car elle est consid\u00e9r\u00e9e comme le berceau de la Renaissance.<\/p>\n<p>Profitez de cette ville historique d&#8217;Italie et apprenez autant que possible lors de cette excursion priv\u00e9e \u00e0 terre \u00e0 Florence. Nous avons plusieurs options d&#8217;excursions d&#8217;une journ\u00e9e compl\u00e8te au d\u00e9part du port de croisi\u00e8re de Livourne, consultez notre liste de visites priv\u00e9es.<\/p>\n<h2>Sites d&#8217;int\u00e9r\u00eat et points de rep\u00e8re<\/h2>\n<p>Tout d&#8217;abord, votre chauffeur priv\u00e9 viendra vous chercher au port de Livourne avec une pancarte avec votre nom dessus. Vous aurez l&#8217;occasion d&#8217;explorer l&#8217;une des plus belles villes d&#8217;Italie, par cons\u00e9quent, vous finirez par l&#8217;aimer !.<\/p>\n<p>En fonction de vos envies exactes, nous organiserons les arr\u00eats correspondants. Voici un exemple de ce que vous pouvez voir pendant la visite guid\u00e9e de 3 heures.<\/p>\n<p>Une fois \u00e0 Florence, vous rencontrerez votre guide officiel priv\u00e9. Entre autres monuments et sites touristiques, vous pouvez apprendre \u00e0 conna\u00eetre:<\/p>\n<ul>\n<li>Catedral de Santa Maria del Fiore (Duomo)<\/li>\n<li>Piazza dell Duomo<\/li>\n<li>Galer\u00eda Uffizi (nous pouvons organiser des billets si vous \u00eates int\u00e9ress\u00e9)<\/li>\n<li>Galerie de l&#8217;Acad\u00e9mie (nous pouvons organiser des billets si vous \u00eates int\u00e9ress\u00e9)<\/li>\n<li>Ponte Vecchio<\/li>\n<li>Piazza della Signoria<\/li>\n<li>Palazzo Vecchio<\/li>\n<li>Piazza Michelangelo<\/li>\n<li>Palais Pitti<\/li>\n<li>Beaucoup plus!<\/li>\n<\/ul>\n<p>Lors de cette visite priv\u00e9e de Florence, vous ferez \u00e9galement une halte pour prendre un caf\u00e9 dans un bar charmant et typique de la ville. Si vous pr\u00e9f\u00e9rez, nous pouvons \u00e9galement faire des r\u00e9servations pour le d\u00e9jeuner ou le d\u00eener.<\/p>\n<p>Enfin, \u00e0 la fin de la visite, votre chauffeur priv\u00e9 vous ram\u00e8nera \u00e0 votre bateau de croisi\u00e8re \u00e0 Livourne. La visite a une dur\u00e9e de 8 heures entre le moment de la prise en charge et le moment de la d\u00e9pose au port de croisi\u00e8re de Livourne.<\/p>\n","protected":false},"excerpt":{"rendered":"<p>Ne manquez pas une chance de conna\u00eetre Florence et tout ce qu&#8217;elle a \u00e0 offrir \u00e0 c\u00f4t\u00e9 de votre guide officiel priv\u00e9 et confortablement dans votre v\u00e9hicule de luxe priv\u00e9 depuis le port de croisi\u00e8re de Livourne. Visitez la capitale de la r\u00e9gion de la Toscane lors d&#8217;une excursion d&#8217;une journ\u00e9e compl\u00e8te.<\/p>\n","protected":false},"featured_media":94705,"comment_status":"open","ping_status":"closed","template":"","meta":{"_acf_changed":false},"product_brand":[],"product_cat":[3695],"product_tag":[],"class_list":{"0":"post-101213","1":"product","2":"type-product","3":"status-publish","4":"has-post-thumbnail","6":"product_cat-livorno-fr","8":"first","9":"instock","10":"shipping-taxable","11":"purchasable","12":"product-type-simple"},"acf":[],"yoast_head":"<!-- This site is optimized with the Yoast SEO Premium plugin v25.3.1 (Yoast SEO v25.3.1) - https:\/\/yoast.com\/wordpress\/plugins\/seo\/ -->\n<title>Excursion priv\u00e9e \u00e0 terre de Florence depuis le port de croisi\u00e8re de Livourne<\/title>\n<meta name=\"description\" content=\"Excursion priv\u00e9e \u00e0 terre de Florence confortablement dans un v\u00e9hicule de luxe priv\u00e9 avec chauffeur. Un guide local priv\u00e9 vous attendra \u00e0 Florence pour votre visite.\" \/>\n<meta name=\"robots\" content=\"index, follow, max-snippet:-1, max-image-preview:large, max-video-preview:-1\" \/>\n<link rel=\"canonical\" href=\"https:\/\/tourtravelandmore.com\/fr\/tours\/italie-fr\/livorno-fr\/excursion-privee-a-terre-de-florence-au-depart-de-livourne\/\" \/>\n<meta property=\"og:locale\" content=\"fr_FR\" \/>\n<meta property=\"og:type\" content=\"article\" \/>\n<meta property=\"og:title\" content=\"Excursion priv\u00e9e \u00e0 terre de Florence au d\u00e9part de Livourne\" \/>\n<meta property=\"og:description\" content=\"Excursion priv\u00e9e \u00e0 terre de Florence confortablement dans un v\u00e9hicule de luxe priv\u00e9 avec chauffeur. Un guide local priv\u00e9 vous attendra \u00e0 Florence pour votre visite.\" \/>\n<meta property=\"og:url\" content=\"https:\/\/tourtravelandmore.com\/fr\/tours\/italie-fr\/livorno-fr\/excursion-privee-a-terre-de-florence-au-depart-de-livourne\/\" \/>\n<meta property=\"og:site_name\" content=\"Tour Travel And More\" \/>\n<meta property=\"article:publisher\" content=\"https:\/\/www.facebook.com\/tourtravelandmore\/\" \/>\n<meta property=\"og:image\" content=\"https:\/\/tourtravelandmore.com\/wp-content\/uploads\/2018\/02\/firenze.jpg\" \/>\n\t<meta property=\"og:image:width\" content=\"640\" \/>\n\t<meta property=\"og:image:height\" content=\"426\" \/>\n\t<meta property=\"og:image:type\" content=\"image\/jpeg\" \/>\n<meta name=\"twitter:card\" content=\"summary_large_image\" \/>\n<meta name=\"twitter:site\" content=\"@TourTravel_More\" \/>\n<meta name=\"twitter:label1\" content=\"Dur\u00e9e de lecture estim\u00e9e\" \/>\n\t<meta name=\"twitter:data1\" content=\"2 minutes\" \/>\n<script type=\"application\/ld+json\" class=\"yoast-schema-graph\">{\"@context\":\"https:\/\/schema.org\",\"@graph\":[{\"@type\":\"WebPage\",\"@id\":\"https:\/\/tourtravelandmore.com\/fr\/tours\/italie-fr\/livorno-fr\/excursion-privee-a-terre-de-florence-au-depart-de-livourne\/\",\"url\":\"https:\/\/tourtravelandmore.com\/fr\/tours\/italie-fr\/livorno-fr\/excursion-privee-a-terre-de-florence-au-depart-de-livourne\/\",\"name\":\"Excursion priv\u00e9e \u00e0 terre de Florence depuis le port de croisi\u00e8re de Livourne\",\"isPartOf\":{\"@id\":\"https:\/\/tourtravelandmore.com\/fr\/#website\"},\"primaryImageOfPage\":{\"@id\":\"https:\/\/tourtravelandmore.com\/fr\/tours\/italie-fr\/livorno-fr\/excursion-privee-a-terre-de-florence-au-depart-de-livourne\/#primaryimage\"},\"image\":{\"@id\":\"https:\/\/tourtravelandmore.com\/fr\/tours\/italie-fr\/livorno-fr\/excursion-privee-a-terre-de-florence-au-depart-de-livourne\/#primaryimage\"},\"thumbnailUrl\":\"https:\/\/tourtravelandmore.com\/wp-content\/uploads\/2018\/02\/firenze.jpg\",\"datePublished\":\"2018-02-12T14:02:56+00:00\",\"description\":\"Excursion priv\u00e9e \u00e0 terre de Florence confortablement dans un v\u00e9hicule de luxe priv\u00e9 avec chauffeur. Un guide local priv\u00e9 vous attendra \u00e0 Florence pour votre visite.\",\"breadcrumb\":{\"@id\":\"https:\/\/tourtravelandmore.com\/fr\/tours\/italie-fr\/livorno-fr\/excursion-privee-a-terre-de-florence-au-depart-de-livourne\/#breadcrumb\"},\"inLanguage\":\"fr-FR\",\"potentialAction\":[{\"@type\":\"ReadAction\",\"target\":[\"https:\/\/tourtravelandmore.com\/fr\/tours\/italie-fr\/livorno-fr\/excursion-privee-a-terre-de-florence-au-depart-de-livourne\/\"]}]},{\"@type\":\"ImageObject\",\"inLanguage\":\"fr-FR\",\"@id\":\"https:\/\/tourtravelandmore.com\/fr\/tours\/italie-fr\/livorno-fr\/excursion-privee-a-terre-de-florence-au-depart-de-livourne\/#primaryimage\",\"url\":\"https:\/\/tourtravelandmore.com\/wp-content\/uploads\/2018\/02\/firenze.jpg\",\"contentUrl\":\"https:\/\/tourtravelandmore.com\/wp-content\/uploads\/2018\/02\/firenze.jpg\",\"width\":640,\"height\":426},{\"@type\":\"BreadcrumbList\",\"@id\":\"https:\/\/tourtravelandmore.com\/fr\/tours\/italie-fr\/livorno-fr\/excursion-privee-a-terre-de-florence-au-depart-de-livourne\/#breadcrumb\",\"itemListElement\":[{\"@type\":\"ListItem\",\"position\":1,\"name\":\"Home\",\"item\":\"https:\/\/tourtravelandmore.com\/fr\/\"},{\"@type\":\"ListItem\",\"position\":2,\"name\":\"Tours\",\"item\":\"https:\/\/tourtravelandmore.com\/fr\/tours\/\"},{\"@type\":\"ListItem\",\"position\":3,\"name\":\"Excursion priv\u00e9e \u00e0 terre de Florence au d\u00e9part de Livourne\"}]},{\"@type\":\"WebSite\",\"@id\":\"https:\/\/tourtravelandmore.com\/fr\/#website\",\"url\":\"https:\/\/tourtravelandmore.com\/fr\/\",\"name\":\"Tour Travel And More\",\"description\":\"Private sightseeing tours and luxury transfers in Spain\",\"publisher\":{\"@id\":\"https:\/\/tourtravelandmore.com\/fr\/#organization\"},\"potentialAction\":[{\"@type\":\"SearchAction\",\"target\":{\"@type\":\"EntryPoint\",\"urlTemplate\":\"https:\/\/tourtravelandmore.com\/fr\/?s={search_term_string}\"},\"query-input\":{\"@type\":\"PropertyValueSpecification\",\"valueRequired\":true,\"valueName\":\"search_term_string\"}}],\"inLanguage\":\"fr-FR\"},{\"@type\":\"Organization\",\"@id\":\"https:\/\/tourtravelandmore.com\/fr\/#organization\",\"name\":\"Tour Travel And More\",\"url\":\"https:\/\/tourtravelandmore.com\/fr\/\",\"logo\":{\"@type\":\"ImageObject\",\"inLanguage\":\"fr-FR\",\"@id\":\"https:\/\/tourtravelandmore.com\/fr\/#\/schema\/logo\/image\/\",\"url\":\"https:\/\/tourtravelandmore.com\/wp-content\/uploads\/2022\/12\/cropped-logo-cabecera-new.png\",\"contentUrl\":\"https:\/\/tourtravelandmore.com\/wp-content\/uploads\/2022\/12\/cropped-logo-cabecera-new.png\",\"width\":430,\"height\":61,\"caption\":\"Tour Travel And More\"},\"image\":{\"@id\":\"https:\/\/tourtravelandmore.com\/fr\/#\/schema\/logo\/image\/\"},\"sameAs\":[\"https:\/\/www.facebook.com\/tourtravelandmore\/\",\"https:\/\/x.com\/TourTravel_More\"]}]}<\/script>\n<!-- \/ Yoast SEO Premium plugin. -->","yoast_head_json":{"title":"Excursion priv\u00e9e \u00e0 terre de Florence depuis le port de croisi\u00e8re de Livourne","description":"Excursion priv\u00e9e \u00e0 terre de Florence confortablement dans un v\u00e9hicule de luxe priv\u00e9 avec chauffeur. Un guide local priv\u00e9 vous attendra \u00e0 Florence pour votre visite.","robots":{"index":"index","follow":"follow","max-snippet":"max-snippet:-1","max-image-preview":"max-image-preview:large","max-video-preview":"max-video-preview:-1"},"canonical":"https:\/\/tourtravelandmore.com\/fr\/tours\/italie-fr\/livorno-fr\/excursion-privee-a-terre-de-florence-au-depart-de-livourne\/","og_locale":"fr_FR","og_type":"article","og_title":"Excursion priv\u00e9e \u00e0 terre de Florence au d\u00e9part de Livourne","og_description":"Excursion priv\u00e9e \u00e0 terre de Florence confortablement dans un v\u00e9hicule de luxe priv\u00e9 avec chauffeur. Un guide local priv\u00e9 vous attendra \u00e0 Florence pour votre visite.","og_url":"https:\/\/tourtravelandmore.com\/fr\/tours\/italie-fr\/livorno-fr\/excursion-privee-a-terre-de-florence-au-depart-de-livourne\/","og_site_name":"Tour Travel And More","article_publisher":"https:\/\/www.facebook.com\/tourtravelandmore\/","og_image":[{"width":640,"height":426,"url":"https:\/\/tourtravelandmore.com\/wp-content\/uploads\/2018\/02\/firenze.jpg","type":"image\/jpeg"}],"twitter_card":"summary_large_image","twitter_site":"@TourTravel_More","twitter_misc":{"Dur\u00e9e de lecture estim\u00e9e":"2 minutes"},"schema":{"@context":"https:\/\/schema.org","@graph":[{"@type":"WebPage","@id":"https:\/\/tourtravelandmore.com\/fr\/tours\/italie-fr\/livorno-fr\/excursion-privee-a-terre-de-florence-au-depart-de-livourne\/","url":"https:\/\/tourtravelandmore.com\/fr\/tours\/italie-fr\/livorno-fr\/excursion-privee-a-terre-de-florence-au-depart-de-livourne\/","name":"Excursion priv\u00e9e \u00e0 terre de Florence depuis le port de croisi\u00e8re de Livourne","isPartOf":{"@id":"https:\/\/tourtravelandmore.com\/fr\/#website"},"primaryImageOfPage":{"@id":"https:\/\/tourtravelandmore.com\/fr\/tours\/italie-fr\/livorno-fr\/excursion-privee-a-terre-de-florence-au-depart-de-livourne\/#primaryimage"},"image":{"@id":"https:\/\/tourtravelandmore.com\/fr\/tours\/italie-fr\/livorno-fr\/excursion-privee-a-terre-de-florence-au-depart-de-livourne\/#primaryimage"},"thumbnailUrl":"https:\/\/tourtravelandmore.com\/wp-content\/uploads\/2018\/02\/firenze.jpg","datePublished":"2018-02-12T14:02:56+00:00","description":"Excursion priv\u00e9e \u00e0 terre de Florence confortablement dans un v\u00e9hicule de luxe priv\u00e9 avec chauffeur. Un guide local priv\u00e9 vous attendra \u00e0 Florence pour votre visite.","breadcrumb":{"@id":"https:\/\/tourtravelandmore.com\/fr\/tours\/italie-fr\/livorno-fr\/excursion-privee-a-terre-de-florence-au-depart-de-livourne\/#breadcrumb"},"inLanguage":"fr-FR","potentialAction":[{"@type":"ReadAction","target":["https:\/\/tourtravelandmore.com\/fr\/tours\/italie-fr\/livorno-fr\/excursion-privee-a-terre-de-florence-au-depart-de-livourne\/"]}]},{"@type":"ImageObject","inLanguage":"fr-FR","@id":"https:\/\/tourtravelandmore.com\/fr\/tours\/italie-fr\/livorno-fr\/excursion-privee-a-terre-de-florence-au-depart-de-livourne\/#primaryimage","url":"https:\/\/tourtravelandmore.com\/wp-content\/uploads\/2018\/02\/firenze.jpg","contentUrl":"https:\/\/tourtravelandmore.com\/wp-content\/uploads\/2018\/02\/firenze.jpg","width":640,"height":426},{"@type":"BreadcrumbList","@id":"https:\/\/tourtravelandmore.com\/fr\/tours\/italie-fr\/livorno-fr\/excursion-privee-a-terre-de-florence-au-depart-de-livourne\/#breadcrumb","itemListElement":[{"@type":"ListItem","position":1,"name":"Home","item":"https:\/\/tourtravelandmore.com\/fr\/"},{"@type":"ListItem","position":2,"name":"Tours","item":"https:\/\/tourtravelandmore.com\/fr\/tours\/"},{"@type":"ListItem","position":3,"name":"Excursion priv\u00e9e \u00e0 terre de Florence au d\u00e9part de Livourne"}]},{"@type":"WebSite","@id":"https:\/\/tourtravelandmore.com\/fr\/#website","url":"https:\/\/tourtravelandmore.com\/fr\/","name":"Tour Travel And More","description":"Private sightseeing tours and luxury transfers in Spain","publisher":{"@id":"https:\/\/tourtravelandmore.com\/fr\/#organization"},"potentialAction":[{"@type":"SearchAction","target":{"@type":"EntryPoint","urlTemplate":"https:\/\/tourtravelandmore.com\/fr\/?s={search_term_string}"},"query-input":{"@type":"PropertyValueSpecification","valueRequired":true,"valueName":"search_term_string"}}],"inLanguage":"fr-FR"},{"@type":"Organization","@id":"https:\/\/tourtravelandmore.com\/fr\/#organization","name":"Tour Travel And More","url":"https:\/\/tourtravelandmore.com\/fr\/","logo":{"@type":"ImageObject","inLanguage":"fr-FR","@id":"https:\/\/tourtravelandmore.com\/fr\/#\/schema\/logo\/image\/","url":"https:\/\/tourtravelandmore.com\/wp-content\/uploads\/2022\/12\/cropped-logo-cabecera-new.png","contentUrl":"https:\/\/tourtravelandmore.com\/wp-content\/uploads\/2022\/12\/cropped-logo-cabecera-new.png","width":430,"height":61,"caption":"Tour Travel And More"},"image":{"@id":"https:\/\/tourtravelandmore.com\/fr\/#\/schema\/logo\/image\/"},"sameAs":["https:\/\/www.facebook.com\/tourtravelandmore\/","https:\/\/x.com\/TourTravel_More"]}]}},"_links":{"self":[{"href":"https:\/\/tourtravelandmore.com\/fr\/wp-json\/wp\/v2\/product\/101213","targetHints":{"allow":["GET"]}}],"collection":[{"href":"https:\/\/tourtravelandmore.com\/fr\/wp-json\/wp\/v2\/product"}],"about":[{"href":"https:\/\/tourtravelandmore.com\/fr\/wp-json\/wp\/v2\/types\/product"}],"replies":[{"embeddable":true,"href":"https:\/\/tourtravelandmore.com\/fr\/wp-json\/wp\/v2\/comments?post=101213"}],"wp:featuredmedia":[{"embeddable":true,"href":"https:\/\/tourtravelandmore.com\/fr\/wp-json\/wp\/v2\/media\/94705"}],"wp:attachment":[{"href":"https:\/\/tourtravelandmore.com\/fr\/wp-json\/wp\/v2\/media?parent=101213"}],"wp:term":[{"taxonomy":"product_brand","embeddable":true,"href":"https:\/\/tourtravelandmore.com\/fr\/wp-json\/wp\/v2\/product_brand?post=101213"},{"taxonomy":"product_cat","embeddable":true,"href":"https:\/\/tourtravelandmore.com\/fr\/wp-json\/wp\/v2\/product_cat?post=101213"},{"taxonomy":"product_tag","embeddable":true,"href":"https:\/\/tourtravelandmore.com\/fr\/wp-json\/wp\/v2\/product_tag?post=101213"}],"curies":[{"name":"wp","href":"https:\/\/api.w.org\/{rel}","templated":true}]}}