{"id":101208,"date":"2017-02-14T17:18:15","date_gmt":"2017-02-14T16:18:15","guid":{"rendered":"https:\/\/tourtravelandmore.com\/tours\/non%20class\u00e9\/visite-privee-des-cinque-terre-depuis-florence-ou-livourne\/"},"modified":"2023-12-20T17:38:14","modified_gmt":"2023-12-20T16:38:14","slug":"visite-privee-des-cinque-terre-depuis-florence","status":"publish","type":"product","link":"https:\/\/tourtravelandmore.com\/fr\/tours\/italie-fr\/florence-fr\/all-private-tours-activities-fr\/visite-privee-des-cinque-terre-depuis-florence\/","title":{"rendered":"Visite priv\u00e9e des Cinque Terre depuis Florence"},"content":{"rendered":"<h2><b>Description de l&#8217;excursion priv\u00e9e aux Cinque Terre au d\u00e9part de Florence\u00a0<\/b><\/h2>\n<p><span style=\"font-weight: 400;\">Profitez de cette visite priv\u00e9e des Cinque Terre depuis Florence. Ne manquez pas l&#8217;occasion de profiter de sa grande architecture et de ses curiosit\u00e9s.<\/span><\/p>\n<p><span style=\"font-weight: 400;\">Vous rencontrerez votre chauffeur priv\u00e9, qui vous emm\u00e8nera pour cette visite priv\u00e9e dans la magnifique r\u00e9gion des Cinque Terre. Dans le cas de Florence, nous pouvons organiser le ramassage \u00e0 votre h\u00f4tel ou au lieu de votre choix dans la ville.<\/span><\/p>\n<p><span style=\"font-weight: 400;\">Le parc national des Cinque Terre est inscrit au patrimoine mondial de l&#8217;UNESCO depuis 1997. Les Cinque Terre est le nom donn\u00e9 \u00e0 la r\u00e9gion qui se compose de 5 villes dans la province de La Spezia.<\/span><\/p>\n<p><span style=\"font-weight: 400;\">Le voyage dure au total 10 heures.<\/span><\/p>\n<p><span style=\"font-weight: 400;\">Comme tous nos circuits, cette visite priv\u00e9e de la r\u00e9gion des Cinque Terre est une visite enti\u00e8rement personnalis\u00e9e. Nous pouvons l&#8217;organiser en fonction de vos besoins et de vos souhaits personnels. Si vous avez quelque chose en t\u00eate, faites-le nous savoir et nous ferons de notre mieux pour l&#8217;organiser.<\/span><\/p>\n<h2><b>Points d&#8217;int\u00e9r\u00eat de l&#8217;excursion priv\u00e9e dans les Cinque Terre au d\u00e9part de Florence<\/b><\/h2>\n<p><span style=\"font-weight: 400;\">Tout d&#8217;abord, votre chauffeur priv\u00e9 viendra vous chercher \u00e0 l&#8217;endroit de votre choix \u00e0 l&#8217;heure de votre choix. Vous vous rendrez ensuite \u00e0 Cinque Terre en tout confort dans votre v\u00e9hicule de luxe priv\u00e9.<\/span><\/p>\n<p><span style=\"font-weight: 400;\">Les Cinque Terre vont de Punta Mesco \u00e0 Punta di Montenero et comprennent la ville de Monterosso, Vernazza, Corniglia, Manarola et Riomaggiore. Cette r\u00e9gion est l&#8217;une des principales attractions de la Riviera Ligure. Elle offre des vues magnifiques et uniques, et ce depuis des si\u00e8cles.<\/span><\/p>\n<p><span style=\"font-weight: 400;\">Vous profiterez de vues panoramiques \u00e0 couper le souffle depuis les diff\u00e9rentes villes qui font partie du parc national des Cinque Terre. Profitez d&#8217;une promenade le long de la promenade c\u00f4ti\u00e8re &#8220;route des amoureux&#8221; de Riomaggiore \u00e0 Manarola.<\/span><\/p>\n<p><span style=\"font-weight: 400;\">Nous vous expliquerons pourquoi les lieux que vous visiterez au cours de cette visite priv\u00e9e sont charg\u00e9s d&#8217;histoire et pr\u00e9sentent un grand int\u00e9r\u00eat pour leurs visiteurs :<\/span><\/p>\n<h3><b>Monterosso<\/b><\/h3>\n<p><span style=\"font-weight: 400;\">Monterosso est une petite ville de la Riviera italienne qui attire les touristes depuis plus d&#8217;un si\u00e8cle. Le village est c\u00e9l\u00e8bre pour ses belles plages, son architecture charmante et ses falaises abruptes.<\/span><\/p>\n<p><span style=\"font-weight: 400;\">La falaise a \u00e9t\u00e9 cr\u00e9\u00e9e par une activit\u00e9 volcanique qui s&#8217;est produite il y a des millions d&#8217;ann\u00e9es. Les roches issues de cette activit\u00e9 ont \u00e9t\u00e9 d\u00e9pos\u00e9es sur le littoral est tout simplement spectaculaire.<\/span><\/p>\n<h3><b>Vernazza<\/b><\/h3>\n<p><span style=\"font-weight: 400;\">Vernazza est une ville de Ligurie, en Italie. Elle est connue pour ses maisons aux couleurs vives et sa situation sur la Riviera italienne. Vernazza est une destination touristique populaire depuis le 18e si\u00e8cle. Elle \u00e9tait autrefois l&#8217;un des ports les plus importants d&#8217;Europe et poss\u00e8de toujours un charme d&#8217;antan qui attire de nombreux touristes chaque ann\u00e9e.<\/span><\/p>\n<h3><b>Corniglia<\/b><\/h3>\n<p><span style=\"font-weight: 400;\">Corniglia est un petit village de la r\u00e9gion italienne de Ligurie. Le village est c\u00e9l\u00e8bre pour la beaut\u00e9 de son paysage, car il est perch\u00e9 sur une montagne et entour\u00e9 de vignobles, d&#8217;oliveraies et de jardins. Elle est \u00e9galement c\u00e9l\u00e8bre pour sa gastronomie ainsi que pour son vin. Corniglia a une population d&#8217;environ 500 personnes et n&#8217;a qu&#8217;une seule rue principale qui traverse le village d&#8217;un bout \u00e0 l&#8217;autre avec de nombreux magasins et restaurants des deux c\u00f4t\u00e9s.<\/span><\/p>\n<h3><b>Manarola<\/b><\/h3>\n<p><span style=\"font-weight: 400;\">Manarola est une petite ville de la province de La Spezia, en Ligurie, dans le nord de l&#8217;Italie. C&#8217;est l&#8217;un des cinq villages qui composent les Cinque Terre, un site class\u00e9 au patrimoine mondial de l&#8217;UNESCO.<\/span><\/p>\n<p><span style=\"font-weight: 400;\">La ville a \u00e9t\u00e9 construite \u00e0 l&#8217;embouchure d&#8217;une gorge creus\u00e9e par la rivi\u00e8re Magra. L&#8217;\u00e9troite ouverture sur la mer en faisait un lieu id\u00e9al pour la fortification et son statut d&#8217;\u00eele naturelle en a fait une destination touristique attrayante.<\/span><\/p>\n<h3><b>Riomaggiore<\/b><\/h3>\n<p><span style=\"font-weight: 400;\">Riomaggiore est une ville de la province de La Spezia, en Ligurie, dans le nord de l&#8217;Italie, avec une population d&#8217;environ 5 000 habitants. La ville est c\u00e9l\u00e8bre pour ses maisons pittoresques et ses rues \u00e9troites si caract\u00e9ristiques des Cinque Terre.<\/span><\/p>\n<p><span style=\"font-weight: 400;\">La ville a \u00e9t\u00e9 pr\u00e9sent\u00e9e dans de nombreux films et programmes de t\u00e9l\u00e9vision et a \u00e9galement \u00e9t\u00e9 visit\u00e9e par de nombreuses c\u00e9l\u00e9brit\u00e9s. L&#8217;un des visiteurs les plus c\u00e9l\u00e8bres \u00e9tait Audrey Hepburn, qui a jou\u00e9 dans le film &#8220;Roman Holiday&#8221;, o\u00f9 elle incarnait une princesse d&#8217;un pays lointain qui tombe amoureuse d&#8217;un journaliste am\u00e9ricain jou\u00e9 par Gregory Peck.<\/span><\/p>\n<p><span style=\"font-weight: 400;\">Cinque Terre est l&#8217;une des destinations touristiques les plus populaires d&#8217;Italie avec plus de 2 millions de visiteurs chaque ann\u00e9e.<\/span><\/p>\n<p><span style=\"font-weight: 400;\">Enfin, votre chauffeur priv\u00e9 vous ram\u00e8nera au l&#8217;h\u00f4tel ou au lieu de votre choix \u00e0 Florence. Votre guide officiel et votre chauffeur priv\u00e9 seront \u00e0 votre enti\u00e8re disposition pendant toute la dur\u00e9e de l&#8217;excursion.<\/span><\/p>\n<p><strong>Une autre option d&#8217;excursion d&#8217;une journ\u00e9e compl\u00e8te pourrait \u00eatre notre <a href=\"https:\/\/tourtravelandmore.com\/fr\/tours\/italie-fr\/florence-fr\/all-private-tours-activities-fr\/visite-de-rome-au-depart-de-florence-visite-privee-dune-journee\/\">visite priv\u00e9e de Rome depuis Florence,<\/a> jetez-y un coup d&#8217;\u0153il !<\/strong><\/p>\n<div id=\"gtx-trans\" style=\"position: absolute; left: -6px; top: 1824.23px;\">\n<div class=\"gtx-trans-icon\"><\/div>\n<\/div>\n","protected":false},"excerpt":{"rendered":"<p><b>\u00a0<\/b><span style=\"font-weight: 400;\">Le tour priv\u00e9 des Cinque Terre au d\u00e9part de Florence est une excursion priv\u00e9e de 9 heures qui comprend la visite des cinq villages et un arr\u00eat dans le village de p\u00eacheurs typique de Riomaggiore. Cette visite est une exp\u00e9rience inoubliable, qui donne un aper\u00e7u authentique de la vie dans ces villages.<\/span><\/p>\n","protected":false},"featured_media":171585,"comment_status":"open","ping_status":"closed","template":"","meta":{"_acf_changed":false},"product_brand":[],"product_cat":[4589,3697,3702,3703],"product_tag":[],"class_list":{"0":"post-101208","1":"product","2":"type-product","3":"status-publish","4":"has-post-thumbnail","6":"product_cat-cinque-terre-fr","7":"product_cat-florence-fr","8":"product_cat-all-private-tours-activities-fr","9":"product_cat-private-day-trips","11":"first","12":"instock","13":"shipping-taxable","14":"purchasable","15":"product-type-simple"},"acf":[],"yoast_head":"<!-- This site is optimized with the Yoast SEO Premium plugin v25.3.1 (Yoast SEO v25.3.1) - https:\/\/yoast.com\/wordpress\/plugins\/seo\/ -->\n<title>\u27a1\ufe0f Tour priv\u00e9 aux Cinque Terre depuis Florence| Tour Travel &amp; More<\/title>\n<meta name=\"description\" content=\"R\u00e9servez d\u00e8s maintenant cette excursion priv\u00e9e aux Cinque Terre depuis Florence, ce sera une exp\u00e9rience magistrale que vous n&#039;oublierez jamais \u2705.\" \/>\n<meta name=\"robots\" content=\"index, follow, max-snippet:-1, max-image-preview:large, max-video-preview:-1\" \/>\n<link rel=\"canonical\" href=\"https:\/\/tourtravelandmore.com\/fr\/tours\/italie-fr\/florence-fr\/all-private-tours-activities-fr\/visite-privee-des-cinque-terre-depuis-florence\/\" \/>\n<meta property=\"og:locale\" content=\"fr_FR\" \/>\n<meta property=\"og:type\" content=\"article\" \/>\n<meta property=\"og:title\" content=\"Visite priv\u00e9e des Cinque Terre depuis Florence\" \/>\n<meta property=\"og:description\" content=\"R\u00e9servez d\u00e8s maintenant cette excursion priv\u00e9e aux Cinque Terre depuis Florence, ce sera une exp\u00e9rience magistrale que vous n&#039;oublierez jamais \u2705.\" \/>\n<meta property=\"og:url\" content=\"https:\/\/tourtravelandmore.com\/fr\/tours\/italie-fr\/florence-fr\/all-private-tours-activities-fr\/visite-privee-des-cinque-terre-depuis-florence\/\" \/>\n<meta property=\"og:site_name\" content=\"Tour Travel And More\" \/>\n<meta property=\"article:publisher\" content=\"https:\/\/www.facebook.com\/tourtravelandmore\/\" \/>\n<meta property=\"article:modified_time\" content=\"2023-12-20T16:38:14+00:00\" \/>\n<meta property=\"og:image\" content=\"https:\/\/tourtravelandmore.com\/wp-content\/uploads\/2017\/02\/Vernazza5-740x518.jpg\" \/>\n\t<meta property=\"og:image:width\" content=\"740\" \/>\n\t<meta property=\"og:image:height\" content=\"518\" \/>\n\t<meta property=\"og:image:type\" content=\"image\/jpeg\" \/>\n<meta name=\"twitter:card\" content=\"summary_large_image\" \/>\n<meta name=\"twitter:site\" content=\"@TourTravel_More\" \/>\n<meta name=\"twitter:label1\" content=\"Dur\u00e9e de lecture estim\u00e9e\" \/>\n\t<meta name=\"twitter:data1\" content=\"4 minutes\" \/>\n<script type=\"application\/ld+json\" class=\"yoast-schema-graph\">{\"@context\":\"https:\/\/schema.org\",\"@graph\":[{\"@type\":\"WebPage\",\"@id\":\"https:\/\/tourtravelandmore.com\/fr\/tours\/italie-fr\/florence-fr\/all-private-tours-activities-fr\/visite-privee-des-cinque-terre-depuis-florence\/\",\"url\":\"https:\/\/tourtravelandmore.com\/fr\/tours\/italie-fr\/florence-fr\/all-private-tours-activities-fr\/visite-privee-des-cinque-terre-depuis-florence\/\",\"name\":\"\u27a1\ufe0f Tour priv\u00e9 aux Cinque Terre depuis Florence| Tour Travel & More\",\"isPartOf\":{\"@id\":\"https:\/\/tourtravelandmore.com\/fr\/#website\"},\"primaryImageOfPage\":{\"@id\":\"https:\/\/tourtravelandmore.com\/fr\/tours\/italie-fr\/florence-fr\/all-private-tours-activities-fr\/visite-privee-des-cinque-terre-depuis-florence\/#primaryimage\"},\"image\":{\"@id\":\"https:\/\/tourtravelandmore.com\/fr\/tours\/italie-fr\/florence-fr\/all-private-tours-activities-fr\/visite-privee-des-cinque-terre-depuis-florence\/#primaryimage\"},\"thumbnailUrl\":\"https:\/\/tourtravelandmore.com\/wp-content\/uploads\/2017\/02\/pexels-photo-1797121.jpeg\",\"datePublished\":\"2017-02-14T16:18:15+00:00\",\"dateModified\":\"2023-12-20T16:38:14+00:00\",\"description\":\"R\u00e9servez d\u00e8s maintenant cette excursion priv\u00e9e aux Cinque Terre depuis Florence, ce sera une exp\u00e9rience magistrale que vous n'oublierez jamais \u2705.\",\"breadcrumb\":{\"@id\":\"https:\/\/tourtravelandmore.com\/fr\/tours\/italie-fr\/florence-fr\/all-private-tours-activities-fr\/visite-privee-des-cinque-terre-depuis-florence\/#breadcrumb\"},\"inLanguage\":\"fr-FR\",\"potentialAction\":[{\"@type\":\"ReadAction\",\"target\":[\"https:\/\/tourtravelandmore.com\/fr\/tours\/italie-fr\/florence-fr\/all-private-tours-activities-fr\/visite-privee-des-cinque-terre-depuis-florence\/\"]}]},{\"@type\":\"ImageObject\",\"inLanguage\":\"fr-FR\",\"@id\":\"https:\/\/tourtravelandmore.com\/fr\/tours\/italie-fr\/florence-fr\/all-private-tours-activities-fr\/visite-privee-des-cinque-terre-depuis-florence\/#primaryimage\",\"url\":\"https:\/\/tourtravelandmore.com\/wp-content\/uploads\/2017\/02\/pexels-photo-1797121.jpeg\",\"contentUrl\":\"https:\/\/tourtravelandmore.com\/wp-content\/uploads\/2017\/02\/pexels-photo-1797121.jpeg\",\"width\":1260,\"height\":709},{\"@type\":\"BreadcrumbList\",\"@id\":\"https:\/\/tourtravelandmore.com\/fr\/tours\/italie-fr\/florence-fr\/all-private-tours-activities-fr\/visite-privee-des-cinque-terre-depuis-florence\/#breadcrumb\",\"itemListElement\":[{\"@type\":\"ListItem\",\"position\":1,\"name\":\"Home\",\"item\":\"https:\/\/tourtravelandmore.com\/fr\/\"},{\"@type\":\"ListItem\",\"position\":2,\"name\":\"Tours\",\"item\":\"https:\/\/tourtravelandmore.com\/fr\/tours\/\"},{\"@type\":\"ListItem\",\"position\":3,\"name\":\"Visite priv\u00e9e des Cinque Terre depuis Florence\"}]},{\"@type\":\"WebSite\",\"@id\":\"https:\/\/tourtravelandmore.com\/fr\/#website\",\"url\":\"https:\/\/tourtravelandmore.com\/fr\/\",\"name\":\"Tour Travel And More\",\"description\":\"Private sightseeing tours and luxury transfers in Spain\",\"publisher\":{\"@id\":\"https:\/\/tourtravelandmore.com\/fr\/#organization\"},\"potentialAction\":[{\"@type\":\"SearchAction\",\"target\":{\"@type\":\"EntryPoint\",\"urlTemplate\":\"https:\/\/tourtravelandmore.com\/fr\/?s={search_term_string}\"},\"query-input\":{\"@type\":\"PropertyValueSpecification\",\"valueRequired\":true,\"valueName\":\"search_term_string\"}}],\"inLanguage\":\"fr-FR\"},{\"@type\":\"Organization\",\"@id\":\"https:\/\/tourtravelandmore.com\/fr\/#organization\",\"name\":\"Tour Travel And More\",\"url\":\"https:\/\/tourtravelandmore.com\/fr\/\",\"logo\":{\"@type\":\"ImageObject\",\"inLanguage\":\"fr-FR\",\"@id\":\"https:\/\/tourtravelandmore.com\/fr\/#\/schema\/logo\/image\/\",\"url\":\"https:\/\/tourtravelandmore.com\/wp-content\/uploads\/2022\/12\/cropped-logo-cabecera-new.png\",\"contentUrl\":\"https:\/\/tourtravelandmore.com\/wp-content\/uploads\/2022\/12\/cropped-logo-cabecera-new.png\",\"width\":430,\"height\":61,\"caption\":\"Tour Travel And More\"},\"image\":{\"@id\":\"https:\/\/tourtravelandmore.com\/fr\/#\/schema\/logo\/image\/\"},\"sameAs\":[\"https:\/\/www.facebook.com\/tourtravelandmore\/\",\"https:\/\/x.com\/TourTravel_More\"]}]}<\/script>\n<!-- \/ Yoast SEO Premium plugin. -->","yoast_head_json":{"title":"\u27a1\ufe0f Tour priv\u00e9 aux Cinque Terre depuis Florence| Tour Travel & More","description":"R\u00e9servez d\u00e8s maintenant cette excursion priv\u00e9e aux Cinque Terre depuis Florence, ce sera une exp\u00e9rience magistrale que vous n'oublierez jamais \u2705.","robots":{"index":"index","follow":"follow","max-snippet":"max-snippet:-1","max-image-preview":"max-image-preview:large","max-video-preview":"max-video-preview:-1"},"canonical":"https:\/\/tourtravelandmore.com\/fr\/tours\/italie-fr\/florence-fr\/all-private-tours-activities-fr\/visite-privee-des-cinque-terre-depuis-florence\/","og_locale":"fr_FR","og_type":"article","og_title":"Visite priv\u00e9e des Cinque Terre depuis Florence","og_description":"R\u00e9servez d\u00e8s maintenant cette excursion priv\u00e9e aux Cinque Terre depuis Florence, ce sera une exp\u00e9rience magistrale que vous n'oublierez jamais \u2705.","og_url":"https:\/\/tourtravelandmore.com\/fr\/tours\/italie-fr\/florence-fr\/all-private-tours-activities-fr\/visite-privee-des-cinque-terre-depuis-florence\/","og_site_name":"Tour Travel And More","article_publisher":"https:\/\/www.facebook.com\/tourtravelandmore\/","article_modified_time":"2023-12-20T16:38:14+00:00","og_image":[{"width":740,"height":518,"url":"https:\/\/tourtravelandmore.com\/wp-content\/uploads\/2017\/02\/Vernazza5-740x518.jpg","type":"image\/jpeg"}],"twitter_card":"summary_large_image","twitter_site":"@TourTravel_More","twitter_misc":{"Dur\u00e9e de lecture estim\u00e9e":"4 minutes"},"schema":{"@context":"https:\/\/schema.org","@graph":[{"@type":"WebPage","@id":"https:\/\/tourtravelandmore.com\/fr\/tours\/italie-fr\/florence-fr\/all-private-tours-activities-fr\/visite-privee-des-cinque-terre-depuis-florence\/","url":"https:\/\/tourtravelandmore.com\/fr\/tours\/italie-fr\/florence-fr\/all-private-tours-activities-fr\/visite-privee-des-cinque-terre-depuis-florence\/","name":"\u27a1\ufe0f Tour priv\u00e9 aux Cinque Terre depuis Florence| Tour Travel & More","isPartOf":{"@id":"https:\/\/tourtravelandmore.com\/fr\/#website"},"primaryImageOfPage":{"@id":"https:\/\/tourtravelandmore.com\/fr\/tours\/italie-fr\/florence-fr\/all-private-tours-activities-fr\/visite-privee-des-cinque-terre-depuis-florence\/#primaryimage"},"image":{"@id":"https:\/\/tourtravelandmore.com\/fr\/tours\/italie-fr\/florence-fr\/all-private-tours-activities-fr\/visite-privee-des-cinque-terre-depuis-florence\/#primaryimage"},"thumbnailUrl":"https:\/\/tourtravelandmore.com\/wp-content\/uploads\/2017\/02\/pexels-photo-1797121.jpeg","datePublished":"2017-02-14T16:18:15+00:00","dateModified":"2023-12-20T16:38:14+00:00","description":"R\u00e9servez d\u00e8s maintenant cette excursion priv\u00e9e aux Cinque Terre depuis Florence, ce sera une exp\u00e9rience magistrale que vous n'oublierez jamais \u2705.","breadcrumb":{"@id":"https:\/\/tourtravelandmore.com\/fr\/tours\/italie-fr\/florence-fr\/all-private-tours-activities-fr\/visite-privee-des-cinque-terre-depuis-florence\/#breadcrumb"},"inLanguage":"fr-FR","potentialAction":[{"@type":"ReadAction","target":["https:\/\/tourtravelandmore.com\/fr\/tours\/italie-fr\/florence-fr\/all-private-tours-activities-fr\/visite-privee-des-cinque-terre-depuis-florence\/"]}]},{"@type":"ImageObject","inLanguage":"fr-FR","@id":"https:\/\/tourtravelandmore.com\/fr\/tours\/italie-fr\/florence-fr\/all-private-tours-activities-fr\/visite-privee-des-cinque-terre-depuis-florence\/#primaryimage","url":"https:\/\/tourtravelandmore.com\/wp-content\/uploads\/2017\/02\/pexels-photo-1797121.jpeg","contentUrl":"https:\/\/tourtravelandmore.com\/wp-content\/uploads\/2017\/02\/pexels-photo-1797121.jpeg","width":1260,"height":709},{"@type":"BreadcrumbList","@id":"https:\/\/tourtravelandmore.com\/fr\/tours\/italie-fr\/florence-fr\/all-private-tours-activities-fr\/visite-privee-des-cinque-terre-depuis-florence\/#breadcrumb","itemListElement":[{"@type":"ListItem","position":1,"name":"Home","item":"https:\/\/tourtravelandmore.com\/fr\/"},{"@type":"ListItem","position":2,"name":"Tours","item":"https:\/\/tourtravelandmore.com\/fr\/tours\/"},{"@type":"ListItem","position":3,"name":"Visite priv\u00e9e des Cinque Terre depuis Florence"}]},{"@type":"WebSite","@id":"https:\/\/tourtravelandmore.com\/fr\/#website","url":"https:\/\/tourtravelandmore.com\/fr\/","name":"Tour Travel And More","description":"Private sightseeing tours and luxury transfers in Spain","publisher":{"@id":"https:\/\/tourtravelandmore.com\/fr\/#organization"},"potentialAction":[{"@type":"SearchAction","target":{"@type":"EntryPoint","urlTemplate":"https:\/\/tourtravelandmore.com\/fr\/?s={search_term_string}"},"query-input":{"@type":"PropertyValueSpecification","valueRequired":true,"valueName":"search_term_string"}}],"inLanguage":"fr-FR"},{"@type":"Organization","@id":"https:\/\/tourtravelandmore.com\/fr\/#organization","name":"Tour Travel And More","url":"https:\/\/tourtravelandmore.com\/fr\/","logo":{"@type":"ImageObject","inLanguage":"fr-FR","@id":"https:\/\/tourtravelandmore.com\/fr\/#\/schema\/logo\/image\/","url":"https:\/\/tourtravelandmore.com\/wp-content\/uploads\/2022\/12\/cropped-logo-cabecera-new.png","contentUrl":"https:\/\/tourtravelandmore.com\/wp-content\/uploads\/2022\/12\/cropped-logo-cabecera-new.png","width":430,"height":61,"caption":"Tour Travel And More"},"image":{"@id":"https:\/\/tourtravelandmore.com\/fr\/#\/schema\/logo\/image\/"},"sameAs":["https:\/\/www.facebook.com\/tourtravelandmore\/","https:\/\/x.com\/TourTravel_More"]}]}},"_links":{"self":[{"href":"https:\/\/tourtravelandmore.com\/fr\/wp-json\/wp\/v2\/product\/101208","targetHints":{"allow":["GET"]}}],"collection":[{"href":"https:\/\/tourtravelandmore.com\/fr\/wp-json\/wp\/v2\/product"}],"about":[{"href":"https:\/\/tourtravelandmore.com\/fr\/wp-json\/wp\/v2\/types\/product"}],"replies":[{"embeddable":true,"href":"https:\/\/tourtravelandmore.com\/fr\/wp-json\/wp\/v2\/comments?post=101208"}],"wp:featuredmedia":[{"embeddable":true,"href":"https:\/\/tourtravelandmore.com\/fr\/wp-json\/wp\/v2\/media\/171585"}],"wp:attachment":[{"href":"https:\/\/tourtravelandmore.com\/fr\/wp-json\/wp\/v2\/media?parent=101208"}],"wp:term":[{"taxonomy":"product_brand","embeddable":true,"href":"https:\/\/tourtravelandmore.com\/fr\/wp-json\/wp\/v2\/product_brand?post=101208"},{"taxonomy":"product_cat","embeddable":true,"href":"https:\/\/tourtravelandmore.com\/fr\/wp-json\/wp\/v2\/product_cat?post=101208"},{"taxonomy":"product_tag","embeddable":true,"href":"https:\/\/tourtravelandmore.com\/fr\/wp-json\/wp\/v2\/product_tag?post=101208"}],"curies":[{"name":"wp","href":"https:\/\/api.w.org\/{rel}","templated":true}]}}