{"id":101202,"date":"2017-02-14T17:02:41","date_gmt":"2017-02-14T16:02:41","guid":{"rendered":"https:\/\/tourtravelandmore.com\/tours\/non class\u00e9\/excursion-privee-a-terre-a-florence-et-pise\/"},"modified":"2017-02-14T17:02:41","modified_gmt":"2017-02-14T16:02:41","slug":"excursion-privee-a-terre-a-florence-et-pise","status":"publish","type":"product","link":"https:\/\/tourtravelandmore.com\/fr\/tours\/italie-fr\/livorno-fr\/excursion-privee-a-terre-a-florence-et-pise\/","title":{"rendered":"Excursion priv\u00e9e \u00e0 terre \u00e0 Florence et Pise"},"content":{"rendered":"<h2>Description<\/h2>\n<p>Une fois arriv\u00e9 \u00e0 Livourne, profitez de cette excursion priv\u00e9e \u00e0 terre \u00e0 Florence et Pise. Vous aurez \u00e0 votre enti\u00e8re disposition un v\u00e9hicule de luxe priv\u00e9 avec chauffeur pendant 8 heures.<\/p>\n<p>Florence est la capitale de la r\u00e9gion de la Toscane, et elle a \u00e9t\u00e9 le lieu principal de chaque nouvelle \u00e9tape de l&#8217;art en Italie. L&#8217;art et la cr\u00e9ativit\u00e9 sont pr\u00e9sents dans chaque rue et coin, ainsi que dans la grande quantit\u00e9 d&#8217;\u00e9glises, de mus\u00e9es et de monuments. Vous marcherez avec un guide officiel priv\u00e9, qui vous \u00e9clairera avec les secrets et l&#8217;histoire de cette ville incroyable.<\/p>\n<p>D&#8217;autre part, Pise est une autre ville importante de la r\u00e9gion de la Toscane. On ne sait pas qui a construit la ville de Pise, mais il est confirm\u00e9 que cela existe depuis le 7\u00e8me si\u00e8cle avant JC.<\/p>\n<p>Vous aurez un guide officiel priv\u00e9 pendant 3 heures une fois que vous atteindrez Florence. Tous nos guides sont des professionnels, des officiels et tr\u00e8s bien inform\u00e9s sur l&#8217;histoire et la ville.<\/p>\n<p>Une autre option possible d&#8217;une excursion d&#8217;une journ\u00e9e compl\u00e8te depuis le port de Livourne, est notre visite priv\u00e9e \u00e0 Pise et Lucca, jetez un coup d&#8217;\u0153il !.<\/p>\n<h2>Sites d&#8217;int\u00e9r\u00eat et points de rep\u00e8re<\/h2>\n<p>Pise et Florence sont les deux villes les plus embl\u00e9matiques de la r\u00e9gion Toscane qui ont beaucoup \u00e0 offrir. Au cours de cette excursion priv\u00e9e \u00e0 terre \u00e0 Florence et \u00e0 Pise, vous d\u00e9couvrirez les sites les plus repr\u00e9sentatifs des deux villes.<\/p>\n<p>Votre chauffeur priv\u00e9 viendra vous chercher au port de croisi\u00e8re de Livourne \u00e0 votre heure de d\u00e9barquement. Vous visiterez d&#8217;abord Florence o\u00f9 votre guide officiel priv\u00e9 vous attendra.<\/p>\n<p>Entre autres monuments et sites touristiques, vous pouvez apprendre \u00e0 conna\u00eetre:<\/p>\n<ul>\n<li>Duomo<\/li>\n<li>Catedral de Santa Maria del Fiore<\/li>\n<li>Galerie des Offices<\/li>\n<li>Galerie de l&#8217;Acad\u00e9mie<\/li>\n<li>Ponte Vecchio<\/li>\n<li>Palacio Pitti<\/li>\n<li>Piazza de la Signoria<\/li>\n<li>Palazzo Vecchio<\/li>\n<li>Piazzale Michelangelo<\/li>\n<li>et beaucoup plus!<\/li>\n<\/ul>\n<p>Deuxi\u00e8mement, vous continuerez vers Pise, o\u00f9 vous visiterez la ville historique de Pise, qui existe depuis le 7\u00e8me si\u00e8cle avant JC. Vous d\u00e9couvrirez \u00e9galement les principales attractions de la ville, notamment la Piazza dei Miracoli. Sur cette place, vous trouverez la tour pench\u00e9e, la cath\u00e9drale et le baptist\u00e8re.<\/p>\n<p>Si vous \u00eates int\u00e9ress\u00e9, nous pouvons organiser une entr\u00e9e coupe-file pour tout monument ou mus\u00e9e que vous souhaitez visiter \u00e0 Florence et \/ ou \u00e0 Pise.<\/p>\n<p>Au cours de cette excursion priv\u00e9e \u00e0 terre, vous ferez \u00e9galement une halte pour d\u00e9jeuner dans un restaurant \u00e9tonnant de la zone.<\/p>\n<p>Enfin, votre chauffeur priv\u00e9 vous ram\u00e8nera \u00e0 votre bateau de croisi\u00e8re \u00e0 Livourne.<\/p>\n","protected":false},"excerpt":{"rendered":"<p>Les croisi\u00e8res vous offrent une excellente occasion de profiter pleinement de chaque ville. Profitez de cette excursion \u00e0 terre enti\u00e8rement priv\u00e9e de Florence et Pise au d\u00e9part de Livourne. Ne manquez pas une chance de conna\u00eetre Florence, Pise et tout ce qu&#8217;elle a \u00e0 offrir \u00e0 c\u00f4t\u00e9 de votre guide officiel priv\u00e9 \u00e0 Florence et confortablement dans votre v\u00e9hicule de luxe priv\u00e9 avec un chauffeur s\u00e9par\u00e9. Ne manquez pas les monuments et sites comme le Duomo, le Ponte Vecchio, la tour de Pise, la Piazza dei Miracoli et bien plus encore!<\/p>\n","protected":false},"featured_media":94689,"comment_status":"open","ping_status":"closed","template":"","meta":{"_acf_changed":false},"product_brand":[],"product_cat":[3695],"product_tag":[],"class_list":{"0":"post-101202","1":"product","2":"type-product","3":"status-publish","4":"has-post-thumbnail","6":"product_cat-livorno-fr","8":"first","9":"instock","10":"shipping-taxable","11":"purchasable","12":"product-type-simple"},"acf":[],"yoast_head":"<!-- This site is optimized with the Yoast SEO Premium plugin v25.3.1 (Yoast SEO v25.3.1) - https:\/\/yoast.com\/wordpress\/plugins\/seo\/ -->\n<title>Excursion priv\u00e9e \u00e0 terre \u00e0 Florence et Pise au d\u00e9part de Livourne<\/title>\n<meta name=\"description\" content=\"Profitez de cette excursion priv\u00e9e \u00e0 terre \u00e0 Florence et Pise au d\u00e9part de Livourne dans un v\u00e9hicule de luxe priv\u00e9 avec chauffeur. Guide officiel de Florence rien que pour vous.\" \/>\n<meta name=\"robots\" content=\"index, follow, max-snippet:-1, max-image-preview:large, max-video-preview:-1\" \/>\n<link rel=\"canonical\" href=\"https:\/\/tourtravelandmore.com\/fr\/tours\/italie-fr\/livorno-fr\/excursion-privee-a-terre-a-florence-et-pise\/\" \/>\n<meta property=\"og:locale\" content=\"fr_FR\" \/>\n<meta property=\"og:type\" content=\"article\" \/>\n<meta property=\"og:title\" content=\"Excursion priv\u00e9e \u00e0 terre \u00e0 Florence et Pise\" \/>\n<meta property=\"og:description\" content=\"Profitez de cette excursion priv\u00e9e \u00e0 terre \u00e0 Florence et Pise au d\u00e9part de Livourne dans un v\u00e9hicule de luxe priv\u00e9 avec chauffeur. Guide officiel de Florence rien que pour vous.\" \/>\n<meta property=\"og:url\" content=\"https:\/\/tourtravelandmore.com\/fr\/tours\/italie-fr\/livorno-fr\/excursion-privee-a-terre-a-florence-et-pise\/\" \/>\n<meta property=\"og:site_name\" content=\"Tour Travel And More\" \/>\n<meta property=\"article:publisher\" content=\"https:\/\/www.facebook.com\/tourtravelandmore\/\" \/>\n<meta property=\"og:image\" content=\"https:\/\/tourtravelandmore.com\/wp-content\/uploads\/2017\/02\/090410-F-8957M-056-1024x690.jpg\" \/>\n\t<meta property=\"og:image:width\" content=\"1024\" \/>\n\t<meta property=\"og:image:height\" content=\"690\" \/>\n\t<meta property=\"og:image:type\" content=\"image\/jpeg\" \/>\n<meta name=\"twitter:card\" content=\"summary_large_image\" \/>\n<meta name=\"twitter:site\" content=\"@TourTravel_More\" \/>\n<meta name=\"twitter:label1\" content=\"Dur\u00e9e de lecture estim\u00e9e\" \/>\n\t<meta name=\"twitter:data1\" content=\"2 minutes\" \/>\n<script type=\"application\/ld+json\" class=\"yoast-schema-graph\">{\"@context\":\"https:\/\/schema.org\",\"@graph\":[{\"@type\":\"WebPage\",\"@id\":\"https:\/\/tourtravelandmore.com\/fr\/tours\/italie-fr\/livorno-fr\/excursion-privee-a-terre-a-florence-et-pise\/\",\"url\":\"https:\/\/tourtravelandmore.com\/fr\/tours\/italie-fr\/livorno-fr\/excursion-privee-a-terre-a-florence-et-pise\/\",\"name\":\"Excursion priv\u00e9e \u00e0 terre \u00e0 Florence et Pise au d\u00e9part de Livourne\",\"isPartOf\":{\"@id\":\"https:\/\/tourtravelandmore.com\/fr\/#website\"},\"primaryImageOfPage\":{\"@id\":\"https:\/\/tourtravelandmore.com\/fr\/tours\/italie-fr\/livorno-fr\/excursion-privee-a-terre-a-florence-et-pise\/#primaryimage\"},\"image\":{\"@id\":\"https:\/\/tourtravelandmore.com\/fr\/tours\/italie-fr\/livorno-fr\/excursion-privee-a-terre-a-florence-et-pise\/#primaryimage\"},\"thumbnailUrl\":\"https:\/\/tourtravelandmore.com\/wp-content\/uploads\/2017\/02\/090410-F-8957M-056.jpg\",\"datePublished\":\"2017-02-14T16:02:41+00:00\",\"description\":\"Profitez de cette excursion priv\u00e9e \u00e0 terre \u00e0 Florence et Pise au d\u00e9part de Livourne dans un v\u00e9hicule de luxe priv\u00e9 avec chauffeur. Guide officiel de Florence rien que pour vous.\",\"breadcrumb\":{\"@id\":\"https:\/\/tourtravelandmore.com\/fr\/tours\/italie-fr\/livorno-fr\/excursion-privee-a-terre-a-florence-et-pise\/#breadcrumb\"},\"inLanguage\":\"fr-FR\",\"potentialAction\":[{\"@type\":\"ReadAction\",\"target\":[\"https:\/\/tourtravelandmore.com\/fr\/tours\/italie-fr\/livorno-fr\/excursion-privee-a-terre-a-florence-et-pise\/\"]}]},{\"@type\":\"ImageObject\",\"inLanguage\":\"fr-FR\",\"@id\":\"https:\/\/tourtravelandmore.com\/fr\/tours\/italie-fr\/livorno-fr\/excursion-privee-a-terre-a-florence-et-pise\/#primaryimage\",\"url\":\"https:\/\/tourtravelandmore.com\/wp-content\/uploads\/2017\/02\/090410-F-8957M-056.jpg\",\"contentUrl\":\"https:\/\/tourtravelandmore.com\/wp-content\/uploads\/2017\/02\/090410-F-8957M-056.jpg\",\"width\":2832,\"height\":1908,\"caption\":\"The Fountain of Neptune is located in the Piazza della Signoria to the left of the entrance to the Palazzo Vecchio in Florence, Italy. (U.S. Air Force photo\/Staff Sgt. Lindsey Maurice)\"},{\"@type\":\"BreadcrumbList\",\"@id\":\"https:\/\/tourtravelandmore.com\/fr\/tours\/italie-fr\/livorno-fr\/excursion-privee-a-terre-a-florence-et-pise\/#breadcrumb\",\"itemListElement\":[{\"@type\":\"ListItem\",\"position\":1,\"name\":\"Home\",\"item\":\"https:\/\/tourtravelandmore.com\/fr\/\"},{\"@type\":\"ListItem\",\"position\":2,\"name\":\"Tours\",\"item\":\"https:\/\/tourtravelandmore.com\/fr\/tours\/\"},{\"@type\":\"ListItem\",\"position\":3,\"name\":\"Excursion priv\u00e9e \u00e0 terre \u00e0 Florence et Pise\"}]},{\"@type\":\"WebSite\",\"@id\":\"https:\/\/tourtravelandmore.com\/fr\/#website\",\"url\":\"https:\/\/tourtravelandmore.com\/fr\/\",\"name\":\"Tour Travel And More\",\"description\":\"Private sightseeing tours and luxury transfers in Spain\",\"publisher\":{\"@id\":\"https:\/\/tourtravelandmore.com\/fr\/#organization\"},\"potentialAction\":[{\"@type\":\"SearchAction\",\"target\":{\"@type\":\"EntryPoint\",\"urlTemplate\":\"https:\/\/tourtravelandmore.com\/fr\/?s={search_term_string}\"},\"query-input\":{\"@type\":\"PropertyValueSpecification\",\"valueRequired\":true,\"valueName\":\"search_term_string\"}}],\"inLanguage\":\"fr-FR\"},{\"@type\":\"Organization\",\"@id\":\"https:\/\/tourtravelandmore.com\/fr\/#organization\",\"name\":\"Tour Travel And More\",\"url\":\"https:\/\/tourtravelandmore.com\/fr\/\",\"logo\":{\"@type\":\"ImageObject\",\"inLanguage\":\"fr-FR\",\"@id\":\"https:\/\/tourtravelandmore.com\/fr\/#\/schema\/logo\/image\/\",\"url\":\"https:\/\/tourtravelandmore.com\/wp-content\/uploads\/2022\/12\/cropped-logo-cabecera-new.png\",\"contentUrl\":\"https:\/\/tourtravelandmore.com\/wp-content\/uploads\/2022\/12\/cropped-logo-cabecera-new.png\",\"width\":430,\"height\":61,\"caption\":\"Tour Travel And More\"},\"image\":{\"@id\":\"https:\/\/tourtravelandmore.com\/fr\/#\/schema\/logo\/image\/\"},\"sameAs\":[\"https:\/\/www.facebook.com\/tourtravelandmore\/\",\"https:\/\/x.com\/TourTravel_More\"]}]}<\/script>\n<!-- \/ Yoast SEO Premium plugin. -->","yoast_head_json":{"title":"Excursion priv\u00e9e \u00e0 terre \u00e0 Florence et Pise au d\u00e9part de Livourne","description":"Profitez de cette excursion priv\u00e9e \u00e0 terre \u00e0 Florence et Pise au d\u00e9part de Livourne dans un v\u00e9hicule de luxe priv\u00e9 avec chauffeur. Guide officiel de Florence rien que pour vous.","robots":{"index":"index","follow":"follow","max-snippet":"max-snippet:-1","max-image-preview":"max-image-preview:large","max-video-preview":"max-video-preview:-1"},"canonical":"https:\/\/tourtravelandmore.com\/fr\/tours\/italie-fr\/livorno-fr\/excursion-privee-a-terre-a-florence-et-pise\/","og_locale":"fr_FR","og_type":"article","og_title":"Excursion priv\u00e9e \u00e0 terre \u00e0 Florence et Pise","og_description":"Profitez de cette excursion priv\u00e9e \u00e0 terre \u00e0 Florence et Pise au d\u00e9part de Livourne dans un v\u00e9hicule de luxe priv\u00e9 avec chauffeur. Guide officiel de Florence rien que pour vous.","og_url":"https:\/\/tourtravelandmore.com\/fr\/tours\/italie-fr\/livorno-fr\/excursion-privee-a-terre-a-florence-et-pise\/","og_site_name":"Tour Travel And More","article_publisher":"https:\/\/www.facebook.com\/tourtravelandmore\/","og_image":[{"width":1024,"height":690,"url":"https:\/\/tourtravelandmore.com\/wp-content\/uploads\/2017\/02\/090410-F-8957M-056-1024x690.jpg","type":"image\/jpeg"}],"twitter_card":"summary_large_image","twitter_site":"@TourTravel_More","twitter_misc":{"Dur\u00e9e de lecture estim\u00e9e":"2 minutes"},"schema":{"@context":"https:\/\/schema.org","@graph":[{"@type":"WebPage","@id":"https:\/\/tourtravelandmore.com\/fr\/tours\/italie-fr\/livorno-fr\/excursion-privee-a-terre-a-florence-et-pise\/","url":"https:\/\/tourtravelandmore.com\/fr\/tours\/italie-fr\/livorno-fr\/excursion-privee-a-terre-a-florence-et-pise\/","name":"Excursion priv\u00e9e \u00e0 terre \u00e0 Florence et Pise au d\u00e9part de Livourne","isPartOf":{"@id":"https:\/\/tourtravelandmore.com\/fr\/#website"},"primaryImageOfPage":{"@id":"https:\/\/tourtravelandmore.com\/fr\/tours\/italie-fr\/livorno-fr\/excursion-privee-a-terre-a-florence-et-pise\/#primaryimage"},"image":{"@id":"https:\/\/tourtravelandmore.com\/fr\/tours\/italie-fr\/livorno-fr\/excursion-privee-a-terre-a-florence-et-pise\/#primaryimage"},"thumbnailUrl":"https:\/\/tourtravelandmore.com\/wp-content\/uploads\/2017\/02\/090410-F-8957M-056.jpg","datePublished":"2017-02-14T16:02:41+00:00","description":"Profitez de cette excursion priv\u00e9e \u00e0 terre \u00e0 Florence et Pise au d\u00e9part de Livourne dans un v\u00e9hicule de luxe priv\u00e9 avec chauffeur. Guide officiel de Florence rien que pour vous.","breadcrumb":{"@id":"https:\/\/tourtravelandmore.com\/fr\/tours\/italie-fr\/livorno-fr\/excursion-privee-a-terre-a-florence-et-pise\/#breadcrumb"},"inLanguage":"fr-FR","potentialAction":[{"@type":"ReadAction","target":["https:\/\/tourtravelandmore.com\/fr\/tours\/italie-fr\/livorno-fr\/excursion-privee-a-terre-a-florence-et-pise\/"]}]},{"@type":"ImageObject","inLanguage":"fr-FR","@id":"https:\/\/tourtravelandmore.com\/fr\/tours\/italie-fr\/livorno-fr\/excursion-privee-a-terre-a-florence-et-pise\/#primaryimage","url":"https:\/\/tourtravelandmore.com\/wp-content\/uploads\/2017\/02\/090410-F-8957M-056.jpg","contentUrl":"https:\/\/tourtravelandmore.com\/wp-content\/uploads\/2017\/02\/090410-F-8957M-056.jpg","width":2832,"height":1908,"caption":"The Fountain of Neptune is located in the Piazza della Signoria to the left of the entrance to the Palazzo Vecchio in Florence, Italy. (U.S. Air Force photo\/Staff Sgt. Lindsey Maurice)"},{"@type":"BreadcrumbList","@id":"https:\/\/tourtravelandmore.com\/fr\/tours\/italie-fr\/livorno-fr\/excursion-privee-a-terre-a-florence-et-pise\/#breadcrumb","itemListElement":[{"@type":"ListItem","position":1,"name":"Home","item":"https:\/\/tourtravelandmore.com\/fr\/"},{"@type":"ListItem","position":2,"name":"Tours","item":"https:\/\/tourtravelandmore.com\/fr\/tours\/"},{"@type":"ListItem","position":3,"name":"Excursion priv\u00e9e \u00e0 terre \u00e0 Florence et Pise"}]},{"@type":"WebSite","@id":"https:\/\/tourtravelandmore.com\/fr\/#website","url":"https:\/\/tourtravelandmore.com\/fr\/","name":"Tour Travel And More","description":"Private sightseeing tours and luxury transfers in Spain","publisher":{"@id":"https:\/\/tourtravelandmore.com\/fr\/#organization"},"potentialAction":[{"@type":"SearchAction","target":{"@type":"EntryPoint","urlTemplate":"https:\/\/tourtravelandmore.com\/fr\/?s={search_term_string}"},"query-input":{"@type":"PropertyValueSpecification","valueRequired":true,"valueName":"search_term_string"}}],"inLanguage":"fr-FR"},{"@type":"Organization","@id":"https:\/\/tourtravelandmore.com\/fr\/#organization","name":"Tour Travel And More","url":"https:\/\/tourtravelandmore.com\/fr\/","logo":{"@type":"ImageObject","inLanguage":"fr-FR","@id":"https:\/\/tourtravelandmore.com\/fr\/#\/schema\/logo\/image\/","url":"https:\/\/tourtravelandmore.com\/wp-content\/uploads\/2022\/12\/cropped-logo-cabecera-new.png","contentUrl":"https:\/\/tourtravelandmore.com\/wp-content\/uploads\/2022\/12\/cropped-logo-cabecera-new.png","width":430,"height":61,"caption":"Tour Travel And More"},"image":{"@id":"https:\/\/tourtravelandmore.com\/fr\/#\/schema\/logo\/image\/"},"sameAs":["https:\/\/www.facebook.com\/tourtravelandmore\/","https:\/\/x.com\/TourTravel_More"]}]}},"_links":{"self":[{"href":"https:\/\/tourtravelandmore.com\/fr\/wp-json\/wp\/v2\/product\/101202","targetHints":{"allow":["GET"]}}],"collection":[{"href":"https:\/\/tourtravelandmore.com\/fr\/wp-json\/wp\/v2\/product"}],"about":[{"href":"https:\/\/tourtravelandmore.com\/fr\/wp-json\/wp\/v2\/types\/product"}],"replies":[{"embeddable":true,"href":"https:\/\/tourtravelandmore.com\/fr\/wp-json\/wp\/v2\/comments?post=101202"}],"wp:featuredmedia":[{"embeddable":true,"href":"https:\/\/tourtravelandmore.com\/fr\/wp-json\/wp\/v2\/media\/94689"}],"wp:attachment":[{"href":"https:\/\/tourtravelandmore.com\/fr\/wp-json\/wp\/v2\/media?parent=101202"}],"wp:term":[{"taxonomy":"product_brand","embeddable":true,"href":"https:\/\/tourtravelandmore.com\/fr\/wp-json\/wp\/v2\/product_brand?post=101202"},{"taxonomy":"product_cat","embeddable":true,"href":"https:\/\/tourtravelandmore.com\/fr\/wp-json\/wp\/v2\/product_cat?post=101202"},{"taxonomy":"product_tag","embeddable":true,"href":"https:\/\/tourtravelandmore.com\/fr\/wp-json\/wp\/v2\/product_tag?post=101202"}],"curies":[{"name":"wp","href":"https:\/\/api.w.org\/{rel}","templated":true}]}}