{"id":101197,"date":"2018-03-23T16:31:09","date_gmt":"2018-03-23T15:31:09","guid":{"rendered":"https:\/\/tourtravelandmore.com\/tours\/non%20class\u00e9\/transfert-prive-de-genes-vers-depuis-nimporte-quel-endroit\/"},"modified":"2023-09-01T16:15:11","modified_gmt":"2023-09-01T14:15:11","slug":"transfert-prive-de-genes-vers-depuis-nimporte-quel-endroit","status":"publish","type":"product","link":"https:\/\/tourtravelandmore.com\/fr\/tours\/italie-fr\/genoa-fr\/toutes-les-visites-privees-activites\/transfert-prive-de-genes-vers-depuis-nimporte-quel-endroit\/","title":{"rendered":"Transfert priv\u00e9 de G\u00eanes &#8211; vers \/ depuis n&#8217;importe quel endroit"},"content":{"rendered":"<h2><b>Description des transferts priv\u00e9s \u00e0 G\u00eanes<\/b><\/h2>\n<p><span style=\"font-weight: 400;\">Lorsque vous poserez le pied dans l&#8217;envo\u00fbtante ville de G\u00eanes, pr\u00e9parez-vous \u00e0 \u00eatre envelopp\u00e9 dans une ambiance de luxe et de confort absolus gr\u00e2ce \u00e0 nos v\u00e9hicules priv\u00e9s haut de gamme. Chez Private Transfers Genoa, nous ne nous contentons pas de fournir des services de transport, nous cr\u00e9ons des exp\u00e9riences de voyage sur mesure. Notre philosophie consiste \u00e0 allier luxe et rapidit\u00e9, en nous effor\u00e7ant non seulement de vous transporter jusqu&#8217;\u00e0 votre destination, mais aussi de faire en sorte que le voyage soit aussi splendide que l&#8217;arriv\u00e9e.<\/span><\/p>\n<p><span style=\"font-weight: 400;\">Notre gamme vari\u00e9e de services refl\u00e8te notre engagement \u00e0 r\u00e9pondre \u00e0 vos besoins de voyage et \u00e0 les surpasser. R\u00e9pondant \u00e0 la fois aux exigences individuelles et de groupe, nous offrons des transferts sans faille vers les points de transit essentiels tels que les a\u00e9roports, les gares ferroviaires et les ports maritimes. De plus, nos services s&#8217;\u00e9tendent au-del\u00e0 de G\u00eanes, avec des itin\u00e9raires m\u00e9ticuleusement planifi\u00e9s vers les lieux et attractions enchanteurs des environs.<\/span><\/p>\n<p><span style=\"font-weight: 400;\">Entrer dans une nouvelle ville peut parfois \u00eatre accablant, mais avec Private Transfers Genoa, vous serez accueilli avec un sentiment de familiarit\u00e9. Notre personnel d\u00e9vou\u00e9, professionnellement form\u00e9 et courtois, attend votre arriv\u00e9e. Distinguables au milieu de l&#8217;agitation du terminal, ils portent des pancartes personnalis\u00e9es, assurant une connexion imm\u00e9diate et chaleureuse.<\/span><\/p>\n<p><span style=\"font-weight: 400;\">Le charme de G\u00eanes est ind\u00e9niable, et nous pensons que le voyage dans ses rues ne devrait pas \u00eatre diff\u00e9rent. D\u00e9couvrez la ville comme jamais auparavant, car nos itin\u00e9raires, bien qu&#8217;efficaces, sont con\u00e7us pour vous offrir des vues pittoresques. Admirez l&#8217;interaction complexe de la vie contemporaine sur fond de merveilles architecturales intemporelles et de r\u00e9cits historiques, le tout depuis l&#8217;int\u00e9rieur cossu de nos v\u00e9hicules.<\/span><\/p>\n<p><span style=\"font-weight: 400;\">Nos services sont accentu\u00e9s par la commodit\u00e9 que nous apportons \u00e0 vos d\u00e9placements. Qu&#8217;il s&#8217;agisse d&#8217;un vol t\u00f4t le matin ou d&#8217;un train tard le soir, nos ramassages au pas de la porte garantissent la ponctualit\u00e9 sans compromettre le confort. Quel que soit l&#8217;endroit o\u00f9 vous choisissez de s\u00e9journer, dans les rues anim\u00e9es de G\u00eanes, dans la beaut\u00e9 tranquille de Portofino ou dans les ruelles anim\u00e9es de Milan, nous vous promettons une arriv\u00e9e \u00e0 l&#8217;heure, agr\u00e9ment\u00e9e de notre marque de fabrique : le luxe.<\/span><\/p>\n<h2><b>Principales caract\u00e9ristiques de nos transferts priv\u00e9s \u00e0 G\u00eanes :<\/b><\/h2>\n<ul>\n<li style=\"font-weight: 400;\" aria-level=\"1\"><b>Exp\u00e9rience sur mesure :<\/b><span style=\"font-weight: 400;\"> Chaque transfert est plus qu&#8217;un simple voyage ; c&#8217;est une exp\u00e9rience personnalis\u00e9e, adapt\u00e9e \u00e0 vos pr\u00e9f\u00e9rences et \u00e0 votre emploi du temps.<\/span><\/li>\n<li style=\"font-weight: 400;\" aria-level=\"1\"><b>Flotte de luxe :<\/b><span style=\"font-weight: 400;\"> Traversez la ville dans nos v\u00e9hicules haut de gamme, qui incarnent le luxe et sont entretenus selon les normes les plus strictes en mati\u00e8re d&#8217;hygi\u00e8ne et de performance.<\/span><\/li>\n<li style=\"font-weight: 400;\" aria-level=\"1\"><b>Processus de r\u00e9servation simple :<\/b><span style=\"font-weight: 400;\"> Apr\u00e8s votre r\u00e9servation, attendez-vous \u00e0 recevoir rapidement un e-mail de confirmation. Pour que le transfert se d\u00e9roule sans encombre, communiquez-nous des informations sur votre vol ou votre croisi\u00e8re, l&#8217;heure d&#8217;arriv\u00e9e pr\u00e9vue et le nom de la compagnie a\u00e9rienne ou du navire. Une confirmation finale de ces d\u00e9tails entre 24 et 48 heures avant votre arriv\u00e9e garantit un service impeccable.<\/span><\/li>\n<li style=\"font-weight: 400;\" aria-level=\"1\"><b>Flexibilit\u00e9 des bagages :<\/b><span style=\"font-weight: 400;\"> Nous appr\u00e9cions la diversit\u00e9 des besoins de nos clients en mati\u00e8re de voyage. Bien que nous n&#8217;imposions pas de limites en mati\u00e8re de bagages, le fait de nous informer d&#8217;un exc\u00e9dent de bagages nous permet de d\u00e9ployer des v\u00e9hicules adapt\u00e9s pour plus de confort. Veuillez noter que des frais suppl\u00e9mentaires peuvent s&#8217;appliquer pour les bagages beaucoup plus volumineux.<\/span><\/li>\n<li style=\"font-weight: 400;\" aria-level=\"1\"><b>Options adapt\u00e9es aux familles :<\/b><span style=\"font-weight: 400;\"> Si votre entourage comprend de jeunes membres, informez-nous \u00e0 l&#8217;avance des exigences en mati\u00e8re de si\u00e8ges pour b\u00e9b\u00e9s ou pour enfants. Nous accordons la priorit\u00e9 \u00e0 la s\u00e9curit\u00e9 et au confort de votre famille.<\/span><\/li>\n<\/ul>\n<p><span style=\"font-weight: 400;\">Chez Tour Travel and more, chaque trajet t\u00e9moigne de notre engagement en faveur de l&#8217;excellence. Contactez-nous d\u00e8s aujourd&#8217;hui e<\/span><span style=\"font-weight: 400;\">t <\/span><a href=\"https:\/\/tourtravelandmore.com\/fr\/city\/italie-fr\/genoa-fr\/\"><span style=\"font-weight: 400;\">laissez-nous red\u00e9finir votre notion de voyage de luxe.<\/span><\/a><\/p>\n","protected":false},"excerpt":{"rendered":"<p>Profitez de cette occasion pour profiter de ce moyen confortable pour vous rendre \u00e0 votre destination finale \u00e0 G\u00eanes. Vous disposerez de votre propre v\u00e9hicule de luxe priv\u00e9 avec chauffeur pour vous conduire rapidement et confortablement \u00e0 l&#8217;emplacement de votre choix. La prise en charge peut se faire \u00e0 l&#8217;h\u00f4tel, \u00e0 l&#8217;a\u00e9roport, \u00e0 la gare ou au lieu de votre choix \u00e0 G\u00eanes ou \u00e0 proximit\u00e9 de la ville.<\/p>\n","protected":false},"featured_media":94526,"comment_status":"open","ping_status":"closed","template":"","meta":{"_acf_changed":false},"product_brand":[],"product_cat":[4454,4458,3696],"product_tag":[],"class_list":{"0":"post-101197","1":"product","2":"type-product","3":"status-publish","4":"has-post-thumbnail","6":"product_cat-toutes-les-visites-privees-activites","7":"product_cat-transferts-prives-fr-7","8":"product_cat-genoa-fr","10":"first","11":"instock","12":"shipping-taxable","13":"purchasable","14":"product-type-simple"},"acf":[],"yoast_head":"<!-- This site is optimized with the Yoast SEO Premium plugin v25.3.1 (Yoast SEO v25.3.1) - https:\/\/yoast.com\/wordpress\/plugins\/seo\/ -->\n<title>\u27a1\ufe0f Les premiers transferts priv\u00e9s de G\u00eanes : Luxe et efficacit\u00e9 combin\u00e9s | Tour Travel &amp; More<\/title>\n<meta name=\"description\" content=\"Voyagez \u00e0 travers G\u00eanes dans un luxe in\u00e9gal\u00e9. Des a\u00e9roports aux routes panoramiques, nous proposons des transferts priv\u00e9s personnalis\u00e9s, efficaces et haut de gamme, adapt\u00e9s \u00e0 tous vos besoins \u2705\" \/>\n<meta name=\"robots\" content=\"index, follow, max-snippet:-1, max-image-preview:large, max-video-preview:-1\" \/>\n<link rel=\"canonical\" href=\"https:\/\/tourtravelandmore.com\/fr\/tours\/italie-fr\/genoa-fr\/toutes-les-visites-privees-activites\/transfert-prive-de-genes-vers-depuis-nimporte-quel-endroit\/\" \/>\n<meta property=\"og:locale\" content=\"fr_FR\" \/>\n<meta property=\"og:type\" content=\"article\" \/>\n<meta property=\"og:title\" content=\"Transfert priv\u00e9 de G\u00eanes - vers \/ depuis n&#039;importe quel endroit\" \/>\n<meta property=\"og:description\" content=\"Voyagez \u00e0 travers G\u00eanes dans un luxe in\u00e9gal\u00e9. Des a\u00e9roports aux routes panoramiques, nous proposons des transferts priv\u00e9s personnalis\u00e9s, efficaces et haut de gamme, adapt\u00e9s \u00e0 tous vos besoins \u2705\" \/>\n<meta property=\"og:url\" content=\"https:\/\/tourtravelandmore.com\/fr\/tours\/italie-fr\/genoa-fr\/toutes-les-visites-privees-activites\/transfert-prive-de-genes-vers-depuis-nimporte-quel-endroit\/\" \/>\n<meta property=\"og:site_name\" content=\"Tour Travel And More\" \/>\n<meta property=\"article:publisher\" content=\"https:\/\/www.facebook.com\/tourtravelandmore\/\" \/>\n<meta property=\"article:modified_time\" content=\"2023-09-01T14:15:11+00:00\" \/>\n<meta property=\"og:image\" content=\"https:\/\/tourtravelandmore.com\/wp-content\/uploads\/2016\/03\/cars.jpg\" \/>\n\t<meta property=\"og:image:width\" content=\"400\" \/>\n\t<meta property=\"og:image:height\" content=\"257\" \/>\n\t<meta property=\"og:image:type\" content=\"image\/jpeg\" \/>\n<meta name=\"twitter:card\" content=\"summary_large_image\" \/>\n<meta name=\"twitter:site\" content=\"@TourTravel_More\" \/>\n<meta name=\"twitter:label1\" content=\"Dur\u00e9e de lecture estim\u00e9e\" \/>\n\t<meta name=\"twitter:data1\" content=\"3 minutes\" \/>\n<script type=\"application\/ld+json\" class=\"yoast-schema-graph\">{\"@context\":\"https:\/\/schema.org\",\"@graph\":[{\"@type\":\"WebPage\",\"@id\":\"https:\/\/tourtravelandmore.com\/fr\/tours\/italie-fr\/genoa-fr\/toutes-les-visites-privees-activites\/transfert-prive-de-genes-vers-depuis-nimporte-quel-endroit\/\",\"url\":\"https:\/\/tourtravelandmore.com\/fr\/tours\/italie-fr\/genoa-fr\/toutes-les-visites-privees-activites\/transfert-prive-de-genes-vers-depuis-nimporte-quel-endroit\/\",\"name\":\"\u27a1\ufe0f Les premiers transferts priv\u00e9s de G\u00eanes : Luxe et efficacit\u00e9 combin\u00e9s | Tour Travel & More\",\"isPartOf\":{\"@id\":\"https:\/\/tourtravelandmore.com\/fr\/#website\"},\"primaryImageOfPage\":{\"@id\":\"https:\/\/tourtravelandmore.com\/fr\/tours\/italie-fr\/genoa-fr\/toutes-les-visites-privees-activites\/transfert-prive-de-genes-vers-depuis-nimporte-quel-endroit\/#primaryimage\"},\"image\":{\"@id\":\"https:\/\/tourtravelandmore.com\/fr\/tours\/italie-fr\/genoa-fr\/toutes-les-visites-privees-activites\/transfert-prive-de-genes-vers-depuis-nimporte-quel-endroit\/#primaryimage\"},\"thumbnailUrl\":\"https:\/\/tourtravelandmore.com\/wp-content\/uploads\/2016\/03\/cars.jpg\",\"datePublished\":\"2018-03-23T15:31:09+00:00\",\"dateModified\":\"2023-09-01T14:15:11+00:00\",\"description\":\"Voyagez \u00e0 travers G\u00eanes dans un luxe in\u00e9gal\u00e9. Des a\u00e9roports aux routes panoramiques, nous proposons des transferts priv\u00e9s personnalis\u00e9s, efficaces et haut de gamme, adapt\u00e9s \u00e0 tous vos besoins \u2705\",\"breadcrumb\":{\"@id\":\"https:\/\/tourtravelandmore.com\/fr\/tours\/italie-fr\/genoa-fr\/toutes-les-visites-privees-activites\/transfert-prive-de-genes-vers-depuis-nimporte-quel-endroit\/#breadcrumb\"},\"inLanguage\":\"fr-FR\",\"potentialAction\":[{\"@type\":\"ReadAction\",\"target\":[\"https:\/\/tourtravelandmore.com\/fr\/tours\/italie-fr\/genoa-fr\/toutes-les-visites-privees-activites\/transfert-prive-de-genes-vers-depuis-nimporte-quel-endroit\/\"]}]},{\"@type\":\"ImageObject\",\"inLanguage\":\"fr-FR\",\"@id\":\"https:\/\/tourtravelandmore.com\/fr\/tours\/italie-fr\/genoa-fr\/toutes-les-visites-privees-activites\/transfert-prive-de-genes-vers-depuis-nimporte-quel-endroit\/#primaryimage\",\"url\":\"https:\/\/tourtravelandmore.com\/wp-content\/uploads\/2016\/03\/cars.jpg\",\"contentUrl\":\"https:\/\/tourtravelandmore.com\/wp-content\/uploads\/2016\/03\/cars.jpg\",\"width\":400,\"height\":257},{\"@type\":\"BreadcrumbList\",\"@id\":\"https:\/\/tourtravelandmore.com\/fr\/tours\/italie-fr\/genoa-fr\/toutes-les-visites-privees-activites\/transfert-prive-de-genes-vers-depuis-nimporte-quel-endroit\/#breadcrumb\",\"itemListElement\":[{\"@type\":\"ListItem\",\"position\":1,\"name\":\"Home\",\"item\":\"https:\/\/tourtravelandmore.com\/fr\/\"},{\"@type\":\"ListItem\",\"position\":2,\"name\":\"Tours\",\"item\":\"https:\/\/tourtravelandmore.com\/fr\/tours\/\"},{\"@type\":\"ListItem\",\"position\":3,\"name\":\"Transfert priv\u00e9 de G\u00eanes &#8211; vers \/ depuis n&#8217;importe quel endroit\"}]},{\"@type\":\"WebSite\",\"@id\":\"https:\/\/tourtravelandmore.com\/fr\/#website\",\"url\":\"https:\/\/tourtravelandmore.com\/fr\/\",\"name\":\"Tour Travel And More\",\"description\":\"Private sightseeing tours and luxury transfers in Spain\",\"publisher\":{\"@id\":\"https:\/\/tourtravelandmore.com\/fr\/#organization\"},\"potentialAction\":[{\"@type\":\"SearchAction\",\"target\":{\"@type\":\"EntryPoint\",\"urlTemplate\":\"https:\/\/tourtravelandmore.com\/fr\/?s={search_term_string}\"},\"query-input\":{\"@type\":\"PropertyValueSpecification\",\"valueRequired\":true,\"valueName\":\"search_term_string\"}}],\"inLanguage\":\"fr-FR\"},{\"@type\":\"Organization\",\"@id\":\"https:\/\/tourtravelandmore.com\/fr\/#organization\",\"name\":\"Tour Travel And More\",\"url\":\"https:\/\/tourtravelandmore.com\/fr\/\",\"logo\":{\"@type\":\"ImageObject\",\"inLanguage\":\"fr-FR\",\"@id\":\"https:\/\/tourtravelandmore.com\/fr\/#\/schema\/logo\/image\/\",\"url\":\"https:\/\/tourtravelandmore.com\/wp-content\/uploads\/2022\/12\/cropped-logo-cabecera-new.png\",\"contentUrl\":\"https:\/\/tourtravelandmore.com\/wp-content\/uploads\/2022\/12\/cropped-logo-cabecera-new.png\",\"width\":430,\"height\":61,\"caption\":\"Tour Travel And More\"},\"image\":{\"@id\":\"https:\/\/tourtravelandmore.com\/fr\/#\/schema\/logo\/image\/\"},\"sameAs\":[\"https:\/\/www.facebook.com\/tourtravelandmore\/\",\"https:\/\/x.com\/TourTravel_More\"]}]}<\/script>\n<!-- \/ Yoast SEO Premium plugin. -->","yoast_head_json":{"title":"\u27a1\ufe0f Les premiers transferts priv\u00e9s de G\u00eanes : Luxe et efficacit\u00e9 combin\u00e9s | Tour Travel & More","description":"Voyagez \u00e0 travers G\u00eanes dans un luxe in\u00e9gal\u00e9. Des a\u00e9roports aux routes panoramiques, nous proposons des transferts priv\u00e9s personnalis\u00e9s, efficaces et haut de gamme, adapt\u00e9s \u00e0 tous vos besoins \u2705","robots":{"index":"index","follow":"follow","max-snippet":"max-snippet:-1","max-image-preview":"max-image-preview:large","max-video-preview":"max-video-preview:-1"},"canonical":"https:\/\/tourtravelandmore.com\/fr\/tours\/italie-fr\/genoa-fr\/toutes-les-visites-privees-activites\/transfert-prive-de-genes-vers-depuis-nimporte-quel-endroit\/","og_locale":"fr_FR","og_type":"article","og_title":"Transfert priv\u00e9 de G\u00eanes - vers \/ depuis n'importe quel endroit","og_description":"Voyagez \u00e0 travers G\u00eanes dans un luxe in\u00e9gal\u00e9. Des a\u00e9roports aux routes panoramiques, nous proposons des transferts priv\u00e9s personnalis\u00e9s, efficaces et haut de gamme, adapt\u00e9s \u00e0 tous vos besoins \u2705","og_url":"https:\/\/tourtravelandmore.com\/fr\/tours\/italie-fr\/genoa-fr\/toutes-les-visites-privees-activites\/transfert-prive-de-genes-vers-depuis-nimporte-quel-endroit\/","og_site_name":"Tour Travel And More","article_publisher":"https:\/\/www.facebook.com\/tourtravelandmore\/","article_modified_time":"2023-09-01T14:15:11+00:00","og_image":[{"width":400,"height":257,"url":"https:\/\/tourtravelandmore.com\/wp-content\/uploads\/2016\/03\/cars.jpg","type":"image\/jpeg"}],"twitter_card":"summary_large_image","twitter_site":"@TourTravel_More","twitter_misc":{"Dur\u00e9e de lecture estim\u00e9e":"3 minutes"},"schema":{"@context":"https:\/\/schema.org","@graph":[{"@type":"WebPage","@id":"https:\/\/tourtravelandmore.com\/fr\/tours\/italie-fr\/genoa-fr\/toutes-les-visites-privees-activites\/transfert-prive-de-genes-vers-depuis-nimporte-quel-endroit\/","url":"https:\/\/tourtravelandmore.com\/fr\/tours\/italie-fr\/genoa-fr\/toutes-les-visites-privees-activites\/transfert-prive-de-genes-vers-depuis-nimporte-quel-endroit\/","name":"\u27a1\ufe0f Les premiers transferts priv\u00e9s de G\u00eanes : Luxe et efficacit\u00e9 combin\u00e9s | Tour Travel & More","isPartOf":{"@id":"https:\/\/tourtravelandmore.com\/fr\/#website"},"primaryImageOfPage":{"@id":"https:\/\/tourtravelandmore.com\/fr\/tours\/italie-fr\/genoa-fr\/toutes-les-visites-privees-activites\/transfert-prive-de-genes-vers-depuis-nimporte-quel-endroit\/#primaryimage"},"image":{"@id":"https:\/\/tourtravelandmore.com\/fr\/tours\/italie-fr\/genoa-fr\/toutes-les-visites-privees-activites\/transfert-prive-de-genes-vers-depuis-nimporte-quel-endroit\/#primaryimage"},"thumbnailUrl":"https:\/\/tourtravelandmore.com\/wp-content\/uploads\/2016\/03\/cars.jpg","datePublished":"2018-03-23T15:31:09+00:00","dateModified":"2023-09-01T14:15:11+00:00","description":"Voyagez \u00e0 travers G\u00eanes dans un luxe in\u00e9gal\u00e9. Des a\u00e9roports aux routes panoramiques, nous proposons des transferts priv\u00e9s personnalis\u00e9s, efficaces et haut de gamme, adapt\u00e9s \u00e0 tous vos besoins \u2705","breadcrumb":{"@id":"https:\/\/tourtravelandmore.com\/fr\/tours\/italie-fr\/genoa-fr\/toutes-les-visites-privees-activites\/transfert-prive-de-genes-vers-depuis-nimporte-quel-endroit\/#breadcrumb"},"inLanguage":"fr-FR","potentialAction":[{"@type":"ReadAction","target":["https:\/\/tourtravelandmore.com\/fr\/tours\/italie-fr\/genoa-fr\/toutes-les-visites-privees-activites\/transfert-prive-de-genes-vers-depuis-nimporte-quel-endroit\/"]}]},{"@type":"ImageObject","inLanguage":"fr-FR","@id":"https:\/\/tourtravelandmore.com\/fr\/tours\/italie-fr\/genoa-fr\/toutes-les-visites-privees-activites\/transfert-prive-de-genes-vers-depuis-nimporte-quel-endroit\/#primaryimage","url":"https:\/\/tourtravelandmore.com\/wp-content\/uploads\/2016\/03\/cars.jpg","contentUrl":"https:\/\/tourtravelandmore.com\/wp-content\/uploads\/2016\/03\/cars.jpg","width":400,"height":257},{"@type":"BreadcrumbList","@id":"https:\/\/tourtravelandmore.com\/fr\/tours\/italie-fr\/genoa-fr\/toutes-les-visites-privees-activites\/transfert-prive-de-genes-vers-depuis-nimporte-quel-endroit\/#breadcrumb","itemListElement":[{"@type":"ListItem","position":1,"name":"Home","item":"https:\/\/tourtravelandmore.com\/fr\/"},{"@type":"ListItem","position":2,"name":"Tours","item":"https:\/\/tourtravelandmore.com\/fr\/tours\/"},{"@type":"ListItem","position":3,"name":"Transfert priv\u00e9 de G\u00eanes &#8211; vers \/ depuis n&#8217;importe quel endroit"}]},{"@type":"WebSite","@id":"https:\/\/tourtravelandmore.com\/fr\/#website","url":"https:\/\/tourtravelandmore.com\/fr\/","name":"Tour Travel And More","description":"Private sightseeing tours and luxury transfers in Spain","publisher":{"@id":"https:\/\/tourtravelandmore.com\/fr\/#organization"},"potentialAction":[{"@type":"SearchAction","target":{"@type":"EntryPoint","urlTemplate":"https:\/\/tourtravelandmore.com\/fr\/?s={search_term_string}"},"query-input":{"@type":"PropertyValueSpecification","valueRequired":true,"valueName":"search_term_string"}}],"inLanguage":"fr-FR"},{"@type":"Organization","@id":"https:\/\/tourtravelandmore.com\/fr\/#organization","name":"Tour Travel And More","url":"https:\/\/tourtravelandmore.com\/fr\/","logo":{"@type":"ImageObject","inLanguage":"fr-FR","@id":"https:\/\/tourtravelandmore.com\/fr\/#\/schema\/logo\/image\/","url":"https:\/\/tourtravelandmore.com\/wp-content\/uploads\/2022\/12\/cropped-logo-cabecera-new.png","contentUrl":"https:\/\/tourtravelandmore.com\/wp-content\/uploads\/2022\/12\/cropped-logo-cabecera-new.png","width":430,"height":61,"caption":"Tour Travel And More"},"image":{"@id":"https:\/\/tourtravelandmore.com\/fr\/#\/schema\/logo\/image\/"},"sameAs":["https:\/\/www.facebook.com\/tourtravelandmore\/","https:\/\/x.com\/TourTravel_More"]}]}},"_links":{"self":[{"href":"https:\/\/tourtravelandmore.com\/fr\/wp-json\/wp\/v2\/product\/101197","targetHints":{"allow":["GET"]}}],"collection":[{"href":"https:\/\/tourtravelandmore.com\/fr\/wp-json\/wp\/v2\/product"}],"about":[{"href":"https:\/\/tourtravelandmore.com\/fr\/wp-json\/wp\/v2\/types\/product"}],"replies":[{"embeddable":true,"href":"https:\/\/tourtravelandmore.com\/fr\/wp-json\/wp\/v2\/comments?post=101197"}],"wp:featuredmedia":[{"embeddable":true,"href":"https:\/\/tourtravelandmore.com\/fr\/wp-json\/wp\/v2\/media\/94526"}],"wp:attachment":[{"href":"https:\/\/tourtravelandmore.com\/fr\/wp-json\/wp\/v2\/media?parent=101197"}],"wp:term":[{"taxonomy":"product_brand","embeddable":true,"href":"https:\/\/tourtravelandmore.com\/fr\/wp-json\/wp\/v2\/product_brand?post=101197"},{"taxonomy":"product_cat","embeddable":true,"href":"https:\/\/tourtravelandmore.com\/fr\/wp-json\/wp\/v2\/product_cat?post=101197"},{"taxonomy":"product_tag","embeddable":true,"href":"https:\/\/tourtravelandmore.com\/fr\/wp-json\/wp\/v2\/product_tag?post=101197"}],"curies":[{"name":"wp","href":"https:\/\/api.w.org\/{rel}","templated":true}]}}