{"id":101192,"date":"2018-03-01T16:55:26","date_gmt":"2018-03-01T15:55:26","guid":{"rendered":"https:\/\/tourtravelandmore.com\/tours\/non%20class\u00e9\/visite-privee-a-pied-de-genes\/"},"modified":"2023-09-01T16:14:23","modified_gmt":"2023-09-01T14:14:23","slug":"visite-privee-a-pied-de-genes","status":"publish","type":"product","link":"https:\/\/tourtravelandmore.com\/fr\/tours\/italie-fr\/genoa-fr\/toutes-les-visites-privees-activites\/visite-privee-a-pied-de-genes\/","title":{"rendered":"Visite priv\u00e9e \u00e0 pied de G\u00eanes"},"content":{"rendered":"<h2><b>Visite priv\u00e9e \u00e0 pied de G\u00eanes Description<\/b><\/h2>\n<p><span style=\"font-weight: 400;\">Satur\u00e9e d&#8217;un riche m\u00e9lange d&#8217;histoire, de gastronomie, d&#8217;art et de culture, G\u00eanes est une ville qui va au-del\u00e0 des simples monuments et des reliques anciennes. Une visite priv\u00e9e \u00e0 pied de cette magnifique ville vous offre une exp\u00e9rience non filtr\u00e9e de son c\u0153ur et de son \u00e2me, guid\u00e9e par un expert local d\u00e9bordant d&#8217;id\u00e9es uniques et d&#8217;histoires fascinantes.<\/span><\/p>\n<p><span style=\"font-weight: 400;\">Notre visite \u00e0 pied intime de G\u00eanes offre une opportunit\u00e9 dont beaucoup r\u00eavent, mais qu&#8217;ils ne saisissent que rarement. Embarquez pour un voyage captivant \u00e0 travers les rues sinueuses et les larges piazzas de la ville, tandis que votre guide bien inform\u00e9 vous fait d\u00e9couvrir les points forts et les joyaux cach\u00e9s de cette merveille italienne.<\/span><\/p>\n<p><span style=\"font-weight: 400;\">Votre voyage commencera dans un lieu central de G\u00eanes, o\u00f9 vous rencontrerez votre guide exp\u00e9riment\u00e9. Dot\u00e9 d&#8217;une connaissance approfondie de l&#8217;histoire, de l&#8217;architecture et de l&#8217;art de la ville, ainsi que de sa tradition culinaire, il sera votre fen\u00eatre sur le v\u00e9ritable esprit de G\u00eanes.<\/span><\/p>\n<h2><b>Principaux points forts de la visite priv\u00e9e \u00e0 pied de G\u00eanes<\/b><\/h2>\n<p><span style=\"font-weight: 400;\">En parcourant les sentiers enchanteurs de la ville, vous d\u00e9couvrirez l&#8217;essence de G\u00eanes et les divers points embl\u00e9matiques qui pars\u00e8ment son paysage. Voici quelques-uns des nombreux points forts que vous pourrez anticiper lors de cette exploration priv\u00e9e :<\/span><b><\/b><\/p>\n<ul>\n<li aria-level=\"1\"><b>Le port de G\u00eanes, tr\u00e8s anim\u00e9, qui t\u00e9moigne des prouesses maritimes de la ville.<\/b><\/li>\n<\/ul>\n<ul>\n<li aria-level=\"1\"><b>La grandeur de la basilique de San Lorenzo, qui a une signification religieuse.<\/b><\/li>\n<\/ul>\n<ul>\n<li aria-level=\"1\"><b>Une promenade le long des &#8220;Strade Nuove&#8221;, une merveille architecturale inscrite au patrimoine mondial de l&#8217;UNESCO.<\/b><\/li>\n<\/ul>\n<ul>\n<li aria-level=\"1\"><b>Le Palais royal, qui d\u00e9gage une aura de luxe dynastique pass\u00e9.<\/b><\/li>\n<\/ul>\n<ul>\n<li aria-level=\"1\"><b>L&#8217;embl\u00e9matique tour Lanterna, symbole de l&#8217;h\u00e9ritage de G\u00eanes.<\/b><\/li>\n<\/ul>\n<ul>\n<li aria-level=\"1\"><b>Une visite impressionnante de l&#8217;un des plus grands aquariums d&#8217;Europe.<\/b><\/li>\n<\/ul>\n<ul>\n<li aria-level=\"1\"><b>Et bien d&#8217;autres choses encore \u00e0 d\u00e9couvrir !<\/b><\/li>\n<\/ul>\n<p>&nbsp;<\/p>\n<p><span style=\"font-weight: 400;\">Con\u00e7ue pour r\u00e9sumer l&#8217;essence de G\u00eanes en un voyage immersif de 3 heures, cette visite \u00e0 pied peut \u00eatre personnalis\u00e9e pour ajouter plus d&#8217;heures, vous permettant ainsi de plonger plus profond\u00e9ment dans l&#8217;attrait de G\u00eanes.<\/span><\/p>\n<p><span style=\"font-weight: 400;\">Votre guide officiel priv\u00e9 se consacre \u00e0 l&#8217;enrichissement de votre exp\u00e9rience, en vous fournissant des conseils d&#8217;expert et des informations approfondies tout au long de votre voyage. Tous nos guides sont des professionnels agr\u00e9\u00e9s et exp\u00e9riment\u00e9s qui ont une connaissance approfondie de l&#8217;histoire, de la culture et du patrimoine de G\u00eanes.<\/span><\/p>\n<p><span style=\"font-weight: 400;\">Si vous souhaitez une alternative, <\/span><a href=\"https:\/\/tourtravelandmore.com\/fr\/tours\/italie-fr\/genoa-fr\/toutes-les-visites-privees-activites\/visite-privee-de-chiavari\/\"><span style=\"font-weight: 400;\">nous proposons \u00e9galement une visite compl\u00e8te d&#8217;une demi-journ\u00e9e de G\u00eanes, accompagn\u00e9e d&#8217;un chauffeur priv\u00e9 dans un v\u00e9hicule de luxe.<\/span><\/a><span style=\"font-weight: 400;\"> Explorez les nombreuses possibilit\u00e9s qui s&#8217;offrent \u00e0 vous !<\/span><\/p>\n","protected":false},"excerpt":{"rendered":"<p><span style=\"font-weight: 400;\">D\u00e9couvrez l&#8217;\u00e2me de G\u00eanes lors de notre visite priv\u00e9e \u00e0 pied. Parcourez les rues sinueuses, admirez les monuments historiques et savourez des d\u00e9lices culinaires uniques. Guid\u00e9 par un expert local, vous explorerez l&#8217;histoire, la culture et l&#8217;art de la ville comme jamais auparavant. Personnalisez votre visite pour une exp\u00e9rience prolong\u00e9e et immersive<\/span><\/p>\n","protected":false},"featured_media":98269,"comment_status":"open","ping_status":"closed","template":"","meta":{"_acf_changed":false},"product_brand":[],"product_cat":[4454,4459,3696],"product_tag":[],"class_list":{"0":"post-101192","1":"product","2":"type-product","3":"status-publish","4":"has-post-thumbnail","6":"product_cat-toutes-les-visites-privees-activites","7":"product_cat-visites-a-pied-privees-fr-6","8":"product_cat-genoa-fr","10":"first","11":"instock","12":"shipping-taxable","13":"purchasable","14":"product-type-simple"},"acf":[],"yoast_head":"<!-- This site is optimized with the Yoast SEO Premium plugin v25.3.1 (Yoast SEO v25.3.1) - https:\/\/yoast.com\/wordpress\/plugins\/seo\/ -->\n<title>Genoa Private Walking Tour - Une exploration intime de la culture et de l&#039;histoire<\/title>\n<meta name=\"description\" content=\"D\u00e9couvrez la ville enchanteresse de G\u00eanes lors de notre visite \u00e0 pied priv\u00e9e. Laissez-vous guider par un expert local \u00e0 travers les sites embl\u00e9matiques, d\u00e9couvrez l&#039;histoire, l&#039;art, la gastronomie et la culture uniques de la ville \u2705\" \/>\n<meta name=\"robots\" content=\"index, follow, max-snippet:-1, max-image-preview:large, max-video-preview:-1\" \/>\n<link rel=\"canonical\" href=\"https:\/\/tourtravelandmore.com\/fr\/tours\/italie-fr\/genoa-fr\/toutes-les-visites-privees-activites\/visite-privee-a-pied-de-genes\/\" \/>\n<meta property=\"og:locale\" content=\"fr_FR\" \/>\n<meta property=\"og:type\" content=\"article\" \/>\n<meta property=\"og:title\" content=\"Visite priv\u00e9e \u00e0 pied de G\u00eanes\" \/>\n<meta property=\"og:description\" content=\"D\u00e9couvrez la ville enchanteresse de G\u00eanes lors de notre visite \u00e0 pied priv\u00e9e. Laissez-vous guider par un expert local \u00e0 travers les sites embl\u00e9matiques, d\u00e9couvrez l&#039;histoire, l&#039;art, la gastronomie et la culture uniques de la ville \u2705\" \/>\n<meta property=\"og:url\" content=\"https:\/\/tourtravelandmore.com\/fr\/tours\/italie-fr\/genoa-fr\/toutes-les-visites-privees-activites\/visite-privee-a-pied-de-genes\/\" \/>\n<meta property=\"og:site_name\" content=\"Tour Travel And More\" \/>\n<meta property=\"article:publisher\" content=\"https:\/\/www.facebook.com\/tourtravelandmore\/\" \/>\n<meta property=\"article:modified_time\" content=\"2023-09-01T14:14:23+00:00\" \/>\n<meta property=\"og:image\" content=\"https:\/\/tourtravelandmore.com\/wp-content\/uploads\/2018\/03\/genova-3.jpg\" \/>\n\t<meta property=\"og:image:width\" content=\"960\" \/>\n\t<meta property=\"og:image:height\" content=\"640\" \/>\n\t<meta property=\"og:image:type\" content=\"image\/jpeg\" \/>\n<meta name=\"twitter:card\" content=\"summary_large_image\" \/>\n<meta name=\"twitter:site\" content=\"@TourTravel_More\" \/>\n<meta name=\"twitter:label1\" content=\"Dur\u00e9e de lecture estim\u00e9e\" \/>\n\t<meta name=\"twitter:data1\" content=\"2 minutes\" \/>\n<script type=\"application\/ld+json\" class=\"yoast-schema-graph\">{\"@context\":\"https:\/\/schema.org\",\"@graph\":[{\"@type\":\"WebPage\",\"@id\":\"https:\/\/tourtravelandmore.com\/fr\/tours\/italie-fr\/genoa-fr\/toutes-les-visites-privees-activites\/visite-privee-a-pied-de-genes\/\",\"url\":\"https:\/\/tourtravelandmore.com\/fr\/tours\/italie-fr\/genoa-fr\/toutes-les-visites-privees-activites\/visite-privee-a-pied-de-genes\/\",\"name\":\"Genoa Private Walking Tour - Une exploration intime de la culture et de l'histoire\",\"isPartOf\":{\"@id\":\"https:\/\/tourtravelandmore.com\/fr\/#website\"},\"primaryImageOfPage\":{\"@id\":\"https:\/\/tourtravelandmore.com\/fr\/tours\/italie-fr\/genoa-fr\/toutes-les-visites-privees-activites\/visite-privee-a-pied-de-genes\/#primaryimage\"},\"image\":{\"@id\":\"https:\/\/tourtravelandmore.com\/fr\/tours\/italie-fr\/genoa-fr\/toutes-les-visites-privees-activites\/visite-privee-a-pied-de-genes\/#primaryimage\"},\"thumbnailUrl\":\"https:\/\/tourtravelandmore.com\/wp-content\/uploads\/2018\/03\/genova-3.jpg\",\"datePublished\":\"2018-03-01T15:55:26+00:00\",\"dateModified\":\"2023-09-01T14:14:23+00:00\",\"description\":\"D\u00e9couvrez la ville enchanteresse de G\u00eanes lors de notre visite \u00e0 pied priv\u00e9e. Laissez-vous guider par un expert local \u00e0 travers les sites embl\u00e9matiques, d\u00e9couvrez l'histoire, l'art, la gastronomie et la culture uniques de la ville \u2705\",\"breadcrumb\":{\"@id\":\"https:\/\/tourtravelandmore.com\/fr\/tours\/italie-fr\/genoa-fr\/toutes-les-visites-privees-activites\/visite-privee-a-pied-de-genes\/#breadcrumb\"},\"inLanguage\":\"fr-FR\",\"potentialAction\":[{\"@type\":\"ReadAction\",\"target\":[\"https:\/\/tourtravelandmore.com\/fr\/tours\/italie-fr\/genoa-fr\/toutes-les-visites-privees-activites\/visite-privee-a-pied-de-genes\/\"]}]},{\"@type\":\"ImageObject\",\"inLanguage\":\"fr-FR\",\"@id\":\"https:\/\/tourtravelandmore.com\/fr\/tours\/italie-fr\/genoa-fr\/toutes-les-visites-privees-activites\/visite-privee-a-pied-de-genes\/#primaryimage\",\"url\":\"https:\/\/tourtravelandmore.com\/wp-content\/uploads\/2018\/03\/genova-3.jpg\",\"contentUrl\":\"https:\/\/tourtravelandmore.com\/wp-content\/uploads\/2018\/03\/genova-3.jpg\",\"width\":960,\"height\":640},{\"@type\":\"BreadcrumbList\",\"@id\":\"https:\/\/tourtravelandmore.com\/fr\/tours\/italie-fr\/genoa-fr\/toutes-les-visites-privees-activites\/visite-privee-a-pied-de-genes\/#breadcrumb\",\"itemListElement\":[{\"@type\":\"ListItem\",\"position\":1,\"name\":\"Home\",\"item\":\"https:\/\/tourtravelandmore.com\/fr\/\"},{\"@type\":\"ListItem\",\"position\":2,\"name\":\"Tours\",\"item\":\"https:\/\/tourtravelandmore.com\/fr\/tours\/\"},{\"@type\":\"ListItem\",\"position\":3,\"name\":\"Visite priv\u00e9e \u00e0 pied de G\u00eanes\"}]},{\"@type\":\"WebSite\",\"@id\":\"https:\/\/tourtravelandmore.com\/fr\/#website\",\"url\":\"https:\/\/tourtravelandmore.com\/fr\/\",\"name\":\"Tour Travel And More\",\"description\":\"Private sightseeing tours and luxury transfers in Spain\",\"publisher\":{\"@id\":\"https:\/\/tourtravelandmore.com\/fr\/#organization\"},\"potentialAction\":[{\"@type\":\"SearchAction\",\"target\":{\"@type\":\"EntryPoint\",\"urlTemplate\":\"https:\/\/tourtravelandmore.com\/fr\/?s={search_term_string}\"},\"query-input\":{\"@type\":\"PropertyValueSpecification\",\"valueRequired\":true,\"valueName\":\"search_term_string\"}}],\"inLanguage\":\"fr-FR\"},{\"@type\":\"Organization\",\"@id\":\"https:\/\/tourtravelandmore.com\/fr\/#organization\",\"name\":\"Tour Travel And More\",\"url\":\"https:\/\/tourtravelandmore.com\/fr\/\",\"logo\":{\"@type\":\"ImageObject\",\"inLanguage\":\"fr-FR\",\"@id\":\"https:\/\/tourtravelandmore.com\/fr\/#\/schema\/logo\/image\/\",\"url\":\"https:\/\/tourtravelandmore.com\/wp-content\/uploads\/2022\/12\/cropped-logo-cabecera-new.png\",\"contentUrl\":\"https:\/\/tourtravelandmore.com\/wp-content\/uploads\/2022\/12\/cropped-logo-cabecera-new.png\",\"width\":430,\"height\":61,\"caption\":\"Tour Travel And More\"},\"image\":{\"@id\":\"https:\/\/tourtravelandmore.com\/fr\/#\/schema\/logo\/image\/\"},\"sameAs\":[\"https:\/\/www.facebook.com\/tourtravelandmore\/\",\"https:\/\/x.com\/TourTravel_More\"]}]}<\/script>\n<!-- \/ Yoast SEO Premium plugin. -->","yoast_head_json":{"title":"Genoa Private Walking Tour - Une exploration intime de la culture et de l'histoire","description":"D\u00e9couvrez la ville enchanteresse de G\u00eanes lors de notre visite \u00e0 pied priv\u00e9e. Laissez-vous guider par un expert local \u00e0 travers les sites embl\u00e9matiques, d\u00e9couvrez l'histoire, l'art, la gastronomie et la culture uniques de la ville \u2705","robots":{"index":"index","follow":"follow","max-snippet":"max-snippet:-1","max-image-preview":"max-image-preview:large","max-video-preview":"max-video-preview:-1"},"canonical":"https:\/\/tourtravelandmore.com\/fr\/tours\/italie-fr\/genoa-fr\/toutes-les-visites-privees-activites\/visite-privee-a-pied-de-genes\/","og_locale":"fr_FR","og_type":"article","og_title":"Visite priv\u00e9e \u00e0 pied de G\u00eanes","og_description":"D\u00e9couvrez la ville enchanteresse de G\u00eanes lors de notre visite \u00e0 pied priv\u00e9e. Laissez-vous guider par un expert local \u00e0 travers les sites embl\u00e9matiques, d\u00e9couvrez l'histoire, l'art, la gastronomie et la culture uniques de la ville \u2705","og_url":"https:\/\/tourtravelandmore.com\/fr\/tours\/italie-fr\/genoa-fr\/toutes-les-visites-privees-activites\/visite-privee-a-pied-de-genes\/","og_site_name":"Tour Travel And More","article_publisher":"https:\/\/www.facebook.com\/tourtravelandmore\/","article_modified_time":"2023-09-01T14:14:23+00:00","og_image":[{"width":960,"height":640,"url":"https:\/\/tourtravelandmore.com\/wp-content\/uploads\/2018\/03\/genova-3.jpg","type":"image\/jpeg"}],"twitter_card":"summary_large_image","twitter_site":"@TourTravel_More","twitter_misc":{"Dur\u00e9e de lecture estim\u00e9e":"2 minutes"},"schema":{"@context":"https:\/\/schema.org","@graph":[{"@type":"WebPage","@id":"https:\/\/tourtravelandmore.com\/fr\/tours\/italie-fr\/genoa-fr\/toutes-les-visites-privees-activites\/visite-privee-a-pied-de-genes\/","url":"https:\/\/tourtravelandmore.com\/fr\/tours\/italie-fr\/genoa-fr\/toutes-les-visites-privees-activites\/visite-privee-a-pied-de-genes\/","name":"Genoa Private Walking Tour - Une exploration intime de la culture et de l'histoire","isPartOf":{"@id":"https:\/\/tourtravelandmore.com\/fr\/#website"},"primaryImageOfPage":{"@id":"https:\/\/tourtravelandmore.com\/fr\/tours\/italie-fr\/genoa-fr\/toutes-les-visites-privees-activites\/visite-privee-a-pied-de-genes\/#primaryimage"},"image":{"@id":"https:\/\/tourtravelandmore.com\/fr\/tours\/italie-fr\/genoa-fr\/toutes-les-visites-privees-activites\/visite-privee-a-pied-de-genes\/#primaryimage"},"thumbnailUrl":"https:\/\/tourtravelandmore.com\/wp-content\/uploads\/2018\/03\/genova-3.jpg","datePublished":"2018-03-01T15:55:26+00:00","dateModified":"2023-09-01T14:14:23+00:00","description":"D\u00e9couvrez la ville enchanteresse de G\u00eanes lors de notre visite \u00e0 pied priv\u00e9e. Laissez-vous guider par un expert local \u00e0 travers les sites embl\u00e9matiques, d\u00e9couvrez l'histoire, l'art, la gastronomie et la culture uniques de la ville \u2705","breadcrumb":{"@id":"https:\/\/tourtravelandmore.com\/fr\/tours\/italie-fr\/genoa-fr\/toutes-les-visites-privees-activites\/visite-privee-a-pied-de-genes\/#breadcrumb"},"inLanguage":"fr-FR","potentialAction":[{"@type":"ReadAction","target":["https:\/\/tourtravelandmore.com\/fr\/tours\/italie-fr\/genoa-fr\/toutes-les-visites-privees-activites\/visite-privee-a-pied-de-genes\/"]}]},{"@type":"ImageObject","inLanguage":"fr-FR","@id":"https:\/\/tourtravelandmore.com\/fr\/tours\/italie-fr\/genoa-fr\/toutes-les-visites-privees-activites\/visite-privee-a-pied-de-genes\/#primaryimage","url":"https:\/\/tourtravelandmore.com\/wp-content\/uploads\/2018\/03\/genova-3.jpg","contentUrl":"https:\/\/tourtravelandmore.com\/wp-content\/uploads\/2018\/03\/genova-3.jpg","width":960,"height":640},{"@type":"BreadcrumbList","@id":"https:\/\/tourtravelandmore.com\/fr\/tours\/italie-fr\/genoa-fr\/toutes-les-visites-privees-activites\/visite-privee-a-pied-de-genes\/#breadcrumb","itemListElement":[{"@type":"ListItem","position":1,"name":"Home","item":"https:\/\/tourtravelandmore.com\/fr\/"},{"@type":"ListItem","position":2,"name":"Tours","item":"https:\/\/tourtravelandmore.com\/fr\/tours\/"},{"@type":"ListItem","position":3,"name":"Visite priv\u00e9e \u00e0 pied de G\u00eanes"}]},{"@type":"WebSite","@id":"https:\/\/tourtravelandmore.com\/fr\/#website","url":"https:\/\/tourtravelandmore.com\/fr\/","name":"Tour Travel And More","description":"Private sightseeing tours and luxury transfers in Spain","publisher":{"@id":"https:\/\/tourtravelandmore.com\/fr\/#organization"},"potentialAction":[{"@type":"SearchAction","target":{"@type":"EntryPoint","urlTemplate":"https:\/\/tourtravelandmore.com\/fr\/?s={search_term_string}"},"query-input":{"@type":"PropertyValueSpecification","valueRequired":true,"valueName":"search_term_string"}}],"inLanguage":"fr-FR"},{"@type":"Organization","@id":"https:\/\/tourtravelandmore.com\/fr\/#organization","name":"Tour Travel And More","url":"https:\/\/tourtravelandmore.com\/fr\/","logo":{"@type":"ImageObject","inLanguage":"fr-FR","@id":"https:\/\/tourtravelandmore.com\/fr\/#\/schema\/logo\/image\/","url":"https:\/\/tourtravelandmore.com\/wp-content\/uploads\/2022\/12\/cropped-logo-cabecera-new.png","contentUrl":"https:\/\/tourtravelandmore.com\/wp-content\/uploads\/2022\/12\/cropped-logo-cabecera-new.png","width":430,"height":61,"caption":"Tour Travel And More"},"image":{"@id":"https:\/\/tourtravelandmore.com\/fr\/#\/schema\/logo\/image\/"},"sameAs":["https:\/\/www.facebook.com\/tourtravelandmore\/","https:\/\/x.com\/TourTravel_More"]}]}},"_links":{"self":[{"href":"https:\/\/tourtravelandmore.com\/fr\/wp-json\/wp\/v2\/product\/101192","targetHints":{"allow":["GET"]}}],"collection":[{"href":"https:\/\/tourtravelandmore.com\/fr\/wp-json\/wp\/v2\/product"}],"about":[{"href":"https:\/\/tourtravelandmore.com\/fr\/wp-json\/wp\/v2\/types\/product"}],"replies":[{"embeddable":true,"href":"https:\/\/tourtravelandmore.com\/fr\/wp-json\/wp\/v2\/comments?post=101192"}],"wp:featuredmedia":[{"embeddable":true,"href":"https:\/\/tourtravelandmore.com\/fr\/wp-json\/wp\/v2\/media\/98269"}],"wp:attachment":[{"href":"https:\/\/tourtravelandmore.com\/fr\/wp-json\/wp\/v2\/media?parent=101192"}],"wp:term":[{"taxonomy":"product_brand","embeddable":true,"href":"https:\/\/tourtravelandmore.com\/fr\/wp-json\/wp\/v2\/product_brand?post=101192"},{"taxonomy":"product_cat","embeddable":true,"href":"https:\/\/tourtravelandmore.com\/fr\/wp-json\/wp\/v2\/product_cat?post=101192"},{"taxonomy":"product_tag","embeddable":true,"href":"https:\/\/tourtravelandmore.com\/fr\/wp-json\/wp\/v2\/product_tag?post=101192"}],"curies":[{"name":"wp","href":"https:\/\/api.w.org\/{rel}","templated":true}]}}