{"id":101187,"date":"2018-03-01T14:56:14","date_gmt":"2018-03-01T13:56:14","guid":{"rendered":"https:\/\/tourtravelandmore.com\/tours\/non%20class\u00e9\/visite-privee-a-portofino-et-santa-margherita\/"},"modified":"2023-09-01T16:14:58","modified_gmt":"2023-09-01T14:14:58","slug":"visite-privee-a-portofino-et-santa-margherita","status":"publish","type":"product","link":"https:\/\/tourtravelandmore.com\/fr\/tours\/italie-fr\/genoa-fr\/toutes-les-visites-privees-activites\/visite-privee-a-portofino-et-santa-margherita\/","title":{"rendered":"Visite priv\u00e9e \u00e0 Portofino et Santa Margherita"},"content":{"rendered":"<h2><b>Visite priv\u00e9e raffin\u00e9e de Portofino et Santa Margherita Description<\/b><\/h2>\n<p><span style=\"font-weight: 400;\">La Riviera italienne, avec sa symphonie de couleurs et de parfums, incarne un amalgame in\u00e9gal\u00e9 de charme d&#8217;antan, d&#8217;\u00e9l\u00e9gance pos\u00e9e et de beaut\u00e9 sc\u00e9nique \u00e0 couper le souffle. Notre visite priv\u00e9e vous invite \u00e0 p\u00e9n\u00e9trer dans ce paysage et \u00e0 d\u00e9couvrir la beaut\u00e9 \u00e9th\u00e9r\u00e9e de Portofino et de Santa Margherita, les deux joyaux de la Riviera qui captivent les c\u0153urs depuis des si\u00e8cles.<\/span><\/p>\n<p><span style=\"font-weight: 400;\">Perch\u00e9s au sommet de falaises escarp\u00e9es, ces hameaux embl\u00e9matiques, dont les fondations sont profond\u00e9ment ancr\u00e9es dans l&#8217;histoire et la culture, se d\u00e9versent de fa\u00e7on spectaculaire dans les eaux cristallines de la M\u00e9diterran\u00e9e. Leurs paysages intemporels, qui ont enchant\u00e9 plus d&#8217;un po\u00e8te et d&#8217;un peintre, offrent une exp\u00e9rience sensorielle aussi riche qu&#8217;\u00e9vocatrice. Avec des rues \u00e9troites et pav\u00e9es menant \u00e0 de vastes places et des baies cach\u00e9es qui s&#8217;ouvrent sur de vastes horizons azur\u00e9s, chaque tournant est une nouvelle histoire qui attend d&#8217;\u00eatre d\u00e9couverte.<\/span><\/p>\n<p><span style=\"font-weight: 400;\">Choisir notre circuit priv\u00e9 n&#8217;est pas seulement une d\u00e9cision de voyage, c&#8217;est un engagement \u00e0 vivre la Riviera italienne dans sa forme la plus pure. C&#8217;est une promesse d&#8217;exclusivit\u00e9, qui garantit une connexion profonde et intime avec l&#8217;\u00e2me m\u00eame de ces villes. Chaque vue, chaque son, chaque saveur est intensifi\u00e9, offrant des moments qui ne restent pas seulement dans les photographies, mais dans le tissu m\u00eame de la m\u00e9moire, compl\u00e9t\u00e9s par un service aussi attentif que discret.<\/span><\/p>\n<p><span style=\"font-weight: 400;\">Ce circuit est con\u00e7u pour les personnes exigeantes, pour celles qui ne se contentent pas de voyager mais cherchent \u00e0 s&#8217;impr\u00e9gner de l&#8217;essence de leur destination. En l&#8217;espace de 8 heures, voyagez \u00e0 travers les battements de c\u0153ur de la r\u00e9gion, chaque moment, chaque r\u00e9v\u00e9lation, approfondissant votre compr\u00e9hension et votre appr\u00e9ciation de ce qui fait de la Riviera italienne un r\u00eave pour beaucoup, mais une exp\u00e9rience pour les rares chanceux.<\/span><\/p>\n<h2><b>Les caract\u00e9ristiques de l&#8217;Odyss\u00e9e de Portofino et de Santa Margherita<\/b><\/h2>\n<p><span style=\"font-weight: 400;\">Portofino et Santa Margherita ne sont pas de simples destinations ; ce sont des exp\u00e9riences immersives qui incarnent la c\u00e9l\u00e8bre philosophie italienne de la &#8220;dolce vita&#8221;. Du port enchanteur de Portofino, qui r\u00e9sonne de r\u00e9cits d&#8217;antan, aux rues anim\u00e9es de Santa Margherita qui bourdonnent d&#8217;un dynamisme contemporain, chaque coin de rue promet une nouvelle d\u00e9couverte.<\/span><\/p>\n<p><span style=\"font-weight: 400;\">Recherchez la s\u00e9r\u00e9nit\u00e9 dans les ambiances langoureuses de leurs promenades, ou laissez-vous tenter par des d\u00e9lices \u00e9picuriens dans des caf\u00e9s pittoresques baign\u00e9s de soleil. Pour les aventuriers en qu\u00eate d&#8217;horizons plus vastes, embarquez pour un s\u00e9jour maritime captivant au d\u00e9part des deux villes, englobant des sites fascinants tels que San Fruttuoso et Camogli.<\/span><\/p>\n<p><span style=\"font-weight: 400;\">Votre exp\u00e9rience guid\u00e9e comprendra une s\u00e9lection des sites les plus \u00e9vocateurs :<\/span><b><\/b><\/p>\n<ul>\n<li aria-level=\"1\"><b>La l\u00e9gendaire ville portuaire de Portofino<\/b><\/li>\n<\/ul>\n<ul>\n<li aria-level=\"1\"><b>Le c\u0153ur anim\u00e9 de Santa Margherita<\/b><\/li>\n<\/ul>\n<ul>\n<li aria-level=\"1\"><b>La tranquillit\u00e9 pittoresque de Camogli<\/b><\/li>\n<\/ul>\n<ul>\n<li aria-level=\"1\"><b>L&#8217;attrait cosmopolite de Rapallo<\/b><\/li>\n<\/ul>\n<ul>\n<li aria-level=\"1\"><b>En option, le havre gastronomique de San Fruttuoso, une \u00eele proche de Portofino qui regorge de d\u00e9licieux restaurants et de ruelles enchanteresses.<\/b><\/li>\n<\/ul>\n<ul>\n<li aria-level=\"1\"><b>Et une multitude de joyaux cach\u00e9s \u00e0 d\u00e9couvrir !<\/b><\/li>\n<\/ul>\n<p>&nbsp;<\/p>\n<p><span style=\"font-weight: 400;\">En guise d&#8217;interm\u00e8de, offrez-vous un d\u00e9jeuner gastronomique dans un restaurant \u00e9l\u00e9gamment am\u00e9nag\u00e9, perch\u00e9 pour offrir un panorama envo\u00fbtant sur la c\u00f4te. Si vous le souhaitez, nous serons ravis de vous concocter une exp\u00e9rience gastronomique adapt\u00e9e \u00e0 vos pr\u00e9f\u00e9rences.<\/span><\/p>\n<p><span style=\"font-weight: 400;\">Pour conclure votre voyage, votre chauffeur d\u00e9vou\u00e9 et votre guide comp\u00e9tent vous raccompagneront \u00e0 G\u00eanes, vous laissant avec une mosa\u00efque de souvenirs \u00e0 ch\u00e9rir. Pour ceux qui recherchent une exp\u00e9rience plus simple, ce circuit peut \u00e9galement \u00eatre adapt\u00e9 pour n&#8217;inclure que le v\u00e9hicule de luxe priv\u00e9 et le chauffeur.<\/span><\/p>\n<p><span style=\"font-weight: 400;\">Si l&#8217;attrait de G\u00eanes vous attire toujours, pensez \u00e0 compl\u00e9ter votre aventure avec notre visite <\/span><a href=\"https:\/\/tourtravelandmore.com\/fr\/tours\/italie-fr\/genoa-fr\/toutes-les-visites-privees-activites\/visite-privee-a-pied-de-genes\/\"><span style=\"font-weight: 400;\">priv\u00e9e \u00e0 pied de la ville.<\/span><\/a><\/p>\n","protected":false},"excerpt":{"rendered":"<p><span style=\"font-weight: 400;\">Si vous cherchez une visite \u00e0 couper le souffle de certains des villages les plus pittoresques de la Riviera italienne, ne cherchez pas plus loin qu&#8217;une visite priv\u00e9e \u00e0 Portofino et Santa Margherita.<\/span><\/p>\n","protected":false},"featured_media":98271,"comment_status":"open","ping_status":"closed","template":"","meta":{"_acf_changed":false},"product_brand":[],"product_cat":[4456,4455,4454,3696],"product_tag":[],"class_list":{"0":"post-101187","1":"product","2":"type-product","3":"status-publish","4":"has-post-thumbnail","6":"product_cat-excursions-a-terre-privees","7":"product_cat-excursions-privees-dune-journee-fr-2","8":"product_cat-toutes-les-visites-privees-activites","9":"product_cat-genoa-fr","11":"first","12":"instock","13":"shipping-taxable","14":"purchasable","15":"product-type-simple"},"acf":[],"yoast_head":"<!-- This site is optimized with the Yoast SEO Premium plugin v25.3.1 (Yoast SEO v25.3.1) - https:\/\/yoast.com\/wordpress\/plugins\/seo\/ -->\n<title>\u27a1\ufe0f Visite priv\u00e9e \u00e0 Portofino et Santa Margherita au d\u00e9part de G\u00eanes | Tour Travel &amp; More<\/title>\n<meta name=\"description\" content=\"Visite priv\u00e9e de Portofino et Santa Margherita avec guide, v\u00e9hicule de luxe priv\u00e9 pour 8 heures. Point de prise en charge dans un lieu central ou un lieu d&#039;h\u00e9bergement \u00e0 G\u00eanes \u2705\" \/>\n<meta name=\"robots\" content=\"index, follow, max-snippet:-1, max-image-preview:large, max-video-preview:-1\" \/>\n<link rel=\"canonical\" href=\"https:\/\/tourtravelandmore.com\/fr\/tours\/italie-fr\/genoa-fr\/toutes-les-visites-privees-activites\/visite-privee-a-portofino-et-santa-margherita\/\" \/>\n<meta property=\"og:locale\" content=\"fr_FR\" \/>\n<meta property=\"og:type\" content=\"article\" \/>\n<meta property=\"og:title\" content=\"Visite priv\u00e9e \u00e0 Portofino et Santa Margherita\" \/>\n<meta property=\"og:description\" content=\"Visite priv\u00e9e de Portofino et Santa Margherita avec guide, v\u00e9hicule de luxe priv\u00e9 pour 8 heures. Point de prise en charge dans un lieu central ou un lieu d&#039;h\u00e9bergement \u00e0 G\u00eanes \u2705\" \/>\n<meta property=\"og:url\" content=\"https:\/\/tourtravelandmore.com\/fr\/tours\/italie-fr\/genoa-fr\/toutes-les-visites-privees-activites\/visite-privee-a-portofino-et-santa-margherita\/\" \/>\n<meta property=\"og:site_name\" content=\"Tour Travel And More\" \/>\n<meta property=\"article:publisher\" content=\"https:\/\/www.facebook.com\/tourtravelandmore\/\" \/>\n<meta property=\"article:modified_time\" content=\"2023-09-01T14:14:58+00:00\" \/>\n<meta property=\"og:image\" content=\"https:\/\/tourtravelandmore.com\/wp-content\/uploads\/2018\/03\/portofino-1.jpg\" \/>\n\t<meta property=\"og:image:width\" content=\"960\" \/>\n\t<meta property=\"og:image:height\" content=\"638\" \/>\n\t<meta property=\"og:image:type\" content=\"image\/jpeg\" \/>\n<meta name=\"twitter:card\" content=\"summary_large_image\" \/>\n<meta name=\"twitter:site\" content=\"@TourTravel_More\" \/>\n<meta name=\"twitter:label1\" content=\"Dur\u00e9e de lecture estim\u00e9e\" \/>\n\t<meta name=\"twitter:data1\" content=\"3 minutes\" \/>\n<script type=\"application\/ld+json\" class=\"yoast-schema-graph\">{\"@context\":\"https:\/\/schema.org\",\"@graph\":[{\"@type\":\"WebPage\",\"@id\":\"https:\/\/tourtravelandmore.com\/fr\/tours\/italie-fr\/genoa-fr\/toutes-les-visites-privees-activites\/visite-privee-a-portofino-et-santa-margherita\/\",\"url\":\"https:\/\/tourtravelandmore.com\/fr\/tours\/italie-fr\/genoa-fr\/toutes-les-visites-privees-activites\/visite-privee-a-portofino-et-santa-margherita\/\",\"name\":\"\u27a1\ufe0f Visite priv\u00e9e \u00e0 Portofino et Santa Margherita au d\u00e9part de G\u00eanes | Tour Travel & More\",\"isPartOf\":{\"@id\":\"https:\/\/tourtravelandmore.com\/fr\/#website\"},\"primaryImageOfPage\":{\"@id\":\"https:\/\/tourtravelandmore.com\/fr\/tours\/italie-fr\/genoa-fr\/toutes-les-visites-privees-activites\/visite-privee-a-portofino-et-santa-margherita\/#primaryimage\"},\"image\":{\"@id\":\"https:\/\/tourtravelandmore.com\/fr\/tours\/italie-fr\/genoa-fr\/toutes-les-visites-privees-activites\/visite-privee-a-portofino-et-santa-margherita\/#primaryimage\"},\"thumbnailUrl\":\"https:\/\/tourtravelandmore.com\/wp-content\/uploads\/2018\/03\/portofino-1.jpg\",\"datePublished\":\"2018-03-01T13:56:14+00:00\",\"dateModified\":\"2023-09-01T14:14:58+00:00\",\"description\":\"Visite priv\u00e9e de Portofino et Santa Margherita avec guide, v\u00e9hicule de luxe priv\u00e9 pour 8 heures. Point de prise en charge dans un lieu central ou un lieu d'h\u00e9bergement \u00e0 G\u00eanes \u2705\",\"breadcrumb\":{\"@id\":\"https:\/\/tourtravelandmore.com\/fr\/tours\/italie-fr\/genoa-fr\/toutes-les-visites-privees-activites\/visite-privee-a-portofino-et-santa-margherita\/#breadcrumb\"},\"inLanguage\":\"fr-FR\",\"potentialAction\":[{\"@type\":\"ReadAction\",\"target\":[\"https:\/\/tourtravelandmore.com\/fr\/tours\/italie-fr\/genoa-fr\/toutes-les-visites-privees-activites\/visite-privee-a-portofino-et-santa-margherita\/\"]}]},{\"@type\":\"ImageObject\",\"inLanguage\":\"fr-FR\",\"@id\":\"https:\/\/tourtravelandmore.com\/fr\/tours\/italie-fr\/genoa-fr\/toutes-les-visites-privees-activites\/visite-privee-a-portofino-et-santa-margherita\/#primaryimage\",\"url\":\"https:\/\/tourtravelandmore.com\/wp-content\/uploads\/2018\/03\/portofino-1.jpg\",\"contentUrl\":\"https:\/\/tourtravelandmore.com\/wp-content\/uploads\/2018\/03\/portofino-1.jpg\",\"width\":960,\"height\":638},{\"@type\":\"BreadcrumbList\",\"@id\":\"https:\/\/tourtravelandmore.com\/fr\/tours\/italie-fr\/genoa-fr\/toutes-les-visites-privees-activites\/visite-privee-a-portofino-et-santa-margherita\/#breadcrumb\",\"itemListElement\":[{\"@type\":\"ListItem\",\"position\":1,\"name\":\"Home\",\"item\":\"https:\/\/tourtravelandmore.com\/fr\/\"},{\"@type\":\"ListItem\",\"position\":2,\"name\":\"Tours\",\"item\":\"https:\/\/tourtravelandmore.com\/fr\/tours\/\"},{\"@type\":\"ListItem\",\"position\":3,\"name\":\"Visite priv\u00e9e \u00e0 Portofino et Santa Margherita\"}]},{\"@type\":\"WebSite\",\"@id\":\"https:\/\/tourtravelandmore.com\/fr\/#website\",\"url\":\"https:\/\/tourtravelandmore.com\/fr\/\",\"name\":\"Tour Travel And More\",\"description\":\"Private sightseeing tours and luxury transfers in Spain\",\"publisher\":{\"@id\":\"https:\/\/tourtravelandmore.com\/fr\/#organization\"},\"potentialAction\":[{\"@type\":\"SearchAction\",\"target\":{\"@type\":\"EntryPoint\",\"urlTemplate\":\"https:\/\/tourtravelandmore.com\/fr\/?s={search_term_string}\"},\"query-input\":{\"@type\":\"PropertyValueSpecification\",\"valueRequired\":true,\"valueName\":\"search_term_string\"}}],\"inLanguage\":\"fr-FR\"},{\"@type\":\"Organization\",\"@id\":\"https:\/\/tourtravelandmore.com\/fr\/#organization\",\"name\":\"Tour Travel And More\",\"url\":\"https:\/\/tourtravelandmore.com\/fr\/\",\"logo\":{\"@type\":\"ImageObject\",\"inLanguage\":\"fr-FR\",\"@id\":\"https:\/\/tourtravelandmore.com\/fr\/#\/schema\/logo\/image\/\",\"url\":\"https:\/\/tourtravelandmore.com\/wp-content\/uploads\/2022\/12\/cropped-logo-cabecera-new.png\",\"contentUrl\":\"https:\/\/tourtravelandmore.com\/wp-content\/uploads\/2022\/12\/cropped-logo-cabecera-new.png\",\"width\":430,\"height\":61,\"caption\":\"Tour Travel And More\"},\"image\":{\"@id\":\"https:\/\/tourtravelandmore.com\/fr\/#\/schema\/logo\/image\/\"},\"sameAs\":[\"https:\/\/www.facebook.com\/tourtravelandmore\/\",\"https:\/\/x.com\/TourTravel_More\"]}]}<\/script>\n<!-- \/ Yoast SEO Premium plugin. -->","yoast_head_json":{"title":"\u27a1\ufe0f Visite priv\u00e9e \u00e0 Portofino et Santa Margherita au d\u00e9part de G\u00eanes | Tour Travel & More","description":"Visite priv\u00e9e de Portofino et Santa Margherita avec guide, v\u00e9hicule de luxe priv\u00e9 pour 8 heures. Point de prise en charge dans un lieu central ou un lieu d'h\u00e9bergement \u00e0 G\u00eanes \u2705","robots":{"index":"index","follow":"follow","max-snippet":"max-snippet:-1","max-image-preview":"max-image-preview:large","max-video-preview":"max-video-preview:-1"},"canonical":"https:\/\/tourtravelandmore.com\/fr\/tours\/italie-fr\/genoa-fr\/toutes-les-visites-privees-activites\/visite-privee-a-portofino-et-santa-margherita\/","og_locale":"fr_FR","og_type":"article","og_title":"Visite priv\u00e9e \u00e0 Portofino et Santa Margherita","og_description":"Visite priv\u00e9e de Portofino et Santa Margherita avec guide, v\u00e9hicule de luxe priv\u00e9 pour 8 heures. Point de prise en charge dans un lieu central ou un lieu d'h\u00e9bergement \u00e0 G\u00eanes \u2705","og_url":"https:\/\/tourtravelandmore.com\/fr\/tours\/italie-fr\/genoa-fr\/toutes-les-visites-privees-activites\/visite-privee-a-portofino-et-santa-margherita\/","og_site_name":"Tour Travel And More","article_publisher":"https:\/\/www.facebook.com\/tourtravelandmore\/","article_modified_time":"2023-09-01T14:14:58+00:00","og_image":[{"width":960,"height":638,"url":"https:\/\/tourtravelandmore.com\/wp-content\/uploads\/2018\/03\/portofino-1.jpg","type":"image\/jpeg"}],"twitter_card":"summary_large_image","twitter_site":"@TourTravel_More","twitter_misc":{"Dur\u00e9e de lecture estim\u00e9e":"3 minutes"},"schema":{"@context":"https:\/\/schema.org","@graph":[{"@type":"WebPage","@id":"https:\/\/tourtravelandmore.com\/fr\/tours\/italie-fr\/genoa-fr\/toutes-les-visites-privees-activites\/visite-privee-a-portofino-et-santa-margherita\/","url":"https:\/\/tourtravelandmore.com\/fr\/tours\/italie-fr\/genoa-fr\/toutes-les-visites-privees-activites\/visite-privee-a-portofino-et-santa-margherita\/","name":"\u27a1\ufe0f Visite priv\u00e9e \u00e0 Portofino et Santa Margherita au d\u00e9part de G\u00eanes | Tour Travel & More","isPartOf":{"@id":"https:\/\/tourtravelandmore.com\/fr\/#website"},"primaryImageOfPage":{"@id":"https:\/\/tourtravelandmore.com\/fr\/tours\/italie-fr\/genoa-fr\/toutes-les-visites-privees-activites\/visite-privee-a-portofino-et-santa-margherita\/#primaryimage"},"image":{"@id":"https:\/\/tourtravelandmore.com\/fr\/tours\/italie-fr\/genoa-fr\/toutes-les-visites-privees-activites\/visite-privee-a-portofino-et-santa-margherita\/#primaryimage"},"thumbnailUrl":"https:\/\/tourtravelandmore.com\/wp-content\/uploads\/2018\/03\/portofino-1.jpg","datePublished":"2018-03-01T13:56:14+00:00","dateModified":"2023-09-01T14:14:58+00:00","description":"Visite priv\u00e9e de Portofino et Santa Margherita avec guide, v\u00e9hicule de luxe priv\u00e9 pour 8 heures. Point de prise en charge dans un lieu central ou un lieu d'h\u00e9bergement \u00e0 G\u00eanes \u2705","breadcrumb":{"@id":"https:\/\/tourtravelandmore.com\/fr\/tours\/italie-fr\/genoa-fr\/toutes-les-visites-privees-activites\/visite-privee-a-portofino-et-santa-margherita\/#breadcrumb"},"inLanguage":"fr-FR","potentialAction":[{"@type":"ReadAction","target":["https:\/\/tourtravelandmore.com\/fr\/tours\/italie-fr\/genoa-fr\/toutes-les-visites-privees-activites\/visite-privee-a-portofino-et-santa-margherita\/"]}]},{"@type":"ImageObject","inLanguage":"fr-FR","@id":"https:\/\/tourtravelandmore.com\/fr\/tours\/italie-fr\/genoa-fr\/toutes-les-visites-privees-activites\/visite-privee-a-portofino-et-santa-margherita\/#primaryimage","url":"https:\/\/tourtravelandmore.com\/wp-content\/uploads\/2018\/03\/portofino-1.jpg","contentUrl":"https:\/\/tourtravelandmore.com\/wp-content\/uploads\/2018\/03\/portofino-1.jpg","width":960,"height":638},{"@type":"BreadcrumbList","@id":"https:\/\/tourtravelandmore.com\/fr\/tours\/italie-fr\/genoa-fr\/toutes-les-visites-privees-activites\/visite-privee-a-portofino-et-santa-margherita\/#breadcrumb","itemListElement":[{"@type":"ListItem","position":1,"name":"Home","item":"https:\/\/tourtravelandmore.com\/fr\/"},{"@type":"ListItem","position":2,"name":"Tours","item":"https:\/\/tourtravelandmore.com\/fr\/tours\/"},{"@type":"ListItem","position":3,"name":"Visite priv\u00e9e \u00e0 Portofino et Santa Margherita"}]},{"@type":"WebSite","@id":"https:\/\/tourtravelandmore.com\/fr\/#website","url":"https:\/\/tourtravelandmore.com\/fr\/","name":"Tour Travel And More","description":"Private sightseeing tours and luxury transfers in Spain","publisher":{"@id":"https:\/\/tourtravelandmore.com\/fr\/#organization"},"potentialAction":[{"@type":"SearchAction","target":{"@type":"EntryPoint","urlTemplate":"https:\/\/tourtravelandmore.com\/fr\/?s={search_term_string}"},"query-input":{"@type":"PropertyValueSpecification","valueRequired":true,"valueName":"search_term_string"}}],"inLanguage":"fr-FR"},{"@type":"Organization","@id":"https:\/\/tourtravelandmore.com\/fr\/#organization","name":"Tour Travel And More","url":"https:\/\/tourtravelandmore.com\/fr\/","logo":{"@type":"ImageObject","inLanguage":"fr-FR","@id":"https:\/\/tourtravelandmore.com\/fr\/#\/schema\/logo\/image\/","url":"https:\/\/tourtravelandmore.com\/wp-content\/uploads\/2022\/12\/cropped-logo-cabecera-new.png","contentUrl":"https:\/\/tourtravelandmore.com\/wp-content\/uploads\/2022\/12\/cropped-logo-cabecera-new.png","width":430,"height":61,"caption":"Tour Travel And More"},"image":{"@id":"https:\/\/tourtravelandmore.com\/fr\/#\/schema\/logo\/image\/"},"sameAs":["https:\/\/www.facebook.com\/tourtravelandmore\/","https:\/\/x.com\/TourTravel_More"]}]}},"_links":{"self":[{"href":"https:\/\/tourtravelandmore.com\/fr\/wp-json\/wp\/v2\/product\/101187","targetHints":{"allow":["GET"]}}],"collection":[{"href":"https:\/\/tourtravelandmore.com\/fr\/wp-json\/wp\/v2\/product"}],"about":[{"href":"https:\/\/tourtravelandmore.com\/fr\/wp-json\/wp\/v2\/types\/product"}],"replies":[{"embeddable":true,"href":"https:\/\/tourtravelandmore.com\/fr\/wp-json\/wp\/v2\/comments?post=101187"}],"wp:featuredmedia":[{"embeddable":true,"href":"https:\/\/tourtravelandmore.com\/fr\/wp-json\/wp\/v2\/media\/98271"}],"wp:attachment":[{"href":"https:\/\/tourtravelandmore.com\/fr\/wp-json\/wp\/v2\/media?parent=101187"}],"wp:term":[{"taxonomy":"product_brand","embeddable":true,"href":"https:\/\/tourtravelandmore.com\/fr\/wp-json\/wp\/v2\/product_brand?post=101187"},{"taxonomy":"product_cat","embeddable":true,"href":"https:\/\/tourtravelandmore.com\/fr\/wp-json\/wp\/v2\/product_cat?post=101187"},{"taxonomy":"product_tag","embeddable":true,"href":"https:\/\/tourtravelandmore.com\/fr\/wp-json\/wp\/v2\/product_tag?post=101187"}],"curies":[{"name":"wp","href":"https:\/\/api.w.org\/{rel}","templated":true}]}}