{"id":101182,"date":"2018-03-01T13:13:24","date_gmt":"2018-03-01T12:13:24","guid":{"rendered":"https:\/\/tourtravelandmore.com\/tours\/non%20class\u00e9\/visite-privee-de-genes\/"},"modified":"2023-09-01T16:14:49","modified_gmt":"2023-09-01T14:14:49","slug":"visite-privee-de-genes","status":"publish","type":"product","link":"https:\/\/tourtravelandmore.com\/fr\/tours\/italie-fr\/genoa-fr\/toutes-les-visites-privees-activites\/visite-privee-de-genes\/","title":{"rendered":"Visite priv\u00e9e de G\u00eanes"},"content":{"rendered":"<h2><b>Description de la visite priv\u00e9e de G\u00eanes<\/b><\/h2>\n<p><span style=\"font-weight: 400;\">G\u00eanes, avec son pass\u00e9 charg\u00e9 d&#8217;histoire et son charme intemporel, pr\u00e9sente un tableau captivant qui va bien au-del\u00e0 de son importance historique mondialement reconnue. Cette ville, nich\u00e9e au c\u0153ur de la Riviera italienne, est une riche tapisserie tiss\u00e9e avec les fils d&#8217;une architecture ancienne, d&#8217;une culture palpitante, d&#8217;un art fascinant et d&#8217;exp\u00e9riences gastronomiques in\u00e9gal\u00e9es, le tout sur fond de mer azur et de collines verdoyantes.<\/span><\/p>\n<p><span style=\"font-weight: 400;\">Embarquez pour notre visite priv\u00e9e de 4 heures de G\u00eanes, sp\u00e9cialement con\u00e7ue pour les voyageurs exigeants. Cette visite n&#8217;est pas un simple exercice de tourisme, mais un voyage r\u00e9fl\u00e9chi qui offre une connexion immersive et authentique avec cette ville extraordinaire, son h\u00e9ritage et son pr\u00e9sent vibrant.<\/span><\/p>\n<p><span style=\"font-weight: 400;\">Un guide local, expert dans son domaine, vous accompagnera dans cette exploration. Sa connaissance approfondie de G\u00eanes n&#8217;est surpass\u00e9e que par sa passion pour sa ville. Avec des histoires personnelles, des faits cach\u00e9s et des r\u00e9cits \u00e9clairants, ils fourniront des couches de contexte et de couleur \u00e0 chaque site que vous visiterez, les transformant de simples points sur une carte en chapitres vivants de l&#8217;histoire grandiose de G\u00eanes.<\/span><\/p>\n<p><span style=\"font-weight: 400;\">Le voyage commence par un rendez-vous pratique avec votre chauffeur priv\u00e9 et votre guide \u00e0 l&#8217;endroit choisi dans la ville. Pour faciliter votre exp\u00e9rience, nous pouvons \u00e9galement organiser une prise en charge directe depuis votre lieu d&#8217;h\u00e9bergement. \u00c0 partir de l\u00e0, vous traverserez les ruelles sinueuses et les larges piazzas de la ville, vous passerez devant de grandes structures et d&#8217;humbles maisons, vous traverserez des march\u00e9s anim\u00e9s et des \u00e9glises tranquilles, et \u00e0 chaque \u00e9tape, vous comprendrez et appr\u00e9cierez davantage G\u00eanes et ses habitants.<\/span><\/p>\n<p><span style=\"font-weight: 400;\">Impr\u00e9gnez-vous de l&#8217;ambiance unique de la ville, absorbez son rythme et immergez-vous dans son esprit. Apr\u00e8s tout, pour vraiment conna\u00eetre une ville, il ne suffit pas de visiter ses monuments, il faut vivre sa vie, ne serait-ce que pendant quelques heures. Rejoignez-nous et vivons G\u00eanes ensemble.<\/span><\/p>\n<h2><b>Points d&#8217;int\u00e9r\u00eat de la visite priv\u00e9e de G\u00eanes :<\/b><\/h2>\n<p><span style=\"font-weight: 400;\">\u00c0 bord de votre v\u00e9hicule priv\u00e9, vous plongerez au c\u0153ur de G\u00eanes et visiterez une s\u00e9lection de sites embl\u00e9matiques :<\/span><\/p>\n<ul>\n<li style=\"list-style-type: none;\">\n<ul>\n<li style=\"font-weight: 400;\" aria-level=\"1\"><b>Le vibrant port de G\u00eanes, qui t\u00e9moigne des prouesses maritimes de la ville.<\/b><\/li>\n<\/ul>\n<\/li>\n<\/ul>\n<ul>\n<li aria-level=\"1\"><b>L&#8217;impressionnante cath\u00e9drale San Lorenzo, sanctuaire de la spiritualit\u00e9 g\u00e9noise.<\/b><\/li>\n<\/ul>\n<ul>\n<li aria-level=\"1\"><b>Une promenade tranquille le long des &#8220;Strade Nuove&#8221;, un site class\u00e9 au patrimoine mondial de l&#8217;UNESCO qui \u00e9voque le pass\u00e9 illustre de G\u00eanes.<\/b><\/li>\n<\/ul>\n<ul>\n<li aria-level=\"1\"><b>Le grand palais royal, symbole de l&#8217;h\u00e9ritage aristocratique de G\u00eanes.<\/b><\/li>\n<\/ul>\n<ul>\n<li aria-level=\"1\"><b>L&#8217;imposante tour Lanterna, embl\u00e8me intemporel de la ville.<\/b><\/li>\n<\/ul>\n<ul>\n<li aria-level=\"1\"><b>L&#8217;exploration de l&#8217;un des plus grands aquariums d&#8217;Europe, qui abrite une myriade d&#8217;esp\u00e8ces marines.<\/b><\/li>\n<\/ul>\n<ul>\n<li aria-level=\"1\"><b>La vue panoramique de Spianata Castelletto, qui offre une vue imprenable sur G\u00eanes.<\/b><\/li>\n<\/ul>\n<ul>\n<li aria-level=\"1\"><b>Et toute une s\u00e9rie de joyaux cach\u00e9s dans les coins et recoins de la ville !<\/b><\/li>\n<\/ul>\n<h2><\/h2>\n<p><span style=\"font-weight: 400;\">Nos guides professionnels vous donneront un aper\u00e7u enrichissant de chaque lieu, en vous captivant avec des histoires fascinantes et des anecdotes historiques. Nous pouvons \u00e9galement organiser des entr\u00e9es prioritaires pour tous les monuments et mus\u00e9es de la ville, \u00e0 votre demande.<\/span><\/p>\n<p><span style=\"font-weight: 400;\">La visite se termine lorsque votre chauffeur priv\u00e9 vous raccompagne \u00e0 votre point de d\u00e9part. Vous quitterez G\u00eanes avec une nouvelle appr\u00e9ciation de la ville, de ses habitants et de sa culture.<\/span><\/p>\n<p><span style=\"font-weight: 400;\">Si vous souhaitez une journ\u00e9e <\/span><a href=\"https:\/\/tourtravelandmore.com\/fr\/tours\/italie-fr\/genoa-fr\/toutes-les-visites-privees-activites\/visite-privee-a-portofino-et-santa-margherita\/\"><span style=\"font-weight: 400;\">compl\u00e8te d&#8217;exploration, pensez \u00e0 notre visite priv\u00e9e des villes baln\u00e9aires enchanteresses de Portofino et Santa Margherita au d\u00e9part de G\u00eanes,<\/span><\/a><span style=\"font-weight: 400;\"> connues pour leurs paysages \u00e9poustouflants et leur charme d\u00e9contract\u00e9.<\/span><\/p>\n","protected":false},"excerpt":{"rendered":"<p><span style=\"font-weight: 400;\">Embarquez pour une visite priv\u00e9e de 4 heures de G\u00eanes, en passant par des sites historiques et des lieux culturels captivants. Votre guide local, associ\u00e9 \u00e0 un chauffeur priv\u00e9, vous garantit une exploration compl\u00e8te et perspicace. Rendez votre voyage en Italie inoubliable gr\u00e2ce \u00e0 nos am\u00e9liorations sur mesure.<\/span><\/p>\n","protected":false},"featured_media":98273,"comment_status":"open","ping_status":"closed","template":"","meta":{"_acf_changed":false},"product_brand":[],"product_cat":[4456,4454,4457,3696],"product_tag":[],"class_list":{"0":"post-101182","1":"product","2":"type-product","3":"status-publish","4":"has-post-thumbnail","6":"product_cat-excursions-a-terre-privees","7":"product_cat-toutes-les-visites-privees-activites","8":"product_cat-visites-guidees-privees-fr-5","9":"product_cat-genoa-fr","11":"first","12":"instock","13":"shipping-taxable","14":"purchasable","15":"product-type-simple"},"acf":[],"yoast_head":"<!-- This site is optimized with the Yoast SEO Premium plugin v25.3.1 (Yoast SEO v25.3.1) - https:\/\/yoast.com\/wordpress\/plugins\/seo\/ -->\n<title>Visite priv\u00e9e de G\u00eanes avec chauffeur priv\u00e9 et guide s\u00e9par\u00e9<\/title>\n<meta name=\"description\" content=\"Explorez les curiosit\u00e9s de G\u00eanes avec une visite priv\u00e9e et voyez les sites les plus populaires de la ville. Nos guides touristiques experts sont pr\u00eats \u00e0 vous faire d\u00e9couvrir cette destination magnifique et historique. R\u00e9servez d\u00e8s maintenant pour vivre une exp\u00e9rience unique ! \u2705\" \/>\n<meta name=\"robots\" content=\"index, follow, max-snippet:-1, max-image-preview:large, max-video-preview:-1\" \/>\n<link rel=\"canonical\" href=\"https:\/\/tourtravelandmore.com\/fr\/tours\/italie-fr\/genoa-fr\/toutes-les-visites-privees-activites\/visite-privee-de-genes\/\" \/>\n<meta property=\"og:locale\" content=\"fr_FR\" \/>\n<meta property=\"og:type\" content=\"article\" \/>\n<meta property=\"og:title\" content=\"Visite priv\u00e9e de G\u00eanes\" \/>\n<meta property=\"og:description\" content=\"Explorez les curiosit\u00e9s de G\u00eanes avec une visite priv\u00e9e et voyez les sites les plus populaires de la ville. Nos guides touristiques experts sont pr\u00eats \u00e0 vous faire d\u00e9couvrir cette destination magnifique et historique. R\u00e9servez d\u00e8s maintenant pour vivre une exp\u00e9rience unique ! \u2705\" \/>\n<meta property=\"og:url\" content=\"https:\/\/tourtravelandmore.com\/fr\/tours\/italie-fr\/genoa-fr\/toutes-les-visites-privees-activites\/visite-privee-de-genes\/\" \/>\n<meta property=\"og:site_name\" content=\"Tour Travel And More\" \/>\n<meta property=\"article:publisher\" content=\"https:\/\/www.facebook.com\/tourtravelandmore\/\" \/>\n<meta property=\"article:modified_time\" content=\"2023-09-01T14:14:49+00:00\" \/>\n<meta property=\"og:image\" content=\"https:\/\/tourtravelandmore.com\/wp-content\/uploads\/2018\/03\/genova-4.jpg\" \/>\n\t<meta property=\"og:image:width\" content=\"960\" \/>\n\t<meta property=\"og:image:height\" content=\"639\" \/>\n\t<meta property=\"og:image:type\" content=\"image\/jpeg\" \/>\n<meta name=\"twitter:card\" content=\"summary_large_image\" \/>\n<meta name=\"twitter:site\" content=\"@TourTravel_More\" \/>\n<meta name=\"twitter:label1\" content=\"Dur\u00e9e de lecture estim\u00e9e\" \/>\n\t<meta name=\"twitter:data1\" content=\"3 minutes\" \/>\n<script type=\"application\/ld+json\" class=\"yoast-schema-graph\">{\"@context\":\"https:\/\/schema.org\",\"@graph\":[{\"@type\":\"WebPage\",\"@id\":\"https:\/\/tourtravelandmore.com\/fr\/tours\/italie-fr\/genoa-fr\/toutes-les-visites-privees-activites\/visite-privee-de-genes\/\",\"url\":\"https:\/\/tourtravelandmore.com\/fr\/tours\/italie-fr\/genoa-fr\/toutes-les-visites-privees-activites\/visite-privee-de-genes\/\",\"name\":\"Visite priv\u00e9e de G\u00eanes avec chauffeur priv\u00e9 et guide s\u00e9par\u00e9\",\"isPartOf\":{\"@id\":\"https:\/\/tourtravelandmore.com\/fr\/#website\"},\"primaryImageOfPage\":{\"@id\":\"https:\/\/tourtravelandmore.com\/fr\/tours\/italie-fr\/genoa-fr\/toutes-les-visites-privees-activites\/visite-privee-de-genes\/#primaryimage\"},\"image\":{\"@id\":\"https:\/\/tourtravelandmore.com\/fr\/tours\/italie-fr\/genoa-fr\/toutes-les-visites-privees-activites\/visite-privee-de-genes\/#primaryimage\"},\"thumbnailUrl\":\"https:\/\/tourtravelandmore.com\/wp-content\/uploads\/2018\/03\/genova-4.jpg\",\"datePublished\":\"2018-03-01T12:13:24+00:00\",\"dateModified\":\"2023-09-01T14:14:49+00:00\",\"description\":\"Explorez les curiosit\u00e9s de G\u00eanes avec une visite priv\u00e9e et voyez les sites les plus populaires de la ville. Nos guides touristiques experts sont pr\u00eats \u00e0 vous faire d\u00e9couvrir cette destination magnifique et historique. R\u00e9servez d\u00e8s maintenant pour vivre une exp\u00e9rience unique ! \u2705\",\"breadcrumb\":{\"@id\":\"https:\/\/tourtravelandmore.com\/fr\/tours\/italie-fr\/genoa-fr\/toutes-les-visites-privees-activites\/visite-privee-de-genes\/#breadcrumb\"},\"inLanguage\":\"fr-FR\",\"potentialAction\":[{\"@type\":\"ReadAction\",\"target\":[\"https:\/\/tourtravelandmore.com\/fr\/tours\/italie-fr\/genoa-fr\/toutes-les-visites-privees-activites\/visite-privee-de-genes\/\"]}]},{\"@type\":\"ImageObject\",\"inLanguage\":\"fr-FR\",\"@id\":\"https:\/\/tourtravelandmore.com\/fr\/tours\/italie-fr\/genoa-fr\/toutes-les-visites-privees-activites\/visite-privee-de-genes\/#primaryimage\",\"url\":\"https:\/\/tourtravelandmore.com\/wp-content\/uploads\/2018\/03\/genova-4.jpg\",\"contentUrl\":\"https:\/\/tourtravelandmore.com\/wp-content\/uploads\/2018\/03\/genova-4.jpg\",\"width\":960,\"height\":639},{\"@type\":\"BreadcrumbList\",\"@id\":\"https:\/\/tourtravelandmore.com\/fr\/tours\/italie-fr\/genoa-fr\/toutes-les-visites-privees-activites\/visite-privee-de-genes\/#breadcrumb\",\"itemListElement\":[{\"@type\":\"ListItem\",\"position\":1,\"name\":\"Home\",\"item\":\"https:\/\/tourtravelandmore.com\/fr\/\"},{\"@type\":\"ListItem\",\"position\":2,\"name\":\"Tours\",\"item\":\"https:\/\/tourtravelandmore.com\/fr\/tours\/\"},{\"@type\":\"ListItem\",\"position\":3,\"name\":\"Visite priv\u00e9e de G\u00eanes\"}]},{\"@type\":\"WebSite\",\"@id\":\"https:\/\/tourtravelandmore.com\/fr\/#website\",\"url\":\"https:\/\/tourtravelandmore.com\/fr\/\",\"name\":\"Tour Travel And More\",\"description\":\"Private sightseeing tours and luxury transfers in Spain\",\"publisher\":{\"@id\":\"https:\/\/tourtravelandmore.com\/fr\/#organization\"},\"potentialAction\":[{\"@type\":\"SearchAction\",\"target\":{\"@type\":\"EntryPoint\",\"urlTemplate\":\"https:\/\/tourtravelandmore.com\/fr\/?s={search_term_string}\"},\"query-input\":{\"@type\":\"PropertyValueSpecification\",\"valueRequired\":true,\"valueName\":\"search_term_string\"}}],\"inLanguage\":\"fr-FR\"},{\"@type\":\"Organization\",\"@id\":\"https:\/\/tourtravelandmore.com\/fr\/#organization\",\"name\":\"Tour Travel And More\",\"url\":\"https:\/\/tourtravelandmore.com\/fr\/\",\"logo\":{\"@type\":\"ImageObject\",\"inLanguage\":\"fr-FR\",\"@id\":\"https:\/\/tourtravelandmore.com\/fr\/#\/schema\/logo\/image\/\",\"url\":\"https:\/\/tourtravelandmore.com\/wp-content\/uploads\/2022\/12\/cropped-logo-cabecera-new.png\",\"contentUrl\":\"https:\/\/tourtravelandmore.com\/wp-content\/uploads\/2022\/12\/cropped-logo-cabecera-new.png\",\"width\":430,\"height\":61,\"caption\":\"Tour Travel And More\"},\"image\":{\"@id\":\"https:\/\/tourtravelandmore.com\/fr\/#\/schema\/logo\/image\/\"},\"sameAs\":[\"https:\/\/www.facebook.com\/tourtravelandmore\/\",\"https:\/\/x.com\/TourTravel_More\"]}]}<\/script>\n<!-- \/ Yoast SEO Premium plugin. -->","yoast_head_json":{"title":"Visite priv\u00e9e de G\u00eanes avec chauffeur priv\u00e9 et guide s\u00e9par\u00e9","description":"Explorez les curiosit\u00e9s de G\u00eanes avec une visite priv\u00e9e et voyez les sites les plus populaires de la ville. Nos guides touristiques experts sont pr\u00eats \u00e0 vous faire d\u00e9couvrir cette destination magnifique et historique. R\u00e9servez d\u00e8s maintenant pour vivre une exp\u00e9rience unique ! \u2705","robots":{"index":"index","follow":"follow","max-snippet":"max-snippet:-1","max-image-preview":"max-image-preview:large","max-video-preview":"max-video-preview:-1"},"canonical":"https:\/\/tourtravelandmore.com\/fr\/tours\/italie-fr\/genoa-fr\/toutes-les-visites-privees-activites\/visite-privee-de-genes\/","og_locale":"fr_FR","og_type":"article","og_title":"Visite priv\u00e9e de G\u00eanes","og_description":"Explorez les curiosit\u00e9s de G\u00eanes avec une visite priv\u00e9e et voyez les sites les plus populaires de la ville. Nos guides touristiques experts sont pr\u00eats \u00e0 vous faire d\u00e9couvrir cette destination magnifique et historique. R\u00e9servez d\u00e8s maintenant pour vivre une exp\u00e9rience unique ! \u2705","og_url":"https:\/\/tourtravelandmore.com\/fr\/tours\/italie-fr\/genoa-fr\/toutes-les-visites-privees-activites\/visite-privee-de-genes\/","og_site_name":"Tour Travel And More","article_publisher":"https:\/\/www.facebook.com\/tourtravelandmore\/","article_modified_time":"2023-09-01T14:14:49+00:00","og_image":[{"width":960,"height":639,"url":"https:\/\/tourtravelandmore.com\/wp-content\/uploads\/2018\/03\/genova-4.jpg","type":"image\/jpeg"}],"twitter_card":"summary_large_image","twitter_site":"@TourTravel_More","twitter_misc":{"Dur\u00e9e de lecture estim\u00e9e":"3 minutes"},"schema":{"@context":"https:\/\/schema.org","@graph":[{"@type":"WebPage","@id":"https:\/\/tourtravelandmore.com\/fr\/tours\/italie-fr\/genoa-fr\/toutes-les-visites-privees-activites\/visite-privee-de-genes\/","url":"https:\/\/tourtravelandmore.com\/fr\/tours\/italie-fr\/genoa-fr\/toutes-les-visites-privees-activites\/visite-privee-de-genes\/","name":"Visite priv\u00e9e de G\u00eanes avec chauffeur priv\u00e9 et guide s\u00e9par\u00e9","isPartOf":{"@id":"https:\/\/tourtravelandmore.com\/fr\/#website"},"primaryImageOfPage":{"@id":"https:\/\/tourtravelandmore.com\/fr\/tours\/italie-fr\/genoa-fr\/toutes-les-visites-privees-activites\/visite-privee-de-genes\/#primaryimage"},"image":{"@id":"https:\/\/tourtravelandmore.com\/fr\/tours\/italie-fr\/genoa-fr\/toutes-les-visites-privees-activites\/visite-privee-de-genes\/#primaryimage"},"thumbnailUrl":"https:\/\/tourtravelandmore.com\/wp-content\/uploads\/2018\/03\/genova-4.jpg","datePublished":"2018-03-01T12:13:24+00:00","dateModified":"2023-09-01T14:14:49+00:00","description":"Explorez les curiosit\u00e9s de G\u00eanes avec une visite priv\u00e9e et voyez les sites les plus populaires de la ville. Nos guides touristiques experts sont pr\u00eats \u00e0 vous faire d\u00e9couvrir cette destination magnifique et historique. R\u00e9servez d\u00e8s maintenant pour vivre une exp\u00e9rience unique ! \u2705","breadcrumb":{"@id":"https:\/\/tourtravelandmore.com\/fr\/tours\/italie-fr\/genoa-fr\/toutes-les-visites-privees-activites\/visite-privee-de-genes\/#breadcrumb"},"inLanguage":"fr-FR","potentialAction":[{"@type":"ReadAction","target":["https:\/\/tourtravelandmore.com\/fr\/tours\/italie-fr\/genoa-fr\/toutes-les-visites-privees-activites\/visite-privee-de-genes\/"]}]},{"@type":"ImageObject","inLanguage":"fr-FR","@id":"https:\/\/tourtravelandmore.com\/fr\/tours\/italie-fr\/genoa-fr\/toutes-les-visites-privees-activites\/visite-privee-de-genes\/#primaryimage","url":"https:\/\/tourtravelandmore.com\/wp-content\/uploads\/2018\/03\/genova-4.jpg","contentUrl":"https:\/\/tourtravelandmore.com\/wp-content\/uploads\/2018\/03\/genova-4.jpg","width":960,"height":639},{"@type":"BreadcrumbList","@id":"https:\/\/tourtravelandmore.com\/fr\/tours\/italie-fr\/genoa-fr\/toutes-les-visites-privees-activites\/visite-privee-de-genes\/#breadcrumb","itemListElement":[{"@type":"ListItem","position":1,"name":"Home","item":"https:\/\/tourtravelandmore.com\/fr\/"},{"@type":"ListItem","position":2,"name":"Tours","item":"https:\/\/tourtravelandmore.com\/fr\/tours\/"},{"@type":"ListItem","position":3,"name":"Visite priv\u00e9e de G\u00eanes"}]},{"@type":"WebSite","@id":"https:\/\/tourtravelandmore.com\/fr\/#website","url":"https:\/\/tourtravelandmore.com\/fr\/","name":"Tour Travel And More","description":"Private sightseeing tours and luxury transfers in Spain","publisher":{"@id":"https:\/\/tourtravelandmore.com\/fr\/#organization"},"potentialAction":[{"@type":"SearchAction","target":{"@type":"EntryPoint","urlTemplate":"https:\/\/tourtravelandmore.com\/fr\/?s={search_term_string}"},"query-input":{"@type":"PropertyValueSpecification","valueRequired":true,"valueName":"search_term_string"}}],"inLanguage":"fr-FR"},{"@type":"Organization","@id":"https:\/\/tourtravelandmore.com\/fr\/#organization","name":"Tour Travel And More","url":"https:\/\/tourtravelandmore.com\/fr\/","logo":{"@type":"ImageObject","inLanguage":"fr-FR","@id":"https:\/\/tourtravelandmore.com\/fr\/#\/schema\/logo\/image\/","url":"https:\/\/tourtravelandmore.com\/wp-content\/uploads\/2022\/12\/cropped-logo-cabecera-new.png","contentUrl":"https:\/\/tourtravelandmore.com\/wp-content\/uploads\/2022\/12\/cropped-logo-cabecera-new.png","width":430,"height":61,"caption":"Tour Travel And More"},"image":{"@id":"https:\/\/tourtravelandmore.com\/fr\/#\/schema\/logo\/image\/"},"sameAs":["https:\/\/www.facebook.com\/tourtravelandmore\/","https:\/\/x.com\/TourTravel_More"]}]}},"_links":{"self":[{"href":"https:\/\/tourtravelandmore.com\/fr\/wp-json\/wp\/v2\/product\/101182","targetHints":{"allow":["GET"]}}],"collection":[{"href":"https:\/\/tourtravelandmore.com\/fr\/wp-json\/wp\/v2\/product"}],"about":[{"href":"https:\/\/tourtravelandmore.com\/fr\/wp-json\/wp\/v2\/types\/product"}],"replies":[{"embeddable":true,"href":"https:\/\/tourtravelandmore.com\/fr\/wp-json\/wp\/v2\/comments?post=101182"}],"wp:featuredmedia":[{"embeddable":true,"href":"https:\/\/tourtravelandmore.com\/fr\/wp-json\/wp\/v2\/media\/98273"}],"wp:attachment":[{"href":"https:\/\/tourtravelandmore.com\/fr\/wp-json\/wp\/v2\/media?parent=101182"}],"wp:term":[{"taxonomy":"product_brand","embeddable":true,"href":"https:\/\/tourtravelandmore.com\/fr\/wp-json\/wp\/v2\/product_brand?post=101182"},{"taxonomy":"product_cat","embeddable":true,"href":"https:\/\/tourtravelandmore.com\/fr\/wp-json\/wp\/v2\/product_cat?post=101182"},{"taxonomy":"product_tag","embeddable":true,"href":"https:\/\/tourtravelandmore.com\/fr\/wp-json\/wp\/v2\/product_tag?post=101182"}],"curies":[{"name":"wp","href":"https:\/\/api.w.org\/{rel}","templated":true}]}}