{"id":101173,"date":"2019-10-03T05:46:32","date_gmt":"2019-10-03T03:46:32","guid":{"rendered":"https:\/\/tourtravelandmore.com\/tours\/non%20class\u00e9\/visite-privee-de-bruxelles\/"},"modified":"2022-12-27T15:04:38","modified_gmt":"2022-12-27T14:04:38","slug":"visite-privee-de-bruxelles","status":"publish","type":"product","link":"https:\/\/tourtravelandmore.com\/fr\/tours\/belgique-fr\/bruxelles-fr\/visite-privee-de-bruxelles\/","title":{"rendered":"Visite priv\u00e9e de Bruxelles"},"content":{"rendered":"<h2>Description<\/h2>\n<p>Ne manquez pas l&#8217;occasion de <strong>d\u00e9couvrir la fantastique ville de Bruxelles<\/strong> en r\u00e9servant l&#8217;une de nos visites priv\u00e9es que nous proposons ici dans <strong>Tour Travel &amp; More<\/strong>. Cela comprend une promenade \u00e0 bord d&#8217;un v\u00e9hicule de luxe priv\u00e9 avec chauffeur. Profitez de cette<strong> visite accompagn\u00e9e d&#8217;un guide expert<\/strong> qui remplira votre esprit de faits historiques et vous emm\u00e8nera aux points les plus strat\u00e9giques d&#8217;une ville pleine de culture, de charme et d&#8217;histoire fascinante comme Bruxelles.<\/p>\n<p>Cette visite priv\u00e9e \u00e0 travers la ville de Bruxelles dure 4 heures. Il est temps de d\u00e9couvrir les endroits les plus attrayants et int\u00e9ressants de la belle capitale belge. Toujours en compagnie de notre guide officiel priv\u00e9 et \u00e0 bord d&#8217;une voiture de<strong> luxe avec chauffeur.<\/strong><\/p>\n<h2>Sites d&#8217;int\u00e9r\u00eat et monuments<\/h2>\n<p>Vous pouvez cr\u00e9er votre propre programme pour explorer <strong>Bruxelles<\/strong> en<strong> 4 heures<\/strong> et l&#8217;adapter \u00e0 votre confort et \u00e0 votre convenance. Nous proposons \u00e9galement toujours un itin\u00e9raire qui s&#8217;int\u00e8gre parfaitement dans les 4 heures de dur\u00e9e.<\/p>\n<p>Si vous le souhaitez, le point de rendez-vous peut \u00eatre fix\u00e9 \u00e0 l&#8217;h\u00f4tel o\u00f9 vous s\u00e9journez. Vous pouvez \u00e9galement \u00eatre la vieille ville de Bruxelles. Plus pr\u00e9cis\u00e9ment, dans la magnifique <strong>Grand Place<\/strong>, lieu reconnu par <strong>l&#8217;UNESCO<\/strong> pour \u00eatre entour\u00e9 de merveilles architecturales.<\/p>\n<p>Une fois \u00e0 bord de notre v\u00e9hicule priv\u00e9, le premier arr\u00eat est le <strong>Mannekin Pis.<\/strong> Il est situ\u00e9 rue de <strong>l&#8217;Etuve, ic\u00f4ne symbolique<\/strong> de la ville datant du <strong>XIVe si\u00e8cle.<\/strong> Vous trouverez beaucoup de touristes \u00e0 cet endroit, attendant d&#8217;entendre les diff\u00e9rentes versions et l\u00e9gendes qui parlent de son origine.<\/p>\n<p>Ensuite, l&#8217;un des endroits les plus int\u00e9ressants de <strong>Bruxelles: l&#8217;Atomium.<\/strong> Situ\u00e9 juste sur le c\u00f4t\u00e9 du Mannekin Pis, c&#8217;est une structure de 102 m\u00e8tres de haut et construite en aluminium et en acier. Sa figure repr\u00e9sente une mol\u00e9cule de fer magnifi\u00e9e 165 millions de fois.<br \/>\nEt apr\u00e8s &#8230;<\/p>\n<p>La prochaine \u00e9tape de notre programme est la <strong>cath\u00e9drale Saint-Michel et Saint-Gudule<\/strong>. Une structure impressionnante construite entre le <strong>XIIIe<\/strong> et <strong>XVe<\/strong> si\u00e8cle \u00e0 l&#8217;architecture spectaculaire o\u00f9 deux tours jumelles de 69 m\u00e8tres vous attireront imm\u00e9diatement. Sa nouvelle entr\u00e9e s&#8217;affiche majestueusement sur un ensemble d&#8217;escaliers.<\/p>\n<p>Ensuite, vous rencontrerez <strong>La Place Royale.<\/strong> Ici se trouve l&#8217;un des b\u00e2timents les plus importants, <strong>Le Palais Royal<\/strong>\u00a0<strong>de Bruxelles,<\/strong> r\u00e9sidence officielle de la famille royale belge. Au m\u00eame endroit, vous pourrez d\u00e9couvrir d&#8217;autres \u00e9difices comme Le Palais des Beaux-Arts et Le Palais des Acad\u00e9mies, dont les fa\u00e7ades n\u00e9oclassiques sont vraiment spectaculaires.<\/p>\n<p>Ensuite, dans la partie haute de la ville, vous ne pouvez pas manquer <strong>l&#8217;\u00e9glise Notre-Dame du Sablon.<\/strong> C&#8217;est l&#8217;une des plus belles <strong>\u00e9glises de Belgique,<\/strong> construite entre le XV et le XVI encore, avec un style gothique <strong>braban\u00e7on.<\/strong><\/p>\n<p>Pour finir, vous devez vous promener dans <strong>le Parc du Cinquantenaire.<\/strong> C&#8217;est un lieu datant du XIXe si\u00e8cle et couvrant une trentaine d&#8217;hectares dans le quartier europ\u00e9en. C&#8217;est un endroit anim\u00e9 et amusant avec plusieurs mus\u00e9es \u00e0 visiter et des endroits pour manger, marcher et se reposer.<\/p>\n<p>Chez <strong>Tour Travel &amp; More<\/strong>, nous proposons de superbes exp\u00e9riences priv\u00e9es, d\u00e9couvrez-le ici!<\/p>\n","protected":false},"excerpt":{"rendered":"<p>La meilleure fa\u00e7on de conna\u00eetre <strong>Bruxelles<\/strong> est avec ce tour de ville priv\u00e9 de <strong>4<\/strong>\u00a0<strong>heures<\/strong> \u00e0 Bruxelles o\u00f9 vous verrez et visiterez tous les lieux et monuments les plus importants. Personnalisez votre propre exp\u00e9rience. Ne manquez pas les monuments, les sites touristiques, les nombreuses \u00e9glises, ses mus\u00e9es tels que <strong>l\u2019\u00c9toile, la Mairie, Le Renard et Le Cornet et bien plus encore!<\/strong><\/p>\n","protected":false},"featured_media":170102,"comment_status":"open","ping_status":"closed","template":"","meta":{"_acf_changed":false},"product_brand":[],"product_cat":[3693,4236,4235],"product_tag":[],"class_list":{"0":"post-101173","1":"product","2":"type-product","3":"status-publish","4":"has-post-thumbnail","6":"product_cat-bruxelles-fr","7":"product_cat-all-private-tours-activities-fr-11","8":"product_cat-private-sightseeing-tours-fr-16","10":"first","11":"instock","12":"shipping-taxable","13":"purchasable","14":"product-type-simple"},"acf":[],"yoast_head":"<!-- This site is optimized with the Yoast SEO Premium plugin v25.3.1 (Yoast SEO v25.3.1) - https:\/\/yoast.com\/wordpress\/plugins\/seo\/ -->\n<title>Visite priv\u00e9e de Bruxelles - VISITE PRIV\u00c9E DE BRUXELLES | TTM<\/title>\n<meta name=\"description\" content=\"Profitez de cette visite priv\u00e9e de Bruxelles enti\u00e8rement personnalis\u00e9e et profitez de leurs monuments et sites les plus importants avec votre chauffeur et guide priv\u00e9s\" \/>\n<meta name=\"robots\" content=\"index, follow, max-snippet:-1, max-image-preview:large, max-video-preview:-1\" \/>\n<link rel=\"canonical\" href=\"https:\/\/tourtravelandmore.com\/fr\/tours\/belgique-fr\/bruxelles-fr\/visite-privee-de-bruxelles\/\" \/>\n<meta property=\"og:locale\" content=\"fr_FR\" \/>\n<meta property=\"og:type\" content=\"article\" \/>\n<meta property=\"og:title\" content=\"Visite priv\u00e9e de Bruxelles\" \/>\n<meta property=\"og:description\" content=\"Profitez de cette visite priv\u00e9e de Bruxelles enti\u00e8rement personnalis\u00e9e et profitez de leurs monuments et sites les plus importants avec votre chauffeur et guide priv\u00e9s\" \/>\n<meta property=\"og:url\" content=\"https:\/\/tourtravelandmore.com\/fr\/tours\/belgique-fr\/bruxelles-fr\/visite-privee-de-bruxelles\/\" \/>\n<meta property=\"og:site_name\" content=\"Tour Travel And More\" \/>\n<meta property=\"article:publisher\" content=\"https:\/\/www.facebook.com\/tourtravelandmore\/\" \/>\n<meta property=\"article:modified_time\" content=\"2022-12-27T14:04:38+00:00\" \/>\n<meta property=\"og:image\" content=\"https:\/\/tourtravelandmore.com\/wp-content\/uploads\/2019\/10\/belgium-3626586_1280.jpg\" \/>\n\t<meta property=\"og:image:width\" content=\"1280\" \/>\n\t<meta property=\"og:image:height\" content=\"853\" \/>\n\t<meta property=\"og:image:type\" content=\"image\/jpeg\" \/>\n<meta name=\"twitter:card\" content=\"summary_large_image\" \/>\n<meta name=\"twitter:site\" content=\"@TourTravel_More\" \/>\n<meta name=\"twitter:label1\" content=\"Dur\u00e9e de lecture estim\u00e9e\" \/>\n\t<meta name=\"twitter:data1\" content=\"3 minutes\" \/>\n<script type=\"application\/ld+json\" class=\"yoast-schema-graph\">{\"@context\":\"https:\/\/schema.org\",\"@graph\":[{\"@type\":\"WebPage\",\"@id\":\"https:\/\/tourtravelandmore.com\/fr\/tours\/belgique-fr\/bruxelles-fr\/visite-privee-de-bruxelles\/\",\"url\":\"https:\/\/tourtravelandmore.com\/fr\/tours\/belgique-fr\/bruxelles-fr\/visite-privee-de-bruxelles\/\",\"name\":\"Visite priv\u00e9e de Bruxelles - VISITE PRIV\u00c9E DE BRUXELLES | TTM\",\"isPartOf\":{\"@id\":\"https:\/\/tourtravelandmore.com\/fr\/#website\"},\"primaryImageOfPage\":{\"@id\":\"https:\/\/tourtravelandmore.com\/fr\/tours\/belgique-fr\/bruxelles-fr\/visite-privee-de-bruxelles\/#primaryimage\"},\"image\":{\"@id\":\"https:\/\/tourtravelandmore.com\/fr\/tours\/belgique-fr\/bruxelles-fr\/visite-privee-de-bruxelles\/#primaryimage\"},\"thumbnailUrl\":\"https:\/\/tourtravelandmore.com\/wp-content\/uploads\/2019\/10\/belgium-3626586_1280.jpg\",\"datePublished\":\"2019-10-03T03:46:32+00:00\",\"dateModified\":\"2022-12-27T14:04:38+00:00\",\"description\":\"Profitez de cette visite priv\u00e9e de Bruxelles enti\u00e8rement personnalis\u00e9e et profitez de leurs monuments et sites les plus importants avec votre chauffeur et guide priv\u00e9s\",\"breadcrumb\":{\"@id\":\"https:\/\/tourtravelandmore.com\/fr\/tours\/belgique-fr\/bruxelles-fr\/visite-privee-de-bruxelles\/#breadcrumb\"},\"inLanguage\":\"fr-FR\",\"potentialAction\":[{\"@type\":\"ReadAction\",\"target\":[\"https:\/\/tourtravelandmore.com\/fr\/tours\/belgique-fr\/bruxelles-fr\/visite-privee-de-bruxelles\/\"]}]},{\"@type\":\"ImageObject\",\"inLanguage\":\"fr-FR\",\"@id\":\"https:\/\/tourtravelandmore.com\/fr\/tours\/belgique-fr\/bruxelles-fr\/visite-privee-de-bruxelles\/#primaryimage\",\"url\":\"https:\/\/tourtravelandmore.com\/wp-content\/uploads\/2019\/10\/belgium-3626586_1280.jpg\",\"contentUrl\":\"https:\/\/tourtravelandmore.com\/wp-content\/uploads\/2019\/10\/belgium-3626586_1280.jpg\",\"width\":1280,\"height\":853},{\"@type\":\"BreadcrumbList\",\"@id\":\"https:\/\/tourtravelandmore.com\/fr\/tours\/belgique-fr\/bruxelles-fr\/visite-privee-de-bruxelles\/#breadcrumb\",\"itemListElement\":[{\"@type\":\"ListItem\",\"position\":1,\"name\":\"Home\",\"item\":\"https:\/\/tourtravelandmore.com\/fr\/\"},{\"@type\":\"ListItem\",\"position\":2,\"name\":\"Tours\",\"item\":\"https:\/\/tourtravelandmore.com\/fr\/tours\/\"},{\"@type\":\"ListItem\",\"position\":3,\"name\":\"Visite priv\u00e9e de Bruxelles\"}]},{\"@type\":\"WebSite\",\"@id\":\"https:\/\/tourtravelandmore.com\/fr\/#website\",\"url\":\"https:\/\/tourtravelandmore.com\/fr\/\",\"name\":\"Tour Travel And More\",\"description\":\"Private sightseeing tours and luxury transfers in Spain\",\"publisher\":{\"@id\":\"https:\/\/tourtravelandmore.com\/fr\/#organization\"},\"potentialAction\":[{\"@type\":\"SearchAction\",\"target\":{\"@type\":\"EntryPoint\",\"urlTemplate\":\"https:\/\/tourtravelandmore.com\/fr\/?s={search_term_string}\"},\"query-input\":{\"@type\":\"PropertyValueSpecification\",\"valueRequired\":true,\"valueName\":\"search_term_string\"}}],\"inLanguage\":\"fr-FR\"},{\"@type\":\"Organization\",\"@id\":\"https:\/\/tourtravelandmore.com\/fr\/#organization\",\"name\":\"Tour Travel And More\",\"url\":\"https:\/\/tourtravelandmore.com\/fr\/\",\"logo\":{\"@type\":\"ImageObject\",\"inLanguage\":\"fr-FR\",\"@id\":\"https:\/\/tourtravelandmore.com\/fr\/#\/schema\/logo\/image\/\",\"url\":\"https:\/\/tourtravelandmore.com\/wp-content\/uploads\/2022\/12\/cropped-logo-cabecera-new.png\",\"contentUrl\":\"https:\/\/tourtravelandmore.com\/wp-content\/uploads\/2022\/12\/cropped-logo-cabecera-new.png\",\"width\":430,\"height\":61,\"caption\":\"Tour Travel And More\"},\"image\":{\"@id\":\"https:\/\/tourtravelandmore.com\/fr\/#\/schema\/logo\/image\/\"},\"sameAs\":[\"https:\/\/www.facebook.com\/tourtravelandmore\/\",\"https:\/\/x.com\/TourTravel_More\"]}]}<\/script>\n<!-- \/ Yoast SEO Premium plugin. -->","yoast_head_json":{"title":"Visite priv\u00e9e de Bruxelles - VISITE PRIV\u00c9E DE BRUXELLES | TTM","description":"Profitez de cette visite priv\u00e9e de Bruxelles enti\u00e8rement personnalis\u00e9e et profitez de leurs monuments et sites les plus importants avec votre chauffeur et guide priv\u00e9s","robots":{"index":"index","follow":"follow","max-snippet":"max-snippet:-1","max-image-preview":"max-image-preview:large","max-video-preview":"max-video-preview:-1"},"canonical":"https:\/\/tourtravelandmore.com\/fr\/tours\/belgique-fr\/bruxelles-fr\/visite-privee-de-bruxelles\/","og_locale":"fr_FR","og_type":"article","og_title":"Visite priv\u00e9e de Bruxelles","og_description":"Profitez de cette visite priv\u00e9e de Bruxelles enti\u00e8rement personnalis\u00e9e et profitez de leurs monuments et sites les plus importants avec votre chauffeur et guide priv\u00e9s","og_url":"https:\/\/tourtravelandmore.com\/fr\/tours\/belgique-fr\/bruxelles-fr\/visite-privee-de-bruxelles\/","og_site_name":"Tour Travel And More","article_publisher":"https:\/\/www.facebook.com\/tourtravelandmore\/","article_modified_time":"2022-12-27T14:04:38+00:00","og_image":[{"width":1280,"height":853,"url":"https:\/\/tourtravelandmore.com\/wp-content\/uploads\/2019\/10\/belgium-3626586_1280.jpg","type":"image\/jpeg"}],"twitter_card":"summary_large_image","twitter_site":"@TourTravel_More","twitter_misc":{"Dur\u00e9e de lecture estim\u00e9e":"3 minutes"},"schema":{"@context":"https:\/\/schema.org","@graph":[{"@type":"WebPage","@id":"https:\/\/tourtravelandmore.com\/fr\/tours\/belgique-fr\/bruxelles-fr\/visite-privee-de-bruxelles\/","url":"https:\/\/tourtravelandmore.com\/fr\/tours\/belgique-fr\/bruxelles-fr\/visite-privee-de-bruxelles\/","name":"Visite priv\u00e9e de Bruxelles - VISITE PRIV\u00c9E DE BRUXELLES | TTM","isPartOf":{"@id":"https:\/\/tourtravelandmore.com\/fr\/#website"},"primaryImageOfPage":{"@id":"https:\/\/tourtravelandmore.com\/fr\/tours\/belgique-fr\/bruxelles-fr\/visite-privee-de-bruxelles\/#primaryimage"},"image":{"@id":"https:\/\/tourtravelandmore.com\/fr\/tours\/belgique-fr\/bruxelles-fr\/visite-privee-de-bruxelles\/#primaryimage"},"thumbnailUrl":"https:\/\/tourtravelandmore.com\/wp-content\/uploads\/2019\/10\/belgium-3626586_1280.jpg","datePublished":"2019-10-03T03:46:32+00:00","dateModified":"2022-12-27T14:04:38+00:00","description":"Profitez de cette visite priv\u00e9e de Bruxelles enti\u00e8rement personnalis\u00e9e et profitez de leurs monuments et sites les plus importants avec votre chauffeur et guide priv\u00e9s","breadcrumb":{"@id":"https:\/\/tourtravelandmore.com\/fr\/tours\/belgique-fr\/bruxelles-fr\/visite-privee-de-bruxelles\/#breadcrumb"},"inLanguage":"fr-FR","potentialAction":[{"@type":"ReadAction","target":["https:\/\/tourtravelandmore.com\/fr\/tours\/belgique-fr\/bruxelles-fr\/visite-privee-de-bruxelles\/"]}]},{"@type":"ImageObject","inLanguage":"fr-FR","@id":"https:\/\/tourtravelandmore.com\/fr\/tours\/belgique-fr\/bruxelles-fr\/visite-privee-de-bruxelles\/#primaryimage","url":"https:\/\/tourtravelandmore.com\/wp-content\/uploads\/2019\/10\/belgium-3626586_1280.jpg","contentUrl":"https:\/\/tourtravelandmore.com\/wp-content\/uploads\/2019\/10\/belgium-3626586_1280.jpg","width":1280,"height":853},{"@type":"BreadcrumbList","@id":"https:\/\/tourtravelandmore.com\/fr\/tours\/belgique-fr\/bruxelles-fr\/visite-privee-de-bruxelles\/#breadcrumb","itemListElement":[{"@type":"ListItem","position":1,"name":"Home","item":"https:\/\/tourtravelandmore.com\/fr\/"},{"@type":"ListItem","position":2,"name":"Tours","item":"https:\/\/tourtravelandmore.com\/fr\/tours\/"},{"@type":"ListItem","position":3,"name":"Visite priv\u00e9e de Bruxelles"}]},{"@type":"WebSite","@id":"https:\/\/tourtravelandmore.com\/fr\/#website","url":"https:\/\/tourtravelandmore.com\/fr\/","name":"Tour Travel And More","description":"Private sightseeing tours and luxury transfers in Spain","publisher":{"@id":"https:\/\/tourtravelandmore.com\/fr\/#organization"},"potentialAction":[{"@type":"SearchAction","target":{"@type":"EntryPoint","urlTemplate":"https:\/\/tourtravelandmore.com\/fr\/?s={search_term_string}"},"query-input":{"@type":"PropertyValueSpecification","valueRequired":true,"valueName":"search_term_string"}}],"inLanguage":"fr-FR"},{"@type":"Organization","@id":"https:\/\/tourtravelandmore.com\/fr\/#organization","name":"Tour Travel And More","url":"https:\/\/tourtravelandmore.com\/fr\/","logo":{"@type":"ImageObject","inLanguage":"fr-FR","@id":"https:\/\/tourtravelandmore.com\/fr\/#\/schema\/logo\/image\/","url":"https:\/\/tourtravelandmore.com\/wp-content\/uploads\/2022\/12\/cropped-logo-cabecera-new.png","contentUrl":"https:\/\/tourtravelandmore.com\/wp-content\/uploads\/2022\/12\/cropped-logo-cabecera-new.png","width":430,"height":61,"caption":"Tour Travel And More"},"image":{"@id":"https:\/\/tourtravelandmore.com\/fr\/#\/schema\/logo\/image\/"},"sameAs":["https:\/\/www.facebook.com\/tourtravelandmore\/","https:\/\/x.com\/TourTravel_More"]}]}},"_links":{"self":[{"href":"https:\/\/tourtravelandmore.com\/fr\/wp-json\/wp\/v2\/product\/101173","targetHints":{"allow":["GET"]}}],"collection":[{"href":"https:\/\/tourtravelandmore.com\/fr\/wp-json\/wp\/v2\/product"}],"about":[{"href":"https:\/\/tourtravelandmore.com\/fr\/wp-json\/wp\/v2\/types\/product"}],"replies":[{"embeddable":true,"href":"https:\/\/tourtravelandmore.com\/fr\/wp-json\/wp\/v2\/comments?post=101173"}],"wp:featuredmedia":[{"embeddable":true,"href":"https:\/\/tourtravelandmore.com\/fr\/wp-json\/wp\/v2\/media\/170102"}],"wp:attachment":[{"href":"https:\/\/tourtravelandmore.com\/fr\/wp-json\/wp\/v2\/media?parent=101173"}],"wp:term":[{"taxonomy":"product_brand","embeddable":true,"href":"https:\/\/tourtravelandmore.com\/fr\/wp-json\/wp\/v2\/product_brand?post=101173"},{"taxonomy":"product_cat","embeddable":true,"href":"https:\/\/tourtravelandmore.com\/fr\/wp-json\/wp\/v2\/product_cat?post=101173"},{"taxonomy":"product_tag","embeddable":true,"href":"https:\/\/tourtravelandmore.com\/fr\/wp-json\/wp\/v2\/product_tag?post=101173"}],"curies":[{"name":"wp","href":"https:\/\/api.w.org\/{rel}","templated":true}]}}