{"id":101163,"date":"2019-10-03T05:46:25","date_gmt":"2019-10-03T03:46:25","guid":{"rendered":"https:\/\/tourtravelandmore.com\/tours\/non%20class\u00e9\/visite-privee-a-pied-de-bruxelles\/"},"modified":"2022-12-27T15:28:23","modified_gmt":"2022-12-27T14:28:23","slug":"visite-privee-a-pied-de-bruxelles","status":"publish","type":"product","link":"https:\/\/tourtravelandmore.com\/fr\/tours\/belgique-fr\/bruxelles-fr\/visite-privee-a-pied-de-bruxelles\/","title":{"rendered":"Visite priv\u00e9e \u00e0 pied de Bruxelles"},"content":{"rendered":"<h2>Description<\/h2>\n<p>Profitez de cette occasion pour explorer la merveilleuse ville de Bruxelles lors d&#8217;une <strong>visite priv\u00e9e \u00e0 pied de 4 heures \u00e0 Bruxelles<\/strong> avec l&#8217;un des guides touristiques priv\u00e9s les plus comp\u00e9tents de la ville. Vous serez \u00e9tonn\u00e9 et ravi par la vaste culture que cette capitale belge a pour vous. Sa vieille ville et ses rues \u00e9troites en feront une exp\u00e9rience agr\u00e9able.<\/p>\n<p>Notre <strong>guide officiel<\/strong> est capable de communiquer dans n&#8217;importe quelle langue dont vous avez besoin et poss\u00e8de l&#8217;exp\u00e9rience n\u00e9cessaire pour vous guider \u00e0 travers les itin\u00e9raires les plus importants afin que vous puissiez tirer le meilleur parti des 4 heures. Tout au long de la visite, il vous racontera l&#8217;histoire des mus\u00e9es et m\u00e9moriaux de Bruxelles et vous emm\u00e8nera dans des lieux offrant une vue panoramique imprenable sur la ville.<\/p>\n<p>En outre, Tour Travel &amp; More souhaite vous rappeler que vous pouvez personnaliser votre programme de visites \u00e0 votre guise; vous pouvez m\u00eame d\u00e9finir le point de rendez-vous qui vous convient le mieux pour votre guide officiel.<\/p>\n<p>Cette <strong>visite priv\u00e9e \u00e0 pied de Bruxelles<\/strong> d\u00e9butera \u00e0 un point de rendez-vous central. Si votre h\u00f4tel est situ\u00e9 dans le centre-ville, nous pouvons organiser une prise en charge \u00e0 pied.<\/p>\n<h2>Sites d&#8217;int\u00e9r\u00eat et monuments<\/h2>\n<p>Notre suggestion est de commencer la visite en rencontrant votre guide officiel dans la vieille ville de Bruxelles, plus pr\u00e9cis\u00e9ment sur la magnifique Grand Place, reconnue par l&#8217;UNESCO. De l\u00e0, vous commencerez \u00e0 explorer le centre historique \u00e0 pied, et bien que ce soit un p\u00e9rim\u00e8tre assez petit, il y a beaucoup d&#8217;attractions et d&#8217;int\u00e9r\u00eats touristiques \u00e0 d\u00e9couvrir.<\/p>\n<p>L&#8217;endroit est con\u00e7u avec une <strong>belle architecture<\/strong> repr\u00e9sentant diff\u00e9rentes \u00e9poques. Il est entour\u00e9 de restaurants, de boutiques et de bars o\u00f9 vous pourrez d\u00e9guster l&#8217;un des nombreux types de bi\u00e8res belges.<\/p>\n<p>En regardant autour de vous, vous pouvez admirer de nombreux b\u00e2timents gothiques. A quelques pas se trouve la Mairie, la Maison du Roi et d&#8217;autres belles demeures qui d\u00e9finissent son p\u00e9rim\u00e8tre.<\/p>\n<p>Des rues pav\u00e9es vous m\u00e8neront \u00e0<strong> la Place Royale, au Grand Sablon et \u00e0 la Place de la Bourse.<\/strong> C&#8217;est le premier dont est le b\u00e2timent de la <strong>Bourse.<\/strong> Vous vous perdrez parmi de nombreuses \u00e9glises et \u00e0 travers des ruelles \u00e9troites.<\/p>\n<h4>Prochains arr\u00eats &#8230;<\/h4>\n<p>Au prochain arr\u00eat, vous pouvez prendre une photo devant le Manneken-Pis. Il s&#8217;agit de la sculpture d&#8217;un gar\u00e7on en train de faire pipi qui, croyez-le ou non, est l&#8217;ic\u00f4ne de Bruxelles. Ce petit gar\u00e7on en bronze du XVIIe si\u00e8cle est admir\u00e9 pour ses nombreuses l\u00e9gendes et fonctionne comme source publique. R\u00e9guli\u00e8rement, l&#8217;administration l&#8217;habille d&#8217;une tenue diff\u00e9rente.<\/p>\n<p>Un autre arr\u00eat int\u00e9ressant est les Galeries Royales Saint-Hubert. Ici, vous pouvez faire de longues promenades dans les magasins, les caf\u00e9s et les restaurants \u00e9l\u00e9gants. Sa structure conserve une tr\u00e8s belle architecture avec des plafonds en verre.<\/p>\n<p>Apr\u00e8s cela, d\u00e9couvrez la promenade de la bande dessin\u00e9e. Ici, des dizaines de ces b\u00e2timents ornent la ville, beaucoup d&#8217;entre eux m\u00eame r\u00e9alis\u00e9s par des designers et des c\u00e9l\u00e9brit\u00e9s. Chaque bande dessin\u00e9e prend vie en entendant l&#8217;histoire racont\u00e9e par votre guide priv\u00e9.<\/p>\n<p>Bien que le calendrier de la visite soit assez serr\u00e9, vous pouvez visiter certains de ces mus\u00e9es. Si vous aimez le monde de la bande dessin\u00e9e et que vous souhaitez vous plonger dans l&#8217;histoire de vos personnages pr\u00e9f\u00e9r\u00e9s, nous vous recommandons de visiter le Centre belge de la bande dessin\u00e9e.<\/p>\n<p>Le MIMA (Millenium Iconoclast Museum Art), bas\u00e9 sur l&#8217;art contemporain, est \u00e9galement un excellent choix \u00e0 visiter lors de cette visite priv\u00e9e \u00e0 pied de 4 heures \u00e0 travers Bruxelles. Faites-nous savoir et nous pouvons ajouter des billets.<\/p>\n<p>Autres endroits \u00e0 visiter lors de cette visite priv\u00e9e<\/p>\n<ul>\n<li>Cath\u00e9drale Saint-Michel et Sainte-Gudule<\/li>\n<li>\u00c9glise Saint-Nicolas<\/li>\n<li>\u00c9glise Notre-Dame du Sablon<\/li>\n<li>Boutique Tintin<\/li>\n<li>Palais Royal<\/li>\n<li>Parc Royal<\/li>\n<li>Mus\u00e9e Magritte<\/li>\n<li>Mus\u00e9es royaux des Beaux-Arts<\/li>\n<li>Montagne des Arts<\/li>\n<\/ul>\n<p>Jetez un \u0153il \u00e0 nos autres visites priv\u00e9es ici!<\/p>\n","protected":false},"excerpt":{"rendered":"<p>Aventurez-vous dans cette <strong>visite priv\u00e9e \u00e0 pied de 4 heures<\/strong> enti\u00e8rement personnalis\u00e9e dans les rues de <strong>Bruxelles,<\/strong> o\u00f9 vous pourrez admirer la beaut\u00e9 urbaine de ses rues, monuments et b\u00e2timents de la Renaissance les plus importants. En cours de route, votre guide officiel priv\u00e9 vous conduira \u00e0 la d\u00e9couverte de la beaut\u00e9 offerte par la ville et ses b\u00e2timents m\u00e9di\u00e9vaux, tels que la <strong>Boutique Tintin, les Galeries Royales de Saint-Hubert, la Bourse<\/strong> et bien d&#8217;autres sites.<\/p>\n","protected":false},"featured_media":96443,"comment_status":"open","ping_status":"closed","template":"","meta":{"_acf_changed":false},"product_brand":[],"product_cat":[3693,4236,4237],"product_tag":[],"class_list":{"0":"post-101163","1":"product","2":"type-product","3":"status-publish","4":"has-post-thumbnail","6":"product_cat-bruxelles-fr","7":"product_cat-all-private-tours-activities-fr-11","8":"product_cat-private-walking-tours-fr-5","10":"first","11":"instock","12":"shipping-taxable","13":"purchasable","14":"product-type-simple"},"acf":[],"yoast_head":"<!-- This site is optimized with the Yoast SEO Premium plugin v25.3.1 (Yoast SEO v25.3.1) - https:\/\/yoast.com\/wordpress\/plugins\/seo\/ -->\n<title>Visite priv\u00e9e de Bruxelles \u00e0 pied avec votre guide officiel | TTM<\/title>\n<meta name=\"description\" content=\"Explorez et appr\u00e9ciez la ville de Bruxelles avec cette visite priv\u00e9e \u00e0 pied de Bruxelles avec un guide touristique local et d\u00e9couvrez certains de ses endroits les plus reconnus.\" \/>\n<meta name=\"robots\" content=\"index, follow, max-snippet:-1, max-image-preview:large, max-video-preview:-1\" \/>\n<link rel=\"canonical\" href=\"https:\/\/tourtravelandmore.com\/fr\/tours\/belgique-fr\/bruxelles-fr\/visite-privee-a-pied-de-bruxelles\/\" \/>\n<meta property=\"og:locale\" content=\"fr_FR\" \/>\n<meta property=\"og:type\" content=\"article\" \/>\n<meta property=\"og:title\" content=\"Visite priv\u00e9e \u00e0 pied de Bruxelles\" \/>\n<meta property=\"og:description\" content=\"Explorez et appr\u00e9ciez la ville de Bruxelles avec cette visite priv\u00e9e \u00e0 pied de Bruxelles avec un guide touristique local et d\u00e9couvrez certains de ses endroits les plus reconnus.\" \/>\n<meta property=\"og:url\" content=\"https:\/\/tourtravelandmore.com\/fr\/tours\/belgique-fr\/bruxelles-fr\/visite-privee-a-pied-de-bruxelles\/\" \/>\n<meta property=\"og:site_name\" content=\"Tour Travel And More\" \/>\n<meta property=\"article:publisher\" content=\"https:\/\/www.facebook.com\/tourtravelandmore\/\" \/>\n<meta property=\"article:modified_time\" content=\"2022-12-27T14:28:23+00:00\" \/>\n<meta property=\"og:image\" content=\"https:\/\/tourtravelandmore.com\/wp-content\/uploads\/2019\/10\/brussels.1.jpg\" \/>\n\t<meta property=\"og:image:width\" content=\"960\" \/>\n\t<meta property=\"og:image:height\" content=\"707\" \/>\n\t<meta property=\"og:image:type\" content=\"image\/jpeg\" \/>\n<meta name=\"twitter:card\" content=\"summary_large_image\" \/>\n<meta name=\"twitter:site\" content=\"@TourTravel_More\" \/>\n<meta name=\"twitter:label1\" content=\"Dur\u00e9e de lecture estim\u00e9e\" \/>\n\t<meta name=\"twitter:data1\" content=\"3 minutes\" \/>\n<script type=\"application\/ld+json\" class=\"yoast-schema-graph\">{\"@context\":\"https:\/\/schema.org\",\"@graph\":[{\"@type\":\"WebPage\",\"@id\":\"https:\/\/tourtravelandmore.com\/fr\/tours\/belgique-fr\/bruxelles-fr\/visite-privee-a-pied-de-bruxelles\/\",\"url\":\"https:\/\/tourtravelandmore.com\/fr\/tours\/belgique-fr\/bruxelles-fr\/visite-privee-a-pied-de-bruxelles\/\",\"name\":\"Visite priv\u00e9e de Bruxelles \u00e0 pied avec votre guide officiel | TTM\",\"isPartOf\":{\"@id\":\"https:\/\/tourtravelandmore.com\/fr\/#website\"},\"primaryImageOfPage\":{\"@id\":\"https:\/\/tourtravelandmore.com\/fr\/tours\/belgique-fr\/bruxelles-fr\/visite-privee-a-pied-de-bruxelles\/#primaryimage\"},\"image\":{\"@id\":\"https:\/\/tourtravelandmore.com\/fr\/tours\/belgique-fr\/bruxelles-fr\/visite-privee-a-pied-de-bruxelles\/#primaryimage\"},\"thumbnailUrl\":\"https:\/\/tourtravelandmore.com\/wp-content\/uploads\/2019\/10\/brussels.1.jpg\",\"datePublished\":\"2019-10-03T03:46:25+00:00\",\"dateModified\":\"2022-12-27T14:28:23+00:00\",\"description\":\"Explorez et appr\u00e9ciez la ville de Bruxelles avec cette visite priv\u00e9e \u00e0 pied de Bruxelles avec un guide touristique local et d\u00e9couvrez certains de ses endroits les plus reconnus.\",\"breadcrumb\":{\"@id\":\"https:\/\/tourtravelandmore.com\/fr\/tours\/belgique-fr\/bruxelles-fr\/visite-privee-a-pied-de-bruxelles\/#breadcrumb\"},\"inLanguage\":\"fr-FR\",\"potentialAction\":[{\"@type\":\"ReadAction\",\"target\":[\"https:\/\/tourtravelandmore.com\/fr\/tours\/belgique-fr\/bruxelles-fr\/visite-privee-a-pied-de-bruxelles\/\"]}]},{\"@type\":\"ImageObject\",\"inLanguage\":\"fr-FR\",\"@id\":\"https:\/\/tourtravelandmore.com\/fr\/tours\/belgique-fr\/bruxelles-fr\/visite-privee-a-pied-de-bruxelles\/#primaryimage\",\"url\":\"https:\/\/tourtravelandmore.com\/wp-content\/uploads\/2019\/10\/brussels.1.jpg\",\"contentUrl\":\"https:\/\/tourtravelandmore.com\/wp-content\/uploads\/2019\/10\/brussels.1.jpg\",\"width\":960,\"height\":707},{\"@type\":\"BreadcrumbList\",\"@id\":\"https:\/\/tourtravelandmore.com\/fr\/tours\/belgique-fr\/bruxelles-fr\/visite-privee-a-pied-de-bruxelles\/#breadcrumb\",\"itemListElement\":[{\"@type\":\"ListItem\",\"position\":1,\"name\":\"Home\",\"item\":\"https:\/\/tourtravelandmore.com\/fr\/\"},{\"@type\":\"ListItem\",\"position\":2,\"name\":\"Tours\",\"item\":\"https:\/\/tourtravelandmore.com\/fr\/tours\/\"},{\"@type\":\"ListItem\",\"position\":3,\"name\":\"Visite priv\u00e9e \u00e0 pied de Bruxelles\"}]},{\"@type\":\"WebSite\",\"@id\":\"https:\/\/tourtravelandmore.com\/fr\/#website\",\"url\":\"https:\/\/tourtravelandmore.com\/fr\/\",\"name\":\"Tour Travel And More\",\"description\":\"Private sightseeing tours and luxury transfers in Spain\",\"publisher\":{\"@id\":\"https:\/\/tourtravelandmore.com\/fr\/#organization\"},\"potentialAction\":[{\"@type\":\"SearchAction\",\"target\":{\"@type\":\"EntryPoint\",\"urlTemplate\":\"https:\/\/tourtravelandmore.com\/fr\/?s={search_term_string}\"},\"query-input\":{\"@type\":\"PropertyValueSpecification\",\"valueRequired\":true,\"valueName\":\"search_term_string\"}}],\"inLanguage\":\"fr-FR\"},{\"@type\":\"Organization\",\"@id\":\"https:\/\/tourtravelandmore.com\/fr\/#organization\",\"name\":\"Tour Travel And More\",\"url\":\"https:\/\/tourtravelandmore.com\/fr\/\",\"logo\":{\"@type\":\"ImageObject\",\"inLanguage\":\"fr-FR\",\"@id\":\"https:\/\/tourtravelandmore.com\/fr\/#\/schema\/logo\/image\/\",\"url\":\"https:\/\/tourtravelandmore.com\/wp-content\/uploads\/2022\/12\/cropped-logo-cabecera-new.png\",\"contentUrl\":\"https:\/\/tourtravelandmore.com\/wp-content\/uploads\/2022\/12\/cropped-logo-cabecera-new.png\",\"width\":430,\"height\":61,\"caption\":\"Tour Travel And More\"},\"image\":{\"@id\":\"https:\/\/tourtravelandmore.com\/fr\/#\/schema\/logo\/image\/\"},\"sameAs\":[\"https:\/\/www.facebook.com\/tourtravelandmore\/\",\"https:\/\/x.com\/TourTravel_More\"]}]}<\/script>\n<!-- \/ Yoast SEO Premium plugin. -->","yoast_head_json":{"title":"Visite priv\u00e9e de Bruxelles \u00e0 pied avec votre guide officiel | TTM","description":"Explorez et appr\u00e9ciez la ville de Bruxelles avec cette visite priv\u00e9e \u00e0 pied de Bruxelles avec un guide touristique local et d\u00e9couvrez certains de ses endroits les plus reconnus.","robots":{"index":"index","follow":"follow","max-snippet":"max-snippet:-1","max-image-preview":"max-image-preview:large","max-video-preview":"max-video-preview:-1"},"canonical":"https:\/\/tourtravelandmore.com\/fr\/tours\/belgique-fr\/bruxelles-fr\/visite-privee-a-pied-de-bruxelles\/","og_locale":"fr_FR","og_type":"article","og_title":"Visite priv\u00e9e \u00e0 pied de Bruxelles","og_description":"Explorez et appr\u00e9ciez la ville de Bruxelles avec cette visite priv\u00e9e \u00e0 pied de Bruxelles avec un guide touristique local et d\u00e9couvrez certains de ses endroits les plus reconnus.","og_url":"https:\/\/tourtravelandmore.com\/fr\/tours\/belgique-fr\/bruxelles-fr\/visite-privee-a-pied-de-bruxelles\/","og_site_name":"Tour Travel And More","article_publisher":"https:\/\/www.facebook.com\/tourtravelandmore\/","article_modified_time":"2022-12-27T14:28:23+00:00","og_image":[{"width":960,"height":707,"url":"https:\/\/tourtravelandmore.com\/wp-content\/uploads\/2019\/10\/brussels.1.jpg","type":"image\/jpeg"}],"twitter_card":"summary_large_image","twitter_site":"@TourTravel_More","twitter_misc":{"Dur\u00e9e de lecture estim\u00e9e":"3 minutes"},"schema":{"@context":"https:\/\/schema.org","@graph":[{"@type":"WebPage","@id":"https:\/\/tourtravelandmore.com\/fr\/tours\/belgique-fr\/bruxelles-fr\/visite-privee-a-pied-de-bruxelles\/","url":"https:\/\/tourtravelandmore.com\/fr\/tours\/belgique-fr\/bruxelles-fr\/visite-privee-a-pied-de-bruxelles\/","name":"Visite priv\u00e9e de Bruxelles \u00e0 pied avec votre guide officiel | TTM","isPartOf":{"@id":"https:\/\/tourtravelandmore.com\/fr\/#website"},"primaryImageOfPage":{"@id":"https:\/\/tourtravelandmore.com\/fr\/tours\/belgique-fr\/bruxelles-fr\/visite-privee-a-pied-de-bruxelles\/#primaryimage"},"image":{"@id":"https:\/\/tourtravelandmore.com\/fr\/tours\/belgique-fr\/bruxelles-fr\/visite-privee-a-pied-de-bruxelles\/#primaryimage"},"thumbnailUrl":"https:\/\/tourtravelandmore.com\/wp-content\/uploads\/2019\/10\/brussels.1.jpg","datePublished":"2019-10-03T03:46:25+00:00","dateModified":"2022-12-27T14:28:23+00:00","description":"Explorez et appr\u00e9ciez la ville de Bruxelles avec cette visite priv\u00e9e \u00e0 pied de Bruxelles avec un guide touristique local et d\u00e9couvrez certains de ses endroits les plus reconnus.","breadcrumb":{"@id":"https:\/\/tourtravelandmore.com\/fr\/tours\/belgique-fr\/bruxelles-fr\/visite-privee-a-pied-de-bruxelles\/#breadcrumb"},"inLanguage":"fr-FR","potentialAction":[{"@type":"ReadAction","target":["https:\/\/tourtravelandmore.com\/fr\/tours\/belgique-fr\/bruxelles-fr\/visite-privee-a-pied-de-bruxelles\/"]}]},{"@type":"ImageObject","inLanguage":"fr-FR","@id":"https:\/\/tourtravelandmore.com\/fr\/tours\/belgique-fr\/bruxelles-fr\/visite-privee-a-pied-de-bruxelles\/#primaryimage","url":"https:\/\/tourtravelandmore.com\/wp-content\/uploads\/2019\/10\/brussels.1.jpg","contentUrl":"https:\/\/tourtravelandmore.com\/wp-content\/uploads\/2019\/10\/brussels.1.jpg","width":960,"height":707},{"@type":"BreadcrumbList","@id":"https:\/\/tourtravelandmore.com\/fr\/tours\/belgique-fr\/bruxelles-fr\/visite-privee-a-pied-de-bruxelles\/#breadcrumb","itemListElement":[{"@type":"ListItem","position":1,"name":"Home","item":"https:\/\/tourtravelandmore.com\/fr\/"},{"@type":"ListItem","position":2,"name":"Tours","item":"https:\/\/tourtravelandmore.com\/fr\/tours\/"},{"@type":"ListItem","position":3,"name":"Visite priv\u00e9e \u00e0 pied de Bruxelles"}]},{"@type":"WebSite","@id":"https:\/\/tourtravelandmore.com\/fr\/#website","url":"https:\/\/tourtravelandmore.com\/fr\/","name":"Tour Travel And More","description":"Private sightseeing tours and luxury transfers in Spain","publisher":{"@id":"https:\/\/tourtravelandmore.com\/fr\/#organization"},"potentialAction":[{"@type":"SearchAction","target":{"@type":"EntryPoint","urlTemplate":"https:\/\/tourtravelandmore.com\/fr\/?s={search_term_string}"},"query-input":{"@type":"PropertyValueSpecification","valueRequired":true,"valueName":"search_term_string"}}],"inLanguage":"fr-FR"},{"@type":"Organization","@id":"https:\/\/tourtravelandmore.com\/fr\/#organization","name":"Tour Travel And More","url":"https:\/\/tourtravelandmore.com\/fr\/","logo":{"@type":"ImageObject","inLanguage":"fr-FR","@id":"https:\/\/tourtravelandmore.com\/fr\/#\/schema\/logo\/image\/","url":"https:\/\/tourtravelandmore.com\/wp-content\/uploads\/2022\/12\/cropped-logo-cabecera-new.png","contentUrl":"https:\/\/tourtravelandmore.com\/wp-content\/uploads\/2022\/12\/cropped-logo-cabecera-new.png","width":430,"height":61,"caption":"Tour Travel And More"},"image":{"@id":"https:\/\/tourtravelandmore.com\/fr\/#\/schema\/logo\/image\/"},"sameAs":["https:\/\/www.facebook.com\/tourtravelandmore\/","https:\/\/x.com\/TourTravel_More"]}]}},"_links":{"self":[{"href":"https:\/\/tourtravelandmore.com\/fr\/wp-json\/wp\/v2\/product\/101163","targetHints":{"allow":["GET"]}}],"collection":[{"href":"https:\/\/tourtravelandmore.com\/fr\/wp-json\/wp\/v2\/product"}],"about":[{"href":"https:\/\/tourtravelandmore.com\/fr\/wp-json\/wp\/v2\/types\/product"}],"replies":[{"embeddable":true,"href":"https:\/\/tourtravelandmore.com\/fr\/wp-json\/wp\/v2\/comments?post=101163"}],"wp:featuredmedia":[{"embeddable":true,"href":"https:\/\/tourtravelandmore.com\/fr\/wp-json\/wp\/v2\/media\/96443"}],"wp:attachment":[{"href":"https:\/\/tourtravelandmore.com\/fr\/wp-json\/wp\/v2\/media?parent=101163"}],"wp:term":[{"taxonomy":"product_brand","embeddable":true,"href":"https:\/\/tourtravelandmore.com\/fr\/wp-json\/wp\/v2\/product_brand?post=101163"},{"taxonomy":"product_cat","embeddable":true,"href":"https:\/\/tourtravelandmore.com\/fr\/wp-json\/wp\/v2\/product_cat?post=101163"},{"taxonomy":"product_tag","embeddable":true,"href":"https:\/\/tourtravelandmore.com\/fr\/wp-json\/wp\/v2\/product_tag?post=101163"}],"curies":[{"name":"wp","href":"https:\/\/api.w.org\/{rel}","templated":true}]}}