{"id":101158,"date":"2019-10-03T05:46:22","date_gmt":"2019-10-03T03:46:22","guid":{"rendered":"https:\/\/tourtravelandmore.com\/tours\/non%20class\u00e9\/transfert-prive-a-bruxelles\/"},"modified":"2022-12-27T17:51:54","modified_gmt":"2022-12-27T16:51:54","slug":"transfert-prive-a-bruxelles","status":"publish","type":"product","link":"https:\/\/tourtravelandmore.com\/fr\/tours\/belgique-fr\/bruxelles-fr\/transfert-prive-a-bruxelles\/","title":{"rendered":"Transfert priv\u00e9 \u00e0 Bruxelles"},"content":{"rendered":"<h2>Description<\/h2>\n<p>Avec notre transfert priv\u00e9 de Bruxelles \u00e0 Bruxelles. Nous vous proposons le moyen le plus simple et le plus rapide d&#8217;atteindre votre destination finale \u00e0 Bruxelles.<\/p>\n<p>Nous proposons tous les types de transferts comme par exemple le transfert a\u00e9roport, le transfert au restaurant ou les transferts vers n&#8217;importe quel endroit.<br \/>\nUne fois arriv\u00e9 \u00e0 destination, notre personnel vous attendra avec une pancarte au terminal d&#8217;arriv\u00e9e. Vous pourrez \u00e9galement profiter du paysage panoramique de la ville dans votre v\u00e9hicule priv\u00e9 de luxe. Profitez de ce transfert priv\u00e9 de Bruxelles facile \u00e0 vivre et sans tracas.<\/p>\n<p>Profitez \u00e9galement des transferts priv\u00e9s de votre h\u00f4tel ou appartement jusqu&#8217;\u00e0 l&#8217;a\u00e9roport ou la gare. Nous proposons \u00e9galement des transferts vers d&#8217;autres villes proches de Bruxelles. Par exemple, cela peut \u00eatre Brugge, Gand, Paris, Amsterdam ou toute autre ville de votre choix.<\/p>\n<p>Nous avons des si\u00e8ges enfants disponibles si vous en avez besoin.<\/p>\n<h2>Sites d&#8217;int\u00e9r\u00eat et monuments<\/h2>\n<p>Est une r\u00e9gion de Belgique comprenant 19 communes, dont la Ville de Bruxelles, qui est la capitale de la Belgique. La R\u00e9gion de Bruxelles-Capitale est situ\u00e9e dans la partie centrale du pays et fait partie \u00e0 la fois de la Communaut\u00e9 fran\u00e7aise de Belgique et de la Communaut\u00e9 flamande. Bruxelles est la r\u00e9gion la plus dens\u00e9ment peupl\u00e9e et la plus riche de Belgique en termes de PIB par habitant. Elle couvre 161 km2, une superficie relativement petite par rapport aux deux autres r\u00e9gions, et compte une population de 1,2 million d&#8217;habitants. L&#8217;aire m\u00e9tropolitaine de Bruxelles compte plus de 2,1 millions d&#8217;habitants, ce qui en fait la plus grande de Belgique. Il fait \u00e9galement partie d&#8217;une grande agglom\u00e9ration s&#8217;\u00e9tendant vers Gand, Anvers, Louvain et le Brabant wallon, qui compte plus de 5 millions d&#8217;habitants. Connu pour sa cuisine et sa gastronomie, ainsi que pour ses monuments historiques et architecturaux. Certains d&#8217;entre eux sont inscrits au patrimoine mondial de l&#8217;UNESCO.<\/p>\n<p>Nous proposons \u00e9galement de nombreux types d&#8217;exp\u00e9riences priv\u00e9es \u00e0 Bruxelles.<\/p>\n","protected":false},"excerpt":{"rendered":"<p>Profitez de cette occasion pour profiter de ce moyen confortable pour vous rendre \u00e0 votre destination finale \u00e0 Bruxelles. Vous disposerez de votre propre v\u00e9hicule de luxe priv\u00e9 avec chauffeur pour vous conduire rapidement et confortablement \u00e0 l&#8217;emplacement de votre choix. La prise en charge peut se faire \u00e0 l&#8217;h\u00f4tel, \u00e0 l&#8217;a\u00e9roport, \u00e0 la gare ou au lieu de votre choix.<\/p>\n","protected":false},"featured_media":95809,"comment_status":"open","ping_status":"closed","template":"","meta":{"_acf_changed":false},"product_brand":[],"product_cat":[3693,4236,4238],"product_tag":[4043,4042],"class_list":{"0":"post-101158","1":"product","2":"type-product","3":"status-publish","4":"has-post-thumbnail","6":"product_cat-bruxelles-fr","7":"product_cat-all-private-tours-activities-fr-11","8":"product_cat-private-transfers-fr-4","9":"product_tag-private-fr","10":"product_tag-transfer-fr","12":"first","13":"instock","14":"shipping-taxable","15":"purchasable","16":"product-type-simple"},"acf":[],"yoast_head":"<!-- This site is optimized with the Yoast SEO Premium plugin v25.3.1 (Yoast SEO v25.3.1) - https:\/\/yoast.com\/wordpress\/plugins\/seo\/ -->\n<title>Transfert priv\u00e9 a\u00e9roport \/ train de Bruxelles - Transfert priv\u00e9 Bruxelles<\/title>\n<meta name=\"description\" content=\"Arrivez \u00e0 votre destination finale \u00e0 Bruxelles avec notre transfert priv\u00e9 \u00e0 Bruxelles. V\u00e9hicule de luxe priv\u00e9 avec chauffeur pour vous rendre confortablement \u00e0 votre emplacement.\" \/>\n<meta name=\"robots\" content=\"index, follow, max-snippet:-1, max-image-preview:large, max-video-preview:-1\" \/>\n<link rel=\"canonical\" href=\"https:\/\/tourtravelandmore.com\/fr\/tours\/belgique-fr\/bruxelles-fr\/transfert-prive-a-bruxelles\/\" \/>\n<meta property=\"og:locale\" content=\"fr_FR\" \/>\n<meta property=\"og:type\" content=\"article\" \/>\n<meta property=\"og:title\" content=\"Transfert priv\u00e9 \u00e0 Bruxelles\" \/>\n<meta property=\"og:description\" content=\"Arrivez \u00e0 votre destination finale \u00e0 Bruxelles avec notre transfert priv\u00e9 \u00e0 Bruxelles. V\u00e9hicule de luxe priv\u00e9 avec chauffeur pour vous rendre confortablement \u00e0 votre emplacement.\" \/>\n<meta property=\"og:url\" content=\"https:\/\/tourtravelandmore.com\/fr\/tours\/belgique-fr\/bruxelles-fr\/transfert-prive-a-bruxelles\/\" \/>\n<meta property=\"og:site_name\" content=\"Tour Travel And More\" \/>\n<meta property=\"article:publisher\" content=\"https:\/\/www.facebook.com\/tourtravelandmore\/\" \/>\n<meta property=\"article:modified_time\" content=\"2022-12-27T16:51:54+00:00\" \/>\n<meta property=\"og:image\" content=\"https:\/\/tourtravelandmore.com\/wp-content\/uploads\/2016\/11\/TrasladoAlicante-1.png\" \/>\n\t<meta property=\"og:image:width\" content=\"640\" \/>\n\t<meta property=\"og:image:height\" content=\"425\" \/>\n\t<meta property=\"og:image:type\" content=\"image\/png\" \/>\n<meta name=\"twitter:card\" content=\"summary_large_image\" \/>\n<meta name=\"twitter:site\" content=\"@TourTravel_More\" \/>\n<meta name=\"twitter:label1\" content=\"Dur\u00e9e de lecture estim\u00e9e\" \/>\n\t<meta name=\"twitter:data1\" content=\"2 minutes\" \/>\n<script type=\"application\/ld+json\" class=\"yoast-schema-graph\">{\"@context\":\"https:\/\/schema.org\",\"@graph\":[{\"@type\":\"WebPage\",\"@id\":\"https:\/\/tourtravelandmore.com\/fr\/tours\/belgique-fr\/bruxelles-fr\/transfert-prive-a-bruxelles\/\",\"url\":\"https:\/\/tourtravelandmore.com\/fr\/tours\/belgique-fr\/bruxelles-fr\/transfert-prive-a-bruxelles\/\",\"name\":\"Transfert priv\u00e9 a\u00e9roport \/ train de Bruxelles - Transfert priv\u00e9 Bruxelles\",\"isPartOf\":{\"@id\":\"https:\/\/tourtravelandmore.com\/fr\/#website\"},\"primaryImageOfPage\":{\"@id\":\"https:\/\/tourtravelandmore.com\/fr\/tours\/belgique-fr\/bruxelles-fr\/transfert-prive-a-bruxelles\/#primaryimage\"},\"image\":{\"@id\":\"https:\/\/tourtravelandmore.com\/fr\/tours\/belgique-fr\/bruxelles-fr\/transfert-prive-a-bruxelles\/#primaryimage\"},\"thumbnailUrl\":\"https:\/\/tourtravelandmore.com\/wp-content\/uploads\/2016\/11\/TrasladoAlicante-1.png\",\"datePublished\":\"2019-10-03T03:46:22+00:00\",\"dateModified\":\"2022-12-27T16:51:54+00:00\",\"description\":\"Arrivez \u00e0 votre destination finale \u00e0 Bruxelles avec notre transfert priv\u00e9 \u00e0 Bruxelles. V\u00e9hicule de luxe priv\u00e9 avec chauffeur pour vous rendre confortablement \u00e0 votre emplacement.\",\"breadcrumb\":{\"@id\":\"https:\/\/tourtravelandmore.com\/fr\/tours\/belgique-fr\/bruxelles-fr\/transfert-prive-a-bruxelles\/#breadcrumb\"},\"inLanguage\":\"fr-FR\",\"potentialAction\":[{\"@type\":\"ReadAction\",\"target\":[\"https:\/\/tourtravelandmore.com\/fr\/tours\/belgique-fr\/bruxelles-fr\/transfert-prive-a-bruxelles\/\"]}]},{\"@type\":\"ImageObject\",\"inLanguage\":\"fr-FR\",\"@id\":\"https:\/\/tourtravelandmore.com\/fr\/tours\/belgique-fr\/bruxelles-fr\/transfert-prive-a-bruxelles\/#primaryimage\",\"url\":\"https:\/\/tourtravelandmore.com\/wp-content\/uploads\/2016\/11\/TrasladoAlicante-1.png\",\"contentUrl\":\"https:\/\/tourtravelandmore.com\/wp-content\/uploads\/2016\/11\/TrasladoAlicante-1.png\",\"width\":640,\"height\":425},{\"@type\":\"BreadcrumbList\",\"@id\":\"https:\/\/tourtravelandmore.com\/fr\/tours\/belgique-fr\/bruxelles-fr\/transfert-prive-a-bruxelles\/#breadcrumb\",\"itemListElement\":[{\"@type\":\"ListItem\",\"position\":1,\"name\":\"Home\",\"item\":\"https:\/\/tourtravelandmore.com\/fr\/\"},{\"@type\":\"ListItem\",\"position\":2,\"name\":\"Tours\",\"item\":\"https:\/\/tourtravelandmore.com\/fr\/tours\/\"},{\"@type\":\"ListItem\",\"position\":3,\"name\":\"Transfert priv\u00e9 \u00e0 Bruxelles\"}]},{\"@type\":\"WebSite\",\"@id\":\"https:\/\/tourtravelandmore.com\/fr\/#website\",\"url\":\"https:\/\/tourtravelandmore.com\/fr\/\",\"name\":\"Tour Travel And More\",\"description\":\"Private sightseeing tours and luxury transfers in Spain\",\"publisher\":{\"@id\":\"https:\/\/tourtravelandmore.com\/fr\/#organization\"},\"potentialAction\":[{\"@type\":\"SearchAction\",\"target\":{\"@type\":\"EntryPoint\",\"urlTemplate\":\"https:\/\/tourtravelandmore.com\/fr\/?s={search_term_string}\"},\"query-input\":{\"@type\":\"PropertyValueSpecification\",\"valueRequired\":true,\"valueName\":\"search_term_string\"}}],\"inLanguage\":\"fr-FR\"},{\"@type\":\"Organization\",\"@id\":\"https:\/\/tourtravelandmore.com\/fr\/#organization\",\"name\":\"Tour Travel And More\",\"url\":\"https:\/\/tourtravelandmore.com\/fr\/\",\"logo\":{\"@type\":\"ImageObject\",\"inLanguage\":\"fr-FR\",\"@id\":\"https:\/\/tourtravelandmore.com\/fr\/#\/schema\/logo\/image\/\",\"url\":\"https:\/\/tourtravelandmore.com\/wp-content\/uploads\/2022\/12\/cropped-logo-cabecera-new.png\",\"contentUrl\":\"https:\/\/tourtravelandmore.com\/wp-content\/uploads\/2022\/12\/cropped-logo-cabecera-new.png\",\"width\":430,\"height\":61,\"caption\":\"Tour Travel And More\"},\"image\":{\"@id\":\"https:\/\/tourtravelandmore.com\/fr\/#\/schema\/logo\/image\/\"},\"sameAs\":[\"https:\/\/www.facebook.com\/tourtravelandmore\/\",\"https:\/\/x.com\/TourTravel_More\"]}]}<\/script>\n<!-- \/ Yoast SEO Premium plugin. -->","yoast_head_json":{"title":"Transfert priv\u00e9 a\u00e9roport \/ train de Bruxelles - Transfert priv\u00e9 Bruxelles","description":"Arrivez \u00e0 votre destination finale \u00e0 Bruxelles avec notre transfert priv\u00e9 \u00e0 Bruxelles. V\u00e9hicule de luxe priv\u00e9 avec chauffeur pour vous rendre confortablement \u00e0 votre emplacement.","robots":{"index":"index","follow":"follow","max-snippet":"max-snippet:-1","max-image-preview":"max-image-preview:large","max-video-preview":"max-video-preview:-1"},"canonical":"https:\/\/tourtravelandmore.com\/fr\/tours\/belgique-fr\/bruxelles-fr\/transfert-prive-a-bruxelles\/","og_locale":"fr_FR","og_type":"article","og_title":"Transfert priv\u00e9 \u00e0 Bruxelles","og_description":"Arrivez \u00e0 votre destination finale \u00e0 Bruxelles avec notre transfert priv\u00e9 \u00e0 Bruxelles. V\u00e9hicule de luxe priv\u00e9 avec chauffeur pour vous rendre confortablement \u00e0 votre emplacement.","og_url":"https:\/\/tourtravelandmore.com\/fr\/tours\/belgique-fr\/bruxelles-fr\/transfert-prive-a-bruxelles\/","og_site_name":"Tour Travel And More","article_publisher":"https:\/\/www.facebook.com\/tourtravelandmore\/","article_modified_time":"2022-12-27T16:51:54+00:00","og_image":[{"width":640,"height":425,"url":"https:\/\/tourtravelandmore.com\/wp-content\/uploads\/2016\/11\/TrasladoAlicante-1.png","type":"image\/png"}],"twitter_card":"summary_large_image","twitter_site":"@TourTravel_More","twitter_misc":{"Dur\u00e9e de lecture estim\u00e9e":"2 minutes"},"schema":{"@context":"https:\/\/schema.org","@graph":[{"@type":"WebPage","@id":"https:\/\/tourtravelandmore.com\/fr\/tours\/belgique-fr\/bruxelles-fr\/transfert-prive-a-bruxelles\/","url":"https:\/\/tourtravelandmore.com\/fr\/tours\/belgique-fr\/bruxelles-fr\/transfert-prive-a-bruxelles\/","name":"Transfert priv\u00e9 a\u00e9roport \/ train de Bruxelles - Transfert priv\u00e9 Bruxelles","isPartOf":{"@id":"https:\/\/tourtravelandmore.com\/fr\/#website"},"primaryImageOfPage":{"@id":"https:\/\/tourtravelandmore.com\/fr\/tours\/belgique-fr\/bruxelles-fr\/transfert-prive-a-bruxelles\/#primaryimage"},"image":{"@id":"https:\/\/tourtravelandmore.com\/fr\/tours\/belgique-fr\/bruxelles-fr\/transfert-prive-a-bruxelles\/#primaryimage"},"thumbnailUrl":"https:\/\/tourtravelandmore.com\/wp-content\/uploads\/2016\/11\/TrasladoAlicante-1.png","datePublished":"2019-10-03T03:46:22+00:00","dateModified":"2022-12-27T16:51:54+00:00","description":"Arrivez \u00e0 votre destination finale \u00e0 Bruxelles avec notre transfert priv\u00e9 \u00e0 Bruxelles. V\u00e9hicule de luxe priv\u00e9 avec chauffeur pour vous rendre confortablement \u00e0 votre emplacement.","breadcrumb":{"@id":"https:\/\/tourtravelandmore.com\/fr\/tours\/belgique-fr\/bruxelles-fr\/transfert-prive-a-bruxelles\/#breadcrumb"},"inLanguage":"fr-FR","potentialAction":[{"@type":"ReadAction","target":["https:\/\/tourtravelandmore.com\/fr\/tours\/belgique-fr\/bruxelles-fr\/transfert-prive-a-bruxelles\/"]}]},{"@type":"ImageObject","inLanguage":"fr-FR","@id":"https:\/\/tourtravelandmore.com\/fr\/tours\/belgique-fr\/bruxelles-fr\/transfert-prive-a-bruxelles\/#primaryimage","url":"https:\/\/tourtravelandmore.com\/wp-content\/uploads\/2016\/11\/TrasladoAlicante-1.png","contentUrl":"https:\/\/tourtravelandmore.com\/wp-content\/uploads\/2016\/11\/TrasladoAlicante-1.png","width":640,"height":425},{"@type":"BreadcrumbList","@id":"https:\/\/tourtravelandmore.com\/fr\/tours\/belgique-fr\/bruxelles-fr\/transfert-prive-a-bruxelles\/#breadcrumb","itemListElement":[{"@type":"ListItem","position":1,"name":"Home","item":"https:\/\/tourtravelandmore.com\/fr\/"},{"@type":"ListItem","position":2,"name":"Tours","item":"https:\/\/tourtravelandmore.com\/fr\/tours\/"},{"@type":"ListItem","position":3,"name":"Transfert priv\u00e9 \u00e0 Bruxelles"}]},{"@type":"WebSite","@id":"https:\/\/tourtravelandmore.com\/fr\/#website","url":"https:\/\/tourtravelandmore.com\/fr\/","name":"Tour Travel And More","description":"Private sightseeing tours and luxury transfers in Spain","publisher":{"@id":"https:\/\/tourtravelandmore.com\/fr\/#organization"},"potentialAction":[{"@type":"SearchAction","target":{"@type":"EntryPoint","urlTemplate":"https:\/\/tourtravelandmore.com\/fr\/?s={search_term_string}"},"query-input":{"@type":"PropertyValueSpecification","valueRequired":true,"valueName":"search_term_string"}}],"inLanguage":"fr-FR"},{"@type":"Organization","@id":"https:\/\/tourtravelandmore.com\/fr\/#organization","name":"Tour Travel And More","url":"https:\/\/tourtravelandmore.com\/fr\/","logo":{"@type":"ImageObject","inLanguage":"fr-FR","@id":"https:\/\/tourtravelandmore.com\/fr\/#\/schema\/logo\/image\/","url":"https:\/\/tourtravelandmore.com\/wp-content\/uploads\/2022\/12\/cropped-logo-cabecera-new.png","contentUrl":"https:\/\/tourtravelandmore.com\/wp-content\/uploads\/2022\/12\/cropped-logo-cabecera-new.png","width":430,"height":61,"caption":"Tour Travel And More"},"image":{"@id":"https:\/\/tourtravelandmore.com\/fr\/#\/schema\/logo\/image\/"},"sameAs":["https:\/\/www.facebook.com\/tourtravelandmore\/","https:\/\/x.com\/TourTravel_More"]}]}},"_links":{"self":[{"href":"https:\/\/tourtravelandmore.com\/fr\/wp-json\/wp\/v2\/product\/101158","targetHints":{"allow":["GET"]}}],"collection":[{"href":"https:\/\/tourtravelandmore.com\/fr\/wp-json\/wp\/v2\/product"}],"about":[{"href":"https:\/\/tourtravelandmore.com\/fr\/wp-json\/wp\/v2\/types\/product"}],"replies":[{"embeddable":true,"href":"https:\/\/tourtravelandmore.com\/fr\/wp-json\/wp\/v2\/comments?post=101158"}],"wp:featuredmedia":[{"embeddable":true,"href":"https:\/\/tourtravelandmore.com\/fr\/wp-json\/wp\/v2\/media\/95809"}],"wp:attachment":[{"href":"https:\/\/tourtravelandmore.com\/fr\/wp-json\/wp\/v2\/media?parent=101158"}],"wp:term":[{"taxonomy":"product_brand","embeddable":true,"href":"https:\/\/tourtravelandmore.com\/fr\/wp-json\/wp\/v2\/product_brand?post=101158"},{"taxonomy":"product_cat","embeddable":true,"href":"https:\/\/tourtravelandmore.com\/fr\/wp-json\/wp\/v2\/product_cat?post=101158"},{"taxonomy":"product_tag","embeddable":true,"href":"https:\/\/tourtravelandmore.com\/fr\/wp-json\/wp\/v2\/product_tag?post=101158"}],"curies":[{"name":"wp","href":"https:\/\/api.w.org\/{rel}","templated":true}]}}