{"id":101153,"date":"2020-03-19T11:27:14","date_gmt":"2020-03-19T10:27:14","guid":{"rendered":"https:\/\/tourtravelandmore.com\/tours\/non%20class\u00e9\/visite-privee-de-malines-au-depart-de-bruxelles\/"},"modified":"2022-12-27T18:01:10","modified_gmt":"2022-12-27T17:01:10","slug":"visite-privee-de-malines-au-depart-de-bruxelles","status":"publish","type":"product","link":"https:\/\/tourtravelandmore.com\/fr\/tours\/belgique-fr\/bruxelles-fr\/visite-privee-de-malines-au-depart-de-bruxelles\/","title":{"rendered":"Visite priv\u00e9e de Malines au d\u00e9part de Bruxelles"},"content":{"rendered":"<h2>Description<\/h2>\n<p>Malines est l&#8217;une des villes flamandes les plus charmantes de toute la Belgique, et Tour Travel &amp; More vous offre la chance de l&#8217;explorer. C&#8217;est gr\u00e2ce \u00e0 notre visite priv\u00e9e de Malines au d\u00e9part de Bruxelles.<\/p>\n<p>Ses petites et attrayantes ruelles, ses beaux b\u00e2timents en briques typiques parfaitement entretenus, ses pignons, ses fa\u00e7ades align\u00e9es et son excentricit\u00e9, tout cela lui a valu la reconnaissance du patrimoine mondial de l&#8217;UNESCO. Comme vous pouvez le voir, Malines est une destination id\u00e9ale \u00e0 visiter pendant 2 heures avec un guide officiel priv\u00e9 fourni par nos soins.<\/p>\n<p>Demandez \u00e0 notre chauffeur priv\u00e9 de venir vous chercher et organisez cette visite priv\u00e9e de Malines au d\u00e9part de Bruxelles.<\/p>\n<h2>Point sof Int\u00e9r\u00eats et monuments<\/h2>\n<p>Apr\u00e8s avoir r\u00e9serv\u00e9 \u00e0 l&#8217;avance au Tour Travel &amp; More votre visite priv\u00e9e de 6 heures de Bruxelles \u00e0 Malines, votre visite commencera \u00e0 l&#8217;heure et au lieu convenu. Gardez \u00e0 l&#8217;esprit que notre service comprend \u00e9galement la cr\u00e9ation de votre propre programme de visites.<\/p>\n<p>A Malines, votre guide priv\u00e9 multilingue vous attendra pour vous conduire dans un grand voyage d&#8217;informations culturelles, d&#8217;histoire et plein d&#8217;enthousiasme.<\/p>\n<h4>Visite du centre-ville de Malines<\/h4>\n<p>La visite d\u00e9butera dans les petites rues du centre-ville, qui ne sont pas tr\u00e8s grandes. Les rues des Vieux B\u00e9guinages (Grand B\u00e9guinage et Petit B\u00e9guinage) sont les plus pittoresques. En transitant dans le lieu, vous aurez l&#8217;impression que le temps de liaison n&#8217;est jamais pass\u00e9.<\/p>\n<p>Ne manquez pas de d\u00e9couvrir la Grand Place ou Grote Markt entour\u00e9e de b\u00e2timents. Cela comprend le Palais du Grand Conseil, la Halle aux Draps, le Palais de Marguerite d&#8217;Autriche, dont les fa\u00e7ades datent de diff\u00e9rentes \u00e9poques, avec des pignons gothiques, mais aussi baroques. Le point culminant ici est sans aucun doute la mairie.<br \/>\nContinuons l&#8217;itin\u00e9raire &#8230;<\/p>\n<p>Ensuite, vous pourrez vous diriger vers le sommet de la cath\u00e9drale Saint-Rombaut. C&#8217;est \u00e0 c\u00f4t\u00e9 de la Grand Place. C&#8217;est une tour surplombant la ville de Malines d&#8217;une hauteur de 97 m\u00e8tres, une petite merveille gothique braban\u00e7onne. Bien qu&#8217;il faille gravir 538 marches pour atteindre le sommet, l&#8217;effort est r\u00e9compens\u00e9 par la vue incroyable qu&#8217;offre la passerelle; m\u00eame de l\u00e0, vous pouvez voir l&#8217;Atomium \u00e0 Bruxelles.<\/p>\n<p>Si vous aimez la bi\u00e8re, ce petit tour sera l&#8217;occasion de visiter la brasserie malinoise, Het Anker, qui produit la bi\u00e8re Gouden Carolus. L\u00e0, vous d\u00e9couvrirez l&#8217;histoire de la brasserie aux diff\u00e9rentes \u00e9tapes de la production de la bi\u00e8re.<\/p>\n<p>En revanche, si ce que vous recherchez est calme et s\u00e9r\u00e9nit\u00e9, vous trouverez une oasis de paix au Jardin du Silence. Avec sa grotte de Lourdes, son pavillon et ses bancs, ce jardin est un espace vert o\u00f9 se reposer \u00e0 l\u2019ombre de la tour Saint-Rombaut.<\/p>\n<p>Traversez la place Ijzerenleen, qui \u00e9tait \u00e0 l&#8217;origine un canal. Ici, vous pouvez encore observer les balustrades en fer de 1531, vestige de l&#8217;ancien march\u00e9 aux poissons. Aujourd&#8217;hui, c&#8217;est un endroit agr\u00e9able o\u00f9 les caf\u00e9s sur le trottoir fleurissent sous les rayons du soleil du matin.<\/p>\n<p>Pour sceller votre visite de 6 heures apr\u00e8s avoir termin\u00e9 le parcours, profitez du parc zoologique de Planckendael situ\u00e9 \u00e0 quelques minutes du centre est un endroit agr\u00e9able pour terminer les choses.<\/p>\n<h4>En savoir plus sur Malines<\/h4>\n<p>Malines est un petit joyau flamand situ\u00e9 au nord de Bruxelles dans la province d&#8217;Anvers en Flandre. En 2018, elle comptait une population de 86000 habitants. La ville compte pas moins de 336 b\u00e2timents et monuments, dont huit \u00e9glises gothiques et baroques datant du XIVe au XVIIe si\u00e8cle, ce qui en fait une attraction touristique \u00e0 l&#8217;honneur. Il convient \u00e9galement de noter qu&#8217;il a \u00e9t\u00e9 inscrit quatre fois au patrimoine mondial de l&#8217;UNESCO.<\/p>\n<p>Nous proposons de nombreux types de visites priv\u00e9es pour vous. D\u00e9couvrez-les ici!<\/p>\n","protected":false},"excerpt":{"rendered":"<p>Profitez de cette visite priv\u00e9e de 6 heures \u00e0 Manille depuis la ville de Bruxelles. Profitez de cette occasion pour conna\u00eetre et appr\u00e9cier Manille lors de cette visite avec votre guide officiel et votre chauffeur priv\u00e9. D\u00e9couvrez les monuments et les quartiers les plus embl\u00e9matiques tels que la place Ijzerenleen, la cath\u00e9drale Saint-Rombaut et bien d&#8217;autres lieux.<\/p>\n","protected":false},"featured_media":97349,"comment_status":"open","ping_status":"closed","template":"","meta":{"_acf_changed":false},"product_brand":[],"product_cat":[3693,4236,4235],"product_tag":[],"class_list":{"0":"post-101153","1":"product","2":"type-product","3":"status-publish","4":"has-post-thumbnail","6":"product_cat-bruxelles-fr","7":"product_cat-all-private-tours-activities-fr-11","8":"product_cat-private-sightseeing-tours-fr-16","10":"first","11":"instock","12":"shipping-taxable","13":"purchasable","14":"product-type-simple"},"acf":[],"yoast_head":"<!-- This site is optimized with the Yoast SEO Premium plugin v25.3.1 (Yoast SEO v25.3.1) - https:\/\/yoast.com\/wordpress\/plugins\/seo\/ -->\n<title>Visite priv\u00e9e de Malines au d\u00e9part de Bruxelles - Guide officiel priv\u00e9 | TTM<\/title>\n<meta name=\"description\" content=\"Profitez de cette visite priv\u00e9e enti\u00e8rement personnalis\u00e9e de Malines au d\u00e9part de Bruxelles et admirez les monuments et les sites les plus importants de cette merveilleuse ville.\" \/>\n<meta name=\"robots\" content=\"index, follow, max-snippet:-1, max-image-preview:large, max-video-preview:-1\" \/>\n<link rel=\"canonical\" href=\"https:\/\/tourtravelandmore.com\/fr\/tours\/belgique-fr\/bruxelles-fr\/visite-privee-de-malines-au-depart-de-bruxelles\/\" \/>\n<meta property=\"og:locale\" content=\"fr_FR\" \/>\n<meta property=\"og:type\" content=\"article\" \/>\n<meta property=\"og:title\" content=\"Visite priv\u00e9e de Malines au d\u00e9part de Bruxelles\" \/>\n<meta property=\"og:description\" content=\"Profitez de cette visite priv\u00e9e enti\u00e8rement personnalis\u00e9e de Malines au d\u00e9part de Bruxelles et admirez les monuments et les sites les plus importants de cette merveilleuse ville.\" \/>\n<meta property=\"og:url\" content=\"https:\/\/tourtravelandmore.com\/fr\/tours\/belgique-fr\/bruxelles-fr\/visite-privee-de-malines-au-depart-de-bruxelles\/\" \/>\n<meta property=\"og:site_name\" content=\"Tour Travel And More\" \/>\n<meta property=\"article:publisher\" content=\"https:\/\/www.facebook.com\/tourtravelandmore\/\" \/>\n<meta property=\"article:modified_time\" content=\"2022-12-27T17:01:10+00:00\" \/>\n<meta property=\"og:image\" content=\"https:\/\/tourtravelandmore.com\/wp-content\/uploads\/2020\/03\/mechelen-2-scaled.jpg\" \/>\n\t<meta property=\"og:image:width\" content=\"2560\" \/>\n\t<meta property=\"og:image:height\" content=\"1535\" \/>\n\t<meta property=\"og:image:type\" content=\"image\/jpeg\" \/>\n<meta name=\"twitter:card\" content=\"summary_large_image\" \/>\n<meta name=\"twitter:site\" content=\"@TourTravel_More\" \/>\n<meta name=\"twitter:label1\" content=\"Dur\u00e9e de lecture estim\u00e9e\" \/>\n\t<meta name=\"twitter:data1\" content=\"3 minutes\" \/>\n<script type=\"application\/ld+json\" class=\"yoast-schema-graph\">{\"@context\":\"https:\/\/schema.org\",\"@graph\":[{\"@type\":\"WebPage\",\"@id\":\"https:\/\/tourtravelandmore.com\/fr\/tours\/belgique-fr\/bruxelles-fr\/visite-privee-de-malines-au-depart-de-bruxelles\/\",\"url\":\"https:\/\/tourtravelandmore.com\/fr\/tours\/belgique-fr\/bruxelles-fr\/visite-privee-de-malines-au-depart-de-bruxelles\/\",\"name\":\"Visite priv\u00e9e de Malines au d\u00e9part de Bruxelles - Guide officiel priv\u00e9 | TTM\",\"isPartOf\":{\"@id\":\"https:\/\/tourtravelandmore.com\/fr\/#website\"},\"primaryImageOfPage\":{\"@id\":\"https:\/\/tourtravelandmore.com\/fr\/tours\/belgique-fr\/bruxelles-fr\/visite-privee-de-malines-au-depart-de-bruxelles\/#primaryimage\"},\"image\":{\"@id\":\"https:\/\/tourtravelandmore.com\/fr\/tours\/belgique-fr\/bruxelles-fr\/visite-privee-de-malines-au-depart-de-bruxelles\/#primaryimage\"},\"thumbnailUrl\":\"https:\/\/tourtravelandmore.com\/wp-content\/uploads\/2020\/03\/mechelen-2-scaled.jpg\",\"datePublished\":\"2020-03-19T10:27:14+00:00\",\"dateModified\":\"2022-12-27T17:01:10+00:00\",\"description\":\"Profitez de cette visite priv\u00e9e enti\u00e8rement personnalis\u00e9e de Malines au d\u00e9part de Bruxelles et admirez les monuments et les sites les plus importants de cette merveilleuse ville.\",\"breadcrumb\":{\"@id\":\"https:\/\/tourtravelandmore.com\/fr\/tours\/belgique-fr\/bruxelles-fr\/visite-privee-de-malines-au-depart-de-bruxelles\/#breadcrumb\"},\"inLanguage\":\"fr-FR\",\"potentialAction\":[{\"@type\":\"ReadAction\",\"target\":[\"https:\/\/tourtravelandmore.com\/fr\/tours\/belgique-fr\/bruxelles-fr\/visite-privee-de-malines-au-depart-de-bruxelles\/\"]}]},{\"@type\":\"ImageObject\",\"inLanguage\":\"fr-FR\",\"@id\":\"https:\/\/tourtravelandmore.com\/fr\/tours\/belgique-fr\/bruxelles-fr\/visite-privee-de-malines-au-depart-de-bruxelles\/#primaryimage\",\"url\":\"https:\/\/tourtravelandmore.com\/wp-content\/uploads\/2020\/03\/mechelen-2-scaled.jpg\",\"contentUrl\":\"https:\/\/tourtravelandmore.com\/wp-content\/uploads\/2020\/03\/mechelen-2-scaled.jpg\",\"width\":2560,\"height\":1535},{\"@type\":\"BreadcrumbList\",\"@id\":\"https:\/\/tourtravelandmore.com\/fr\/tours\/belgique-fr\/bruxelles-fr\/visite-privee-de-malines-au-depart-de-bruxelles\/#breadcrumb\",\"itemListElement\":[{\"@type\":\"ListItem\",\"position\":1,\"name\":\"Home\",\"item\":\"https:\/\/tourtravelandmore.com\/fr\/\"},{\"@type\":\"ListItem\",\"position\":2,\"name\":\"Tours\",\"item\":\"https:\/\/tourtravelandmore.com\/fr\/tours\/\"},{\"@type\":\"ListItem\",\"position\":3,\"name\":\"Visite priv\u00e9e de Malines au d\u00e9part de Bruxelles\"}]},{\"@type\":\"WebSite\",\"@id\":\"https:\/\/tourtravelandmore.com\/fr\/#website\",\"url\":\"https:\/\/tourtravelandmore.com\/fr\/\",\"name\":\"Tour Travel And More\",\"description\":\"Private sightseeing tours and luxury transfers in Spain\",\"publisher\":{\"@id\":\"https:\/\/tourtravelandmore.com\/fr\/#organization\"},\"potentialAction\":[{\"@type\":\"SearchAction\",\"target\":{\"@type\":\"EntryPoint\",\"urlTemplate\":\"https:\/\/tourtravelandmore.com\/fr\/?s={search_term_string}\"},\"query-input\":{\"@type\":\"PropertyValueSpecification\",\"valueRequired\":true,\"valueName\":\"search_term_string\"}}],\"inLanguage\":\"fr-FR\"},{\"@type\":\"Organization\",\"@id\":\"https:\/\/tourtravelandmore.com\/fr\/#organization\",\"name\":\"Tour Travel And More\",\"url\":\"https:\/\/tourtravelandmore.com\/fr\/\",\"logo\":{\"@type\":\"ImageObject\",\"inLanguage\":\"fr-FR\",\"@id\":\"https:\/\/tourtravelandmore.com\/fr\/#\/schema\/logo\/image\/\",\"url\":\"https:\/\/tourtravelandmore.com\/wp-content\/uploads\/2022\/12\/cropped-logo-cabecera-new.png\",\"contentUrl\":\"https:\/\/tourtravelandmore.com\/wp-content\/uploads\/2022\/12\/cropped-logo-cabecera-new.png\",\"width\":430,\"height\":61,\"caption\":\"Tour Travel And More\"},\"image\":{\"@id\":\"https:\/\/tourtravelandmore.com\/fr\/#\/schema\/logo\/image\/\"},\"sameAs\":[\"https:\/\/www.facebook.com\/tourtravelandmore\/\",\"https:\/\/x.com\/TourTravel_More\"]}]}<\/script>\n<!-- \/ Yoast SEO Premium plugin. -->","yoast_head_json":{"title":"Visite priv\u00e9e de Malines au d\u00e9part de Bruxelles - Guide officiel priv\u00e9 | TTM","description":"Profitez de cette visite priv\u00e9e enti\u00e8rement personnalis\u00e9e de Malines au d\u00e9part de Bruxelles et admirez les monuments et les sites les plus importants de cette merveilleuse ville.","robots":{"index":"index","follow":"follow","max-snippet":"max-snippet:-1","max-image-preview":"max-image-preview:large","max-video-preview":"max-video-preview:-1"},"canonical":"https:\/\/tourtravelandmore.com\/fr\/tours\/belgique-fr\/bruxelles-fr\/visite-privee-de-malines-au-depart-de-bruxelles\/","og_locale":"fr_FR","og_type":"article","og_title":"Visite priv\u00e9e de Malines au d\u00e9part de Bruxelles","og_description":"Profitez de cette visite priv\u00e9e enti\u00e8rement personnalis\u00e9e de Malines au d\u00e9part de Bruxelles et admirez les monuments et les sites les plus importants de cette merveilleuse ville.","og_url":"https:\/\/tourtravelandmore.com\/fr\/tours\/belgique-fr\/bruxelles-fr\/visite-privee-de-malines-au-depart-de-bruxelles\/","og_site_name":"Tour Travel And More","article_publisher":"https:\/\/www.facebook.com\/tourtravelandmore\/","article_modified_time":"2022-12-27T17:01:10+00:00","og_image":[{"width":2560,"height":1535,"url":"https:\/\/tourtravelandmore.com\/wp-content\/uploads\/2020\/03\/mechelen-2-scaled.jpg","type":"image\/jpeg"}],"twitter_card":"summary_large_image","twitter_site":"@TourTravel_More","twitter_misc":{"Dur\u00e9e de lecture estim\u00e9e":"3 minutes"},"schema":{"@context":"https:\/\/schema.org","@graph":[{"@type":"WebPage","@id":"https:\/\/tourtravelandmore.com\/fr\/tours\/belgique-fr\/bruxelles-fr\/visite-privee-de-malines-au-depart-de-bruxelles\/","url":"https:\/\/tourtravelandmore.com\/fr\/tours\/belgique-fr\/bruxelles-fr\/visite-privee-de-malines-au-depart-de-bruxelles\/","name":"Visite priv\u00e9e de Malines au d\u00e9part de Bruxelles - Guide officiel priv\u00e9 | TTM","isPartOf":{"@id":"https:\/\/tourtravelandmore.com\/fr\/#website"},"primaryImageOfPage":{"@id":"https:\/\/tourtravelandmore.com\/fr\/tours\/belgique-fr\/bruxelles-fr\/visite-privee-de-malines-au-depart-de-bruxelles\/#primaryimage"},"image":{"@id":"https:\/\/tourtravelandmore.com\/fr\/tours\/belgique-fr\/bruxelles-fr\/visite-privee-de-malines-au-depart-de-bruxelles\/#primaryimage"},"thumbnailUrl":"https:\/\/tourtravelandmore.com\/wp-content\/uploads\/2020\/03\/mechelen-2-scaled.jpg","datePublished":"2020-03-19T10:27:14+00:00","dateModified":"2022-12-27T17:01:10+00:00","description":"Profitez de cette visite priv\u00e9e enti\u00e8rement personnalis\u00e9e de Malines au d\u00e9part de Bruxelles et admirez les monuments et les sites les plus importants de cette merveilleuse ville.","breadcrumb":{"@id":"https:\/\/tourtravelandmore.com\/fr\/tours\/belgique-fr\/bruxelles-fr\/visite-privee-de-malines-au-depart-de-bruxelles\/#breadcrumb"},"inLanguage":"fr-FR","potentialAction":[{"@type":"ReadAction","target":["https:\/\/tourtravelandmore.com\/fr\/tours\/belgique-fr\/bruxelles-fr\/visite-privee-de-malines-au-depart-de-bruxelles\/"]}]},{"@type":"ImageObject","inLanguage":"fr-FR","@id":"https:\/\/tourtravelandmore.com\/fr\/tours\/belgique-fr\/bruxelles-fr\/visite-privee-de-malines-au-depart-de-bruxelles\/#primaryimage","url":"https:\/\/tourtravelandmore.com\/wp-content\/uploads\/2020\/03\/mechelen-2-scaled.jpg","contentUrl":"https:\/\/tourtravelandmore.com\/wp-content\/uploads\/2020\/03\/mechelen-2-scaled.jpg","width":2560,"height":1535},{"@type":"BreadcrumbList","@id":"https:\/\/tourtravelandmore.com\/fr\/tours\/belgique-fr\/bruxelles-fr\/visite-privee-de-malines-au-depart-de-bruxelles\/#breadcrumb","itemListElement":[{"@type":"ListItem","position":1,"name":"Home","item":"https:\/\/tourtravelandmore.com\/fr\/"},{"@type":"ListItem","position":2,"name":"Tours","item":"https:\/\/tourtravelandmore.com\/fr\/tours\/"},{"@type":"ListItem","position":3,"name":"Visite priv\u00e9e de Malines au d\u00e9part de Bruxelles"}]},{"@type":"WebSite","@id":"https:\/\/tourtravelandmore.com\/fr\/#website","url":"https:\/\/tourtravelandmore.com\/fr\/","name":"Tour Travel And More","description":"Private sightseeing tours and luxury transfers in Spain","publisher":{"@id":"https:\/\/tourtravelandmore.com\/fr\/#organization"},"potentialAction":[{"@type":"SearchAction","target":{"@type":"EntryPoint","urlTemplate":"https:\/\/tourtravelandmore.com\/fr\/?s={search_term_string}"},"query-input":{"@type":"PropertyValueSpecification","valueRequired":true,"valueName":"search_term_string"}}],"inLanguage":"fr-FR"},{"@type":"Organization","@id":"https:\/\/tourtravelandmore.com\/fr\/#organization","name":"Tour Travel And More","url":"https:\/\/tourtravelandmore.com\/fr\/","logo":{"@type":"ImageObject","inLanguage":"fr-FR","@id":"https:\/\/tourtravelandmore.com\/fr\/#\/schema\/logo\/image\/","url":"https:\/\/tourtravelandmore.com\/wp-content\/uploads\/2022\/12\/cropped-logo-cabecera-new.png","contentUrl":"https:\/\/tourtravelandmore.com\/wp-content\/uploads\/2022\/12\/cropped-logo-cabecera-new.png","width":430,"height":61,"caption":"Tour Travel And More"},"image":{"@id":"https:\/\/tourtravelandmore.com\/fr\/#\/schema\/logo\/image\/"},"sameAs":["https:\/\/www.facebook.com\/tourtravelandmore\/","https:\/\/x.com\/TourTravel_More"]}]}},"_links":{"self":[{"href":"https:\/\/tourtravelandmore.com\/fr\/wp-json\/wp\/v2\/product\/101153","targetHints":{"allow":["GET"]}}],"collection":[{"href":"https:\/\/tourtravelandmore.com\/fr\/wp-json\/wp\/v2\/product"}],"about":[{"href":"https:\/\/tourtravelandmore.com\/fr\/wp-json\/wp\/v2\/types\/product"}],"replies":[{"embeddable":true,"href":"https:\/\/tourtravelandmore.com\/fr\/wp-json\/wp\/v2\/comments?post=101153"}],"wp:featuredmedia":[{"embeddable":true,"href":"https:\/\/tourtravelandmore.com\/fr\/wp-json\/wp\/v2\/media\/97349"}],"wp:attachment":[{"href":"https:\/\/tourtravelandmore.com\/fr\/wp-json\/wp\/v2\/media?parent=101153"}],"wp:term":[{"taxonomy":"product_brand","embeddable":true,"href":"https:\/\/tourtravelandmore.com\/fr\/wp-json\/wp\/v2\/product_brand?post=101153"},{"taxonomy":"product_cat","embeddable":true,"href":"https:\/\/tourtravelandmore.com\/fr\/wp-json\/wp\/v2\/product_cat?post=101153"},{"taxonomy":"product_tag","embeddable":true,"href":"https:\/\/tourtravelandmore.com\/fr\/wp-json\/wp\/v2\/product_tag?post=101153"}],"curies":[{"name":"wp","href":"https:\/\/api.w.org\/{rel}","templated":true}]}}