{"id":101148,"date":"2020-03-19T12:41:54","date_gmt":"2020-03-19T11:41:54","guid":{"rendered":"https:\/\/tourtravelandmore.com\/tours\/non%20class\u00e9\/visite-privee-de-malines-et-de-louvain-au-depart-de-bruxelles\/"},"modified":"2022-12-27T18:05:23","modified_gmt":"2022-12-27T17:05:23","slug":"visite-privee-de-malines-et-de-louvain-au-depart-de-bruxelles","status":"publish","type":"product","link":"https:\/\/tourtravelandmore.com\/fr\/tours\/belgique-fr\/bruxelles-fr\/visite-privee-de-malines-et-de-louvain-au-depart-de-bruxelles\/","title":{"rendered":"Visite priv\u00e9e de Malines et de Louvain au d\u00e9part de Bruxelles"},"content":{"rendered":"<h2>Description<\/h2>\n<p>Tour Travel &amp; More vous offre l&#8217;opportunit\u00e9 de d\u00e9couvrir lors d&#8217;une visite magique de 8 heures au d\u00e9part de Bruxelles. Toujours avec un guide officiel priv\u00e9, les fantastiques villes de Malines et de Louvain en r\u00e9gion flamande. C&#8217;est pourquoi notre visite priv\u00e9e de Malines et de Louvain au d\u00e9part de Bruxelles est parfaite pour vous.<\/p>\n<p>C&#8217;est une balade amusante que vous pouvez faire en train, ou si vous pr\u00e9f\u00e9rez, \u00e0 bord de notre v\u00e9hicule de luxe priv\u00e9 avec chauffeur. En raison de leur m\u00e9lange d&#8217;histoire, d&#8217;art et de culture. Malines et Louvain sont deux joyaux touristiques \u00e0 d\u00e9couvrir lors de votre s\u00e9jour \u00e0 Bruxelles.<\/p>\n<p>Il s&#8217;agit d&#8217;une visite compl\u00e8te qui dure 8 heures avec un guide priv\u00e9 parlant couramment diff\u00e9rentes langues. Un expert en tourisme, et avec toute l&#8217;intention de vous faire vivre une fabuleuse exp\u00e9rience de voyage.<\/p>\n<h2>Sites d&#8217;int\u00e9r\u00eat et monuments<\/h2>\n<p>Le premier site touristique recommand\u00e9 pour voyager \u00e0 Malines, class\u00e9e au patrimoine mondial de l&#8217;UNESCO, est le Centre historique, \u00e0 commencer par la Grote Markt ou la Grand Place. De l\u00e0, vous pourrez admirer des structures de style Renaissance et rococo. La cath\u00e9drale Saint-Rombaut m\u00e9rite \u00e9galement une attention particuli\u00e8re, avec 118 m\u00e8tres de haut construite au XIIIe si\u00e8cle et un beffroi.<\/p>\n<p>Sur la m\u00eame place se trouve la mairie de Malines, o\u00f9 vous pouvez jeter un \u0153il \u00e0 la fa\u00e7ade et voir la sculpture sensationnelle de Charles d&#8217;Autriche, I d&#8217;Espagne et V d&#8217;Allemagne. Juste l\u00e0, vous pouvez visiter le palais de Marguerite d&#8217;Autriche, qui \u00e9tait la tante de Charles V; et admirez les b\u00e2timents du Palais du Grand Conseil, le Belffroi, le grand B\u00e9guinage, le petit B\u00e9guinage et la Halle aux Draps, le plus ancien chantier.<\/p>\n<p>Votre guide vous remplira l\u2019esprit de l\u2019histoire du canal de Malines, de l\u2019ostentatoire \u00e9glise Saint-Jean, du palais Van Busleyden et du canal Dyle et de la brasserie Het Anker.<br \/>\nDeuxi\u00e8me partie de la visite &#8230;<\/p>\n<p>Dans la deuxi\u00e8me partie de la visite, vous conna\u00eetrez la ville de Louvain, populairement connue pour \u00eatre une ville d&#8217;\u00e9tudiants, en plus des rues, des places et des belles fa\u00e7ades avec une histoire riche.<\/p>\n<p>Nous commen\u00e7ons la visite \u00e0 travers Louvain depuis Grote Mark, une petite place mais vraiment charmante. Sur la m\u00eame place, assurez-vous de d\u00e9tailler la fontaine de la sagesse, qui est repr\u00e9sent\u00e9e par un \u00e9tudiant dont la sagesse glisse sur sa t\u00eate sous forme d&#8217;eau. Ensuite, visitez la mairie avec un style gothique braban\u00e7on spectaculaire. Il en va de m\u00eame pour la structure de l\u2019\u00e9glise Saint-Pierre.<\/p>\n<p>Ensuite, vous pourrez appr\u00e9cier la place Oude Mark dans une ambiance joyeuse pleine de bars et de restaurants. Un autre endroit que vous pouvez visiter \u00e0 Louvain est la belle biblioth\u00e8que de Louvain ou Bibliotheektoren. Enfin, vous pourrez d\u00e9couvrir le Grand B\u00e9guinage, l&#8217;un des endroits les plus attractifs de toute la Belgique qui appartient \u00e0 l&#8217;Universit\u00e9 de Louvain, et fonctionne comme son campus.<\/p>\n<p>Nous terminerons la visite \u00e0 l&#8217;endroit de votre choix pour terminer cette visite priv\u00e9e de Malines et de Louvain au d\u00e9part de Bruxelles.<\/p>\n<p>Malines et Louvain: deux joyaux touristiques de la Belgique<\/p>\n<p>Au XVe si\u00e8cle, \u00e0 l&#8217;\u00e9poque des Pays-Bas bourguignons, Malines et Louvain \u00e9taient d&#8217;une grande importance, d&#8217;o\u00f9 leur longue histoire. Malines compte 86 000 habitants en 2018 et Louvain 101 000 habitants. Aujourd&#8217;hui, ces deux villes de la R\u00e9gion flamande ont un grand attrait multiculturel, et malgr\u00e9 les d\u00e9g\u00e2ts d\u00e9vastateurs apr\u00e8s les guerres mondiales, leurs monuments et structures reconstruites sont aujourd&#8217;hui des ic\u00f4nes culturelles exceptionnelles qui attirent de nombreux touristes chaque ann\u00e9e.<\/p>\n<p>D\u00e9couvrez nos autres visites priv\u00e9es ici.<\/p>\n","protected":false},"excerpt":{"rendered":"<p>Profitez de cette visite priv\u00e9e de 8 heures \u00e0 Malines et \u00e0 Louvain au d\u00e9part de Bruxelles. Profitez de cette occasion pour conna\u00eetre et profiter de ces belles villes lors de cette visite avec votre guide officiel priv\u00e9. D\u00e9couvrez les monuments et les quartiers les plus embl\u00e9matiques tels que la Biblioth\u00e8que de Louvain ou la Bibliotheektoren, le Grand B\u00e9guinage et bien d&#8217;autres endroits.<\/p>\n","protected":false},"featured_media":97361,"comment_status":"open","ping_status":"closed","template":"","meta":{"_acf_changed":false},"product_brand":[],"product_cat":[3693,4236,4235],"product_tag":[],"class_list":{"0":"post-101148","1":"product","2":"type-product","3":"status-publish","4":"has-post-thumbnail","6":"product_cat-bruxelles-fr","7":"product_cat-all-private-tours-activities-fr-11","8":"product_cat-private-sightseeing-tours-fr-16","10":"first","11":"instock","12":"shipping-taxable","13":"purchasable","14":"product-type-simple"},"acf":[],"yoast_head":"<!-- This site is optimized with the Yoast SEO Premium plugin v25.3.1 (Yoast SEO v25.3.1) - https:\/\/yoast.com\/wordpress\/plugins\/seo\/ -->\n<title>Visite priv\u00e9e de Malines et de Louvain au d\u00e9part de Bruxelles - Visite priv\u00e9e<\/title>\n<meta name=\"description\" content=\"Profitez de cette visite priv\u00e9e enti\u00e8rement personnalis\u00e9e de Malines et de Louvain au d\u00e9part de Bruxelles et profitez de leurs monuments et sites les plus importants\" \/>\n<meta name=\"robots\" content=\"index, follow, max-snippet:-1, max-image-preview:large, max-video-preview:-1\" \/>\n<link rel=\"canonical\" href=\"https:\/\/tourtravelandmore.com\/fr\/tours\/belgique-fr\/bruxelles-fr\/visite-privee-de-malines-et-de-louvain-au-depart-de-bruxelles\/\" \/>\n<meta property=\"og:locale\" content=\"fr_FR\" \/>\n<meta property=\"og:type\" content=\"article\" \/>\n<meta property=\"og:title\" content=\"Visite priv\u00e9e de Malines et de Louvain au d\u00e9part de Bruxelles\" \/>\n<meta property=\"og:description\" content=\"Profitez de cette visite priv\u00e9e enti\u00e8rement personnalis\u00e9e de Malines et de Louvain au d\u00e9part de Bruxelles et profitez de leurs monuments et sites les plus importants\" \/>\n<meta property=\"og:url\" content=\"https:\/\/tourtravelandmore.com\/fr\/tours\/belgique-fr\/bruxelles-fr\/visite-privee-de-malines-et-de-louvain-au-depart-de-bruxelles\/\" \/>\n<meta property=\"og:site_name\" content=\"Tour Travel And More\" \/>\n<meta property=\"article:publisher\" content=\"https:\/\/www.facebook.com\/tourtravelandmore\/\" \/>\n<meta property=\"article:modified_time\" content=\"2022-12-27T17:05:23+00:00\" \/>\n<meta property=\"og:image\" content=\"https:\/\/tourtravelandmore.com\/wp-content\/uploads\/2020\/03\/mechelen-3-1.jpg\" \/>\n\t<meta property=\"og:image:width\" content=\"1024\" \/>\n\t<meta property=\"og:image:height\" content=\"768\" \/>\n\t<meta property=\"og:image:type\" content=\"image\/jpeg\" \/>\n<meta name=\"twitter:card\" content=\"summary_large_image\" \/>\n<meta name=\"twitter:site\" content=\"@TourTravel_More\" \/>\n<meta name=\"twitter:label1\" content=\"Dur\u00e9e de lecture estim\u00e9e\" \/>\n\t<meta name=\"twitter:data1\" content=\"3 minutes\" \/>\n<script type=\"application\/ld+json\" class=\"yoast-schema-graph\">{\"@context\":\"https:\/\/schema.org\",\"@graph\":[{\"@type\":\"WebPage\",\"@id\":\"https:\/\/tourtravelandmore.com\/fr\/tours\/belgique-fr\/bruxelles-fr\/visite-privee-de-malines-et-de-louvain-au-depart-de-bruxelles\/\",\"url\":\"https:\/\/tourtravelandmore.com\/fr\/tours\/belgique-fr\/bruxelles-fr\/visite-privee-de-malines-et-de-louvain-au-depart-de-bruxelles\/\",\"name\":\"Visite priv\u00e9e de Malines et de Louvain au d\u00e9part de Bruxelles - Visite priv\u00e9e\",\"isPartOf\":{\"@id\":\"https:\/\/tourtravelandmore.com\/fr\/#website\"},\"primaryImageOfPage\":{\"@id\":\"https:\/\/tourtravelandmore.com\/fr\/tours\/belgique-fr\/bruxelles-fr\/visite-privee-de-malines-et-de-louvain-au-depart-de-bruxelles\/#primaryimage\"},\"image\":{\"@id\":\"https:\/\/tourtravelandmore.com\/fr\/tours\/belgique-fr\/bruxelles-fr\/visite-privee-de-malines-et-de-louvain-au-depart-de-bruxelles\/#primaryimage\"},\"thumbnailUrl\":\"https:\/\/tourtravelandmore.com\/wp-content\/uploads\/2020\/03\/mechelen-3-1.jpg\",\"datePublished\":\"2020-03-19T11:41:54+00:00\",\"dateModified\":\"2022-12-27T17:05:23+00:00\",\"description\":\"Profitez de cette visite priv\u00e9e enti\u00e8rement personnalis\u00e9e de Malines et de Louvain au d\u00e9part de Bruxelles et profitez de leurs monuments et sites les plus importants\",\"breadcrumb\":{\"@id\":\"https:\/\/tourtravelandmore.com\/fr\/tours\/belgique-fr\/bruxelles-fr\/visite-privee-de-malines-et-de-louvain-au-depart-de-bruxelles\/#breadcrumb\"},\"inLanguage\":\"fr-FR\",\"potentialAction\":[{\"@type\":\"ReadAction\",\"target\":[\"https:\/\/tourtravelandmore.com\/fr\/tours\/belgique-fr\/bruxelles-fr\/visite-privee-de-malines-et-de-louvain-au-depart-de-bruxelles\/\"]}]},{\"@type\":\"ImageObject\",\"inLanguage\":\"fr-FR\",\"@id\":\"https:\/\/tourtravelandmore.com\/fr\/tours\/belgique-fr\/bruxelles-fr\/visite-privee-de-malines-et-de-louvain-au-depart-de-bruxelles\/#primaryimage\",\"url\":\"https:\/\/tourtravelandmore.com\/wp-content\/uploads\/2020\/03\/mechelen-3-1.jpg\",\"contentUrl\":\"https:\/\/tourtravelandmore.com\/wp-content\/uploads\/2020\/03\/mechelen-3-1.jpg\",\"width\":1024,\"height\":768},{\"@type\":\"BreadcrumbList\",\"@id\":\"https:\/\/tourtravelandmore.com\/fr\/tours\/belgique-fr\/bruxelles-fr\/visite-privee-de-malines-et-de-louvain-au-depart-de-bruxelles\/#breadcrumb\",\"itemListElement\":[{\"@type\":\"ListItem\",\"position\":1,\"name\":\"Home\",\"item\":\"https:\/\/tourtravelandmore.com\/fr\/\"},{\"@type\":\"ListItem\",\"position\":2,\"name\":\"Tours\",\"item\":\"https:\/\/tourtravelandmore.com\/fr\/tours\/\"},{\"@type\":\"ListItem\",\"position\":3,\"name\":\"Visite priv\u00e9e de Malines et de Louvain au d\u00e9part de Bruxelles\"}]},{\"@type\":\"WebSite\",\"@id\":\"https:\/\/tourtravelandmore.com\/fr\/#website\",\"url\":\"https:\/\/tourtravelandmore.com\/fr\/\",\"name\":\"Tour Travel And More\",\"description\":\"Private sightseeing tours and luxury transfers in Spain\",\"publisher\":{\"@id\":\"https:\/\/tourtravelandmore.com\/fr\/#organization\"},\"potentialAction\":[{\"@type\":\"SearchAction\",\"target\":{\"@type\":\"EntryPoint\",\"urlTemplate\":\"https:\/\/tourtravelandmore.com\/fr\/?s={search_term_string}\"},\"query-input\":{\"@type\":\"PropertyValueSpecification\",\"valueRequired\":true,\"valueName\":\"search_term_string\"}}],\"inLanguage\":\"fr-FR\"},{\"@type\":\"Organization\",\"@id\":\"https:\/\/tourtravelandmore.com\/fr\/#organization\",\"name\":\"Tour Travel And More\",\"url\":\"https:\/\/tourtravelandmore.com\/fr\/\",\"logo\":{\"@type\":\"ImageObject\",\"inLanguage\":\"fr-FR\",\"@id\":\"https:\/\/tourtravelandmore.com\/fr\/#\/schema\/logo\/image\/\",\"url\":\"https:\/\/tourtravelandmore.com\/wp-content\/uploads\/2022\/12\/cropped-logo-cabecera-new.png\",\"contentUrl\":\"https:\/\/tourtravelandmore.com\/wp-content\/uploads\/2022\/12\/cropped-logo-cabecera-new.png\",\"width\":430,\"height\":61,\"caption\":\"Tour Travel And More\"},\"image\":{\"@id\":\"https:\/\/tourtravelandmore.com\/fr\/#\/schema\/logo\/image\/\"},\"sameAs\":[\"https:\/\/www.facebook.com\/tourtravelandmore\/\",\"https:\/\/x.com\/TourTravel_More\"]}]}<\/script>\n<!-- \/ Yoast SEO Premium plugin. -->","yoast_head_json":{"title":"Visite priv\u00e9e de Malines et de Louvain au d\u00e9part de Bruxelles - Visite priv\u00e9e","description":"Profitez de cette visite priv\u00e9e enti\u00e8rement personnalis\u00e9e de Malines et de Louvain au d\u00e9part de Bruxelles et profitez de leurs monuments et sites les plus importants","robots":{"index":"index","follow":"follow","max-snippet":"max-snippet:-1","max-image-preview":"max-image-preview:large","max-video-preview":"max-video-preview:-1"},"canonical":"https:\/\/tourtravelandmore.com\/fr\/tours\/belgique-fr\/bruxelles-fr\/visite-privee-de-malines-et-de-louvain-au-depart-de-bruxelles\/","og_locale":"fr_FR","og_type":"article","og_title":"Visite priv\u00e9e de Malines et de Louvain au d\u00e9part de Bruxelles","og_description":"Profitez de cette visite priv\u00e9e enti\u00e8rement personnalis\u00e9e de Malines et de Louvain au d\u00e9part de Bruxelles et profitez de leurs monuments et sites les plus importants","og_url":"https:\/\/tourtravelandmore.com\/fr\/tours\/belgique-fr\/bruxelles-fr\/visite-privee-de-malines-et-de-louvain-au-depart-de-bruxelles\/","og_site_name":"Tour Travel And More","article_publisher":"https:\/\/www.facebook.com\/tourtravelandmore\/","article_modified_time":"2022-12-27T17:05:23+00:00","og_image":[{"width":1024,"height":768,"url":"https:\/\/tourtravelandmore.com\/wp-content\/uploads\/2020\/03\/mechelen-3-1.jpg","type":"image\/jpeg"}],"twitter_card":"summary_large_image","twitter_site":"@TourTravel_More","twitter_misc":{"Dur\u00e9e de lecture estim\u00e9e":"3 minutes"},"schema":{"@context":"https:\/\/schema.org","@graph":[{"@type":"WebPage","@id":"https:\/\/tourtravelandmore.com\/fr\/tours\/belgique-fr\/bruxelles-fr\/visite-privee-de-malines-et-de-louvain-au-depart-de-bruxelles\/","url":"https:\/\/tourtravelandmore.com\/fr\/tours\/belgique-fr\/bruxelles-fr\/visite-privee-de-malines-et-de-louvain-au-depart-de-bruxelles\/","name":"Visite priv\u00e9e de Malines et de Louvain au d\u00e9part de Bruxelles - Visite priv\u00e9e","isPartOf":{"@id":"https:\/\/tourtravelandmore.com\/fr\/#website"},"primaryImageOfPage":{"@id":"https:\/\/tourtravelandmore.com\/fr\/tours\/belgique-fr\/bruxelles-fr\/visite-privee-de-malines-et-de-louvain-au-depart-de-bruxelles\/#primaryimage"},"image":{"@id":"https:\/\/tourtravelandmore.com\/fr\/tours\/belgique-fr\/bruxelles-fr\/visite-privee-de-malines-et-de-louvain-au-depart-de-bruxelles\/#primaryimage"},"thumbnailUrl":"https:\/\/tourtravelandmore.com\/wp-content\/uploads\/2020\/03\/mechelen-3-1.jpg","datePublished":"2020-03-19T11:41:54+00:00","dateModified":"2022-12-27T17:05:23+00:00","description":"Profitez de cette visite priv\u00e9e enti\u00e8rement personnalis\u00e9e de Malines et de Louvain au d\u00e9part de Bruxelles et profitez de leurs monuments et sites les plus importants","breadcrumb":{"@id":"https:\/\/tourtravelandmore.com\/fr\/tours\/belgique-fr\/bruxelles-fr\/visite-privee-de-malines-et-de-louvain-au-depart-de-bruxelles\/#breadcrumb"},"inLanguage":"fr-FR","potentialAction":[{"@type":"ReadAction","target":["https:\/\/tourtravelandmore.com\/fr\/tours\/belgique-fr\/bruxelles-fr\/visite-privee-de-malines-et-de-louvain-au-depart-de-bruxelles\/"]}]},{"@type":"ImageObject","inLanguage":"fr-FR","@id":"https:\/\/tourtravelandmore.com\/fr\/tours\/belgique-fr\/bruxelles-fr\/visite-privee-de-malines-et-de-louvain-au-depart-de-bruxelles\/#primaryimage","url":"https:\/\/tourtravelandmore.com\/wp-content\/uploads\/2020\/03\/mechelen-3-1.jpg","contentUrl":"https:\/\/tourtravelandmore.com\/wp-content\/uploads\/2020\/03\/mechelen-3-1.jpg","width":1024,"height":768},{"@type":"BreadcrumbList","@id":"https:\/\/tourtravelandmore.com\/fr\/tours\/belgique-fr\/bruxelles-fr\/visite-privee-de-malines-et-de-louvain-au-depart-de-bruxelles\/#breadcrumb","itemListElement":[{"@type":"ListItem","position":1,"name":"Home","item":"https:\/\/tourtravelandmore.com\/fr\/"},{"@type":"ListItem","position":2,"name":"Tours","item":"https:\/\/tourtravelandmore.com\/fr\/tours\/"},{"@type":"ListItem","position":3,"name":"Visite priv\u00e9e de Malines et de Louvain au d\u00e9part de Bruxelles"}]},{"@type":"WebSite","@id":"https:\/\/tourtravelandmore.com\/fr\/#website","url":"https:\/\/tourtravelandmore.com\/fr\/","name":"Tour Travel And More","description":"Private sightseeing tours and luxury transfers in Spain","publisher":{"@id":"https:\/\/tourtravelandmore.com\/fr\/#organization"},"potentialAction":[{"@type":"SearchAction","target":{"@type":"EntryPoint","urlTemplate":"https:\/\/tourtravelandmore.com\/fr\/?s={search_term_string}"},"query-input":{"@type":"PropertyValueSpecification","valueRequired":true,"valueName":"search_term_string"}}],"inLanguage":"fr-FR"},{"@type":"Organization","@id":"https:\/\/tourtravelandmore.com\/fr\/#organization","name":"Tour Travel And More","url":"https:\/\/tourtravelandmore.com\/fr\/","logo":{"@type":"ImageObject","inLanguage":"fr-FR","@id":"https:\/\/tourtravelandmore.com\/fr\/#\/schema\/logo\/image\/","url":"https:\/\/tourtravelandmore.com\/wp-content\/uploads\/2022\/12\/cropped-logo-cabecera-new.png","contentUrl":"https:\/\/tourtravelandmore.com\/wp-content\/uploads\/2022\/12\/cropped-logo-cabecera-new.png","width":430,"height":61,"caption":"Tour Travel And More"},"image":{"@id":"https:\/\/tourtravelandmore.com\/fr\/#\/schema\/logo\/image\/"},"sameAs":["https:\/\/www.facebook.com\/tourtravelandmore\/","https:\/\/x.com\/TourTravel_More"]}]}},"_links":{"self":[{"href":"https:\/\/tourtravelandmore.com\/fr\/wp-json\/wp\/v2\/product\/101148","targetHints":{"allow":["GET"]}}],"collection":[{"href":"https:\/\/tourtravelandmore.com\/fr\/wp-json\/wp\/v2\/product"}],"about":[{"href":"https:\/\/tourtravelandmore.com\/fr\/wp-json\/wp\/v2\/types\/product"}],"replies":[{"embeddable":true,"href":"https:\/\/tourtravelandmore.com\/fr\/wp-json\/wp\/v2\/comments?post=101148"}],"wp:featuredmedia":[{"embeddable":true,"href":"https:\/\/tourtravelandmore.com\/fr\/wp-json\/wp\/v2\/media\/97361"}],"wp:attachment":[{"href":"https:\/\/tourtravelandmore.com\/fr\/wp-json\/wp\/v2\/media?parent=101148"}],"wp:term":[{"taxonomy":"product_brand","embeddable":true,"href":"https:\/\/tourtravelandmore.com\/fr\/wp-json\/wp\/v2\/product_brand?post=101148"},{"taxonomy":"product_cat","embeddable":true,"href":"https:\/\/tourtravelandmore.com\/fr\/wp-json\/wp\/v2\/product_cat?post=101148"},{"taxonomy":"product_tag","embeddable":true,"href":"https:\/\/tourtravelandmore.com\/fr\/wp-json\/wp\/v2\/product_tag?post=101148"}],"curies":[{"name":"wp","href":"https:\/\/api.w.org\/{rel}","templated":true}]}}