{"id":101143,"date":"2020-03-19T12:09:26","date_gmt":"2020-03-19T11:09:26","guid":{"rendered":"https:\/\/tourtravelandmore.com\/tours\/non%20class\u00e9\/visite-privee-de-louvain-au-depart-de-bruxelles\/"},"modified":"2022-12-27T18:05:13","modified_gmt":"2022-12-27T17:05:13","slug":"visite-privee-de-louvain-au-depart-de-bruxelles","status":"publish","type":"product","link":"https:\/\/tourtravelandmore.com\/fr\/tours\/belgique-fr\/bruxelles-fr\/visite-privee-de-louvain-au-depart-de-bruxelles\/","title":{"rendered":"Visite priv\u00e9e de Louvain au d\u00e9part de Bruxelles"},"content":{"rendered":"<h2>Description<\/h2>\n<p>Si vous passez vos vacances dans la ville de Bruxelles, une visite priv\u00e9e priv\u00e9e de Louvain au d\u00e9part de Bruxelles. C&#8217;est une occasion parfaite \u00e0 ne pas manquer, non seulement parce qu&#8217;elle est relativement proche, mais aussi parce que c&#8217;est un autre joyau \u00e0 d\u00e9couvrir en Belgique. Belgique contenant une histoire culturellement int\u00e9ressante et fantastique. Nous vous invitons \u00e0 une belle visite priv\u00e9e de 6 heures de Bruxelles \u00e0 Louvain \u00e0 bord d&#8217;un v\u00e9hicule de luxe priv\u00e9 avec chauffeur, ou si vous pr\u00e9f\u00e9rez, en train.<\/p>\n<p>Dans notre programme Private Leuven Tour de Bruxelles de Bruxelles \u00e0 Leuven, vous pouvez choisir le point de rendez-vous pour commencer le voyage qui se fera dans votre voiture de luxe priv\u00e9e ou en train. Si vous choisissez ce dernier, la gare centrale de Bruxelles sera le bon endroit.<\/p>\n<p>En revanche, si vous d\u00e9cidez de vous d\u00e9placer en voiture priv\u00e9e, votre chauffeur viendra vous chercher \u00e0 votre h\u00f4tel, a\u00e9roport ou autre lieu de votre choix. Dans tous les cas, nous vous rappelons que vous pouvez personnaliser \u00e0 votre convenance les lieux de rencontre et le programme complet des visites.<\/p>\n<p>Une fois que vous avez commenc\u00e9 votre voyage dans la belle ville de Louvain, un guide officiel priv\u00e9 sera pr\u00eat \u00e0 commencer une visite passionnante de 2 heures autour de la ville.<\/p>\n<p>Louvain est connue pour accueillir des universit\u00e9s prestigieuses, ce qui lui a valu le titre de \u00abville \u00e9tudiante\u00bb. Il ne faut pas \u00eatre surpris de rencontrer un grand nombre d&#8217;\u00e9tudiants qui font la vie partout.<\/p>\n<h2>Sites d&#8217;int\u00e9r\u00eat et monuments<\/h2>\n<p>Le premier arr\u00eat serait au Mus\u00e9e de Louvain. Un mus\u00e9e qui allie l&#8217;art contemporain \u00e0 l&#8217;art du XIXe si\u00e8cle. Un m\u00e9lange de collections d&#8217;hier et d&#8217;aujourd&#8217;hui. Il dispose d&#8217;un jardin int\u00e9rieur et d&#8217;une terrasse panoramique avec une vue imprenable sur la ville. Gardez \u00e0 l&#8217;esprit que le balcon est ferm\u00e9 pendant l&#8217;hiver.<\/p>\n<p>Pour sceller la visite du Mus\u00e9e de Louvain, nous entrons dans le Sint-Pierters-Kerk pour admirer le c\u00e9l\u00e8bre tableau &#8220;Retable du Saint Sacrement&#8221;. Par le peintre hollandais Dirk Bouts, une \u0153uvre qui a toujours \u00e9t\u00e9 expos\u00e9e au m\u00eame endroit.<\/p>\n<p>Ensuite, nous ferons le tour de la mairie. Avec ses maisons typiquement flamandes et ses rues pav\u00e9es, toutes tr\u00e8s belles.<\/p>\n<p>Passez par la Grand Place ou Grote Mark. Ce n&#8217;est pas un tr\u00e8s grand endroit, mais tr\u00e8s embl\u00e9matique avec ses maisons typiques, ses tavernes et ses restaurants flamands. De cet endroit, la fontaine de la sagesse m\u00e9rite une mention, une repr\u00e9sentation tr\u00e8s appr\u00e9ci\u00e9e de la connaissance humaine.<br \/>\nA quoi s&#8217;attendre alors?<\/p>\n<p>Ensuite, nous visitons le lieu le plus important et embl\u00e9matique de Louvain: la Biblioth\u00e8que de Louvain ou Bibliotheektoren. Cet endroit a \u00e9t\u00e9 d\u00e9truit par les Allemands pendant les deux guerres mondiales et c&#8217;est l&#8217;un des symboles de la Renaissance flamande. La biblioth\u00e8que et surtout la salle de lecture semblent tout droit sorties de l&#8217;univers Harry Potter. Plus d&#8217;un million de livres sont stock\u00e9s ici.<\/p>\n<p>Une petite attraction est le carillon de 60 cloches dans la tour de la biblioth\u00e8que. Ne manquez pas l\u2019occasion de grimper au sommet de la tour pour une vue panoramique sur la ville.<\/p>\n<p>Autour de l&#8217;Universit\u00e9 de Louvain se trouve le Grand B\u00e9guinage. Il est connu comme le campus universitaire. Un endroit formidable avec ses rues \u00e9troites, ses places, ses jardins et ses maisons traditionnelles en briques.<\/p>\n<p>D&#8217;autres lieux \u00e0 d\u00e9couvrir lors de cette courte visite de 2 heures \u00e0 travers Louvain sont: Universiteits-Hal, Dijle-Eend et Sint-Antonius-Kapel.<\/p>\n<p>Et enfin, l&#8217;Oude Markt, un endroit plein de restaurants et de bars, o\u00f9 vous aurez s\u00fbrement envie de vous arr\u00eater et de savourer un plat local ou une bi\u00e8re belge rafra\u00eechissante pour terminer la visite avec le guide officiel et avant de rentrer \u00e0 Bruxelles, soit en voiture priv\u00e9e ou train.<\/p>\n<p>D\u00e9couvrez ce que nous proposons ici dans la ville de Bruxelles!<\/p>\n","protected":false},"excerpt":{"rendered":"<p>Amusez-vous avec cette visite priv\u00e9e enti\u00e8rement personnalis\u00e9e de 6 heures de la ville de Louvain au d\u00e9part de Bruxelles et profitez de ses monuments et sites les plus importants. Vous aurez un v\u00e9hicule de luxe priv\u00e9 avec chauffeur disponible pour toute la visite. Ne manquez pas les monuments et sites touristiques, tels que le Sint-Pierters-Kerk, la mairie, la fontaine de la sagesse et bien plus encore!<\/p>\n","protected":false},"featured_media":97355,"comment_status":"open","ping_status":"closed","template":"","meta":{"_acf_changed":false},"product_brand":[],"product_cat":[3693,4236,4235],"product_tag":[],"class_list":{"0":"post-101143","1":"product","2":"type-product","3":"status-publish","4":"has-post-thumbnail","6":"product_cat-bruxelles-fr","7":"product_cat-all-private-tours-activities-fr-11","8":"product_cat-private-sightseeing-tours-fr-16","10":"first","11":"instock","12":"shipping-taxable","13":"purchasable","14":"product-type-simple"},"acf":[],"yoast_head":"<!-- This site is optimized with the Yoast SEO Premium plugin v25.3.1 (Yoast SEO v25.3.1) - https:\/\/yoast.com\/wordpress\/plugins\/seo\/ -->\n<title>Visite priv\u00e9e de Louvain au d\u00e9part de Bruxelles avec chauffeur et guide<\/title>\n<meta name=\"description\" content=\"Profitez de cette visite priv\u00e9e enti\u00e8rement personnalis\u00e9e de Louvain au d\u00e9part de Bruxelles et profitez de leurs monuments et sites les plus importants de cette ville merveilleuse.\" \/>\n<meta name=\"robots\" content=\"index, follow, max-snippet:-1, max-image-preview:large, max-video-preview:-1\" \/>\n<link rel=\"canonical\" href=\"https:\/\/tourtravelandmore.com\/fr\/tours\/belgique-fr\/bruxelles-fr\/visite-privee-de-louvain-au-depart-de-bruxelles\/\" \/>\n<meta property=\"og:locale\" content=\"fr_FR\" \/>\n<meta property=\"og:type\" content=\"article\" \/>\n<meta property=\"og:title\" content=\"Visite priv\u00e9e de Louvain au d\u00e9part de Bruxelles\" \/>\n<meta property=\"og:description\" content=\"Profitez de cette visite priv\u00e9e enti\u00e8rement personnalis\u00e9e de Louvain au d\u00e9part de Bruxelles et profitez de leurs monuments et sites les plus importants de cette ville merveilleuse.\" \/>\n<meta property=\"og:url\" content=\"https:\/\/tourtravelandmore.com\/fr\/tours\/belgique-fr\/bruxelles-fr\/visite-privee-de-louvain-au-depart-de-bruxelles\/\" \/>\n<meta property=\"og:site_name\" content=\"Tour Travel And More\" \/>\n<meta property=\"article:publisher\" content=\"https:\/\/www.facebook.com\/tourtravelandmore\/\" \/>\n<meta property=\"article:modified_time\" content=\"2022-12-27T17:05:13+00:00\" \/>\n<meta property=\"og:image\" content=\"https:\/\/tourtravelandmore.com\/wp-content\/uploads\/2020\/03\/leuven-6.jpg\" \/>\n\t<meta property=\"og:image:width\" content=\"1024\" \/>\n\t<meta property=\"og:image:height\" content=\"727\" \/>\n\t<meta property=\"og:image:type\" content=\"image\/jpeg\" \/>\n<meta name=\"twitter:card\" content=\"summary_large_image\" \/>\n<meta name=\"twitter:site\" content=\"@TourTravel_More\" \/>\n<meta name=\"twitter:label1\" content=\"Dur\u00e9e de lecture estim\u00e9e\" \/>\n\t<meta name=\"twitter:data1\" content=\"3 minutes\" \/>\n<script type=\"application\/ld+json\" class=\"yoast-schema-graph\">{\"@context\":\"https:\/\/schema.org\",\"@graph\":[{\"@type\":\"WebPage\",\"@id\":\"https:\/\/tourtravelandmore.com\/fr\/tours\/belgique-fr\/bruxelles-fr\/visite-privee-de-louvain-au-depart-de-bruxelles\/\",\"url\":\"https:\/\/tourtravelandmore.com\/fr\/tours\/belgique-fr\/bruxelles-fr\/visite-privee-de-louvain-au-depart-de-bruxelles\/\",\"name\":\"Visite priv\u00e9e de Louvain au d\u00e9part de Bruxelles avec chauffeur et guide\",\"isPartOf\":{\"@id\":\"https:\/\/tourtravelandmore.com\/fr\/#website\"},\"primaryImageOfPage\":{\"@id\":\"https:\/\/tourtravelandmore.com\/fr\/tours\/belgique-fr\/bruxelles-fr\/visite-privee-de-louvain-au-depart-de-bruxelles\/#primaryimage\"},\"image\":{\"@id\":\"https:\/\/tourtravelandmore.com\/fr\/tours\/belgique-fr\/bruxelles-fr\/visite-privee-de-louvain-au-depart-de-bruxelles\/#primaryimage\"},\"thumbnailUrl\":\"https:\/\/tourtravelandmore.com\/wp-content\/uploads\/2020\/03\/leuven-6.jpg\",\"datePublished\":\"2020-03-19T11:09:26+00:00\",\"dateModified\":\"2022-12-27T17:05:13+00:00\",\"description\":\"Profitez de cette visite priv\u00e9e enti\u00e8rement personnalis\u00e9e de Louvain au d\u00e9part de Bruxelles et profitez de leurs monuments et sites les plus importants de cette ville merveilleuse.\",\"breadcrumb\":{\"@id\":\"https:\/\/tourtravelandmore.com\/fr\/tours\/belgique-fr\/bruxelles-fr\/visite-privee-de-louvain-au-depart-de-bruxelles\/#breadcrumb\"},\"inLanguage\":\"fr-FR\",\"potentialAction\":[{\"@type\":\"ReadAction\",\"target\":[\"https:\/\/tourtravelandmore.com\/fr\/tours\/belgique-fr\/bruxelles-fr\/visite-privee-de-louvain-au-depart-de-bruxelles\/\"]}]},{\"@type\":\"ImageObject\",\"inLanguage\":\"fr-FR\",\"@id\":\"https:\/\/tourtravelandmore.com\/fr\/tours\/belgique-fr\/bruxelles-fr\/visite-privee-de-louvain-au-depart-de-bruxelles\/#primaryimage\",\"url\":\"https:\/\/tourtravelandmore.com\/wp-content\/uploads\/2020\/03\/leuven-6.jpg\",\"contentUrl\":\"https:\/\/tourtravelandmore.com\/wp-content\/uploads\/2020\/03\/leuven-6.jpg\",\"width\":1024,\"height\":727},{\"@type\":\"BreadcrumbList\",\"@id\":\"https:\/\/tourtravelandmore.com\/fr\/tours\/belgique-fr\/bruxelles-fr\/visite-privee-de-louvain-au-depart-de-bruxelles\/#breadcrumb\",\"itemListElement\":[{\"@type\":\"ListItem\",\"position\":1,\"name\":\"Home\",\"item\":\"https:\/\/tourtravelandmore.com\/fr\/\"},{\"@type\":\"ListItem\",\"position\":2,\"name\":\"Tours\",\"item\":\"https:\/\/tourtravelandmore.com\/fr\/tours\/\"},{\"@type\":\"ListItem\",\"position\":3,\"name\":\"Visite priv\u00e9e de Louvain au d\u00e9part de Bruxelles\"}]},{\"@type\":\"WebSite\",\"@id\":\"https:\/\/tourtravelandmore.com\/fr\/#website\",\"url\":\"https:\/\/tourtravelandmore.com\/fr\/\",\"name\":\"Tour Travel And More\",\"description\":\"Private sightseeing tours and luxury transfers in Spain\",\"publisher\":{\"@id\":\"https:\/\/tourtravelandmore.com\/fr\/#organization\"},\"potentialAction\":[{\"@type\":\"SearchAction\",\"target\":{\"@type\":\"EntryPoint\",\"urlTemplate\":\"https:\/\/tourtravelandmore.com\/fr\/?s={search_term_string}\"},\"query-input\":{\"@type\":\"PropertyValueSpecification\",\"valueRequired\":true,\"valueName\":\"search_term_string\"}}],\"inLanguage\":\"fr-FR\"},{\"@type\":\"Organization\",\"@id\":\"https:\/\/tourtravelandmore.com\/fr\/#organization\",\"name\":\"Tour Travel And More\",\"url\":\"https:\/\/tourtravelandmore.com\/fr\/\",\"logo\":{\"@type\":\"ImageObject\",\"inLanguage\":\"fr-FR\",\"@id\":\"https:\/\/tourtravelandmore.com\/fr\/#\/schema\/logo\/image\/\",\"url\":\"https:\/\/tourtravelandmore.com\/wp-content\/uploads\/2022\/12\/cropped-logo-cabecera-new.png\",\"contentUrl\":\"https:\/\/tourtravelandmore.com\/wp-content\/uploads\/2022\/12\/cropped-logo-cabecera-new.png\",\"width\":430,\"height\":61,\"caption\":\"Tour Travel And More\"},\"image\":{\"@id\":\"https:\/\/tourtravelandmore.com\/fr\/#\/schema\/logo\/image\/\"},\"sameAs\":[\"https:\/\/www.facebook.com\/tourtravelandmore\/\",\"https:\/\/x.com\/TourTravel_More\"]}]}<\/script>\n<!-- \/ Yoast SEO Premium plugin. -->","yoast_head_json":{"title":"Visite priv\u00e9e de Louvain au d\u00e9part de Bruxelles avec chauffeur et guide","description":"Profitez de cette visite priv\u00e9e enti\u00e8rement personnalis\u00e9e de Louvain au d\u00e9part de Bruxelles et profitez de leurs monuments et sites les plus importants de cette ville merveilleuse.","robots":{"index":"index","follow":"follow","max-snippet":"max-snippet:-1","max-image-preview":"max-image-preview:large","max-video-preview":"max-video-preview:-1"},"canonical":"https:\/\/tourtravelandmore.com\/fr\/tours\/belgique-fr\/bruxelles-fr\/visite-privee-de-louvain-au-depart-de-bruxelles\/","og_locale":"fr_FR","og_type":"article","og_title":"Visite priv\u00e9e de Louvain au d\u00e9part de Bruxelles","og_description":"Profitez de cette visite priv\u00e9e enti\u00e8rement personnalis\u00e9e de Louvain au d\u00e9part de Bruxelles et profitez de leurs monuments et sites les plus importants de cette ville merveilleuse.","og_url":"https:\/\/tourtravelandmore.com\/fr\/tours\/belgique-fr\/bruxelles-fr\/visite-privee-de-louvain-au-depart-de-bruxelles\/","og_site_name":"Tour Travel And More","article_publisher":"https:\/\/www.facebook.com\/tourtravelandmore\/","article_modified_time":"2022-12-27T17:05:13+00:00","og_image":[{"width":1024,"height":727,"url":"https:\/\/tourtravelandmore.com\/wp-content\/uploads\/2020\/03\/leuven-6.jpg","type":"image\/jpeg"}],"twitter_card":"summary_large_image","twitter_site":"@TourTravel_More","twitter_misc":{"Dur\u00e9e de lecture estim\u00e9e":"3 minutes"},"schema":{"@context":"https:\/\/schema.org","@graph":[{"@type":"WebPage","@id":"https:\/\/tourtravelandmore.com\/fr\/tours\/belgique-fr\/bruxelles-fr\/visite-privee-de-louvain-au-depart-de-bruxelles\/","url":"https:\/\/tourtravelandmore.com\/fr\/tours\/belgique-fr\/bruxelles-fr\/visite-privee-de-louvain-au-depart-de-bruxelles\/","name":"Visite priv\u00e9e de Louvain au d\u00e9part de Bruxelles avec chauffeur et guide","isPartOf":{"@id":"https:\/\/tourtravelandmore.com\/fr\/#website"},"primaryImageOfPage":{"@id":"https:\/\/tourtravelandmore.com\/fr\/tours\/belgique-fr\/bruxelles-fr\/visite-privee-de-louvain-au-depart-de-bruxelles\/#primaryimage"},"image":{"@id":"https:\/\/tourtravelandmore.com\/fr\/tours\/belgique-fr\/bruxelles-fr\/visite-privee-de-louvain-au-depart-de-bruxelles\/#primaryimage"},"thumbnailUrl":"https:\/\/tourtravelandmore.com\/wp-content\/uploads\/2020\/03\/leuven-6.jpg","datePublished":"2020-03-19T11:09:26+00:00","dateModified":"2022-12-27T17:05:13+00:00","description":"Profitez de cette visite priv\u00e9e enti\u00e8rement personnalis\u00e9e de Louvain au d\u00e9part de Bruxelles et profitez de leurs monuments et sites les plus importants de cette ville merveilleuse.","breadcrumb":{"@id":"https:\/\/tourtravelandmore.com\/fr\/tours\/belgique-fr\/bruxelles-fr\/visite-privee-de-louvain-au-depart-de-bruxelles\/#breadcrumb"},"inLanguage":"fr-FR","potentialAction":[{"@type":"ReadAction","target":["https:\/\/tourtravelandmore.com\/fr\/tours\/belgique-fr\/bruxelles-fr\/visite-privee-de-louvain-au-depart-de-bruxelles\/"]}]},{"@type":"ImageObject","inLanguage":"fr-FR","@id":"https:\/\/tourtravelandmore.com\/fr\/tours\/belgique-fr\/bruxelles-fr\/visite-privee-de-louvain-au-depart-de-bruxelles\/#primaryimage","url":"https:\/\/tourtravelandmore.com\/wp-content\/uploads\/2020\/03\/leuven-6.jpg","contentUrl":"https:\/\/tourtravelandmore.com\/wp-content\/uploads\/2020\/03\/leuven-6.jpg","width":1024,"height":727},{"@type":"BreadcrumbList","@id":"https:\/\/tourtravelandmore.com\/fr\/tours\/belgique-fr\/bruxelles-fr\/visite-privee-de-louvain-au-depart-de-bruxelles\/#breadcrumb","itemListElement":[{"@type":"ListItem","position":1,"name":"Home","item":"https:\/\/tourtravelandmore.com\/fr\/"},{"@type":"ListItem","position":2,"name":"Tours","item":"https:\/\/tourtravelandmore.com\/fr\/tours\/"},{"@type":"ListItem","position":3,"name":"Visite priv\u00e9e de Louvain au d\u00e9part de Bruxelles"}]},{"@type":"WebSite","@id":"https:\/\/tourtravelandmore.com\/fr\/#website","url":"https:\/\/tourtravelandmore.com\/fr\/","name":"Tour Travel And More","description":"Private sightseeing tours and luxury transfers in Spain","publisher":{"@id":"https:\/\/tourtravelandmore.com\/fr\/#organization"},"potentialAction":[{"@type":"SearchAction","target":{"@type":"EntryPoint","urlTemplate":"https:\/\/tourtravelandmore.com\/fr\/?s={search_term_string}"},"query-input":{"@type":"PropertyValueSpecification","valueRequired":true,"valueName":"search_term_string"}}],"inLanguage":"fr-FR"},{"@type":"Organization","@id":"https:\/\/tourtravelandmore.com\/fr\/#organization","name":"Tour Travel And More","url":"https:\/\/tourtravelandmore.com\/fr\/","logo":{"@type":"ImageObject","inLanguage":"fr-FR","@id":"https:\/\/tourtravelandmore.com\/fr\/#\/schema\/logo\/image\/","url":"https:\/\/tourtravelandmore.com\/wp-content\/uploads\/2022\/12\/cropped-logo-cabecera-new.png","contentUrl":"https:\/\/tourtravelandmore.com\/wp-content\/uploads\/2022\/12\/cropped-logo-cabecera-new.png","width":430,"height":61,"caption":"Tour Travel And More"},"image":{"@id":"https:\/\/tourtravelandmore.com\/fr\/#\/schema\/logo\/image\/"},"sameAs":["https:\/\/www.facebook.com\/tourtravelandmore\/","https:\/\/x.com\/TourTravel_More"]}]}},"_links":{"self":[{"href":"https:\/\/tourtravelandmore.com\/fr\/wp-json\/wp\/v2\/product\/101143","targetHints":{"allow":["GET"]}}],"collection":[{"href":"https:\/\/tourtravelandmore.com\/fr\/wp-json\/wp\/v2\/product"}],"about":[{"href":"https:\/\/tourtravelandmore.com\/fr\/wp-json\/wp\/v2\/types\/product"}],"replies":[{"embeddable":true,"href":"https:\/\/tourtravelandmore.com\/fr\/wp-json\/wp\/v2\/comments?post=101143"}],"wp:featuredmedia":[{"embeddable":true,"href":"https:\/\/tourtravelandmore.com\/fr\/wp-json\/wp\/v2\/media\/97355"}],"wp:attachment":[{"href":"https:\/\/tourtravelandmore.com\/fr\/wp-json\/wp\/v2\/media?parent=101143"}],"wp:term":[{"taxonomy":"product_brand","embeddable":true,"href":"https:\/\/tourtravelandmore.com\/fr\/wp-json\/wp\/v2\/product_brand?post=101143"},{"taxonomy":"product_cat","embeddable":true,"href":"https:\/\/tourtravelandmore.com\/fr\/wp-json\/wp\/v2\/product_cat?post=101143"},{"taxonomy":"product_tag","embeddable":true,"href":"https:\/\/tourtravelandmore.com\/fr\/wp-json\/wp\/v2\/product_tag?post=101143"}],"curies":[{"name":"wp","href":"https:\/\/api.w.org\/{rel}","templated":true}]}}