{"id":101138,"date":"2020-03-19T15:13:53","date_gmt":"2020-03-19T14:13:53","guid":{"rendered":"https:\/\/tourtravelandmore.com\/tours\/non%20class\u00e9\/visite-privee-de-bruges-au-depart-de-bruxelles\/"},"modified":"2022-12-27T15:31:45","modified_gmt":"2022-12-27T14:31:45","slug":"visite-privee-de-bruges-au-depart-de-bruxelles","status":"publish","type":"product","link":"https:\/\/tourtravelandmore.com\/fr\/tours\/belgique-fr\/bruxelles-fr\/visite-privee-de-bruges-au-depart-de-bruxelles\/","title":{"rendered":"Visite priv\u00e9e de Bruges au d\u00e9part de Bruxelles"},"content":{"rendered":"<h2>Description<\/h2>\n<p>Tour Travel &amp; More offre le meilleur moyen de d\u00e9couvrir Bruges, la ville la plus ancienne et la plus magnifique de Belgique lors d&#8217;une visite priv\u00e9e de Bruges au d\u00e9part de Bruxelles. Bruges est une ville charmante r\u00e9guli\u00e8rement surnomm\u00e9e la Venise du Nord pour ses magnifiques canaux.<\/p>\n<p>Vous disposerez de 8 heures au d\u00e9part de Bruxelles avec un transfert direct vers Bruges \u00e0 bord d&#8217;une voiture priv\u00e9e avec un chauffeur qui ma\u00eetrise \u00e9galement diff\u00e9rentes langues pour une communication fluide.<\/p>\n<p>Une fois \u00e0 Bruges, vous commencerez une visite de 3 heures \u00e0 travers Bruges dirig\u00e9e par un guide priv\u00e9 qui parle fran\u00e7ais, allemand et n\u00e9erlandais, mais aussi anglais ou toute autre langue dont vous avez besoin.<\/p>\n<p>Tout au long de cette visite, vous pourrez admirer et d\u00e9couvrir les histoires int\u00e9ressantes de cette jolie ville m\u00e9di\u00e9vale pleine de charme et de romance, mais aussi beaucoup de myst\u00e8re.<\/p>\n<p>Tour Travel &amp; More sugg\u00e8re toujours un programme de visite \u00e0 ses clients, mais nous vous rappelons que vous pouvez d\u00e9finir votre propre programme de visite \u00e0 votre convenance, afin que vous ayez la libert\u00e9 de visiter les endroits que vous aimez le plus.<\/p>\n<h2>Sites d&#8217;int\u00e9r\u00eat et monuments<\/h2>\n<p>Dans un premier temps, nous viendrons vous chercher \u00e0 votre lieu de choix \u00e0 Bruxelles. Nous nous dirigerons ensuite vers Bruges avec votre chauffeur priv\u00e9. C&#8217;est ici que d\u00e9butera votre visite priv\u00e9e de Bruges au d\u00e9part de Bruxelles.<\/p>\n<p>Le premier contact avec votre guide priv\u00e9 \u00e0 Bruges aura lieu sur la Grand Place de Bruges. Un ancien march\u00e9 depuis 958. De l\u00e0, vous pouvez commencer \u00e0 ravir vos yeux avec la merveilleuse harmonie des couleurs et des conceptions architecturales de cette ville exotique.<\/p>\n<p>Commencez par visiter le Markt, le c\u0153ur de Bruges et la place o\u00f9 se trouve le clocher de premier plan. Vous pouvez gravir les 366 marches de la tour menant \u00e0 83 m\u00e8tres de haut pour profiter d&#8217;une vue panoramique exceptionnelle sur Bruges.<\/p>\n<p>La Basilique du Saint-Sang est \u00e9galement un endroit id\u00e9al \u00e0 explorer si vous aimez les structures religieuses, situ\u00e9e sur la Grand-Place avec un int\u00e9rieur magnifique.<\/p>\n<p>Rendez-vous ensuite au Quai de Rosaire, un quai o\u00f9 vous pourrez prendre des photos ou simplement vous promener et profiter du moment. L&#8217;endroit est vraiment sympa et pendant un instant vous penserez que vous \u00eates \u00e0 Venise.<\/p>\n<p>De l\u00e0, une option est de d\u00e9couvrir la brasserie Halve Maan, la seule brasserie familiale encore en activit\u00e9 dans le centre de Bruges. Ici, votre guide vous expliquera l&#8217;histoire de la brasserie et le processus derri\u00e8re la bi\u00e8re. \u00c0 la fin de la visite, vous aurez la chance de d\u00e9guster la bi\u00e8re dans la cour.<br \/>\nNous allons continuer&#8230;<\/p>\n<p>Si vous aimez les mus\u00e9es, une autre option est de visiter le mus\u00e9e du chocolat Choco-story ou de d\u00e9guster le c\u00e9l\u00e8bre chocolat dans de nombreuses boutiques du centre. Vous pouvez \u00e9galement visiter d&#8217;autres chocolateries \u00e0 Bruges.<\/p>\n<p>En parlant de mus\u00e9es, le mus\u00e9e Groeninge contient les peintures des primitifs flamands. Et non loin de la Grote Markt, vous pouvez visiter le Frietmuseum et profiter de l&#8217;art ironique de la frite belge.<\/p>\n<p>Un arr\u00eat historique est la statue en marbre de la Vierge de Bruges r\u00e9alis\u00e9e par Michel-Ange en 150, v\u00e9ritable joyau \u00e0 l&#8217;int\u00e9rieur de cette \u00e9glise gothique appel\u00e9e Notre-Dame qui date du XVIIIe si\u00e8cle<\/p>\n<p>Enfin, garder sur une note historique est Historium Bruge, o\u00f9 une machine \u00e0 remonter le temps vous attend. \u00c0 travers plusieurs salles \u00e9quip\u00e9es d&#8217;effets sp\u00e9ciaux, le mus\u00e9e vous emm\u00e8ne dans le pass\u00e9, \u00e0 l&#8217;\u00e9poque de la Bruges m\u00e9di\u00e9vale.<br \/>\nAutres endroits \u00e0 voir \u00e0 Bruges<\/p>\n<ul>\n<li>Place du Bourg: l&#8217;h\u00f4tel de ville.<\/li>\n<li>La Place des Tanneurs<\/li>\n<li>Le mus\u00e9e Gruuthuse<\/li>\n<li>L&#8217;\u00e9glise Notre-Dame<\/li>\n<li>H\u00f4pital Saint Jean<\/li>\n<li>Le mus\u00e9e Memling<\/li>\n<li>B\u00e9guinage (Begijnhof)<\/li>\n<li>Le lac de l&#8217;amour (Minnewater)<\/li>\n<\/ul>\n<p>Avant de retourner \u00e0 Bruxelles dans votre voiture priv\u00e9e avec chauffeur, vous passerez un bon moment pour vous promener librement, faire une balade \u00e0 v\u00e9lo et profiter de la gastronomie belge exquise. Vous pouvez \u00e9galement monter \u00e0 bord d&#8217;un bateau sur le lac de l&#8217;amour et ses magnifiques canaux pour profiter des jolies vues.<\/p>\n<p>Jetez un \u0153il aux autres visites priv\u00e9es que nous proposons.<\/p>\n","protected":false},"excerpt":{"rendered":"<p>Profitez de vos journ\u00e9es \u00e0 Bruxelles et profitez de cette visite priv\u00e9e de 8 heures de Bruges. Profitez de cette occasion pour conna\u00eetre et profiter de cette belle ville lors de cette visite avec votre guide officiel priv\u00e9. Profitez des monuments et quartiers les plus embl\u00e9matiques tels que la jet\u00e9e du Rosaire, la Grand Place de Bruges et bien d&#8217;autres lieux.<\/p>\n","protected":false},"featured_media":97373,"comment_status":"open","ping_status":"closed","template":"","meta":{"_acf_changed":false},"product_brand":[],"product_cat":[4477,3693,4236,4235],"product_tag":[],"class_list":{"0":"post-101138","1":"product","2":"type-product","3":"status-publish","4":"has-post-thumbnail","6":"product_cat-belgique-fr","7":"product_cat-bruxelles-fr","8":"product_cat-all-private-tours-activities-fr-11","9":"product_cat-private-sightseeing-tours-fr-16","11":"first","12":"instock","13":"shipping-taxable","14":"purchasable","15":"product-type-simple"},"acf":[],"yoast_head":"<!-- This site is optimized with the Yoast SEO Premium plugin v25.3.1 (Yoast SEO v25.3.1) - https:\/\/yoast.com\/wordpress\/plugins\/seo\/ -->\n<title>Visite priv\u00e9e de Bruges au d\u00e9part de Bruxelles avec chauffeur priv\u00e9 et guide<\/title>\n<meta name=\"description\" content=\"Profitez de cette visite priv\u00e9e de Bruges enti\u00e8rement personnalis\u00e9e au d\u00e9part de Bruxelles et profitez de leurs monuments et sites les plus importants avec votre guide officiel\" \/>\n<meta name=\"robots\" content=\"index, follow, max-snippet:-1, max-image-preview:large, max-video-preview:-1\" \/>\n<link rel=\"canonical\" href=\"https:\/\/tourtravelandmore.com\/fr\/tours\/belgique-fr\/bruxelles-fr\/visite-privee-de-bruges-au-depart-de-bruxelles\/\" \/>\n<meta property=\"og:locale\" content=\"fr_FR\" \/>\n<meta property=\"og:type\" content=\"article\" \/>\n<meta property=\"og:title\" content=\"Visite priv\u00e9e de Bruges au d\u00e9part de Bruxelles\" \/>\n<meta property=\"og:description\" content=\"Profitez de cette visite priv\u00e9e de Bruges enti\u00e8rement personnalis\u00e9e au d\u00e9part de Bruxelles et profitez de leurs monuments et sites les plus importants avec votre guide officiel\" \/>\n<meta property=\"og:url\" content=\"https:\/\/tourtravelandmore.com\/fr\/tours\/belgique-fr\/bruxelles-fr\/visite-privee-de-bruges-au-depart-de-bruxelles\/\" \/>\n<meta property=\"og:site_name\" content=\"Tour Travel And More\" \/>\n<meta property=\"article:publisher\" content=\"https:\/\/www.facebook.com\/tourtravelandmore\/\" \/>\n<meta property=\"article:modified_time\" content=\"2022-12-27T14:31:45+00:00\" \/>\n<meta property=\"og:image\" content=\"https:\/\/tourtravelandmore.com\/wp-content\/uploads\/2020\/03\/brujas-1.jpg\" \/>\n\t<meta property=\"og:image:width\" content=\"910\" \/>\n\t<meta property=\"og:image:height\" content=\"607\" \/>\n\t<meta property=\"og:image:type\" content=\"image\/jpeg\" \/>\n<meta name=\"twitter:card\" content=\"summary_large_image\" \/>\n<meta name=\"twitter:site\" content=\"@TourTravel_More\" \/>\n<meta name=\"twitter:label1\" content=\"Dur\u00e9e de lecture estim\u00e9e\" \/>\n\t<meta name=\"twitter:data1\" content=\"4 minutes\" \/>\n<script type=\"application\/ld+json\" class=\"yoast-schema-graph\">{\"@context\":\"https:\/\/schema.org\",\"@graph\":[{\"@type\":\"WebPage\",\"@id\":\"https:\/\/tourtravelandmore.com\/fr\/tours\/belgique-fr\/bruxelles-fr\/visite-privee-de-bruges-au-depart-de-bruxelles\/\",\"url\":\"https:\/\/tourtravelandmore.com\/fr\/tours\/belgique-fr\/bruxelles-fr\/visite-privee-de-bruges-au-depart-de-bruxelles\/\",\"name\":\"Visite priv\u00e9e de Bruges au d\u00e9part de Bruxelles avec chauffeur priv\u00e9 et guide\",\"isPartOf\":{\"@id\":\"https:\/\/tourtravelandmore.com\/fr\/#website\"},\"primaryImageOfPage\":{\"@id\":\"https:\/\/tourtravelandmore.com\/fr\/tours\/belgique-fr\/bruxelles-fr\/visite-privee-de-bruges-au-depart-de-bruxelles\/#primaryimage\"},\"image\":{\"@id\":\"https:\/\/tourtravelandmore.com\/fr\/tours\/belgique-fr\/bruxelles-fr\/visite-privee-de-bruges-au-depart-de-bruxelles\/#primaryimage\"},\"thumbnailUrl\":\"https:\/\/tourtravelandmore.com\/wp-content\/uploads\/2020\/03\/brujas-1.jpg\",\"datePublished\":\"2020-03-19T14:13:53+00:00\",\"dateModified\":\"2022-12-27T14:31:45+00:00\",\"description\":\"Profitez de cette visite priv\u00e9e de Bruges enti\u00e8rement personnalis\u00e9e au d\u00e9part de Bruxelles et profitez de leurs monuments et sites les plus importants avec votre guide officiel\",\"breadcrumb\":{\"@id\":\"https:\/\/tourtravelandmore.com\/fr\/tours\/belgique-fr\/bruxelles-fr\/visite-privee-de-bruges-au-depart-de-bruxelles\/#breadcrumb\"},\"inLanguage\":\"fr-FR\",\"potentialAction\":[{\"@type\":\"ReadAction\",\"target\":[\"https:\/\/tourtravelandmore.com\/fr\/tours\/belgique-fr\/bruxelles-fr\/visite-privee-de-bruges-au-depart-de-bruxelles\/\"]}]},{\"@type\":\"ImageObject\",\"inLanguage\":\"fr-FR\",\"@id\":\"https:\/\/tourtravelandmore.com\/fr\/tours\/belgique-fr\/bruxelles-fr\/visite-privee-de-bruges-au-depart-de-bruxelles\/#primaryimage\",\"url\":\"https:\/\/tourtravelandmore.com\/wp-content\/uploads\/2020\/03\/brujas-1.jpg\",\"contentUrl\":\"https:\/\/tourtravelandmore.com\/wp-content\/uploads\/2020\/03\/brujas-1.jpg\",\"width\":910,\"height\":607},{\"@type\":\"BreadcrumbList\",\"@id\":\"https:\/\/tourtravelandmore.com\/fr\/tours\/belgique-fr\/bruxelles-fr\/visite-privee-de-bruges-au-depart-de-bruxelles\/#breadcrumb\",\"itemListElement\":[{\"@type\":\"ListItem\",\"position\":1,\"name\":\"Home\",\"item\":\"https:\/\/tourtravelandmore.com\/fr\/\"},{\"@type\":\"ListItem\",\"position\":2,\"name\":\"Tours\",\"item\":\"https:\/\/tourtravelandmore.com\/fr\/tours\/\"},{\"@type\":\"ListItem\",\"position\":3,\"name\":\"Visite priv\u00e9e de Bruges au d\u00e9part de Bruxelles\"}]},{\"@type\":\"WebSite\",\"@id\":\"https:\/\/tourtravelandmore.com\/fr\/#website\",\"url\":\"https:\/\/tourtravelandmore.com\/fr\/\",\"name\":\"Tour Travel And More\",\"description\":\"Private sightseeing tours and luxury transfers in Spain\",\"publisher\":{\"@id\":\"https:\/\/tourtravelandmore.com\/fr\/#organization\"},\"potentialAction\":[{\"@type\":\"SearchAction\",\"target\":{\"@type\":\"EntryPoint\",\"urlTemplate\":\"https:\/\/tourtravelandmore.com\/fr\/?s={search_term_string}\"},\"query-input\":{\"@type\":\"PropertyValueSpecification\",\"valueRequired\":true,\"valueName\":\"search_term_string\"}}],\"inLanguage\":\"fr-FR\"},{\"@type\":\"Organization\",\"@id\":\"https:\/\/tourtravelandmore.com\/fr\/#organization\",\"name\":\"Tour Travel And More\",\"url\":\"https:\/\/tourtravelandmore.com\/fr\/\",\"logo\":{\"@type\":\"ImageObject\",\"inLanguage\":\"fr-FR\",\"@id\":\"https:\/\/tourtravelandmore.com\/fr\/#\/schema\/logo\/image\/\",\"url\":\"https:\/\/tourtravelandmore.com\/wp-content\/uploads\/2022\/12\/cropped-logo-cabecera-new.png\",\"contentUrl\":\"https:\/\/tourtravelandmore.com\/wp-content\/uploads\/2022\/12\/cropped-logo-cabecera-new.png\",\"width\":430,\"height\":61,\"caption\":\"Tour Travel And More\"},\"image\":{\"@id\":\"https:\/\/tourtravelandmore.com\/fr\/#\/schema\/logo\/image\/\"},\"sameAs\":[\"https:\/\/www.facebook.com\/tourtravelandmore\/\",\"https:\/\/x.com\/TourTravel_More\"]}]}<\/script>\n<!-- \/ Yoast SEO Premium plugin. -->","yoast_head_json":{"title":"Visite priv\u00e9e de Bruges au d\u00e9part de Bruxelles avec chauffeur priv\u00e9 et guide","description":"Profitez de cette visite priv\u00e9e de Bruges enti\u00e8rement personnalis\u00e9e au d\u00e9part de Bruxelles et profitez de leurs monuments et sites les plus importants avec votre guide officiel","robots":{"index":"index","follow":"follow","max-snippet":"max-snippet:-1","max-image-preview":"max-image-preview:large","max-video-preview":"max-video-preview:-1"},"canonical":"https:\/\/tourtravelandmore.com\/fr\/tours\/belgique-fr\/bruxelles-fr\/visite-privee-de-bruges-au-depart-de-bruxelles\/","og_locale":"fr_FR","og_type":"article","og_title":"Visite priv\u00e9e de Bruges au d\u00e9part de Bruxelles","og_description":"Profitez de cette visite priv\u00e9e de Bruges enti\u00e8rement personnalis\u00e9e au d\u00e9part de Bruxelles et profitez de leurs monuments et sites les plus importants avec votre guide officiel","og_url":"https:\/\/tourtravelandmore.com\/fr\/tours\/belgique-fr\/bruxelles-fr\/visite-privee-de-bruges-au-depart-de-bruxelles\/","og_site_name":"Tour Travel And More","article_publisher":"https:\/\/www.facebook.com\/tourtravelandmore\/","article_modified_time":"2022-12-27T14:31:45+00:00","og_image":[{"width":910,"height":607,"url":"https:\/\/tourtravelandmore.com\/wp-content\/uploads\/2020\/03\/brujas-1.jpg","type":"image\/jpeg"}],"twitter_card":"summary_large_image","twitter_site":"@TourTravel_More","twitter_misc":{"Dur\u00e9e de lecture estim\u00e9e":"4 minutes"},"schema":{"@context":"https:\/\/schema.org","@graph":[{"@type":"WebPage","@id":"https:\/\/tourtravelandmore.com\/fr\/tours\/belgique-fr\/bruxelles-fr\/visite-privee-de-bruges-au-depart-de-bruxelles\/","url":"https:\/\/tourtravelandmore.com\/fr\/tours\/belgique-fr\/bruxelles-fr\/visite-privee-de-bruges-au-depart-de-bruxelles\/","name":"Visite priv\u00e9e de Bruges au d\u00e9part de Bruxelles avec chauffeur priv\u00e9 et guide","isPartOf":{"@id":"https:\/\/tourtravelandmore.com\/fr\/#website"},"primaryImageOfPage":{"@id":"https:\/\/tourtravelandmore.com\/fr\/tours\/belgique-fr\/bruxelles-fr\/visite-privee-de-bruges-au-depart-de-bruxelles\/#primaryimage"},"image":{"@id":"https:\/\/tourtravelandmore.com\/fr\/tours\/belgique-fr\/bruxelles-fr\/visite-privee-de-bruges-au-depart-de-bruxelles\/#primaryimage"},"thumbnailUrl":"https:\/\/tourtravelandmore.com\/wp-content\/uploads\/2020\/03\/brujas-1.jpg","datePublished":"2020-03-19T14:13:53+00:00","dateModified":"2022-12-27T14:31:45+00:00","description":"Profitez de cette visite priv\u00e9e de Bruges enti\u00e8rement personnalis\u00e9e au d\u00e9part de Bruxelles et profitez de leurs monuments et sites les plus importants avec votre guide officiel","breadcrumb":{"@id":"https:\/\/tourtravelandmore.com\/fr\/tours\/belgique-fr\/bruxelles-fr\/visite-privee-de-bruges-au-depart-de-bruxelles\/#breadcrumb"},"inLanguage":"fr-FR","potentialAction":[{"@type":"ReadAction","target":["https:\/\/tourtravelandmore.com\/fr\/tours\/belgique-fr\/bruxelles-fr\/visite-privee-de-bruges-au-depart-de-bruxelles\/"]}]},{"@type":"ImageObject","inLanguage":"fr-FR","@id":"https:\/\/tourtravelandmore.com\/fr\/tours\/belgique-fr\/bruxelles-fr\/visite-privee-de-bruges-au-depart-de-bruxelles\/#primaryimage","url":"https:\/\/tourtravelandmore.com\/wp-content\/uploads\/2020\/03\/brujas-1.jpg","contentUrl":"https:\/\/tourtravelandmore.com\/wp-content\/uploads\/2020\/03\/brujas-1.jpg","width":910,"height":607},{"@type":"BreadcrumbList","@id":"https:\/\/tourtravelandmore.com\/fr\/tours\/belgique-fr\/bruxelles-fr\/visite-privee-de-bruges-au-depart-de-bruxelles\/#breadcrumb","itemListElement":[{"@type":"ListItem","position":1,"name":"Home","item":"https:\/\/tourtravelandmore.com\/fr\/"},{"@type":"ListItem","position":2,"name":"Tours","item":"https:\/\/tourtravelandmore.com\/fr\/tours\/"},{"@type":"ListItem","position":3,"name":"Visite priv\u00e9e de Bruges au d\u00e9part de Bruxelles"}]},{"@type":"WebSite","@id":"https:\/\/tourtravelandmore.com\/fr\/#website","url":"https:\/\/tourtravelandmore.com\/fr\/","name":"Tour Travel And More","description":"Private sightseeing tours and luxury transfers in Spain","publisher":{"@id":"https:\/\/tourtravelandmore.com\/fr\/#organization"},"potentialAction":[{"@type":"SearchAction","target":{"@type":"EntryPoint","urlTemplate":"https:\/\/tourtravelandmore.com\/fr\/?s={search_term_string}"},"query-input":{"@type":"PropertyValueSpecification","valueRequired":true,"valueName":"search_term_string"}}],"inLanguage":"fr-FR"},{"@type":"Organization","@id":"https:\/\/tourtravelandmore.com\/fr\/#organization","name":"Tour Travel And More","url":"https:\/\/tourtravelandmore.com\/fr\/","logo":{"@type":"ImageObject","inLanguage":"fr-FR","@id":"https:\/\/tourtravelandmore.com\/fr\/#\/schema\/logo\/image\/","url":"https:\/\/tourtravelandmore.com\/wp-content\/uploads\/2022\/12\/cropped-logo-cabecera-new.png","contentUrl":"https:\/\/tourtravelandmore.com\/wp-content\/uploads\/2022\/12\/cropped-logo-cabecera-new.png","width":430,"height":61,"caption":"Tour Travel And More"},"image":{"@id":"https:\/\/tourtravelandmore.com\/fr\/#\/schema\/logo\/image\/"},"sameAs":["https:\/\/www.facebook.com\/tourtravelandmore\/","https:\/\/x.com\/TourTravel_More"]}]}},"_links":{"self":[{"href":"https:\/\/tourtravelandmore.com\/fr\/wp-json\/wp\/v2\/product\/101138","targetHints":{"allow":["GET"]}}],"collection":[{"href":"https:\/\/tourtravelandmore.com\/fr\/wp-json\/wp\/v2\/product"}],"about":[{"href":"https:\/\/tourtravelandmore.com\/fr\/wp-json\/wp\/v2\/types\/product"}],"replies":[{"embeddable":true,"href":"https:\/\/tourtravelandmore.com\/fr\/wp-json\/wp\/v2\/comments?post=101138"}],"wp:featuredmedia":[{"embeddable":true,"href":"https:\/\/tourtravelandmore.com\/fr\/wp-json\/wp\/v2\/media\/97373"}],"wp:attachment":[{"href":"https:\/\/tourtravelandmore.com\/fr\/wp-json\/wp\/v2\/media?parent=101138"}],"wp:term":[{"taxonomy":"product_brand","embeddable":true,"href":"https:\/\/tourtravelandmore.com\/fr\/wp-json\/wp\/v2\/product_brand?post=101138"},{"taxonomy":"product_cat","embeddable":true,"href":"https:\/\/tourtravelandmore.com\/fr\/wp-json\/wp\/v2\/product_cat?post=101138"},{"taxonomy":"product_tag","embeddable":true,"href":"https:\/\/tourtravelandmore.com\/fr\/wp-json\/wp\/v2\/product_tag?post=101138"}],"curies":[{"name":"wp","href":"https:\/\/api.w.org\/{rel}","templated":true}]}}