{"id":101133,"date":"2020-03-19T13:26:50","date_gmt":"2020-03-19T12:26:50","guid":{"rendered":"https:\/\/tourtravelandmore.com\/tours\/non%20class\u00e9\/visite-privee-damsterdam-au-depart-de-bruxelles\/"},"modified":"2022-12-27T15:37:39","modified_gmt":"2022-12-27T14:37:39","slug":"visite-privee-damsterdam-au-depart-de-bruxelles","status":"publish","type":"product","link":"https:\/\/tourtravelandmore.com\/fr\/tours\/belgique-fr\/bruxelles-fr\/visite-privee-damsterdam-au-depart-de-bruxelles\/","title":{"rendered":"Visite priv\u00e9e d&#8217;Amsterdam au d\u00e9part de Bruxelles"},"content":{"rendered":"<h2>Description<\/h2>\n<p>Notre visite priv\u00e9e d&#8217;Amsterdam au d\u00e9part de Bruxelles vous fera vivre une exp\u00e9rience unique. Si vous voulez vivre une exp\u00e9rience magique dans la ville d&#8217;Amsterdam, n&#8217;h\u00e9sitez pas et faites une visite priv\u00e9e avec Tour Travel &amp; More.<\/p>\n<p>De Bruxelles, vous pouvez vous rendre \u00e0 Amsterdam \u00e0 bord de notre voiture priv\u00e9e avec chauffeur. Une fois sur place, profitez de la compagnie d&#8217;un guide priv\u00e9 multilingue pour visiter la belle capitale n\u00e9erlandaise. Vivez l&#8217;une des exp\u00e9riences touristiques les plus fascinantes de votre vie.<\/p>\n<p>Amsterdam est une ville pleine de vie, en particulier le centre-ville avec ses petites rues et ses maisons typiques. C&#8217;est aussi pour ses c\u00e9l\u00e8bres canaux. Au cours de cette visite de 3 heures avec un guide priv\u00e9 \u00e0 travers la capitale n\u00e9erlandaise. Vous pourrez visiter de nombreux mus\u00e9es et autres monuments qui vous laisseront enthousiasm\u00e9s et tr\u00e8s satisfaits.<\/p>\n<p>Plus pr\u00e9cis\u00e9ment, nous proposons un programme d&#8217;excursion de 10 heures au d\u00e9part de Bruxelles en voiture priv\u00e9e avec chauffeur pour rejoindre Amsterdam. L\u00e0, vous rencontrerez votre guide officiel certifi\u00e9. Passionn\u00e9 de tourisme et expert dans tous les coins, \u00e0 le rejoindre pendant 3 heures pour vous ravir des histoires et des l\u00e9gendes de cette belle ville.<\/p>\n<p>Nos guides priv\u00e9s ma\u00eetrisent bien de nombreuses langues courantes. Vous pouvez demander une visite sp\u00e9ciale, si vous le souhaitez, lors de la r\u00e9servation de votre visite priv\u00e9e dans nos bureaux.<\/p>\n<h2>Sites d&#8217;int\u00e9r\u00eat et monuments<\/h2>\n<p>Tout d&#8217;abord, organisons une prise en charge priv\u00e9e pour commencer cette visite priv\u00e9e d&#8217;Amsterdam au d\u00e9part de Bruxelles. Aux c\u00f4t\u00e9s de votre chauffeur, nous nous dirigerons vers Amsterdam.<\/p>\n<p>Une fois que vous avez rejoint votre guide priv\u00e9 officiel, le premier arr\u00eat est de visiter l&#8217;\u00e9l\u00e9gant quartier Jordaan d&#8217;Amsterdam.<\/p>\n<p>Ici, vous pourrez admirer de belles fa\u00e7ades de maisons, de petits mus\u00e9es, de caf\u00e9s et de restaurants, de march\u00e9s, etc. Dans ce m\u00eame quartier, vous pourrez visiter la c\u00e9l\u00e8bre maison d&#8217;Anne Frank.<\/p>\n<p>Ensuite, nous arriverons au B\u00e9guinage. C&#8217;est l&#8217;un des tr\u00e9sors cach\u00e9s d&#8217;Amsterdam. Il se compose d&#8217;un groupe de maisons &#8211; y compris les hautes maisons typiques d&#8217;Amsterdam &#8211; et de deux \u00e9glises, tout autour d&#8217;une cour int\u00e9rieure qui abrite le plus ancien jardin de la ville.<\/p>\n<p>L&#8217;attraction suivante est situ\u00e9e dans la rue Kalverstraat, l&#8217;une des rues commer\u00e7antes de la ville. Ici, vous pouvez visiter la tour de la menthe ou &#8220;Munttoren&#8221;, dont la construction initiale date de la fin du XVe si\u00e8cle. \u00c0 l&#8217;origine, c&#8217;\u00e9tait l&#8217;une des trois entr\u00e9es de la ville d&#8217;Amsterdam.<br \/>\nQuoi d&#8217;autre est inclus &#8230;<\/p>\n<p>Notre programme comprend \u00e9galement la marche sur le pont Magere Brug, le c\u00e9l\u00e8bre pont-levis mince qui s&#8217;illumine la nuit, et voir la disposition de l&#8217;\u00e9chiquier g\u00e9ant sur le sol \u00e0 la place de Max Euweplein.<\/p>\n<p>Nous vous proposons ensuite de vous rendre dans l&#8217;une des attractions les plus curieuses d&#8217;Amsterdam, le quartier de Wallen, connu sous le nom de &#8220;Red Light District&#8221; ou &#8220;Red Light District&#8221;. C&#8217;est un endroit connu pour ses bordels, traditionnellement d\u00e9cor\u00e9s de lumi\u00e8res rouges, surtout au cr\u00e9puscule, mais aussi pour ses nombreux sex-shops ou caf\u00e9s.<\/p>\n<p>Ce beau quartier compos\u00e9 de rues pav\u00e9es avec des restaurants et des boutiques est contrast\u00e9 par la Vieille \u00c9glise d&#8217;Amsterdam ou l&#8217;Oude Kerk, la plus ancienne structure de la ville.<\/p>\n<p>Apr\u00e8s avoir visit\u00e9 le Rijksmuseum et le mus\u00e9e Van Gogh, vous pourrez vous promener dans le Vondelpark. C&#8217;est un endroit id\u00e9al pour sceller votre visite priv\u00e9e de 3 heures \u00e0 Amsterdam si vous aimez marcher librement au milieu de la v\u00e9g\u00e9tation.<\/p>\n<p>Avant de regagner votre v\u00e9hicule priv\u00e9 pour la ville de Bruxelles, vous devez d\u00e9finitivement vous promener \u00e0 travers les c\u00e9l\u00e8bres canaux, symboles de la ville. Il est important de noter que les 4 premi\u00e8res cha\u00eenes ont \u00e9t\u00e9 d\u00e9clar\u00e9es site du patrimoine mondial par l&#8217;UNESCO.<\/p>\n<p>Nous vous proposons de nombreux types d&#8217;activit\u00e9s priv\u00e9es \u00e0 Bruxelles. D\u00e9couvrez-les ici.<\/p>\n","protected":false},"excerpt":{"rendered":"<p>Si vous cherchez \u00e0 visiter de nombreuses villes comme vous le pouvez, profitez de cette visite priv\u00e9e enti\u00e8rement personnalis\u00e9e de 10 heures d&#8217;Amsterdam au d\u00e9part de Bruxelles et profitez de ses monuments et sites les plus importants. Profitez de cette occasion pour d\u00e9couvrir cette ville merveilleuse avec votre chauffeur priv\u00e9 et un guide local.<\/p>\n","protected":false},"featured_media":97367,"comment_status":"open","ping_status":"closed","template":"","meta":{"_acf_changed":false},"product_brand":[],"product_cat":[3693,4236,4235],"product_tag":[],"class_list":{"0":"post-101133","1":"product","2":"type-product","3":"status-publish","4":"has-post-thumbnail","6":"product_cat-bruxelles-fr","7":"product_cat-all-private-tours-activities-fr-11","8":"product_cat-private-sightseeing-tours-fr-16","10":"first","11":"instock","12":"shipping-taxable","13":"purchasable","14":"product-type-simple"},"acf":[],"yoast_head":"<!-- This site is optimized with the Yoast SEO Premium plugin v25.3.1 (Yoast SEO v25.3.1) - https:\/\/yoast.com\/wordpress\/plugins\/seo\/ -->\n<title>Visite priv\u00e9e d&#039;Amsterdam au d\u00e9part de Bruxelles avec chauffeur priv\u00e9 et guide touristique<\/title>\n<meta name=\"description\" content=\"Profitez de cette visite priv\u00e9e d&#039;Amsterdam enti\u00e8rement personnalis\u00e9e au d\u00e9part de Bruxelles et profitez de leurs monuments et sites les plus importants avec votre guide officiel\" \/>\n<meta name=\"robots\" content=\"index, follow, max-snippet:-1, max-image-preview:large, max-video-preview:-1\" \/>\n<link rel=\"canonical\" href=\"https:\/\/tourtravelandmore.com\/fr\/tours\/belgique-fr\/bruxelles-fr\/visite-privee-damsterdam-au-depart-de-bruxelles\/\" \/>\n<meta property=\"og:locale\" content=\"fr_FR\" \/>\n<meta property=\"og:type\" content=\"article\" \/>\n<meta property=\"og:title\" content=\"Visite priv\u00e9e d&#039;Amsterdam au d\u00e9part de Bruxelles\" \/>\n<meta property=\"og:description\" content=\"Profitez de cette visite priv\u00e9e d&#039;Amsterdam enti\u00e8rement personnalis\u00e9e au d\u00e9part de Bruxelles et profitez de leurs monuments et sites les plus importants avec votre guide officiel\" \/>\n<meta property=\"og:url\" content=\"https:\/\/tourtravelandmore.com\/fr\/tours\/belgique-fr\/bruxelles-fr\/visite-privee-damsterdam-au-depart-de-bruxelles\/\" \/>\n<meta property=\"og:site_name\" content=\"Tour Travel And More\" \/>\n<meta property=\"article:publisher\" content=\"https:\/\/www.facebook.com\/tourtravelandmore\/\" \/>\n<meta property=\"article:modified_time\" content=\"2022-12-27T14:37:39+00:00\" \/>\n<meta property=\"og:image\" content=\"https:\/\/tourtravelandmore.com\/wp-content\/uploads\/2020\/03\/amster-1.jpg\" \/>\n\t<meta property=\"og:image:width\" content=\"960\" \/>\n\t<meta property=\"og:image:height\" content=\"637\" \/>\n\t<meta property=\"og:image:type\" content=\"image\/jpeg\" \/>\n<meta name=\"twitter:card\" content=\"summary_large_image\" \/>\n<meta name=\"twitter:site\" content=\"@TourTravel_More\" \/>\n<meta name=\"twitter:label1\" content=\"Dur\u00e9e de lecture estim\u00e9e\" \/>\n\t<meta name=\"twitter:data1\" content=\"3 minutes\" \/>\n<script type=\"application\/ld+json\" class=\"yoast-schema-graph\">{\"@context\":\"https:\/\/schema.org\",\"@graph\":[{\"@type\":\"WebPage\",\"@id\":\"https:\/\/tourtravelandmore.com\/fr\/tours\/belgique-fr\/bruxelles-fr\/visite-privee-damsterdam-au-depart-de-bruxelles\/\",\"url\":\"https:\/\/tourtravelandmore.com\/fr\/tours\/belgique-fr\/bruxelles-fr\/visite-privee-damsterdam-au-depart-de-bruxelles\/\",\"name\":\"Visite priv\u00e9e d'Amsterdam au d\u00e9part de Bruxelles avec chauffeur priv\u00e9 et guide touristique\",\"isPartOf\":{\"@id\":\"https:\/\/tourtravelandmore.com\/fr\/#website\"},\"primaryImageOfPage\":{\"@id\":\"https:\/\/tourtravelandmore.com\/fr\/tours\/belgique-fr\/bruxelles-fr\/visite-privee-damsterdam-au-depart-de-bruxelles\/#primaryimage\"},\"image\":{\"@id\":\"https:\/\/tourtravelandmore.com\/fr\/tours\/belgique-fr\/bruxelles-fr\/visite-privee-damsterdam-au-depart-de-bruxelles\/#primaryimage\"},\"thumbnailUrl\":\"https:\/\/tourtravelandmore.com\/wp-content\/uploads\/2020\/03\/amster-1.jpg\",\"datePublished\":\"2020-03-19T12:26:50+00:00\",\"dateModified\":\"2022-12-27T14:37:39+00:00\",\"description\":\"Profitez de cette visite priv\u00e9e d'Amsterdam enti\u00e8rement personnalis\u00e9e au d\u00e9part de Bruxelles et profitez de leurs monuments et sites les plus importants avec votre guide officiel\",\"breadcrumb\":{\"@id\":\"https:\/\/tourtravelandmore.com\/fr\/tours\/belgique-fr\/bruxelles-fr\/visite-privee-damsterdam-au-depart-de-bruxelles\/#breadcrumb\"},\"inLanguage\":\"fr-FR\",\"potentialAction\":[{\"@type\":\"ReadAction\",\"target\":[\"https:\/\/tourtravelandmore.com\/fr\/tours\/belgique-fr\/bruxelles-fr\/visite-privee-damsterdam-au-depart-de-bruxelles\/\"]}]},{\"@type\":\"ImageObject\",\"inLanguage\":\"fr-FR\",\"@id\":\"https:\/\/tourtravelandmore.com\/fr\/tours\/belgique-fr\/bruxelles-fr\/visite-privee-damsterdam-au-depart-de-bruxelles\/#primaryimage\",\"url\":\"https:\/\/tourtravelandmore.com\/wp-content\/uploads\/2020\/03\/amster-1.jpg\",\"contentUrl\":\"https:\/\/tourtravelandmore.com\/wp-content\/uploads\/2020\/03\/amster-1.jpg\",\"width\":960,\"height\":637},{\"@type\":\"BreadcrumbList\",\"@id\":\"https:\/\/tourtravelandmore.com\/fr\/tours\/belgique-fr\/bruxelles-fr\/visite-privee-damsterdam-au-depart-de-bruxelles\/#breadcrumb\",\"itemListElement\":[{\"@type\":\"ListItem\",\"position\":1,\"name\":\"Home\",\"item\":\"https:\/\/tourtravelandmore.com\/fr\/\"},{\"@type\":\"ListItem\",\"position\":2,\"name\":\"Tours\",\"item\":\"https:\/\/tourtravelandmore.com\/fr\/tours\/\"},{\"@type\":\"ListItem\",\"position\":3,\"name\":\"Visite priv\u00e9e d&rsquo;Amsterdam au d\u00e9part de Bruxelles\"}]},{\"@type\":\"WebSite\",\"@id\":\"https:\/\/tourtravelandmore.com\/fr\/#website\",\"url\":\"https:\/\/tourtravelandmore.com\/fr\/\",\"name\":\"Tour Travel And More\",\"description\":\"Private sightseeing tours and luxury transfers in Spain\",\"publisher\":{\"@id\":\"https:\/\/tourtravelandmore.com\/fr\/#organization\"},\"potentialAction\":[{\"@type\":\"SearchAction\",\"target\":{\"@type\":\"EntryPoint\",\"urlTemplate\":\"https:\/\/tourtravelandmore.com\/fr\/?s={search_term_string}\"},\"query-input\":{\"@type\":\"PropertyValueSpecification\",\"valueRequired\":true,\"valueName\":\"search_term_string\"}}],\"inLanguage\":\"fr-FR\"},{\"@type\":\"Organization\",\"@id\":\"https:\/\/tourtravelandmore.com\/fr\/#organization\",\"name\":\"Tour Travel And More\",\"url\":\"https:\/\/tourtravelandmore.com\/fr\/\",\"logo\":{\"@type\":\"ImageObject\",\"inLanguage\":\"fr-FR\",\"@id\":\"https:\/\/tourtravelandmore.com\/fr\/#\/schema\/logo\/image\/\",\"url\":\"https:\/\/tourtravelandmore.com\/wp-content\/uploads\/2022\/12\/cropped-logo-cabecera-new.png\",\"contentUrl\":\"https:\/\/tourtravelandmore.com\/wp-content\/uploads\/2022\/12\/cropped-logo-cabecera-new.png\",\"width\":430,\"height\":61,\"caption\":\"Tour Travel And More\"},\"image\":{\"@id\":\"https:\/\/tourtravelandmore.com\/fr\/#\/schema\/logo\/image\/\"},\"sameAs\":[\"https:\/\/www.facebook.com\/tourtravelandmore\/\",\"https:\/\/x.com\/TourTravel_More\"]}]}<\/script>\n<!-- \/ Yoast SEO Premium plugin. -->","yoast_head_json":{"title":"Visite priv\u00e9e d'Amsterdam au d\u00e9part de Bruxelles avec chauffeur priv\u00e9 et guide touristique","description":"Profitez de cette visite priv\u00e9e d'Amsterdam enti\u00e8rement personnalis\u00e9e au d\u00e9part de Bruxelles et profitez de leurs monuments et sites les plus importants avec votre guide officiel","robots":{"index":"index","follow":"follow","max-snippet":"max-snippet:-1","max-image-preview":"max-image-preview:large","max-video-preview":"max-video-preview:-1"},"canonical":"https:\/\/tourtravelandmore.com\/fr\/tours\/belgique-fr\/bruxelles-fr\/visite-privee-damsterdam-au-depart-de-bruxelles\/","og_locale":"fr_FR","og_type":"article","og_title":"Visite priv\u00e9e d'Amsterdam au d\u00e9part de Bruxelles","og_description":"Profitez de cette visite priv\u00e9e d'Amsterdam enti\u00e8rement personnalis\u00e9e au d\u00e9part de Bruxelles et profitez de leurs monuments et sites les plus importants avec votre guide officiel","og_url":"https:\/\/tourtravelandmore.com\/fr\/tours\/belgique-fr\/bruxelles-fr\/visite-privee-damsterdam-au-depart-de-bruxelles\/","og_site_name":"Tour Travel And More","article_publisher":"https:\/\/www.facebook.com\/tourtravelandmore\/","article_modified_time":"2022-12-27T14:37:39+00:00","og_image":[{"width":960,"height":637,"url":"https:\/\/tourtravelandmore.com\/wp-content\/uploads\/2020\/03\/amster-1.jpg","type":"image\/jpeg"}],"twitter_card":"summary_large_image","twitter_site":"@TourTravel_More","twitter_misc":{"Dur\u00e9e de lecture estim\u00e9e":"3 minutes"},"schema":{"@context":"https:\/\/schema.org","@graph":[{"@type":"WebPage","@id":"https:\/\/tourtravelandmore.com\/fr\/tours\/belgique-fr\/bruxelles-fr\/visite-privee-damsterdam-au-depart-de-bruxelles\/","url":"https:\/\/tourtravelandmore.com\/fr\/tours\/belgique-fr\/bruxelles-fr\/visite-privee-damsterdam-au-depart-de-bruxelles\/","name":"Visite priv\u00e9e d'Amsterdam au d\u00e9part de Bruxelles avec chauffeur priv\u00e9 et guide touristique","isPartOf":{"@id":"https:\/\/tourtravelandmore.com\/fr\/#website"},"primaryImageOfPage":{"@id":"https:\/\/tourtravelandmore.com\/fr\/tours\/belgique-fr\/bruxelles-fr\/visite-privee-damsterdam-au-depart-de-bruxelles\/#primaryimage"},"image":{"@id":"https:\/\/tourtravelandmore.com\/fr\/tours\/belgique-fr\/bruxelles-fr\/visite-privee-damsterdam-au-depart-de-bruxelles\/#primaryimage"},"thumbnailUrl":"https:\/\/tourtravelandmore.com\/wp-content\/uploads\/2020\/03\/amster-1.jpg","datePublished":"2020-03-19T12:26:50+00:00","dateModified":"2022-12-27T14:37:39+00:00","description":"Profitez de cette visite priv\u00e9e d'Amsterdam enti\u00e8rement personnalis\u00e9e au d\u00e9part de Bruxelles et profitez de leurs monuments et sites les plus importants avec votre guide officiel","breadcrumb":{"@id":"https:\/\/tourtravelandmore.com\/fr\/tours\/belgique-fr\/bruxelles-fr\/visite-privee-damsterdam-au-depart-de-bruxelles\/#breadcrumb"},"inLanguage":"fr-FR","potentialAction":[{"@type":"ReadAction","target":["https:\/\/tourtravelandmore.com\/fr\/tours\/belgique-fr\/bruxelles-fr\/visite-privee-damsterdam-au-depart-de-bruxelles\/"]}]},{"@type":"ImageObject","inLanguage":"fr-FR","@id":"https:\/\/tourtravelandmore.com\/fr\/tours\/belgique-fr\/bruxelles-fr\/visite-privee-damsterdam-au-depart-de-bruxelles\/#primaryimage","url":"https:\/\/tourtravelandmore.com\/wp-content\/uploads\/2020\/03\/amster-1.jpg","contentUrl":"https:\/\/tourtravelandmore.com\/wp-content\/uploads\/2020\/03\/amster-1.jpg","width":960,"height":637},{"@type":"BreadcrumbList","@id":"https:\/\/tourtravelandmore.com\/fr\/tours\/belgique-fr\/bruxelles-fr\/visite-privee-damsterdam-au-depart-de-bruxelles\/#breadcrumb","itemListElement":[{"@type":"ListItem","position":1,"name":"Home","item":"https:\/\/tourtravelandmore.com\/fr\/"},{"@type":"ListItem","position":2,"name":"Tours","item":"https:\/\/tourtravelandmore.com\/fr\/tours\/"},{"@type":"ListItem","position":3,"name":"Visite priv\u00e9e d&rsquo;Amsterdam au d\u00e9part de Bruxelles"}]},{"@type":"WebSite","@id":"https:\/\/tourtravelandmore.com\/fr\/#website","url":"https:\/\/tourtravelandmore.com\/fr\/","name":"Tour Travel And More","description":"Private sightseeing tours and luxury transfers in Spain","publisher":{"@id":"https:\/\/tourtravelandmore.com\/fr\/#organization"},"potentialAction":[{"@type":"SearchAction","target":{"@type":"EntryPoint","urlTemplate":"https:\/\/tourtravelandmore.com\/fr\/?s={search_term_string}"},"query-input":{"@type":"PropertyValueSpecification","valueRequired":true,"valueName":"search_term_string"}}],"inLanguage":"fr-FR"},{"@type":"Organization","@id":"https:\/\/tourtravelandmore.com\/fr\/#organization","name":"Tour Travel And More","url":"https:\/\/tourtravelandmore.com\/fr\/","logo":{"@type":"ImageObject","inLanguage":"fr-FR","@id":"https:\/\/tourtravelandmore.com\/fr\/#\/schema\/logo\/image\/","url":"https:\/\/tourtravelandmore.com\/wp-content\/uploads\/2022\/12\/cropped-logo-cabecera-new.png","contentUrl":"https:\/\/tourtravelandmore.com\/wp-content\/uploads\/2022\/12\/cropped-logo-cabecera-new.png","width":430,"height":61,"caption":"Tour Travel And More"},"image":{"@id":"https:\/\/tourtravelandmore.com\/fr\/#\/schema\/logo\/image\/"},"sameAs":["https:\/\/www.facebook.com\/tourtravelandmore\/","https:\/\/x.com\/TourTravel_More"]}]}},"_links":{"self":[{"href":"https:\/\/tourtravelandmore.com\/fr\/wp-json\/wp\/v2\/product\/101133","targetHints":{"allow":["GET"]}}],"collection":[{"href":"https:\/\/tourtravelandmore.com\/fr\/wp-json\/wp\/v2\/product"}],"about":[{"href":"https:\/\/tourtravelandmore.com\/fr\/wp-json\/wp\/v2\/types\/product"}],"replies":[{"embeddable":true,"href":"https:\/\/tourtravelandmore.com\/fr\/wp-json\/wp\/v2\/comments?post=101133"}],"wp:featuredmedia":[{"embeddable":true,"href":"https:\/\/tourtravelandmore.com\/fr\/wp-json\/wp\/v2\/media\/97367"}],"wp:attachment":[{"href":"https:\/\/tourtravelandmore.com\/fr\/wp-json\/wp\/v2\/media?parent=101133"}],"wp:term":[{"taxonomy":"product_brand","embeddable":true,"href":"https:\/\/tourtravelandmore.com\/fr\/wp-json\/wp\/v2\/product_brand?post=101133"},{"taxonomy":"product_cat","embeddable":true,"href":"https:\/\/tourtravelandmore.com\/fr\/wp-json\/wp\/v2\/product_cat?post=101133"},{"taxonomy":"product_tag","embeddable":true,"href":"https:\/\/tourtravelandmore.com\/fr\/wp-json\/wp\/v2\/product_tag?post=101133"}],"curies":[{"name":"wp","href":"https:\/\/api.w.org\/{rel}","templated":true}]}}