{"id":101128,"date":"2020-03-24T13:30:41","date_gmt":"2020-03-24T12:30:41","guid":{"rendered":"https:\/\/tourtravelandmore.com\/tours\/non%20class\u00e9\/visite-privee-de-namur-et-dinant-au-depart-de-bruxelles\/"},"modified":"2022-12-27T17:56:13","modified_gmt":"2022-12-27T16:56:13","slug":"visite-privee-de-namur-et-dinant-au-depart-de-bruxelles","status":"publish","type":"product","link":"https:\/\/tourtravelandmore.com\/fr\/tours\/belgique-fr\/bruxelles-fr\/visite-privee-de-namur-et-dinant-au-depart-de-bruxelles\/","title":{"rendered":"Visite priv\u00e9e de Namur et Dinant au d\u00e9part de Bruxelles"},"content":{"rendered":"<h2>Description<\/h2>\n<p>Namur et Dinant sont deux charmantes provinces belges pr\u00eates \u00e0 satisfaire ses visiteurs. Si vous passez vos vacances dans la capitale, nous vous invitons \u00e0 faire une visite priv\u00e9e de 10 heures \u00e0 travers Namur et Dinant au d\u00e9part de Bruxelles avec Tour Travel &amp; More. Ne manquez pas l&#8217;occasion de visiter ces villes \u00e0 bord d&#8217;un v\u00e9hicule de luxe priv\u00e9 et accompagn\u00e9 d&#8217;un guide officiel. Cette visite priv\u00e9e de Namur et Dinant au d\u00e9part de Bruxelles est une exp\u00e9rience parfaite pour vous.<\/p>\n<p>Tout au long de cette visite, vous apprendrez \u00e0 conna\u00eetre et \u00e0 appr\u00e9cier l&#8217;ancienne ville romaine de Namur. Ainsi que de nombreux vestiges de son glorieux pass\u00e9. Il en va de m\u00eame pour la province de Dinant. Il est situ\u00e9 pr\u00e8s de la Meuse et pris en sandwich entre de petits massifs rocheux avec une v\u00e9ritable attraction touristique.<\/p>\n<p>On parle d&#8217;une visite priv\u00e9e d&#8217;une dur\u00e9e de 10 heures. Cela commence au point de rendez-vous que vous avez d\u00e9j\u00e0 convenu avec votre guide priv\u00e9, o\u00f9 il arrivera \u00e0 bord de la voiture de luxe priv\u00e9e.<\/p>\n<p>Il est \u00e0 noter que, bien que nous ayons une tourn\u00e9e pr\u00e9vue pour ce programme, nous vous offrons \u00e9galement la possibilit\u00e9 de concevoir votre propre programme de tourn\u00e9e. Vous n&#8217;aurez qu&#8217;\u00e0 informer notre bureau afin que le guide priv\u00e9 soit au courant de l&#8217;itin\u00e9raire personnalis\u00e9.<\/p>\n<h2>Sites d&#8217;int\u00e9r\u00eat et monuments<\/h2>\n<p>Une fois \u00e0 Namur, la premi\u00e8re promenade partira de la Place d&#8217;Armes jusqu&#8217;au Pont de Jambes. Cela comprend le passage par la cath\u00e9drale Saint-Aubain et, bien s\u00fbr, sa somptueuse citadelle datant du Moyen \u00c2ge.<\/p>\n<p>Les abbayes de Floreffe et Maredsous sont \u00e9galement \u00e0 ne pas manquer. Les magnifiques ch\u00e2teaux de Lavaux-Sainte-Anne et de V\u00eaves, certes anciens mais bien entretenus. Ces quatre sites r\u00e9sument tr\u00e8s bien le patrimoine historique de la province, ils sont donc incontournables dans cette visite priv\u00e9e.<\/p>\n<p>Pour les gourmands, Namur poss\u00e8de une vari\u00e9t\u00e9 de restaurants de qualit\u00e9 qui ont remport\u00e9 de nombreux prix. Vous profiterez du plaisir d&#8217;une excellente soir\u00e9e apr\u00e8s avoir parcouru les principales attractions touristiques de Namur.<\/p>\n<p>D\u00e9sormais, dans la ville de Dinant, nous vous invitons \u00e0 d\u00e9couvrir deux itin\u00e9raires de charme dans un rayon de 30km en province.<br \/>\nItin\u00e9raire sugg\u00e9r\u00e9<\/p>\n<p>Nous nous arr\u00eatons d&#8217;abord \u00e0 la ville de Leffe, o\u00f9 vous pourrez visiter le mus\u00e9e de la bi\u00e8re du m\u00eame nom pour d\u00e9couvrir leur grand secret datant du XIIIe si\u00e8cle. Le paysage vous charmera par son chemin sinueux \u00e0 travers les vall\u00e9es tout comme la rivi\u00e8re Leffe.<\/p>\n<p>Puis nous arrivons \u00e0 Celles, l&#8217;un des plus beaux villages de Wallonie avec de nombreuses maisons en gr\u00e8s et calcaire, des toits d&#8217;ardoise et quelques fa\u00e7ades en bois. Vous d\u00e9couvrirez l&#8217;\u00e9glise romane des XIe et XIIe si\u00e8cles.<\/p>\n<p>Ne manquez pas la coll\u00e9giale avec son magnifique beffroi de tulipes. L&#8217;int\u00e9rieur est tr\u00e8s sobre et accueille le plus haut vitrail d&#8217;Europe. La Maison de Monsieur Sax, o\u00f9 est n\u00e9 l&#8217;inventeur du saxophone Alphonse Sax, est un autre incontournable de Dinant.<\/p>\n<p>Vous pouvez atteindre le sommet de la citadelle en t\u00e9l\u00e9ph\u00e9rique et admirer cette impressionnante forteresse construite par les N\u00e9erlandais. De l\u00e0, vous pourrez \u00e9galement admirer les plus beaux paysages de Belgique. Vous pouvez ensuite vous diriger vers les terrasses ensoleill\u00e9es sur les rives de la Meuse, o\u00f9 vous pourrez prendre un verre ou un menu \u00e0 un tr\u00e8s bon prix pour terminer cette fantastique visite priv\u00e9e de Namur et Dinant au d\u00e9part de Bruxelles.<\/p>\n<h4>En savoir plus sur Namur et Dinant<\/h4>\n<p>Namur est \u00e0 une soixantaine de kilom\u00e8tres de Bruxelles dans la r\u00e9gion francophone du Royaume de Belgique, en Wallonie. C&#8217;est un centre politique belge important, mais aussi une ville \u00e9tudiante dynamique de 111 000 habitants. C&#8217;est un lieu de festivals internationaux, de concerts, d&#8217;\u00e9v\u00e9nements culturels et de mus\u00e9es. Dinant est \u00e0 proximit\u00e9, charmante petite ville de seulement 14 000 habitants, ville natale de l&#8217;inventeur du saxophone, Alphonse Sax. Les deux provinces offrent aux visiteurs un certain nombre d&#8217;abbayes, de ch\u00e2teaux, de grottes et de d\u00e9licieux produits r\u00e9gionaux.<\/p>\n<p>D\u00e9couvrez toutes les autres exp\u00e9riences priv\u00e9es que nous proposons \u00e0 Bruxelles et dans le monde!<\/p>\n","protected":false},"excerpt":{"rendered":"<p>Profitez de vos journ\u00e9es \u00e0 Bruxelles et profitez de cette visite priv\u00e9e de 10 heures de Namur et Dinant. Profitez de cette occasion pour d\u00e9couvrir ces merveilleuses villes avec votre propre chauffeur priv\u00e9 et guide officiel. Ne manquez pas les monuments, les sites et les nombreuses \u00e9glises telles que la Citadelle de Namur, la cath\u00e9drale Saint-Aubain, la ville de Leffe et bien plus encore!<\/p>\n","protected":false},"featured_media":97409,"comment_status":"open","ping_status":"closed","template":"","meta":{"_acf_changed":false},"product_brand":[],"product_cat":[3693,4236,4235],"product_tag":[],"class_list":{"0":"post-101128","1":"product","2":"type-product","3":"status-publish","4":"has-post-thumbnail","6":"product_cat-bruxelles-fr","7":"product_cat-all-private-tours-activities-fr-11","8":"product_cat-private-sightseeing-tours-fr-16","10":"first","11":"instock","12":"shipping-taxable","13":"purchasable","14":"product-type-simple"},"acf":[],"yoast_head":"<!-- This site is optimized with the Yoast SEO Premium plugin v25.3.1 (Yoast SEO v25.3.1) - https:\/\/yoast.com\/wordpress\/plugins\/seo\/ -->\n<title>Visite priv\u00e9e de Namur et Dinant au d\u00e9part de Bruxelles - Visite priv\u00e9e d&#039;une journ\u00e9e<\/title>\n<meta name=\"description\" content=\"Profitez de cette visite priv\u00e9e enti\u00e8rement personnalis\u00e9e de Namur et de Dinant au d\u00e9part de Bruxelles et profitez de leurs monuments et sites les plus importants avec votre guide agr\u00e9\u00e9\" \/>\n<meta name=\"robots\" content=\"index, follow, max-snippet:-1, max-image-preview:large, max-video-preview:-1\" \/>\n<link rel=\"canonical\" href=\"https:\/\/tourtravelandmore.com\/fr\/tours\/belgique-fr\/bruxelles-fr\/visite-privee-de-namur-et-dinant-au-depart-de-bruxelles\/\" \/>\n<meta property=\"og:locale\" content=\"fr_FR\" \/>\n<meta property=\"og:type\" content=\"article\" \/>\n<meta property=\"og:title\" content=\"Visite priv\u00e9e de Namur et Dinant au d\u00e9part de Bruxelles\" \/>\n<meta property=\"og:description\" content=\"Profitez de cette visite priv\u00e9e enti\u00e8rement personnalis\u00e9e de Namur et de Dinant au d\u00e9part de Bruxelles et profitez de leurs monuments et sites les plus importants avec votre guide agr\u00e9\u00e9\" \/>\n<meta property=\"og:url\" content=\"https:\/\/tourtravelandmore.com\/fr\/tours\/belgique-fr\/bruxelles-fr\/visite-privee-de-namur-et-dinant-au-depart-de-bruxelles\/\" \/>\n<meta property=\"og:site_name\" content=\"Tour Travel And More\" \/>\n<meta property=\"article:publisher\" content=\"https:\/\/www.facebook.com\/tourtravelandmore\/\" \/>\n<meta property=\"article:modified_time\" content=\"2022-12-27T16:56:13+00:00\" \/>\n<meta property=\"og:image\" content=\"https:\/\/tourtravelandmore.com\/wp-content\/uploads\/2020\/03\/belgium-namur-church-of-saint-loop-from-above.jpg\" \/>\n\t<meta property=\"og:image:width\" content=\"730\" \/>\n\t<meta property=\"og:image:height\" content=\"462\" \/>\n\t<meta property=\"og:image:type\" content=\"image\/jpeg\" \/>\n<meta name=\"twitter:card\" content=\"summary_large_image\" \/>\n<meta name=\"twitter:site\" content=\"@TourTravel_More\" \/>\n<meta name=\"twitter:label1\" content=\"Dur\u00e9e de lecture estim\u00e9e\" \/>\n\t<meta name=\"twitter:data1\" content=\"4 minutes\" \/>\n<script type=\"application\/ld+json\" class=\"yoast-schema-graph\">{\"@context\":\"https:\/\/schema.org\",\"@graph\":[{\"@type\":\"WebPage\",\"@id\":\"https:\/\/tourtravelandmore.com\/fr\/tours\/belgique-fr\/bruxelles-fr\/visite-privee-de-namur-et-dinant-au-depart-de-bruxelles\/\",\"url\":\"https:\/\/tourtravelandmore.com\/fr\/tours\/belgique-fr\/bruxelles-fr\/visite-privee-de-namur-et-dinant-au-depart-de-bruxelles\/\",\"name\":\"Visite priv\u00e9e de Namur et Dinant au d\u00e9part de Bruxelles - Visite priv\u00e9e d'une journ\u00e9e\",\"isPartOf\":{\"@id\":\"https:\/\/tourtravelandmore.com\/fr\/#website\"},\"primaryImageOfPage\":{\"@id\":\"https:\/\/tourtravelandmore.com\/fr\/tours\/belgique-fr\/bruxelles-fr\/visite-privee-de-namur-et-dinant-au-depart-de-bruxelles\/#primaryimage\"},\"image\":{\"@id\":\"https:\/\/tourtravelandmore.com\/fr\/tours\/belgique-fr\/bruxelles-fr\/visite-privee-de-namur-et-dinant-au-depart-de-bruxelles\/#primaryimage\"},\"thumbnailUrl\":\"https:\/\/tourtravelandmore.com\/wp-content\/uploads\/2020\/03\/belgium-namur-church-of-saint-loop-from-above.jpg\",\"datePublished\":\"2020-03-24T12:30:41+00:00\",\"dateModified\":\"2022-12-27T16:56:13+00:00\",\"description\":\"Profitez de cette visite priv\u00e9e enti\u00e8rement personnalis\u00e9e de Namur et de Dinant au d\u00e9part de Bruxelles et profitez de leurs monuments et sites les plus importants avec votre guide agr\u00e9\u00e9\",\"breadcrumb\":{\"@id\":\"https:\/\/tourtravelandmore.com\/fr\/tours\/belgique-fr\/bruxelles-fr\/visite-privee-de-namur-et-dinant-au-depart-de-bruxelles\/#breadcrumb\"},\"inLanguage\":\"fr-FR\",\"potentialAction\":[{\"@type\":\"ReadAction\",\"target\":[\"https:\/\/tourtravelandmore.com\/fr\/tours\/belgique-fr\/bruxelles-fr\/visite-privee-de-namur-et-dinant-au-depart-de-bruxelles\/\"]}]},{\"@type\":\"ImageObject\",\"inLanguage\":\"fr-FR\",\"@id\":\"https:\/\/tourtravelandmore.com\/fr\/tours\/belgique-fr\/bruxelles-fr\/visite-privee-de-namur-et-dinant-au-depart-de-bruxelles\/#primaryimage\",\"url\":\"https:\/\/tourtravelandmore.com\/wp-content\/uploads\/2020\/03\/belgium-namur-church-of-saint-loop-from-above.jpg\",\"contentUrl\":\"https:\/\/tourtravelandmore.com\/wp-content\/uploads\/2020\/03\/belgium-namur-church-of-saint-loop-from-above.jpg\",\"width\":730,\"height\":462},{\"@type\":\"BreadcrumbList\",\"@id\":\"https:\/\/tourtravelandmore.com\/fr\/tours\/belgique-fr\/bruxelles-fr\/visite-privee-de-namur-et-dinant-au-depart-de-bruxelles\/#breadcrumb\",\"itemListElement\":[{\"@type\":\"ListItem\",\"position\":1,\"name\":\"Home\",\"item\":\"https:\/\/tourtravelandmore.com\/fr\/\"},{\"@type\":\"ListItem\",\"position\":2,\"name\":\"Tours\",\"item\":\"https:\/\/tourtravelandmore.com\/fr\/tours\/\"},{\"@type\":\"ListItem\",\"position\":3,\"name\":\"Visite priv\u00e9e de Namur et Dinant au d\u00e9part de Bruxelles\"}]},{\"@type\":\"WebSite\",\"@id\":\"https:\/\/tourtravelandmore.com\/fr\/#website\",\"url\":\"https:\/\/tourtravelandmore.com\/fr\/\",\"name\":\"Tour Travel And More\",\"description\":\"Private sightseeing tours and luxury transfers in Spain\",\"publisher\":{\"@id\":\"https:\/\/tourtravelandmore.com\/fr\/#organization\"},\"potentialAction\":[{\"@type\":\"SearchAction\",\"target\":{\"@type\":\"EntryPoint\",\"urlTemplate\":\"https:\/\/tourtravelandmore.com\/fr\/?s={search_term_string}\"},\"query-input\":{\"@type\":\"PropertyValueSpecification\",\"valueRequired\":true,\"valueName\":\"search_term_string\"}}],\"inLanguage\":\"fr-FR\"},{\"@type\":\"Organization\",\"@id\":\"https:\/\/tourtravelandmore.com\/fr\/#organization\",\"name\":\"Tour Travel And More\",\"url\":\"https:\/\/tourtravelandmore.com\/fr\/\",\"logo\":{\"@type\":\"ImageObject\",\"inLanguage\":\"fr-FR\",\"@id\":\"https:\/\/tourtravelandmore.com\/fr\/#\/schema\/logo\/image\/\",\"url\":\"https:\/\/tourtravelandmore.com\/wp-content\/uploads\/2022\/12\/cropped-logo-cabecera-new.png\",\"contentUrl\":\"https:\/\/tourtravelandmore.com\/wp-content\/uploads\/2022\/12\/cropped-logo-cabecera-new.png\",\"width\":430,\"height\":61,\"caption\":\"Tour Travel And More\"},\"image\":{\"@id\":\"https:\/\/tourtravelandmore.com\/fr\/#\/schema\/logo\/image\/\"},\"sameAs\":[\"https:\/\/www.facebook.com\/tourtravelandmore\/\",\"https:\/\/x.com\/TourTravel_More\"]}]}<\/script>\n<!-- \/ Yoast SEO Premium plugin. -->","yoast_head_json":{"title":"Visite priv\u00e9e de Namur et Dinant au d\u00e9part de Bruxelles - Visite priv\u00e9e d'une journ\u00e9e","description":"Profitez de cette visite priv\u00e9e enti\u00e8rement personnalis\u00e9e de Namur et de Dinant au d\u00e9part de Bruxelles et profitez de leurs monuments et sites les plus importants avec votre guide agr\u00e9\u00e9","robots":{"index":"index","follow":"follow","max-snippet":"max-snippet:-1","max-image-preview":"max-image-preview:large","max-video-preview":"max-video-preview:-1"},"canonical":"https:\/\/tourtravelandmore.com\/fr\/tours\/belgique-fr\/bruxelles-fr\/visite-privee-de-namur-et-dinant-au-depart-de-bruxelles\/","og_locale":"fr_FR","og_type":"article","og_title":"Visite priv\u00e9e de Namur et Dinant au d\u00e9part de Bruxelles","og_description":"Profitez de cette visite priv\u00e9e enti\u00e8rement personnalis\u00e9e de Namur et de Dinant au d\u00e9part de Bruxelles et profitez de leurs monuments et sites les plus importants avec votre guide agr\u00e9\u00e9","og_url":"https:\/\/tourtravelandmore.com\/fr\/tours\/belgique-fr\/bruxelles-fr\/visite-privee-de-namur-et-dinant-au-depart-de-bruxelles\/","og_site_name":"Tour Travel And More","article_publisher":"https:\/\/www.facebook.com\/tourtravelandmore\/","article_modified_time":"2022-12-27T16:56:13+00:00","og_image":[{"width":730,"height":462,"url":"https:\/\/tourtravelandmore.com\/wp-content\/uploads\/2020\/03\/belgium-namur-church-of-saint-loop-from-above.jpg","type":"image\/jpeg"}],"twitter_card":"summary_large_image","twitter_site":"@TourTravel_More","twitter_misc":{"Dur\u00e9e de lecture estim\u00e9e":"4 minutes"},"schema":{"@context":"https:\/\/schema.org","@graph":[{"@type":"WebPage","@id":"https:\/\/tourtravelandmore.com\/fr\/tours\/belgique-fr\/bruxelles-fr\/visite-privee-de-namur-et-dinant-au-depart-de-bruxelles\/","url":"https:\/\/tourtravelandmore.com\/fr\/tours\/belgique-fr\/bruxelles-fr\/visite-privee-de-namur-et-dinant-au-depart-de-bruxelles\/","name":"Visite priv\u00e9e de Namur et Dinant au d\u00e9part de Bruxelles - Visite priv\u00e9e d'une journ\u00e9e","isPartOf":{"@id":"https:\/\/tourtravelandmore.com\/fr\/#website"},"primaryImageOfPage":{"@id":"https:\/\/tourtravelandmore.com\/fr\/tours\/belgique-fr\/bruxelles-fr\/visite-privee-de-namur-et-dinant-au-depart-de-bruxelles\/#primaryimage"},"image":{"@id":"https:\/\/tourtravelandmore.com\/fr\/tours\/belgique-fr\/bruxelles-fr\/visite-privee-de-namur-et-dinant-au-depart-de-bruxelles\/#primaryimage"},"thumbnailUrl":"https:\/\/tourtravelandmore.com\/wp-content\/uploads\/2020\/03\/belgium-namur-church-of-saint-loop-from-above.jpg","datePublished":"2020-03-24T12:30:41+00:00","dateModified":"2022-12-27T16:56:13+00:00","description":"Profitez de cette visite priv\u00e9e enti\u00e8rement personnalis\u00e9e de Namur et de Dinant au d\u00e9part de Bruxelles et profitez de leurs monuments et sites les plus importants avec votre guide agr\u00e9\u00e9","breadcrumb":{"@id":"https:\/\/tourtravelandmore.com\/fr\/tours\/belgique-fr\/bruxelles-fr\/visite-privee-de-namur-et-dinant-au-depart-de-bruxelles\/#breadcrumb"},"inLanguage":"fr-FR","potentialAction":[{"@type":"ReadAction","target":["https:\/\/tourtravelandmore.com\/fr\/tours\/belgique-fr\/bruxelles-fr\/visite-privee-de-namur-et-dinant-au-depart-de-bruxelles\/"]}]},{"@type":"ImageObject","inLanguage":"fr-FR","@id":"https:\/\/tourtravelandmore.com\/fr\/tours\/belgique-fr\/bruxelles-fr\/visite-privee-de-namur-et-dinant-au-depart-de-bruxelles\/#primaryimage","url":"https:\/\/tourtravelandmore.com\/wp-content\/uploads\/2020\/03\/belgium-namur-church-of-saint-loop-from-above.jpg","contentUrl":"https:\/\/tourtravelandmore.com\/wp-content\/uploads\/2020\/03\/belgium-namur-church-of-saint-loop-from-above.jpg","width":730,"height":462},{"@type":"BreadcrumbList","@id":"https:\/\/tourtravelandmore.com\/fr\/tours\/belgique-fr\/bruxelles-fr\/visite-privee-de-namur-et-dinant-au-depart-de-bruxelles\/#breadcrumb","itemListElement":[{"@type":"ListItem","position":1,"name":"Home","item":"https:\/\/tourtravelandmore.com\/fr\/"},{"@type":"ListItem","position":2,"name":"Tours","item":"https:\/\/tourtravelandmore.com\/fr\/tours\/"},{"@type":"ListItem","position":3,"name":"Visite priv\u00e9e de Namur et Dinant au d\u00e9part de Bruxelles"}]},{"@type":"WebSite","@id":"https:\/\/tourtravelandmore.com\/fr\/#website","url":"https:\/\/tourtravelandmore.com\/fr\/","name":"Tour Travel And More","description":"Private sightseeing tours and luxury transfers in Spain","publisher":{"@id":"https:\/\/tourtravelandmore.com\/fr\/#organization"},"potentialAction":[{"@type":"SearchAction","target":{"@type":"EntryPoint","urlTemplate":"https:\/\/tourtravelandmore.com\/fr\/?s={search_term_string}"},"query-input":{"@type":"PropertyValueSpecification","valueRequired":true,"valueName":"search_term_string"}}],"inLanguage":"fr-FR"},{"@type":"Organization","@id":"https:\/\/tourtravelandmore.com\/fr\/#organization","name":"Tour Travel And More","url":"https:\/\/tourtravelandmore.com\/fr\/","logo":{"@type":"ImageObject","inLanguage":"fr-FR","@id":"https:\/\/tourtravelandmore.com\/fr\/#\/schema\/logo\/image\/","url":"https:\/\/tourtravelandmore.com\/wp-content\/uploads\/2022\/12\/cropped-logo-cabecera-new.png","contentUrl":"https:\/\/tourtravelandmore.com\/wp-content\/uploads\/2022\/12\/cropped-logo-cabecera-new.png","width":430,"height":61,"caption":"Tour Travel And More"},"image":{"@id":"https:\/\/tourtravelandmore.com\/fr\/#\/schema\/logo\/image\/"},"sameAs":["https:\/\/www.facebook.com\/tourtravelandmore\/","https:\/\/x.com\/TourTravel_More"]}]}},"_links":{"self":[{"href":"https:\/\/tourtravelandmore.com\/fr\/wp-json\/wp\/v2\/product\/101128","targetHints":{"allow":["GET"]}}],"collection":[{"href":"https:\/\/tourtravelandmore.com\/fr\/wp-json\/wp\/v2\/product"}],"about":[{"href":"https:\/\/tourtravelandmore.com\/fr\/wp-json\/wp\/v2\/types\/product"}],"replies":[{"embeddable":true,"href":"https:\/\/tourtravelandmore.com\/fr\/wp-json\/wp\/v2\/comments?post=101128"}],"wp:featuredmedia":[{"embeddable":true,"href":"https:\/\/tourtravelandmore.com\/fr\/wp-json\/wp\/v2\/media\/97409"}],"wp:attachment":[{"href":"https:\/\/tourtravelandmore.com\/fr\/wp-json\/wp\/v2\/media?parent=101128"}],"wp:term":[{"taxonomy":"product_brand","embeddable":true,"href":"https:\/\/tourtravelandmore.com\/fr\/wp-json\/wp\/v2\/product_brand?post=101128"},{"taxonomy":"product_cat","embeddable":true,"href":"https:\/\/tourtravelandmore.com\/fr\/wp-json\/wp\/v2\/product_cat?post=101128"},{"taxonomy":"product_tag","embeddable":true,"href":"https:\/\/tourtravelandmore.com\/fr\/wp-json\/wp\/v2\/product_tag?post=101128"}],"curies":[{"name":"wp","href":"https:\/\/api.w.org\/{rel}","templated":true}]}}