{"id":101123,"date":"2020-03-24T13:03:40","date_gmt":"2020-03-24T12:03:40","guid":{"rendered":"https:\/\/tourtravelandmore.com\/tours\/non%20class\u00e9\/visite-privee-danvers-et-de-gand-au-depart-de-bruxelles\/"},"modified":"2022-12-27T16:33:21","modified_gmt":"2022-12-27T15:33:21","slug":"visite-privee-danvers-et-de-gand-au-depart-de-bruxelles","status":"publish","type":"product","link":"https:\/\/tourtravelandmore.com\/fr\/tours\/belgique-fr\/bruxelles-fr\/visite-privee-danvers-et-de-gand-au-depart-de-bruxelles\/","title":{"rendered":"Visite priv\u00e9e d&#8217;Anvers et de Gand au d\u00e9part de Bruxelles"},"content":{"rendered":"<h2>Description<\/h2>\n<p>D\u00e9couvrez les coins les plus fascinants de la Belgique avec Tour Travel &amp; More lors d&#8217;une visite priv\u00e9e de 10 heures de Bruxelles \u00e0 Anvers et Gand. Les transferts auront lieu dans une voiture de luxe aux c\u00f4t\u00e9s de votre guide priv\u00e9. Vous visiterez ces deux villes qui offrent une ambiance m\u00e9di\u00e9vale avec une touche de jeunesse et de vivacit\u00e9. Des endroits avec des canaux et des ruelles pav\u00e9es tout comme la ville fantastique comme Bruges, mais sans tourisme de masse. Profitez avec nous de cette visite priv\u00e9e d&#8217;Anvers et de Gand au d\u00e9part de Bruxelles.<\/p>\n<p>Ce programme d&#8217;excursion de 10 heures de Bruxelles \u00e0 Anvers et Gand est id\u00e9al si vous voyagez en famille, en couple ou en groupe de coll\u00e8gues et d&#8217;amis. C&#8217;est un programme flexible qui peut \u00eatre personnalis\u00e9 selon vos propres envies. Notre guide ma\u00eetrise de nombreuses langues, mais si vous en avez besoin en particulier, n&#8217;oubliez pas de le notifier directement \u00e0 nos bureaux.<\/p>\n<p>Pour commencer cette visite priv\u00e9e d&#8217;Anvers et de Gand au d\u00e9part de Bruxelles, nous organiserons une navette confortable depuis Bruxelles. Cela peut provenir de votre h\u00f4tel ou de n&#8217;importe quel endroit de la ville.<\/p>\n<h2>Sites d&#8217;int\u00e9r\u00eat et monuments<\/h2>\n<p>Une fois que vous et votre guide priv\u00e9 officiel vous \u00eates r\u00e9unis \u00e0 Bruxelles pour monter dans la voiture de luxe avec chauffeur priv\u00e9. Vous pouvez prendre la route de la fantastique ville d&#8217;Anvers pour commencer la visite.<\/p>\n<p>Nous commen\u00e7ons \u00e0 la gare centrale d&#8217;Anvers, avec sa structure impressionnante datant du d\u00e9but du XXe si\u00e8cle. Elle est \u00e9galement connue sous le nom de cath\u00e9drale ferroviaire et est class\u00e9e comme l&#8217;une des plus belles gares du monde.<\/p>\n<p>Ensuite, nous visiterons sa vieille ville. Il est petit mais avec de nombreuses rues pi\u00e9tonnes et de nombreux divertissements. C&#8217;est une bonne option pour admirer l&#8217;architecture des b\u00e2timents et profiter de l&#8217;atmosph\u00e8re anim\u00e9e des terrasses.<\/p>\n<p>Le prochain arr\u00eat est la cath\u00e9drale Notre-Dame d&#8217;Anvers. C&#8217;est une structure gothique impressionnante par sa taille. C&#8217;est un bon point de rep\u00e8re dans la ville puisque vous pouvez voir la tour qui se d\u00e9marque de partout.<\/p>\n<p>Puis nous traversons la Grand Place d&#8217;Anvers (Grote Markt). Il abrite la mairie. La beaut\u00e9 de ce lieu est ind\u00e9niable avec son architecture harmonieuse.<\/p>\n<p>Groenplaats est une autre place importante dans le centre d&#8217;Anvers avec de beaux b\u00e2timents, des terrasses confortables et une statue de Rubens, un b\u00e2timent richement d\u00e9cor\u00e9. De l\u00e0, nous visiterons la place Hendrik Conscience, une autre place d&#8217;Anvers, connue pour abriter l&#8217;\u00e9glise Saint-Charles-Borrom\u00e9e et la biblioth\u00e8que du patrimoine Hendrik Conscience.<\/p>\n<p>Nous passerons par le mus\u00e9e Plantin-Moretus. Un site du patrimoine mondial de l&#8217;UNESCO et la plus ancienne place de la bourse (Oude Beurs). Aujourd&#8217;hui, c&#8217;est une belle maison avec une belle cour.<br \/>\nEt apr\u00e8s?<\/p>\n<p>Apr\u00e8s avoir visit\u00e9 tout ce qui pr\u00e9c\u00e8de, vous embarquerez \u00e0 nouveau dans la voiture de luxe priv\u00e9e. Cette fois pour se rendre \u00e0 Gand, l&#8217;une des villes les plus fr\u00e9quent\u00e9es du nord de l&#8217;Europe pour accueillir un grand nombre d&#8217;\u00e9tudiants. Son histoire est tr\u00e8s similaire \u00e0 celle de Bruges, raison pour laquelle son centre historique ressemble \u00e0 celui de cette derni\u00e8re.<\/p>\n<p>Comme Bruges, mais dans une moindre mesure, Gand poss\u00e8de un r\u00e9seau de canaux et un beau centre m\u00e9di\u00e9val qui ravit les visiteurs.<\/p>\n<p>La cath\u00e9drale de Gand (Sint-Baafskathedral) est le premier arr\u00eat ici. Admirez de pr\u00e8s cette structure dont la construction a n\u00e9cessit\u00e9 trois si\u00e8cles. Puis passez au Ch\u00e2teau de Gand (Gravensteen). Une r\u00e9sidence royale qui abrite un mus\u00e9e d&#8217;instruments de torture et offre \u00e9galement l&#8217;une des vues les plus incroyables de toute la ville.<\/p>\n<p>La mairie de Gand ne passe pas inaper\u00e7ue lors de cette tourn\u00e9e. Il a \u00e9t\u00e9 construit au XIVe si\u00e8cle et a une hauteur impressionnante de 91 m\u00e8tres. Tout comme la cath\u00e9drale de Gand, du sommet vous pourrez admirer un panorama que vous n&#8217;oublierez jamais.<\/p>\n<p>A quelques pas de ladite cath\u00e9drale se trouve l&#8217;\u00e9glise Saint-Nicolas (Sint-Niklaaskerk). Ceci est une autre structure religieuse \u00e0 visiter. Enfin, au pied de l&#8217;\u00e9glise Saint-Nicolas, vous trouverez la c\u00e9l\u00e8bre place Korenmarkt. C&#8217;est un endroit tr\u00e8s vivant pour passer un agr\u00e9able moment et se reposer de la visite.<\/p>\n<h4>En savoir plus sur Anvers et Gand<\/h4>\n<p>Anvers est la deuxi\u00e8me plus grande ville de Belgique et l&#8217;une des plus attractives avec 523 000 habitants. Son emplacement strat\u00e9gique sur l&#8217;Escaut lui permet d&#8217;accueillir un grand port, base de sa croissance \u00e9conomique. Elle est \u00e9galement connue pour sa c\u00e9l\u00e8bre production de diamants et sa grande richesse historique et culturelle.<\/p>\n<p>Gand, ville flamande bien connue entre la Lys et l&#8217;Escaut, est une ville \u00e9tudiante, raison pour laquelle elle est tr\u00e8s vivante. Son r\u00f4le industriel depuis le d\u00e9but du XIXe si\u00e8cle et sa prestigieuse universit\u00e9 maintiennent la ville active. Gand accueille 45 000 \u00e9tudiants pour une population totale de 250 000 habitants.<\/p>\n<p>Cliquez ici pour voir d&#8217;autres visites priv\u00e9es \u00e0 Bruxelles.<\/p>\n","protected":false},"excerpt":{"rendered":"<p>La situation g\u00e9ographique de la ville de Bruxelles vous permet de visiter d&#8217;autres villes voisines. Profitez de cette visite priv\u00e9e de 10 heures \u00e0 Anvers et \u00e0 Gand au d\u00e9part de Bruxelles. Profitez des monuments et quartiers les plus embl\u00e9matiques tels que la gare centrale d&#8217;Anvers, la cath\u00e9drale gothique de Notre-Dame d&#8217;Anvers ou la cath\u00e9drale de Gand (Sint-Baafskathedral), entre autres!<\/p>\n","protected":false},"featured_media":97406,"comment_status":"open","ping_status":"closed","template":"","meta":{"_acf_changed":false},"product_brand":[],"product_cat":[3693,4236,4235],"product_tag":[],"class_list":{"0":"post-101123","1":"product","2":"type-product","3":"status-publish","4":"has-post-thumbnail","6":"product_cat-bruxelles-fr","7":"product_cat-all-private-tours-activities-fr-11","8":"product_cat-private-sightseeing-tours-fr-16","10":"first","11":"instock","12":"shipping-taxable","13":"purchasable","14":"product-type-simple"},"acf":[],"yoast_head":"<!-- This site is optimized with the Yoast SEO Premium plugin v25.3.1 (Yoast SEO v25.3.1) - https:\/\/yoast.com\/wordpress\/plugins\/seo\/ -->\n<title>Visite priv\u00e9e d&#039;Anvers et de Gand au d\u00e9part de Bruxelles avec chauffeur et guide<\/title>\n<meta name=\"description\" content=\"Profitez de cette visite priv\u00e9e enti\u00e8rement personnalis\u00e9e d&#039;Anvers et de Gand au d\u00e9part de Bruxelles et profitez de leurs monuments et sites les plus importants avec votre guide agr\u00e9\u00e9\" \/>\n<meta name=\"robots\" content=\"index, follow, max-snippet:-1, max-image-preview:large, max-video-preview:-1\" \/>\n<link rel=\"canonical\" href=\"https:\/\/tourtravelandmore.com\/fr\/tours\/belgique-fr\/bruxelles-fr\/visite-privee-danvers-et-de-gand-au-depart-de-bruxelles\/\" \/>\n<meta property=\"og:locale\" content=\"fr_FR\" \/>\n<meta property=\"og:type\" content=\"article\" \/>\n<meta property=\"og:title\" content=\"Visite priv\u00e9e d&#039;Anvers et de Gand au d\u00e9part de Bruxelles\" \/>\n<meta property=\"og:description\" content=\"Profitez de cette visite priv\u00e9e enti\u00e8rement personnalis\u00e9e d&#039;Anvers et de Gand au d\u00e9part de Bruxelles et profitez de leurs monuments et sites les plus importants avec votre guide agr\u00e9\u00e9\" \/>\n<meta property=\"og:url\" content=\"https:\/\/tourtravelandmore.com\/fr\/tours\/belgique-fr\/bruxelles-fr\/visite-privee-danvers-et-de-gand-au-depart-de-bruxelles\/\" \/>\n<meta property=\"og:site_name\" content=\"Tour Travel And More\" \/>\n<meta property=\"article:publisher\" content=\"https:\/\/www.facebook.com\/tourtravelandmore\/\" \/>\n<meta property=\"article:modified_time\" content=\"2022-12-27T15:33:21+00:00\" \/>\n<meta property=\"og:image\" content=\"https:\/\/tourtravelandmore.com\/wp-content\/uploads\/2020\/03\/antwerp-station-hall-building-station.jpg\" \/>\n\t<meta property=\"og:image:width\" content=\"910\" \/>\n\t<meta property=\"og:image:height\" content=\"611\" \/>\n\t<meta property=\"og:image:type\" content=\"image\/jpeg\" \/>\n<meta name=\"twitter:card\" content=\"summary_large_image\" \/>\n<meta name=\"twitter:site\" content=\"@TourTravel_More\" \/>\n<meta name=\"twitter:label1\" content=\"Dur\u00e9e de lecture estim\u00e9e\" \/>\n\t<meta name=\"twitter:data1\" content=\"4 minutes\" \/>\n<script type=\"application\/ld+json\" class=\"yoast-schema-graph\">{\"@context\":\"https:\/\/schema.org\",\"@graph\":[{\"@type\":\"WebPage\",\"@id\":\"https:\/\/tourtravelandmore.com\/fr\/tours\/belgique-fr\/bruxelles-fr\/visite-privee-danvers-et-de-gand-au-depart-de-bruxelles\/\",\"url\":\"https:\/\/tourtravelandmore.com\/fr\/tours\/belgique-fr\/bruxelles-fr\/visite-privee-danvers-et-de-gand-au-depart-de-bruxelles\/\",\"name\":\"Visite priv\u00e9e d'Anvers et de Gand au d\u00e9part de Bruxelles avec chauffeur et guide\",\"isPartOf\":{\"@id\":\"https:\/\/tourtravelandmore.com\/fr\/#website\"},\"primaryImageOfPage\":{\"@id\":\"https:\/\/tourtravelandmore.com\/fr\/tours\/belgique-fr\/bruxelles-fr\/visite-privee-danvers-et-de-gand-au-depart-de-bruxelles\/#primaryimage\"},\"image\":{\"@id\":\"https:\/\/tourtravelandmore.com\/fr\/tours\/belgique-fr\/bruxelles-fr\/visite-privee-danvers-et-de-gand-au-depart-de-bruxelles\/#primaryimage\"},\"thumbnailUrl\":\"https:\/\/tourtravelandmore.com\/wp-content\/uploads\/2020\/03\/antwerp-station-hall-building-station.jpg\",\"datePublished\":\"2020-03-24T12:03:40+00:00\",\"dateModified\":\"2022-12-27T15:33:21+00:00\",\"description\":\"Profitez de cette visite priv\u00e9e enti\u00e8rement personnalis\u00e9e d'Anvers et de Gand au d\u00e9part de Bruxelles et profitez de leurs monuments et sites les plus importants avec votre guide agr\u00e9\u00e9\",\"breadcrumb\":{\"@id\":\"https:\/\/tourtravelandmore.com\/fr\/tours\/belgique-fr\/bruxelles-fr\/visite-privee-danvers-et-de-gand-au-depart-de-bruxelles\/#breadcrumb\"},\"inLanguage\":\"fr-FR\",\"potentialAction\":[{\"@type\":\"ReadAction\",\"target\":[\"https:\/\/tourtravelandmore.com\/fr\/tours\/belgique-fr\/bruxelles-fr\/visite-privee-danvers-et-de-gand-au-depart-de-bruxelles\/\"]}]},{\"@type\":\"ImageObject\",\"inLanguage\":\"fr-FR\",\"@id\":\"https:\/\/tourtravelandmore.com\/fr\/tours\/belgique-fr\/bruxelles-fr\/visite-privee-danvers-et-de-gand-au-depart-de-bruxelles\/#primaryimage\",\"url\":\"https:\/\/tourtravelandmore.com\/wp-content\/uploads\/2020\/03\/antwerp-station-hall-building-station.jpg\",\"contentUrl\":\"https:\/\/tourtravelandmore.com\/wp-content\/uploads\/2020\/03\/antwerp-station-hall-building-station.jpg\",\"width\":910,\"height\":611},{\"@type\":\"BreadcrumbList\",\"@id\":\"https:\/\/tourtravelandmore.com\/fr\/tours\/belgique-fr\/bruxelles-fr\/visite-privee-danvers-et-de-gand-au-depart-de-bruxelles\/#breadcrumb\",\"itemListElement\":[{\"@type\":\"ListItem\",\"position\":1,\"name\":\"Home\",\"item\":\"https:\/\/tourtravelandmore.com\/fr\/\"},{\"@type\":\"ListItem\",\"position\":2,\"name\":\"Tours\",\"item\":\"https:\/\/tourtravelandmore.com\/fr\/tours\/\"},{\"@type\":\"ListItem\",\"position\":3,\"name\":\"Visite priv\u00e9e d&rsquo;Anvers et de Gand au d\u00e9part de Bruxelles\"}]},{\"@type\":\"WebSite\",\"@id\":\"https:\/\/tourtravelandmore.com\/fr\/#website\",\"url\":\"https:\/\/tourtravelandmore.com\/fr\/\",\"name\":\"Tour Travel And More\",\"description\":\"Private sightseeing tours and luxury transfers in Spain\",\"publisher\":{\"@id\":\"https:\/\/tourtravelandmore.com\/fr\/#organization\"},\"potentialAction\":[{\"@type\":\"SearchAction\",\"target\":{\"@type\":\"EntryPoint\",\"urlTemplate\":\"https:\/\/tourtravelandmore.com\/fr\/?s={search_term_string}\"},\"query-input\":{\"@type\":\"PropertyValueSpecification\",\"valueRequired\":true,\"valueName\":\"search_term_string\"}}],\"inLanguage\":\"fr-FR\"},{\"@type\":\"Organization\",\"@id\":\"https:\/\/tourtravelandmore.com\/fr\/#organization\",\"name\":\"Tour Travel And More\",\"url\":\"https:\/\/tourtravelandmore.com\/fr\/\",\"logo\":{\"@type\":\"ImageObject\",\"inLanguage\":\"fr-FR\",\"@id\":\"https:\/\/tourtravelandmore.com\/fr\/#\/schema\/logo\/image\/\",\"url\":\"https:\/\/tourtravelandmore.com\/wp-content\/uploads\/2022\/12\/cropped-logo-cabecera-new.png\",\"contentUrl\":\"https:\/\/tourtravelandmore.com\/wp-content\/uploads\/2022\/12\/cropped-logo-cabecera-new.png\",\"width\":430,\"height\":61,\"caption\":\"Tour Travel And More\"},\"image\":{\"@id\":\"https:\/\/tourtravelandmore.com\/fr\/#\/schema\/logo\/image\/\"},\"sameAs\":[\"https:\/\/www.facebook.com\/tourtravelandmore\/\",\"https:\/\/x.com\/TourTravel_More\"]}]}<\/script>\n<!-- \/ Yoast SEO Premium plugin. -->","yoast_head_json":{"title":"Visite priv\u00e9e d'Anvers et de Gand au d\u00e9part de Bruxelles avec chauffeur et guide","description":"Profitez de cette visite priv\u00e9e enti\u00e8rement personnalis\u00e9e d'Anvers et de Gand au d\u00e9part de Bruxelles et profitez de leurs monuments et sites les plus importants avec votre guide agr\u00e9\u00e9","robots":{"index":"index","follow":"follow","max-snippet":"max-snippet:-1","max-image-preview":"max-image-preview:large","max-video-preview":"max-video-preview:-1"},"canonical":"https:\/\/tourtravelandmore.com\/fr\/tours\/belgique-fr\/bruxelles-fr\/visite-privee-danvers-et-de-gand-au-depart-de-bruxelles\/","og_locale":"fr_FR","og_type":"article","og_title":"Visite priv\u00e9e d'Anvers et de Gand au d\u00e9part de Bruxelles","og_description":"Profitez de cette visite priv\u00e9e enti\u00e8rement personnalis\u00e9e d'Anvers et de Gand au d\u00e9part de Bruxelles et profitez de leurs monuments et sites les plus importants avec votre guide agr\u00e9\u00e9","og_url":"https:\/\/tourtravelandmore.com\/fr\/tours\/belgique-fr\/bruxelles-fr\/visite-privee-danvers-et-de-gand-au-depart-de-bruxelles\/","og_site_name":"Tour Travel And More","article_publisher":"https:\/\/www.facebook.com\/tourtravelandmore\/","article_modified_time":"2022-12-27T15:33:21+00:00","og_image":[{"width":910,"height":611,"url":"https:\/\/tourtravelandmore.com\/wp-content\/uploads\/2020\/03\/antwerp-station-hall-building-station.jpg","type":"image\/jpeg"}],"twitter_card":"summary_large_image","twitter_site":"@TourTravel_More","twitter_misc":{"Dur\u00e9e de lecture estim\u00e9e":"4 minutes"},"schema":{"@context":"https:\/\/schema.org","@graph":[{"@type":"WebPage","@id":"https:\/\/tourtravelandmore.com\/fr\/tours\/belgique-fr\/bruxelles-fr\/visite-privee-danvers-et-de-gand-au-depart-de-bruxelles\/","url":"https:\/\/tourtravelandmore.com\/fr\/tours\/belgique-fr\/bruxelles-fr\/visite-privee-danvers-et-de-gand-au-depart-de-bruxelles\/","name":"Visite priv\u00e9e d'Anvers et de Gand au d\u00e9part de Bruxelles avec chauffeur et guide","isPartOf":{"@id":"https:\/\/tourtravelandmore.com\/fr\/#website"},"primaryImageOfPage":{"@id":"https:\/\/tourtravelandmore.com\/fr\/tours\/belgique-fr\/bruxelles-fr\/visite-privee-danvers-et-de-gand-au-depart-de-bruxelles\/#primaryimage"},"image":{"@id":"https:\/\/tourtravelandmore.com\/fr\/tours\/belgique-fr\/bruxelles-fr\/visite-privee-danvers-et-de-gand-au-depart-de-bruxelles\/#primaryimage"},"thumbnailUrl":"https:\/\/tourtravelandmore.com\/wp-content\/uploads\/2020\/03\/antwerp-station-hall-building-station.jpg","datePublished":"2020-03-24T12:03:40+00:00","dateModified":"2022-12-27T15:33:21+00:00","description":"Profitez de cette visite priv\u00e9e enti\u00e8rement personnalis\u00e9e d'Anvers et de Gand au d\u00e9part de Bruxelles et profitez de leurs monuments et sites les plus importants avec votre guide agr\u00e9\u00e9","breadcrumb":{"@id":"https:\/\/tourtravelandmore.com\/fr\/tours\/belgique-fr\/bruxelles-fr\/visite-privee-danvers-et-de-gand-au-depart-de-bruxelles\/#breadcrumb"},"inLanguage":"fr-FR","potentialAction":[{"@type":"ReadAction","target":["https:\/\/tourtravelandmore.com\/fr\/tours\/belgique-fr\/bruxelles-fr\/visite-privee-danvers-et-de-gand-au-depart-de-bruxelles\/"]}]},{"@type":"ImageObject","inLanguage":"fr-FR","@id":"https:\/\/tourtravelandmore.com\/fr\/tours\/belgique-fr\/bruxelles-fr\/visite-privee-danvers-et-de-gand-au-depart-de-bruxelles\/#primaryimage","url":"https:\/\/tourtravelandmore.com\/wp-content\/uploads\/2020\/03\/antwerp-station-hall-building-station.jpg","contentUrl":"https:\/\/tourtravelandmore.com\/wp-content\/uploads\/2020\/03\/antwerp-station-hall-building-station.jpg","width":910,"height":611},{"@type":"BreadcrumbList","@id":"https:\/\/tourtravelandmore.com\/fr\/tours\/belgique-fr\/bruxelles-fr\/visite-privee-danvers-et-de-gand-au-depart-de-bruxelles\/#breadcrumb","itemListElement":[{"@type":"ListItem","position":1,"name":"Home","item":"https:\/\/tourtravelandmore.com\/fr\/"},{"@type":"ListItem","position":2,"name":"Tours","item":"https:\/\/tourtravelandmore.com\/fr\/tours\/"},{"@type":"ListItem","position":3,"name":"Visite priv\u00e9e d&rsquo;Anvers et de Gand au d\u00e9part de Bruxelles"}]},{"@type":"WebSite","@id":"https:\/\/tourtravelandmore.com\/fr\/#website","url":"https:\/\/tourtravelandmore.com\/fr\/","name":"Tour Travel And More","description":"Private sightseeing tours and luxury transfers in Spain","publisher":{"@id":"https:\/\/tourtravelandmore.com\/fr\/#organization"},"potentialAction":[{"@type":"SearchAction","target":{"@type":"EntryPoint","urlTemplate":"https:\/\/tourtravelandmore.com\/fr\/?s={search_term_string}"},"query-input":{"@type":"PropertyValueSpecification","valueRequired":true,"valueName":"search_term_string"}}],"inLanguage":"fr-FR"},{"@type":"Organization","@id":"https:\/\/tourtravelandmore.com\/fr\/#organization","name":"Tour Travel And More","url":"https:\/\/tourtravelandmore.com\/fr\/","logo":{"@type":"ImageObject","inLanguage":"fr-FR","@id":"https:\/\/tourtravelandmore.com\/fr\/#\/schema\/logo\/image\/","url":"https:\/\/tourtravelandmore.com\/wp-content\/uploads\/2022\/12\/cropped-logo-cabecera-new.png","contentUrl":"https:\/\/tourtravelandmore.com\/wp-content\/uploads\/2022\/12\/cropped-logo-cabecera-new.png","width":430,"height":61,"caption":"Tour Travel And More"},"image":{"@id":"https:\/\/tourtravelandmore.com\/fr\/#\/schema\/logo\/image\/"},"sameAs":["https:\/\/www.facebook.com\/tourtravelandmore\/","https:\/\/x.com\/TourTravel_More"]}]}},"_links":{"self":[{"href":"https:\/\/tourtravelandmore.com\/fr\/wp-json\/wp\/v2\/product\/101123","targetHints":{"allow":["GET"]}}],"collection":[{"href":"https:\/\/tourtravelandmore.com\/fr\/wp-json\/wp\/v2\/product"}],"about":[{"href":"https:\/\/tourtravelandmore.com\/fr\/wp-json\/wp\/v2\/types\/product"}],"replies":[{"embeddable":true,"href":"https:\/\/tourtravelandmore.com\/fr\/wp-json\/wp\/v2\/comments?post=101123"}],"wp:featuredmedia":[{"embeddable":true,"href":"https:\/\/tourtravelandmore.com\/fr\/wp-json\/wp\/v2\/media\/97406"}],"wp:attachment":[{"href":"https:\/\/tourtravelandmore.com\/fr\/wp-json\/wp\/v2\/media?parent=101123"}],"wp:term":[{"taxonomy":"product_brand","embeddable":true,"href":"https:\/\/tourtravelandmore.com\/fr\/wp-json\/wp\/v2\/product_brand?post=101123"},{"taxonomy":"product_cat","embeddable":true,"href":"https:\/\/tourtravelandmore.com\/fr\/wp-json\/wp\/v2\/product_cat?post=101123"},{"taxonomy":"product_tag","embeddable":true,"href":"https:\/\/tourtravelandmore.com\/fr\/wp-json\/wp\/v2\/product_tag?post=101123"}],"curies":[{"name":"wp","href":"https:\/\/api.w.org\/{rel}","templated":true}]}}