{"id":101118,"date":"2020-03-19T15:34:42","date_gmt":"2020-03-19T14:34:42","guid":{"rendered":"https:\/\/tourtravelandmore.com\/tours\/non%20class\u00e9\/visite-privee-du-luxembourg-et-de-dinant-au-depart-de-bruxelles\/"},"modified":"2022-12-27T16:43:58","modified_gmt":"2022-12-27T15:43:58","slug":"visite-privee-du-luxembourg-et-de-dinant-au-depart-de-bruxelles","status":"publish","type":"product","link":"https:\/\/tourtravelandmore.com\/fr\/tours\/luxembourg-fr-2\/luxembourg-fr-luxembourg-fr-2\/visite-privee-du-luxembourg-et-de-dinant-au-depart-de-bruxelles\/","title":{"rendered":"Visite priv\u00e9e du Luxembourg et de Dinant au d\u00e9part de Bruxelles"},"content":{"rendered":"<h2>Description<\/h2>\n<p>Si vous \u00eates dans la capitale belge, ne manquez pas cette belle occasion de rencontrer le Luxembourg et Dinant lors d&#8217;une visite priv\u00e9e de 10 heures au d\u00e9part de Bruxelles avec Travel Tour &amp; More. Nous proposons un programme complet de visites \u00e0 bord d&#8217;une voiture de luxe priv\u00e9e, chauffeur inclus. Vous serez \u00e9galement accompagn\u00e9 par un guide expert du tourisme tout au long de la visite \u00e0 travers la majestueuse ville de Luxembourg. C&#8217;est ce \u00e0 quoi vous devez vous attendre lors de notre visite priv\u00e9e au Luxembourg et \u00e0 Dinant au d\u00e9part de Bruxelles.<\/p>\n<p>Il s&#8217;agit d&#8217;une visite priv\u00e9e de 10 heures au total \u00e0 bord d&#8217;un v\u00e9hicule de luxe (bus ou van) au d\u00e9part de Bruxelles au point de rendez-vous de votre choix.<\/p>\n<p>Ensuite, il se dirigera vers le Luxembourg. Le Luxembourg est un site du patrimoine mondial de l&#8217;UNESCO. Votre guide priv\u00e9 officiel vous attendra pour commencer une aventure magique de trois heures dans la ville int\u00e9ressante.<\/p>\n<p>De retour dans la capitale belge, le chauffeur priv\u00e9 s&#8217;arr\u00eatera dans la ville pittoresque de Dinant, pour explorer la magie de ce lieu avant d&#8217;arriver \u00e0 Bruxelles.<\/p>\n<p>Une fois au Luxembourg, votre guide priv\u00e9 vous proposera un programme de visite d\u00e9j\u00e0 planifi\u00e9, mais vous pourrez \u00e0 tout moment le modifier ou le concevoir en fonction de vos int\u00e9r\u00eats.<\/p>\n<h2>Sites d&#8217;int\u00e9r\u00eat et monuments<\/h2>\n<p>Le premier arr\u00eat est Esch-Sur-S\u00fbre. Un v\u00e9ritable joyau naturel du Luxembourg et sans aucun doute le coin de nature le plus populaire de la ville. Il est situ\u00e9 sur les hauteurs au nord du Grand-Duch\u00e9 et entour\u00e9 de vall\u00e9es verdoyantes.<\/p>\n<p>Ensuite, promenez-vous dans le Grund, l&#8217;un des quartiers les plus beaux, exotiques et relaxants du Luxembourg avec un mobilier naturel et urbain.<\/p>\n<p>Promenez-vous le long des berges de la Moselle. Attendez-vous \u00e0 une atmosph\u00e8re aussi accueillante qu&#8217;exotique. Un autre endroit \u00e0 ne pas manquer est le petit Luxembourg suisse, \u00e9galement appel\u00e9 M\u00fcllerthal. Un v\u00e9ritable joyau naturel du Grand-Duch\u00e9 avec un cadre magnifique et des vall\u00e9es verdoyantes et le lieu de rencontre id\u00e9al pour les amateurs de marche ou de v\u00e9lo.<\/p>\n<p>Vous devriez d\u00e9finitivement utiliser une partie de votre temps pour voir les casemates du Bock et de la P\u00e9trusse. Les galeries souterraines de 23 km traversent toutes les anciennes forteresses du Luxembourg. Ensuite, visitez le Mudam, un mus\u00e9e pr\u00e9sentant une incroyable collection d&#8217;art moderne au Luxembourg sur 3 \u00e9tages.<\/p>\n<p>Plus tard, sur le plateau du Kirchberg, vous pourrez visiter le parc Dr\u00e4i Eechelen en face du fort Thungen. Si vous voyagez avec des enfants, un autre endroit incontournable est le magnifique parc de Bettembourg. Votre guide priv\u00e9 pourrait vous laisser fl\u00e2ner librement et consommer une grande partie du temps que vous voulez avant de vous rendre \u00e0 Dinant, de retour \u00e0 Bruxelles. Prenez le temps d&#8217;appr\u00e9cier un environnement naturel entour\u00e9 d&#8217;animaux et d&#8217;activit\u00e9s pour les enfants dans les circuits d&#8217;aventure et les aires de jeux. Vous pourriez voir des singes, des chauves-souris, des oiseaux, des rongeurs, des reptiles et bien d&#8217;autres.<br \/>\nEt apr\u00e8s?<\/p>\n<p>De retour \u00e0 Bruxelles, votre chauffeur fera escale \u00e0 Dinant, l&#8217;une des plus belles villes de Wallonie et de Belgique. \u00c0 votre arriv\u00e9e, vous verrez que cette ville se situe entre une falaise et la Meuse au charme ind\u00e9niable.<\/p>\n<p>Visitez la Coll\u00e9giale Notre-Dame de Dinant, une citadelle datant de 1501 et la falaise juste derri\u00e8re o\u00f9 vous aurez une vue splendide sur la vall\u00e9e.<\/p>\n<p>Entrez dans le salon de th\u00e9 et cr\u00eaperie de Solbrun pr\u00e8s de l&#8217;\u00e9glise, un endroit tr\u00e8s agr\u00e9able avec une vue magnifique sur le pont et la Meuse. Visitez La Merveilleuse, une grotte d\u00e9couverte en 1904; visitez \u00e9galement la Maison de Monsieur Sax, o\u00f9 est n\u00e9 l&#8217;inventeur du saxophone, Alphonse Sax; et enfin l&#8217;Abbaye Notre-Dame de Leffe, l&#8217;une des plus anciennes abbayes de Belgique datant de 1200.<\/p>\n<h4>\u00c0 propos du Luxembourg et de Dinant<\/h4>\n<p>Le Luxembourg est l&#8217;une des villes les plus riches d&#8217;Europe. Elle compte 119215 habitants en 2019 et a des fronti\u00e8res avec la Belgique, l&#8217;Allemagne et la France. La m\u00e9tallurgie, l&#8217;agriculture et les exportations sont la principale source de revenus au Luxembourg. Il a \u00e9galement une forte pr\u00e9sence culturelle et europ\u00e9enne des atouts qui attirent le tourisme. Pendant ce temps, Dinant est situ\u00e9 sur les rives de la Meuse au c\u0153ur de Namur. Sa renomm\u00e9e repose sur les \u00e9l\u00e9ments en cuivre et en laiton. C&#8217;est aussi une attraction touristique pour ses murs, ses mus\u00e9es et ses grottes.<\/p>\n<p>Voici nos autres visites priv\u00e9es \u00e0 Bruxelles. Nous pouvons personnaliser les exp\u00e9riences pour vous.<\/p>\n","protected":false},"excerpt":{"rendered":"<p>Profitez de cette visite priv\u00e9e enti\u00e8rement personnalis\u00e9e de 10 heures du Luxembourg et de Dinant au d\u00e9part de Bruxelles. Profitez de cette occasion pour d\u00e9couvrir ces merveilleuses villes avec votre propre chauffeur priv\u00e9 et guide officiel.Ne manquez pas les monuments, les sites touristiques, les nombreuses \u00e9glises, ses mus\u00e9es tels que l&#8217;Esch-Sur-S\u00fbre, le Grund, la Moselle, le Little Swiss Luxembourg et bien plus dans cette visite priv\u00e9e.<\/p>\n","protected":false},"featured_media":97384,"comment_status":"open","ping_status":"closed","template":"","meta":{"_acf_changed":false},"product_brand":[],"product_cat":[3729,3693,4236,4235],"product_tag":[],"class_list":{"0":"post-101118","1":"product","2":"type-product","3":"status-publish","4":"has-post-thumbnail","6":"product_cat-luxembourg-fr-luxembourg-fr-2","7":"product_cat-bruxelles-fr","8":"product_cat-all-private-tours-activities-fr-11","9":"product_cat-private-sightseeing-tours-fr-16","11":"first","12":"instock","13":"shipping-taxable","14":"purchasable","15":"product-type-simple"},"acf":[],"yoast_head":"<!-- This site is optimized with the Yoast SEO Premium plugin v25.3.1 (Yoast SEO v25.3.1) - https:\/\/yoast.com\/wordpress\/plugins\/seo\/ -->\n<title>Visite priv\u00e9e du Luxembourg et de Dinant au d\u00e9part de Bruxelles<\/title>\n<meta name=\"description\" content=\"Profitez de cette visite priv\u00e9e enti\u00e8rement personnalis\u00e9e du Luxembourg et de Dinant au d\u00e9part de Bruxelles et profitez de leurs monuments et sites les plus importants\" \/>\n<meta name=\"robots\" content=\"index, follow, max-snippet:-1, max-image-preview:large, max-video-preview:-1\" \/>\n<link rel=\"canonical\" href=\"https:\/\/tourtravelandmore.com\/fr\/tours\/luxembourg-fr-2\/luxembourg-fr-luxembourg-fr-2\/visite-privee-du-luxembourg-et-de-dinant-au-depart-de-bruxelles\/\" \/>\n<meta property=\"og:locale\" content=\"fr_FR\" \/>\n<meta property=\"og:type\" content=\"article\" \/>\n<meta property=\"og:title\" content=\"Visite priv\u00e9e du Luxembourg et de Dinant au d\u00e9part de Bruxelles\" \/>\n<meta property=\"og:description\" content=\"Profitez de cette visite priv\u00e9e enti\u00e8rement personnalis\u00e9e du Luxembourg et de Dinant au d\u00e9part de Bruxelles et profitez de leurs monuments et sites les plus importants\" \/>\n<meta property=\"og:url\" content=\"https:\/\/tourtravelandmore.com\/fr\/tours\/luxembourg-fr-2\/luxembourg-fr-luxembourg-fr-2\/visite-privee-du-luxembourg-et-de-dinant-au-depart-de-bruxelles\/\" \/>\n<meta property=\"og:site_name\" content=\"Tour Travel And More\" \/>\n<meta property=\"article:publisher\" content=\"https:\/\/www.facebook.com\/tourtravelandmore\/\" \/>\n<meta property=\"article:modified_time\" content=\"2022-12-27T15:43:58+00:00\" \/>\n<meta property=\"og:image\" content=\"https:\/\/tourtravelandmore.com\/wp-content\/uploads\/2020\/03\/dinant-2-scaled.jpg\" \/>\n\t<meta property=\"og:image:width\" content=\"2560\" \/>\n\t<meta property=\"og:image:height\" content=\"1707\" \/>\n\t<meta property=\"og:image:type\" content=\"image\/jpeg\" \/>\n<meta name=\"twitter:card\" content=\"summary_large_image\" \/>\n<meta name=\"twitter:site\" content=\"@TourTravel_More\" \/>\n<meta name=\"twitter:label1\" content=\"Dur\u00e9e de lecture estim\u00e9e\" \/>\n\t<meta name=\"twitter:data1\" content=\"4 minutes\" \/>\n<script type=\"application\/ld+json\" class=\"yoast-schema-graph\">{\"@context\":\"https:\/\/schema.org\",\"@graph\":[{\"@type\":\"WebPage\",\"@id\":\"https:\/\/tourtravelandmore.com\/fr\/tours\/luxembourg-fr-2\/luxembourg-fr-luxembourg-fr-2\/visite-privee-du-luxembourg-et-de-dinant-au-depart-de-bruxelles\/\",\"url\":\"https:\/\/tourtravelandmore.com\/fr\/tours\/luxembourg-fr-2\/luxembourg-fr-luxembourg-fr-2\/visite-privee-du-luxembourg-et-de-dinant-au-depart-de-bruxelles\/\",\"name\":\"Visite priv\u00e9e du Luxembourg et de Dinant au d\u00e9part de Bruxelles\",\"isPartOf\":{\"@id\":\"https:\/\/tourtravelandmore.com\/fr\/#website\"},\"primaryImageOfPage\":{\"@id\":\"https:\/\/tourtravelandmore.com\/fr\/tours\/luxembourg-fr-2\/luxembourg-fr-luxembourg-fr-2\/visite-privee-du-luxembourg-et-de-dinant-au-depart-de-bruxelles\/#primaryimage\"},\"image\":{\"@id\":\"https:\/\/tourtravelandmore.com\/fr\/tours\/luxembourg-fr-2\/luxembourg-fr-luxembourg-fr-2\/visite-privee-du-luxembourg-et-de-dinant-au-depart-de-bruxelles\/#primaryimage\"},\"thumbnailUrl\":\"https:\/\/tourtravelandmore.com\/wp-content\/uploads\/2020\/03\/dinant-2-scaled.jpg\",\"datePublished\":\"2020-03-19T14:34:42+00:00\",\"dateModified\":\"2022-12-27T15:43:58+00:00\",\"description\":\"Profitez de cette visite priv\u00e9e enti\u00e8rement personnalis\u00e9e du Luxembourg et de Dinant au d\u00e9part de Bruxelles et profitez de leurs monuments et sites les plus importants\",\"breadcrumb\":{\"@id\":\"https:\/\/tourtravelandmore.com\/fr\/tours\/luxembourg-fr-2\/luxembourg-fr-luxembourg-fr-2\/visite-privee-du-luxembourg-et-de-dinant-au-depart-de-bruxelles\/#breadcrumb\"},\"inLanguage\":\"fr-FR\",\"potentialAction\":[{\"@type\":\"ReadAction\",\"target\":[\"https:\/\/tourtravelandmore.com\/fr\/tours\/luxembourg-fr-2\/luxembourg-fr-luxembourg-fr-2\/visite-privee-du-luxembourg-et-de-dinant-au-depart-de-bruxelles\/\"]}]},{\"@type\":\"ImageObject\",\"inLanguage\":\"fr-FR\",\"@id\":\"https:\/\/tourtravelandmore.com\/fr\/tours\/luxembourg-fr-2\/luxembourg-fr-luxembourg-fr-2\/visite-privee-du-luxembourg-et-de-dinant-au-depart-de-bruxelles\/#primaryimage\",\"url\":\"https:\/\/tourtravelandmore.com\/wp-content\/uploads\/2020\/03\/dinant-2-scaled.jpg\",\"contentUrl\":\"https:\/\/tourtravelandmore.com\/wp-content\/uploads\/2020\/03\/dinant-2-scaled.jpg\",\"width\":2560,\"height\":1707,\"caption\":\"Processed with VSCO with c1 preset\"},{\"@type\":\"BreadcrumbList\",\"@id\":\"https:\/\/tourtravelandmore.com\/fr\/tours\/luxembourg-fr-2\/luxembourg-fr-luxembourg-fr-2\/visite-privee-du-luxembourg-et-de-dinant-au-depart-de-bruxelles\/#breadcrumb\",\"itemListElement\":[{\"@type\":\"ListItem\",\"position\":1,\"name\":\"Home\",\"item\":\"https:\/\/tourtravelandmore.com\/fr\/\"},{\"@type\":\"ListItem\",\"position\":2,\"name\":\"Tours\",\"item\":\"https:\/\/tourtravelandmore.com\/fr\/tours\/\"},{\"@type\":\"ListItem\",\"position\":3,\"name\":\"Visite priv\u00e9e du Luxembourg et de Dinant au d\u00e9part de Bruxelles\"}]},{\"@type\":\"WebSite\",\"@id\":\"https:\/\/tourtravelandmore.com\/fr\/#website\",\"url\":\"https:\/\/tourtravelandmore.com\/fr\/\",\"name\":\"Tour Travel And More\",\"description\":\"Private sightseeing tours and luxury transfers in Spain\",\"publisher\":{\"@id\":\"https:\/\/tourtravelandmore.com\/fr\/#organization\"},\"potentialAction\":[{\"@type\":\"SearchAction\",\"target\":{\"@type\":\"EntryPoint\",\"urlTemplate\":\"https:\/\/tourtravelandmore.com\/fr\/?s={search_term_string}\"},\"query-input\":{\"@type\":\"PropertyValueSpecification\",\"valueRequired\":true,\"valueName\":\"search_term_string\"}}],\"inLanguage\":\"fr-FR\"},{\"@type\":\"Organization\",\"@id\":\"https:\/\/tourtravelandmore.com\/fr\/#organization\",\"name\":\"Tour Travel And More\",\"url\":\"https:\/\/tourtravelandmore.com\/fr\/\",\"logo\":{\"@type\":\"ImageObject\",\"inLanguage\":\"fr-FR\",\"@id\":\"https:\/\/tourtravelandmore.com\/fr\/#\/schema\/logo\/image\/\",\"url\":\"https:\/\/tourtravelandmore.com\/wp-content\/uploads\/2022\/12\/cropped-logo-cabecera-new.png\",\"contentUrl\":\"https:\/\/tourtravelandmore.com\/wp-content\/uploads\/2022\/12\/cropped-logo-cabecera-new.png\",\"width\":430,\"height\":61,\"caption\":\"Tour Travel And More\"},\"image\":{\"@id\":\"https:\/\/tourtravelandmore.com\/fr\/#\/schema\/logo\/image\/\"},\"sameAs\":[\"https:\/\/www.facebook.com\/tourtravelandmore\/\",\"https:\/\/x.com\/TourTravel_More\"]}]}<\/script>\n<!-- \/ Yoast SEO Premium plugin. -->","yoast_head_json":{"title":"Visite priv\u00e9e du Luxembourg et de Dinant au d\u00e9part de Bruxelles","description":"Profitez de cette visite priv\u00e9e enti\u00e8rement personnalis\u00e9e du Luxembourg et de Dinant au d\u00e9part de Bruxelles et profitez de leurs monuments et sites les plus importants","robots":{"index":"index","follow":"follow","max-snippet":"max-snippet:-1","max-image-preview":"max-image-preview:large","max-video-preview":"max-video-preview:-1"},"canonical":"https:\/\/tourtravelandmore.com\/fr\/tours\/luxembourg-fr-2\/luxembourg-fr-luxembourg-fr-2\/visite-privee-du-luxembourg-et-de-dinant-au-depart-de-bruxelles\/","og_locale":"fr_FR","og_type":"article","og_title":"Visite priv\u00e9e du Luxembourg et de Dinant au d\u00e9part de Bruxelles","og_description":"Profitez de cette visite priv\u00e9e enti\u00e8rement personnalis\u00e9e du Luxembourg et de Dinant au d\u00e9part de Bruxelles et profitez de leurs monuments et sites les plus importants","og_url":"https:\/\/tourtravelandmore.com\/fr\/tours\/luxembourg-fr-2\/luxembourg-fr-luxembourg-fr-2\/visite-privee-du-luxembourg-et-de-dinant-au-depart-de-bruxelles\/","og_site_name":"Tour Travel And More","article_publisher":"https:\/\/www.facebook.com\/tourtravelandmore\/","article_modified_time":"2022-12-27T15:43:58+00:00","og_image":[{"width":2560,"height":1707,"url":"https:\/\/tourtravelandmore.com\/wp-content\/uploads\/2020\/03\/dinant-2-scaled.jpg","type":"image\/jpeg"}],"twitter_card":"summary_large_image","twitter_site":"@TourTravel_More","twitter_misc":{"Dur\u00e9e de lecture estim\u00e9e":"4 minutes"},"schema":{"@context":"https:\/\/schema.org","@graph":[{"@type":"WebPage","@id":"https:\/\/tourtravelandmore.com\/fr\/tours\/luxembourg-fr-2\/luxembourg-fr-luxembourg-fr-2\/visite-privee-du-luxembourg-et-de-dinant-au-depart-de-bruxelles\/","url":"https:\/\/tourtravelandmore.com\/fr\/tours\/luxembourg-fr-2\/luxembourg-fr-luxembourg-fr-2\/visite-privee-du-luxembourg-et-de-dinant-au-depart-de-bruxelles\/","name":"Visite priv\u00e9e du Luxembourg et de Dinant au d\u00e9part de Bruxelles","isPartOf":{"@id":"https:\/\/tourtravelandmore.com\/fr\/#website"},"primaryImageOfPage":{"@id":"https:\/\/tourtravelandmore.com\/fr\/tours\/luxembourg-fr-2\/luxembourg-fr-luxembourg-fr-2\/visite-privee-du-luxembourg-et-de-dinant-au-depart-de-bruxelles\/#primaryimage"},"image":{"@id":"https:\/\/tourtravelandmore.com\/fr\/tours\/luxembourg-fr-2\/luxembourg-fr-luxembourg-fr-2\/visite-privee-du-luxembourg-et-de-dinant-au-depart-de-bruxelles\/#primaryimage"},"thumbnailUrl":"https:\/\/tourtravelandmore.com\/wp-content\/uploads\/2020\/03\/dinant-2-scaled.jpg","datePublished":"2020-03-19T14:34:42+00:00","dateModified":"2022-12-27T15:43:58+00:00","description":"Profitez de cette visite priv\u00e9e enti\u00e8rement personnalis\u00e9e du Luxembourg et de Dinant au d\u00e9part de Bruxelles et profitez de leurs monuments et sites les plus importants","breadcrumb":{"@id":"https:\/\/tourtravelandmore.com\/fr\/tours\/luxembourg-fr-2\/luxembourg-fr-luxembourg-fr-2\/visite-privee-du-luxembourg-et-de-dinant-au-depart-de-bruxelles\/#breadcrumb"},"inLanguage":"fr-FR","potentialAction":[{"@type":"ReadAction","target":["https:\/\/tourtravelandmore.com\/fr\/tours\/luxembourg-fr-2\/luxembourg-fr-luxembourg-fr-2\/visite-privee-du-luxembourg-et-de-dinant-au-depart-de-bruxelles\/"]}]},{"@type":"ImageObject","inLanguage":"fr-FR","@id":"https:\/\/tourtravelandmore.com\/fr\/tours\/luxembourg-fr-2\/luxembourg-fr-luxembourg-fr-2\/visite-privee-du-luxembourg-et-de-dinant-au-depart-de-bruxelles\/#primaryimage","url":"https:\/\/tourtravelandmore.com\/wp-content\/uploads\/2020\/03\/dinant-2-scaled.jpg","contentUrl":"https:\/\/tourtravelandmore.com\/wp-content\/uploads\/2020\/03\/dinant-2-scaled.jpg","width":2560,"height":1707,"caption":"Processed with VSCO with c1 preset"},{"@type":"BreadcrumbList","@id":"https:\/\/tourtravelandmore.com\/fr\/tours\/luxembourg-fr-2\/luxembourg-fr-luxembourg-fr-2\/visite-privee-du-luxembourg-et-de-dinant-au-depart-de-bruxelles\/#breadcrumb","itemListElement":[{"@type":"ListItem","position":1,"name":"Home","item":"https:\/\/tourtravelandmore.com\/fr\/"},{"@type":"ListItem","position":2,"name":"Tours","item":"https:\/\/tourtravelandmore.com\/fr\/tours\/"},{"@type":"ListItem","position":3,"name":"Visite priv\u00e9e du Luxembourg et de Dinant au d\u00e9part de Bruxelles"}]},{"@type":"WebSite","@id":"https:\/\/tourtravelandmore.com\/fr\/#website","url":"https:\/\/tourtravelandmore.com\/fr\/","name":"Tour Travel And More","description":"Private sightseeing tours and luxury transfers in Spain","publisher":{"@id":"https:\/\/tourtravelandmore.com\/fr\/#organization"},"potentialAction":[{"@type":"SearchAction","target":{"@type":"EntryPoint","urlTemplate":"https:\/\/tourtravelandmore.com\/fr\/?s={search_term_string}"},"query-input":{"@type":"PropertyValueSpecification","valueRequired":true,"valueName":"search_term_string"}}],"inLanguage":"fr-FR"},{"@type":"Organization","@id":"https:\/\/tourtravelandmore.com\/fr\/#organization","name":"Tour Travel And More","url":"https:\/\/tourtravelandmore.com\/fr\/","logo":{"@type":"ImageObject","inLanguage":"fr-FR","@id":"https:\/\/tourtravelandmore.com\/fr\/#\/schema\/logo\/image\/","url":"https:\/\/tourtravelandmore.com\/wp-content\/uploads\/2022\/12\/cropped-logo-cabecera-new.png","contentUrl":"https:\/\/tourtravelandmore.com\/wp-content\/uploads\/2022\/12\/cropped-logo-cabecera-new.png","width":430,"height":61,"caption":"Tour Travel And More"},"image":{"@id":"https:\/\/tourtravelandmore.com\/fr\/#\/schema\/logo\/image\/"},"sameAs":["https:\/\/www.facebook.com\/tourtravelandmore\/","https:\/\/x.com\/TourTravel_More"]}]}},"_links":{"self":[{"href":"https:\/\/tourtravelandmore.com\/fr\/wp-json\/wp\/v2\/product\/101118","targetHints":{"allow":["GET"]}}],"collection":[{"href":"https:\/\/tourtravelandmore.com\/fr\/wp-json\/wp\/v2\/product"}],"about":[{"href":"https:\/\/tourtravelandmore.com\/fr\/wp-json\/wp\/v2\/types\/product"}],"replies":[{"embeddable":true,"href":"https:\/\/tourtravelandmore.com\/fr\/wp-json\/wp\/v2\/comments?post=101118"}],"wp:featuredmedia":[{"embeddable":true,"href":"https:\/\/tourtravelandmore.com\/fr\/wp-json\/wp\/v2\/media\/97384"}],"wp:attachment":[{"href":"https:\/\/tourtravelandmore.com\/fr\/wp-json\/wp\/v2\/media?parent=101118"}],"wp:term":[{"taxonomy":"product_brand","embeddable":true,"href":"https:\/\/tourtravelandmore.com\/fr\/wp-json\/wp\/v2\/product_brand?post=101118"},{"taxonomy":"product_cat","embeddable":true,"href":"https:\/\/tourtravelandmore.com\/fr\/wp-json\/wp\/v2\/product_cat?post=101118"},{"taxonomy":"product_tag","embeddable":true,"href":"https:\/\/tourtravelandmore.com\/fr\/wp-json\/wp\/v2\/product_tag?post=101118"}],"curies":[{"name":"wp","href":"https:\/\/api.w.org\/{rel}","templated":true}]}}