{"id":100929,"date":"2019-09-27T16:18:28","date_gmt":"2019-09-27T14:18:28","guid":{"rendered":"https:\/\/tourtravelandmore.com\/tours\/non class\u00e9\/excursion-privee-en-bord-de-mer-a-bruges\/"},"modified":"2019-09-27T16:18:28","modified_gmt":"2019-09-27T14:18:28","slug":"excursion-privee-en-bord-de-mer-a-bruges","status":"publish","type":"product","link":"https:\/\/tourtravelandmore.com\/fr\/tours\/belgique-fr\/bruge-fr\/excursion-privee-en-bord-de-mer-a-bruges\/","title":{"rendered":"Excursion priv\u00e9e en bord de mer \u00e0 Bruges"},"content":{"rendered":"<h2>Description<\/h2>\n<p>Profitez de cette visite priv\u00e9e d&#8217;une journ\u00e9e compl\u00e8te de 8 heures \u00e0 Bruges \u00e0 l&#8217;aise dans votre v\u00e9hicule de luxe priv\u00e9. Cette excursion priv\u00e9e \u00e0 Brugge Shore est parfaite pour vous. Profitez de la visite avec votre guide officiel une fois \u00e0 Bruges. Apprenez \u00e0 conna\u00eetre ses sites les plus embl\u00e9matiques \u00e0 c\u00f4t\u00e9 d&#8217;un expert lors de cette visite priv\u00e9e.<\/p>\n<p>Nous viendrons vous chercher \u00e0 votre h\u00f4tel ou lieu de votre choix dans la ville et nous vous dirigerons vers les monuments et sites les plus importants de Bruges. Ce sera votre v\u00e9hicule de luxe priv\u00e9 avec chauffeur. La prise en charge peut \u00e9galement se faire depuis le port de croisi\u00e8re.<\/p>\n<p>Il s&#8217;agit d&#8217;une visite enti\u00e8rement personnalis\u00e9e. Vous pouvez personnaliser chaque visite en nous contactant simplement. Voici un exemple de certains des sites les plus importants pour vous donner une id\u00e9e, mais votre visite sera enti\u00e8rement personnalis\u00e9e pour r\u00e9pondre exactement \u00e0 vos besoins.<\/p>\n<p>Nous vous aiderons \u00e0 organiser votre exp\u00e9rience totalement personnalis\u00e9e et unique \u00e0 Bruges.<\/p>\n<h2>Sites et monuments les plus importants de cette visite priv\u00e9e<\/h2>\n<p>Au cours de votre excursion priv\u00e9e \u00e0 Brugge Shore, vous d\u00e9couvrirez certains des endroits les plus reconnus de la ville. Vous serez t\u00e9moin de sa beaut\u00e9 architecturale unique.<\/p>\n<p>Parmi les sites que vous pouvez visiter gr\u00e2ce \u00e0 cette visite priv\u00e9e, nous vous proposons:<\/p>\n<ul>\n<li>Beffroi de Bruges<\/li>\n<li>Basilique du Saint-Sang<\/li>\n<li>H\u00f4tel de ville de Bruges<\/li>\n<li>Old St John\u2019s Hospital<\/li>\n<li>Provinciaal Hof<\/li>\n<li>Markt et place du march\u00e9<\/li>\n<li>Belfort, Beffroi et Carillon<\/li>\n<li>Statue de Simon Stevin<\/li>\n<li>Cath\u00e9drale Saint-Salvator<\/li>\n<li>Mus\u00e9e d&#8217;arch\u00e9ologie<\/li>\n<li>\u00c9glise Notre-Dame<\/li>\n<li>Memling \u00e0 Sint-Jan<\/li>\n<li>Pont Saint-Boniface<\/li>\n<li>Groeningemuseum<\/li>\n<li>Place Burg<\/li>\n<li>Et bien d&#8217;autres sites dans cette visite priv\u00e9e de Bruges<\/li>\n<\/ul>\n<p>Cette visite est une exp\u00e9rience enti\u00e8rement personnalisable pour vous.<\/p>\n<p>Veuillez nous contacter pour rendre votre exp\u00e9rience unique et vous aider \u00e0 organiser votre visite priv\u00e9e. Nous pouvons \u00e9galement organiser des visites avec un v\u00e9hicule priv\u00e9.<\/p>\n<p>D\u00e9couvrez toutes les autres exp\u00e9riences priv\u00e9es que nous proposons dans la ville de Bruges! Nous proposons pour vous des visites et activit\u00e9s priv\u00e9es dans toutes les villes et tous les ports de croisi\u00e8re.<\/p>\n","protected":false},"excerpt":{"rendered":"<p>Profitez de cette occasion pour visiter Bruges depuis le port de croisi\u00e8re avec cette excursion priv\u00e9e d&#8217;une journ\u00e9e \u00e0 terre \u00e0 Bruges avec un guide local. Vous aurez \u00e9galement \u00e0 votre disposition un v\u00e9hicule de luxe priv\u00e9 avec chauffeur. Personnalisez votre propre exp\u00e9rience. Ne manquez pas les monuments, sites touristiques, mus\u00e9es et bien plus encore lors de cette visite priv\u00e9e.<\/p>\n","protected":false},"featured_media":96434,"comment_status":"open","ping_status":"closed","template":"","meta":{"_acf_changed":false},"product_brand":[],"product_cat":[3673],"product_tag":[],"class_list":{"0":"post-100929","1":"product","2":"type-product","3":"status-publish","4":"has-post-thumbnail","6":"product_cat-bruge-fr","8":"first","9":"instock","10":"shipping-taxable","11":"purchasable","12":"product-type-simple"},"acf":[],"yoast_head":"<!-- This site is optimized with the Yoast SEO Premium plugin v25.3.1 (Yoast SEO v25.3.1) - https:\/\/yoast.com\/wordpress\/plugins\/seo\/ -->\n<title>Excursion priv\u00e9e en bord de mer \u00e0 Bruges &#8212; Tour Travel And More<\/title>\n<meta name=\"description\" content=\"Excursion priv\u00e9e en bord de mer \u00e0 Bruges &#8212; Tour Travel And More\" \/>\n<meta name=\"robots\" content=\"index, follow, max-snippet:-1, max-image-preview:large, max-video-preview:-1\" \/>\n<link rel=\"canonical\" href=\"https:\/\/tourtravelandmore.com\/fr\/tours\/belgique-fr\/bruge-fr\/excursion-privee-en-bord-de-mer-a-bruges\/\" \/>\n<meta property=\"og:locale\" content=\"fr_FR\" \/>\n<meta property=\"og:type\" content=\"article\" \/>\n<meta property=\"og:title\" content=\"Excursion priv\u00e9e en bord de mer \u00e0 Bruges\" \/>\n<meta property=\"og:description\" content=\"Excursion priv\u00e9e en bord de mer \u00e0 Bruges &#8212; Tour Travel And More\" \/>\n<meta property=\"og:url\" content=\"https:\/\/tourtravelandmore.com\/fr\/tours\/belgique-fr\/bruge-fr\/excursion-privee-en-bord-de-mer-a-bruges\/\" \/>\n<meta property=\"og:site_name\" content=\"Tour Travel And More\" \/>\n<meta property=\"article:publisher\" content=\"https:\/\/www.facebook.com\/tourtravelandmore\/\" \/>\n<meta property=\"og:image\" content=\"https:\/\/tourtravelandmore.com\/wp-content\/uploads\/2019\/09\/bruges-belfort.jpg\" \/>\n\t<meta property=\"og:image:width\" content=\"1024\" \/>\n\t<meta property=\"og:image:height\" content=\"680\" \/>\n\t<meta property=\"og:image:type\" content=\"image\/jpeg\" \/>\n<meta name=\"twitter:card\" content=\"summary_large_image\" \/>\n<meta name=\"twitter:site\" content=\"@TourTravel_More\" \/>\n<meta name=\"twitter:label1\" content=\"Dur\u00e9e de lecture estim\u00e9e\" \/>\n\t<meta name=\"twitter:data1\" content=\"2 minutes\" \/>\n<script type=\"application\/ld+json\" class=\"yoast-schema-graph\">{\"@context\":\"https:\/\/schema.org\",\"@graph\":[{\"@type\":\"WebPage\",\"@id\":\"https:\/\/tourtravelandmore.com\/fr\/tours\/belgique-fr\/bruge-fr\/excursion-privee-en-bord-de-mer-a-bruges\/\",\"url\":\"https:\/\/tourtravelandmore.com\/fr\/tours\/belgique-fr\/bruge-fr\/excursion-privee-en-bord-de-mer-a-bruges\/\",\"name\":\"Excursion priv\u00e9e en bord de mer \u00e0 Bruges &#8212; Tour Travel And More\",\"isPartOf\":{\"@id\":\"https:\/\/tourtravelandmore.com\/fr\/#website\"},\"primaryImageOfPage\":{\"@id\":\"https:\/\/tourtravelandmore.com\/fr\/tours\/belgique-fr\/bruge-fr\/excursion-privee-en-bord-de-mer-a-bruges\/#primaryimage\"},\"image\":{\"@id\":\"https:\/\/tourtravelandmore.com\/fr\/tours\/belgique-fr\/bruge-fr\/excursion-privee-en-bord-de-mer-a-bruges\/#primaryimage\"},\"thumbnailUrl\":\"https:\/\/tourtravelandmore.com\/wp-content\/uploads\/2019\/09\/bruges-belfort.jpg\",\"datePublished\":\"2019-09-27T14:18:28+00:00\",\"description\":\"Excursion priv\u00e9e en bord de mer \u00e0 Bruges &#8212; Tour Travel And More\",\"breadcrumb\":{\"@id\":\"https:\/\/tourtravelandmore.com\/fr\/tours\/belgique-fr\/bruge-fr\/excursion-privee-en-bord-de-mer-a-bruges\/#breadcrumb\"},\"inLanguage\":\"fr-FR\",\"potentialAction\":[{\"@type\":\"ReadAction\",\"target\":[\"https:\/\/tourtravelandmore.com\/fr\/tours\/belgique-fr\/bruge-fr\/excursion-privee-en-bord-de-mer-a-bruges\/\"]}]},{\"@type\":\"ImageObject\",\"inLanguage\":\"fr-FR\",\"@id\":\"https:\/\/tourtravelandmore.com\/fr\/tours\/belgique-fr\/bruge-fr\/excursion-privee-en-bord-de-mer-a-bruges\/#primaryimage\",\"url\":\"https:\/\/tourtravelandmore.com\/wp-content\/uploads\/2019\/09\/bruges-belfort.jpg\",\"contentUrl\":\"https:\/\/tourtravelandmore.com\/wp-content\/uploads\/2019\/09\/bruges-belfort.jpg\",\"width\":1024,\"height\":680,\"caption\":\"Urlaub in Br\u00fcgge im Mai 2008\"},{\"@type\":\"BreadcrumbList\",\"@id\":\"https:\/\/tourtravelandmore.com\/fr\/tours\/belgique-fr\/bruge-fr\/excursion-privee-en-bord-de-mer-a-bruges\/#breadcrumb\",\"itemListElement\":[{\"@type\":\"ListItem\",\"position\":1,\"name\":\"Home\",\"item\":\"https:\/\/tourtravelandmore.com\/fr\/\"},{\"@type\":\"ListItem\",\"position\":2,\"name\":\"Tours\",\"item\":\"https:\/\/tourtravelandmore.com\/fr\/tours\/\"},{\"@type\":\"ListItem\",\"position\":3,\"name\":\"Excursion priv\u00e9e en bord de mer \u00e0 Bruges\"}]},{\"@type\":\"WebSite\",\"@id\":\"https:\/\/tourtravelandmore.com\/fr\/#website\",\"url\":\"https:\/\/tourtravelandmore.com\/fr\/\",\"name\":\"Tour Travel And More\",\"description\":\"Private sightseeing tours and luxury transfers in Spain\",\"publisher\":{\"@id\":\"https:\/\/tourtravelandmore.com\/fr\/#organization\"},\"potentialAction\":[{\"@type\":\"SearchAction\",\"target\":{\"@type\":\"EntryPoint\",\"urlTemplate\":\"https:\/\/tourtravelandmore.com\/fr\/?s={search_term_string}\"},\"query-input\":{\"@type\":\"PropertyValueSpecification\",\"valueRequired\":true,\"valueName\":\"search_term_string\"}}],\"inLanguage\":\"fr-FR\"},{\"@type\":\"Organization\",\"@id\":\"https:\/\/tourtravelandmore.com\/fr\/#organization\",\"name\":\"Tour Travel And More\",\"url\":\"https:\/\/tourtravelandmore.com\/fr\/\",\"logo\":{\"@type\":\"ImageObject\",\"inLanguage\":\"fr-FR\",\"@id\":\"https:\/\/tourtravelandmore.com\/fr\/#\/schema\/logo\/image\/\",\"url\":\"https:\/\/tourtravelandmore.com\/wp-content\/uploads\/2022\/12\/cropped-logo-cabecera-new.png\",\"contentUrl\":\"https:\/\/tourtravelandmore.com\/wp-content\/uploads\/2022\/12\/cropped-logo-cabecera-new.png\",\"width\":430,\"height\":61,\"caption\":\"Tour Travel And More\"},\"image\":{\"@id\":\"https:\/\/tourtravelandmore.com\/fr\/#\/schema\/logo\/image\/\"},\"sameAs\":[\"https:\/\/www.facebook.com\/tourtravelandmore\/\",\"https:\/\/x.com\/TourTravel_More\"]}]}<\/script>\n<!-- \/ Yoast SEO Premium plugin. -->","yoast_head_json":{"title":"Excursion priv\u00e9e en bord de mer \u00e0 Bruges &#8212; Tour Travel And More","description":"Excursion priv\u00e9e en bord de mer \u00e0 Bruges &#8212; Tour Travel And More","robots":{"index":"index","follow":"follow","max-snippet":"max-snippet:-1","max-image-preview":"max-image-preview:large","max-video-preview":"max-video-preview:-1"},"canonical":"https:\/\/tourtravelandmore.com\/fr\/tours\/belgique-fr\/bruge-fr\/excursion-privee-en-bord-de-mer-a-bruges\/","og_locale":"fr_FR","og_type":"article","og_title":"Excursion priv\u00e9e en bord de mer \u00e0 Bruges","og_description":"Excursion priv\u00e9e en bord de mer \u00e0 Bruges &#8212; Tour Travel And More","og_url":"https:\/\/tourtravelandmore.com\/fr\/tours\/belgique-fr\/bruge-fr\/excursion-privee-en-bord-de-mer-a-bruges\/","og_site_name":"Tour Travel And More","article_publisher":"https:\/\/www.facebook.com\/tourtravelandmore\/","og_image":[{"width":1024,"height":680,"url":"https:\/\/tourtravelandmore.com\/wp-content\/uploads\/2019\/09\/bruges-belfort.jpg","type":"image\/jpeg"}],"twitter_card":"summary_large_image","twitter_site":"@TourTravel_More","twitter_misc":{"Dur\u00e9e de lecture estim\u00e9e":"2 minutes"},"schema":{"@context":"https:\/\/schema.org","@graph":[{"@type":"WebPage","@id":"https:\/\/tourtravelandmore.com\/fr\/tours\/belgique-fr\/bruge-fr\/excursion-privee-en-bord-de-mer-a-bruges\/","url":"https:\/\/tourtravelandmore.com\/fr\/tours\/belgique-fr\/bruge-fr\/excursion-privee-en-bord-de-mer-a-bruges\/","name":"Excursion priv\u00e9e en bord de mer \u00e0 Bruges &#8212; Tour Travel And More","isPartOf":{"@id":"https:\/\/tourtravelandmore.com\/fr\/#website"},"primaryImageOfPage":{"@id":"https:\/\/tourtravelandmore.com\/fr\/tours\/belgique-fr\/bruge-fr\/excursion-privee-en-bord-de-mer-a-bruges\/#primaryimage"},"image":{"@id":"https:\/\/tourtravelandmore.com\/fr\/tours\/belgique-fr\/bruge-fr\/excursion-privee-en-bord-de-mer-a-bruges\/#primaryimage"},"thumbnailUrl":"https:\/\/tourtravelandmore.com\/wp-content\/uploads\/2019\/09\/bruges-belfort.jpg","datePublished":"2019-09-27T14:18:28+00:00","description":"Excursion priv\u00e9e en bord de mer \u00e0 Bruges &#8212; Tour Travel And More","breadcrumb":{"@id":"https:\/\/tourtravelandmore.com\/fr\/tours\/belgique-fr\/bruge-fr\/excursion-privee-en-bord-de-mer-a-bruges\/#breadcrumb"},"inLanguage":"fr-FR","potentialAction":[{"@type":"ReadAction","target":["https:\/\/tourtravelandmore.com\/fr\/tours\/belgique-fr\/bruge-fr\/excursion-privee-en-bord-de-mer-a-bruges\/"]}]},{"@type":"ImageObject","inLanguage":"fr-FR","@id":"https:\/\/tourtravelandmore.com\/fr\/tours\/belgique-fr\/bruge-fr\/excursion-privee-en-bord-de-mer-a-bruges\/#primaryimage","url":"https:\/\/tourtravelandmore.com\/wp-content\/uploads\/2019\/09\/bruges-belfort.jpg","contentUrl":"https:\/\/tourtravelandmore.com\/wp-content\/uploads\/2019\/09\/bruges-belfort.jpg","width":1024,"height":680,"caption":"Urlaub in Br\u00fcgge im Mai 2008"},{"@type":"BreadcrumbList","@id":"https:\/\/tourtravelandmore.com\/fr\/tours\/belgique-fr\/bruge-fr\/excursion-privee-en-bord-de-mer-a-bruges\/#breadcrumb","itemListElement":[{"@type":"ListItem","position":1,"name":"Home","item":"https:\/\/tourtravelandmore.com\/fr\/"},{"@type":"ListItem","position":2,"name":"Tours","item":"https:\/\/tourtravelandmore.com\/fr\/tours\/"},{"@type":"ListItem","position":3,"name":"Excursion priv\u00e9e en bord de mer \u00e0 Bruges"}]},{"@type":"WebSite","@id":"https:\/\/tourtravelandmore.com\/fr\/#website","url":"https:\/\/tourtravelandmore.com\/fr\/","name":"Tour Travel And More","description":"Private sightseeing tours and luxury transfers in Spain","publisher":{"@id":"https:\/\/tourtravelandmore.com\/fr\/#organization"},"potentialAction":[{"@type":"SearchAction","target":{"@type":"EntryPoint","urlTemplate":"https:\/\/tourtravelandmore.com\/fr\/?s={search_term_string}"},"query-input":{"@type":"PropertyValueSpecification","valueRequired":true,"valueName":"search_term_string"}}],"inLanguage":"fr-FR"},{"@type":"Organization","@id":"https:\/\/tourtravelandmore.com\/fr\/#organization","name":"Tour Travel And More","url":"https:\/\/tourtravelandmore.com\/fr\/","logo":{"@type":"ImageObject","inLanguage":"fr-FR","@id":"https:\/\/tourtravelandmore.com\/fr\/#\/schema\/logo\/image\/","url":"https:\/\/tourtravelandmore.com\/wp-content\/uploads\/2022\/12\/cropped-logo-cabecera-new.png","contentUrl":"https:\/\/tourtravelandmore.com\/wp-content\/uploads\/2022\/12\/cropped-logo-cabecera-new.png","width":430,"height":61,"caption":"Tour Travel And More"},"image":{"@id":"https:\/\/tourtravelandmore.com\/fr\/#\/schema\/logo\/image\/"},"sameAs":["https:\/\/www.facebook.com\/tourtravelandmore\/","https:\/\/x.com\/TourTravel_More"]}]}},"_links":{"self":[{"href":"https:\/\/tourtravelandmore.com\/fr\/wp-json\/wp\/v2\/product\/100929","targetHints":{"allow":["GET"]}}],"collection":[{"href":"https:\/\/tourtravelandmore.com\/fr\/wp-json\/wp\/v2\/product"}],"about":[{"href":"https:\/\/tourtravelandmore.com\/fr\/wp-json\/wp\/v2\/types\/product"}],"replies":[{"embeddable":true,"href":"https:\/\/tourtravelandmore.com\/fr\/wp-json\/wp\/v2\/comments?post=100929"}],"wp:featuredmedia":[{"embeddable":true,"href":"https:\/\/tourtravelandmore.com\/fr\/wp-json\/wp\/v2\/media\/96434"}],"wp:attachment":[{"href":"https:\/\/tourtravelandmore.com\/fr\/wp-json\/wp\/v2\/media?parent=100929"}],"wp:term":[{"taxonomy":"product_brand","embeddable":true,"href":"https:\/\/tourtravelandmore.com\/fr\/wp-json\/wp\/v2\/product_brand?post=100929"},{"taxonomy":"product_cat","embeddable":true,"href":"https:\/\/tourtravelandmore.com\/fr\/wp-json\/wp\/v2\/product_cat?post=100929"},{"taxonomy":"product_tag","embeddable":true,"href":"https:\/\/tourtravelandmore.com\/fr\/wp-json\/wp\/v2\/product_tag?post=100929"}],"curies":[{"name":"wp","href":"https:\/\/api.w.org\/{rel}","templated":true}]}}