{"id":100924,"date":"2017-11-30T11:40:37","date_gmt":"2017-11-30T10:40:37","guid":{"rendered":"https:\/\/tourtravelandmore.com\/tours\/non%20class\u00e9\/visite-privee-ditalica-au-depart-de-seville\/"},"modified":"2023-03-21T19:31:05","modified_gmt":"2023-03-21T18:31:05","slug":"visite-privee-ditalica-au-depart-de-seville","status":"publish","type":"product","link":"https:\/\/tourtravelandmore.com\/fr\/tours\/espagne-fr\/seville-fr\/private-sightseeing-tours-fr-23\/visite-privee-ditalica-au-depart-de-seville\/","title":{"rendered":"Visite priv\u00e9e d&#8217;Italica au d\u00e9part de S\u00e9ville"},"content":{"rendered":"<h2>Description<\/h2>\n<p>Profitez de cette visite priv\u00e9e <strong>d&#8217;Italica<\/strong> au <strong>d\u00e9part<\/strong> de <strong>S\u00e9ville<\/strong> avec votre v\u00e9hicule de luxe priv\u00e9 avec chauffeur et guide s\u00e9par\u00e9.<\/p>\n<p><strong>Italica<\/strong> est situ\u00e9 \u00e0 environ <strong>15-20 minutes<\/strong> du centre-ville de S\u00e9ville. Tout d&#8217;abord, nous organiserons une prise en charge confortable et priv\u00e9e de votre h\u00f4tel \u00e0 S\u00e9ville. Votre chauffeur et votre guide s\u00e9par\u00e9 seront \u00e0 votre disposition. Nous nous dirigerons vers Italica.<\/p>\n<p>Une fois sur place, \u00e0 Italica, vous profiterez d&#8217;une visite de ces ruines aux c\u00f4t\u00e9s de votre guide. Votre chauffeur vous attendra \u00e0 l&#8217;ext\u00e9rieur pour \u00e9viter les longues attentes.<\/p>\n<p>Nous monterons ensuite \u00e0 nouveau dans le v\u00e9hicule priv\u00e9 et nous dirigerons vers S\u00e9ville. De retour \u00e0 S\u00e9ville, avec le temps restant, nous visiterons la ville en priv\u00e9. Demandez \u00e0 votre guide officiel priv\u00e9 de vous emmener vers les sites embl\u00e9matiques que vous n&#8217;avez pas eu l&#8217;occasion de visiter dans la ville. S\u00e9ville est une ville unique avec tant \u00e0 offrir! Vous ne pouvez pas manquer une chance de le visiter!<\/p>\n<p>Cette visite priv\u00e9e se terminera \u00e0 votre h\u00f4tel \u00e0 S\u00e9ville.<\/p>\n<h2>Sites d&#8217;int\u00e9r\u00eat et monuments<\/h2>\n<p>Italica a \u00e9t\u00e9 le berceau de 3 empereurs romains, et c&#8217;\u00e9tait l&#8217;une des premi\u00e8res colonies romaines d&#8217;Espagne, elle a \u00e9t\u00e9 fond\u00e9e en l&#8217;an 206 avant JC.<\/p>\n<p>Au cours de la matin\u00e9e, votre chauffeur priv\u00e9 et votre guide officiel vous emm\u00e8neront \u00e0 Italica et illumineront toute l&#8217;histoire de ce lieu historique. Italica poss\u00e9dait l&#8217;un des plus grands amphith\u00e9\u00e2tres romains de l&#8217;empire romain, qui pouvait accueillir environ 25 000 personnes. Vous visiterez cet endroit et ses environs, o\u00f9 les arch\u00e9ologues fondent encore d&#8217;autres ruines romaines. Italica est l&#8217;endroit o\u00f9 Game of Thrones a \u00e9t\u00e9 tourn\u00e9 en 2016. L&#8217;entr\u00e9e d&#8217;Italica est incluse dans le prix de cette visite priv\u00e9e.<\/p>\n<p>Apr\u00e8s avoir profit\u00e9 de la matin\u00e9e \u00e0 Italica, appris l&#8217;histoire de ce lieu et l&#8217;importance qu&#8217;Italica avait pour l&#8217;empire romain, nous nous dirigerons vers <strong>S\u00e9ville.<\/strong> Une fois \u00e0 S\u00e9ville, vous continuerez avec une visite priv\u00e9e \u00e0 travers les lieux les plus embl\u00e9matiques de <strong>S\u00e9ville.<\/strong><\/p>\n<p>Voici quelques sites que vous aurez la chance de voir:<\/p>\n<ul>\n<li><strong>Plaza Espa\u00f1a<\/strong><\/li>\n<li><strong>Plaza Nova<\/strong><\/li>\n<li><strong>Vue ext\u00e9rieure du stade Sanchez Pijuan<\/strong><\/li>\n<li><strong>Quartier juif<\/strong><\/li>\n<li><strong>La Giralda et la cath\u00e9drale de Seivlle<\/strong><\/li>\n<li><strong>L&#8217;Alcazar de S\u00e9ville<\/strong><\/li>\n<li><strong>Torre de Oro sur le fleuve Guadalquivir<\/strong><\/li>\n<li><strong>Beaucoup plus!<\/strong><\/li>\n<\/ul>\n<p>Enfin, apr\u00e8s avoir visit\u00e9 <strong>Italica Tour<\/strong> depuis S\u00e9ville et la ville de S\u00e9ville, nous vous d\u00e9poserons \u00e0 votre h\u00f4tel.<\/p>\n<p>Jetez un \u0153il \u00e0 toutes nos visites priv\u00e9es dans la ville de S\u00e9ville. D\u00e9couvrez-les ici!<\/p>\n","protected":false},"excerpt":{"rendered":"<p>Visitez Italica, un lieu historique avec des ruines romaines, de l&#8217;an 206 avant JC. Visite priv\u00e9e d&#8217;Italica au d\u00e9part de S\u00e9ville. Voiture de luxe priv\u00e9e et chauffeur et guide touristique.<\/p>\n","protected":false},"featured_media":94565,"comment_status":"open","ping_status":"closed","template":"","meta":{"_acf_changed":false},"product_brand":[],"product_cat":[3676,4264,4262,4263],"product_tag":[],"class_list":{"0":"post-100924","1":"product","2":"type-product","3":"status-publish","4":"has-post-thumbnail","6":"product_cat-seville-fr","7":"product_cat-all-private-tours-activities-fr-16","8":"product_cat-private-sightseeing-tours-fr-23","9":"product_cat-excursions-pivees","11":"first","12":"instock","13":"shipping-taxable","14":"purchasable","15":"product-type-simple"},"acf":[],"yoast_head":"<!-- This site is optimized with the Yoast SEO Premium plugin v25.3.1 (Yoast SEO v25.3.1) - https:\/\/yoast.com\/wordpress\/plugins\/seo\/ -->\n<title>Visite priv\u00e9e d&#039;Italica au d\u00e9part de S\u00e9ville - V\u00e9hicule de luxe avec chauffeur et guide touristique<\/title>\n<meta name=\"description\" content=\"Visitez Italica, un lieu historique avec des ruines romaines, de l&#039;an 206 avant JC. Visite priv\u00e9e d&#039;Italica au d\u00e9part de S\u00e9ville. Voiture de luxe priv\u00e9e et chauffeur et guide touristique.\" \/>\n<meta name=\"robots\" content=\"index, follow, max-snippet:-1, max-image-preview:large, max-video-preview:-1\" \/>\n<link rel=\"canonical\" href=\"https:\/\/tourtravelandmore.com\/fr\/tours\/espagne-fr\/seville-fr\/private-sightseeing-tours-fr-23\/visite-privee-ditalica-au-depart-de-seville\/\" \/>\n<meta property=\"og:locale\" content=\"fr_FR\" \/>\n<meta property=\"og:type\" content=\"article\" \/>\n<meta property=\"og:title\" content=\"Visite priv\u00e9e d&#039;Italica au d\u00e9part de S\u00e9ville\" \/>\n<meta property=\"og:description\" content=\"Visitez Italica, un lieu historique avec des ruines romaines, de l&#039;an 206 avant JC. Visite priv\u00e9e d&#039;Italica au d\u00e9part de S\u00e9ville. Voiture de luxe priv\u00e9e et chauffeur et guide touristique.\" \/>\n<meta property=\"og:url\" content=\"https:\/\/tourtravelandmore.com\/fr\/tours\/espagne-fr\/seville-fr\/private-sightseeing-tours-fr-23\/visite-privee-ditalica-au-depart-de-seville\/\" \/>\n<meta property=\"og:site_name\" content=\"Tour Travel And More\" \/>\n<meta property=\"article:publisher\" content=\"https:\/\/www.facebook.com\/tourtravelandmore\/\" \/>\n<meta property=\"article:modified_time\" content=\"2023-03-21T18:31:05+00:00\" \/>\n<meta property=\"og:image\" content=\"https:\/\/tourtravelandmore.com\/wp-content\/uploads\/2017\/11\/Anfiteatro_de_las_ruinas_romanas_de_Ita\u0301lica_Santiponce_Sevilla_Espan\u0303a_2015-12-06_DD_26-29_PAN-1024x516.jpg\" \/>\n\t<meta property=\"og:image:width\" content=\"1024\" \/>\n\t<meta property=\"og:image:height\" content=\"516\" \/>\n\t<meta property=\"og:image:type\" content=\"image\/jpeg\" \/>\n<meta name=\"twitter:card\" content=\"summary_large_image\" \/>\n<meta name=\"twitter:site\" content=\"@TourTravel_More\" \/>\n<meta name=\"twitter:label1\" content=\"Dur\u00e9e de lecture estim\u00e9e\" \/>\n\t<meta name=\"twitter:data1\" content=\"2 minutes\" \/>\n<script type=\"application\/ld+json\" class=\"yoast-schema-graph\">{\"@context\":\"https:\/\/schema.org\",\"@graph\":[{\"@type\":\"WebPage\",\"@id\":\"https:\/\/tourtravelandmore.com\/fr\/tours\/espagne-fr\/seville-fr\/private-sightseeing-tours-fr-23\/visite-privee-ditalica-au-depart-de-seville\/\",\"url\":\"https:\/\/tourtravelandmore.com\/fr\/tours\/espagne-fr\/seville-fr\/private-sightseeing-tours-fr-23\/visite-privee-ditalica-au-depart-de-seville\/\",\"name\":\"Visite priv\u00e9e d'Italica au d\u00e9part de S\u00e9ville - V\u00e9hicule de luxe avec chauffeur et guide touristique\",\"isPartOf\":{\"@id\":\"https:\/\/tourtravelandmore.com\/fr\/#website\"},\"primaryImageOfPage\":{\"@id\":\"https:\/\/tourtravelandmore.com\/fr\/tours\/espagne-fr\/seville-fr\/private-sightseeing-tours-fr-23\/visite-privee-ditalica-au-depart-de-seville\/#primaryimage\"},\"image\":{\"@id\":\"https:\/\/tourtravelandmore.com\/fr\/tours\/espagne-fr\/seville-fr\/private-sightseeing-tours-fr-23\/visite-privee-ditalica-au-depart-de-seville\/#primaryimage\"},\"thumbnailUrl\":\"https:\/\/tourtravelandmore.com\/wp-content\/uploads\/2017\/11\/Anfiteatro_de_las_ruinas_romanas_de_Ita\u0301lica_Santiponce_Sevilla_Espan\u0303a_2015-12-06_DD_26-29_PAN.jpg\",\"datePublished\":\"2017-11-30T10:40:37+00:00\",\"dateModified\":\"2023-03-21T18:31:05+00:00\",\"description\":\"Visitez Italica, un lieu historique avec des ruines romaines, de l'an 206 avant JC. Visite priv\u00e9e d'Italica au d\u00e9part de S\u00e9ville. Voiture de luxe priv\u00e9e et chauffeur et guide touristique.\",\"breadcrumb\":{\"@id\":\"https:\/\/tourtravelandmore.com\/fr\/tours\/espagne-fr\/seville-fr\/private-sightseeing-tours-fr-23\/visite-privee-ditalica-au-depart-de-seville\/#breadcrumb\"},\"inLanguage\":\"fr-FR\",\"potentialAction\":[{\"@type\":\"ReadAction\",\"target\":[\"https:\/\/tourtravelandmore.com\/fr\/tours\/espagne-fr\/seville-fr\/private-sightseeing-tours-fr-23\/visite-privee-ditalica-au-depart-de-seville\/\"]}]},{\"@type\":\"ImageObject\",\"inLanguage\":\"fr-FR\",\"@id\":\"https:\/\/tourtravelandmore.com\/fr\/tours\/espagne-fr\/seville-fr\/private-sightseeing-tours-fr-23\/visite-privee-ditalica-au-depart-de-seville\/#primaryimage\",\"url\":\"https:\/\/tourtravelandmore.com\/wp-content\/uploads\/2017\/11\/Anfiteatro_de_las_ruinas_romanas_de_Ita\u0301lica_Santiponce_Sevilla_Espan\u0303a_2015-12-06_DD_26-29_PAN.jpg\",\"contentUrl\":\"https:\/\/tourtravelandmore.com\/wp-content\/uploads\/2017\/11\/Anfiteatro_de_las_ruinas_romanas_de_Ita\u0301lica_Santiponce_Sevilla_Espan\u0303a_2015-12-06_DD_26-29_PAN.jpg\",\"width\":4170,\"height\":2101},{\"@type\":\"BreadcrumbList\",\"@id\":\"https:\/\/tourtravelandmore.com\/fr\/tours\/espagne-fr\/seville-fr\/private-sightseeing-tours-fr-23\/visite-privee-ditalica-au-depart-de-seville\/#breadcrumb\",\"itemListElement\":[{\"@type\":\"ListItem\",\"position\":1,\"name\":\"Home\",\"item\":\"https:\/\/tourtravelandmore.com\/fr\/\"},{\"@type\":\"ListItem\",\"position\":2,\"name\":\"Tours\",\"item\":\"https:\/\/tourtravelandmore.com\/fr\/tours\/\"},{\"@type\":\"ListItem\",\"position\":3,\"name\":\"Visite priv\u00e9e d&rsquo;Italica au d\u00e9part de S\u00e9ville\"}]},{\"@type\":\"WebSite\",\"@id\":\"https:\/\/tourtravelandmore.com\/fr\/#website\",\"url\":\"https:\/\/tourtravelandmore.com\/fr\/\",\"name\":\"Tour Travel And More\",\"description\":\"Private sightseeing tours and luxury transfers in Spain\",\"publisher\":{\"@id\":\"https:\/\/tourtravelandmore.com\/fr\/#organization\"},\"potentialAction\":[{\"@type\":\"SearchAction\",\"target\":{\"@type\":\"EntryPoint\",\"urlTemplate\":\"https:\/\/tourtravelandmore.com\/fr\/?s={search_term_string}\"},\"query-input\":{\"@type\":\"PropertyValueSpecification\",\"valueRequired\":true,\"valueName\":\"search_term_string\"}}],\"inLanguage\":\"fr-FR\"},{\"@type\":\"Organization\",\"@id\":\"https:\/\/tourtravelandmore.com\/fr\/#organization\",\"name\":\"Tour Travel And More\",\"url\":\"https:\/\/tourtravelandmore.com\/fr\/\",\"logo\":{\"@type\":\"ImageObject\",\"inLanguage\":\"fr-FR\",\"@id\":\"https:\/\/tourtravelandmore.com\/fr\/#\/schema\/logo\/image\/\",\"url\":\"https:\/\/tourtravelandmore.com\/wp-content\/uploads\/2022\/12\/cropped-logo-cabecera-new.png\",\"contentUrl\":\"https:\/\/tourtravelandmore.com\/wp-content\/uploads\/2022\/12\/cropped-logo-cabecera-new.png\",\"width\":430,\"height\":61,\"caption\":\"Tour Travel And More\"},\"image\":{\"@id\":\"https:\/\/tourtravelandmore.com\/fr\/#\/schema\/logo\/image\/\"},\"sameAs\":[\"https:\/\/www.facebook.com\/tourtravelandmore\/\",\"https:\/\/x.com\/TourTravel_More\"]}]}<\/script>\n<!-- \/ Yoast SEO Premium plugin. -->","yoast_head_json":{"title":"Visite priv\u00e9e d'Italica au d\u00e9part de S\u00e9ville - V\u00e9hicule de luxe avec chauffeur et guide touristique","description":"Visitez Italica, un lieu historique avec des ruines romaines, de l'an 206 avant JC. Visite priv\u00e9e d'Italica au d\u00e9part de S\u00e9ville. Voiture de luxe priv\u00e9e et chauffeur et guide touristique.","robots":{"index":"index","follow":"follow","max-snippet":"max-snippet:-1","max-image-preview":"max-image-preview:large","max-video-preview":"max-video-preview:-1"},"canonical":"https:\/\/tourtravelandmore.com\/fr\/tours\/espagne-fr\/seville-fr\/private-sightseeing-tours-fr-23\/visite-privee-ditalica-au-depart-de-seville\/","og_locale":"fr_FR","og_type":"article","og_title":"Visite priv\u00e9e d'Italica au d\u00e9part de S\u00e9ville","og_description":"Visitez Italica, un lieu historique avec des ruines romaines, de l'an 206 avant JC. Visite priv\u00e9e d'Italica au d\u00e9part de S\u00e9ville. Voiture de luxe priv\u00e9e et chauffeur et guide touristique.","og_url":"https:\/\/tourtravelandmore.com\/fr\/tours\/espagne-fr\/seville-fr\/private-sightseeing-tours-fr-23\/visite-privee-ditalica-au-depart-de-seville\/","og_site_name":"Tour Travel And More","article_publisher":"https:\/\/www.facebook.com\/tourtravelandmore\/","article_modified_time":"2023-03-21T18:31:05+00:00","og_image":[{"width":1024,"height":516,"url":"https:\/\/tourtravelandmore.com\/wp-content\/uploads\/2017\/11\/Anfiteatro_de_las_ruinas_romanas_de_Ita\u0301lica_Santiponce_Sevilla_Espan\u0303a_2015-12-06_DD_26-29_PAN-1024x516.jpg","type":"image\/jpeg"}],"twitter_card":"summary_large_image","twitter_site":"@TourTravel_More","twitter_misc":{"Dur\u00e9e de lecture estim\u00e9e":"2 minutes"},"schema":{"@context":"https:\/\/schema.org","@graph":[{"@type":"WebPage","@id":"https:\/\/tourtravelandmore.com\/fr\/tours\/espagne-fr\/seville-fr\/private-sightseeing-tours-fr-23\/visite-privee-ditalica-au-depart-de-seville\/","url":"https:\/\/tourtravelandmore.com\/fr\/tours\/espagne-fr\/seville-fr\/private-sightseeing-tours-fr-23\/visite-privee-ditalica-au-depart-de-seville\/","name":"Visite priv\u00e9e d'Italica au d\u00e9part de S\u00e9ville - V\u00e9hicule de luxe avec chauffeur et guide touristique","isPartOf":{"@id":"https:\/\/tourtravelandmore.com\/fr\/#website"},"primaryImageOfPage":{"@id":"https:\/\/tourtravelandmore.com\/fr\/tours\/espagne-fr\/seville-fr\/private-sightseeing-tours-fr-23\/visite-privee-ditalica-au-depart-de-seville\/#primaryimage"},"image":{"@id":"https:\/\/tourtravelandmore.com\/fr\/tours\/espagne-fr\/seville-fr\/private-sightseeing-tours-fr-23\/visite-privee-ditalica-au-depart-de-seville\/#primaryimage"},"thumbnailUrl":"https:\/\/tourtravelandmore.com\/wp-content\/uploads\/2017\/11\/Anfiteatro_de_las_ruinas_romanas_de_Ita\u0301lica_Santiponce_Sevilla_Espan\u0303a_2015-12-06_DD_26-29_PAN.jpg","datePublished":"2017-11-30T10:40:37+00:00","dateModified":"2023-03-21T18:31:05+00:00","description":"Visitez Italica, un lieu historique avec des ruines romaines, de l'an 206 avant JC. Visite priv\u00e9e d'Italica au d\u00e9part de S\u00e9ville. Voiture de luxe priv\u00e9e et chauffeur et guide touristique.","breadcrumb":{"@id":"https:\/\/tourtravelandmore.com\/fr\/tours\/espagne-fr\/seville-fr\/private-sightseeing-tours-fr-23\/visite-privee-ditalica-au-depart-de-seville\/#breadcrumb"},"inLanguage":"fr-FR","potentialAction":[{"@type":"ReadAction","target":["https:\/\/tourtravelandmore.com\/fr\/tours\/espagne-fr\/seville-fr\/private-sightseeing-tours-fr-23\/visite-privee-ditalica-au-depart-de-seville\/"]}]},{"@type":"ImageObject","inLanguage":"fr-FR","@id":"https:\/\/tourtravelandmore.com\/fr\/tours\/espagne-fr\/seville-fr\/private-sightseeing-tours-fr-23\/visite-privee-ditalica-au-depart-de-seville\/#primaryimage","url":"https:\/\/tourtravelandmore.com\/wp-content\/uploads\/2017\/11\/Anfiteatro_de_las_ruinas_romanas_de_Ita\u0301lica_Santiponce_Sevilla_Espan\u0303a_2015-12-06_DD_26-29_PAN.jpg","contentUrl":"https:\/\/tourtravelandmore.com\/wp-content\/uploads\/2017\/11\/Anfiteatro_de_las_ruinas_romanas_de_Ita\u0301lica_Santiponce_Sevilla_Espan\u0303a_2015-12-06_DD_26-29_PAN.jpg","width":4170,"height":2101},{"@type":"BreadcrumbList","@id":"https:\/\/tourtravelandmore.com\/fr\/tours\/espagne-fr\/seville-fr\/private-sightseeing-tours-fr-23\/visite-privee-ditalica-au-depart-de-seville\/#breadcrumb","itemListElement":[{"@type":"ListItem","position":1,"name":"Home","item":"https:\/\/tourtravelandmore.com\/fr\/"},{"@type":"ListItem","position":2,"name":"Tours","item":"https:\/\/tourtravelandmore.com\/fr\/tours\/"},{"@type":"ListItem","position":3,"name":"Visite priv\u00e9e d&rsquo;Italica au d\u00e9part de S\u00e9ville"}]},{"@type":"WebSite","@id":"https:\/\/tourtravelandmore.com\/fr\/#website","url":"https:\/\/tourtravelandmore.com\/fr\/","name":"Tour Travel And More","description":"Private sightseeing tours and luxury transfers in Spain","publisher":{"@id":"https:\/\/tourtravelandmore.com\/fr\/#organization"},"potentialAction":[{"@type":"SearchAction","target":{"@type":"EntryPoint","urlTemplate":"https:\/\/tourtravelandmore.com\/fr\/?s={search_term_string}"},"query-input":{"@type":"PropertyValueSpecification","valueRequired":true,"valueName":"search_term_string"}}],"inLanguage":"fr-FR"},{"@type":"Organization","@id":"https:\/\/tourtravelandmore.com\/fr\/#organization","name":"Tour Travel And More","url":"https:\/\/tourtravelandmore.com\/fr\/","logo":{"@type":"ImageObject","inLanguage":"fr-FR","@id":"https:\/\/tourtravelandmore.com\/fr\/#\/schema\/logo\/image\/","url":"https:\/\/tourtravelandmore.com\/wp-content\/uploads\/2022\/12\/cropped-logo-cabecera-new.png","contentUrl":"https:\/\/tourtravelandmore.com\/wp-content\/uploads\/2022\/12\/cropped-logo-cabecera-new.png","width":430,"height":61,"caption":"Tour Travel And More"},"image":{"@id":"https:\/\/tourtravelandmore.com\/fr\/#\/schema\/logo\/image\/"},"sameAs":["https:\/\/www.facebook.com\/tourtravelandmore\/","https:\/\/x.com\/TourTravel_More"]}]}},"_links":{"self":[{"href":"https:\/\/tourtravelandmore.com\/fr\/wp-json\/wp\/v2\/product\/100924","targetHints":{"allow":["GET"]}}],"collection":[{"href":"https:\/\/tourtravelandmore.com\/fr\/wp-json\/wp\/v2\/product"}],"about":[{"href":"https:\/\/tourtravelandmore.com\/fr\/wp-json\/wp\/v2\/types\/product"}],"replies":[{"embeddable":true,"href":"https:\/\/tourtravelandmore.com\/fr\/wp-json\/wp\/v2\/comments?post=100924"}],"wp:featuredmedia":[{"embeddable":true,"href":"https:\/\/tourtravelandmore.com\/fr\/wp-json\/wp\/v2\/media\/94565"}],"wp:attachment":[{"href":"https:\/\/tourtravelandmore.com\/fr\/wp-json\/wp\/v2\/media?parent=100924"}],"wp:term":[{"taxonomy":"product_brand","embeddable":true,"href":"https:\/\/tourtravelandmore.com\/fr\/wp-json\/wp\/v2\/product_brand?post=100924"},{"taxonomy":"product_cat","embeddable":true,"href":"https:\/\/tourtravelandmore.com\/fr\/wp-json\/wp\/v2\/product_cat?post=100924"},{"taxonomy":"product_tag","embeddable":true,"href":"https:\/\/tourtravelandmore.com\/fr\/wp-json\/wp\/v2\/product_tag?post=100924"}],"curies":[{"name":"wp","href":"https:\/\/api.w.org\/{rel}","templated":true}]}}