{"id":100919,"date":"2017-11-29T14:06:06","date_gmt":"2017-11-29T13:06:06","guid":{"rendered":"https:\/\/tourtravelandmore.com\/tours\/non%20class\u00e9\/visite-privee-de-carmona-au-depart-de-seville\/"},"modified":"2023-03-31T19:38:03","modified_gmt":"2023-03-31T17:38:03","slug":"visite-privee-de-carmona-au-depart-de-seville","status":"publish","type":"product","link":"https:\/\/tourtravelandmore.com\/fr\/tours\/espagne-fr\/seville-fr\/excursions-pivees\/visite-privee-de-carmona-au-depart-de-seville\/","title":{"rendered":"Visite priv\u00e9e de Carmona au d\u00e9part de S\u00e9ville"},"content":{"rendered":"<h2>Description<\/h2>\n<p>Profitez de cette journ\u00e9e compl\u00e8te pour d\u00e9couvrir Carmona. Cette visite priv\u00e9e de Carmona au d\u00e9part de S\u00e9ville est le meilleur moyen de conna\u00eetre la ville.<\/p>\n<p>Carmona est une ville \u00e0 environ 45 minutes de S\u00e9ville. C&#8217;est dans la partie nord-est de S\u00e9ville. La ville de Carmona est populaire pour l&#8217;huile d&#8217;olive, le commerce du vin ainsi que des c\u00e9r\u00e9ales et du b\u00e9tail. L&#8217;histoire de Carmona remonte \u00e0 loin! Laissez un chauffeur et un guide officiel s\u00e9par\u00e9 vous emmener dans cette ville unique.<\/p>\n<p>Tout d&#8217;abord, nous organiserons une prise en charge \u00e0 votre h\u00f4tel \u00e0 S\u00e9ville. Une fois que vous aurez rencontr\u00e9 votre chauffeur et votre guide officiel, nous nous dirigerons vers Carmona. Profitez d&#8217;une visite de la ville et d&#8217;un peu de temps libre pour une bouch\u00e9e rapide.<\/p>\n<p>Apr\u00e8s avoir visit\u00e9 Carmona et avoir mang\u00e9 un morceau, nous retournerons vers S\u00e9ville.<\/p>\n<p>Une fois \u00e0 S\u00e9ville, le temps restant, profitez d&#8217;une visite de la ville de S\u00e9ville. En fonction du temps qu&#8217;il vous reste, vous aurez une bonne id\u00e9e ou une visite panoramique de la ville.<\/p>\n<p>Enfin, cette visite se terminera \u00e0 votre h\u00f4tel ou lieu de votre choix dans la ville de S\u00e9ville.<\/p>\n<h2>Sites d&#8217;int\u00e9r\u00eat et monuments<\/h2>\n<p>Pour le d\u00e9but de votre visite priv\u00e9e de Carmona au d\u00e9part de S\u00e9ville, rencontrez votre chauffeur priv\u00e9 et votre guide. Votre chauffeur priv\u00e9, accompagn\u00e9 de votre guide priv\u00e9, viendra vous chercher \u00e0 votre h\u00f4tel ou lieu de votre choix \u00e0 S\u00e9ville et se dirigera vers Carmona.<\/p>\n<p>Carmona est l&#8217;une des plus anciennes villes d&#8217;Andalousie (plus de 5000 ans d&#8217;histoire), et elle est situ\u00e9e \u00e0 seulement une demi-heure du centre de S\u00e9ville. Il poss\u00e8de des sites arch\u00e9ologiques tr\u00e8s impressionnants tels que la n\u00e9cropole romaine, les palais, le vieux quartier juif et les \u00e9glises baroques.<\/p>\n<p>Apr\u00e8s avoir profit\u00e9 de la premi\u00e8re partie de la journ\u00e9e \u00e0 Carmona et appris de votre guide priv\u00e9 tout en \u00e9coutant l&#8217;histoire fantastique de cet endroit, vous retournerez \u00e0 S\u00e9ville. \u00c0 S\u00e9ville, vous profiterez d&#8217;une visite priv\u00e9e \u00e0 travers les lieux les plus embl\u00e9matiques de S\u00e9ville pendant l&#8217;apr\u00e8s-midi.<\/p>\n<p>Voici quelques sites que vous appr\u00e9cierez \u00e0 S\u00e9ville. En fonction du temps qu&#8217;il vous reste, consultez les \u00e9l\u00e9ments suivants:<\/p>\n<ul>\n<li>Plaza Espa\u00f1a<\/li>\n<li>Plaza Nova<\/li>\n<li>Cath\u00e9drale de S\u00e9ville et La Giralda<\/li>\n<li>Alcazar royal de S\u00e9ville<br \/>\navoir une vue sur la Torre del Oro<\/li>\n<li>Beaucoup plus!<\/li>\n<\/ul>\n<p>Enfin, lorsque vous aurez termin\u00e9 votre visite \u00e0 S\u00e9ville, nous vous ram\u00e8nerons \u00e0 votre h\u00f4tel.<\/p>\n<p>Nous proposons des visites priv\u00e9es de S\u00e9ville ainsi que des excursions d&#8217;une journ\u00e9e. D\u00e9couvrez-les ici!<\/p>\n","protected":false},"excerpt":{"rendered":"<p>Profitez de cette visite priv\u00e9e de Carmona au d\u00e9part de S\u00e9ville. Chauffeur priv\u00e9 et guide s\u00e9par\u00e9. Apprenez \u00e0 conna\u00eetre Carmona et S\u00e9ville lors de cette visite priv\u00e9e.<\/p>\n","protected":false},"featured_media":94562,"comment_status":"open","ping_status":"closed","template":"","meta":{"_acf_changed":false},"product_brand":[],"product_cat":[3676,4264,4263],"product_tag":[],"class_list":{"0":"post-100919","1":"product","2":"type-product","3":"status-publish","4":"has-post-thumbnail","6":"product_cat-seville-fr","7":"product_cat-all-private-tours-activities-fr-16","8":"product_cat-excursions-pivees","10":"first","11":"instock","12":"shipping-taxable","13":"purchasable","14":"product-type-simple"},"acf":[],"yoast_head":"<!-- This site is optimized with the Yoast SEO Premium plugin v25.3.1 (Yoast SEO v25.3.1) - https:\/\/yoast.com\/wordpress\/plugins\/seo\/ -->\n<title>Visite priv\u00e9e de Carmona au d\u00e9part de S\u00e9ville - V\u00e9hicule de luxe et guide s\u00e9par\u00e9<\/title>\n<meta name=\"description\" content=\"Profitez de cette visite priv\u00e9e de Carmona au d\u00e9part de S\u00e9ville. Chauffeur priv\u00e9 et guide s\u00e9par\u00e9. Apprenez \u00e0 conna\u00eetre Carmona et S\u00e9ville lors de cette visite priv\u00e9e.\" \/>\n<meta name=\"robots\" content=\"index, follow, max-snippet:-1, max-image-preview:large, max-video-preview:-1\" \/>\n<link rel=\"canonical\" href=\"https:\/\/tourtravelandmore.com\/fr\/tours\/espagne-fr\/seville-fr\/excursions-pivees\/visite-privee-de-carmona-au-depart-de-seville\/\" \/>\n<meta property=\"og:locale\" content=\"fr_FR\" \/>\n<meta property=\"og:type\" content=\"article\" \/>\n<meta property=\"og:title\" content=\"Visite priv\u00e9e de Carmona au d\u00e9part de S\u00e9ville\" \/>\n<meta property=\"og:description\" content=\"Profitez de cette visite priv\u00e9e de Carmona au d\u00e9part de S\u00e9ville. Chauffeur priv\u00e9 et guide s\u00e9par\u00e9. Apprenez \u00e0 conna\u00eetre Carmona et S\u00e9ville lors de cette visite priv\u00e9e.\" \/>\n<meta property=\"og:url\" content=\"https:\/\/tourtravelandmore.com\/fr\/tours\/espagne-fr\/seville-fr\/excursions-pivees\/visite-privee-de-carmona-au-depart-de-seville\/\" \/>\n<meta property=\"og:site_name\" content=\"Tour Travel And More\" \/>\n<meta property=\"article:publisher\" content=\"https:\/\/www.facebook.com\/tourtravelandmore\/\" \/>\n<meta property=\"article:modified_time\" content=\"2023-03-31T17:38:03+00:00\" \/>\n<meta property=\"og:image\" content=\"https:\/\/tourtravelandmore.com\/wp-content\/uploads\/2017\/11\/carmona.jpg\" \/>\n\t<meta property=\"og:image:width\" content=\"800\" \/>\n\t<meta property=\"og:image:height\" content=\"600\" \/>\n\t<meta property=\"og:image:type\" content=\"image\/jpeg\" \/>\n<meta name=\"twitter:card\" content=\"summary_large_image\" \/>\n<meta name=\"twitter:site\" content=\"@TourTravel_More\" \/>\n<meta name=\"twitter:label1\" content=\"Dur\u00e9e de lecture estim\u00e9e\" \/>\n\t<meta name=\"twitter:data1\" content=\"2 minutes\" \/>\n<script type=\"application\/ld+json\" class=\"yoast-schema-graph\">{\"@context\":\"https:\/\/schema.org\",\"@graph\":[{\"@type\":\"WebPage\",\"@id\":\"https:\/\/tourtravelandmore.com\/fr\/tours\/espagne-fr\/seville-fr\/excursions-pivees\/visite-privee-de-carmona-au-depart-de-seville\/\",\"url\":\"https:\/\/tourtravelandmore.com\/fr\/tours\/espagne-fr\/seville-fr\/excursions-pivees\/visite-privee-de-carmona-au-depart-de-seville\/\",\"name\":\"Visite priv\u00e9e de Carmona au d\u00e9part de S\u00e9ville - V\u00e9hicule de luxe et guide s\u00e9par\u00e9\",\"isPartOf\":{\"@id\":\"https:\/\/tourtravelandmore.com\/fr\/#website\"},\"primaryImageOfPage\":{\"@id\":\"https:\/\/tourtravelandmore.com\/fr\/tours\/espagne-fr\/seville-fr\/excursions-pivees\/visite-privee-de-carmona-au-depart-de-seville\/#primaryimage\"},\"image\":{\"@id\":\"https:\/\/tourtravelandmore.com\/fr\/tours\/espagne-fr\/seville-fr\/excursions-pivees\/visite-privee-de-carmona-au-depart-de-seville\/#primaryimage\"},\"thumbnailUrl\":\"https:\/\/tourtravelandmore.com\/wp-content\/uploads\/2017\/11\/carmona.jpg\",\"datePublished\":\"2017-11-29T13:06:06+00:00\",\"dateModified\":\"2023-03-31T17:38:03+00:00\",\"description\":\"Profitez de cette visite priv\u00e9e de Carmona au d\u00e9part de S\u00e9ville. Chauffeur priv\u00e9 et guide s\u00e9par\u00e9. Apprenez \u00e0 conna\u00eetre Carmona et S\u00e9ville lors de cette visite priv\u00e9e.\",\"breadcrumb\":{\"@id\":\"https:\/\/tourtravelandmore.com\/fr\/tours\/espagne-fr\/seville-fr\/excursions-pivees\/visite-privee-de-carmona-au-depart-de-seville\/#breadcrumb\"},\"inLanguage\":\"fr-FR\",\"potentialAction\":[{\"@type\":\"ReadAction\",\"target\":[\"https:\/\/tourtravelandmore.com\/fr\/tours\/espagne-fr\/seville-fr\/excursions-pivees\/visite-privee-de-carmona-au-depart-de-seville\/\"]}]},{\"@type\":\"ImageObject\",\"inLanguage\":\"fr-FR\",\"@id\":\"https:\/\/tourtravelandmore.com\/fr\/tours\/espagne-fr\/seville-fr\/excursions-pivees\/visite-privee-de-carmona-au-depart-de-seville\/#primaryimage\",\"url\":\"https:\/\/tourtravelandmore.com\/wp-content\/uploads\/2017\/11\/carmona.jpg\",\"contentUrl\":\"https:\/\/tourtravelandmore.com\/wp-content\/uploads\/2017\/11\/carmona.jpg\",\"width\":800,\"height\":600},{\"@type\":\"BreadcrumbList\",\"@id\":\"https:\/\/tourtravelandmore.com\/fr\/tours\/espagne-fr\/seville-fr\/excursions-pivees\/visite-privee-de-carmona-au-depart-de-seville\/#breadcrumb\",\"itemListElement\":[{\"@type\":\"ListItem\",\"position\":1,\"name\":\"Home\",\"item\":\"https:\/\/tourtravelandmore.com\/fr\/\"},{\"@type\":\"ListItem\",\"position\":2,\"name\":\"Tours\",\"item\":\"https:\/\/tourtravelandmore.com\/fr\/tours\/\"},{\"@type\":\"ListItem\",\"position\":3,\"name\":\"Visite priv\u00e9e de Carmona au d\u00e9part de S\u00e9ville\"}]},{\"@type\":\"WebSite\",\"@id\":\"https:\/\/tourtravelandmore.com\/fr\/#website\",\"url\":\"https:\/\/tourtravelandmore.com\/fr\/\",\"name\":\"Tour Travel And More\",\"description\":\"Private sightseeing tours and luxury transfers in Spain\",\"publisher\":{\"@id\":\"https:\/\/tourtravelandmore.com\/fr\/#organization\"},\"potentialAction\":[{\"@type\":\"SearchAction\",\"target\":{\"@type\":\"EntryPoint\",\"urlTemplate\":\"https:\/\/tourtravelandmore.com\/fr\/?s={search_term_string}\"},\"query-input\":{\"@type\":\"PropertyValueSpecification\",\"valueRequired\":true,\"valueName\":\"search_term_string\"}}],\"inLanguage\":\"fr-FR\"},{\"@type\":\"Organization\",\"@id\":\"https:\/\/tourtravelandmore.com\/fr\/#organization\",\"name\":\"Tour Travel And More\",\"url\":\"https:\/\/tourtravelandmore.com\/fr\/\",\"logo\":{\"@type\":\"ImageObject\",\"inLanguage\":\"fr-FR\",\"@id\":\"https:\/\/tourtravelandmore.com\/fr\/#\/schema\/logo\/image\/\",\"url\":\"https:\/\/tourtravelandmore.com\/wp-content\/uploads\/2022\/12\/cropped-logo-cabecera-new.png\",\"contentUrl\":\"https:\/\/tourtravelandmore.com\/wp-content\/uploads\/2022\/12\/cropped-logo-cabecera-new.png\",\"width\":430,\"height\":61,\"caption\":\"Tour Travel And More\"},\"image\":{\"@id\":\"https:\/\/tourtravelandmore.com\/fr\/#\/schema\/logo\/image\/\"},\"sameAs\":[\"https:\/\/www.facebook.com\/tourtravelandmore\/\",\"https:\/\/x.com\/TourTravel_More\"]}]}<\/script>\n<!-- \/ Yoast SEO Premium plugin. -->","yoast_head_json":{"title":"Visite priv\u00e9e de Carmona au d\u00e9part de S\u00e9ville - V\u00e9hicule de luxe et guide s\u00e9par\u00e9","description":"Profitez de cette visite priv\u00e9e de Carmona au d\u00e9part de S\u00e9ville. Chauffeur priv\u00e9 et guide s\u00e9par\u00e9. Apprenez \u00e0 conna\u00eetre Carmona et S\u00e9ville lors de cette visite priv\u00e9e.","robots":{"index":"index","follow":"follow","max-snippet":"max-snippet:-1","max-image-preview":"max-image-preview:large","max-video-preview":"max-video-preview:-1"},"canonical":"https:\/\/tourtravelandmore.com\/fr\/tours\/espagne-fr\/seville-fr\/excursions-pivees\/visite-privee-de-carmona-au-depart-de-seville\/","og_locale":"fr_FR","og_type":"article","og_title":"Visite priv\u00e9e de Carmona au d\u00e9part de S\u00e9ville","og_description":"Profitez de cette visite priv\u00e9e de Carmona au d\u00e9part de S\u00e9ville. Chauffeur priv\u00e9 et guide s\u00e9par\u00e9. Apprenez \u00e0 conna\u00eetre Carmona et S\u00e9ville lors de cette visite priv\u00e9e.","og_url":"https:\/\/tourtravelandmore.com\/fr\/tours\/espagne-fr\/seville-fr\/excursions-pivees\/visite-privee-de-carmona-au-depart-de-seville\/","og_site_name":"Tour Travel And More","article_publisher":"https:\/\/www.facebook.com\/tourtravelandmore\/","article_modified_time":"2023-03-31T17:38:03+00:00","og_image":[{"width":800,"height":600,"url":"https:\/\/tourtravelandmore.com\/wp-content\/uploads\/2017\/11\/carmona.jpg","type":"image\/jpeg"}],"twitter_card":"summary_large_image","twitter_site":"@TourTravel_More","twitter_misc":{"Dur\u00e9e de lecture estim\u00e9e":"2 minutes"},"schema":{"@context":"https:\/\/schema.org","@graph":[{"@type":"WebPage","@id":"https:\/\/tourtravelandmore.com\/fr\/tours\/espagne-fr\/seville-fr\/excursions-pivees\/visite-privee-de-carmona-au-depart-de-seville\/","url":"https:\/\/tourtravelandmore.com\/fr\/tours\/espagne-fr\/seville-fr\/excursions-pivees\/visite-privee-de-carmona-au-depart-de-seville\/","name":"Visite priv\u00e9e de Carmona au d\u00e9part de S\u00e9ville - V\u00e9hicule de luxe et guide s\u00e9par\u00e9","isPartOf":{"@id":"https:\/\/tourtravelandmore.com\/fr\/#website"},"primaryImageOfPage":{"@id":"https:\/\/tourtravelandmore.com\/fr\/tours\/espagne-fr\/seville-fr\/excursions-pivees\/visite-privee-de-carmona-au-depart-de-seville\/#primaryimage"},"image":{"@id":"https:\/\/tourtravelandmore.com\/fr\/tours\/espagne-fr\/seville-fr\/excursions-pivees\/visite-privee-de-carmona-au-depart-de-seville\/#primaryimage"},"thumbnailUrl":"https:\/\/tourtravelandmore.com\/wp-content\/uploads\/2017\/11\/carmona.jpg","datePublished":"2017-11-29T13:06:06+00:00","dateModified":"2023-03-31T17:38:03+00:00","description":"Profitez de cette visite priv\u00e9e de Carmona au d\u00e9part de S\u00e9ville. Chauffeur priv\u00e9 et guide s\u00e9par\u00e9. Apprenez \u00e0 conna\u00eetre Carmona et S\u00e9ville lors de cette visite priv\u00e9e.","breadcrumb":{"@id":"https:\/\/tourtravelandmore.com\/fr\/tours\/espagne-fr\/seville-fr\/excursions-pivees\/visite-privee-de-carmona-au-depart-de-seville\/#breadcrumb"},"inLanguage":"fr-FR","potentialAction":[{"@type":"ReadAction","target":["https:\/\/tourtravelandmore.com\/fr\/tours\/espagne-fr\/seville-fr\/excursions-pivees\/visite-privee-de-carmona-au-depart-de-seville\/"]}]},{"@type":"ImageObject","inLanguage":"fr-FR","@id":"https:\/\/tourtravelandmore.com\/fr\/tours\/espagne-fr\/seville-fr\/excursions-pivees\/visite-privee-de-carmona-au-depart-de-seville\/#primaryimage","url":"https:\/\/tourtravelandmore.com\/wp-content\/uploads\/2017\/11\/carmona.jpg","contentUrl":"https:\/\/tourtravelandmore.com\/wp-content\/uploads\/2017\/11\/carmona.jpg","width":800,"height":600},{"@type":"BreadcrumbList","@id":"https:\/\/tourtravelandmore.com\/fr\/tours\/espagne-fr\/seville-fr\/excursions-pivees\/visite-privee-de-carmona-au-depart-de-seville\/#breadcrumb","itemListElement":[{"@type":"ListItem","position":1,"name":"Home","item":"https:\/\/tourtravelandmore.com\/fr\/"},{"@type":"ListItem","position":2,"name":"Tours","item":"https:\/\/tourtravelandmore.com\/fr\/tours\/"},{"@type":"ListItem","position":3,"name":"Visite priv\u00e9e de Carmona au d\u00e9part de S\u00e9ville"}]},{"@type":"WebSite","@id":"https:\/\/tourtravelandmore.com\/fr\/#website","url":"https:\/\/tourtravelandmore.com\/fr\/","name":"Tour Travel And More","description":"Private sightseeing tours and luxury transfers in Spain","publisher":{"@id":"https:\/\/tourtravelandmore.com\/fr\/#organization"},"potentialAction":[{"@type":"SearchAction","target":{"@type":"EntryPoint","urlTemplate":"https:\/\/tourtravelandmore.com\/fr\/?s={search_term_string}"},"query-input":{"@type":"PropertyValueSpecification","valueRequired":true,"valueName":"search_term_string"}}],"inLanguage":"fr-FR"},{"@type":"Organization","@id":"https:\/\/tourtravelandmore.com\/fr\/#organization","name":"Tour Travel And More","url":"https:\/\/tourtravelandmore.com\/fr\/","logo":{"@type":"ImageObject","inLanguage":"fr-FR","@id":"https:\/\/tourtravelandmore.com\/fr\/#\/schema\/logo\/image\/","url":"https:\/\/tourtravelandmore.com\/wp-content\/uploads\/2022\/12\/cropped-logo-cabecera-new.png","contentUrl":"https:\/\/tourtravelandmore.com\/wp-content\/uploads\/2022\/12\/cropped-logo-cabecera-new.png","width":430,"height":61,"caption":"Tour Travel And More"},"image":{"@id":"https:\/\/tourtravelandmore.com\/fr\/#\/schema\/logo\/image\/"},"sameAs":["https:\/\/www.facebook.com\/tourtravelandmore\/","https:\/\/x.com\/TourTravel_More"]}]}},"_links":{"self":[{"href":"https:\/\/tourtravelandmore.com\/fr\/wp-json\/wp\/v2\/product\/100919","targetHints":{"allow":["GET"]}}],"collection":[{"href":"https:\/\/tourtravelandmore.com\/fr\/wp-json\/wp\/v2\/product"}],"about":[{"href":"https:\/\/tourtravelandmore.com\/fr\/wp-json\/wp\/v2\/types\/product"}],"replies":[{"embeddable":true,"href":"https:\/\/tourtravelandmore.com\/fr\/wp-json\/wp\/v2\/comments?post=100919"}],"wp:featuredmedia":[{"embeddable":true,"href":"https:\/\/tourtravelandmore.com\/fr\/wp-json\/wp\/v2\/media\/94562"}],"wp:attachment":[{"href":"https:\/\/tourtravelandmore.com\/fr\/wp-json\/wp\/v2\/media?parent=100919"}],"wp:term":[{"taxonomy":"product_brand","embeddable":true,"href":"https:\/\/tourtravelandmore.com\/fr\/wp-json\/wp\/v2\/product_brand?post=100919"},{"taxonomy":"product_cat","embeddable":true,"href":"https:\/\/tourtravelandmore.com\/fr\/wp-json\/wp\/v2\/product_cat?post=100919"},{"taxonomy":"product_tag","embeddable":true,"href":"https:\/\/tourtravelandmore.com\/fr\/wp-json\/wp\/v2\/product_tag?post=100919"}],"curies":[{"name":"wp","href":"https:\/\/api.w.org\/{rel}","templated":true}]}}