{"id":100914,"date":"2017-11-27T14:08:58","date_gmt":"2017-11-27T13:08:58","guid":{"rendered":"https:\/\/tourtravelandmore.com\/tours\/non%20class\u00e9\/visite-privee-de-cadix-et-des-villages-blancs-au-depart-de-seville\/"},"modified":"2023-03-16T18:38:57","modified_gmt":"2023-03-16T17:38:57","slug":"visite-privee-de-cadix-et-des-villages-blancs-au-depart-de-seville","status":"publish","type":"product","link":"https:\/\/tourtravelandmore.com\/fr\/tours\/espagne-fr\/seville-fr\/excursions-pivees\/visite-privee-de-cadix-et-des-villages-blancs-au-depart-de-seville\/","title":{"rendered":"Visite priv\u00e9e de Cadix et des villages blancs au d\u00e9part de S\u00e9ville"},"content":{"rendered":"<h2>Description<\/h2>\n<p>Profitez de cette <strong>visite priv\u00e9e de Cadix<\/strong> et des <strong>villages blancs<\/strong> au d\u00e9part de <strong>S\u00e9ville<\/strong> avec votre guide officiel \u00e0 Cadix et d\u00e9couvrez les sites les plus embl\u00e9matiques de Cadix et l&#8217;un des villages blancs les plus c\u00e9l\u00e8bres de la province de Cadix, Arcos de la Frontera.<\/p>\n<p>Nous viendrons vous chercher \u00e0 votre h\u00f4tel ou lieu de votre choix \u00e0 <strong>S\u00e9ville<\/strong> et vous emm\u00e8nerons dans cette excursion priv\u00e9e \u00e0 terre pour d\u00e9couvrir <strong>Cadix<\/strong> et <strong>Arcos<\/strong> de la <strong>Frontera,<\/strong> dans un v\u00e9hicule de luxe priv\u00e9 avec chauffeur priv\u00e9.<\/p>\n<p>Il s&#8217;agit d&#8217;une visite enti\u00e8rement personnalis\u00e9e. Vous pouvez personnaliser chaque visite en nous contactant simplement.<\/p>\n<p>Voici un exemple de certains des sites les plus importants pour vous donner une id\u00e9e, mais votre visite sera enti\u00e8rement personnalis\u00e9e pour r\u00e9pondre exactement \u00e0 vos besoins.<\/p>\n<p>Nous vous aiderons \u00e0 organiser votre exp\u00e9rience totalement personnalis\u00e9e et unique \u00e0 <strong>Cadix<\/strong> et dans les villages blancs.<\/p>\n<h2>Sites d&#8217;int\u00e9r\u00eat et monuments<\/h2>\n<p>Nous viendrons vous chercher \u00e0 votre h\u00f4tel ou lieu de votre choix \u00e0 <strong>S\u00e9ville<\/strong> et commencerons \u00e0 vous diriger vers <strong>Cadix.<\/strong><\/p>\n<p>Une fois \u00e0 <strong>Cadix,<\/strong> vous rencontrerez votre guide officiel priv\u00e9, qui vous montrera les lieux les plus embl\u00e9matiques de la ville et l&#8217;un des <strong>villages blancs<\/strong> de <strong>Cadix.<\/strong> Votre guide vous conduira \u00e9galement \u00e0 <strong>Arcos<\/strong> de la <strong>Frontera.<\/strong> Votre guide officiel vous accompagne lors d&#8217;une visite priv\u00e9e de 8 heures.<\/p>\n<p>Parmi les autres monuments et sites de la ville de Cadix se trouvent:<\/p>\n<ul>\n<li><strong>Mairie<\/strong><\/li>\n<li><strong>Le quartier de Populo<\/strong><\/li>\n<li><strong>Th\u00e9\u00e2tre romain<\/strong><\/li>\n<li><strong>Ancienne cath\u00e9drale<\/strong><\/li>\n<li><strong>Nouvelle cath\u00e9drale<\/strong><\/li>\n<li><strong>Plaza de las Flores<\/strong><\/li>\n<li><strong>Magasin de nourriture<\/strong><\/li>\n<li><strong>Le quartier de Vi\u00f1a<\/strong><\/li>\n<li><strong>Caf\u00e9 Royalty<\/strong><\/li>\n<li><strong>Murs romains<\/strong><\/li>\n<li><strong>Beaucoup plus!<\/strong><\/li>\n<\/ul>\n<p>Vous pourrez ensuite profiter et admirer la grande architecture et les sites touristiques des monuments les plus importants et les plus connus de Cadix.<\/p>\n<p>Vous visiterez \u00e9galement Arcos de la Frontera, l&#8217;un des plus beaux villages blancs de la province de Cadix, d\u00e9clar\u00e9 en 1962 monument historique et artistique national en reconnaissance de son architecture exceptionnelle et de son emplacement impressionnant.<\/p>\n<p>Visitez le ch\u00e2teau, qui a \u00e9t\u00e9 construit par les Maures au 11\u00e8me si\u00e8cle, puis conquis par les chr\u00e9tiens au si\u00e8cle suivant. Apprenez \u00e0 conna\u00eetre deux des plus belles \u00e9glises de la ville, \u00a8Santa Maria de la Asuncion\u00a8 et \u00a8San Pedro\u00a8.<\/p>\n<p>Pour cette visite, nous avons inclus la visite de Cadix et d&#8217;Arcos de la Frontera.<\/p>\n<p>Enfin, c&#8217;est la meilleure fa\u00e7on de profiter de la visite de Cadix et des villages blancs au d\u00e9part de S\u00e9ville. <a href=\"\/?product_cat=sevilla-en\">D\u00e9couvrez nos visites priv\u00e9es au d\u00e9part de S\u00e9ville ici!<\/a><\/p>\n","protected":false},"excerpt":{"rendered":"<p>Profitez de cette visite priv\u00e9e au d\u00e9part de S\u00e9ville et d\u00e9couvrez la belle ville de Cadix et l&#8217;un des plus beaux villages blancs, Arcos de la Frontera.<\/p>\n","protected":false},"featured_media":94545,"comment_status":"open","ping_status":"closed","template":"","meta":{"_acf_changed":false},"product_brand":[],"product_cat":[3676,4264,4263],"product_tag":[],"class_list":{"0":"post-100914","1":"product","2":"type-product","3":"status-publish","4":"has-post-thumbnail","6":"product_cat-seville-fr","7":"product_cat-all-private-tours-activities-fr-16","8":"product_cat-excursions-pivees","10":"first","11":"instock","12":"shipping-taxable","13":"purchasable","14":"product-type-simple"},"acf":[],"yoast_head":"<!-- This site is optimized with the Yoast SEO Premium plugin v25.3.1 (Yoast SEO v25.3.1) - https:\/\/yoast.com\/wordpress\/plugins\/seo\/ -->\n<title>Visite priv\u00e9e de Cadix et des villages blancs au d\u00e9part de S\u00e9ville - Guide officiel<\/title>\n<meta name=\"description\" content=\"Profitez de cette visite priv\u00e9e au d\u00e9part de S\u00e9ville et d\u00e9couvrez la belle ville de Cadix et l&#039;un des plus beaux villages blancs, Arcos de la Frontera.\" \/>\n<meta name=\"robots\" content=\"index, follow, max-snippet:-1, max-image-preview:large, max-video-preview:-1\" \/>\n<link rel=\"canonical\" href=\"https:\/\/tourtravelandmore.com\/fr\/tours\/espagne-fr\/seville-fr\/excursions-pivees\/visite-privee-de-cadix-et-des-villages-blancs-au-depart-de-seville\/\" \/>\n<meta property=\"og:locale\" content=\"fr_FR\" \/>\n<meta property=\"og:type\" content=\"article\" \/>\n<meta property=\"og:title\" content=\"Visite priv\u00e9e de Cadix et des villages blancs au d\u00e9part de S\u00e9ville\" \/>\n<meta property=\"og:description\" content=\"Profitez de cette visite priv\u00e9e au d\u00e9part de S\u00e9ville et d\u00e9couvrez la belle ville de Cadix et l&#039;un des plus beaux villages blancs, Arcos de la Frontera.\" \/>\n<meta property=\"og:url\" content=\"https:\/\/tourtravelandmore.com\/fr\/tours\/espagne-fr\/seville-fr\/excursions-pivees\/visite-privee-de-cadix-et-des-villages-blancs-au-depart-de-seville\/\" \/>\n<meta property=\"og:site_name\" content=\"Tour Travel And More\" \/>\n<meta property=\"article:publisher\" content=\"https:\/\/www.facebook.com\/tourtravelandmore\/\" \/>\n<meta property=\"article:modified_time\" content=\"2023-03-16T17:38:57+00:00\" \/>\n<meta property=\"og:image\" content=\"https:\/\/tourtravelandmore.com\/wp-content\/uploads\/2017\/11\/arcos-de-la-frontera.jpg\" \/>\n\t<meta property=\"og:image:width\" content=\"1024\" \/>\n\t<meta property=\"og:image:height\" content=\"761\" \/>\n\t<meta property=\"og:image:type\" content=\"image\/jpeg\" \/>\n<meta name=\"twitter:card\" content=\"summary_large_image\" \/>\n<meta name=\"twitter:site\" content=\"@TourTravel_More\" \/>\n<meta name=\"twitter:label1\" content=\"Dur\u00e9e de lecture estim\u00e9e\" \/>\n\t<meta name=\"twitter:data1\" content=\"2 minutes\" \/>\n<script type=\"application\/ld+json\" class=\"yoast-schema-graph\">{\"@context\":\"https:\/\/schema.org\",\"@graph\":[{\"@type\":\"WebPage\",\"@id\":\"https:\/\/tourtravelandmore.com\/fr\/tours\/espagne-fr\/seville-fr\/excursions-pivees\/visite-privee-de-cadix-et-des-villages-blancs-au-depart-de-seville\/\",\"url\":\"https:\/\/tourtravelandmore.com\/fr\/tours\/espagne-fr\/seville-fr\/excursions-pivees\/visite-privee-de-cadix-et-des-villages-blancs-au-depart-de-seville\/\",\"name\":\"Visite priv\u00e9e de Cadix et des villages blancs au d\u00e9part de S\u00e9ville - Guide officiel\",\"isPartOf\":{\"@id\":\"https:\/\/tourtravelandmore.com\/fr\/#website\"},\"primaryImageOfPage\":{\"@id\":\"https:\/\/tourtravelandmore.com\/fr\/tours\/espagne-fr\/seville-fr\/excursions-pivees\/visite-privee-de-cadix-et-des-villages-blancs-au-depart-de-seville\/#primaryimage\"},\"image\":{\"@id\":\"https:\/\/tourtravelandmore.com\/fr\/tours\/espagne-fr\/seville-fr\/excursions-pivees\/visite-privee-de-cadix-et-des-villages-blancs-au-depart-de-seville\/#primaryimage\"},\"thumbnailUrl\":\"https:\/\/tourtravelandmore.com\/wp-content\/uploads\/2017\/11\/arcos-de-la-frontera.jpg\",\"datePublished\":\"2017-11-27T13:08:58+00:00\",\"dateModified\":\"2023-03-16T17:38:57+00:00\",\"description\":\"Profitez de cette visite priv\u00e9e au d\u00e9part de S\u00e9ville et d\u00e9couvrez la belle ville de Cadix et l'un des plus beaux villages blancs, Arcos de la Frontera.\",\"breadcrumb\":{\"@id\":\"https:\/\/tourtravelandmore.com\/fr\/tours\/espagne-fr\/seville-fr\/excursions-pivees\/visite-privee-de-cadix-et-des-villages-blancs-au-depart-de-seville\/#breadcrumb\"},\"inLanguage\":\"fr-FR\",\"potentialAction\":[{\"@type\":\"ReadAction\",\"target\":[\"https:\/\/tourtravelandmore.com\/fr\/tours\/espagne-fr\/seville-fr\/excursions-pivees\/visite-privee-de-cadix-et-des-villages-blancs-au-depart-de-seville\/\"]}]},{\"@type\":\"ImageObject\",\"inLanguage\":\"fr-FR\",\"@id\":\"https:\/\/tourtravelandmore.com\/fr\/tours\/espagne-fr\/seville-fr\/excursions-pivees\/visite-privee-de-cadix-et-des-villages-blancs-au-depart-de-seville\/#primaryimage\",\"url\":\"https:\/\/tourtravelandmore.com\/wp-content\/uploads\/2017\/11\/arcos-de-la-frontera.jpg\",\"contentUrl\":\"https:\/\/tourtravelandmore.com\/wp-content\/uploads\/2017\/11\/arcos-de-la-frontera.jpg\",\"width\":1024,\"height\":761},{\"@type\":\"BreadcrumbList\",\"@id\":\"https:\/\/tourtravelandmore.com\/fr\/tours\/espagne-fr\/seville-fr\/excursions-pivees\/visite-privee-de-cadix-et-des-villages-blancs-au-depart-de-seville\/#breadcrumb\",\"itemListElement\":[{\"@type\":\"ListItem\",\"position\":1,\"name\":\"Home\",\"item\":\"https:\/\/tourtravelandmore.com\/fr\/\"},{\"@type\":\"ListItem\",\"position\":2,\"name\":\"Tours\",\"item\":\"https:\/\/tourtravelandmore.com\/fr\/tours\/\"},{\"@type\":\"ListItem\",\"position\":3,\"name\":\"Visite priv\u00e9e de Cadix et des villages blancs au d\u00e9part de S\u00e9ville\"}]},{\"@type\":\"WebSite\",\"@id\":\"https:\/\/tourtravelandmore.com\/fr\/#website\",\"url\":\"https:\/\/tourtravelandmore.com\/fr\/\",\"name\":\"Tour Travel And More\",\"description\":\"Private sightseeing tours and luxury transfers in Spain\",\"publisher\":{\"@id\":\"https:\/\/tourtravelandmore.com\/fr\/#organization\"},\"potentialAction\":[{\"@type\":\"SearchAction\",\"target\":{\"@type\":\"EntryPoint\",\"urlTemplate\":\"https:\/\/tourtravelandmore.com\/fr\/?s={search_term_string}\"},\"query-input\":{\"@type\":\"PropertyValueSpecification\",\"valueRequired\":true,\"valueName\":\"search_term_string\"}}],\"inLanguage\":\"fr-FR\"},{\"@type\":\"Organization\",\"@id\":\"https:\/\/tourtravelandmore.com\/fr\/#organization\",\"name\":\"Tour Travel And More\",\"url\":\"https:\/\/tourtravelandmore.com\/fr\/\",\"logo\":{\"@type\":\"ImageObject\",\"inLanguage\":\"fr-FR\",\"@id\":\"https:\/\/tourtravelandmore.com\/fr\/#\/schema\/logo\/image\/\",\"url\":\"https:\/\/tourtravelandmore.com\/wp-content\/uploads\/2022\/12\/cropped-logo-cabecera-new.png\",\"contentUrl\":\"https:\/\/tourtravelandmore.com\/wp-content\/uploads\/2022\/12\/cropped-logo-cabecera-new.png\",\"width\":430,\"height\":61,\"caption\":\"Tour Travel And More\"},\"image\":{\"@id\":\"https:\/\/tourtravelandmore.com\/fr\/#\/schema\/logo\/image\/\"},\"sameAs\":[\"https:\/\/www.facebook.com\/tourtravelandmore\/\",\"https:\/\/x.com\/TourTravel_More\"]}]}<\/script>\n<!-- \/ Yoast SEO Premium plugin. -->","yoast_head_json":{"title":"Visite priv\u00e9e de Cadix et des villages blancs au d\u00e9part de S\u00e9ville - Guide officiel","description":"Profitez de cette visite priv\u00e9e au d\u00e9part de S\u00e9ville et d\u00e9couvrez la belle ville de Cadix et l'un des plus beaux villages blancs, Arcos de la Frontera.","robots":{"index":"index","follow":"follow","max-snippet":"max-snippet:-1","max-image-preview":"max-image-preview:large","max-video-preview":"max-video-preview:-1"},"canonical":"https:\/\/tourtravelandmore.com\/fr\/tours\/espagne-fr\/seville-fr\/excursions-pivees\/visite-privee-de-cadix-et-des-villages-blancs-au-depart-de-seville\/","og_locale":"fr_FR","og_type":"article","og_title":"Visite priv\u00e9e de Cadix et des villages blancs au d\u00e9part de S\u00e9ville","og_description":"Profitez de cette visite priv\u00e9e au d\u00e9part de S\u00e9ville et d\u00e9couvrez la belle ville de Cadix et l'un des plus beaux villages blancs, Arcos de la Frontera.","og_url":"https:\/\/tourtravelandmore.com\/fr\/tours\/espagne-fr\/seville-fr\/excursions-pivees\/visite-privee-de-cadix-et-des-villages-blancs-au-depart-de-seville\/","og_site_name":"Tour Travel And More","article_publisher":"https:\/\/www.facebook.com\/tourtravelandmore\/","article_modified_time":"2023-03-16T17:38:57+00:00","og_image":[{"width":1024,"height":761,"url":"https:\/\/tourtravelandmore.com\/wp-content\/uploads\/2017\/11\/arcos-de-la-frontera.jpg","type":"image\/jpeg"}],"twitter_card":"summary_large_image","twitter_site":"@TourTravel_More","twitter_misc":{"Dur\u00e9e de lecture estim\u00e9e":"2 minutes"},"schema":{"@context":"https:\/\/schema.org","@graph":[{"@type":"WebPage","@id":"https:\/\/tourtravelandmore.com\/fr\/tours\/espagne-fr\/seville-fr\/excursions-pivees\/visite-privee-de-cadix-et-des-villages-blancs-au-depart-de-seville\/","url":"https:\/\/tourtravelandmore.com\/fr\/tours\/espagne-fr\/seville-fr\/excursions-pivees\/visite-privee-de-cadix-et-des-villages-blancs-au-depart-de-seville\/","name":"Visite priv\u00e9e de Cadix et des villages blancs au d\u00e9part de S\u00e9ville - Guide officiel","isPartOf":{"@id":"https:\/\/tourtravelandmore.com\/fr\/#website"},"primaryImageOfPage":{"@id":"https:\/\/tourtravelandmore.com\/fr\/tours\/espagne-fr\/seville-fr\/excursions-pivees\/visite-privee-de-cadix-et-des-villages-blancs-au-depart-de-seville\/#primaryimage"},"image":{"@id":"https:\/\/tourtravelandmore.com\/fr\/tours\/espagne-fr\/seville-fr\/excursions-pivees\/visite-privee-de-cadix-et-des-villages-blancs-au-depart-de-seville\/#primaryimage"},"thumbnailUrl":"https:\/\/tourtravelandmore.com\/wp-content\/uploads\/2017\/11\/arcos-de-la-frontera.jpg","datePublished":"2017-11-27T13:08:58+00:00","dateModified":"2023-03-16T17:38:57+00:00","description":"Profitez de cette visite priv\u00e9e au d\u00e9part de S\u00e9ville et d\u00e9couvrez la belle ville de Cadix et l'un des plus beaux villages blancs, Arcos de la Frontera.","breadcrumb":{"@id":"https:\/\/tourtravelandmore.com\/fr\/tours\/espagne-fr\/seville-fr\/excursions-pivees\/visite-privee-de-cadix-et-des-villages-blancs-au-depart-de-seville\/#breadcrumb"},"inLanguage":"fr-FR","potentialAction":[{"@type":"ReadAction","target":["https:\/\/tourtravelandmore.com\/fr\/tours\/espagne-fr\/seville-fr\/excursions-pivees\/visite-privee-de-cadix-et-des-villages-blancs-au-depart-de-seville\/"]}]},{"@type":"ImageObject","inLanguage":"fr-FR","@id":"https:\/\/tourtravelandmore.com\/fr\/tours\/espagne-fr\/seville-fr\/excursions-pivees\/visite-privee-de-cadix-et-des-villages-blancs-au-depart-de-seville\/#primaryimage","url":"https:\/\/tourtravelandmore.com\/wp-content\/uploads\/2017\/11\/arcos-de-la-frontera.jpg","contentUrl":"https:\/\/tourtravelandmore.com\/wp-content\/uploads\/2017\/11\/arcos-de-la-frontera.jpg","width":1024,"height":761},{"@type":"BreadcrumbList","@id":"https:\/\/tourtravelandmore.com\/fr\/tours\/espagne-fr\/seville-fr\/excursions-pivees\/visite-privee-de-cadix-et-des-villages-blancs-au-depart-de-seville\/#breadcrumb","itemListElement":[{"@type":"ListItem","position":1,"name":"Home","item":"https:\/\/tourtravelandmore.com\/fr\/"},{"@type":"ListItem","position":2,"name":"Tours","item":"https:\/\/tourtravelandmore.com\/fr\/tours\/"},{"@type":"ListItem","position":3,"name":"Visite priv\u00e9e de Cadix et des villages blancs au d\u00e9part de S\u00e9ville"}]},{"@type":"WebSite","@id":"https:\/\/tourtravelandmore.com\/fr\/#website","url":"https:\/\/tourtravelandmore.com\/fr\/","name":"Tour Travel And More","description":"Private sightseeing tours and luxury transfers in Spain","publisher":{"@id":"https:\/\/tourtravelandmore.com\/fr\/#organization"},"potentialAction":[{"@type":"SearchAction","target":{"@type":"EntryPoint","urlTemplate":"https:\/\/tourtravelandmore.com\/fr\/?s={search_term_string}"},"query-input":{"@type":"PropertyValueSpecification","valueRequired":true,"valueName":"search_term_string"}}],"inLanguage":"fr-FR"},{"@type":"Organization","@id":"https:\/\/tourtravelandmore.com\/fr\/#organization","name":"Tour Travel And More","url":"https:\/\/tourtravelandmore.com\/fr\/","logo":{"@type":"ImageObject","inLanguage":"fr-FR","@id":"https:\/\/tourtravelandmore.com\/fr\/#\/schema\/logo\/image\/","url":"https:\/\/tourtravelandmore.com\/wp-content\/uploads\/2022\/12\/cropped-logo-cabecera-new.png","contentUrl":"https:\/\/tourtravelandmore.com\/wp-content\/uploads\/2022\/12\/cropped-logo-cabecera-new.png","width":430,"height":61,"caption":"Tour Travel And More"},"image":{"@id":"https:\/\/tourtravelandmore.com\/fr\/#\/schema\/logo\/image\/"},"sameAs":["https:\/\/www.facebook.com\/tourtravelandmore\/","https:\/\/x.com\/TourTravel_More"]}]}},"_links":{"self":[{"href":"https:\/\/tourtravelandmore.com\/fr\/wp-json\/wp\/v2\/product\/100914","targetHints":{"allow":["GET"]}}],"collection":[{"href":"https:\/\/tourtravelandmore.com\/fr\/wp-json\/wp\/v2\/product"}],"about":[{"href":"https:\/\/tourtravelandmore.com\/fr\/wp-json\/wp\/v2\/types\/product"}],"replies":[{"embeddable":true,"href":"https:\/\/tourtravelandmore.com\/fr\/wp-json\/wp\/v2\/comments?post=100914"}],"wp:featuredmedia":[{"embeddable":true,"href":"https:\/\/tourtravelandmore.com\/fr\/wp-json\/wp\/v2\/media\/94545"}],"wp:attachment":[{"href":"https:\/\/tourtravelandmore.com\/fr\/wp-json\/wp\/v2\/media?parent=100914"}],"wp:term":[{"taxonomy":"product_brand","embeddable":true,"href":"https:\/\/tourtravelandmore.com\/fr\/wp-json\/wp\/v2\/product_brand?post=100914"},{"taxonomy":"product_cat","embeddable":true,"href":"https:\/\/tourtravelandmore.com\/fr\/wp-json\/wp\/v2\/product_cat?post=100914"},{"taxonomy":"product_tag","embeddable":true,"href":"https:\/\/tourtravelandmore.com\/fr\/wp-json\/wp\/v2\/product_tag?post=100914"}],"curies":[{"name":"wp","href":"https:\/\/api.w.org\/{rel}","templated":true}]}}