{"id":100904,"date":"2016-08-26T12:29:23","date_gmt":"2016-08-26T10:29:23","guid":{"rendered":"https:\/\/tourtravelandmore.com\/tours\/non%20class\u00e9\/visites-privees-de-seville-a-cordoue\/"},"modified":"2023-03-16T16:14:05","modified_gmt":"2023-03-16T15:14:05","slug":"visites-privees-de-seville-a-cordoue","status":"publish","type":"product","link":"https:\/\/tourtravelandmore.com\/fr\/tours\/espagne-fr\/seville-fr\/excursions-pivees\/visites-privees-de-seville-a-cordoue\/","title":{"rendered":"Visites priv\u00e9es de S\u00e9ville \u00e0 Cordoue"},"content":{"rendered":"<h2>Description<\/h2>\n<p>Profitez de cette visite priv\u00e9e et d\u00e9couvrez les sites les plus embl\u00e9matiques de Cordoue. Nos visites <strong>priv\u00e9es<\/strong> de <strong>S\u00e9ville<\/strong> \u00e0 <strong>Cordoue<\/strong> sont les meilleures ventes. C&#8217;est un excellent circuit pour d\u00e9couvrir les sites uniques de Cordoue.<\/p>\n<p>Tout d&#8217;abord, nous organiserons une prise en charge \u00e0 votre h\u00f4tel ou lieu de votre choix \u00e0 <strong>S\u00e9ville.<\/strong> Si vous vous trouvez ailleurs, nous pouvons \u00e9galement organiser une prise en charge priv\u00e9e \u00e0 partir de l\u00e0. Votre chauffeur vous attendra pour partir en direction de <strong>Cordoue.<\/strong><\/p>\n<p>Une fois \u00e0 Cordoue, votre guide officiel priv\u00e9 vous attendra. Vous commencerez ensuite la visite guid\u00e9e de 3 heures de <strong>Cordoue.<\/strong> Vous entrerez dans l&#8217;Alcazar et la <strong>Mosqu\u00e9e<\/strong> \/ <strong>Cath\u00e9drale.<\/strong> Les billets d&#8217;entr\u00e9e seront inclus.<\/p>\n<p>Ayez du temps libre pour manger et vous promener apr\u00e8s la visite guid\u00e9e de <strong>3 heures.<\/strong><\/p>\n<p>Enfin, nous vous d\u00e9poserons \u00e0 votre h\u00f4tel \u00e0 <strong>S\u00e9ville.<\/strong><\/p>\n<h2>Sites d&#8217;int\u00e9r\u00eat et monuments<\/h2>\n<p>Profitez de <strong>Cordoue,<\/strong> la deuxi\u00e8me plus grande vieille <strong>ville d&#8217;Europe<\/strong> et la plus grande zone urbaine du monde d\u00e9clar\u00e9e patrimoine mondial par <strong>l&#8217;UNESCO.<\/strong><br \/>\n\u00c0 <strong>Cordoue,<\/strong> vous profiterez de l&#8217;une des plus belles mosqu\u00e9es <strong>d&#8217;Espagne,<\/strong> la <strong>Grande Mosqu\u00e9e<\/strong> de <strong>Cordoue.<\/strong> C&#8217;est la cath\u00e9drale actuelle et un must une fois que vous visitez <strong>Cordoue.<\/strong> L&#8217;entr\u00e9e de ce monument spectaculaire est incluse dans le prix de cette visite priv\u00e9e. Vous avez \u00e9galement inclus l&#8217;entr\u00e9e de la synagogue de Cordoue, qui a \u00e9t\u00e9 construite au 14\u00e8me si\u00e8cle et c&#8217;est l&#8217;un des exemples les plus repr\u00e9sentatifs de la p\u00e9riode m\u00e9di\u00e9vale.<br \/>\nNous vous aiderons \u00e0 organiser votre exp\u00e9rience totalement personnalis\u00e9e et unique \u00e0 Cordoue.<br \/>\nEntre autres monuments et sites touristiques, vous pouvez apprendre \u00e0 conna\u00eetre:<\/p>\n<ul>\n<li><strong>Grande mosqu\u00e9e de Cordoue<\/strong><\/li>\n<li><strong>Synagogue<\/strong><\/li>\n<li><strong>Pont romain<\/strong><\/li>\n<li><strong>Temple romain<\/strong><\/li>\n<li><strong>Th\u00e9\u00e2tre<\/strong><\/li>\n<li><strong>Mausol\u00e9e<\/strong><\/li>\n<li><strong>quartier juif<\/strong><\/li>\n<li><strong>Moulins du Gualdaquivir<\/strong><\/li>\n<li><strong>Murs romains<\/strong><\/li>\n<li><strong>Beaucoup plus!<\/strong><\/li>\n<\/ul>\n<p>Enfin, vous aurez du temps libre pour le d\u00e9jeuner. Avant de repartir vers S\u00e9ville, mangez un morceau. Votre chauffeur vous ram\u00e8nera plus tard \u00e0 votre h\u00f4tel \u00e0 S\u00e9ville. Ne manquez pas cette chance pour l&#8217;un de nos meilleurs vendeurs; Visites priv\u00e9es de S\u00e9ville \u00e0 Cordoue!<\/p>\n<p><a href=\"\/?product_cat=sevilla-en\">Jetez un \u0153il \u00e0 nos <strong>visites priv\u00e9es ici!<\/strong><\/a><\/p>\n","protected":false},"excerpt":{"rendered":"<p>Visites priv\u00e9es de S\u00e9ville \u00e0 Cordoue. V\u00e9hicule de luxe priv\u00e9 avec chauffeur et guide officiel \u00e0 Cordoue pendant 3 heures. Alcazar et mosqu\u00e9e \/ cath\u00e9drale sont inclus.<\/p>\n","protected":false},"featured_media":94522,"comment_status":"open","ping_status":"closed","template":"","meta":{"_acf_changed":false},"product_brand":[],"product_cat":[3676,4273,4264,4263],"product_tag":[],"class_list":{"0":"post-100904","1":"product","2":"type-product","3":"status-publish","4":"has-post-thumbnail","6":"product_cat-seville-fr","7":"product_cat-best-sellers-fr","8":"product_cat-all-private-tours-activities-fr-16","9":"product_cat-excursions-pivees","11":"first","12":"instock","13":"shipping-taxable","14":"purchasable","15":"product-type-simple"},"acf":[],"yoast_head":"<!-- This site is optimized with the Yoast SEO Premium plugin v25.3.1 (Yoast SEO v25.3.1) - https:\/\/yoast.com\/wordpress\/plugins\/seo\/ -->\n<title>Visites priv\u00e9es de S\u00e9ville \u00e0 Cordoue - Tour Travel &amp; More<\/title>\n<meta name=\"description\" content=\"Visites priv\u00e9es de S\u00e9ville \u00e0 Cordoue. V\u00e9hicule de luxe priv\u00e9 avec chauffeur et guide officiel \u00e0 Cordoue pendant 3 heures. Alcazar et mosqu\u00e9e \/ cath\u00e9drale.\" \/>\n<meta name=\"robots\" content=\"index, follow, max-snippet:-1, max-image-preview:large, max-video-preview:-1\" \/>\n<link rel=\"canonical\" href=\"https:\/\/tourtravelandmore.com\/fr\/tours\/espagne-fr\/seville-fr\/excursions-pivees\/visites-privees-de-seville-a-cordoue\/\" \/>\n<meta property=\"og:locale\" content=\"fr_FR\" \/>\n<meta property=\"og:type\" content=\"article\" \/>\n<meta property=\"og:title\" content=\"Visites priv\u00e9es de S\u00e9ville \u00e0 Cordoue\" \/>\n<meta property=\"og:description\" content=\"Visites priv\u00e9es de S\u00e9ville \u00e0 Cordoue. V\u00e9hicule de luxe priv\u00e9 avec chauffeur et guide officiel \u00e0 Cordoue pendant 3 heures. Alcazar et mosqu\u00e9e \/ cath\u00e9drale.\" \/>\n<meta property=\"og:url\" content=\"https:\/\/tourtravelandmore.com\/fr\/tours\/espagne-fr\/seville-fr\/excursions-pivees\/visites-privees-de-seville-a-cordoue\/\" \/>\n<meta property=\"og:site_name\" content=\"Tour Travel And More\" \/>\n<meta property=\"article:publisher\" content=\"https:\/\/www.facebook.com\/tourtravelandmore\/\" \/>\n<meta property=\"article:modified_time\" content=\"2023-03-16T15:14:05+00:00\" \/>\n<meta property=\"og:image\" content=\"https:\/\/tourtravelandmore.com\/wp-content\/uploads\/2016\/08\/Mezquita_de_C\u00f3rdoba_desde_el_aire_C\u00f3rdoba_Espa\u00f1a.jpg\" \/>\n\t<meta property=\"og:image:width\" content=\"1024\" \/>\n\t<meta property=\"og:image:height\" content=\"680\" \/>\n\t<meta property=\"og:image:type\" content=\"image\/jpeg\" \/>\n<meta name=\"twitter:card\" content=\"summary_large_image\" \/>\n<meta name=\"twitter:site\" content=\"@TourTravel_More\" \/>\n<meta name=\"twitter:label1\" content=\"Dur\u00e9e de lecture estim\u00e9e\" \/>\n\t<meta name=\"twitter:data1\" content=\"2 minutes\" \/>\n<script type=\"application\/ld+json\" class=\"yoast-schema-graph\">{\"@context\":\"https:\/\/schema.org\",\"@graph\":[{\"@type\":\"WebPage\",\"@id\":\"https:\/\/tourtravelandmore.com\/fr\/tours\/espagne-fr\/seville-fr\/excursions-pivees\/visites-privees-de-seville-a-cordoue\/\",\"url\":\"https:\/\/tourtravelandmore.com\/fr\/tours\/espagne-fr\/seville-fr\/excursions-pivees\/visites-privees-de-seville-a-cordoue\/\",\"name\":\"Visites priv\u00e9es de S\u00e9ville \u00e0 Cordoue - Tour Travel & More\",\"isPartOf\":{\"@id\":\"https:\/\/tourtravelandmore.com\/fr\/#website\"},\"primaryImageOfPage\":{\"@id\":\"https:\/\/tourtravelandmore.com\/fr\/tours\/espagne-fr\/seville-fr\/excursions-pivees\/visites-privees-de-seville-a-cordoue\/#primaryimage\"},\"image\":{\"@id\":\"https:\/\/tourtravelandmore.com\/fr\/tours\/espagne-fr\/seville-fr\/excursions-pivees\/visites-privees-de-seville-a-cordoue\/#primaryimage\"},\"thumbnailUrl\":\"https:\/\/tourtravelandmore.com\/wp-content\/uploads\/2016\/08\/Mezquita_de_C\u00f3rdoba_desde_el_aire_C\u00f3rdoba_Espa\u00f1a.jpg\",\"datePublished\":\"2016-08-26T10:29:23+00:00\",\"dateModified\":\"2023-03-16T15:14:05+00:00\",\"description\":\"Visites priv\u00e9es de S\u00e9ville \u00e0 Cordoue. V\u00e9hicule de luxe priv\u00e9 avec chauffeur et guide officiel \u00e0 Cordoue pendant 3 heures. Alcazar et mosqu\u00e9e \/ cath\u00e9drale.\",\"breadcrumb\":{\"@id\":\"https:\/\/tourtravelandmore.com\/fr\/tours\/espagne-fr\/seville-fr\/excursions-pivees\/visites-privees-de-seville-a-cordoue\/#breadcrumb\"},\"inLanguage\":\"fr-FR\",\"potentialAction\":[{\"@type\":\"ReadAction\",\"target\":[\"https:\/\/tourtravelandmore.com\/fr\/tours\/espagne-fr\/seville-fr\/excursions-pivees\/visites-privees-de-seville-a-cordoue\/\"]}]},{\"@type\":\"ImageObject\",\"inLanguage\":\"fr-FR\",\"@id\":\"https:\/\/tourtravelandmore.com\/fr\/tours\/espagne-fr\/seville-fr\/excursions-pivees\/visites-privees-de-seville-a-cordoue\/#primaryimage\",\"url\":\"https:\/\/tourtravelandmore.com\/wp-content\/uploads\/2016\/08\/Mezquita_de_C\u00f3rdoba_desde_el_aire_C\u00f3rdoba_Espa\u00f1a.jpg\",\"contentUrl\":\"https:\/\/tourtravelandmore.com\/wp-content\/uploads\/2016\/08\/Mezquita_de_C\u00f3rdoba_desde_el_aire_C\u00f3rdoba_Espa\u00f1a.jpg\",\"width\":4288,\"height\":2848},{\"@type\":\"BreadcrumbList\",\"@id\":\"https:\/\/tourtravelandmore.com\/fr\/tours\/espagne-fr\/seville-fr\/excursions-pivees\/visites-privees-de-seville-a-cordoue\/#breadcrumb\",\"itemListElement\":[{\"@type\":\"ListItem\",\"position\":1,\"name\":\"Home\",\"item\":\"https:\/\/tourtravelandmore.com\/fr\/\"},{\"@type\":\"ListItem\",\"position\":2,\"name\":\"Tours\",\"item\":\"https:\/\/tourtravelandmore.com\/fr\/tours\/\"},{\"@type\":\"ListItem\",\"position\":3,\"name\":\"Visites priv\u00e9es de S\u00e9ville \u00e0 Cordoue\"}]},{\"@type\":\"WebSite\",\"@id\":\"https:\/\/tourtravelandmore.com\/fr\/#website\",\"url\":\"https:\/\/tourtravelandmore.com\/fr\/\",\"name\":\"Tour Travel And More\",\"description\":\"Private sightseeing tours and luxury transfers in Spain\",\"publisher\":{\"@id\":\"https:\/\/tourtravelandmore.com\/fr\/#organization\"},\"potentialAction\":[{\"@type\":\"SearchAction\",\"target\":{\"@type\":\"EntryPoint\",\"urlTemplate\":\"https:\/\/tourtravelandmore.com\/fr\/?s={search_term_string}\"},\"query-input\":{\"@type\":\"PropertyValueSpecification\",\"valueRequired\":true,\"valueName\":\"search_term_string\"}}],\"inLanguage\":\"fr-FR\"},{\"@type\":\"Organization\",\"@id\":\"https:\/\/tourtravelandmore.com\/fr\/#organization\",\"name\":\"Tour Travel And More\",\"url\":\"https:\/\/tourtravelandmore.com\/fr\/\",\"logo\":{\"@type\":\"ImageObject\",\"inLanguage\":\"fr-FR\",\"@id\":\"https:\/\/tourtravelandmore.com\/fr\/#\/schema\/logo\/image\/\",\"url\":\"https:\/\/tourtravelandmore.com\/wp-content\/uploads\/2022\/12\/cropped-logo-cabecera-new.png\",\"contentUrl\":\"https:\/\/tourtravelandmore.com\/wp-content\/uploads\/2022\/12\/cropped-logo-cabecera-new.png\",\"width\":430,\"height\":61,\"caption\":\"Tour Travel And More\"},\"image\":{\"@id\":\"https:\/\/tourtravelandmore.com\/fr\/#\/schema\/logo\/image\/\"},\"sameAs\":[\"https:\/\/www.facebook.com\/tourtravelandmore\/\",\"https:\/\/x.com\/TourTravel_More\"]}]}<\/script>\n<!-- \/ Yoast SEO Premium plugin. -->","yoast_head_json":{"title":"Visites priv\u00e9es de S\u00e9ville \u00e0 Cordoue - Tour Travel & More","description":"Visites priv\u00e9es de S\u00e9ville \u00e0 Cordoue. V\u00e9hicule de luxe priv\u00e9 avec chauffeur et guide officiel \u00e0 Cordoue pendant 3 heures. Alcazar et mosqu\u00e9e \/ cath\u00e9drale.","robots":{"index":"index","follow":"follow","max-snippet":"max-snippet:-1","max-image-preview":"max-image-preview:large","max-video-preview":"max-video-preview:-1"},"canonical":"https:\/\/tourtravelandmore.com\/fr\/tours\/espagne-fr\/seville-fr\/excursions-pivees\/visites-privees-de-seville-a-cordoue\/","og_locale":"fr_FR","og_type":"article","og_title":"Visites priv\u00e9es de S\u00e9ville \u00e0 Cordoue","og_description":"Visites priv\u00e9es de S\u00e9ville \u00e0 Cordoue. V\u00e9hicule de luxe priv\u00e9 avec chauffeur et guide officiel \u00e0 Cordoue pendant 3 heures. Alcazar et mosqu\u00e9e \/ cath\u00e9drale.","og_url":"https:\/\/tourtravelandmore.com\/fr\/tours\/espagne-fr\/seville-fr\/excursions-pivees\/visites-privees-de-seville-a-cordoue\/","og_site_name":"Tour Travel And More","article_publisher":"https:\/\/www.facebook.com\/tourtravelandmore\/","article_modified_time":"2023-03-16T15:14:05+00:00","og_image":[{"url":"https:\/\/tourtravelandmore.com\/wp-content\/uploads\/2016\/08\/Mezquita_de_C\u00f3rdoba_desde_el_aire_C\u00f3rdoba_Espa\u00f1a.jpg","width":1024,"height":680,"type":"image\/jpeg"}],"twitter_card":"summary_large_image","twitter_site":"@TourTravel_More","twitter_misc":{"Dur\u00e9e de lecture estim\u00e9e":"2 minutes"},"schema":{"@context":"https:\/\/schema.org","@graph":[{"@type":"WebPage","@id":"https:\/\/tourtravelandmore.com\/fr\/tours\/espagne-fr\/seville-fr\/excursions-pivees\/visites-privees-de-seville-a-cordoue\/","url":"https:\/\/tourtravelandmore.com\/fr\/tours\/espagne-fr\/seville-fr\/excursions-pivees\/visites-privees-de-seville-a-cordoue\/","name":"Visites priv\u00e9es de S\u00e9ville \u00e0 Cordoue - Tour Travel & More","isPartOf":{"@id":"https:\/\/tourtravelandmore.com\/fr\/#website"},"primaryImageOfPage":{"@id":"https:\/\/tourtravelandmore.com\/fr\/tours\/espagne-fr\/seville-fr\/excursions-pivees\/visites-privees-de-seville-a-cordoue\/#primaryimage"},"image":{"@id":"https:\/\/tourtravelandmore.com\/fr\/tours\/espagne-fr\/seville-fr\/excursions-pivees\/visites-privees-de-seville-a-cordoue\/#primaryimage"},"thumbnailUrl":"https:\/\/tourtravelandmore.com\/wp-content\/uploads\/2016\/08\/Mezquita_de_C\u00f3rdoba_desde_el_aire_C\u00f3rdoba_Espa\u00f1a.jpg","datePublished":"2016-08-26T10:29:23+00:00","dateModified":"2023-03-16T15:14:05+00:00","description":"Visites priv\u00e9es de S\u00e9ville \u00e0 Cordoue. V\u00e9hicule de luxe priv\u00e9 avec chauffeur et guide officiel \u00e0 Cordoue pendant 3 heures. Alcazar et mosqu\u00e9e \/ cath\u00e9drale.","breadcrumb":{"@id":"https:\/\/tourtravelandmore.com\/fr\/tours\/espagne-fr\/seville-fr\/excursions-pivees\/visites-privees-de-seville-a-cordoue\/#breadcrumb"},"inLanguage":"fr-FR","potentialAction":[{"@type":"ReadAction","target":["https:\/\/tourtravelandmore.com\/fr\/tours\/espagne-fr\/seville-fr\/excursions-pivees\/visites-privees-de-seville-a-cordoue\/"]}]},{"@type":"ImageObject","inLanguage":"fr-FR","@id":"https:\/\/tourtravelandmore.com\/fr\/tours\/espagne-fr\/seville-fr\/excursions-pivees\/visites-privees-de-seville-a-cordoue\/#primaryimage","url":"https:\/\/tourtravelandmore.com\/wp-content\/uploads\/2016\/08\/Mezquita_de_C\u00f3rdoba_desde_el_aire_C\u00f3rdoba_Espa\u00f1a.jpg","contentUrl":"https:\/\/tourtravelandmore.com\/wp-content\/uploads\/2016\/08\/Mezquita_de_C\u00f3rdoba_desde_el_aire_C\u00f3rdoba_Espa\u00f1a.jpg","width":4288,"height":2848},{"@type":"BreadcrumbList","@id":"https:\/\/tourtravelandmore.com\/fr\/tours\/espagne-fr\/seville-fr\/excursions-pivees\/visites-privees-de-seville-a-cordoue\/#breadcrumb","itemListElement":[{"@type":"ListItem","position":1,"name":"Home","item":"https:\/\/tourtravelandmore.com\/fr\/"},{"@type":"ListItem","position":2,"name":"Tours","item":"https:\/\/tourtravelandmore.com\/fr\/tours\/"},{"@type":"ListItem","position":3,"name":"Visites priv\u00e9es de S\u00e9ville \u00e0 Cordoue"}]},{"@type":"WebSite","@id":"https:\/\/tourtravelandmore.com\/fr\/#website","url":"https:\/\/tourtravelandmore.com\/fr\/","name":"Tour Travel And More","description":"Private sightseeing tours and luxury transfers in Spain","publisher":{"@id":"https:\/\/tourtravelandmore.com\/fr\/#organization"},"potentialAction":[{"@type":"SearchAction","target":{"@type":"EntryPoint","urlTemplate":"https:\/\/tourtravelandmore.com\/fr\/?s={search_term_string}"},"query-input":{"@type":"PropertyValueSpecification","valueRequired":true,"valueName":"search_term_string"}}],"inLanguage":"fr-FR"},{"@type":"Organization","@id":"https:\/\/tourtravelandmore.com\/fr\/#organization","name":"Tour Travel And More","url":"https:\/\/tourtravelandmore.com\/fr\/","logo":{"@type":"ImageObject","inLanguage":"fr-FR","@id":"https:\/\/tourtravelandmore.com\/fr\/#\/schema\/logo\/image\/","url":"https:\/\/tourtravelandmore.com\/wp-content\/uploads\/2022\/12\/cropped-logo-cabecera-new.png","contentUrl":"https:\/\/tourtravelandmore.com\/wp-content\/uploads\/2022\/12\/cropped-logo-cabecera-new.png","width":430,"height":61,"caption":"Tour Travel And More"},"image":{"@id":"https:\/\/tourtravelandmore.com\/fr\/#\/schema\/logo\/image\/"},"sameAs":["https:\/\/www.facebook.com\/tourtravelandmore\/","https:\/\/x.com\/TourTravel_More"]}]}},"_links":{"self":[{"href":"https:\/\/tourtravelandmore.com\/fr\/wp-json\/wp\/v2\/product\/100904","targetHints":{"allow":["GET"]}}],"collection":[{"href":"https:\/\/tourtravelandmore.com\/fr\/wp-json\/wp\/v2\/product"}],"about":[{"href":"https:\/\/tourtravelandmore.com\/fr\/wp-json\/wp\/v2\/types\/product"}],"replies":[{"embeddable":true,"href":"https:\/\/tourtravelandmore.com\/fr\/wp-json\/wp\/v2\/comments?post=100904"}],"wp:featuredmedia":[{"embeddable":true,"href":"https:\/\/tourtravelandmore.com\/fr\/wp-json\/wp\/v2\/media\/94522"}],"wp:attachment":[{"href":"https:\/\/tourtravelandmore.com\/fr\/wp-json\/wp\/v2\/media?parent=100904"}],"wp:term":[{"taxonomy":"product_brand","embeddable":true,"href":"https:\/\/tourtravelandmore.com\/fr\/wp-json\/wp\/v2\/product_brand?post=100904"},{"taxonomy":"product_cat","embeddable":true,"href":"https:\/\/tourtravelandmore.com\/fr\/wp-json\/wp\/v2\/product_cat?post=100904"},{"taxonomy":"product_tag","embeddable":true,"href":"https:\/\/tourtravelandmore.com\/fr\/wp-json\/wp\/v2\/product_tag?post=100904"}],"curies":[{"name":"wp","href":"https:\/\/api.w.org\/{rel}","templated":true}]}}