{"id":100899,"date":"2016-08-26T11:54:31","date_gmt":"2016-08-26T09:54:31","guid":{"rendered":"https:\/\/tourtravelandmore.com\/tours\/non%20class\u00e9\/visite-privee-de-malaga-au-depart-de-seville\/"},"modified":"2023-03-22T15:37:27","modified_gmt":"2023-03-22T14:37:27","slug":"visite-privee-de-malaga-au-depart-de-seville","status":"publish","type":"product","link":"https:\/\/tourtravelandmore.com\/fr\/tours\/espagne-fr\/seville-fr\/excursions-pivees\/visite-privee-de-malaga-au-depart-de-seville\/","title":{"rendered":"Visite priv\u00e9e de Malaga au d\u00e9part de S\u00e9ville"},"content":{"rendered":"<h2>Description<\/h2>\n<p>Profitez de cette <strong>visite priv\u00e9e<\/strong> de <strong>Malaga<\/strong> au d\u00e9part de <strong>S\u00e9ville.<\/strong> Demandez \u00e0 votre chauffeur de venir vous chercher \u00e0 votre h\u00f4tel \u00e0 <strong>S\u00e9ville.<\/strong><\/p>\n<p>Tout d&#8217;abord, nous organiserons cette prise en charge confortable avec votre chauffeur. Nous roulerons ensuite confortablement vers <strong>Malaga.<\/strong><\/p>\n<p>Une fois sur place, votre guide officiel \u00e0 Malaga pendant 3 heures vous fera visiter la ville. D\u00e9couvrez les sites les plus embl\u00e9matiques de <strong>Malaga.<\/strong><\/p>\n<p>\u00c0 Malaga, profitez d&#8217;une visite guid\u00e9e priv\u00e9e de 3 heures de cette ville c\u00f4ti\u00e8re. <strong>Malaga<\/strong> est une ville bien connue d&#8217;Andalousie et c&#8217;est un must pour en profiter avec un <strong>guide priv\u00e9.<\/strong> Apprenez \u00e0 conna\u00eetre leurs Espetos typiques, promenez-vous pr\u00e8s de la cath\u00e9drale et d\u00e9couvrez les meilleurs quartiers de la ville!<\/p>\n<p>Apr\u00e8s votre <strong>visite guid\u00e9e<\/strong> de 3 heures, prenez du temps libre pour manger un morceau. Apr\u00e8s avoir mang\u00e9 un morceau, nous vous ram\u00e8nerons \u00e0 votre h\u00f4tel \u00e0 <strong>S\u00e9ville.<\/strong> Votre chauffeur vous ram\u00e8nera confortablement \u00e0 S\u00e9ville.<\/p>\n<h2>Sites d&#8217;int\u00e9r\u00eat et monuments<\/h2>\n<p>Tout d&#8217;abord, notre chauffeur priv\u00e9 viendra vous chercher \u00e0 votre h\u00f4tel ou lieu de votre choix \u00e0 <strong>S\u00e9ville.<\/strong><\/p>\n<p>Nous vous emm\u00e8nerons dans cette visite priv\u00e9e \u00e0 Malaga. Une fois arriv\u00e9, votre guide officiel vous attendra et vous montrera les sites les plus embl\u00e9matiques de la ville.<\/p>\n<p>Voici quelques exemples de ce qu&#8217;il faut voir \u00e0 Malaga;<\/p>\n<ul>\n<li><strong>Plaza de la Merced<\/strong><\/li>\n<li><strong>Forteresse maure La Alcazaba<\/strong><\/li>\n<li><strong>Th\u00e9\u00e2tre romain<\/strong><\/li>\n<li><strong>Catedral de Malaga<\/strong><\/li>\n<li><strong>\u00c9glise Saint-Jean<\/strong><\/li>\n<li><strong>Beaucoup plus!<\/strong><\/li>\n<\/ul>\n<p>Vous pourrez ensuite profiter et admirer la grande architecture et les sites de Malaga lors de cette <strong>visite priv\u00e9e<\/strong> de <strong>Malaga<\/strong> au d\u00e9part de <strong>S\u00e9ville.<\/strong><\/p>\n<p>Pour cette visite, il est possible de le personnaliser selon vos propres besoins.<\/p>\n<p>Nous pouvons organiser votre entr\u00e9e dans n&#8217;importe quel monument de Malaga si vous \u00eates int\u00e9ress\u00e9. N&#8217;h\u00e9sitez pas \u00e0 nous contacter.<\/p>\n<p><strong>Jetez un \u0153il \u00e0 nos visites \u00e0 S\u00e9ville!<\/strong><\/p>\n","protected":false},"excerpt":{"rendered":"<p>Visite priv\u00e9e de Malaga au d\u00e9part de S\u00e9ville. V\u00e9hicule de luxe avec chauffeur et guide officiel \u00e0 Malaga pour une visite guid\u00e9e de 4 heures!<\/p>\n","protected":false},"featured_media":94529,"comment_status":"open","ping_status":"closed","template":"","meta":{"_acf_changed":false},"product_brand":[],"product_cat":[3676,4264,4263],"product_tag":[],"class_list":{"0":"post-100899","1":"product","2":"type-product","3":"status-publish","4":"has-post-thumbnail","6":"product_cat-seville-fr","7":"product_cat-all-private-tours-activities-fr-16","8":"product_cat-excursions-pivees","10":"first","11":"instock","12":"shipping-taxable","13":"purchasable","14":"product-type-simple"},"acf":[],"yoast_head":"<!-- This site is optimized with the Yoast SEO Premium plugin v25.3.1 (Yoast SEO v25.3.1) - https:\/\/yoast.com\/wordpress\/plugins\/seo\/ -->\n<title>Visite priv\u00e9e de Malaga au d\u00e9part de S\u00e9ville - V\u00e9hicule de luxe avec chauffeur et guide touristique<\/title>\n<meta name=\"description\" content=\"Visite priv\u00e9e de Malaga au d\u00e9part de S\u00e9ville. V\u00e9hicule de luxe avec chauffeur et guide officiel \u00e0 Malaga pour une visite guid\u00e9e de 4 heures!\" \/>\n<meta name=\"robots\" content=\"index, follow, max-snippet:-1, max-image-preview:large, max-video-preview:-1\" \/>\n<link rel=\"canonical\" href=\"https:\/\/tourtravelandmore.com\/fr\/tours\/espagne-fr\/seville-fr\/excursions-pivees\/visite-privee-de-malaga-au-depart-de-seville\/\" \/>\n<meta property=\"og:locale\" content=\"fr_FR\" \/>\n<meta property=\"og:type\" content=\"article\" \/>\n<meta property=\"og:title\" content=\"Visite priv\u00e9e de Malaga au d\u00e9part de S\u00e9ville\" \/>\n<meta property=\"og:description\" content=\"Visite priv\u00e9e de Malaga au d\u00e9part de S\u00e9ville. V\u00e9hicule de luxe avec chauffeur et guide officiel \u00e0 Malaga pour une visite guid\u00e9e de 4 heures!\" \/>\n<meta property=\"og:url\" content=\"https:\/\/tourtravelandmore.com\/fr\/tours\/espagne-fr\/seville-fr\/excursions-pivees\/visite-privee-de-malaga-au-depart-de-seville\/\" \/>\n<meta property=\"og:site_name\" content=\"Tour Travel And More\" \/>\n<meta property=\"article:publisher\" content=\"https:\/\/www.facebook.com\/tourtravelandmore\/\" \/>\n<meta property=\"article:modified_time\" content=\"2023-03-22T14:37:27+00:00\" \/>\n<meta property=\"og:image\" content=\"https:\/\/tourtravelandmore.com\/wp-content\/uploads\/2016\/08\/malaga.jpg\" \/>\n\t<meta property=\"og:image:width\" content=\"580\" \/>\n\t<meta property=\"og:image:height\" content=\"362\" \/>\n\t<meta property=\"og:image:type\" content=\"image\/jpeg\" \/>\n<meta name=\"twitter:card\" content=\"summary_large_image\" \/>\n<meta name=\"twitter:site\" content=\"@TourTravel_More\" \/>\n<meta name=\"twitter:label1\" content=\"Dur\u00e9e de lecture estim\u00e9e\" \/>\n\t<meta name=\"twitter:data1\" content=\"2 minutes\" \/>\n<script type=\"application\/ld+json\" class=\"yoast-schema-graph\">{\"@context\":\"https:\/\/schema.org\",\"@graph\":[{\"@type\":\"WebPage\",\"@id\":\"https:\/\/tourtravelandmore.com\/fr\/tours\/espagne-fr\/seville-fr\/excursions-pivees\/visite-privee-de-malaga-au-depart-de-seville\/\",\"url\":\"https:\/\/tourtravelandmore.com\/fr\/tours\/espagne-fr\/seville-fr\/excursions-pivees\/visite-privee-de-malaga-au-depart-de-seville\/\",\"name\":\"Visite priv\u00e9e de Malaga au d\u00e9part de S\u00e9ville - V\u00e9hicule de luxe avec chauffeur et guide touristique\",\"isPartOf\":{\"@id\":\"https:\/\/tourtravelandmore.com\/fr\/#website\"},\"primaryImageOfPage\":{\"@id\":\"https:\/\/tourtravelandmore.com\/fr\/tours\/espagne-fr\/seville-fr\/excursions-pivees\/visite-privee-de-malaga-au-depart-de-seville\/#primaryimage\"},\"image\":{\"@id\":\"https:\/\/tourtravelandmore.com\/fr\/tours\/espagne-fr\/seville-fr\/excursions-pivees\/visite-privee-de-malaga-au-depart-de-seville\/#primaryimage\"},\"thumbnailUrl\":\"https:\/\/tourtravelandmore.com\/wp-content\/uploads\/2016\/08\/malaga.jpg\",\"datePublished\":\"2016-08-26T09:54:31+00:00\",\"dateModified\":\"2023-03-22T14:37:27+00:00\",\"description\":\"Visite priv\u00e9e de Malaga au d\u00e9part de S\u00e9ville. V\u00e9hicule de luxe avec chauffeur et guide officiel \u00e0 Malaga pour une visite guid\u00e9e de 4 heures!\",\"breadcrumb\":{\"@id\":\"https:\/\/tourtravelandmore.com\/fr\/tours\/espagne-fr\/seville-fr\/excursions-pivees\/visite-privee-de-malaga-au-depart-de-seville\/#breadcrumb\"},\"inLanguage\":\"fr-FR\",\"potentialAction\":[{\"@type\":\"ReadAction\",\"target\":[\"https:\/\/tourtravelandmore.com\/fr\/tours\/espagne-fr\/seville-fr\/excursions-pivees\/visite-privee-de-malaga-au-depart-de-seville\/\"]}]},{\"@type\":\"ImageObject\",\"inLanguage\":\"fr-FR\",\"@id\":\"https:\/\/tourtravelandmore.com\/fr\/tours\/espagne-fr\/seville-fr\/excursions-pivees\/visite-privee-de-malaga-au-depart-de-seville\/#primaryimage\",\"url\":\"https:\/\/tourtravelandmore.com\/wp-content\/uploads\/2016\/08\/malaga.jpg\",\"contentUrl\":\"https:\/\/tourtravelandmore.com\/wp-content\/uploads\/2016\/08\/malaga.jpg\",\"width\":580,\"height\":362},{\"@type\":\"BreadcrumbList\",\"@id\":\"https:\/\/tourtravelandmore.com\/fr\/tours\/espagne-fr\/seville-fr\/excursions-pivees\/visite-privee-de-malaga-au-depart-de-seville\/#breadcrumb\",\"itemListElement\":[{\"@type\":\"ListItem\",\"position\":1,\"name\":\"Home\",\"item\":\"https:\/\/tourtravelandmore.com\/fr\/\"},{\"@type\":\"ListItem\",\"position\":2,\"name\":\"Tours\",\"item\":\"https:\/\/tourtravelandmore.com\/fr\/tours\/\"},{\"@type\":\"ListItem\",\"position\":3,\"name\":\"Visite priv\u00e9e de Malaga au d\u00e9part de S\u00e9ville\"}]},{\"@type\":\"WebSite\",\"@id\":\"https:\/\/tourtravelandmore.com\/fr\/#website\",\"url\":\"https:\/\/tourtravelandmore.com\/fr\/\",\"name\":\"Tour Travel And More\",\"description\":\"Private sightseeing tours and luxury transfers in Spain\",\"publisher\":{\"@id\":\"https:\/\/tourtravelandmore.com\/fr\/#organization\"},\"potentialAction\":[{\"@type\":\"SearchAction\",\"target\":{\"@type\":\"EntryPoint\",\"urlTemplate\":\"https:\/\/tourtravelandmore.com\/fr\/?s={search_term_string}\"},\"query-input\":{\"@type\":\"PropertyValueSpecification\",\"valueRequired\":true,\"valueName\":\"search_term_string\"}}],\"inLanguage\":\"fr-FR\"},{\"@type\":\"Organization\",\"@id\":\"https:\/\/tourtravelandmore.com\/fr\/#organization\",\"name\":\"Tour Travel And More\",\"url\":\"https:\/\/tourtravelandmore.com\/fr\/\",\"logo\":{\"@type\":\"ImageObject\",\"inLanguage\":\"fr-FR\",\"@id\":\"https:\/\/tourtravelandmore.com\/fr\/#\/schema\/logo\/image\/\",\"url\":\"https:\/\/tourtravelandmore.com\/wp-content\/uploads\/2022\/12\/cropped-logo-cabecera-new.png\",\"contentUrl\":\"https:\/\/tourtravelandmore.com\/wp-content\/uploads\/2022\/12\/cropped-logo-cabecera-new.png\",\"width\":430,\"height\":61,\"caption\":\"Tour Travel And More\"},\"image\":{\"@id\":\"https:\/\/tourtravelandmore.com\/fr\/#\/schema\/logo\/image\/\"},\"sameAs\":[\"https:\/\/www.facebook.com\/tourtravelandmore\/\",\"https:\/\/x.com\/TourTravel_More\"]}]}<\/script>\n<!-- \/ Yoast SEO Premium plugin. -->","yoast_head_json":{"title":"Visite priv\u00e9e de Malaga au d\u00e9part de S\u00e9ville - V\u00e9hicule de luxe avec chauffeur et guide touristique","description":"Visite priv\u00e9e de Malaga au d\u00e9part de S\u00e9ville. V\u00e9hicule de luxe avec chauffeur et guide officiel \u00e0 Malaga pour une visite guid\u00e9e de 4 heures!","robots":{"index":"index","follow":"follow","max-snippet":"max-snippet:-1","max-image-preview":"max-image-preview:large","max-video-preview":"max-video-preview:-1"},"canonical":"https:\/\/tourtravelandmore.com\/fr\/tours\/espagne-fr\/seville-fr\/excursions-pivees\/visite-privee-de-malaga-au-depart-de-seville\/","og_locale":"fr_FR","og_type":"article","og_title":"Visite priv\u00e9e de Malaga au d\u00e9part de S\u00e9ville","og_description":"Visite priv\u00e9e de Malaga au d\u00e9part de S\u00e9ville. V\u00e9hicule de luxe avec chauffeur et guide officiel \u00e0 Malaga pour une visite guid\u00e9e de 4 heures!","og_url":"https:\/\/tourtravelandmore.com\/fr\/tours\/espagne-fr\/seville-fr\/excursions-pivees\/visite-privee-de-malaga-au-depart-de-seville\/","og_site_name":"Tour Travel And More","article_publisher":"https:\/\/www.facebook.com\/tourtravelandmore\/","article_modified_time":"2023-03-22T14:37:27+00:00","og_image":[{"width":580,"height":362,"url":"https:\/\/tourtravelandmore.com\/wp-content\/uploads\/2016\/08\/malaga.jpg","type":"image\/jpeg"}],"twitter_card":"summary_large_image","twitter_site":"@TourTravel_More","twitter_misc":{"Dur\u00e9e de lecture estim\u00e9e":"2 minutes"},"schema":{"@context":"https:\/\/schema.org","@graph":[{"@type":"WebPage","@id":"https:\/\/tourtravelandmore.com\/fr\/tours\/espagne-fr\/seville-fr\/excursions-pivees\/visite-privee-de-malaga-au-depart-de-seville\/","url":"https:\/\/tourtravelandmore.com\/fr\/tours\/espagne-fr\/seville-fr\/excursions-pivees\/visite-privee-de-malaga-au-depart-de-seville\/","name":"Visite priv\u00e9e de Malaga au d\u00e9part de S\u00e9ville - V\u00e9hicule de luxe avec chauffeur et guide touristique","isPartOf":{"@id":"https:\/\/tourtravelandmore.com\/fr\/#website"},"primaryImageOfPage":{"@id":"https:\/\/tourtravelandmore.com\/fr\/tours\/espagne-fr\/seville-fr\/excursions-pivees\/visite-privee-de-malaga-au-depart-de-seville\/#primaryimage"},"image":{"@id":"https:\/\/tourtravelandmore.com\/fr\/tours\/espagne-fr\/seville-fr\/excursions-pivees\/visite-privee-de-malaga-au-depart-de-seville\/#primaryimage"},"thumbnailUrl":"https:\/\/tourtravelandmore.com\/wp-content\/uploads\/2016\/08\/malaga.jpg","datePublished":"2016-08-26T09:54:31+00:00","dateModified":"2023-03-22T14:37:27+00:00","description":"Visite priv\u00e9e de Malaga au d\u00e9part de S\u00e9ville. V\u00e9hicule de luxe avec chauffeur et guide officiel \u00e0 Malaga pour une visite guid\u00e9e de 4 heures!","breadcrumb":{"@id":"https:\/\/tourtravelandmore.com\/fr\/tours\/espagne-fr\/seville-fr\/excursions-pivees\/visite-privee-de-malaga-au-depart-de-seville\/#breadcrumb"},"inLanguage":"fr-FR","potentialAction":[{"@type":"ReadAction","target":["https:\/\/tourtravelandmore.com\/fr\/tours\/espagne-fr\/seville-fr\/excursions-pivees\/visite-privee-de-malaga-au-depart-de-seville\/"]}]},{"@type":"ImageObject","inLanguage":"fr-FR","@id":"https:\/\/tourtravelandmore.com\/fr\/tours\/espagne-fr\/seville-fr\/excursions-pivees\/visite-privee-de-malaga-au-depart-de-seville\/#primaryimage","url":"https:\/\/tourtravelandmore.com\/wp-content\/uploads\/2016\/08\/malaga.jpg","contentUrl":"https:\/\/tourtravelandmore.com\/wp-content\/uploads\/2016\/08\/malaga.jpg","width":580,"height":362},{"@type":"BreadcrumbList","@id":"https:\/\/tourtravelandmore.com\/fr\/tours\/espagne-fr\/seville-fr\/excursions-pivees\/visite-privee-de-malaga-au-depart-de-seville\/#breadcrumb","itemListElement":[{"@type":"ListItem","position":1,"name":"Home","item":"https:\/\/tourtravelandmore.com\/fr\/"},{"@type":"ListItem","position":2,"name":"Tours","item":"https:\/\/tourtravelandmore.com\/fr\/tours\/"},{"@type":"ListItem","position":3,"name":"Visite priv\u00e9e de Malaga au d\u00e9part de S\u00e9ville"}]},{"@type":"WebSite","@id":"https:\/\/tourtravelandmore.com\/fr\/#website","url":"https:\/\/tourtravelandmore.com\/fr\/","name":"Tour Travel And More","description":"Private sightseeing tours and luxury transfers in Spain","publisher":{"@id":"https:\/\/tourtravelandmore.com\/fr\/#organization"},"potentialAction":[{"@type":"SearchAction","target":{"@type":"EntryPoint","urlTemplate":"https:\/\/tourtravelandmore.com\/fr\/?s={search_term_string}"},"query-input":{"@type":"PropertyValueSpecification","valueRequired":true,"valueName":"search_term_string"}}],"inLanguage":"fr-FR"},{"@type":"Organization","@id":"https:\/\/tourtravelandmore.com\/fr\/#organization","name":"Tour Travel And More","url":"https:\/\/tourtravelandmore.com\/fr\/","logo":{"@type":"ImageObject","inLanguage":"fr-FR","@id":"https:\/\/tourtravelandmore.com\/fr\/#\/schema\/logo\/image\/","url":"https:\/\/tourtravelandmore.com\/wp-content\/uploads\/2022\/12\/cropped-logo-cabecera-new.png","contentUrl":"https:\/\/tourtravelandmore.com\/wp-content\/uploads\/2022\/12\/cropped-logo-cabecera-new.png","width":430,"height":61,"caption":"Tour Travel And More"},"image":{"@id":"https:\/\/tourtravelandmore.com\/fr\/#\/schema\/logo\/image\/"},"sameAs":["https:\/\/www.facebook.com\/tourtravelandmore\/","https:\/\/x.com\/TourTravel_More"]}]}},"_links":{"self":[{"href":"https:\/\/tourtravelandmore.com\/fr\/wp-json\/wp\/v2\/product\/100899","targetHints":{"allow":["GET"]}}],"collection":[{"href":"https:\/\/tourtravelandmore.com\/fr\/wp-json\/wp\/v2\/product"}],"about":[{"href":"https:\/\/tourtravelandmore.com\/fr\/wp-json\/wp\/v2\/types\/product"}],"replies":[{"embeddable":true,"href":"https:\/\/tourtravelandmore.com\/fr\/wp-json\/wp\/v2\/comments?post=100899"}],"wp:featuredmedia":[{"embeddable":true,"href":"https:\/\/tourtravelandmore.com\/fr\/wp-json\/wp\/v2\/media\/94529"}],"wp:attachment":[{"href":"https:\/\/tourtravelandmore.com\/fr\/wp-json\/wp\/v2\/media?parent=100899"}],"wp:term":[{"taxonomy":"product_brand","embeddable":true,"href":"https:\/\/tourtravelandmore.com\/fr\/wp-json\/wp\/v2\/product_brand?post=100899"},{"taxonomy":"product_cat","embeddable":true,"href":"https:\/\/tourtravelandmore.com\/fr\/wp-json\/wp\/v2\/product_cat?post=100899"},{"taxonomy":"product_tag","embeddable":true,"href":"https:\/\/tourtravelandmore.com\/fr\/wp-json\/wp\/v2\/product_tag?post=100899"}],"curies":[{"name":"wp","href":"https:\/\/api.w.org\/{rel}","templated":true}]}}