{"id":100894,"date":"2016-08-26T10:42:11","date_gmt":"2016-08-26T08:42:11","guid":{"rendered":"https:\/\/tourtravelandmore.com\/tours\/non class\u00e9\/visite-privee-de-seville-a-grenade\/"},"modified":"2016-08-26T10:42:11","modified_gmt":"2016-08-26T08:42:11","slug":"visite-privee-de-seville-a-grenade","status":"publish","type":"product","link":"https:\/\/tourtravelandmore.com\/fr\/tours\/espagne-fr\/seville-fr\/excursions-pivees\/visite-privee-de-seville-a-grenade\/","title":{"rendered":"Visite priv\u00e9e de S\u00e9ville \u00e0 Grenade"},"content":{"rendered":"<h2>Description<\/h2>\n<p>Profitez de cette visite priv\u00e9e de S\u00e9ville \u00e0 Grenade avec votre propre v\u00e9hicule de luxe priv\u00e9 avec chauffeur.<\/p>\n<p>Vous apprendrez \u00e0 conna\u00eetre les parties les plus importantes de l&#8217;Alhambra avec votre guide officiel priv\u00e9!<\/p>\n<p>Tout d&#8217;abord, cette visite priv\u00e9e d\u00e9butera \u00e0 votre h\u00f4tel \u00e0 S\u00e9ville. Notre chauffeur vous attendra pour vous conduire vers Grenade. Une fois arriv\u00e9s \u00e0 Grenade, demandez \u00e0 notre chauffeur de vous emmener vers votre guide priv\u00e9. \u00c0 l&#8217;Alhambra, vous rencontrerez votre guide priv\u00e9. \u00c0 l&#8217;entr\u00e9e de l&#8217;Alhambra, votre visite de l&#8217;Alhambra commencera. Les billets d&#8217;entr\u00e9e sont inclus pour le monument de l&#8217;Alhambra.<\/p>\n<p>Profitez d&#8217;une visite guid\u00e9e de 3 heures de l&#8217;Alhambra avant de retourner vers S\u00e9ville. Apr\u00e8s la visite de l&#8217;Alhambra, vous aurez une bouch\u00e9e rapide. Nous partirons ensuite vers S\u00e9ville.<\/p>\n<p>Si vous souhaitez profiter du centre-ville de Grenade, nous aurions besoin d&#8217;ajouter des heures suppl\u00e9mentaires pour le guide et le chauffeur.<\/p>\n<h2>Sites d&#8217;int\u00e9r\u00eat et monuments<\/h2>\n<p>Profitez de Grenade, une ville situ\u00e9e au pied des montagnes de la Sierra Nevada o\u00f9 se rencontrent quatre rivi\u00e8res, le Beiro, le Darro, le Genil et le Monachil. Grenade est vraiment un site unique.<\/p>\n<p>\u00c0 Grenade, vous trouverez l\u2019un des monuments les plus importants d\u2019Espagne, l\u2019Alhambra.<\/p>\n<p>Ceci est une citadelle mauresque et un palais. C&#8217;est le b\u00e2timent le plus renomm\u00e9 de l&#8217;h\u00e9ritage historique islamique andalou et il fait de Grenade une destination populaire parmi les touristes.<\/p>\n<p>Nous vous aiderons \u00e0 organiser votre exp\u00e9rience totalement personnalis\u00e9e et unique \u00e0 l&#8217;Alhambra. Nous avons inclus les billets d&#8217;entr\u00e9e de l&#8217;Alhambra pour cette visite.<\/p>\n<p>Voici les sites de l&#8217;Alhambra que vous apprendrez \u00e0 conna\u00eetre;<\/p>\n<ul>\n<li>Alhambra<\/li>\n<li>Palais Nasrides<\/li>\n<li>Generalife<\/li>\n<li>Palais Carlos V<\/li>\n<li>Vues de l&#8217;Alcazaba<\/li>\n<li>Beaucoup plus!<\/li>\n<\/ul>\n<p>Apr\u00e8s l&#8217;Alhambra, mangez un morceau puis retrouvez votre chauffeur. Votre chauffeur vous ram\u00e8nera confortablement vers votre h\u00f4tel \u00e0 S\u00e9ville pour finaliser la visite priv\u00e9e de S\u00e9ville \u00e0 Grenade.<\/p>\n<p>Ne manquez pas nos visites priv\u00e9es au d\u00e9part de S\u00e9ville. Nous pouvons personnaliser la visite pour qu&#8217;elle commence \u00e0 partir de n&#8217;importe quel endroit de votre choix.<\/p>\n","protected":false},"excerpt":{"rendered":"<p>Visite priv\u00e9e de S\u00e9ville \u00e0 Grenade. V\u00e9hicule de luxe priv\u00e9 avec chauffeur et guide officiel \u00e0 l&#8217;Alhambra pendant 3 heures. Billets pour l&#8217;Alhambra inclus.<\/p>\n","protected":false},"featured_media":93174,"comment_status":"open","ping_status":"closed","template":"","meta":{"_acf_changed":false},"product_brand":[],"product_cat":[3676,4273,4264,4263],"product_tag":[],"class_list":{"0":"post-100894","1":"product","2":"type-product","3":"status-publish","4":"has-post-thumbnail","6":"product_cat-seville-fr","7":"product_cat-best-sellers-fr","8":"product_cat-all-private-tours-activities-fr-16","9":"product_cat-excursions-pivees","11":"first","12":"instock","13":"shipping-taxable","14":"purchasable","15":"product-type-simple"},"acf":[],"yoast_head":"<!-- This site is optimized with the Yoast SEO Premium plugin v25.3.1 (Yoast SEO v25.3.1) - https:\/\/yoast.com\/wordpress\/plugins\/seo\/ -->\n<title>Visite priv\u00e9e de S\u00e9ville \u00e0 Grenade - Billets pour l&#039;Alhambra inclus<\/title>\n<meta name=\"description\" content=\"Visite priv\u00e9e de S\u00e9ville \u00e0 Grenade. V\u00e9hicule de luxe priv\u00e9 avec chauffeur et guide officiel \u00e0 l&#039;Alhambra pendant 3 heures. Billets pour l&#039;Alhambra inclus.\" \/>\n<meta name=\"robots\" content=\"index, follow, max-snippet:-1, max-image-preview:large, max-video-preview:-1\" \/>\n<link rel=\"canonical\" href=\"https:\/\/tourtravelandmore.com\/fr\/tours\/espagne-fr\/seville-fr\/excursions-pivees\/visite-privee-de-seville-a-grenade\/\" \/>\n<meta property=\"og:locale\" content=\"fr_FR\" \/>\n<meta property=\"og:type\" content=\"article\" \/>\n<meta property=\"og:title\" content=\"Visite priv\u00e9e de S\u00e9ville \u00e0 Grenade\" \/>\n<meta property=\"og:description\" content=\"Visite priv\u00e9e de S\u00e9ville \u00e0 Grenade. V\u00e9hicule de luxe priv\u00e9 avec chauffeur et guide officiel \u00e0 l&#039;Alhambra pendant 3 heures. Billets pour l&#039;Alhambra inclus.\" \/>\n<meta property=\"og:url\" content=\"https:\/\/tourtravelandmore.com\/fr\/tours\/espagne-fr\/seville-fr\/excursions-pivees\/visite-privee-de-seville-a-grenade\/\" \/>\n<meta property=\"og:site_name\" content=\"Tour Travel And More\" \/>\n<meta property=\"article:publisher\" content=\"https:\/\/www.facebook.com\/tourtravelandmore\/\" \/>\n<meta property=\"og:image\" content=\"https:\/\/tourtravelandmore.com\/wp-content\/uploads\/2016\/03\/Granada-15.jpg\" \/>\n\t<meta property=\"og:image:width\" content=\"810\" \/>\n\t<meta property=\"og:image:height\" content=\"1080\" \/>\n\t<meta property=\"og:image:type\" content=\"image\/jpeg\" \/>\n<meta name=\"twitter:card\" content=\"summary_large_image\" \/>\n<meta name=\"twitter:site\" content=\"@TourTravel_More\" \/>\n<meta name=\"twitter:label1\" content=\"Dur\u00e9e de lecture estim\u00e9e\" \/>\n\t<meta name=\"twitter:data1\" content=\"2 minutes\" \/>\n<script type=\"application\/ld+json\" class=\"yoast-schema-graph\">{\"@context\":\"https:\/\/schema.org\",\"@graph\":[{\"@type\":\"WebPage\",\"@id\":\"https:\/\/tourtravelandmore.com\/fr\/tours\/espagne-fr\/seville-fr\/excursions-pivees\/visite-privee-de-seville-a-grenade\/\",\"url\":\"https:\/\/tourtravelandmore.com\/fr\/tours\/espagne-fr\/seville-fr\/excursions-pivees\/visite-privee-de-seville-a-grenade\/\",\"name\":\"Visite priv\u00e9e de S\u00e9ville \u00e0 Grenade - Billets pour l'Alhambra inclus\",\"isPartOf\":{\"@id\":\"https:\/\/tourtravelandmore.com\/fr\/#website\"},\"primaryImageOfPage\":{\"@id\":\"https:\/\/tourtravelandmore.com\/fr\/tours\/espagne-fr\/seville-fr\/excursions-pivees\/visite-privee-de-seville-a-grenade\/#primaryimage\"},\"image\":{\"@id\":\"https:\/\/tourtravelandmore.com\/fr\/tours\/espagne-fr\/seville-fr\/excursions-pivees\/visite-privee-de-seville-a-grenade\/#primaryimage\"},\"thumbnailUrl\":\"https:\/\/tourtravelandmore.com\/wp-content\/uploads\/2016\/03\/Granada-15.jpg\",\"datePublished\":\"2016-08-26T08:42:11+00:00\",\"description\":\"Visite priv\u00e9e de S\u00e9ville \u00e0 Grenade. V\u00e9hicule de luxe priv\u00e9 avec chauffeur et guide officiel \u00e0 l'Alhambra pendant 3 heures. Billets pour l'Alhambra inclus.\",\"breadcrumb\":{\"@id\":\"https:\/\/tourtravelandmore.com\/fr\/tours\/espagne-fr\/seville-fr\/excursions-pivees\/visite-privee-de-seville-a-grenade\/#breadcrumb\"},\"inLanguage\":\"fr-FR\",\"potentialAction\":[{\"@type\":\"ReadAction\",\"target\":[\"https:\/\/tourtravelandmore.com\/fr\/tours\/espagne-fr\/seville-fr\/excursions-pivees\/visite-privee-de-seville-a-grenade\/\"]}]},{\"@type\":\"ImageObject\",\"inLanguage\":\"fr-FR\",\"@id\":\"https:\/\/tourtravelandmore.com\/fr\/tours\/espagne-fr\/seville-fr\/excursions-pivees\/visite-privee-de-seville-a-grenade\/#primaryimage\",\"url\":\"https:\/\/tourtravelandmore.com\/wp-content\/uploads\/2016\/03\/Granada-15.jpg\",\"contentUrl\":\"https:\/\/tourtravelandmore.com\/wp-content\/uploads\/2016\/03\/Granada-15.jpg\",\"width\":810,\"height\":1080},{\"@type\":\"BreadcrumbList\",\"@id\":\"https:\/\/tourtravelandmore.com\/fr\/tours\/espagne-fr\/seville-fr\/excursions-pivees\/visite-privee-de-seville-a-grenade\/#breadcrumb\",\"itemListElement\":[{\"@type\":\"ListItem\",\"position\":1,\"name\":\"Home\",\"item\":\"https:\/\/tourtravelandmore.com\/fr\/\"},{\"@type\":\"ListItem\",\"position\":2,\"name\":\"Tours\",\"item\":\"https:\/\/tourtravelandmore.com\/fr\/tours\/\"},{\"@type\":\"ListItem\",\"position\":3,\"name\":\"Visite priv\u00e9e de S\u00e9ville \u00e0 Grenade\"}]},{\"@type\":\"WebSite\",\"@id\":\"https:\/\/tourtravelandmore.com\/fr\/#website\",\"url\":\"https:\/\/tourtravelandmore.com\/fr\/\",\"name\":\"Tour Travel And More\",\"description\":\"Private sightseeing tours and luxury transfers in Spain\",\"publisher\":{\"@id\":\"https:\/\/tourtravelandmore.com\/fr\/#organization\"},\"potentialAction\":[{\"@type\":\"SearchAction\",\"target\":{\"@type\":\"EntryPoint\",\"urlTemplate\":\"https:\/\/tourtravelandmore.com\/fr\/?s={search_term_string}\"},\"query-input\":{\"@type\":\"PropertyValueSpecification\",\"valueRequired\":true,\"valueName\":\"search_term_string\"}}],\"inLanguage\":\"fr-FR\"},{\"@type\":\"Organization\",\"@id\":\"https:\/\/tourtravelandmore.com\/fr\/#organization\",\"name\":\"Tour Travel And More\",\"url\":\"https:\/\/tourtravelandmore.com\/fr\/\",\"logo\":{\"@type\":\"ImageObject\",\"inLanguage\":\"fr-FR\",\"@id\":\"https:\/\/tourtravelandmore.com\/fr\/#\/schema\/logo\/image\/\",\"url\":\"https:\/\/tourtravelandmore.com\/wp-content\/uploads\/2022\/12\/cropped-logo-cabecera-new.png\",\"contentUrl\":\"https:\/\/tourtravelandmore.com\/wp-content\/uploads\/2022\/12\/cropped-logo-cabecera-new.png\",\"width\":430,\"height\":61,\"caption\":\"Tour Travel And More\"},\"image\":{\"@id\":\"https:\/\/tourtravelandmore.com\/fr\/#\/schema\/logo\/image\/\"},\"sameAs\":[\"https:\/\/www.facebook.com\/tourtravelandmore\/\",\"https:\/\/x.com\/TourTravel_More\"]}]}<\/script>\n<!-- \/ Yoast SEO Premium plugin. -->","yoast_head_json":{"title":"Visite priv\u00e9e de S\u00e9ville \u00e0 Grenade - Billets pour l'Alhambra inclus","description":"Visite priv\u00e9e de S\u00e9ville \u00e0 Grenade. V\u00e9hicule de luxe priv\u00e9 avec chauffeur et guide officiel \u00e0 l'Alhambra pendant 3 heures. Billets pour l'Alhambra inclus.","robots":{"index":"index","follow":"follow","max-snippet":"max-snippet:-1","max-image-preview":"max-image-preview:large","max-video-preview":"max-video-preview:-1"},"canonical":"https:\/\/tourtravelandmore.com\/fr\/tours\/espagne-fr\/seville-fr\/excursions-pivees\/visite-privee-de-seville-a-grenade\/","og_locale":"fr_FR","og_type":"article","og_title":"Visite priv\u00e9e de S\u00e9ville \u00e0 Grenade","og_description":"Visite priv\u00e9e de S\u00e9ville \u00e0 Grenade. V\u00e9hicule de luxe priv\u00e9 avec chauffeur et guide officiel \u00e0 l'Alhambra pendant 3 heures. Billets pour l'Alhambra inclus.","og_url":"https:\/\/tourtravelandmore.com\/fr\/tours\/espagne-fr\/seville-fr\/excursions-pivees\/visite-privee-de-seville-a-grenade\/","og_site_name":"Tour Travel And More","article_publisher":"https:\/\/www.facebook.com\/tourtravelandmore\/","og_image":[{"width":810,"height":1080,"url":"https:\/\/tourtravelandmore.com\/wp-content\/uploads\/2016\/03\/Granada-15.jpg","type":"image\/jpeg"}],"twitter_card":"summary_large_image","twitter_site":"@TourTravel_More","twitter_misc":{"Dur\u00e9e de lecture estim\u00e9e":"2 minutes"},"schema":{"@context":"https:\/\/schema.org","@graph":[{"@type":"WebPage","@id":"https:\/\/tourtravelandmore.com\/fr\/tours\/espagne-fr\/seville-fr\/excursions-pivees\/visite-privee-de-seville-a-grenade\/","url":"https:\/\/tourtravelandmore.com\/fr\/tours\/espagne-fr\/seville-fr\/excursions-pivees\/visite-privee-de-seville-a-grenade\/","name":"Visite priv\u00e9e de S\u00e9ville \u00e0 Grenade - Billets pour l'Alhambra inclus","isPartOf":{"@id":"https:\/\/tourtravelandmore.com\/fr\/#website"},"primaryImageOfPage":{"@id":"https:\/\/tourtravelandmore.com\/fr\/tours\/espagne-fr\/seville-fr\/excursions-pivees\/visite-privee-de-seville-a-grenade\/#primaryimage"},"image":{"@id":"https:\/\/tourtravelandmore.com\/fr\/tours\/espagne-fr\/seville-fr\/excursions-pivees\/visite-privee-de-seville-a-grenade\/#primaryimage"},"thumbnailUrl":"https:\/\/tourtravelandmore.com\/wp-content\/uploads\/2016\/03\/Granada-15.jpg","datePublished":"2016-08-26T08:42:11+00:00","description":"Visite priv\u00e9e de S\u00e9ville \u00e0 Grenade. V\u00e9hicule de luxe priv\u00e9 avec chauffeur et guide officiel \u00e0 l'Alhambra pendant 3 heures. Billets pour l'Alhambra inclus.","breadcrumb":{"@id":"https:\/\/tourtravelandmore.com\/fr\/tours\/espagne-fr\/seville-fr\/excursions-pivees\/visite-privee-de-seville-a-grenade\/#breadcrumb"},"inLanguage":"fr-FR","potentialAction":[{"@type":"ReadAction","target":["https:\/\/tourtravelandmore.com\/fr\/tours\/espagne-fr\/seville-fr\/excursions-pivees\/visite-privee-de-seville-a-grenade\/"]}]},{"@type":"ImageObject","inLanguage":"fr-FR","@id":"https:\/\/tourtravelandmore.com\/fr\/tours\/espagne-fr\/seville-fr\/excursions-pivees\/visite-privee-de-seville-a-grenade\/#primaryimage","url":"https:\/\/tourtravelandmore.com\/wp-content\/uploads\/2016\/03\/Granada-15.jpg","contentUrl":"https:\/\/tourtravelandmore.com\/wp-content\/uploads\/2016\/03\/Granada-15.jpg","width":810,"height":1080},{"@type":"BreadcrumbList","@id":"https:\/\/tourtravelandmore.com\/fr\/tours\/espagne-fr\/seville-fr\/excursions-pivees\/visite-privee-de-seville-a-grenade\/#breadcrumb","itemListElement":[{"@type":"ListItem","position":1,"name":"Home","item":"https:\/\/tourtravelandmore.com\/fr\/"},{"@type":"ListItem","position":2,"name":"Tours","item":"https:\/\/tourtravelandmore.com\/fr\/tours\/"},{"@type":"ListItem","position":3,"name":"Visite priv\u00e9e de S\u00e9ville \u00e0 Grenade"}]},{"@type":"WebSite","@id":"https:\/\/tourtravelandmore.com\/fr\/#website","url":"https:\/\/tourtravelandmore.com\/fr\/","name":"Tour Travel And More","description":"Private sightseeing tours and luxury transfers in Spain","publisher":{"@id":"https:\/\/tourtravelandmore.com\/fr\/#organization"},"potentialAction":[{"@type":"SearchAction","target":{"@type":"EntryPoint","urlTemplate":"https:\/\/tourtravelandmore.com\/fr\/?s={search_term_string}"},"query-input":{"@type":"PropertyValueSpecification","valueRequired":true,"valueName":"search_term_string"}}],"inLanguage":"fr-FR"},{"@type":"Organization","@id":"https:\/\/tourtravelandmore.com\/fr\/#organization","name":"Tour Travel And More","url":"https:\/\/tourtravelandmore.com\/fr\/","logo":{"@type":"ImageObject","inLanguage":"fr-FR","@id":"https:\/\/tourtravelandmore.com\/fr\/#\/schema\/logo\/image\/","url":"https:\/\/tourtravelandmore.com\/wp-content\/uploads\/2022\/12\/cropped-logo-cabecera-new.png","contentUrl":"https:\/\/tourtravelandmore.com\/wp-content\/uploads\/2022\/12\/cropped-logo-cabecera-new.png","width":430,"height":61,"caption":"Tour Travel And More"},"image":{"@id":"https:\/\/tourtravelandmore.com\/fr\/#\/schema\/logo\/image\/"},"sameAs":["https:\/\/www.facebook.com\/tourtravelandmore\/","https:\/\/x.com\/TourTravel_More"]}]}},"_links":{"self":[{"href":"https:\/\/tourtravelandmore.com\/fr\/wp-json\/wp\/v2\/product\/100894","targetHints":{"allow":["GET"]}}],"collection":[{"href":"https:\/\/tourtravelandmore.com\/fr\/wp-json\/wp\/v2\/product"}],"about":[{"href":"https:\/\/tourtravelandmore.com\/fr\/wp-json\/wp\/v2\/types\/product"}],"replies":[{"embeddable":true,"href":"https:\/\/tourtravelandmore.com\/fr\/wp-json\/wp\/v2\/comments?post=100894"}],"wp:featuredmedia":[{"embeddable":true,"href":"https:\/\/tourtravelandmore.com\/fr\/wp-json\/wp\/v2\/media\/93174"}],"wp:attachment":[{"href":"https:\/\/tourtravelandmore.com\/fr\/wp-json\/wp\/v2\/media?parent=100894"}],"wp:term":[{"taxonomy":"product_brand","embeddable":true,"href":"https:\/\/tourtravelandmore.com\/fr\/wp-json\/wp\/v2\/product_brand?post=100894"},{"taxonomy":"product_cat","embeddable":true,"href":"https:\/\/tourtravelandmore.com\/fr\/wp-json\/wp\/v2\/product_cat?post=100894"},{"taxonomy":"product_tag","embeddable":true,"href":"https:\/\/tourtravelandmore.com\/fr\/wp-json\/wp\/v2\/product_tag?post=100894"}],"curies":[{"name":"wp","href":"https:\/\/api.w.org\/{rel}","templated":true}]}}