{"id":100889,"date":"2016-03-13T21:08:07","date_gmt":"2016-03-13T20:08:07","guid":{"rendered":"https:\/\/tourtravelandmore.com\/tours\/non%20class\u00e9\/visite-a-pied-privee-de-triana\/"},"modified":"2023-03-22T16:46:39","modified_gmt":"2023-03-22T15:46:39","slug":"visite-a-pied-privee-de-triana","status":"publish","type":"product","link":"https:\/\/tourtravelandmore.com\/fr\/tours\/espagne-fr\/seville-fr\/all-private-tours-activities-fr-16\/visite-a-pied-privee-de-triana\/","title":{"rendered":"Visite \u00e0 pied priv\u00e9e de Triana"},"content":{"rendered":"<h2>Description<\/h2>\n<p>Saisissez l&#8217;occasion de profiter de cette <strong>visite priv\u00e9e \u00e0 pied de Triana.<\/strong><\/p>\n<p>Tout d&#8217;abord, cette visite priv\u00e9e commencera \u00e0 un point de rendez-vous central ou \u00e0 un h\u00f4tel du centre-ville si vous marchez \u00e0 pied. Vous rencontrerez votre guide officiel priv\u00e9 pour commencer cette <strong>visite priv\u00e9e<\/strong> \u00e0 <strong>pied<\/strong> de <strong>Triana.<\/strong><\/p>\n<p>Cette visite peut commencer \u00e0 l&#8217;heure de d\u00e9part souhait\u00e9e et d\u00e9couvrir le meilleur du quartier de <strong>Triana<\/strong> \u00e0 <strong>S\u00e9ville.<\/strong><\/p>\n<p>Profitez de cette visite priv\u00e9e \u00e0 pied de 2 heures et d\u00e9couvrez S\u00e9ville et la r\u00e9gion de <strong>Triana!<\/strong><\/p>\n<p>Cette <strong>visite priv\u00e9e<\/strong> se terminera dans le centre-ville.<\/p>\n<h2>Sites d&#8217;int\u00e9r\u00eat et monuments<\/h2>\n<p>Tout d&#8217;abord, la visite priv\u00e9e commencera dans le centre de <strong>S\u00e9ville<\/strong> et vous partirez \u00e0 pied, avec votre guide officiel priv\u00e9, en direction de <strong>Triana.<\/strong><\/p>\n<p>Triana est un beau quartier de <strong>S\u00e9ville.<\/strong><\/p>\n<p>Deuxi\u00e8mement, nous traverserons le pont de <strong>Triana,<\/strong> d&#8217;o\u00f9 vous pourrez profiter d&#8217;une vue magnifique sur les b\u00e2timents d&#8217;exposition de <strong>1992.<\/strong><\/p>\n<p>Cette exposition a \u00e9t\u00e9 nomm\u00e9e <strong>\u00abl&#8217;\u00e2ge de la d\u00e9couverte\u00bb<\/strong> et a re\u00e7u environ <strong>41 millions<\/strong> de <strong>visiteurs.<\/strong><\/p>\n<p>Surtout, lors de cette visite priv\u00e9e \u00e0 pied, vous d\u00e9couvrirez les lieux les plus embl\u00e9matiques de <strong>Triana.<\/strong><\/p>\n<p>Par exemple, certains des endroits \u00e0 visiter seront:<\/p>\n<ul>\n<li><strong>le march\u00e9 de Triana,<\/strong><\/li>\n<li><strong>la chapelle Carmen,<\/strong><\/li>\n<li><strong>Statue de Belmonte,<\/strong><\/li>\n<li><strong>le ch\u00e2teau saint george (o\u00f9 \u00e9tait bas\u00e9e l&#8217;inquisition espagnole)<\/strong><\/li>\n<li><strong>et bien d&#8217;autres endroits!<\/strong><\/li>\n<\/ul>\n<p>En conclusion, <strong>Triana<\/strong> est connue pour avoir sa propre identit\u00e9. Vous pouvez m\u00eame trouver des habitants qui l&#8217;appellent la r\u00e9publique ind\u00e9pendante de <strong>Triana.<\/strong> Le riche pass\u00e9 de <strong>Triana<\/strong> s&#8217;est transform\u00e9 en un pr\u00e9sent vivant, avec une grande sc\u00e8ne de tapas et de flamenco dans ses rues \u00e9troites.<\/p>\n<p>Cette visite priv\u00e9e a une dur\u00e9e de 2 heures \u00e0 partir du moment de la prise en charge jusqu&#8217;au retour.<\/p>\n<p>Si vous \u00eates int\u00e9ress\u00e9 par un circuit plus ou moins long, n&#8217;h\u00e9sitez pas \u00e0 nous contacter. Chez <strong>Tour Travel and More<\/strong>, nous travaillons pour faire le meilleur tour possible pour chaque personne et groupe priv\u00e9.<\/p>\n<p>D\u00e9couvrez le reste de nos visites priv\u00e9es au d\u00e9part de <strong>S\u00e9ville.<\/strong><\/p>\n","protected":false},"excerpt":{"rendered":"<p>Visite priv\u00e9e \u00e0 pied de Triana. L&#8217;un des plus beaux quartiers de S\u00e9ville. Apprenez \u00e0 conna\u00eetre l&#8217;histoire de ce magnifique quartier. Guide officiel pour toute votre visite.<\/p>\n","protected":false},"featured_media":94520,"comment_status":"open","ping_status":"closed","template":"","meta":{"_acf_changed":false},"product_brand":[],"product_cat":[3676,4264,4309],"product_tag":[],"class_list":{"0":"post-100889","1":"product","2":"type-product","3":"status-publish","4":"has-post-thumbnail","6":"product_cat-seville-fr","7":"product_cat-all-private-tours-activities-fr-16","8":"product_cat-private-walking-tours-seville","10":"first","11":"instock","12":"shipping-taxable","13":"purchasable","14":"product-type-simple"},"acf":[],"yoast_head":"<!-- This site is optimized with the Yoast SEO Premium plugin v25.3.1 (Yoast SEO v25.3.1) - https:\/\/yoast.com\/wordpress\/plugins\/seo\/ -->\n<title>Visite priv\u00e9e \u00e0 pied de Triana - Guide touristique officiel priv\u00e9<\/title>\n<meta name=\"description\" content=\"Visite priv\u00e9e \u00e0 pied de Triana. L&#039;un des plus beaux quartiers de S\u00e9ville. Apprenez \u00e0 conna\u00eetre l&#039;histoire de ce magnifique quartier. Guide touristique officiel\" \/>\n<meta name=\"robots\" content=\"index, follow, max-snippet:-1, max-image-preview:large, max-video-preview:-1\" \/>\n<link rel=\"canonical\" href=\"https:\/\/tourtravelandmore.com\/fr\/tours\/espagne-fr\/seville-fr\/all-private-tours-activities-fr-16\/visite-a-pied-privee-de-triana\/\" \/>\n<meta property=\"og:locale\" content=\"fr_FR\" \/>\n<meta property=\"og:type\" content=\"article\" \/>\n<meta property=\"og:title\" content=\"Visite \u00e0 pied priv\u00e9e de Triana\" \/>\n<meta property=\"og:description\" content=\"Visite priv\u00e9e \u00e0 pied de Triana. L&#039;un des plus beaux quartiers de S\u00e9ville. Apprenez \u00e0 conna\u00eetre l&#039;histoire de ce magnifique quartier. Guide touristique officiel\" \/>\n<meta property=\"og:url\" content=\"https:\/\/tourtravelandmore.com\/fr\/tours\/espagne-fr\/seville-fr\/all-private-tours-activities-fr-16\/visite-a-pied-privee-de-triana\/\" \/>\n<meta property=\"og:site_name\" content=\"Tour Travel And More\" \/>\n<meta property=\"article:publisher\" content=\"https:\/\/www.facebook.com\/tourtravelandmore\/\" \/>\n<meta property=\"article:modified_time\" content=\"2023-03-22T15:46:39+00:00\" \/>\n<meta property=\"og:image\" content=\"https:\/\/tourtravelandmore.com\/wp-content\/uploads\/2016\/03\/puente-triana.jpg\" \/>\n\t<meta property=\"og:image:width\" content=\"1024\" \/>\n\t<meta property=\"og:image:height\" content=\"683\" \/>\n\t<meta property=\"og:image:type\" content=\"image\/jpeg\" \/>\n<meta name=\"twitter:card\" content=\"summary_large_image\" \/>\n<meta name=\"twitter:site\" content=\"@TourTravel_More\" \/>\n<meta name=\"twitter:label1\" content=\"Dur\u00e9e de lecture estim\u00e9e\" \/>\n\t<meta name=\"twitter:data1\" content=\"2 minutes\" \/>\n<script type=\"application\/ld+json\" class=\"yoast-schema-graph\">{\"@context\":\"https:\/\/schema.org\",\"@graph\":[{\"@type\":\"WebPage\",\"@id\":\"https:\/\/tourtravelandmore.com\/fr\/tours\/espagne-fr\/seville-fr\/all-private-tours-activities-fr-16\/visite-a-pied-privee-de-triana\/\",\"url\":\"https:\/\/tourtravelandmore.com\/fr\/tours\/espagne-fr\/seville-fr\/all-private-tours-activities-fr-16\/visite-a-pied-privee-de-triana\/\",\"name\":\"Visite priv\u00e9e \u00e0 pied de Triana - Guide touristique officiel priv\u00e9\",\"isPartOf\":{\"@id\":\"https:\/\/tourtravelandmore.com\/fr\/#website\"},\"primaryImageOfPage\":{\"@id\":\"https:\/\/tourtravelandmore.com\/fr\/tours\/espagne-fr\/seville-fr\/all-private-tours-activities-fr-16\/visite-a-pied-privee-de-triana\/#primaryimage\"},\"image\":{\"@id\":\"https:\/\/tourtravelandmore.com\/fr\/tours\/espagne-fr\/seville-fr\/all-private-tours-activities-fr-16\/visite-a-pied-privee-de-triana\/#primaryimage\"},\"thumbnailUrl\":\"https:\/\/tourtravelandmore.com\/wp-content\/uploads\/2016\/03\/puente-triana.jpg\",\"datePublished\":\"2016-03-13T20:08:07+00:00\",\"dateModified\":\"2023-03-22T15:46:39+00:00\",\"description\":\"Visite priv\u00e9e \u00e0 pied de Triana. L'un des plus beaux quartiers de S\u00e9ville. Apprenez \u00e0 conna\u00eetre l'histoire de ce magnifique quartier. Guide touristique officiel\",\"breadcrumb\":{\"@id\":\"https:\/\/tourtravelandmore.com\/fr\/tours\/espagne-fr\/seville-fr\/all-private-tours-activities-fr-16\/visite-a-pied-privee-de-triana\/#breadcrumb\"},\"inLanguage\":\"fr-FR\",\"potentialAction\":[{\"@type\":\"ReadAction\",\"target\":[\"https:\/\/tourtravelandmore.com\/fr\/tours\/espagne-fr\/seville-fr\/all-private-tours-activities-fr-16\/visite-a-pied-privee-de-triana\/\"]}]},{\"@type\":\"ImageObject\",\"inLanguage\":\"fr-FR\",\"@id\":\"https:\/\/tourtravelandmore.com\/fr\/tours\/espagne-fr\/seville-fr\/all-private-tours-activities-fr-16\/visite-a-pied-privee-de-triana\/#primaryimage\",\"url\":\"https:\/\/tourtravelandmore.com\/wp-content\/uploads\/2016\/03\/puente-triana.jpg\",\"contentUrl\":\"https:\/\/tourtravelandmore.com\/wp-content\/uploads\/2016\/03\/puente-triana.jpg\",\"width\":1024,\"height\":683},{\"@type\":\"BreadcrumbList\",\"@id\":\"https:\/\/tourtravelandmore.com\/fr\/tours\/espagne-fr\/seville-fr\/all-private-tours-activities-fr-16\/visite-a-pied-privee-de-triana\/#breadcrumb\",\"itemListElement\":[{\"@type\":\"ListItem\",\"position\":1,\"name\":\"Home\",\"item\":\"https:\/\/tourtravelandmore.com\/fr\/\"},{\"@type\":\"ListItem\",\"position\":2,\"name\":\"Tours\",\"item\":\"https:\/\/tourtravelandmore.com\/fr\/tours\/\"},{\"@type\":\"ListItem\",\"position\":3,\"name\":\"Visite \u00e0 pied priv\u00e9e de Triana\"}]},{\"@type\":\"WebSite\",\"@id\":\"https:\/\/tourtravelandmore.com\/fr\/#website\",\"url\":\"https:\/\/tourtravelandmore.com\/fr\/\",\"name\":\"Tour Travel And More\",\"description\":\"Private sightseeing tours and luxury transfers in Spain\",\"publisher\":{\"@id\":\"https:\/\/tourtravelandmore.com\/fr\/#organization\"},\"potentialAction\":[{\"@type\":\"SearchAction\",\"target\":{\"@type\":\"EntryPoint\",\"urlTemplate\":\"https:\/\/tourtravelandmore.com\/fr\/?s={search_term_string}\"},\"query-input\":{\"@type\":\"PropertyValueSpecification\",\"valueRequired\":true,\"valueName\":\"search_term_string\"}}],\"inLanguage\":\"fr-FR\"},{\"@type\":\"Organization\",\"@id\":\"https:\/\/tourtravelandmore.com\/fr\/#organization\",\"name\":\"Tour Travel And More\",\"url\":\"https:\/\/tourtravelandmore.com\/fr\/\",\"logo\":{\"@type\":\"ImageObject\",\"inLanguage\":\"fr-FR\",\"@id\":\"https:\/\/tourtravelandmore.com\/fr\/#\/schema\/logo\/image\/\",\"url\":\"https:\/\/tourtravelandmore.com\/wp-content\/uploads\/2022\/12\/cropped-logo-cabecera-new.png\",\"contentUrl\":\"https:\/\/tourtravelandmore.com\/wp-content\/uploads\/2022\/12\/cropped-logo-cabecera-new.png\",\"width\":430,\"height\":61,\"caption\":\"Tour Travel And More\"},\"image\":{\"@id\":\"https:\/\/tourtravelandmore.com\/fr\/#\/schema\/logo\/image\/\"},\"sameAs\":[\"https:\/\/www.facebook.com\/tourtravelandmore\/\",\"https:\/\/x.com\/TourTravel_More\"]}]}<\/script>\n<!-- \/ Yoast SEO Premium plugin. -->","yoast_head_json":{"title":"Visite priv\u00e9e \u00e0 pied de Triana - Guide touristique officiel priv\u00e9","description":"Visite priv\u00e9e \u00e0 pied de Triana. L'un des plus beaux quartiers de S\u00e9ville. Apprenez \u00e0 conna\u00eetre l'histoire de ce magnifique quartier. Guide touristique officiel","robots":{"index":"index","follow":"follow","max-snippet":"max-snippet:-1","max-image-preview":"max-image-preview:large","max-video-preview":"max-video-preview:-1"},"canonical":"https:\/\/tourtravelandmore.com\/fr\/tours\/espagne-fr\/seville-fr\/all-private-tours-activities-fr-16\/visite-a-pied-privee-de-triana\/","og_locale":"fr_FR","og_type":"article","og_title":"Visite \u00e0 pied priv\u00e9e de Triana","og_description":"Visite priv\u00e9e \u00e0 pied de Triana. L'un des plus beaux quartiers de S\u00e9ville. Apprenez \u00e0 conna\u00eetre l'histoire de ce magnifique quartier. Guide touristique officiel","og_url":"https:\/\/tourtravelandmore.com\/fr\/tours\/espagne-fr\/seville-fr\/all-private-tours-activities-fr-16\/visite-a-pied-privee-de-triana\/","og_site_name":"Tour Travel And More","article_publisher":"https:\/\/www.facebook.com\/tourtravelandmore\/","article_modified_time":"2023-03-22T15:46:39+00:00","og_image":[{"width":1024,"height":683,"url":"https:\/\/tourtravelandmore.com\/wp-content\/uploads\/2016\/03\/puente-triana.jpg","type":"image\/jpeg"}],"twitter_card":"summary_large_image","twitter_site":"@TourTravel_More","twitter_misc":{"Dur\u00e9e de lecture estim\u00e9e":"2 minutes"},"schema":{"@context":"https:\/\/schema.org","@graph":[{"@type":"WebPage","@id":"https:\/\/tourtravelandmore.com\/fr\/tours\/espagne-fr\/seville-fr\/all-private-tours-activities-fr-16\/visite-a-pied-privee-de-triana\/","url":"https:\/\/tourtravelandmore.com\/fr\/tours\/espagne-fr\/seville-fr\/all-private-tours-activities-fr-16\/visite-a-pied-privee-de-triana\/","name":"Visite priv\u00e9e \u00e0 pied de Triana - Guide touristique officiel priv\u00e9","isPartOf":{"@id":"https:\/\/tourtravelandmore.com\/fr\/#website"},"primaryImageOfPage":{"@id":"https:\/\/tourtravelandmore.com\/fr\/tours\/espagne-fr\/seville-fr\/all-private-tours-activities-fr-16\/visite-a-pied-privee-de-triana\/#primaryimage"},"image":{"@id":"https:\/\/tourtravelandmore.com\/fr\/tours\/espagne-fr\/seville-fr\/all-private-tours-activities-fr-16\/visite-a-pied-privee-de-triana\/#primaryimage"},"thumbnailUrl":"https:\/\/tourtravelandmore.com\/wp-content\/uploads\/2016\/03\/puente-triana.jpg","datePublished":"2016-03-13T20:08:07+00:00","dateModified":"2023-03-22T15:46:39+00:00","description":"Visite priv\u00e9e \u00e0 pied de Triana. L'un des plus beaux quartiers de S\u00e9ville. Apprenez \u00e0 conna\u00eetre l'histoire de ce magnifique quartier. Guide touristique officiel","breadcrumb":{"@id":"https:\/\/tourtravelandmore.com\/fr\/tours\/espagne-fr\/seville-fr\/all-private-tours-activities-fr-16\/visite-a-pied-privee-de-triana\/#breadcrumb"},"inLanguage":"fr-FR","potentialAction":[{"@type":"ReadAction","target":["https:\/\/tourtravelandmore.com\/fr\/tours\/espagne-fr\/seville-fr\/all-private-tours-activities-fr-16\/visite-a-pied-privee-de-triana\/"]}]},{"@type":"ImageObject","inLanguage":"fr-FR","@id":"https:\/\/tourtravelandmore.com\/fr\/tours\/espagne-fr\/seville-fr\/all-private-tours-activities-fr-16\/visite-a-pied-privee-de-triana\/#primaryimage","url":"https:\/\/tourtravelandmore.com\/wp-content\/uploads\/2016\/03\/puente-triana.jpg","contentUrl":"https:\/\/tourtravelandmore.com\/wp-content\/uploads\/2016\/03\/puente-triana.jpg","width":1024,"height":683},{"@type":"BreadcrumbList","@id":"https:\/\/tourtravelandmore.com\/fr\/tours\/espagne-fr\/seville-fr\/all-private-tours-activities-fr-16\/visite-a-pied-privee-de-triana\/#breadcrumb","itemListElement":[{"@type":"ListItem","position":1,"name":"Home","item":"https:\/\/tourtravelandmore.com\/fr\/"},{"@type":"ListItem","position":2,"name":"Tours","item":"https:\/\/tourtravelandmore.com\/fr\/tours\/"},{"@type":"ListItem","position":3,"name":"Visite \u00e0 pied priv\u00e9e de Triana"}]},{"@type":"WebSite","@id":"https:\/\/tourtravelandmore.com\/fr\/#website","url":"https:\/\/tourtravelandmore.com\/fr\/","name":"Tour Travel And More","description":"Private sightseeing tours and luxury transfers in Spain","publisher":{"@id":"https:\/\/tourtravelandmore.com\/fr\/#organization"},"potentialAction":[{"@type":"SearchAction","target":{"@type":"EntryPoint","urlTemplate":"https:\/\/tourtravelandmore.com\/fr\/?s={search_term_string}"},"query-input":{"@type":"PropertyValueSpecification","valueRequired":true,"valueName":"search_term_string"}}],"inLanguage":"fr-FR"},{"@type":"Organization","@id":"https:\/\/tourtravelandmore.com\/fr\/#organization","name":"Tour Travel And More","url":"https:\/\/tourtravelandmore.com\/fr\/","logo":{"@type":"ImageObject","inLanguage":"fr-FR","@id":"https:\/\/tourtravelandmore.com\/fr\/#\/schema\/logo\/image\/","url":"https:\/\/tourtravelandmore.com\/wp-content\/uploads\/2022\/12\/cropped-logo-cabecera-new.png","contentUrl":"https:\/\/tourtravelandmore.com\/wp-content\/uploads\/2022\/12\/cropped-logo-cabecera-new.png","width":430,"height":61,"caption":"Tour Travel And More"},"image":{"@id":"https:\/\/tourtravelandmore.com\/fr\/#\/schema\/logo\/image\/"},"sameAs":["https:\/\/www.facebook.com\/tourtravelandmore\/","https:\/\/x.com\/TourTravel_More"]}]}},"_links":{"self":[{"href":"https:\/\/tourtravelandmore.com\/fr\/wp-json\/wp\/v2\/product\/100889","targetHints":{"allow":["GET"]}}],"collection":[{"href":"https:\/\/tourtravelandmore.com\/fr\/wp-json\/wp\/v2\/product"}],"about":[{"href":"https:\/\/tourtravelandmore.com\/fr\/wp-json\/wp\/v2\/types\/product"}],"replies":[{"embeddable":true,"href":"https:\/\/tourtravelandmore.com\/fr\/wp-json\/wp\/v2\/comments?post=100889"}],"wp:featuredmedia":[{"embeddable":true,"href":"https:\/\/tourtravelandmore.com\/fr\/wp-json\/wp\/v2\/media\/94520"}],"wp:attachment":[{"href":"https:\/\/tourtravelandmore.com\/fr\/wp-json\/wp\/v2\/media?parent=100889"}],"wp:term":[{"taxonomy":"product_brand","embeddable":true,"href":"https:\/\/tourtravelandmore.com\/fr\/wp-json\/wp\/v2\/product_brand?post=100889"},{"taxonomy":"product_cat","embeddable":true,"href":"https:\/\/tourtravelandmore.com\/fr\/wp-json\/wp\/v2\/product_cat?post=100889"},{"taxonomy":"product_tag","embeddable":true,"href":"https:\/\/tourtravelandmore.com\/fr\/wp-json\/wp\/v2\/product_tag?post=100889"}],"curies":[{"name":"wp","href":"https:\/\/api.w.org\/{rel}","templated":true}]}}