{"id":100884,"date":"2016-03-13T21:01:33","date_gmt":"2016-03-13T20:01:33","guid":{"rendered":"https:\/\/tourtravelandmore.com\/tours\/non%20class\u00e9\/transfert-prive-de-laeroport-de-seville\/"},"modified":"2023-03-21T18:58:09","modified_gmt":"2023-03-21T17:58:09","slug":"transfert-prive-de-laeroport-de-seville","status":"publish","type":"product","link":"https:\/\/tourtravelandmore.com\/fr\/tours\/espagne-fr\/seville-fr\/all-private-tours-activities-fr-16\/transfert-prive-de-laeroport-de-seville\/","title":{"rendered":"Transfert priv\u00e9 de l&#8217;a\u00e9roport de S\u00e9ville"},"content":{"rendered":"<h2>Description<\/h2>\n<p>Nous vous proposons le moyen le plus rapide et le plus simple d&#8217;atteindre votre destination finale. Avec ce transfert priv\u00e9 de l&#8217;a\u00e9roport de S\u00e9ville, nous vous emm\u00e8nerons \u00e0 votre destination souhait\u00e9e en un rien de temps. Vivez une exp\u00e9rience unique dans l&#8217;un de nos v\u00e9hicules priv\u00e9s de luxe avec chauffeurs.<\/p>\n<p>Nous proposons tous les types de transferts comme par exemple les transferts d&#8217;a\u00e9roport, les transferts de port, les transferts de restaurant ou les transferts vers n&#8217;importe quel endroit. Ce transfert priv\u00e9 peut \u00eatre effectu\u00e9 depuis n&#8217;importe quel endroit pour vous et votre groupe.<\/p>\n<p>Une fois que vous atteignez votre arr\u00eat, notre personnel vous attendra avec un panneau au terminal d&#8217;arriv\u00e9e. Lors de votre arriv\u00e9e \u00e0 votre destination finale, vous pourrez \u00e9galement profiter d&#8217;un paysage panoramique de la ville dans votre v\u00e9hicule priv\u00e9 de luxe.<br \/>\nProfitez \u00e9galement des transferts priv\u00e9s de votre h\u00f4tel ou appartement jusqu&#8217;\u00e0 l&#8217;a\u00e9roport.<\/p>\n<p>Nous proposons des transferts pour les groupes priv\u00e9s et m\u00eame des incentives et grands groupes et nous proposons un service personnalis\u00e9.<br \/>\nTout ce que vous avez \u00e0 faire est de nous contacter et nous organiserons votre transfert de la meilleure fa\u00e7on possible.<\/p>\n<p>Vous recevrez une confirmation par e-mail d\u00e8s que votre r\u00e9servation sera effectu\u00e9e. Une fois votre r\u00e9servation effectu\u00e9e, nous aurons besoin de vos informations de vol, de l&#8217;heure d&#8217;arriv\u00e9e et de la ville de d\u00e9part aupr\u00e8s de la compagnie a\u00e9rienne, ou de vos informations de croisi\u00e8re. Entre 48 heures et 24 heures avant votre heure d&#8217;arriv\u00e9e, nous aurons besoin d&#8217;une confirmation de tous ces d\u00e9tails pour rendre votre service de transfert parfait.<\/p>\n<p>Nous ne limitons pas le nombre de bagages, mais nous vous demandons d\u2019indiquer le nombre de bagages avec lesquels vous voyagerez uniquement pour des questions logistiques, car parfois un v\u00e9hicule plus grand peut \u00eatre n\u00e9cessaire et des frais suppl\u00e9mentaires peuvent s&#8217;appliquer.<\/p>\n<p>Si vous avez besoin d&#8217;un si\u00e8ge b\u00e9b\u00e9 ou d&#8217;un si\u00e8ge enfant, veuillez nous contacter avant votre vol ou croisi\u00e8re pour l&#8217;organiser correctement.<\/p>\n<h2>Sites d&#8217;int\u00e9r\u00eat et monuments<\/h2>\n<p>S\u00e9ville est la principale ville d&#8217;Andalousie. Prenez notre transfert priv\u00e9 de l&#8217;a\u00e9roport de S\u00e9ville pour vous permettre de profiter rapidement de la ville!<\/p>\n<p>Il y a plus de 693 000 habitants et c&#8217;est la plus grande ville d&#8217;Andalousie. C&#8217;est la 4\u00e8me plus grande ville d&#8217;Espagne. Il fait plus de 140 kilom\u00e8tres carr\u00e9s et sa zone m\u00e9tropolitaine compte plus d&#8217;un million et demi d&#8217;habitants.<\/p>\n<p>D\u00e9couvrez les visites priv\u00e9es que nous proposons dans la ville de S\u00e9ville. Nous pouvons organiser la prise en charge depuis n&#8217;importe quel endroit de S\u00e9ville.<\/p>\n","protected":false},"excerpt":{"rendered":"<p>Transfert priv\u00e9 de l&#8217;a\u00e9roport de S\u00e9ville. V\u00e9hicule de luxe avec chauffeur. Transfert priv\u00e9 \u00e0 S\u00e9ville. Gare o A\u00e9roport. Prise en charge au port de croisi\u00e8re \u00e9galement.<\/p>\n","protected":false},"featured_media":93667,"comment_status":"open","ping_status":"closed","template":"","meta":{"_acf_changed":false},"product_brand":[],"product_cat":[3676,4264],"product_tag":[],"class_list":{"0":"post-100884","1":"product","2":"type-product","3":"status-publish","4":"has-post-thumbnail","6":"product_cat-seville-fr","7":"product_cat-all-private-tours-activities-fr-16","9":"first","10":"instock","11":"shipping-taxable","12":"purchasable","13":"product-type-simple"},"acf":[],"yoast_head":"<!-- This site is optimized with the Yoast SEO Premium plugin v25.3.1 (Yoast SEO v25.3.1) - https:\/\/yoast.com\/wordpress\/plugins\/seo\/ -->\n<title>Transfert priv\u00e9 de l&#039;a\u00e9roport de S\u00e9ville - V\u00e9hicule de luxe priv\u00e9 avec chauffeur<\/title>\n<meta name=\"description\" content=\"Transfert priv\u00e9 de l&#039;a\u00e9roport de S\u00e9ville. V\u00e9hicule de luxe avec chauffeur. Transfert priv\u00e9 \u00e0 S\u00e9ville. Gare o A\u00e9roport. Prise en charge au port de croisi\u00e8re \u00e9galement.\" \/>\n<meta name=\"robots\" content=\"index, follow, max-snippet:-1, max-image-preview:large, max-video-preview:-1\" \/>\n<link rel=\"canonical\" href=\"https:\/\/tourtravelandmore.com\/fr\/tours\/espagne-fr\/seville-fr\/all-private-tours-activities-fr-16\/transfert-prive-de-laeroport-de-seville\/\" \/>\n<meta property=\"og:locale\" content=\"fr_FR\" \/>\n<meta property=\"og:type\" content=\"article\" \/>\n<meta property=\"og:title\" content=\"Transfert priv\u00e9 de l&#039;a\u00e9roport de S\u00e9ville\" \/>\n<meta property=\"og:description\" content=\"Transfert priv\u00e9 de l&#039;a\u00e9roport de S\u00e9ville. V\u00e9hicule de luxe avec chauffeur. Transfert priv\u00e9 \u00e0 S\u00e9ville. Gare o A\u00e9roport. Prise en charge au port de croisi\u00e8re \u00e9galement.\" \/>\n<meta property=\"og:url\" content=\"https:\/\/tourtravelandmore.com\/fr\/tours\/espagne-fr\/seville-fr\/all-private-tours-activities-fr-16\/transfert-prive-de-laeroport-de-seville\/\" \/>\n<meta property=\"og:site_name\" content=\"Tour Travel And More\" \/>\n<meta property=\"article:publisher\" content=\"https:\/\/www.facebook.com\/tourtravelandmore\/\" \/>\n<meta property=\"article:modified_time\" content=\"2023-03-21T17:58:09+00:00\" \/>\n<meta property=\"og:image\" content=\"https:\/\/tourtravelandmore.com\/wp-content\/uploads\/2016\/03\/Bus-19-pax.jpg\" \/>\n\t<meta property=\"og:image:width\" content=\"640\" \/>\n\t<meta property=\"og:image:height\" content=\"458\" \/>\n\t<meta property=\"og:image:type\" content=\"image\/jpeg\" \/>\n<meta name=\"twitter:card\" content=\"summary_large_image\" \/>\n<meta name=\"twitter:site\" content=\"@TourTravel_More\" \/>\n<meta name=\"twitter:label1\" content=\"Dur\u00e9e de lecture estim\u00e9e\" \/>\n\t<meta name=\"twitter:data1\" content=\"2 minutes\" \/>\n<script type=\"application\/ld+json\" class=\"yoast-schema-graph\">{\"@context\":\"https:\/\/schema.org\",\"@graph\":[{\"@type\":\"WebPage\",\"@id\":\"https:\/\/tourtravelandmore.com\/fr\/tours\/espagne-fr\/seville-fr\/all-private-tours-activities-fr-16\/transfert-prive-de-laeroport-de-seville\/\",\"url\":\"https:\/\/tourtravelandmore.com\/fr\/tours\/espagne-fr\/seville-fr\/all-private-tours-activities-fr-16\/transfert-prive-de-laeroport-de-seville\/\",\"name\":\"Transfert priv\u00e9 de l'a\u00e9roport de S\u00e9ville - V\u00e9hicule de luxe priv\u00e9 avec chauffeur\",\"isPartOf\":{\"@id\":\"https:\/\/tourtravelandmore.com\/fr\/#website\"},\"primaryImageOfPage\":{\"@id\":\"https:\/\/tourtravelandmore.com\/fr\/tours\/espagne-fr\/seville-fr\/all-private-tours-activities-fr-16\/transfert-prive-de-laeroport-de-seville\/#primaryimage\"},\"image\":{\"@id\":\"https:\/\/tourtravelandmore.com\/fr\/tours\/espagne-fr\/seville-fr\/all-private-tours-activities-fr-16\/transfert-prive-de-laeroport-de-seville\/#primaryimage\"},\"thumbnailUrl\":\"https:\/\/tourtravelandmore.com\/wp-content\/uploads\/2016\/03\/Bus-19-pax.jpg\",\"datePublished\":\"2016-03-13T20:01:33+00:00\",\"dateModified\":\"2023-03-21T17:58:09+00:00\",\"description\":\"Transfert priv\u00e9 de l'a\u00e9roport de S\u00e9ville. V\u00e9hicule de luxe avec chauffeur. Transfert priv\u00e9 \u00e0 S\u00e9ville. Gare o A\u00e9roport. Prise en charge au port de croisi\u00e8re \u00e9galement.\",\"breadcrumb\":{\"@id\":\"https:\/\/tourtravelandmore.com\/fr\/tours\/espagne-fr\/seville-fr\/all-private-tours-activities-fr-16\/transfert-prive-de-laeroport-de-seville\/#breadcrumb\"},\"inLanguage\":\"fr-FR\",\"potentialAction\":[{\"@type\":\"ReadAction\",\"target\":[\"https:\/\/tourtravelandmore.com\/fr\/tours\/espagne-fr\/seville-fr\/all-private-tours-activities-fr-16\/transfert-prive-de-laeroport-de-seville\/\"]}]},{\"@type\":\"ImageObject\",\"inLanguage\":\"fr-FR\",\"@id\":\"https:\/\/tourtravelandmore.com\/fr\/tours\/espagne-fr\/seville-fr\/all-private-tours-activities-fr-16\/transfert-prive-de-laeroport-de-seville\/#primaryimage\",\"url\":\"https:\/\/tourtravelandmore.com\/wp-content\/uploads\/2016\/03\/Bus-19-pax.jpg\",\"contentUrl\":\"https:\/\/tourtravelandmore.com\/wp-content\/uploads\/2016\/03\/Bus-19-pax.jpg\",\"width\":640,\"height\":458},{\"@type\":\"BreadcrumbList\",\"@id\":\"https:\/\/tourtravelandmore.com\/fr\/tours\/espagne-fr\/seville-fr\/all-private-tours-activities-fr-16\/transfert-prive-de-laeroport-de-seville\/#breadcrumb\",\"itemListElement\":[{\"@type\":\"ListItem\",\"position\":1,\"name\":\"Home\",\"item\":\"https:\/\/tourtravelandmore.com\/fr\/\"},{\"@type\":\"ListItem\",\"position\":2,\"name\":\"Tours\",\"item\":\"https:\/\/tourtravelandmore.com\/fr\/tours\/\"},{\"@type\":\"ListItem\",\"position\":3,\"name\":\"Transfert priv\u00e9 de l&rsquo;a\u00e9roport de S\u00e9ville\"}]},{\"@type\":\"WebSite\",\"@id\":\"https:\/\/tourtravelandmore.com\/fr\/#website\",\"url\":\"https:\/\/tourtravelandmore.com\/fr\/\",\"name\":\"Tour Travel And More\",\"description\":\"Private sightseeing tours and luxury transfers in Spain\",\"publisher\":{\"@id\":\"https:\/\/tourtravelandmore.com\/fr\/#organization\"},\"potentialAction\":[{\"@type\":\"SearchAction\",\"target\":{\"@type\":\"EntryPoint\",\"urlTemplate\":\"https:\/\/tourtravelandmore.com\/fr\/?s={search_term_string}\"},\"query-input\":{\"@type\":\"PropertyValueSpecification\",\"valueRequired\":true,\"valueName\":\"search_term_string\"}}],\"inLanguage\":\"fr-FR\"},{\"@type\":\"Organization\",\"@id\":\"https:\/\/tourtravelandmore.com\/fr\/#organization\",\"name\":\"Tour Travel And More\",\"url\":\"https:\/\/tourtravelandmore.com\/fr\/\",\"logo\":{\"@type\":\"ImageObject\",\"inLanguage\":\"fr-FR\",\"@id\":\"https:\/\/tourtravelandmore.com\/fr\/#\/schema\/logo\/image\/\",\"url\":\"https:\/\/tourtravelandmore.com\/wp-content\/uploads\/2022\/12\/cropped-logo-cabecera-new.png\",\"contentUrl\":\"https:\/\/tourtravelandmore.com\/wp-content\/uploads\/2022\/12\/cropped-logo-cabecera-new.png\",\"width\":430,\"height\":61,\"caption\":\"Tour Travel And More\"},\"image\":{\"@id\":\"https:\/\/tourtravelandmore.com\/fr\/#\/schema\/logo\/image\/\"},\"sameAs\":[\"https:\/\/www.facebook.com\/tourtravelandmore\/\",\"https:\/\/x.com\/TourTravel_More\"]}]}<\/script>\n<!-- \/ Yoast SEO Premium plugin. -->","yoast_head_json":{"title":"Transfert priv\u00e9 de l'a\u00e9roport de S\u00e9ville - V\u00e9hicule de luxe priv\u00e9 avec chauffeur","description":"Transfert priv\u00e9 de l'a\u00e9roport de S\u00e9ville. V\u00e9hicule de luxe avec chauffeur. Transfert priv\u00e9 \u00e0 S\u00e9ville. Gare o A\u00e9roport. Prise en charge au port de croisi\u00e8re \u00e9galement.","robots":{"index":"index","follow":"follow","max-snippet":"max-snippet:-1","max-image-preview":"max-image-preview:large","max-video-preview":"max-video-preview:-1"},"canonical":"https:\/\/tourtravelandmore.com\/fr\/tours\/espagne-fr\/seville-fr\/all-private-tours-activities-fr-16\/transfert-prive-de-laeroport-de-seville\/","og_locale":"fr_FR","og_type":"article","og_title":"Transfert priv\u00e9 de l'a\u00e9roport de S\u00e9ville","og_description":"Transfert priv\u00e9 de l'a\u00e9roport de S\u00e9ville. V\u00e9hicule de luxe avec chauffeur. Transfert priv\u00e9 \u00e0 S\u00e9ville. Gare o A\u00e9roport. Prise en charge au port de croisi\u00e8re \u00e9galement.","og_url":"https:\/\/tourtravelandmore.com\/fr\/tours\/espagne-fr\/seville-fr\/all-private-tours-activities-fr-16\/transfert-prive-de-laeroport-de-seville\/","og_site_name":"Tour Travel And More","article_publisher":"https:\/\/www.facebook.com\/tourtravelandmore\/","article_modified_time":"2023-03-21T17:58:09+00:00","og_image":[{"width":640,"height":458,"url":"https:\/\/tourtravelandmore.com\/wp-content\/uploads\/2016\/03\/Bus-19-pax.jpg","type":"image\/jpeg"}],"twitter_card":"summary_large_image","twitter_site":"@TourTravel_More","twitter_misc":{"Dur\u00e9e de lecture estim\u00e9e":"2 minutes"},"schema":{"@context":"https:\/\/schema.org","@graph":[{"@type":"WebPage","@id":"https:\/\/tourtravelandmore.com\/fr\/tours\/espagne-fr\/seville-fr\/all-private-tours-activities-fr-16\/transfert-prive-de-laeroport-de-seville\/","url":"https:\/\/tourtravelandmore.com\/fr\/tours\/espagne-fr\/seville-fr\/all-private-tours-activities-fr-16\/transfert-prive-de-laeroport-de-seville\/","name":"Transfert priv\u00e9 de l'a\u00e9roport de S\u00e9ville - V\u00e9hicule de luxe priv\u00e9 avec chauffeur","isPartOf":{"@id":"https:\/\/tourtravelandmore.com\/fr\/#website"},"primaryImageOfPage":{"@id":"https:\/\/tourtravelandmore.com\/fr\/tours\/espagne-fr\/seville-fr\/all-private-tours-activities-fr-16\/transfert-prive-de-laeroport-de-seville\/#primaryimage"},"image":{"@id":"https:\/\/tourtravelandmore.com\/fr\/tours\/espagne-fr\/seville-fr\/all-private-tours-activities-fr-16\/transfert-prive-de-laeroport-de-seville\/#primaryimage"},"thumbnailUrl":"https:\/\/tourtravelandmore.com\/wp-content\/uploads\/2016\/03\/Bus-19-pax.jpg","datePublished":"2016-03-13T20:01:33+00:00","dateModified":"2023-03-21T17:58:09+00:00","description":"Transfert priv\u00e9 de l'a\u00e9roport de S\u00e9ville. V\u00e9hicule de luxe avec chauffeur. Transfert priv\u00e9 \u00e0 S\u00e9ville. Gare o A\u00e9roport. Prise en charge au port de croisi\u00e8re \u00e9galement.","breadcrumb":{"@id":"https:\/\/tourtravelandmore.com\/fr\/tours\/espagne-fr\/seville-fr\/all-private-tours-activities-fr-16\/transfert-prive-de-laeroport-de-seville\/#breadcrumb"},"inLanguage":"fr-FR","potentialAction":[{"@type":"ReadAction","target":["https:\/\/tourtravelandmore.com\/fr\/tours\/espagne-fr\/seville-fr\/all-private-tours-activities-fr-16\/transfert-prive-de-laeroport-de-seville\/"]}]},{"@type":"ImageObject","inLanguage":"fr-FR","@id":"https:\/\/tourtravelandmore.com\/fr\/tours\/espagne-fr\/seville-fr\/all-private-tours-activities-fr-16\/transfert-prive-de-laeroport-de-seville\/#primaryimage","url":"https:\/\/tourtravelandmore.com\/wp-content\/uploads\/2016\/03\/Bus-19-pax.jpg","contentUrl":"https:\/\/tourtravelandmore.com\/wp-content\/uploads\/2016\/03\/Bus-19-pax.jpg","width":640,"height":458},{"@type":"BreadcrumbList","@id":"https:\/\/tourtravelandmore.com\/fr\/tours\/espagne-fr\/seville-fr\/all-private-tours-activities-fr-16\/transfert-prive-de-laeroport-de-seville\/#breadcrumb","itemListElement":[{"@type":"ListItem","position":1,"name":"Home","item":"https:\/\/tourtravelandmore.com\/fr\/"},{"@type":"ListItem","position":2,"name":"Tours","item":"https:\/\/tourtravelandmore.com\/fr\/tours\/"},{"@type":"ListItem","position":3,"name":"Transfert priv\u00e9 de l&rsquo;a\u00e9roport de S\u00e9ville"}]},{"@type":"WebSite","@id":"https:\/\/tourtravelandmore.com\/fr\/#website","url":"https:\/\/tourtravelandmore.com\/fr\/","name":"Tour Travel And More","description":"Private sightseeing tours and luxury transfers in Spain","publisher":{"@id":"https:\/\/tourtravelandmore.com\/fr\/#organization"},"potentialAction":[{"@type":"SearchAction","target":{"@type":"EntryPoint","urlTemplate":"https:\/\/tourtravelandmore.com\/fr\/?s={search_term_string}"},"query-input":{"@type":"PropertyValueSpecification","valueRequired":true,"valueName":"search_term_string"}}],"inLanguage":"fr-FR"},{"@type":"Organization","@id":"https:\/\/tourtravelandmore.com\/fr\/#organization","name":"Tour Travel And More","url":"https:\/\/tourtravelandmore.com\/fr\/","logo":{"@type":"ImageObject","inLanguage":"fr-FR","@id":"https:\/\/tourtravelandmore.com\/fr\/#\/schema\/logo\/image\/","url":"https:\/\/tourtravelandmore.com\/wp-content\/uploads\/2022\/12\/cropped-logo-cabecera-new.png","contentUrl":"https:\/\/tourtravelandmore.com\/wp-content\/uploads\/2022\/12\/cropped-logo-cabecera-new.png","width":430,"height":61,"caption":"Tour Travel And More"},"image":{"@id":"https:\/\/tourtravelandmore.com\/fr\/#\/schema\/logo\/image\/"},"sameAs":["https:\/\/www.facebook.com\/tourtravelandmore\/","https:\/\/x.com\/TourTravel_More"]}]}},"_links":{"self":[{"href":"https:\/\/tourtravelandmore.com\/fr\/wp-json\/wp\/v2\/product\/100884","targetHints":{"allow":["GET"]}}],"collection":[{"href":"https:\/\/tourtravelandmore.com\/fr\/wp-json\/wp\/v2\/product"}],"about":[{"href":"https:\/\/tourtravelandmore.com\/fr\/wp-json\/wp\/v2\/types\/product"}],"replies":[{"embeddable":true,"href":"https:\/\/tourtravelandmore.com\/fr\/wp-json\/wp\/v2\/comments?post=100884"}],"wp:featuredmedia":[{"embeddable":true,"href":"https:\/\/tourtravelandmore.com\/fr\/wp-json\/wp\/v2\/media\/93667"}],"wp:attachment":[{"href":"https:\/\/tourtravelandmore.com\/fr\/wp-json\/wp\/v2\/media?parent=100884"}],"wp:term":[{"taxonomy":"product_brand","embeddable":true,"href":"https:\/\/tourtravelandmore.com\/fr\/wp-json\/wp\/v2\/product_brand?post=100884"},{"taxonomy":"product_cat","embeddable":true,"href":"https:\/\/tourtravelandmore.com\/fr\/wp-json\/wp\/v2\/product_cat?post=100884"},{"taxonomy":"product_tag","embeddable":true,"href":"https:\/\/tourtravelandmore.com\/fr\/wp-json\/wp\/v2\/product_tag?post=100884"}],"curies":[{"name":"wp","href":"https:\/\/api.w.org\/{rel}","templated":true}]}}