{"id":100879,"date":"2016-03-13T20:57:36","date_gmt":"2016-03-13T19:57:36","guid":{"rendered":"https:\/\/tourtravelandmore.com\/tours\/non class\u00e9\/transfert-prive-de-seville-vers-nimporte-quelle-ville\/"},"modified":"2016-03-13T20:57:36","modified_gmt":"2016-03-13T19:57:36","slug":"transfert-prive-de-seville-vers-nimporte-quelle-ville","status":"publish","type":"product","link":"https:\/\/tourtravelandmore.com\/fr\/tours\/espagne-fr\/seville-fr\/all-private-tours-activities-fr-16\/transfert-prive-de-seville-vers-nimporte-quelle-ville\/","title":{"rendered":"Transfert priv\u00e9 de S\u00e9ville vers n&#8217;importe quelle ville"},"content":{"rendered":"<h2>Description<\/h2>\n<p>Prenez l&#8217;un de nos confortables transferts priv\u00e9s de S\u00e9ville vers n&#8217;importe quelle ville. Nous pouvons organiser une prise en charge priv\u00e9e depuis n&#8217;importe quel endroit en Andalousie.<\/p>\n<p>Nos chauffeurs priv\u00e9s viendront vous chercher \u00e0 l&#8217;endroit souhait\u00e9 et nous nous dirigerons vers votre destination. Cette destination peut \u00eatre S\u00e9ville.<\/p>\n<p>Les transferts priv\u00e9s tr\u00e8s populaires sont:<\/p>\n<p>Grenade \u00e0 S\u00e9ville<br \/>\nRonda \u00e0 S\u00e9ville<br \/>\nCordoue \u00e0 S\u00e9ville<br \/>\nPort de croisi\u00e8re de Cadix ou Cadiz \u00e0 S\u00e9ville<br \/>\nFaro au Portugal \u00e0 S\u00e9ville<br \/>\nLisbonne \u00e0 S\u00e9ville<\/p>\n<p>Nous organiserons un transfert priv\u00e9 de n&#8217;importe quel endroit pour vous vers votre point de chute souhait\u00e9. Prenez ce transfert priv\u00e9 de S\u00e9ville vers n&#8217;importe quelle ville pour atteindre rapidement votre destination finale.<\/p>\n<p>Tout d&#8217;abord, nous organiserons une prise en charge priv\u00e9e pour vous. Votre chauffeur vous attendra depuis votre h\u00f4tel, port de croisi\u00e8re ou a\u00e9roport. Nous partirons ensuite confortablement en direction de votre h\u00f4tel \u00e0 S\u00e9ville, ou de l&#8217;emplacement souhait\u00e9.<\/p>\n<h2>Sites d&#8217;int\u00e9r\u00eat et monuments<\/h2>\n<p>S\u00e9ville est une ville vraiment unique \u00e0 visiter. S\u00e9ville est facilement accessible en avion, en train rapide ou m\u00eame en transport priv\u00e9. Depuis Grenade, Lisbonne ou par exemple Faro, le moyen le plus rapide pour rejoindre S\u00e9ville est avec un transfert priv\u00e9.<\/p>\n<p>C&#8217;est pourquoi vous ne pouvez pas perdre l&#8217;opportunit\u00e9 de nous contacter \u00e0 Tour Travel &amp; More. Nos experts en voyages vous aideront \u00e0 organiser le meilleur transfert priv\u00e9!<\/p>\n<p>Prenez ce transfert priv\u00e9 pour vous rendre dans la ville de S\u00e9ville. Une fois \u00e0 S\u00e9ville, profitez de superbes sites comme la Plaza Espa\u00f1a, la vue sur le Guadalquivir, la cath\u00e9drale de S\u00e9ville et l&#8217;Alcazar. C&#8217;est tellement \u00e0 faire une fois \u00e0 S\u00e9ville. Profitez de nos visites de la ville ou de nos visites \u00e0 pied. De plus, si vous avez des jours suppl\u00e9mentaires, faites une excursion d&#8217;une journ\u00e9e \u00e0 Grenade, Cordoue ou toute autre destination.<\/p>\n<p>Jetez un \u0153il \u00e0 nos visites priv\u00e9es de S\u00e9ville \u00e0 n&#8217;importe quelle destination!<\/p>\n","protected":false},"excerpt":{"rendered":"<p>Nous proposons des transferts vers diff\u00e9rentes villes d&#8217;Andalousie comme Cordoue, Malaga, Grenade et bien d&#8217;autres. Transfert priv\u00e9 de S\u00e9ville \u00e0 n&#8217;importe quelle ville.<\/p>\n","protected":false},"featured_media":94523,"comment_status":"open","ping_status":"closed","template":"","meta":{"_acf_changed":false},"product_brand":[],"product_cat":[3676,4264],"product_tag":[],"class_list":{"0":"post-100879","1":"product","2":"type-product","3":"status-publish","4":"has-post-thumbnail","6":"product_cat-seville-fr","7":"product_cat-all-private-tours-activities-fr-16","9":"first","10":"instock","11":"shipping-taxable","12":"purchasable","13":"product-type-simple"},"acf":[],"yoast_head":"<!-- This site is optimized with the Yoast SEO Premium plugin v25.3.1 (Yoast SEO v25.3.1) - https:\/\/yoast.com\/wordpress\/plugins\/seo\/ -->\n<title>Transfert priv\u00e9 de S\u00e9ville \u00e0 n&#039;importe quelle ville - V\u00e9hicule de luxe priv\u00e9 avec chauffeur<\/title>\n<meta name=\"description\" content=\"Nous proposons des transferts vers diff\u00e9rentes villes d&#039;Andalousie comme Cordoue, Malaga, Grenade et bien d&#039;autres. Transfert priv\u00e9 de S\u00e9ville \u00e0 n&#039;importe quelle ville.\" \/>\n<meta name=\"robots\" content=\"index, follow, max-snippet:-1, max-image-preview:large, max-video-preview:-1\" \/>\n<link rel=\"canonical\" href=\"https:\/\/tourtravelandmore.com\/fr\/tours\/espagne-fr\/seville-fr\/all-private-tours-activities-fr-16\/transfert-prive-de-seville-vers-nimporte-quelle-ville\/\" \/>\n<meta property=\"og:locale\" content=\"fr_FR\" \/>\n<meta property=\"og:type\" content=\"article\" \/>\n<meta property=\"og:title\" content=\"Transfert priv\u00e9 de S\u00e9ville vers n&#039;importe quelle ville\" \/>\n<meta property=\"og:description\" content=\"Nous proposons des transferts vers diff\u00e9rentes villes d&#039;Andalousie comme Cordoue, Malaga, Grenade et bien d&#039;autres. Transfert priv\u00e9 de S\u00e9ville \u00e0 n&#039;importe quelle ville.\" \/>\n<meta property=\"og:url\" content=\"https:\/\/tourtravelandmore.com\/fr\/tours\/espagne-fr\/seville-fr\/all-private-tours-activities-fr-16\/transfert-prive-de-seville-vers-nimporte-quelle-ville\/\" \/>\n<meta property=\"og:site_name\" content=\"Tour Travel And More\" \/>\n<meta property=\"article:publisher\" content=\"https:\/\/www.facebook.com\/tourtravelandmore\/\" \/>\n<meta property=\"og:image\" content=\"https:\/\/tourtravelandmore.com\/wp-content\/uploads\/2016\/03\/cars4.jpg\" \/>\n\t<meta property=\"og:image:width\" content=\"400\" \/>\n\t<meta property=\"og:image:height\" content=\"255\" \/>\n\t<meta property=\"og:image:type\" content=\"image\/jpeg\" \/>\n<meta name=\"twitter:card\" content=\"summary_large_image\" \/>\n<meta name=\"twitter:site\" content=\"@TourTravel_More\" \/>\n<meta name=\"twitter:label1\" content=\"Dur\u00e9e de lecture estim\u00e9e\" \/>\n\t<meta name=\"twitter:data1\" content=\"2 minutes\" \/>\n<script type=\"application\/ld+json\" class=\"yoast-schema-graph\">{\"@context\":\"https:\/\/schema.org\",\"@graph\":[{\"@type\":\"WebPage\",\"@id\":\"https:\/\/tourtravelandmore.com\/fr\/tours\/espagne-fr\/seville-fr\/all-private-tours-activities-fr-16\/transfert-prive-de-seville-vers-nimporte-quelle-ville\/\",\"url\":\"https:\/\/tourtravelandmore.com\/fr\/tours\/espagne-fr\/seville-fr\/all-private-tours-activities-fr-16\/transfert-prive-de-seville-vers-nimporte-quelle-ville\/\",\"name\":\"Transfert priv\u00e9 de S\u00e9ville \u00e0 n'importe quelle ville - V\u00e9hicule de luxe priv\u00e9 avec chauffeur\",\"isPartOf\":{\"@id\":\"https:\/\/tourtravelandmore.com\/fr\/#website\"},\"primaryImageOfPage\":{\"@id\":\"https:\/\/tourtravelandmore.com\/fr\/tours\/espagne-fr\/seville-fr\/all-private-tours-activities-fr-16\/transfert-prive-de-seville-vers-nimporte-quelle-ville\/#primaryimage\"},\"image\":{\"@id\":\"https:\/\/tourtravelandmore.com\/fr\/tours\/espagne-fr\/seville-fr\/all-private-tours-activities-fr-16\/transfert-prive-de-seville-vers-nimporte-quelle-ville\/#primaryimage\"},\"thumbnailUrl\":\"https:\/\/tourtravelandmore.com\/wp-content\/uploads\/2016\/03\/cars4.jpg\",\"datePublished\":\"2016-03-13T19:57:36+00:00\",\"description\":\"Nous proposons des transferts vers diff\u00e9rentes villes d'Andalousie comme Cordoue, Malaga, Grenade et bien d'autres. Transfert priv\u00e9 de S\u00e9ville \u00e0 n'importe quelle ville.\",\"breadcrumb\":{\"@id\":\"https:\/\/tourtravelandmore.com\/fr\/tours\/espagne-fr\/seville-fr\/all-private-tours-activities-fr-16\/transfert-prive-de-seville-vers-nimporte-quelle-ville\/#breadcrumb\"},\"inLanguage\":\"fr-FR\",\"potentialAction\":[{\"@type\":\"ReadAction\",\"target\":[\"https:\/\/tourtravelandmore.com\/fr\/tours\/espagne-fr\/seville-fr\/all-private-tours-activities-fr-16\/transfert-prive-de-seville-vers-nimporte-quelle-ville\/\"]}]},{\"@type\":\"ImageObject\",\"inLanguage\":\"fr-FR\",\"@id\":\"https:\/\/tourtravelandmore.com\/fr\/tours\/espagne-fr\/seville-fr\/all-private-tours-activities-fr-16\/transfert-prive-de-seville-vers-nimporte-quelle-ville\/#primaryimage\",\"url\":\"https:\/\/tourtravelandmore.com\/wp-content\/uploads\/2016\/03\/cars4.jpg\",\"contentUrl\":\"https:\/\/tourtravelandmore.com\/wp-content\/uploads\/2016\/03\/cars4.jpg\",\"width\":400,\"height\":255},{\"@type\":\"BreadcrumbList\",\"@id\":\"https:\/\/tourtravelandmore.com\/fr\/tours\/espagne-fr\/seville-fr\/all-private-tours-activities-fr-16\/transfert-prive-de-seville-vers-nimporte-quelle-ville\/#breadcrumb\",\"itemListElement\":[{\"@type\":\"ListItem\",\"position\":1,\"name\":\"Home\",\"item\":\"https:\/\/tourtravelandmore.com\/fr\/\"},{\"@type\":\"ListItem\",\"position\":2,\"name\":\"Tours\",\"item\":\"https:\/\/tourtravelandmore.com\/fr\/tours\/\"},{\"@type\":\"ListItem\",\"position\":3,\"name\":\"Transfert priv\u00e9 de S\u00e9ville vers n&rsquo;importe quelle ville\"}]},{\"@type\":\"WebSite\",\"@id\":\"https:\/\/tourtravelandmore.com\/fr\/#website\",\"url\":\"https:\/\/tourtravelandmore.com\/fr\/\",\"name\":\"Tour Travel And More\",\"description\":\"Private sightseeing tours and luxury transfers in Spain\",\"publisher\":{\"@id\":\"https:\/\/tourtravelandmore.com\/fr\/#organization\"},\"potentialAction\":[{\"@type\":\"SearchAction\",\"target\":{\"@type\":\"EntryPoint\",\"urlTemplate\":\"https:\/\/tourtravelandmore.com\/fr\/?s={search_term_string}\"},\"query-input\":{\"@type\":\"PropertyValueSpecification\",\"valueRequired\":true,\"valueName\":\"search_term_string\"}}],\"inLanguage\":\"fr-FR\"},{\"@type\":\"Organization\",\"@id\":\"https:\/\/tourtravelandmore.com\/fr\/#organization\",\"name\":\"Tour Travel And More\",\"url\":\"https:\/\/tourtravelandmore.com\/fr\/\",\"logo\":{\"@type\":\"ImageObject\",\"inLanguage\":\"fr-FR\",\"@id\":\"https:\/\/tourtravelandmore.com\/fr\/#\/schema\/logo\/image\/\",\"url\":\"https:\/\/tourtravelandmore.com\/wp-content\/uploads\/2022\/12\/cropped-logo-cabecera-new.png\",\"contentUrl\":\"https:\/\/tourtravelandmore.com\/wp-content\/uploads\/2022\/12\/cropped-logo-cabecera-new.png\",\"width\":430,\"height\":61,\"caption\":\"Tour Travel And More\"},\"image\":{\"@id\":\"https:\/\/tourtravelandmore.com\/fr\/#\/schema\/logo\/image\/\"},\"sameAs\":[\"https:\/\/www.facebook.com\/tourtravelandmore\/\",\"https:\/\/x.com\/TourTravel_More\"]}]}<\/script>\n<!-- \/ Yoast SEO Premium plugin. -->","yoast_head_json":{"title":"Transfert priv\u00e9 de S\u00e9ville \u00e0 n'importe quelle ville - V\u00e9hicule de luxe priv\u00e9 avec chauffeur","description":"Nous proposons des transferts vers diff\u00e9rentes villes d'Andalousie comme Cordoue, Malaga, Grenade et bien d'autres. Transfert priv\u00e9 de S\u00e9ville \u00e0 n'importe quelle ville.","robots":{"index":"index","follow":"follow","max-snippet":"max-snippet:-1","max-image-preview":"max-image-preview:large","max-video-preview":"max-video-preview:-1"},"canonical":"https:\/\/tourtravelandmore.com\/fr\/tours\/espagne-fr\/seville-fr\/all-private-tours-activities-fr-16\/transfert-prive-de-seville-vers-nimporte-quelle-ville\/","og_locale":"fr_FR","og_type":"article","og_title":"Transfert priv\u00e9 de S\u00e9ville vers n'importe quelle ville","og_description":"Nous proposons des transferts vers diff\u00e9rentes villes d'Andalousie comme Cordoue, Malaga, Grenade et bien d'autres. Transfert priv\u00e9 de S\u00e9ville \u00e0 n'importe quelle ville.","og_url":"https:\/\/tourtravelandmore.com\/fr\/tours\/espagne-fr\/seville-fr\/all-private-tours-activities-fr-16\/transfert-prive-de-seville-vers-nimporte-quelle-ville\/","og_site_name":"Tour Travel And More","article_publisher":"https:\/\/www.facebook.com\/tourtravelandmore\/","og_image":[{"width":400,"height":255,"url":"https:\/\/tourtravelandmore.com\/wp-content\/uploads\/2016\/03\/cars4.jpg","type":"image\/jpeg"}],"twitter_card":"summary_large_image","twitter_site":"@TourTravel_More","twitter_misc":{"Dur\u00e9e de lecture estim\u00e9e":"2 minutes"},"schema":{"@context":"https:\/\/schema.org","@graph":[{"@type":"WebPage","@id":"https:\/\/tourtravelandmore.com\/fr\/tours\/espagne-fr\/seville-fr\/all-private-tours-activities-fr-16\/transfert-prive-de-seville-vers-nimporte-quelle-ville\/","url":"https:\/\/tourtravelandmore.com\/fr\/tours\/espagne-fr\/seville-fr\/all-private-tours-activities-fr-16\/transfert-prive-de-seville-vers-nimporte-quelle-ville\/","name":"Transfert priv\u00e9 de S\u00e9ville \u00e0 n'importe quelle ville - V\u00e9hicule de luxe priv\u00e9 avec chauffeur","isPartOf":{"@id":"https:\/\/tourtravelandmore.com\/fr\/#website"},"primaryImageOfPage":{"@id":"https:\/\/tourtravelandmore.com\/fr\/tours\/espagne-fr\/seville-fr\/all-private-tours-activities-fr-16\/transfert-prive-de-seville-vers-nimporte-quelle-ville\/#primaryimage"},"image":{"@id":"https:\/\/tourtravelandmore.com\/fr\/tours\/espagne-fr\/seville-fr\/all-private-tours-activities-fr-16\/transfert-prive-de-seville-vers-nimporte-quelle-ville\/#primaryimage"},"thumbnailUrl":"https:\/\/tourtravelandmore.com\/wp-content\/uploads\/2016\/03\/cars4.jpg","datePublished":"2016-03-13T19:57:36+00:00","description":"Nous proposons des transferts vers diff\u00e9rentes villes d'Andalousie comme Cordoue, Malaga, Grenade et bien d'autres. Transfert priv\u00e9 de S\u00e9ville \u00e0 n'importe quelle ville.","breadcrumb":{"@id":"https:\/\/tourtravelandmore.com\/fr\/tours\/espagne-fr\/seville-fr\/all-private-tours-activities-fr-16\/transfert-prive-de-seville-vers-nimporte-quelle-ville\/#breadcrumb"},"inLanguage":"fr-FR","potentialAction":[{"@type":"ReadAction","target":["https:\/\/tourtravelandmore.com\/fr\/tours\/espagne-fr\/seville-fr\/all-private-tours-activities-fr-16\/transfert-prive-de-seville-vers-nimporte-quelle-ville\/"]}]},{"@type":"ImageObject","inLanguage":"fr-FR","@id":"https:\/\/tourtravelandmore.com\/fr\/tours\/espagne-fr\/seville-fr\/all-private-tours-activities-fr-16\/transfert-prive-de-seville-vers-nimporte-quelle-ville\/#primaryimage","url":"https:\/\/tourtravelandmore.com\/wp-content\/uploads\/2016\/03\/cars4.jpg","contentUrl":"https:\/\/tourtravelandmore.com\/wp-content\/uploads\/2016\/03\/cars4.jpg","width":400,"height":255},{"@type":"BreadcrumbList","@id":"https:\/\/tourtravelandmore.com\/fr\/tours\/espagne-fr\/seville-fr\/all-private-tours-activities-fr-16\/transfert-prive-de-seville-vers-nimporte-quelle-ville\/#breadcrumb","itemListElement":[{"@type":"ListItem","position":1,"name":"Home","item":"https:\/\/tourtravelandmore.com\/fr\/"},{"@type":"ListItem","position":2,"name":"Tours","item":"https:\/\/tourtravelandmore.com\/fr\/tours\/"},{"@type":"ListItem","position":3,"name":"Transfert priv\u00e9 de S\u00e9ville vers n&rsquo;importe quelle ville"}]},{"@type":"WebSite","@id":"https:\/\/tourtravelandmore.com\/fr\/#website","url":"https:\/\/tourtravelandmore.com\/fr\/","name":"Tour Travel And More","description":"Private sightseeing tours and luxury transfers in Spain","publisher":{"@id":"https:\/\/tourtravelandmore.com\/fr\/#organization"},"potentialAction":[{"@type":"SearchAction","target":{"@type":"EntryPoint","urlTemplate":"https:\/\/tourtravelandmore.com\/fr\/?s={search_term_string}"},"query-input":{"@type":"PropertyValueSpecification","valueRequired":true,"valueName":"search_term_string"}}],"inLanguage":"fr-FR"},{"@type":"Organization","@id":"https:\/\/tourtravelandmore.com\/fr\/#organization","name":"Tour Travel And More","url":"https:\/\/tourtravelandmore.com\/fr\/","logo":{"@type":"ImageObject","inLanguage":"fr-FR","@id":"https:\/\/tourtravelandmore.com\/fr\/#\/schema\/logo\/image\/","url":"https:\/\/tourtravelandmore.com\/wp-content\/uploads\/2022\/12\/cropped-logo-cabecera-new.png","contentUrl":"https:\/\/tourtravelandmore.com\/wp-content\/uploads\/2022\/12\/cropped-logo-cabecera-new.png","width":430,"height":61,"caption":"Tour Travel And More"},"image":{"@id":"https:\/\/tourtravelandmore.com\/fr\/#\/schema\/logo\/image\/"},"sameAs":["https:\/\/www.facebook.com\/tourtravelandmore\/","https:\/\/x.com\/TourTravel_More"]}]}},"_links":{"self":[{"href":"https:\/\/tourtravelandmore.com\/fr\/wp-json\/wp\/v2\/product\/100879","targetHints":{"allow":["GET"]}}],"collection":[{"href":"https:\/\/tourtravelandmore.com\/fr\/wp-json\/wp\/v2\/product"}],"about":[{"href":"https:\/\/tourtravelandmore.com\/fr\/wp-json\/wp\/v2\/types\/product"}],"replies":[{"embeddable":true,"href":"https:\/\/tourtravelandmore.com\/fr\/wp-json\/wp\/v2\/comments?post=100879"}],"wp:featuredmedia":[{"embeddable":true,"href":"https:\/\/tourtravelandmore.com\/fr\/wp-json\/wp\/v2\/media\/94523"}],"wp:attachment":[{"href":"https:\/\/tourtravelandmore.com\/fr\/wp-json\/wp\/v2\/media?parent=100879"}],"wp:term":[{"taxonomy":"product_brand","embeddable":true,"href":"https:\/\/tourtravelandmore.com\/fr\/wp-json\/wp\/v2\/product_brand?post=100879"},{"taxonomy":"product_cat","embeddable":true,"href":"https:\/\/tourtravelandmore.com\/fr\/wp-json\/wp\/v2\/product_cat?post=100879"},{"taxonomy":"product_tag","embeddable":true,"href":"https:\/\/tourtravelandmore.com\/fr\/wp-json\/wp\/v2\/product_tag?post=100879"}],"curies":[{"name":"wp","href":"https:\/\/api.w.org\/{rel}","templated":true}]}}