{"id":100874,"date":"2016-03-13T20:49:22","date_gmt":"2016-03-13T19:49:22","guid":{"rendered":"https:\/\/tourtravelandmore.com\/tours\/non%20class\u00e9\/visite-privee-de-cadix-au-depart-de-seville\/"},"modified":"2024-09-30T16:23:37","modified_gmt":"2024-09-30T14:23:37","slug":"visite-privee-de-cadix-au-depart-de-seville","status":"publish","type":"product","link":"https:\/\/tourtravelandmore.com\/fr\/tours\/espagne-fr\/seville-fr\/excursions-pivees\/visite-privee-de-cadix-au-depart-de-seville\/","title":{"rendered":"Visite priv\u00e9e de Cadix au d\u00e9part de S\u00e9ville"},"content":{"rendered":"<h2>Description<\/h2>\n<p>Profitez de cette visite priv\u00e9e de <strong>Cadix<\/strong> au d\u00e9part de <strong>S\u00e9ville<\/strong> avec votre chauffeur priv\u00e9 dans un v\u00e9hicule de luxe. Profitez du meilleur de Cadix avec un guide officiel \u00e0 Cadix et d\u00e9couvrez les sites les plus embl\u00e9matiques de <strong>Cadix.<\/strong><\/p>\n<p>Tout d&#8217;abord, nous viendrons vous chercher \u00e0 votre h\u00f4tel ou lieu de votre choix \u00e0 <strong>S\u00e9ville.<\/strong> Nous vous emm\u00e8nerons ensuite dans cette excursion priv\u00e9e d&#8217;une journ\u00e9e compl\u00e8te pour d\u00e9couvrir Cadix, avec ce v\u00e9hicule de luxe priv\u00e9 et chauffeur.<\/p>\n<p>Il s&#8217;agit d&#8217;une visite enti\u00e8rement personnalis\u00e9e et priv\u00e9e. Vous pouvez personnaliser chaque visite en contactant simplement nos experts en voyages. Voici un exemple de certains des sites les plus importants dont vous pouvez profiter \u00e0 <strong>Cadix.<\/strong> Cela vous donnera une id\u00e9e, mais votre visite sera enti\u00e8rement personnalis\u00e9e pour r\u00e9pondre \u00e0 vos propres besoins.<\/p>\n<p>Nous vous aiderons \u00e0 organiser votre exp\u00e9rience enti\u00e8rement personnalis\u00e9e et unique pour cette visite priv\u00e9e de <strong>Cadix<\/strong> au d\u00e9part de <strong>S\u00e9ville.<\/strong><\/p>\n<h2>Sites d&#8217;int\u00e9r\u00eat et monuments<\/h2>\n<p>Tout d&#8217;abord, cette visite d\u00e9butera par une prise en charge \u00e0 votre h\u00f4tel ou lieu de votre choix \u00e0 S\u00e9ville. Nous commencerons plus tard \u00e0 conduire vers <strong>Cadix.<\/strong><\/p>\n<p>Une fois arriv\u00e9s \u00e0 <strong>Cadix,<\/strong> vous rencontrerez votre guide officiel priv\u00e9. Votre guide officiel priv\u00e9 vous montrera les lieux les plus embl\u00e9matiques de la ville lors d&#8217;une visite priv\u00e9e de 3 heures.<\/p>\n<p>Voici un exemple des meilleurs sites \u00e0 visiter \u00e0 Cadix:<\/p>\n<ul>\n<li><strong>Mairie<\/strong><\/li>\n<li><strong>Le quartier de Populo<\/strong><\/li>\n<li><strong>Th\u00e9\u00e2tre romain<\/strong><\/li>\n<li><strong>Ancienne cath\u00e9drale<\/strong><\/li>\n<li><strong>Nouvelle cath\u00e9drale<\/strong><\/li>\n<li><strong>Plaza de las Flores<\/strong><\/li>\n<li><strong>Magasin de nourriture<\/strong><\/li>\n<li><strong>Le quartier de Vi\u00f1a<\/strong><\/li>\n<li><strong>Caf\u00e9 Royalty<\/strong><\/li>\n<li><strong>Murs romains<\/strong><\/li>\n<li><strong>Beaucoup plus!<\/strong><\/li>\n<\/ul>\n<p>Vous aurez votre v\u00e9hicule priv\u00e9 \u00e0 votre disposition pendant la visite de 9 heures. Profitez-en gratuitement<\/p>\n<p>La visite a une dur\u00e9e de 9 heures \u00e0 partir du moment de la prise en charge \u00e0 S\u00e9ville jusqu&#8217;au moment du d\u00e9p\u00f4t au m\u00eame endroit.<br \/>\nVous pourrez personnaliser cette visite et prendre des photos impressionnantes quand vous le souhaitez.<\/p>\n<p>Si vous souhaitez visiter un autre monument \u00e0 Cadix, nous pouvons organiser les billets pour vous.<\/p>\n<p><strong>D\u00e9couvrez nos visites priv\u00e9es d&#8217;une journ\u00e9e et nos visites de la ville de S\u00e9ville.<\/strong><\/p>\n","protected":false},"excerpt":{"rendered":"<p>Visite priv\u00e9e de Cadix au d\u00e9part de S\u00e9ville. Guide touristique officiel priv\u00e9 \u00e0 Cadix pendant 3 heures. V\u00e9hicule de luxe priv\u00e9 avec chauffeur pendant 9 heures au d\u00e9part de S\u00e9ville.<\/p>\n","protected":false},"featured_media":93175,"comment_status":"open","ping_status":"closed","template":"","meta":{"_acf_changed":false},"product_brand":[],"product_cat":[3676,4273,4264,4263],"product_tag":[],"class_list":{"0":"post-100874","1":"product","2":"type-product","3":"status-publish","4":"has-post-thumbnail","6":"product_cat-seville-fr","7":"product_cat-best-sellers-fr","8":"product_cat-all-private-tours-activities-fr-16","9":"product_cat-excursions-pivees","11":"first","12":"instock","13":"shipping-taxable","14":"purchasable","15":"product-type-simple"},"acf":[],"yoast_head":"<!-- This site is optimized with the Yoast SEO Premium plugin v25.3.1 (Yoast SEO v25.3.1) - https:\/\/yoast.com\/wordpress\/plugins\/seo\/ -->\n<title>Visite priv\u00e9e de Cadix au d\u00e9part de S\u00e9ville - V\u00e9hicule de luxe priv\u00e9 avec chauffeur<\/title>\n<meta name=\"description\" content=\"Visite priv\u00e9e de Cadix au d\u00e9part de S\u00e9ville. Guide touristique officiel priv\u00e9 \u00e0 Cadix pendant 3 heures. V\u00e9hicule de luxe priv\u00e9 avec chauffeur pendant 9 heures au d\u00e9part de S\u00e9ville.\" \/>\n<meta name=\"robots\" content=\"index, follow, max-snippet:-1, max-image-preview:large, max-video-preview:-1\" \/>\n<link rel=\"canonical\" href=\"https:\/\/tourtravelandmore.com\/fr\/tours\/espagne-fr\/seville-fr\/excursions-pivees\/visite-privee-de-cadix-au-depart-de-seville\/\" \/>\n<meta property=\"og:locale\" content=\"fr_FR\" \/>\n<meta property=\"og:type\" content=\"article\" \/>\n<meta property=\"og:title\" content=\"Visite priv\u00e9e de Cadix au d\u00e9part de S\u00e9ville\" \/>\n<meta property=\"og:description\" content=\"Visite priv\u00e9e de Cadix au d\u00e9part de S\u00e9ville. Guide touristique officiel priv\u00e9 \u00e0 Cadix pendant 3 heures. V\u00e9hicule de luxe priv\u00e9 avec chauffeur pendant 9 heures au d\u00e9part de S\u00e9ville.\" \/>\n<meta property=\"og:url\" content=\"https:\/\/tourtravelandmore.com\/fr\/tours\/espagne-fr\/seville-fr\/excursions-pivees\/visite-privee-de-cadix-au-depart-de-seville\/\" \/>\n<meta property=\"og:site_name\" content=\"Tour Travel And More\" \/>\n<meta property=\"article:publisher\" content=\"https:\/\/www.facebook.com\/tourtravelandmore\/\" \/>\n<meta property=\"article:modified_time\" content=\"2024-09-30T14:23:37+00:00\" \/>\n<meta property=\"og:image\" content=\"https:\/\/tourtravelandmore.com\/wp-content\/uploads\/2016\/03\/Cadiz-2.jpg\" \/>\n\t<meta property=\"og:image:width\" content=\"1630\" \/>\n\t<meta property=\"og:image:height\" content=\"1080\" \/>\n\t<meta property=\"og:image:type\" content=\"image\/jpeg\" \/>\n<meta name=\"twitter:card\" content=\"summary_large_image\" \/>\n<meta name=\"twitter:site\" content=\"@TourTravel_More\" \/>\n<meta name=\"twitter:label1\" content=\"Dur\u00e9e de lecture estim\u00e9e\" \/>\n\t<meta name=\"twitter:data1\" content=\"2 minutes\" \/>\n<script type=\"application\/ld+json\" class=\"yoast-schema-graph\">{\"@context\":\"https:\/\/schema.org\",\"@graph\":[{\"@type\":\"WebPage\",\"@id\":\"https:\/\/tourtravelandmore.com\/fr\/tours\/espagne-fr\/seville-fr\/excursions-pivees\/visite-privee-de-cadix-au-depart-de-seville\/\",\"url\":\"https:\/\/tourtravelandmore.com\/fr\/tours\/espagne-fr\/seville-fr\/excursions-pivees\/visite-privee-de-cadix-au-depart-de-seville\/\",\"name\":\"Visite priv\u00e9e de Cadix au d\u00e9part de S\u00e9ville - V\u00e9hicule de luxe priv\u00e9 avec chauffeur\",\"isPartOf\":{\"@id\":\"https:\/\/tourtravelandmore.com\/fr\/#website\"},\"primaryImageOfPage\":{\"@id\":\"https:\/\/tourtravelandmore.com\/fr\/tours\/espagne-fr\/seville-fr\/excursions-pivees\/visite-privee-de-cadix-au-depart-de-seville\/#primaryimage\"},\"image\":{\"@id\":\"https:\/\/tourtravelandmore.com\/fr\/tours\/espagne-fr\/seville-fr\/excursions-pivees\/visite-privee-de-cadix-au-depart-de-seville\/#primaryimage\"},\"thumbnailUrl\":\"https:\/\/tourtravelandmore.com\/wp-content\/uploads\/2016\/03\/Cadiz-2.jpg\",\"datePublished\":\"2016-03-13T19:49:22+00:00\",\"dateModified\":\"2024-09-30T14:23:37+00:00\",\"description\":\"Visite priv\u00e9e de Cadix au d\u00e9part de S\u00e9ville. Guide touristique officiel priv\u00e9 \u00e0 Cadix pendant 3 heures. V\u00e9hicule de luxe priv\u00e9 avec chauffeur pendant 9 heures au d\u00e9part de S\u00e9ville.\",\"breadcrumb\":{\"@id\":\"https:\/\/tourtravelandmore.com\/fr\/tours\/espagne-fr\/seville-fr\/excursions-pivees\/visite-privee-de-cadix-au-depart-de-seville\/#breadcrumb\"},\"inLanguage\":\"fr-FR\",\"potentialAction\":[{\"@type\":\"ReadAction\",\"target\":[\"https:\/\/tourtravelandmore.com\/fr\/tours\/espagne-fr\/seville-fr\/excursions-pivees\/visite-privee-de-cadix-au-depart-de-seville\/\"]}]},{\"@type\":\"ImageObject\",\"inLanguage\":\"fr-FR\",\"@id\":\"https:\/\/tourtravelandmore.com\/fr\/tours\/espagne-fr\/seville-fr\/excursions-pivees\/visite-privee-de-cadix-au-depart-de-seville\/#primaryimage\",\"url\":\"https:\/\/tourtravelandmore.com\/wp-content\/uploads\/2016\/03\/Cadiz-2.jpg\",\"contentUrl\":\"https:\/\/tourtravelandmore.com\/wp-content\/uploads\/2016\/03\/Cadiz-2.jpg\",\"width\":1630,\"height\":1080},{\"@type\":\"BreadcrumbList\",\"@id\":\"https:\/\/tourtravelandmore.com\/fr\/tours\/espagne-fr\/seville-fr\/excursions-pivees\/visite-privee-de-cadix-au-depart-de-seville\/#breadcrumb\",\"itemListElement\":[{\"@type\":\"ListItem\",\"position\":1,\"name\":\"Home\",\"item\":\"https:\/\/tourtravelandmore.com\/fr\/\"},{\"@type\":\"ListItem\",\"position\":2,\"name\":\"Tours\",\"item\":\"https:\/\/tourtravelandmore.com\/fr\/tours\/\"},{\"@type\":\"ListItem\",\"position\":3,\"name\":\"Visite priv\u00e9e de Cadix au d\u00e9part de S\u00e9ville\"}]},{\"@type\":\"WebSite\",\"@id\":\"https:\/\/tourtravelandmore.com\/fr\/#website\",\"url\":\"https:\/\/tourtravelandmore.com\/fr\/\",\"name\":\"Tour Travel And More\",\"description\":\"Private sightseeing tours and luxury transfers in Spain\",\"publisher\":{\"@id\":\"https:\/\/tourtravelandmore.com\/fr\/#organization\"},\"potentialAction\":[{\"@type\":\"SearchAction\",\"target\":{\"@type\":\"EntryPoint\",\"urlTemplate\":\"https:\/\/tourtravelandmore.com\/fr\/?s={search_term_string}\"},\"query-input\":{\"@type\":\"PropertyValueSpecification\",\"valueRequired\":true,\"valueName\":\"search_term_string\"}}],\"inLanguage\":\"fr-FR\"},{\"@type\":\"Organization\",\"@id\":\"https:\/\/tourtravelandmore.com\/fr\/#organization\",\"name\":\"Tour Travel And More\",\"url\":\"https:\/\/tourtravelandmore.com\/fr\/\",\"logo\":{\"@type\":\"ImageObject\",\"inLanguage\":\"fr-FR\",\"@id\":\"https:\/\/tourtravelandmore.com\/fr\/#\/schema\/logo\/image\/\",\"url\":\"https:\/\/tourtravelandmore.com\/wp-content\/uploads\/2022\/12\/cropped-logo-cabecera-new.png\",\"contentUrl\":\"https:\/\/tourtravelandmore.com\/wp-content\/uploads\/2022\/12\/cropped-logo-cabecera-new.png\",\"width\":430,\"height\":61,\"caption\":\"Tour Travel And More\"},\"image\":{\"@id\":\"https:\/\/tourtravelandmore.com\/fr\/#\/schema\/logo\/image\/\"},\"sameAs\":[\"https:\/\/www.facebook.com\/tourtravelandmore\/\",\"https:\/\/x.com\/TourTravel_More\"]}]}<\/script>\n<!-- \/ Yoast SEO Premium plugin. -->","yoast_head_json":{"title":"Visite priv\u00e9e de Cadix au d\u00e9part de S\u00e9ville - V\u00e9hicule de luxe priv\u00e9 avec chauffeur","description":"Visite priv\u00e9e de Cadix au d\u00e9part de S\u00e9ville. Guide touristique officiel priv\u00e9 \u00e0 Cadix pendant 3 heures. V\u00e9hicule de luxe priv\u00e9 avec chauffeur pendant 9 heures au d\u00e9part de S\u00e9ville.","robots":{"index":"index","follow":"follow","max-snippet":"max-snippet:-1","max-image-preview":"max-image-preview:large","max-video-preview":"max-video-preview:-1"},"canonical":"https:\/\/tourtravelandmore.com\/fr\/tours\/espagne-fr\/seville-fr\/excursions-pivees\/visite-privee-de-cadix-au-depart-de-seville\/","og_locale":"fr_FR","og_type":"article","og_title":"Visite priv\u00e9e de Cadix au d\u00e9part de S\u00e9ville","og_description":"Visite priv\u00e9e de Cadix au d\u00e9part de S\u00e9ville. Guide touristique officiel priv\u00e9 \u00e0 Cadix pendant 3 heures. V\u00e9hicule de luxe priv\u00e9 avec chauffeur pendant 9 heures au d\u00e9part de S\u00e9ville.","og_url":"https:\/\/tourtravelandmore.com\/fr\/tours\/espagne-fr\/seville-fr\/excursions-pivees\/visite-privee-de-cadix-au-depart-de-seville\/","og_site_name":"Tour Travel And More","article_publisher":"https:\/\/www.facebook.com\/tourtravelandmore\/","article_modified_time":"2024-09-30T14:23:37+00:00","og_image":[{"width":1630,"height":1080,"url":"https:\/\/tourtravelandmore.com\/wp-content\/uploads\/2016\/03\/Cadiz-2.jpg","type":"image\/jpeg"}],"twitter_card":"summary_large_image","twitter_site":"@TourTravel_More","twitter_misc":{"Dur\u00e9e de lecture estim\u00e9e":"2 minutes"},"schema":{"@context":"https:\/\/schema.org","@graph":[{"@type":"WebPage","@id":"https:\/\/tourtravelandmore.com\/fr\/tours\/espagne-fr\/seville-fr\/excursions-pivees\/visite-privee-de-cadix-au-depart-de-seville\/","url":"https:\/\/tourtravelandmore.com\/fr\/tours\/espagne-fr\/seville-fr\/excursions-pivees\/visite-privee-de-cadix-au-depart-de-seville\/","name":"Visite priv\u00e9e de Cadix au d\u00e9part de S\u00e9ville - V\u00e9hicule de luxe priv\u00e9 avec chauffeur","isPartOf":{"@id":"https:\/\/tourtravelandmore.com\/fr\/#website"},"primaryImageOfPage":{"@id":"https:\/\/tourtravelandmore.com\/fr\/tours\/espagne-fr\/seville-fr\/excursions-pivees\/visite-privee-de-cadix-au-depart-de-seville\/#primaryimage"},"image":{"@id":"https:\/\/tourtravelandmore.com\/fr\/tours\/espagne-fr\/seville-fr\/excursions-pivees\/visite-privee-de-cadix-au-depart-de-seville\/#primaryimage"},"thumbnailUrl":"https:\/\/tourtravelandmore.com\/wp-content\/uploads\/2016\/03\/Cadiz-2.jpg","datePublished":"2016-03-13T19:49:22+00:00","dateModified":"2024-09-30T14:23:37+00:00","description":"Visite priv\u00e9e de Cadix au d\u00e9part de S\u00e9ville. Guide touristique officiel priv\u00e9 \u00e0 Cadix pendant 3 heures. V\u00e9hicule de luxe priv\u00e9 avec chauffeur pendant 9 heures au d\u00e9part de S\u00e9ville.","breadcrumb":{"@id":"https:\/\/tourtravelandmore.com\/fr\/tours\/espagne-fr\/seville-fr\/excursions-pivees\/visite-privee-de-cadix-au-depart-de-seville\/#breadcrumb"},"inLanguage":"fr-FR","potentialAction":[{"@type":"ReadAction","target":["https:\/\/tourtravelandmore.com\/fr\/tours\/espagne-fr\/seville-fr\/excursions-pivees\/visite-privee-de-cadix-au-depart-de-seville\/"]}]},{"@type":"ImageObject","inLanguage":"fr-FR","@id":"https:\/\/tourtravelandmore.com\/fr\/tours\/espagne-fr\/seville-fr\/excursions-pivees\/visite-privee-de-cadix-au-depart-de-seville\/#primaryimage","url":"https:\/\/tourtravelandmore.com\/wp-content\/uploads\/2016\/03\/Cadiz-2.jpg","contentUrl":"https:\/\/tourtravelandmore.com\/wp-content\/uploads\/2016\/03\/Cadiz-2.jpg","width":1630,"height":1080},{"@type":"BreadcrumbList","@id":"https:\/\/tourtravelandmore.com\/fr\/tours\/espagne-fr\/seville-fr\/excursions-pivees\/visite-privee-de-cadix-au-depart-de-seville\/#breadcrumb","itemListElement":[{"@type":"ListItem","position":1,"name":"Home","item":"https:\/\/tourtravelandmore.com\/fr\/"},{"@type":"ListItem","position":2,"name":"Tours","item":"https:\/\/tourtravelandmore.com\/fr\/tours\/"},{"@type":"ListItem","position":3,"name":"Visite priv\u00e9e de Cadix au d\u00e9part de S\u00e9ville"}]},{"@type":"WebSite","@id":"https:\/\/tourtravelandmore.com\/fr\/#website","url":"https:\/\/tourtravelandmore.com\/fr\/","name":"Tour Travel And More","description":"Private sightseeing tours and luxury transfers in Spain","publisher":{"@id":"https:\/\/tourtravelandmore.com\/fr\/#organization"},"potentialAction":[{"@type":"SearchAction","target":{"@type":"EntryPoint","urlTemplate":"https:\/\/tourtravelandmore.com\/fr\/?s={search_term_string}"},"query-input":{"@type":"PropertyValueSpecification","valueRequired":true,"valueName":"search_term_string"}}],"inLanguage":"fr-FR"},{"@type":"Organization","@id":"https:\/\/tourtravelandmore.com\/fr\/#organization","name":"Tour Travel And More","url":"https:\/\/tourtravelandmore.com\/fr\/","logo":{"@type":"ImageObject","inLanguage":"fr-FR","@id":"https:\/\/tourtravelandmore.com\/fr\/#\/schema\/logo\/image\/","url":"https:\/\/tourtravelandmore.com\/wp-content\/uploads\/2022\/12\/cropped-logo-cabecera-new.png","contentUrl":"https:\/\/tourtravelandmore.com\/wp-content\/uploads\/2022\/12\/cropped-logo-cabecera-new.png","width":430,"height":61,"caption":"Tour Travel And More"},"image":{"@id":"https:\/\/tourtravelandmore.com\/fr\/#\/schema\/logo\/image\/"},"sameAs":["https:\/\/www.facebook.com\/tourtravelandmore\/","https:\/\/x.com\/TourTravel_More"]}]}},"_links":{"self":[{"href":"https:\/\/tourtravelandmore.com\/fr\/wp-json\/wp\/v2\/product\/100874","targetHints":{"allow":["GET"]}}],"collection":[{"href":"https:\/\/tourtravelandmore.com\/fr\/wp-json\/wp\/v2\/product"}],"about":[{"href":"https:\/\/tourtravelandmore.com\/fr\/wp-json\/wp\/v2\/types\/product"}],"replies":[{"embeddable":true,"href":"https:\/\/tourtravelandmore.com\/fr\/wp-json\/wp\/v2\/comments?post=100874"}],"wp:featuredmedia":[{"embeddable":true,"href":"https:\/\/tourtravelandmore.com\/fr\/wp-json\/wp\/v2\/media\/93175"}],"wp:attachment":[{"href":"https:\/\/tourtravelandmore.com\/fr\/wp-json\/wp\/v2\/media?parent=100874"}],"wp:term":[{"taxonomy":"product_brand","embeddable":true,"href":"https:\/\/tourtravelandmore.com\/fr\/wp-json\/wp\/v2\/product_brand?post=100874"},{"taxonomy":"product_cat","embeddable":true,"href":"https:\/\/tourtravelandmore.com\/fr\/wp-json\/wp\/v2\/product_cat?post=100874"},{"taxonomy":"product_tag","embeddable":true,"href":"https:\/\/tourtravelandmore.com\/fr\/wp-json\/wp\/v2\/product_tag?post=100874"}],"curies":[{"name":"wp","href":"https:\/\/api.w.org\/{rel}","templated":true}]}}