{"id":100869,"date":"2016-03-13T20:07:59","date_gmt":"2016-03-13T19:07:59","guid":{"rendered":"https:\/\/tourtravelandmore.com\/tours\/non%20class\u00e9\/visite-privee-a-pied-de-seville-alcazar-royal-et-cathedrale\/"},"modified":"2023-09-29T22:42:24","modified_gmt":"2023-09-29T20:42:24","slug":"visite-privee-a-pied-de-seville-alcazar-royal-et-cathedrale","status":"publish","type":"product","link":"https:\/\/tourtravelandmore.com\/fr\/tours\/espagne-fr\/seville-fr\/all-private-tours-activities-fr-16\/visite-privee-a-pied-de-seville-alcazar-royal-et-cathedrale\/","title":{"rendered":"Visite priv\u00e9e \u00e0 pied de S\u00e9ville; Alcazar royal et cath\u00e9drale"},"content":{"rendered":"<h2>Description<\/h2>\n<p>Profitez de cette occasion pour profiter de cette <strong>visite priv\u00e9e<\/strong> \u00e0 pied de S\u00e9ville. Cette visite priv\u00e9e \u00e0 pied commencera \u00e0 un point de rencontre situ\u00e9 au centre, pr\u00e8s de l&#8217;Alcazar de S\u00e9ville.<\/p>\n<p>Si votre h\u00f4tel est situ\u00e9 \u00e0 proximit\u00e9, nous pouvons modifier le point de d\u00e9part en fonction de vos pr\u00e9f\u00e9rences.<\/p>\n<p>Tout d&#8217;abord, juste apr\u00e8s avoir organis\u00e9 la prise en charge priv\u00e9e, nous commencerons cette <strong>visite priv\u00e9e<\/strong> \u00e0 <strong>pied<\/strong> de <strong>S\u00e9ville.<\/strong> Cette visite particuli\u00e8re de S\u00e9ville comprendra l&#8217;entr\u00e9e dans l&#8217;Alcazar et la cath\u00e9drale de S\u00e9ville.<\/p>\n<p>Selon l&#8217;endroit o\u00f9 se trouve votre h\u00f4tel ou l&#8217;endroit o\u00f9 nous commen\u00e7ons la visite priv\u00e9e, nous commencerons par l&#8217;Alcazar. Vous appr\u00e9cierez la visite de l&#8217;Alcazar aux c\u00f4t\u00e9s de votre guide officiel priv\u00e9. Profitez des sites et des emplacements uniques de ce palais. Prenez de superbes photos et apprenez les histoires et <strong>l&#8217;histoire<\/strong> de <strong>l&#8217;Alcazar.<\/strong><\/p>\n<p>Apr\u00e8s <strong>l&#8217;Alcazar,<\/strong> nous marcherons vers la cath\u00e9drale. Une fois arriv\u00e9s \u00e0 la cath\u00e9drale, nous commencerons cette partie guid\u00e9e de la visite priv\u00e9e \u00e0 pied de S\u00e9ville.<\/p>\n<p>Profitez \u00e9galement des meilleurs sites de la cath\u00e9drale avec votre guide. Cette visite priv\u00e9e se terminera pr\u00e8s de la cath\u00e9drale.<\/p>\n<h2>Sites d&#8217;int\u00e9r\u00eat et monuments<\/h2>\n<p>Vous pourrez profiter du spectaculaire <strong>Alcazar royal<\/strong> de <strong>S\u00e9ville<\/strong> et de la <strong>cath\u00e9drale<\/strong> de <strong>S\u00e9ville,<\/strong> y compris la tour Giralda. Les frais d&#8217;entr\u00e9e aux deux sites sont inclus dans la proposition de cette visite.<\/p>\n<p>Tout d&#8217;abord, vous rencontrerez votre guide officiel. Votre guide priv\u00e9 officiel est \u00e0 votre disposition pendant les 4 heures pour profiter au maximum des deux monuments et pour tirer le meilleur parti de <strong>votre exp\u00e9rience<\/strong> \u00e0 <strong>S\u00e9ville.<\/strong> Vous vous prom\u00e8nerez dans le quartier juif et visiterez la place la plus c\u00e9l\u00e8bre de la ville, la Plaza Espa\u00f1a.<\/p>\n<p>Deuxi\u00e8mement, nous commencerons par l&#8217;Alcazar. La premi\u00e8re partie de cette visite comprendra la visite de <strong>l&#8217;Alcazar<\/strong> de <strong>S\u00e9ville.<\/strong> Profitez du palais royal de <strong>S\u00e9ville.<\/strong> Ce palais a \u00e9t\u00e9 construit pour le roi chr\u00e9tien <strong>Pierre<\/strong> de <strong>Castille.<\/strong> Cela a \u00e9t\u00e9 construit sur un <strong>Alcazar<\/strong> musulman. L&#8217;architecture mud\u00e9jar est exquise dans ce site unique. L&#8217;Alcazar est inscrit par <strong>l&#8217;UNESCO<\/strong> comme site du patrimoine mondial.<\/p>\n<p>Enfin, nous continuerons ensuite vers la cath\u00e9drale de S\u00e9ville. La cath\u00e9drale de Saint Mary. Ceci est une cath\u00e9drale catholique romaine. C&#8217;est \u00e9galement un site du patrimoine mondial par l&#8217;UNESCO.<\/p>\n<p>En conclusion, profitez de cette chance de profiter des meilleurs sites de S\u00e9ville et de ses monuments uniques.<\/p>\n<p><a href=\"https:\/\/tourtravelandmore.com\/fr\/city\/espagne-fr\/sevilla-en\/\">D\u00e9couvrez nos autres <strong>visites priv\u00e9es<\/strong> dans la ville de <strong>S\u00e9ville.<\/strong><\/a><\/p>\n","protected":false},"excerpt":{"rendered":"<p>Visite priv\u00e9e de Cadix au d\u00e9part de S\u00e9ville. Guide touristique officiel priv\u00e9 \u00e0 Cadix pendant 4 heures. V\u00e9hicule de luxe priv\u00e9 avec chauffeur pendant 9 heures au d\u00e9part de S\u00e9ville.<\/p>\n","protected":false},"featured_media":94514,"comment_status":"open","ping_status":"closed","template":"","meta":{"_acf_changed":false},"product_brand":[],"product_cat":[3676,4273,4264,4309],"product_tag":[],"class_list":{"0":"post-100869","1":"product","2":"type-product","3":"status-publish","4":"has-post-thumbnail","6":"product_cat-seville-fr","7":"product_cat-best-sellers-fr","8":"product_cat-all-private-tours-activities-fr-16","9":"product_cat-private-walking-tours-seville","11":"first","12":"instock","13":"shipping-taxable","14":"purchasable","15":"product-type-simple"},"acf":[],"yoast_head":"<!-- This site is optimized with the Yoast SEO Premium plugin v25.3.1 (Yoast SEO v25.3.1) - https:\/\/yoast.com\/wordpress\/plugins\/seo\/ -->\n<title>Visite priv\u00e9e \u00e0 pied de S\u00e9ville - Guide touristique officiel priv\u00e9 et billets inclus<\/title>\n<meta name=\"description\" content=\"Visite priv\u00e9e \u00e0 pied de S\u00e9ville. Visite priv\u00e9e avec un guide officiel priv\u00e9 pendant 4 heures. Billets d&#039;entr\u00e9e \u00e0 la cath\u00e9drale et \u00e0 l&#039;Alcazar de S\u00e9ville inclus.\" \/>\n<meta name=\"robots\" content=\"index, follow, max-snippet:-1, max-image-preview:large, max-video-preview:-1\" \/>\n<link rel=\"canonical\" href=\"https:\/\/tourtravelandmore.com\/fr\/tours\/espagne-fr\/seville-fr\/all-private-tours-activities-fr-16\/visite-privee-a-pied-de-seville-alcazar-royal-et-cathedrale\/\" \/>\n<meta property=\"og:locale\" content=\"fr_FR\" \/>\n<meta property=\"og:type\" content=\"article\" \/>\n<meta property=\"og:title\" content=\"Visite priv\u00e9e \u00e0 pied de S\u00e9ville; Alcazar royal et cath\u00e9drale\" \/>\n<meta property=\"og:description\" content=\"Visite priv\u00e9e \u00e0 pied de S\u00e9ville. Visite priv\u00e9e avec un guide officiel priv\u00e9 pendant 4 heures. Billets d&#039;entr\u00e9e \u00e0 la cath\u00e9drale et \u00e0 l&#039;Alcazar de S\u00e9ville inclus.\" \/>\n<meta property=\"og:url\" content=\"https:\/\/tourtravelandmore.com\/fr\/tours\/espagne-fr\/seville-fr\/all-private-tours-activities-fr-16\/visite-privee-a-pied-de-seville-alcazar-royal-et-cathedrale\/\" \/>\n<meta property=\"og:site_name\" content=\"Tour Travel And More\" \/>\n<meta property=\"article:publisher\" content=\"https:\/\/www.facebook.com\/tourtravelandmore\/\" \/>\n<meta property=\"article:modified_time\" content=\"2023-09-29T20:42:24+00:00\" \/>\n<meta property=\"og:image\" content=\"https:\/\/tourtravelandmore.com\/wp-content\/uploads\/2016\/03\/Spain-Alcazar-Seville-UNESCO.jpg\" \/>\n\t<meta property=\"og:image:width\" content=\"1200\" \/>\n\t<meta property=\"og:image:height\" content=\"900\" \/>\n\t<meta property=\"og:image:type\" content=\"image\/jpeg\" \/>\n<meta name=\"twitter:card\" content=\"summary_large_image\" \/>\n<meta name=\"twitter:site\" content=\"@TourTravel_More\" \/>\n<meta name=\"twitter:label1\" content=\"Dur\u00e9e de lecture estim\u00e9e\" \/>\n\t<meta name=\"twitter:data1\" content=\"2 minutes\" \/>\n<script type=\"application\/ld+json\" class=\"yoast-schema-graph\">{\"@context\":\"https:\/\/schema.org\",\"@graph\":[{\"@type\":\"WebPage\",\"@id\":\"https:\/\/tourtravelandmore.com\/fr\/tours\/espagne-fr\/seville-fr\/all-private-tours-activities-fr-16\/visite-privee-a-pied-de-seville-alcazar-royal-et-cathedrale\/\",\"url\":\"https:\/\/tourtravelandmore.com\/fr\/tours\/espagne-fr\/seville-fr\/all-private-tours-activities-fr-16\/visite-privee-a-pied-de-seville-alcazar-royal-et-cathedrale\/\",\"name\":\"Visite priv\u00e9e \u00e0 pied de S\u00e9ville - Guide touristique officiel priv\u00e9 et billets inclus\",\"isPartOf\":{\"@id\":\"https:\/\/tourtravelandmore.com\/fr\/#website\"},\"primaryImageOfPage\":{\"@id\":\"https:\/\/tourtravelandmore.com\/fr\/tours\/espagne-fr\/seville-fr\/all-private-tours-activities-fr-16\/visite-privee-a-pied-de-seville-alcazar-royal-et-cathedrale\/#primaryimage\"},\"image\":{\"@id\":\"https:\/\/tourtravelandmore.com\/fr\/tours\/espagne-fr\/seville-fr\/all-private-tours-activities-fr-16\/visite-privee-a-pied-de-seville-alcazar-royal-et-cathedrale\/#primaryimage\"},\"thumbnailUrl\":\"https:\/\/tourtravelandmore.com\/wp-content\/uploads\/2016\/03\/Spain-Alcazar-Seville-UNESCO.jpg\",\"datePublished\":\"2016-03-13T19:07:59+00:00\",\"dateModified\":\"2023-09-29T20:42:24+00:00\",\"description\":\"Visite priv\u00e9e \u00e0 pied de S\u00e9ville. Visite priv\u00e9e avec un guide officiel priv\u00e9 pendant 4 heures. Billets d'entr\u00e9e \u00e0 la cath\u00e9drale et \u00e0 l'Alcazar de S\u00e9ville inclus.\",\"breadcrumb\":{\"@id\":\"https:\/\/tourtravelandmore.com\/fr\/tours\/espagne-fr\/seville-fr\/all-private-tours-activities-fr-16\/visite-privee-a-pied-de-seville-alcazar-royal-et-cathedrale\/#breadcrumb\"},\"inLanguage\":\"fr-FR\",\"potentialAction\":[{\"@type\":\"ReadAction\",\"target\":[\"https:\/\/tourtravelandmore.com\/fr\/tours\/espagne-fr\/seville-fr\/all-private-tours-activities-fr-16\/visite-privee-a-pied-de-seville-alcazar-royal-et-cathedrale\/\"]}]},{\"@type\":\"ImageObject\",\"inLanguage\":\"fr-FR\",\"@id\":\"https:\/\/tourtravelandmore.com\/fr\/tours\/espagne-fr\/seville-fr\/all-private-tours-activities-fr-16\/visite-privee-a-pied-de-seville-alcazar-royal-et-cathedrale\/#primaryimage\",\"url\":\"https:\/\/tourtravelandmore.com\/wp-content\/uploads\/2016\/03\/Spain-Alcazar-Seville-UNESCO.jpg\",\"contentUrl\":\"https:\/\/tourtravelandmore.com\/wp-content\/uploads\/2016\/03\/Spain-Alcazar-Seville-UNESCO.jpg\",\"width\":1200,\"height\":900},{\"@type\":\"BreadcrumbList\",\"@id\":\"https:\/\/tourtravelandmore.com\/fr\/tours\/espagne-fr\/seville-fr\/all-private-tours-activities-fr-16\/visite-privee-a-pied-de-seville-alcazar-royal-et-cathedrale\/#breadcrumb\",\"itemListElement\":[{\"@type\":\"ListItem\",\"position\":1,\"name\":\"Home\",\"item\":\"https:\/\/tourtravelandmore.com\/fr\/\"},{\"@type\":\"ListItem\",\"position\":2,\"name\":\"Tours\",\"item\":\"https:\/\/tourtravelandmore.com\/fr\/tours\/\"},{\"@type\":\"ListItem\",\"position\":3,\"name\":\"Visite priv\u00e9e \u00e0 pied de S\u00e9ville; Alcazar royal et cath\u00e9drale\"}]},{\"@type\":\"WebSite\",\"@id\":\"https:\/\/tourtravelandmore.com\/fr\/#website\",\"url\":\"https:\/\/tourtravelandmore.com\/fr\/\",\"name\":\"Tour Travel And More\",\"description\":\"Private sightseeing tours and luxury transfers in Spain\",\"publisher\":{\"@id\":\"https:\/\/tourtravelandmore.com\/fr\/#organization\"},\"potentialAction\":[{\"@type\":\"SearchAction\",\"target\":{\"@type\":\"EntryPoint\",\"urlTemplate\":\"https:\/\/tourtravelandmore.com\/fr\/?s={search_term_string}\"},\"query-input\":{\"@type\":\"PropertyValueSpecification\",\"valueRequired\":true,\"valueName\":\"search_term_string\"}}],\"inLanguage\":\"fr-FR\"},{\"@type\":\"Organization\",\"@id\":\"https:\/\/tourtravelandmore.com\/fr\/#organization\",\"name\":\"Tour Travel And More\",\"url\":\"https:\/\/tourtravelandmore.com\/fr\/\",\"logo\":{\"@type\":\"ImageObject\",\"inLanguage\":\"fr-FR\",\"@id\":\"https:\/\/tourtravelandmore.com\/fr\/#\/schema\/logo\/image\/\",\"url\":\"https:\/\/tourtravelandmore.com\/wp-content\/uploads\/2022\/12\/cropped-logo-cabecera-new.png\",\"contentUrl\":\"https:\/\/tourtravelandmore.com\/wp-content\/uploads\/2022\/12\/cropped-logo-cabecera-new.png\",\"width\":430,\"height\":61,\"caption\":\"Tour Travel And More\"},\"image\":{\"@id\":\"https:\/\/tourtravelandmore.com\/fr\/#\/schema\/logo\/image\/\"},\"sameAs\":[\"https:\/\/www.facebook.com\/tourtravelandmore\/\",\"https:\/\/x.com\/TourTravel_More\"]}]}<\/script>\n<!-- \/ Yoast SEO Premium plugin. -->","yoast_head_json":{"title":"Visite priv\u00e9e \u00e0 pied de S\u00e9ville - Guide touristique officiel priv\u00e9 et billets inclus","description":"Visite priv\u00e9e \u00e0 pied de S\u00e9ville. Visite priv\u00e9e avec un guide officiel priv\u00e9 pendant 4 heures. Billets d'entr\u00e9e \u00e0 la cath\u00e9drale et \u00e0 l'Alcazar de S\u00e9ville inclus.","robots":{"index":"index","follow":"follow","max-snippet":"max-snippet:-1","max-image-preview":"max-image-preview:large","max-video-preview":"max-video-preview:-1"},"canonical":"https:\/\/tourtravelandmore.com\/fr\/tours\/espagne-fr\/seville-fr\/all-private-tours-activities-fr-16\/visite-privee-a-pied-de-seville-alcazar-royal-et-cathedrale\/","og_locale":"fr_FR","og_type":"article","og_title":"Visite priv\u00e9e \u00e0 pied de S\u00e9ville; Alcazar royal et cath\u00e9drale","og_description":"Visite priv\u00e9e \u00e0 pied de S\u00e9ville. Visite priv\u00e9e avec un guide officiel priv\u00e9 pendant 4 heures. Billets d'entr\u00e9e \u00e0 la cath\u00e9drale et \u00e0 l'Alcazar de S\u00e9ville inclus.","og_url":"https:\/\/tourtravelandmore.com\/fr\/tours\/espagne-fr\/seville-fr\/all-private-tours-activities-fr-16\/visite-privee-a-pied-de-seville-alcazar-royal-et-cathedrale\/","og_site_name":"Tour Travel And More","article_publisher":"https:\/\/www.facebook.com\/tourtravelandmore\/","article_modified_time":"2023-09-29T20:42:24+00:00","og_image":[{"width":1200,"height":900,"url":"https:\/\/tourtravelandmore.com\/wp-content\/uploads\/2016\/03\/Spain-Alcazar-Seville-UNESCO.jpg","type":"image\/jpeg"}],"twitter_card":"summary_large_image","twitter_site":"@TourTravel_More","twitter_misc":{"Dur\u00e9e de lecture estim\u00e9e":"2 minutes"},"schema":{"@context":"https:\/\/schema.org","@graph":[{"@type":"WebPage","@id":"https:\/\/tourtravelandmore.com\/fr\/tours\/espagne-fr\/seville-fr\/all-private-tours-activities-fr-16\/visite-privee-a-pied-de-seville-alcazar-royal-et-cathedrale\/","url":"https:\/\/tourtravelandmore.com\/fr\/tours\/espagne-fr\/seville-fr\/all-private-tours-activities-fr-16\/visite-privee-a-pied-de-seville-alcazar-royal-et-cathedrale\/","name":"Visite priv\u00e9e \u00e0 pied de S\u00e9ville - Guide touristique officiel priv\u00e9 et billets inclus","isPartOf":{"@id":"https:\/\/tourtravelandmore.com\/fr\/#website"},"primaryImageOfPage":{"@id":"https:\/\/tourtravelandmore.com\/fr\/tours\/espagne-fr\/seville-fr\/all-private-tours-activities-fr-16\/visite-privee-a-pied-de-seville-alcazar-royal-et-cathedrale\/#primaryimage"},"image":{"@id":"https:\/\/tourtravelandmore.com\/fr\/tours\/espagne-fr\/seville-fr\/all-private-tours-activities-fr-16\/visite-privee-a-pied-de-seville-alcazar-royal-et-cathedrale\/#primaryimage"},"thumbnailUrl":"https:\/\/tourtravelandmore.com\/wp-content\/uploads\/2016\/03\/Spain-Alcazar-Seville-UNESCO.jpg","datePublished":"2016-03-13T19:07:59+00:00","dateModified":"2023-09-29T20:42:24+00:00","description":"Visite priv\u00e9e \u00e0 pied de S\u00e9ville. Visite priv\u00e9e avec un guide officiel priv\u00e9 pendant 4 heures. Billets d'entr\u00e9e \u00e0 la cath\u00e9drale et \u00e0 l'Alcazar de S\u00e9ville inclus.","breadcrumb":{"@id":"https:\/\/tourtravelandmore.com\/fr\/tours\/espagne-fr\/seville-fr\/all-private-tours-activities-fr-16\/visite-privee-a-pied-de-seville-alcazar-royal-et-cathedrale\/#breadcrumb"},"inLanguage":"fr-FR","potentialAction":[{"@type":"ReadAction","target":["https:\/\/tourtravelandmore.com\/fr\/tours\/espagne-fr\/seville-fr\/all-private-tours-activities-fr-16\/visite-privee-a-pied-de-seville-alcazar-royal-et-cathedrale\/"]}]},{"@type":"ImageObject","inLanguage":"fr-FR","@id":"https:\/\/tourtravelandmore.com\/fr\/tours\/espagne-fr\/seville-fr\/all-private-tours-activities-fr-16\/visite-privee-a-pied-de-seville-alcazar-royal-et-cathedrale\/#primaryimage","url":"https:\/\/tourtravelandmore.com\/wp-content\/uploads\/2016\/03\/Spain-Alcazar-Seville-UNESCO.jpg","contentUrl":"https:\/\/tourtravelandmore.com\/wp-content\/uploads\/2016\/03\/Spain-Alcazar-Seville-UNESCO.jpg","width":1200,"height":900},{"@type":"BreadcrumbList","@id":"https:\/\/tourtravelandmore.com\/fr\/tours\/espagne-fr\/seville-fr\/all-private-tours-activities-fr-16\/visite-privee-a-pied-de-seville-alcazar-royal-et-cathedrale\/#breadcrumb","itemListElement":[{"@type":"ListItem","position":1,"name":"Home","item":"https:\/\/tourtravelandmore.com\/fr\/"},{"@type":"ListItem","position":2,"name":"Tours","item":"https:\/\/tourtravelandmore.com\/fr\/tours\/"},{"@type":"ListItem","position":3,"name":"Visite priv\u00e9e \u00e0 pied de S\u00e9ville; Alcazar royal et cath\u00e9drale"}]},{"@type":"WebSite","@id":"https:\/\/tourtravelandmore.com\/fr\/#website","url":"https:\/\/tourtravelandmore.com\/fr\/","name":"Tour Travel And More","description":"Private sightseeing tours and luxury transfers in Spain","publisher":{"@id":"https:\/\/tourtravelandmore.com\/fr\/#organization"},"potentialAction":[{"@type":"SearchAction","target":{"@type":"EntryPoint","urlTemplate":"https:\/\/tourtravelandmore.com\/fr\/?s={search_term_string}"},"query-input":{"@type":"PropertyValueSpecification","valueRequired":true,"valueName":"search_term_string"}}],"inLanguage":"fr-FR"},{"@type":"Organization","@id":"https:\/\/tourtravelandmore.com\/fr\/#organization","name":"Tour Travel And More","url":"https:\/\/tourtravelandmore.com\/fr\/","logo":{"@type":"ImageObject","inLanguage":"fr-FR","@id":"https:\/\/tourtravelandmore.com\/fr\/#\/schema\/logo\/image\/","url":"https:\/\/tourtravelandmore.com\/wp-content\/uploads\/2022\/12\/cropped-logo-cabecera-new.png","contentUrl":"https:\/\/tourtravelandmore.com\/wp-content\/uploads\/2022\/12\/cropped-logo-cabecera-new.png","width":430,"height":61,"caption":"Tour Travel And More"},"image":{"@id":"https:\/\/tourtravelandmore.com\/fr\/#\/schema\/logo\/image\/"},"sameAs":["https:\/\/www.facebook.com\/tourtravelandmore\/","https:\/\/x.com\/TourTravel_More"]}]}},"_links":{"self":[{"href":"https:\/\/tourtravelandmore.com\/fr\/wp-json\/wp\/v2\/product\/100869","targetHints":{"allow":["GET"]}}],"collection":[{"href":"https:\/\/tourtravelandmore.com\/fr\/wp-json\/wp\/v2\/product"}],"about":[{"href":"https:\/\/tourtravelandmore.com\/fr\/wp-json\/wp\/v2\/types\/product"}],"replies":[{"embeddable":true,"href":"https:\/\/tourtravelandmore.com\/fr\/wp-json\/wp\/v2\/comments?post=100869"}],"wp:featuredmedia":[{"embeddable":true,"href":"https:\/\/tourtravelandmore.com\/fr\/wp-json\/wp\/v2\/media\/94514"}],"wp:attachment":[{"href":"https:\/\/tourtravelandmore.com\/fr\/wp-json\/wp\/v2\/media?parent=100869"}],"wp:term":[{"taxonomy":"product_brand","embeddable":true,"href":"https:\/\/tourtravelandmore.com\/fr\/wp-json\/wp\/v2\/product_brand?post=100869"},{"taxonomy":"product_cat","embeddable":true,"href":"https:\/\/tourtravelandmore.com\/fr\/wp-json\/wp\/v2\/product_cat?post=100869"},{"taxonomy":"product_tag","embeddable":true,"href":"https:\/\/tourtravelandmore.com\/fr\/wp-json\/wp\/v2\/product_tag?post=100869"}],"curies":[{"name":"wp","href":"https:\/\/api.w.org\/{rel}","templated":true}]}}