{"id":100864,"date":"2016-03-13T19:06:51","date_gmt":"2016-03-13T18:06:51","guid":{"rendered":"https:\/\/tourtravelandmore.com\/tours\/non%20class\u00e9\/visite-privee-de-seville\/"},"modified":"2023-03-15T19:33:42","modified_gmt":"2023-03-15T18:33:42","slug":"visite-privee-de-seville","status":"publish","type":"product","link":"https:\/\/tourtravelandmore.com\/fr\/tours\/espagne-fr\/seville-fr\/private-sightseeing-tours-fr-23\/visite-privee-de-seville\/","title":{"rendered":"Visite priv\u00e9e de S\u00e9ville"},"content":{"rendered":"<h2>Description<\/h2>\n<p>Profitez de cette visite priv\u00e9e de S\u00e9ville pour d\u00e9couvrir les meilleurs quartiers de S\u00e9ville! C&#8217;est la meilleure fa\u00e7on de conna\u00eetre S\u00e9ville.<\/p>\n<p>Par la main de votre guide officiel priv\u00e9, d\u00e9couvrez les secrets et les meilleurs endroits de la ville de S\u00e9ville. S\u00e9ville est l&#8217;une des plus belles villes d&#8217;Espagne. Comme le dit la chanson &#8220;Seville tiene un color especial&#8221;. S\u00e9ville a une couleur sp\u00e9ciale, et c&#8217;est vraiment le cas. Nous ne savons pas vraiment par o\u00f9 commencer avec cette visite priv\u00e9e de S\u00e9ville. Il y a tellement de choses \u00e0 faire que l&#8217;arranger en 4 heures n&#8217;est pas facile!<\/p>\n<p>Tout d&#8217;abord, pour cette visite priv\u00e9e, nous organiserons une prise en charge tr\u00e8s confortable et s\u00fbre \u00e0 votre h\u00f4tel \u00e0 S\u00e9ville. Si vous arrivez \u00e0 l&#8217;a\u00e9roport, nous pouvons \u00e9galement venir vous chercher \u00e0 partir de l\u00e0. Si vous venez d&#8217;une autre ville, nous organisons \u00e9galement le transport priv\u00e9 depuis d&#8217;autres villes comme Malaga, Cordoue, Grenade, le port de croisi\u00e8re de Cadix et bien d&#8217;autres pour profiter d&#8217;une excursion d&#8217;une journ\u00e9e \u00e0 S\u00e9ville.<\/p>\n<p>Une fois que votre chauffeur et votre guide officiel priv\u00e9 sont venus vous chercher, nous commencerons cette visite priv\u00e9e de S\u00e9ville. Vous apprendrez \u00e0 conna\u00eetre les sites les plus importants de la ville avant d&#8217;\u00eatre d\u00e9pos\u00e9 \u00e0 votre h\u00f4tel \u00e0 S\u00e9ville.<\/p>\n<h2>Sites d&#8217;int\u00e9r\u00eat et monuments<\/h2>\n<p>Nous organiserons une prise en charge rapide et facile \u00e0 votre h\u00f4tel. Votre guide officiel vous attendra dans le hall et nous commencerons cette visite priv\u00e9e. La prise en charge peut \u00e9galement se faire depuis un appartement ou tout autre endroit de S\u00e9ville. Une fois avec votre guide, vous vous dirigerez vers votre chauffeur qui vous attendra dans votre v\u00e9hicule priv\u00e9.<\/p>\n<p>Avoir une vue sur certains des meilleurs sites de S\u00e9ville;<\/p>\n<ul>\n<li>Quartier juif<\/li>\n<li>Zone commerciale exclusive<\/li>\n<li>Plaza Espa\u00f1a: un site vraiment unique que vous ne voudrez plus quitter. Situ\u00e9 dans le Parque de Maria Luisa. Il a \u00e9t\u00e9 construit en 1928. Se promener sur cette place est vraiment quelquefois \u00e0 faire une fois dans sa vie. N&#8217;oubliez pas de prendre de superbes photos \u00e0 montrer \u00e0 la maison!<\/li>\n<li>Vue du stade Sanchez Pijuan<\/li>\n<li>Plaza Nova<\/li>\n<li>Cath\u00e9drale de S\u00e9ville<\/li>\n<li>La Giralda<\/li>\n<li>Alcazar de S\u00e9ville<\/li>\n<li>Torre del Oro<\/li>\n<li>Ar\u00e8ne taurine<\/li>\n<li>Beaucoup plus!<\/li>\n<\/ul>\n<p>Si vous souhaitez entrer dans un monument de la ville, nous pouvons organiser les billets pour vous. Faites simplement savoir \u00e0 nos experts en voyages et nous organiserons les billets coupe-file pour vous.<\/p>\n<p>Votre guide priv\u00e9 officiel et votre chauffeur sont \u00e0 votre disposition pendant 4 heures.<\/p>\n<p>Cette visite priv\u00e9e se terminera \u00e0 votre h\u00f4tel \u00e0 S\u00e9ville.<\/p>\n<p>Jetez un \u0153il \u00e0 toutes nos visites priv\u00e9es ici!<\/p>\n","protected":false},"excerpt":{"rendered":"<p>Meilleure visite priv\u00e9e de S\u00e9ville. Apprenez \u00e0 conna\u00eetre le meilleur de S\u00e9ville aux c\u00f4t\u00e9s de votre guide officiel priv\u00e9 et confortablement dans un v\u00e9hicule de luxe avec chauffeur.<\/p>\n","protected":false},"featured_media":94513,"comment_status":"open","ping_status":"closed","template":"","meta":{"_acf_changed":false},"product_brand":[],"product_cat":[3676,4273,4264,4262],"product_tag":[],"class_list":{"0":"post-100864","1":"product","2":"type-product","3":"status-publish","4":"has-post-thumbnail","6":"product_cat-seville-fr","7":"product_cat-best-sellers-fr","8":"product_cat-all-private-tours-activities-fr-16","9":"product_cat-private-sightseeing-tours-fr-23","11":"first","12":"instock","13":"shipping-taxable","14":"purchasable","15":"product-type-simple"},"acf":[],"yoast_head":"<!-- This site is optimized with the Yoast SEO Premium plugin v25.3.1 (Yoast SEO v25.3.1) - https:\/\/yoast.com\/wordpress\/plugins\/seo\/ -->\n<title>Visite priv\u00e9e de S\u00e9ville - V\u00e9hicule de luxe priv\u00e9 avec chauffeur et guide touristique<\/title>\n<meta name=\"description\" content=\"Visite priv\u00e9e de S\u00e9ville. Apprenez \u00e0 conna\u00eetre le meilleur de S\u00e9ville aux c\u00f4t\u00e9s de votre guide officiel priv\u00e9 et confortablement dans un v\u00e9hicule de luxe avec chauffeur.\" \/>\n<meta name=\"robots\" content=\"index, follow, max-snippet:-1, max-image-preview:large, max-video-preview:-1\" \/>\n<link rel=\"canonical\" href=\"https:\/\/tourtravelandmore.com\/fr\/tours\/espagne-fr\/seville-fr\/private-sightseeing-tours-fr-23\/visite-privee-de-seville\/\" \/>\n<meta property=\"og:locale\" content=\"fr_FR\" \/>\n<meta property=\"og:type\" content=\"article\" \/>\n<meta property=\"og:title\" content=\"Visite priv\u00e9e de S\u00e9ville\" \/>\n<meta property=\"og:description\" content=\"Visite priv\u00e9e de S\u00e9ville. Apprenez \u00e0 conna\u00eetre le meilleur de S\u00e9ville aux c\u00f4t\u00e9s de votre guide officiel priv\u00e9 et confortablement dans un v\u00e9hicule de luxe avec chauffeur.\" \/>\n<meta property=\"og:url\" content=\"https:\/\/tourtravelandmore.com\/fr\/tours\/espagne-fr\/seville-fr\/private-sightseeing-tours-fr-23\/visite-privee-de-seville\/\" \/>\n<meta property=\"og:site_name\" content=\"Tour Travel And More\" \/>\n<meta property=\"article:publisher\" content=\"https:\/\/www.facebook.com\/tourtravelandmore\/\" \/>\n<meta property=\"article:modified_time\" content=\"2023-03-15T18:33:42+00:00\" \/>\n<meta property=\"og:image\" content=\"https:\/\/tourtravelandmore.com\/wp-content\/uploads\/2016\/03\/plaza-espa\u00f1a-sevilla.jpg\" \/>\n\t<meta property=\"og:image:width\" content=\"1024\" \/>\n\t<meta property=\"og:image:height\" content=\"681\" \/>\n\t<meta property=\"og:image:type\" content=\"image\/jpeg\" \/>\n<meta name=\"twitter:card\" content=\"summary_large_image\" \/>\n<meta name=\"twitter:site\" content=\"@TourTravel_More\" \/>\n<meta name=\"twitter:label1\" content=\"Dur\u00e9e de lecture estim\u00e9e\" \/>\n\t<meta name=\"twitter:data1\" content=\"2 minutes\" \/>\n<script type=\"application\/ld+json\" class=\"yoast-schema-graph\">{\"@context\":\"https:\/\/schema.org\",\"@graph\":[{\"@type\":\"WebPage\",\"@id\":\"https:\/\/tourtravelandmore.com\/fr\/tours\/espagne-fr\/seville-fr\/private-sightseeing-tours-fr-23\/visite-privee-de-seville\/\",\"url\":\"https:\/\/tourtravelandmore.com\/fr\/tours\/espagne-fr\/seville-fr\/private-sightseeing-tours-fr-23\/visite-privee-de-seville\/\",\"name\":\"Visite priv\u00e9e de S\u00e9ville - V\u00e9hicule de luxe priv\u00e9 avec chauffeur et guide touristique\",\"isPartOf\":{\"@id\":\"https:\/\/tourtravelandmore.com\/fr\/#website\"},\"primaryImageOfPage\":{\"@id\":\"https:\/\/tourtravelandmore.com\/fr\/tours\/espagne-fr\/seville-fr\/private-sightseeing-tours-fr-23\/visite-privee-de-seville\/#primaryimage\"},\"image\":{\"@id\":\"https:\/\/tourtravelandmore.com\/fr\/tours\/espagne-fr\/seville-fr\/private-sightseeing-tours-fr-23\/visite-privee-de-seville\/#primaryimage\"},\"thumbnailUrl\":\"https:\/\/tourtravelandmore.com\/wp-content\/uploads\/2016\/03\/plaza-espa\u00f1a-sevilla.jpg\",\"datePublished\":\"2016-03-13T18:06:51+00:00\",\"dateModified\":\"2023-03-15T18:33:42+00:00\",\"description\":\"Visite priv\u00e9e de S\u00e9ville. Apprenez \u00e0 conna\u00eetre le meilleur de S\u00e9ville aux c\u00f4t\u00e9s de votre guide officiel priv\u00e9 et confortablement dans un v\u00e9hicule de luxe avec chauffeur.\",\"breadcrumb\":{\"@id\":\"https:\/\/tourtravelandmore.com\/fr\/tours\/espagne-fr\/seville-fr\/private-sightseeing-tours-fr-23\/visite-privee-de-seville\/#breadcrumb\"},\"inLanguage\":\"fr-FR\",\"potentialAction\":[{\"@type\":\"ReadAction\",\"target\":[\"https:\/\/tourtravelandmore.com\/fr\/tours\/espagne-fr\/seville-fr\/private-sightseeing-tours-fr-23\/visite-privee-de-seville\/\"]}]},{\"@type\":\"ImageObject\",\"inLanguage\":\"fr-FR\",\"@id\":\"https:\/\/tourtravelandmore.com\/fr\/tours\/espagne-fr\/seville-fr\/private-sightseeing-tours-fr-23\/visite-privee-de-seville\/#primaryimage\",\"url\":\"https:\/\/tourtravelandmore.com\/wp-content\/uploads\/2016\/03\/plaza-espa\u00f1a-sevilla.jpg\",\"contentUrl\":\"https:\/\/tourtravelandmore.com\/wp-content\/uploads\/2016\/03\/plaza-espa\u00f1a-sevilla.jpg\",\"width\":1024,\"height\":681,\"caption\":\"SONY DSC\"},{\"@type\":\"BreadcrumbList\",\"@id\":\"https:\/\/tourtravelandmore.com\/fr\/tours\/espagne-fr\/seville-fr\/private-sightseeing-tours-fr-23\/visite-privee-de-seville\/#breadcrumb\",\"itemListElement\":[{\"@type\":\"ListItem\",\"position\":1,\"name\":\"Home\",\"item\":\"https:\/\/tourtravelandmore.com\/fr\/\"},{\"@type\":\"ListItem\",\"position\":2,\"name\":\"Tours\",\"item\":\"https:\/\/tourtravelandmore.com\/fr\/tours\/\"},{\"@type\":\"ListItem\",\"position\":3,\"name\":\"Visite priv\u00e9e de S\u00e9ville\"}]},{\"@type\":\"WebSite\",\"@id\":\"https:\/\/tourtravelandmore.com\/fr\/#website\",\"url\":\"https:\/\/tourtravelandmore.com\/fr\/\",\"name\":\"Tour Travel And More\",\"description\":\"Private sightseeing tours and luxury transfers in Spain\",\"publisher\":{\"@id\":\"https:\/\/tourtravelandmore.com\/fr\/#organization\"},\"potentialAction\":[{\"@type\":\"SearchAction\",\"target\":{\"@type\":\"EntryPoint\",\"urlTemplate\":\"https:\/\/tourtravelandmore.com\/fr\/?s={search_term_string}\"},\"query-input\":{\"@type\":\"PropertyValueSpecification\",\"valueRequired\":true,\"valueName\":\"search_term_string\"}}],\"inLanguage\":\"fr-FR\"},{\"@type\":\"Organization\",\"@id\":\"https:\/\/tourtravelandmore.com\/fr\/#organization\",\"name\":\"Tour Travel And More\",\"url\":\"https:\/\/tourtravelandmore.com\/fr\/\",\"logo\":{\"@type\":\"ImageObject\",\"inLanguage\":\"fr-FR\",\"@id\":\"https:\/\/tourtravelandmore.com\/fr\/#\/schema\/logo\/image\/\",\"url\":\"https:\/\/tourtravelandmore.com\/wp-content\/uploads\/2022\/12\/cropped-logo-cabecera-new.png\",\"contentUrl\":\"https:\/\/tourtravelandmore.com\/wp-content\/uploads\/2022\/12\/cropped-logo-cabecera-new.png\",\"width\":430,\"height\":61,\"caption\":\"Tour Travel And More\"},\"image\":{\"@id\":\"https:\/\/tourtravelandmore.com\/fr\/#\/schema\/logo\/image\/\"},\"sameAs\":[\"https:\/\/www.facebook.com\/tourtravelandmore\/\",\"https:\/\/x.com\/TourTravel_More\"]}]}<\/script>\n<!-- \/ Yoast SEO Premium plugin. -->","yoast_head_json":{"title":"Visite priv\u00e9e de S\u00e9ville - V\u00e9hicule de luxe priv\u00e9 avec chauffeur et guide touristique","description":"Visite priv\u00e9e de S\u00e9ville. Apprenez \u00e0 conna\u00eetre le meilleur de S\u00e9ville aux c\u00f4t\u00e9s de votre guide officiel priv\u00e9 et confortablement dans un v\u00e9hicule de luxe avec chauffeur.","robots":{"index":"index","follow":"follow","max-snippet":"max-snippet:-1","max-image-preview":"max-image-preview:large","max-video-preview":"max-video-preview:-1"},"canonical":"https:\/\/tourtravelandmore.com\/fr\/tours\/espagne-fr\/seville-fr\/private-sightseeing-tours-fr-23\/visite-privee-de-seville\/","og_locale":"fr_FR","og_type":"article","og_title":"Visite priv\u00e9e de S\u00e9ville","og_description":"Visite priv\u00e9e de S\u00e9ville. Apprenez \u00e0 conna\u00eetre le meilleur de S\u00e9ville aux c\u00f4t\u00e9s de votre guide officiel priv\u00e9 et confortablement dans un v\u00e9hicule de luxe avec chauffeur.","og_url":"https:\/\/tourtravelandmore.com\/fr\/tours\/espagne-fr\/seville-fr\/private-sightseeing-tours-fr-23\/visite-privee-de-seville\/","og_site_name":"Tour Travel And More","article_publisher":"https:\/\/www.facebook.com\/tourtravelandmore\/","article_modified_time":"2023-03-15T18:33:42+00:00","og_image":[{"width":1024,"height":681,"url":"https:\/\/tourtravelandmore.com\/wp-content\/uploads\/2016\/03\/plaza-espa\u00f1a-sevilla.jpg","type":"image\/jpeg"}],"twitter_card":"summary_large_image","twitter_site":"@TourTravel_More","twitter_misc":{"Dur\u00e9e de lecture estim\u00e9e":"2 minutes"},"schema":{"@context":"https:\/\/schema.org","@graph":[{"@type":"WebPage","@id":"https:\/\/tourtravelandmore.com\/fr\/tours\/espagne-fr\/seville-fr\/private-sightseeing-tours-fr-23\/visite-privee-de-seville\/","url":"https:\/\/tourtravelandmore.com\/fr\/tours\/espagne-fr\/seville-fr\/private-sightseeing-tours-fr-23\/visite-privee-de-seville\/","name":"Visite priv\u00e9e de S\u00e9ville - V\u00e9hicule de luxe priv\u00e9 avec chauffeur et guide touristique","isPartOf":{"@id":"https:\/\/tourtravelandmore.com\/fr\/#website"},"primaryImageOfPage":{"@id":"https:\/\/tourtravelandmore.com\/fr\/tours\/espagne-fr\/seville-fr\/private-sightseeing-tours-fr-23\/visite-privee-de-seville\/#primaryimage"},"image":{"@id":"https:\/\/tourtravelandmore.com\/fr\/tours\/espagne-fr\/seville-fr\/private-sightseeing-tours-fr-23\/visite-privee-de-seville\/#primaryimage"},"thumbnailUrl":"https:\/\/tourtravelandmore.com\/wp-content\/uploads\/2016\/03\/plaza-espa\u00f1a-sevilla.jpg","datePublished":"2016-03-13T18:06:51+00:00","dateModified":"2023-03-15T18:33:42+00:00","description":"Visite priv\u00e9e de S\u00e9ville. Apprenez \u00e0 conna\u00eetre le meilleur de S\u00e9ville aux c\u00f4t\u00e9s de votre guide officiel priv\u00e9 et confortablement dans un v\u00e9hicule de luxe avec chauffeur.","breadcrumb":{"@id":"https:\/\/tourtravelandmore.com\/fr\/tours\/espagne-fr\/seville-fr\/private-sightseeing-tours-fr-23\/visite-privee-de-seville\/#breadcrumb"},"inLanguage":"fr-FR","potentialAction":[{"@type":"ReadAction","target":["https:\/\/tourtravelandmore.com\/fr\/tours\/espagne-fr\/seville-fr\/private-sightseeing-tours-fr-23\/visite-privee-de-seville\/"]}]},{"@type":"ImageObject","inLanguage":"fr-FR","@id":"https:\/\/tourtravelandmore.com\/fr\/tours\/espagne-fr\/seville-fr\/private-sightseeing-tours-fr-23\/visite-privee-de-seville\/#primaryimage","url":"https:\/\/tourtravelandmore.com\/wp-content\/uploads\/2016\/03\/plaza-espa\u00f1a-sevilla.jpg","contentUrl":"https:\/\/tourtravelandmore.com\/wp-content\/uploads\/2016\/03\/plaza-espa\u00f1a-sevilla.jpg","width":1024,"height":681,"caption":"SONY DSC"},{"@type":"BreadcrumbList","@id":"https:\/\/tourtravelandmore.com\/fr\/tours\/espagne-fr\/seville-fr\/private-sightseeing-tours-fr-23\/visite-privee-de-seville\/#breadcrumb","itemListElement":[{"@type":"ListItem","position":1,"name":"Home","item":"https:\/\/tourtravelandmore.com\/fr\/"},{"@type":"ListItem","position":2,"name":"Tours","item":"https:\/\/tourtravelandmore.com\/fr\/tours\/"},{"@type":"ListItem","position":3,"name":"Visite priv\u00e9e de S\u00e9ville"}]},{"@type":"WebSite","@id":"https:\/\/tourtravelandmore.com\/fr\/#website","url":"https:\/\/tourtravelandmore.com\/fr\/","name":"Tour Travel And More","description":"Private sightseeing tours and luxury transfers in Spain","publisher":{"@id":"https:\/\/tourtravelandmore.com\/fr\/#organization"},"potentialAction":[{"@type":"SearchAction","target":{"@type":"EntryPoint","urlTemplate":"https:\/\/tourtravelandmore.com\/fr\/?s={search_term_string}"},"query-input":{"@type":"PropertyValueSpecification","valueRequired":true,"valueName":"search_term_string"}}],"inLanguage":"fr-FR"},{"@type":"Organization","@id":"https:\/\/tourtravelandmore.com\/fr\/#organization","name":"Tour Travel And More","url":"https:\/\/tourtravelandmore.com\/fr\/","logo":{"@type":"ImageObject","inLanguage":"fr-FR","@id":"https:\/\/tourtravelandmore.com\/fr\/#\/schema\/logo\/image\/","url":"https:\/\/tourtravelandmore.com\/wp-content\/uploads\/2022\/12\/cropped-logo-cabecera-new.png","contentUrl":"https:\/\/tourtravelandmore.com\/wp-content\/uploads\/2022\/12\/cropped-logo-cabecera-new.png","width":430,"height":61,"caption":"Tour Travel And More"},"image":{"@id":"https:\/\/tourtravelandmore.com\/fr\/#\/schema\/logo\/image\/"},"sameAs":["https:\/\/www.facebook.com\/tourtravelandmore\/","https:\/\/x.com\/TourTravel_More"]}]}},"_links":{"self":[{"href":"https:\/\/tourtravelandmore.com\/fr\/wp-json\/wp\/v2\/product\/100864","targetHints":{"allow":["GET"]}}],"collection":[{"href":"https:\/\/tourtravelandmore.com\/fr\/wp-json\/wp\/v2\/product"}],"about":[{"href":"https:\/\/tourtravelandmore.com\/fr\/wp-json\/wp\/v2\/types\/product"}],"replies":[{"embeddable":true,"href":"https:\/\/tourtravelandmore.com\/fr\/wp-json\/wp\/v2\/comments?post=100864"}],"wp:featuredmedia":[{"embeddable":true,"href":"https:\/\/tourtravelandmore.com\/fr\/wp-json\/wp\/v2\/media\/94513"}],"wp:attachment":[{"href":"https:\/\/tourtravelandmore.com\/fr\/wp-json\/wp\/v2\/media?parent=100864"}],"wp:term":[{"taxonomy":"product_brand","embeddable":true,"href":"https:\/\/tourtravelandmore.com\/fr\/wp-json\/wp\/v2\/product_brand?post=100864"},{"taxonomy":"product_cat","embeddable":true,"href":"https:\/\/tourtravelandmore.com\/fr\/wp-json\/wp\/v2\/product_cat?post=100864"},{"taxonomy":"product_tag","embeddable":true,"href":"https:\/\/tourtravelandmore.com\/fr\/wp-json\/wp\/v2\/product_tag?post=100864"}],"curies":[{"name":"wp","href":"https:\/\/api.w.org\/{rel}","templated":true}]}}