{"id":100854,"date":"2016-11-07T19:15:50","date_gmt":"2016-11-07T18:15:50","guid":{"rendered":"https:\/\/tourtravelandmore.com\/tours\/non%20class\u00e9\/visite-privee-a-pied-de-valence\/"},"modified":"2022-02-21T19:43:16","modified_gmt":"2022-02-21T18:43:16","slug":"visite-privee-a-pied-de-valence","status":"publish","type":"product","link":"https:\/\/tourtravelandmore.com\/fr\/tours\/espagne-fr\/valencia-fr\/toutes-les-visites-et-activites-privees-valencia-fr-espagne-fr\/visite-privee-a-pied-de-valence\/","title":{"rendered":"Visite priv\u00e9e \u00e0 pied du centre de Valence"},"content":{"rendered":"<h2><b>Description de la visite priv\u00e9e \u00e0 pied de Valence<\/b><\/h2>\n<p><span style=\"font-weight: 400;\">D\u00e9couvrez chaque recoin de la capitale valencienne et vivez une exp\u00e9rience inoubliable lors de notre <\/span><b>visite priv\u00e9e \u00e0 pied de Valence<\/b><span style=\"font-weight: 400;\">.\u00a0<\/span><\/p>\n<p><b>Cette visite vous permettra de conna\u00eetre le centre historique de la ville sous un <\/b><span style=\"font-weight: 400;\">angle diff\u00e9rent, puisque vous serez accompagn\u00e9 d&#8217;un guide priv\u00e9 qui sera charg\u00e9 de vous donner les informations les plus pertinentes sur chaque point d&#8217;int\u00e9r\u00eat que vous visiterez.\u00a0<\/span><\/p>\n<p><span style=\"font-weight: 400;\">Il ne s&#8217;agit pas d&#8217;une excursion comme les autres. En fait, <\/span><b>vous explorerez le patrimoine architectural <\/b><span style=\"font-weight: 400;\">de Valence, o\u00f9 vous appr\u00e9cierez les anciens vestiges laiss\u00e9s par l&#8217;Empire romain.\u00a0<\/span><\/p>\n<p><span style=\"font-weight: 400;\">Vous d\u00e9couvrirez \u00e9galement les \u0153uvres contemporaines et les b\u00e2timents les plus marquants de la ville qui est connue comme le berceau de la paella espagnole.\u00a0<\/span><\/p>\n<p><span style=\"font-weight: 400;\">Il s&#8217;agit d&#8217;une <\/span><b>visite de 3 heures au cours de laquelle vous <\/b><span style=\"font-weight: 400;\">verrez de pr\u00e8s la cath\u00e9drale de Valence, le Miguelete, La Lonja de la Seda, parmi de nombreux autres b\u00e2timents et monuments d&#8217;une incroyable valeur architecturale et culturelle.\u00a0<\/span><\/p>\n<p><span style=\"font-weight: 400;\">Vous aurez \u00e9galement l&#8217;occasion d&#8217;explorer \u00e0 loisir l&#8217;\u00e9glise San Nicol\u00e1s de Bari, plus connue sous le nom de &#8220;chapelle Sixtine de Valence&#8221;.\u00a0<\/span><\/p>\n<p><span style=\"font-weight: 400;\">Vous pouvez <\/span><b>arranger avec le guide le point de rencontre <\/b><span style=\"font-weight: 400;\">dans un endroit central de la ville, afin que vous soyez le plus \u00e0 l&#8217;aise possible pendant toute l&#8217;excursion.\u00a0<\/span><\/p>\n<h2><b>Points d&#8217;int\u00e9r\u00eat de la visite priv\u00e9e<\/b><\/h2>\n<p><span style=\"font-weight: 400;\">Cette visite priv\u00e9e \u00e0 pied de Valence est pr\u00e9vue pour \u00e9viter les foules et pour que vous puissiez explorer \u00e0 votre guise le centre historique de la ville, ainsi que les monuments et b\u00e2timents les plus importants et les plus repr\u00e9sentatifs.\u00a0<\/span><\/p>\n<p><span style=\"font-weight: 400;\">Nous commencerons \u00e0 l&#8217;heure que vous indiquerez et \u00e0 l&#8217;endroit qui vous convient le mieux. De l\u00e0, nous commencerons la visite guid\u00e9e \u00e0 travers les points d&#8217;int\u00e9r\u00eat suivants :\u00a0<\/span><\/p>\n<h3><span style=\"color: #d3af37;\"><b>Plaza de la Virgen\u00a0<\/b><\/span><\/h3>\n<p><span style=\"font-weight: 400;\">Au c\u0153ur de Valence se trouve la Plaza de la Virgen. Selon les historiens, c&#8217;est ici que la construction de la ville a commenc\u00e9.\u00a0<\/span><\/p>\n<p><span style=\"font-weight: 400;\">Autour d&#8217;elle se trouvent certains des b\u00e2timents les plus embl\u00e9matiques de la ville, comme la cath\u00e9drale de Valence, le palais de la Generalitat et l&#8217;\u00e9glise de la Virgen de los Desamparados.\u00a0<\/span><\/p>\n<p><span style=\"font-weight: 400;\">Sur cette place est c\u00e9l\u00e9br\u00e9e une tradition vieille de plus d&#8217;un mill\u00e9naire : le Tribunal des eaux. En outre, la Plaza de la Virgen accueille chaque ann\u00e9e la c\u00e9l\u00e8bre f\u00eate de Las Fallas, qui a \u00e9t\u00e9 reconnue par l&#8217;UNESCO comme patrimoine culturel de l&#8217;humanit\u00e9.\u00a0<\/span><\/p>\n<p><span style=\"font-weight: 400;\">L&#8217;ensemble de la visite sera accompagn\u00e9 d&#8217;un guide priv\u00e9, qui n&#8217;omettra aucune information d&#8217;int\u00e9r\u00eat sur ce lieu majestueux.\u00a0<\/span><\/p>\n<h3><span style=\"color: #d3af37;\"><b>L&#8217;\u00e9glise de Saint-Nicolas de Bari\u00a0<\/b><\/span><\/h3>\n<p><span style=\"font-weight: 400;\">La caract\u00e9ristique la plus frappante de cette \u00e9glise sont les fresques qui ornent ses plafonds, qui ont \u00e9t\u00e9 peintes par l&#8217;artiste baroque Dion\u00eds Vidal, n\u00e9 \u00e0 Valence.\u00a0<\/span><\/p>\n<p><span style=\"font-weight: 400;\">En outre, le b\u00e2timent a une forte influence gothique qui se marie tr\u00e8s bien avec l&#8217;art baroque.\u00a0<\/span><\/p>\n<p><span style=\"font-weight: 400;\">Sa construction a commenc\u00e9 par les Romains en 138 avant J.-C., mais les diff\u00e9rentes conqu\u00eates au cours de l&#8217;histoire ont h\u00e9rit\u00e9 de nombreuses caract\u00e9ristiques musulmanes et catholiques.\u00a0<\/span><\/p>\n<p><span style=\"font-weight: 400;\">Cette visite vous permettra d&#8217;admirer de pr\u00e8s cette imposante construction, car elle comprend une entr\u00e9e exclusive dans le b\u00e2timent.\u00a0<\/span><\/p>\n<h3><span style=\"color: #d3af37;\"><b>La cath\u00e9drale de Valence, El Miguelete et le Saint Calice<\/b><\/span><\/h3>\n<p><span style=\"font-weight: 400;\">La cath\u00e9drale de Valence est un incontournable de cette visite. Le guide priv\u00e9 vous emm\u00e8nera sur le site o\u00f9 se trouve le Saint Calice et vous d\u00e9couvrirez \u00e9galement le clocher &#8220;El Miguelete&#8221;.\u00a0<\/span><\/p>\n<p><span style=\"font-weight: 400;\">La cath\u00e9drale abrite \u00e9galement une grande collection d&#8217;\u0153uvres d&#8217;art et divers tr\u00e9sors historiques de la chr\u00e9tient\u00e9, qui m\u00e9ritent d&#8217;\u00eatre admir\u00e9s.\u00a0<\/span><\/p>\n<p><span style=\"font-weight: 400;\">En outre, notre guide officiel sera \u00e0 votre disposition pour vous emmener vers d&#8217;autres points d&#8217;int\u00e9r\u00eat, comme par exemple :\u00a0<\/span><\/p>\n<ul>\n<li><b>Tours Serranos<\/b><\/li>\n<li><b>La Lonja de la Seda ou La Lonja de los Mercaderes (Bourse de la soie ou Bourse des marchands)<\/b><\/li>\n<li><b>Santa Catalina<\/b><\/li>\n<li><b>Le march\u00e9 central de Valence<\/b><\/li>\n<li><b>Rue Caballeros<\/b><\/li>\n<li><b>La Plaza Redonda et bien d&#8217;autres points encore.\u00a0<\/b><\/li>\n<\/ul>\n<p><span style=\"font-weight: 400;\">Il s&#8217;agira de 3 heures intenses de grande excitation pour l&#8217;histoire et les lieux incroyables de Valence. Tout est con\u00e7u pour que vous ne manquiez aucun site historique de Valence.\u00a0<\/span><\/p>\n<p><span style=\"font-weight: 400;\">En guise de recommandation suppl\u00e9mentaire, vous pouvez envisager de faire une <\/span><b>visite priv\u00e9e de Xativa depuis Valence <\/b><span style=\"font-weight: 400;\">pour compl\u00e9ter votre visite de la r\u00e9gion de Valence.<\/span><\/p>\n","protected":false},"excerpt":{"rendered":"<p><span style=\"font-weight: 400;\">Voulez-vous conna\u00eetre la ville de Valence d&#8217;une mani\u00e8re unique et exclusive ? Cette visite priv\u00e9e \u00e0 pied de Valence est une occasion unique d&#8217;explorer de pr\u00e8s les lieux les plus remarquables de cette ville. Lors de cette visite, vous serez accompagn\u00e9 d&#8217;un guide officiel pour d\u00e9couvrir tous les faits historiques et culturels qui ont fait de cette ville impressionnante l&#8217;une des plus visit\u00e9es d&#8217;Europe.<\/span><\/p>\n","protected":false},"featured_media":119271,"comment_status":"open","ping_status":"closed","template":"","meta":{"_acf_changed":false},"product_brand":[],"product_cat":[3674,4077,4080],"product_tag":[],"class_list":{"0":"post-100854","1":"product","2":"type-product","3":"status-publish","4":"has-post-thumbnail","6":"product_cat-valencia-fr","7":"product_cat-toutes-les-visites-et-activites-privees-valencia-fr-espagne-fr","8":"product_cat-visites-a-pied-privees-valencia-fr-espagne-fr","10":"first","11":"instock","12":"shipping-taxable","13":"purchasable","14":"product-type-simple"},"acf":[],"yoast_head":"<!-- This site is optimized with the Yoast SEO Premium plugin v25.3.1 (Yoast SEO v25.3.1) - https:\/\/yoast.com\/wordpress\/plugins\/seo\/ -->\n<title>Visite priv\u00e9e \u00e0 pied de Valence avec guide priv\u00e9 inclus<\/title>\n<meta name=\"description\" content=\"Explorez les monuments et b\u00e2timents les plus attrayants de Valence de mani\u00e8re personnalis\u00e9e lors d&#039;une visite \u00e0 pied priv\u00e9e accompagn\u00e9e d&#039;un guide expert en histoire, art et culture.\" \/>\n<meta name=\"robots\" content=\"index, follow, max-snippet:-1, max-image-preview:large, max-video-preview:-1\" \/>\n<link rel=\"canonical\" href=\"https:\/\/tourtravelandmore.com\/fr\/tours\/espagne-fr\/valencia-fr\/toutes-les-visites-et-activites-privees-valencia-fr-espagne-fr\/visite-privee-a-pied-de-valence\/\" \/>\n<meta property=\"og:locale\" content=\"fr_FR\" \/>\n<meta property=\"og:type\" content=\"article\" \/>\n<meta property=\"og:title\" content=\"Visite priv\u00e9e \u00e0 pied du centre de Valence\" \/>\n<meta property=\"og:description\" content=\"Explorez les monuments et b\u00e2timents les plus attrayants de Valence de mani\u00e8re personnalis\u00e9e lors d&#039;une visite \u00e0 pied priv\u00e9e accompagn\u00e9e d&#039;un guide expert en histoire, art et culture.\" \/>\n<meta property=\"og:url\" content=\"https:\/\/tourtravelandmore.com\/fr\/tours\/espagne-fr\/valencia-fr\/toutes-les-visites-et-activites-privees-valencia-fr-espagne-fr\/visite-privee-a-pied-de-valence\/\" \/>\n<meta property=\"og:site_name\" content=\"Tour Travel And More\" \/>\n<meta property=\"article:publisher\" content=\"https:\/\/www.facebook.com\/tourtravelandmore\/\" \/>\n<meta property=\"article:modified_time\" content=\"2022-02-21T18:43:16+00:00\" \/>\n<meta property=\"og:image\" content=\"https:\/\/tourtravelandmore.com\/wp-content\/uploads\/2016\/11\/Untitled-design-1.jpg\" \/>\n\t<meta property=\"og:image:width\" content=\"900\" \/>\n\t<meta property=\"og:image:height\" content=\"600\" \/>\n\t<meta property=\"og:image:type\" content=\"image\/jpeg\" \/>\n<meta name=\"twitter:card\" content=\"summary_large_image\" \/>\n<meta name=\"twitter:site\" content=\"@TourTravel_More\" \/>\n<meta name=\"twitter:label1\" content=\"Dur\u00e9e de lecture estim\u00e9e\" \/>\n\t<meta name=\"twitter:data1\" content=\"4 minutes\" \/>\n<script type=\"application\/ld+json\" class=\"yoast-schema-graph\">{\"@context\":\"https:\/\/schema.org\",\"@graph\":[{\"@type\":\"WebPage\",\"@id\":\"https:\/\/tourtravelandmore.com\/fr\/tours\/espagne-fr\/valencia-fr\/toutes-les-visites-et-activites-privees-valencia-fr-espagne-fr\/visite-privee-a-pied-de-valence\/\",\"url\":\"https:\/\/tourtravelandmore.com\/fr\/tours\/espagne-fr\/valencia-fr\/toutes-les-visites-et-activites-privees-valencia-fr-espagne-fr\/visite-privee-a-pied-de-valence\/\",\"name\":\"Visite priv\u00e9e \u00e0 pied de Valence avec guide priv\u00e9 inclus\",\"isPartOf\":{\"@id\":\"https:\/\/tourtravelandmore.com\/fr\/#website\"},\"primaryImageOfPage\":{\"@id\":\"https:\/\/tourtravelandmore.com\/fr\/tours\/espagne-fr\/valencia-fr\/toutes-les-visites-et-activites-privees-valencia-fr-espagne-fr\/visite-privee-a-pied-de-valence\/#primaryimage\"},\"image\":{\"@id\":\"https:\/\/tourtravelandmore.com\/fr\/tours\/espagne-fr\/valencia-fr\/toutes-les-visites-et-activites-privees-valencia-fr-espagne-fr\/visite-privee-a-pied-de-valence\/#primaryimage\"},\"thumbnailUrl\":\"https:\/\/tourtravelandmore.com\/wp-content\/uploads\/2016\/11\/Untitled-design-1.jpg\",\"datePublished\":\"2016-11-07T18:15:50+00:00\",\"dateModified\":\"2022-02-21T18:43:16+00:00\",\"description\":\"Explorez les monuments et b\u00e2timents les plus attrayants de Valence de mani\u00e8re personnalis\u00e9e lors d'une visite \u00e0 pied priv\u00e9e accompagn\u00e9e d'un guide expert en histoire, art et culture.\",\"breadcrumb\":{\"@id\":\"https:\/\/tourtravelandmore.com\/fr\/tours\/espagne-fr\/valencia-fr\/toutes-les-visites-et-activites-privees-valencia-fr-espagne-fr\/visite-privee-a-pied-de-valence\/#breadcrumb\"},\"inLanguage\":\"fr-FR\",\"potentialAction\":[{\"@type\":\"ReadAction\",\"target\":[\"https:\/\/tourtravelandmore.com\/fr\/tours\/espagne-fr\/valencia-fr\/toutes-les-visites-et-activites-privees-valencia-fr-espagne-fr\/visite-privee-a-pied-de-valence\/\"]}]},{\"@type\":\"ImageObject\",\"inLanguage\":\"fr-FR\",\"@id\":\"https:\/\/tourtravelandmore.com\/fr\/tours\/espagne-fr\/valencia-fr\/toutes-les-visites-et-activites-privees-valencia-fr-espagne-fr\/visite-privee-a-pied-de-valence\/#primaryimage\",\"url\":\"https:\/\/tourtravelandmore.com\/wp-content\/uploads\/2016\/11\/Untitled-design-1.jpg\",\"contentUrl\":\"https:\/\/tourtravelandmore.com\/wp-content\/uploads\/2016\/11\/Untitled-design-1.jpg\",\"width\":900,\"height\":600},{\"@type\":\"BreadcrumbList\",\"@id\":\"https:\/\/tourtravelandmore.com\/fr\/tours\/espagne-fr\/valencia-fr\/toutes-les-visites-et-activites-privees-valencia-fr-espagne-fr\/visite-privee-a-pied-de-valence\/#breadcrumb\",\"itemListElement\":[{\"@type\":\"ListItem\",\"position\":1,\"name\":\"Home\",\"item\":\"https:\/\/tourtravelandmore.com\/fr\/\"},{\"@type\":\"ListItem\",\"position\":2,\"name\":\"Tours\",\"item\":\"https:\/\/tourtravelandmore.com\/fr\/tours\/\"},{\"@type\":\"ListItem\",\"position\":3,\"name\":\"Visite priv\u00e9e \u00e0 pied du centre de Valence\"}]},{\"@type\":\"WebSite\",\"@id\":\"https:\/\/tourtravelandmore.com\/fr\/#website\",\"url\":\"https:\/\/tourtravelandmore.com\/fr\/\",\"name\":\"Tour Travel And More\",\"description\":\"Private sightseeing tours and luxury transfers in Spain\",\"publisher\":{\"@id\":\"https:\/\/tourtravelandmore.com\/fr\/#organization\"},\"potentialAction\":[{\"@type\":\"SearchAction\",\"target\":{\"@type\":\"EntryPoint\",\"urlTemplate\":\"https:\/\/tourtravelandmore.com\/fr\/?s={search_term_string}\"},\"query-input\":{\"@type\":\"PropertyValueSpecification\",\"valueRequired\":true,\"valueName\":\"search_term_string\"}}],\"inLanguage\":\"fr-FR\"},{\"@type\":\"Organization\",\"@id\":\"https:\/\/tourtravelandmore.com\/fr\/#organization\",\"name\":\"Tour Travel And More\",\"url\":\"https:\/\/tourtravelandmore.com\/fr\/\",\"logo\":{\"@type\":\"ImageObject\",\"inLanguage\":\"fr-FR\",\"@id\":\"https:\/\/tourtravelandmore.com\/fr\/#\/schema\/logo\/image\/\",\"url\":\"https:\/\/tourtravelandmore.com\/wp-content\/uploads\/2022\/12\/cropped-logo-cabecera-new.png\",\"contentUrl\":\"https:\/\/tourtravelandmore.com\/wp-content\/uploads\/2022\/12\/cropped-logo-cabecera-new.png\",\"width\":430,\"height\":61,\"caption\":\"Tour Travel And More\"},\"image\":{\"@id\":\"https:\/\/tourtravelandmore.com\/fr\/#\/schema\/logo\/image\/\"},\"sameAs\":[\"https:\/\/www.facebook.com\/tourtravelandmore\/\",\"https:\/\/x.com\/TourTravel_More\"]}]}<\/script>\n<!-- \/ Yoast SEO Premium plugin. -->","yoast_head_json":{"title":"Visite priv\u00e9e \u00e0 pied de Valence avec guide priv\u00e9 inclus","description":"Explorez les monuments et b\u00e2timents les plus attrayants de Valence de mani\u00e8re personnalis\u00e9e lors d'une visite \u00e0 pied priv\u00e9e accompagn\u00e9e d'un guide expert en histoire, art et culture.","robots":{"index":"index","follow":"follow","max-snippet":"max-snippet:-1","max-image-preview":"max-image-preview:large","max-video-preview":"max-video-preview:-1"},"canonical":"https:\/\/tourtravelandmore.com\/fr\/tours\/espagne-fr\/valencia-fr\/toutes-les-visites-et-activites-privees-valencia-fr-espagne-fr\/visite-privee-a-pied-de-valence\/","og_locale":"fr_FR","og_type":"article","og_title":"Visite priv\u00e9e \u00e0 pied du centre de Valence","og_description":"Explorez les monuments et b\u00e2timents les plus attrayants de Valence de mani\u00e8re personnalis\u00e9e lors d'une visite \u00e0 pied priv\u00e9e accompagn\u00e9e d'un guide expert en histoire, art et culture.","og_url":"https:\/\/tourtravelandmore.com\/fr\/tours\/espagne-fr\/valencia-fr\/toutes-les-visites-et-activites-privees-valencia-fr-espagne-fr\/visite-privee-a-pied-de-valence\/","og_site_name":"Tour Travel And More","article_publisher":"https:\/\/www.facebook.com\/tourtravelandmore\/","article_modified_time":"2022-02-21T18:43:16+00:00","og_image":[{"width":900,"height":600,"url":"https:\/\/tourtravelandmore.com\/wp-content\/uploads\/2016\/11\/Untitled-design-1.jpg","type":"image\/jpeg"}],"twitter_card":"summary_large_image","twitter_site":"@TourTravel_More","twitter_misc":{"Dur\u00e9e de lecture estim\u00e9e":"4 minutes"},"schema":{"@context":"https:\/\/schema.org","@graph":[{"@type":"WebPage","@id":"https:\/\/tourtravelandmore.com\/fr\/tours\/espagne-fr\/valencia-fr\/toutes-les-visites-et-activites-privees-valencia-fr-espagne-fr\/visite-privee-a-pied-de-valence\/","url":"https:\/\/tourtravelandmore.com\/fr\/tours\/espagne-fr\/valencia-fr\/toutes-les-visites-et-activites-privees-valencia-fr-espagne-fr\/visite-privee-a-pied-de-valence\/","name":"Visite priv\u00e9e \u00e0 pied de Valence avec guide priv\u00e9 inclus","isPartOf":{"@id":"https:\/\/tourtravelandmore.com\/fr\/#website"},"primaryImageOfPage":{"@id":"https:\/\/tourtravelandmore.com\/fr\/tours\/espagne-fr\/valencia-fr\/toutes-les-visites-et-activites-privees-valencia-fr-espagne-fr\/visite-privee-a-pied-de-valence\/#primaryimage"},"image":{"@id":"https:\/\/tourtravelandmore.com\/fr\/tours\/espagne-fr\/valencia-fr\/toutes-les-visites-et-activites-privees-valencia-fr-espagne-fr\/visite-privee-a-pied-de-valence\/#primaryimage"},"thumbnailUrl":"https:\/\/tourtravelandmore.com\/wp-content\/uploads\/2016\/11\/Untitled-design-1.jpg","datePublished":"2016-11-07T18:15:50+00:00","dateModified":"2022-02-21T18:43:16+00:00","description":"Explorez les monuments et b\u00e2timents les plus attrayants de Valence de mani\u00e8re personnalis\u00e9e lors d'une visite \u00e0 pied priv\u00e9e accompagn\u00e9e d'un guide expert en histoire, art et culture.","breadcrumb":{"@id":"https:\/\/tourtravelandmore.com\/fr\/tours\/espagne-fr\/valencia-fr\/toutes-les-visites-et-activites-privees-valencia-fr-espagne-fr\/visite-privee-a-pied-de-valence\/#breadcrumb"},"inLanguage":"fr-FR","potentialAction":[{"@type":"ReadAction","target":["https:\/\/tourtravelandmore.com\/fr\/tours\/espagne-fr\/valencia-fr\/toutes-les-visites-et-activites-privees-valencia-fr-espagne-fr\/visite-privee-a-pied-de-valence\/"]}]},{"@type":"ImageObject","inLanguage":"fr-FR","@id":"https:\/\/tourtravelandmore.com\/fr\/tours\/espagne-fr\/valencia-fr\/toutes-les-visites-et-activites-privees-valencia-fr-espagne-fr\/visite-privee-a-pied-de-valence\/#primaryimage","url":"https:\/\/tourtravelandmore.com\/wp-content\/uploads\/2016\/11\/Untitled-design-1.jpg","contentUrl":"https:\/\/tourtravelandmore.com\/wp-content\/uploads\/2016\/11\/Untitled-design-1.jpg","width":900,"height":600},{"@type":"BreadcrumbList","@id":"https:\/\/tourtravelandmore.com\/fr\/tours\/espagne-fr\/valencia-fr\/toutes-les-visites-et-activites-privees-valencia-fr-espagne-fr\/visite-privee-a-pied-de-valence\/#breadcrumb","itemListElement":[{"@type":"ListItem","position":1,"name":"Home","item":"https:\/\/tourtravelandmore.com\/fr\/"},{"@type":"ListItem","position":2,"name":"Tours","item":"https:\/\/tourtravelandmore.com\/fr\/tours\/"},{"@type":"ListItem","position":3,"name":"Visite priv\u00e9e \u00e0 pied du centre de Valence"}]},{"@type":"WebSite","@id":"https:\/\/tourtravelandmore.com\/fr\/#website","url":"https:\/\/tourtravelandmore.com\/fr\/","name":"Tour Travel And More","description":"Private sightseeing tours and luxury transfers in Spain","publisher":{"@id":"https:\/\/tourtravelandmore.com\/fr\/#organization"},"potentialAction":[{"@type":"SearchAction","target":{"@type":"EntryPoint","urlTemplate":"https:\/\/tourtravelandmore.com\/fr\/?s={search_term_string}"},"query-input":{"@type":"PropertyValueSpecification","valueRequired":true,"valueName":"search_term_string"}}],"inLanguage":"fr-FR"},{"@type":"Organization","@id":"https:\/\/tourtravelandmore.com\/fr\/#organization","name":"Tour Travel And More","url":"https:\/\/tourtravelandmore.com\/fr\/","logo":{"@type":"ImageObject","inLanguage":"fr-FR","@id":"https:\/\/tourtravelandmore.com\/fr\/#\/schema\/logo\/image\/","url":"https:\/\/tourtravelandmore.com\/wp-content\/uploads\/2022\/12\/cropped-logo-cabecera-new.png","contentUrl":"https:\/\/tourtravelandmore.com\/wp-content\/uploads\/2022\/12\/cropped-logo-cabecera-new.png","width":430,"height":61,"caption":"Tour Travel And More"},"image":{"@id":"https:\/\/tourtravelandmore.com\/fr\/#\/schema\/logo\/image\/"},"sameAs":["https:\/\/www.facebook.com\/tourtravelandmore\/","https:\/\/x.com\/TourTravel_More"]}]}},"_links":{"self":[{"href":"https:\/\/tourtravelandmore.com\/fr\/wp-json\/wp\/v2\/product\/100854","targetHints":{"allow":["GET"]}}],"collection":[{"href":"https:\/\/tourtravelandmore.com\/fr\/wp-json\/wp\/v2\/product"}],"about":[{"href":"https:\/\/tourtravelandmore.com\/fr\/wp-json\/wp\/v2\/types\/product"}],"replies":[{"embeddable":true,"href":"https:\/\/tourtravelandmore.com\/fr\/wp-json\/wp\/v2\/comments?post=100854"}],"wp:featuredmedia":[{"embeddable":true,"href":"https:\/\/tourtravelandmore.com\/fr\/wp-json\/wp\/v2\/media\/119271"}],"wp:attachment":[{"href":"https:\/\/tourtravelandmore.com\/fr\/wp-json\/wp\/v2\/media?parent=100854"}],"wp:term":[{"taxonomy":"product_brand","embeddable":true,"href":"https:\/\/tourtravelandmore.com\/fr\/wp-json\/wp\/v2\/product_brand?post=100854"},{"taxonomy":"product_cat","embeddable":true,"href":"https:\/\/tourtravelandmore.com\/fr\/wp-json\/wp\/v2\/product_cat?post=100854"},{"taxonomy":"product_tag","embeddable":true,"href":"https:\/\/tourtravelandmore.com\/fr\/wp-json\/wp\/v2\/product_tag?post=100854"}],"curies":[{"name":"wp","href":"https:\/\/api.w.org\/{rel}","templated":true}]}}