{"id":100849,"date":"2016-11-07T18:54:50","date_gmt":"2016-11-07T17:54:50","guid":{"rendered":"https:\/\/tourtravelandmore.com\/tours\/non%20class\u00e9\/visite-privee-de-valence\/"},"modified":"2022-02-24T19:58:38","modified_gmt":"2022-02-24T18:58:38","slug":"visite-privee-de-valence","status":"publish","type":"product","link":"https:\/\/tourtravelandmore.com\/fr\/tours\/espagne-fr\/valencia-fr\/toutes-les-visites-et-activites-privees-valencia-fr-espagne-fr\/visite-privee-de-valence\/","title":{"rendered":"Visite priv\u00e9e de Valence"},"content":{"rendered":"<h2><b>Description de la Visite priv\u00e9e de Valence<\/b><\/h2>\n<p><span style=\"font-weight: 400;\">Sur les rives du fleuve Turia se trouve la ville monumentale de Valence, qui offre des merveilles infinies \u00e0 d\u00e9couvrir.\u00a0<\/span><\/p>\n<p><span style=\"font-weight: 400;\">Avec notre <\/span><b>visite priv\u00e9e de Valence, <\/b><span style=\"font-weight: 400;\">vous vivrez une exp\u00e9rience inoubliable, car nous vous emm\u00e8nerons dans les lieux les plus attractifs et les plus repr\u00e9sentatifs de cette incroyable r\u00e9gion.\u00a0\u00a0<\/span><\/p>\n<p><span style=\"font-weight: 400;\">Il s&#8217;agit d&#8217;une <\/span><b>visite guid\u00e9e de 4 heures <\/b><span style=\"font-weight: 400;\">pour voir de pr\u00e8s tous les recoins de cette ville splendide. Vous explorerez son port \u00e9nigmatique, les plages m\u00e9diterran\u00e9ennes les plus c\u00e9l\u00e8bres et tous les monuments de grande <\/span><b>valeur historique et culturelle.\u00a0<\/b><\/p>\n<p><span style=\"font-weight: 400;\">Vous traverserez le centre historique de Valence, qui est le plus grand d&#8217;Espagne et pr\u00e9sentez un m\u00e9lange exquis d&#8217;architecture m\u00e9di\u00e9vale et de b\u00e2timents les plus futuristes d&#8217;Europe.\u00a0<\/span><\/p>\n<p><span style=\"font-weight: 400;\">Vous explorerez de pr\u00e8s le Miguelete, les tours Serrano, la Plaza de la Virgen et vous d\u00e9couvrirez tous les secrets du <\/span><b>c\u00e9l\u00e8bre festival des Fallas <\/b><span style=\"font-weight: 400;\">: qui est un patrimoine culturel de l&#8217;humanit\u00e9.\u00a0<\/span><\/p>\n<p><span style=\"font-weight: 400;\">Vous d\u00e9couvrirez \u00e9galement le Tribunal des eaux, une tradition qui est c\u00e9l\u00e9br\u00e9e dans la ville depuis plus de 1 000 ans.\u00a0<\/span><\/p>\n<p><b>Tout au long de la visite, le guide priv\u00e9 vous accompagnera <\/b><span style=\"font-weight: 400;\">et vous donnera toutes les informations les plus importantes sur chaque point d&#8217;int\u00e9r\u00eat, afin que vous puissiez profiter au maximum de chaque minute de l&#8217;excursion.\u00a0<\/span><\/p>\n<p><span style=\"font-weight: 400;\">La visite priv\u00e9e de Valence commence au point de rencontre de votre choix, o\u00f9 <\/span><b>nous viendrons vous chercher dans une voiture confortable avec un chauffeur priv\u00e9, <\/b><span style=\"font-weight: 400;\">afin que vous puissiez visiter les endroits les plus remarquables qui vous surprendront compl\u00e8tement.\u00a0<\/span><\/p>\n<p><span style=\"font-weight: 400;\">\u00c0 la fin de la visite guid\u00e9e de la capitale valencienne, nous vous ram\u00e8nerons au point que vous nous aurez indiqu\u00e9. L&#8217;objectif est que vous profitiez au maximum de votre visite dans la ville de la horchata.\u00a0<\/span><\/p>\n<h2><span style=\"color: #d3af37;\"><b>Points d&#8217;int\u00e9r\u00eat de la visite priv\u00e9e<\/b><\/span><\/h2>\n<p><span style=\"font-weight: 400;\">Chacun des points d&#8217;int\u00e9r\u00eat de Valence que vous verrez au cours de cette visite priv\u00e9e est d&#8217;une grande valeur historique, architecturale et culturelle.\u00a0<\/span><\/p>\n<p><span style=\"font-weight: 400;\">Il vous suffira de prendre votre appareil photo et de vous d\u00e9tendre pour d\u00e9couvrir les lieux les plus embl\u00e9matiques de Valence, par exemple :\u00a0<\/span><\/p>\n<h3><span style=\"color: #d3af37;\"><b>La cath\u00e9drale de Valence et El Miguelete\u00a0<\/b><\/span><\/h3>\n<p><span style=\"font-weight: 400;\">La cath\u00e9drale de Valence, dont le clocher est l&#8217;embl\u00e9matique Miguelete, est l&#8217;une des \u00e9tapes obligatoires de cette visite priv\u00e9e de la capitale valencienne.<\/span><\/p>\n<p><span style=\"font-weight: 400;\">Elle est l&#8217;un des symboles incontournables de la ville et accueille chaque ann\u00e9e des milliers de touristes, qui sont \u00e9merveill\u00e9s par la beaut\u00e9 imposante de la cath\u00e9drale.\u00a0<\/span><\/p>\n<p><span style=\"font-weight: 400;\">Ce b\u00e2timent a commenc\u00e9 \u00e0 \u00eatre \u00e9rig\u00e9 \u00e0 la fin du 13e si\u00e8cle, sur le site d&#8217;une ancienne mosqu\u00e9e. Cependant, il a re\u00e7u de nombreuses retouches \u00e0 sa fa\u00e7ade jusqu&#8217;au milieu du XVIIe si\u00e8cle.\u00a0<\/span><\/p>\n<p><span style=\"font-weight: 400;\">Pour cette raison, sa structure est un m\u00e9lange de diff\u00e9rents styles architecturaux, dans lequel le style gothique pr\u00e9domine.\u00a0<\/span><\/p>\n<p><b>A l&#8217;int\u00e9rieur de la cath\u00e9drale se trouve le joyau du b\u00e2timent : le &#8220;Saint Calice<\/b><span style=\"font-weight: 400;\">&#8220;, qui, selon l&#8217;histoire, a \u00e9t\u00e9 utilis\u00e9 par J\u00e9sus de Nazareth au premier si\u00e8cle de notre \u00e8re pour c\u00e9l\u00e9brer l&#8217;Eucharistie.\u00a0<\/span><\/p>\n<p><span style=\"font-weight: 400;\">L&#8217;UNESCO a d\u00e9clar\u00e9 cette construction monumentale site du patrimoine mondial.\u00a0<\/span><\/p>\n<h3><span style=\"color: #d3af37;\"><b>Le port et les plages m\u00e9diterran\u00e9ennes de Valence<\/b><\/span><\/h3>\n<p><span style=\"font-weight: 400;\">S&#8217;il y a une chose qui distingue Valence, c&#8217;est son splendide port maritime et les plages m\u00e9diterran\u00e9ennes qui l&#8217;entourent.<\/span><\/p>\n<p><span style=\"font-weight: 400;\">Lors de cette visite priv\u00e9e, vous <\/span><b>verrez de pr\u00e8s certaines des plages aux eaux turquoise <\/b><span style=\"font-weight: 400;\">qui bordent la ville et qui sont id\u00e9ales pour se d\u00e9connecter de la routine.\u00a0<\/span><\/p>\n<h3><span style=\"color: #d3af37;\"><b>La Cit\u00e9 des Arts et des Sciences <\/b><\/span><\/h3>\n<p><span style=\"font-weight: 400;\">Il s&#8217;agit d&#8217;un ensemble de b\u00e2timents qui constituent une \u0153uvre architecturale de grande valeur dans toute l&#8217;Europe. Il a \u00e9t\u00e9 con\u00e7u par l&#8217;architecte Santiago Calatrava et constitue une ic\u00f4ne incontournable de la capitale.\u00a0<\/span><\/p>\n<p><span style=\"font-weight: 400;\">Vous d\u00e9couvrirez son incroyable fa\u00e7ade o\u00f9 se trouvent les b\u00e2timents de l&#8217;Oceanogr\u00e1fic, du Museu de les Ci\u00e8ncies, du Palau de les Arts Reina Sof\u00eda, de l&#8217;Hemisf\u00e8ric, entre autres.<\/span><\/p>\n<p><span style=\"color: #d3af37;\"><span style=\"font-weight: 400;\">\u00a0<\/span><b>La Lonja de la Seda<\/b><\/span><\/p>\n<p><span style=\"font-weight: 400;\">La Lonja de la Seda ou march\u00e9 des marchands est situ\u00e9e en face du march\u00e9 central. C&#8217;est l&#8217;un des chefs-d&#8217;\u0153uvre de la Valence gothique et il a perdur\u00e9 dans le temps.\u00a0<\/span><\/p>\n<p><span style=\"font-weight: 400;\">Dans le pass\u00e9, les transactions commerciales de la ville \u00e9taient effectu\u00e9es dans l&#8217;enceinte. Mais en raison de la prosp\u00e9rit\u00e9 croissante de Valence, le b\u00e2timent a d\u00fb \u00eatre agrandi par la suite. Aujourd&#8217;hui, il reste un joyau architectural europ\u00e9en.\u00a0<\/span><\/p>\n<p><span style=\"font-weight: 400;\">Outre tous les points d&#8217;int\u00e9r\u00eat que nous avons d\u00e9j\u00e0 mentionn\u00e9s, vous d\u00e9couvrirez \u00e9galement d&#8217;autres lieux embl\u00e9matiques, comme, par exemple :\u00a0<\/span><\/p>\n<ul>\n<li><b>Tours Serranos<\/b><\/li>\n<li><b>La Plaza de la Virgen\u00a0<\/b><\/li>\n<li><b>Palais de la Generalitat<\/b><\/li>\n<li><b>Santa Catalina<\/b><\/li>\n<li><b>March\u00e9 central<\/b><\/li>\n<li><b>La basilique de la Vierge des Desamparados<\/b><\/li>\n<li><b>Entre autres endroits.\u00a0<\/b><\/li>\n<\/ul>\n<p><span style=\"font-weight: 400;\">Ce sera une balade personnalis\u00e9e et agr\u00e9able pour recueillir des souvenirs inoubliables. \u00c0 la fin de la visite, nous vous ram\u00e8nerons \u00e0 l&#8217;endroit convenu et le plus confortable pour vous.\u00a0<\/span><\/p>\n<p><span style=\"font-weight: 400;\">Si vous voulez que votre visite dans la r\u00e9gion de Valence soit plus agr\u00e9able, nous vous recommandons de faire la <\/span><b>visite priv\u00e9e de l&#8217;Albufera de Valence<\/b><span style=\"font-weight: 400;\">, afin de passer une journ\u00e9e de d\u00e9tente hors du commun. <\/span><\/p>\n","protected":false},"excerpt":{"rendered":"<p><span style=\"font-weight: 400;\">Profitez d&#8217;une mani\u00e8re exclusive de la merveilleuse ville de Valence, mieux connue comme le lieu de naissance de la paella espagnole. Promenez-vous dans ses rues, ses monuments et ses lieux les plus embl\u00e9matiques, tels que la Cit\u00e9 des Arts et des Sciences, le Barrio del Carmen, la Lonja de la Seda, parmi de nombreux autres lieux d&#8217;int\u00e9r\u00eat, lors de cette visite priv\u00e9e de 4 heures en compagnie d&#8217;un guide officiel et avec transfert dans une voiture exclusive.<\/span><\/p>\n","protected":false},"featured_media":119780,"comment_status":"open","ping_status":"closed","template":"","meta":{"_acf_changed":false},"product_brand":[],"product_cat":[3674,4077,4078,4079],"product_tag":[],"class_list":{"0":"post-100849","1":"product","2":"type-product","3":"status-publish","4":"has-post-thumbnail","6":"product_cat-valencia-fr","7":"product_cat-toutes-les-visites-et-activites-privees-valencia-fr-espagne-fr","8":"product_cat-private-sightseeing-tours-fr-70","9":"product_cat-private-day-trips-fr","11":"first","12":"instock","13":"shipping-taxable","14":"purchasable","15":"product-type-simple"},"acf":[],"yoast_head":"<!-- This site is optimized with the Yoast SEO Premium plugin v25.3.1 (Yoast SEO v25.3.1) - https:\/\/yoast.com\/wordpress\/plugins\/seo\/ -->\n<title>Visite priv\u00e9e de Valence en voiture de luxe avec guide inclus<\/title>\n<meta name=\"description\" content=\"Explorez la ville de Valence d&#039;une mani\u00e8re unique et personnalis\u00e9e lors d&#039;une visite priv\u00e9e au cours de laquelle vous disposerez d&#039;un guide officiel et d&#039;une voiture exclusive pour votre transfert\" \/>\n<meta name=\"robots\" content=\"index, follow, max-snippet:-1, max-image-preview:large, max-video-preview:-1\" \/>\n<link rel=\"canonical\" href=\"https:\/\/tourtravelandmore.com\/fr\/tours\/espagne-fr\/valencia-fr\/toutes-les-visites-et-activites-privees-valencia-fr-espagne-fr\/visite-privee-de-valence\/\" \/>\n<meta property=\"og:locale\" content=\"fr_FR\" \/>\n<meta property=\"og:type\" content=\"article\" \/>\n<meta property=\"og:title\" content=\"Visite priv\u00e9e de Valence\" \/>\n<meta property=\"og:description\" content=\"Explorez la ville de Valence d&#039;une mani\u00e8re unique et personnalis\u00e9e lors d&#039;une visite priv\u00e9e au cours de laquelle vous disposerez d&#039;un guide officiel et d&#039;une voiture exclusive pour votre transfert\" \/>\n<meta property=\"og:url\" content=\"https:\/\/tourtravelandmore.com\/fr\/tours\/espagne-fr\/valencia-fr\/toutes-les-visites-et-activites-privees-valencia-fr-espagne-fr\/visite-privee-de-valence\/\" \/>\n<meta property=\"og:site_name\" content=\"Tour Travel And More\" \/>\n<meta property=\"article:publisher\" content=\"https:\/\/www.facebook.com\/tourtravelandmore\/\" \/>\n<meta property=\"article:modified_time\" content=\"2022-02-24T18:58:38+00:00\" \/>\n<meta property=\"og:image\" content=\"https:\/\/tourtravelandmore.com\/wp-content\/uploads\/2022\/02\/reiseuhu-rBzEDEtdHSY-unsplash.jpg\" \/>\n\t<meta property=\"og:image:width\" content=\"1920\" \/>\n\t<meta property=\"og:image:height\" content=\"1440\" \/>\n\t<meta property=\"og:image:type\" content=\"image\/jpeg\" \/>\n<meta name=\"twitter:card\" content=\"summary_large_image\" \/>\n<meta name=\"twitter:site\" content=\"@TourTravel_More\" \/>\n<meta name=\"twitter:label1\" content=\"Dur\u00e9e de lecture estim\u00e9e\" \/>\n\t<meta name=\"twitter:data1\" content=\"4 minutes\" \/>\n<script type=\"application\/ld+json\" class=\"yoast-schema-graph\">{\"@context\":\"https:\/\/schema.org\",\"@graph\":[{\"@type\":\"WebPage\",\"@id\":\"https:\/\/tourtravelandmore.com\/fr\/tours\/espagne-fr\/valencia-fr\/toutes-les-visites-et-activites-privees-valencia-fr-espagne-fr\/visite-privee-de-valence\/\",\"url\":\"https:\/\/tourtravelandmore.com\/fr\/tours\/espagne-fr\/valencia-fr\/toutes-les-visites-et-activites-privees-valencia-fr-espagne-fr\/visite-privee-de-valence\/\",\"name\":\"Visite priv\u00e9e de Valence en voiture de luxe avec guide inclus\",\"isPartOf\":{\"@id\":\"https:\/\/tourtravelandmore.com\/fr\/#website\"},\"primaryImageOfPage\":{\"@id\":\"https:\/\/tourtravelandmore.com\/fr\/tours\/espagne-fr\/valencia-fr\/toutes-les-visites-et-activites-privees-valencia-fr-espagne-fr\/visite-privee-de-valence\/#primaryimage\"},\"image\":{\"@id\":\"https:\/\/tourtravelandmore.com\/fr\/tours\/espagne-fr\/valencia-fr\/toutes-les-visites-et-activites-privees-valencia-fr-espagne-fr\/visite-privee-de-valence\/#primaryimage\"},\"thumbnailUrl\":\"https:\/\/tourtravelandmore.com\/wp-content\/uploads\/2022\/02\/reiseuhu-rBzEDEtdHSY-unsplash.jpg\",\"datePublished\":\"2016-11-07T17:54:50+00:00\",\"dateModified\":\"2022-02-24T18:58:38+00:00\",\"description\":\"Explorez la ville de Valence d'une mani\u00e8re unique et personnalis\u00e9e lors d'une visite priv\u00e9e au cours de laquelle vous disposerez d'un guide officiel et d'une voiture exclusive pour votre transfert\",\"breadcrumb\":{\"@id\":\"https:\/\/tourtravelandmore.com\/fr\/tours\/espagne-fr\/valencia-fr\/toutes-les-visites-et-activites-privees-valencia-fr-espagne-fr\/visite-privee-de-valence\/#breadcrumb\"},\"inLanguage\":\"fr-FR\",\"potentialAction\":[{\"@type\":\"ReadAction\",\"target\":[\"https:\/\/tourtravelandmore.com\/fr\/tours\/espagne-fr\/valencia-fr\/toutes-les-visites-et-activites-privees-valencia-fr-espagne-fr\/visite-privee-de-valence\/\"]}]},{\"@type\":\"ImageObject\",\"inLanguage\":\"fr-FR\",\"@id\":\"https:\/\/tourtravelandmore.com\/fr\/tours\/espagne-fr\/valencia-fr\/toutes-les-visites-et-activites-privees-valencia-fr-espagne-fr\/visite-privee-de-valence\/#primaryimage\",\"url\":\"https:\/\/tourtravelandmore.com\/wp-content\/uploads\/2022\/02\/reiseuhu-rBzEDEtdHSY-unsplash.jpg\",\"contentUrl\":\"https:\/\/tourtravelandmore.com\/wp-content\/uploads\/2022\/02\/reiseuhu-rBzEDEtdHSY-unsplash.jpg\",\"width\":1920,\"height\":1440},{\"@type\":\"BreadcrumbList\",\"@id\":\"https:\/\/tourtravelandmore.com\/fr\/tours\/espagne-fr\/valencia-fr\/toutes-les-visites-et-activites-privees-valencia-fr-espagne-fr\/visite-privee-de-valence\/#breadcrumb\",\"itemListElement\":[{\"@type\":\"ListItem\",\"position\":1,\"name\":\"Home\",\"item\":\"https:\/\/tourtravelandmore.com\/fr\/\"},{\"@type\":\"ListItem\",\"position\":2,\"name\":\"Tours\",\"item\":\"https:\/\/tourtravelandmore.com\/fr\/tours\/\"},{\"@type\":\"ListItem\",\"position\":3,\"name\":\"Visite priv\u00e9e de Valence\"}]},{\"@type\":\"WebSite\",\"@id\":\"https:\/\/tourtravelandmore.com\/fr\/#website\",\"url\":\"https:\/\/tourtravelandmore.com\/fr\/\",\"name\":\"Tour Travel And More\",\"description\":\"Private sightseeing tours and luxury transfers in Spain\",\"publisher\":{\"@id\":\"https:\/\/tourtravelandmore.com\/fr\/#organization\"},\"potentialAction\":[{\"@type\":\"SearchAction\",\"target\":{\"@type\":\"EntryPoint\",\"urlTemplate\":\"https:\/\/tourtravelandmore.com\/fr\/?s={search_term_string}\"},\"query-input\":{\"@type\":\"PropertyValueSpecification\",\"valueRequired\":true,\"valueName\":\"search_term_string\"}}],\"inLanguage\":\"fr-FR\"},{\"@type\":\"Organization\",\"@id\":\"https:\/\/tourtravelandmore.com\/fr\/#organization\",\"name\":\"Tour Travel And More\",\"url\":\"https:\/\/tourtravelandmore.com\/fr\/\",\"logo\":{\"@type\":\"ImageObject\",\"inLanguage\":\"fr-FR\",\"@id\":\"https:\/\/tourtravelandmore.com\/fr\/#\/schema\/logo\/image\/\",\"url\":\"https:\/\/tourtravelandmore.com\/wp-content\/uploads\/2022\/12\/cropped-logo-cabecera-new.png\",\"contentUrl\":\"https:\/\/tourtravelandmore.com\/wp-content\/uploads\/2022\/12\/cropped-logo-cabecera-new.png\",\"width\":430,\"height\":61,\"caption\":\"Tour Travel And More\"},\"image\":{\"@id\":\"https:\/\/tourtravelandmore.com\/fr\/#\/schema\/logo\/image\/\"},\"sameAs\":[\"https:\/\/www.facebook.com\/tourtravelandmore\/\",\"https:\/\/x.com\/TourTravel_More\"]}]}<\/script>\n<!-- \/ Yoast SEO Premium plugin. -->","yoast_head_json":{"title":"Visite priv\u00e9e de Valence en voiture de luxe avec guide inclus","description":"Explorez la ville de Valence d'une mani\u00e8re unique et personnalis\u00e9e lors d'une visite priv\u00e9e au cours de laquelle vous disposerez d'un guide officiel et d'une voiture exclusive pour votre transfert","robots":{"index":"index","follow":"follow","max-snippet":"max-snippet:-1","max-image-preview":"max-image-preview:large","max-video-preview":"max-video-preview:-1"},"canonical":"https:\/\/tourtravelandmore.com\/fr\/tours\/espagne-fr\/valencia-fr\/toutes-les-visites-et-activites-privees-valencia-fr-espagne-fr\/visite-privee-de-valence\/","og_locale":"fr_FR","og_type":"article","og_title":"Visite priv\u00e9e de Valence","og_description":"Explorez la ville de Valence d'une mani\u00e8re unique et personnalis\u00e9e lors d'une visite priv\u00e9e au cours de laquelle vous disposerez d'un guide officiel et d'une voiture exclusive pour votre transfert","og_url":"https:\/\/tourtravelandmore.com\/fr\/tours\/espagne-fr\/valencia-fr\/toutes-les-visites-et-activites-privees-valencia-fr-espagne-fr\/visite-privee-de-valence\/","og_site_name":"Tour Travel And More","article_publisher":"https:\/\/www.facebook.com\/tourtravelandmore\/","article_modified_time":"2022-02-24T18:58:38+00:00","og_image":[{"width":1920,"height":1440,"url":"https:\/\/tourtravelandmore.com\/wp-content\/uploads\/2022\/02\/reiseuhu-rBzEDEtdHSY-unsplash.jpg","type":"image\/jpeg"}],"twitter_card":"summary_large_image","twitter_site":"@TourTravel_More","twitter_misc":{"Dur\u00e9e de lecture estim\u00e9e":"4 minutes"},"schema":{"@context":"https:\/\/schema.org","@graph":[{"@type":"WebPage","@id":"https:\/\/tourtravelandmore.com\/fr\/tours\/espagne-fr\/valencia-fr\/toutes-les-visites-et-activites-privees-valencia-fr-espagne-fr\/visite-privee-de-valence\/","url":"https:\/\/tourtravelandmore.com\/fr\/tours\/espagne-fr\/valencia-fr\/toutes-les-visites-et-activites-privees-valencia-fr-espagne-fr\/visite-privee-de-valence\/","name":"Visite priv\u00e9e de Valence en voiture de luxe avec guide inclus","isPartOf":{"@id":"https:\/\/tourtravelandmore.com\/fr\/#website"},"primaryImageOfPage":{"@id":"https:\/\/tourtravelandmore.com\/fr\/tours\/espagne-fr\/valencia-fr\/toutes-les-visites-et-activites-privees-valencia-fr-espagne-fr\/visite-privee-de-valence\/#primaryimage"},"image":{"@id":"https:\/\/tourtravelandmore.com\/fr\/tours\/espagne-fr\/valencia-fr\/toutes-les-visites-et-activites-privees-valencia-fr-espagne-fr\/visite-privee-de-valence\/#primaryimage"},"thumbnailUrl":"https:\/\/tourtravelandmore.com\/wp-content\/uploads\/2022\/02\/reiseuhu-rBzEDEtdHSY-unsplash.jpg","datePublished":"2016-11-07T17:54:50+00:00","dateModified":"2022-02-24T18:58:38+00:00","description":"Explorez la ville de Valence d'une mani\u00e8re unique et personnalis\u00e9e lors d'une visite priv\u00e9e au cours de laquelle vous disposerez d'un guide officiel et d'une voiture exclusive pour votre transfert","breadcrumb":{"@id":"https:\/\/tourtravelandmore.com\/fr\/tours\/espagne-fr\/valencia-fr\/toutes-les-visites-et-activites-privees-valencia-fr-espagne-fr\/visite-privee-de-valence\/#breadcrumb"},"inLanguage":"fr-FR","potentialAction":[{"@type":"ReadAction","target":["https:\/\/tourtravelandmore.com\/fr\/tours\/espagne-fr\/valencia-fr\/toutes-les-visites-et-activites-privees-valencia-fr-espagne-fr\/visite-privee-de-valence\/"]}]},{"@type":"ImageObject","inLanguage":"fr-FR","@id":"https:\/\/tourtravelandmore.com\/fr\/tours\/espagne-fr\/valencia-fr\/toutes-les-visites-et-activites-privees-valencia-fr-espagne-fr\/visite-privee-de-valence\/#primaryimage","url":"https:\/\/tourtravelandmore.com\/wp-content\/uploads\/2022\/02\/reiseuhu-rBzEDEtdHSY-unsplash.jpg","contentUrl":"https:\/\/tourtravelandmore.com\/wp-content\/uploads\/2022\/02\/reiseuhu-rBzEDEtdHSY-unsplash.jpg","width":1920,"height":1440},{"@type":"BreadcrumbList","@id":"https:\/\/tourtravelandmore.com\/fr\/tours\/espagne-fr\/valencia-fr\/toutes-les-visites-et-activites-privees-valencia-fr-espagne-fr\/visite-privee-de-valence\/#breadcrumb","itemListElement":[{"@type":"ListItem","position":1,"name":"Home","item":"https:\/\/tourtravelandmore.com\/fr\/"},{"@type":"ListItem","position":2,"name":"Tours","item":"https:\/\/tourtravelandmore.com\/fr\/tours\/"},{"@type":"ListItem","position":3,"name":"Visite priv\u00e9e de Valence"}]},{"@type":"WebSite","@id":"https:\/\/tourtravelandmore.com\/fr\/#website","url":"https:\/\/tourtravelandmore.com\/fr\/","name":"Tour Travel And More","description":"Private sightseeing tours and luxury transfers in Spain","publisher":{"@id":"https:\/\/tourtravelandmore.com\/fr\/#organization"},"potentialAction":[{"@type":"SearchAction","target":{"@type":"EntryPoint","urlTemplate":"https:\/\/tourtravelandmore.com\/fr\/?s={search_term_string}"},"query-input":{"@type":"PropertyValueSpecification","valueRequired":true,"valueName":"search_term_string"}}],"inLanguage":"fr-FR"},{"@type":"Organization","@id":"https:\/\/tourtravelandmore.com\/fr\/#organization","name":"Tour Travel And More","url":"https:\/\/tourtravelandmore.com\/fr\/","logo":{"@type":"ImageObject","inLanguage":"fr-FR","@id":"https:\/\/tourtravelandmore.com\/fr\/#\/schema\/logo\/image\/","url":"https:\/\/tourtravelandmore.com\/wp-content\/uploads\/2022\/12\/cropped-logo-cabecera-new.png","contentUrl":"https:\/\/tourtravelandmore.com\/wp-content\/uploads\/2022\/12\/cropped-logo-cabecera-new.png","width":430,"height":61,"caption":"Tour Travel And More"},"image":{"@id":"https:\/\/tourtravelandmore.com\/fr\/#\/schema\/logo\/image\/"},"sameAs":["https:\/\/www.facebook.com\/tourtravelandmore\/","https:\/\/x.com\/TourTravel_More"]}]}},"_links":{"self":[{"href":"https:\/\/tourtravelandmore.com\/fr\/wp-json\/wp\/v2\/product\/100849","targetHints":{"allow":["GET"]}}],"collection":[{"href":"https:\/\/tourtravelandmore.com\/fr\/wp-json\/wp\/v2\/product"}],"about":[{"href":"https:\/\/tourtravelandmore.com\/fr\/wp-json\/wp\/v2\/types\/product"}],"replies":[{"embeddable":true,"href":"https:\/\/tourtravelandmore.com\/fr\/wp-json\/wp\/v2\/comments?post=100849"}],"wp:featuredmedia":[{"embeddable":true,"href":"https:\/\/tourtravelandmore.com\/fr\/wp-json\/wp\/v2\/media\/119780"}],"wp:attachment":[{"href":"https:\/\/tourtravelandmore.com\/fr\/wp-json\/wp\/v2\/media?parent=100849"}],"wp:term":[{"taxonomy":"product_brand","embeddable":true,"href":"https:\/\/tourtravelandmore.com\/fr\/wp-json\/wp\/v2\/product_brand?post=100849"},{"taxonomy":"product_cat","embeddable":true,"href":"https:\/\/tourtravelandmore.com\/fr\/wp-json\/wp\/v2\/product_cat?post=100849"},{"taxonomy":"product_tag","embeddable":true,"href":"https:\/\/tourtravelandmore.com\/fr\/wp-json\/wp\/v2\/product_tag?post=100849"}],"curies":[{"name":"wp","href":"https:\/\/api.w.org\/{rel}","templated":true}]}}