{"id":100827,"date":"2016-11-07T13:32:50","date_gmt":"2016-11-07T12:32:50","guid":{"rendered":"https:\/\/tourtravelandmore.com\/tours\/non%20class\u00e9\/visite-privee-dalicante-au-depart-de-valence\/"},"modified":"2022-02-24T20:34:40","modified_gmt":"2022-02-24T19:34:40","slug":"visite-privee-dalicante-au-depart-de-valence","status":"publish","type":"product","link":"https:\/\/tourtravelandmore.com\/fr\/tours\/espagne-fr\/valencia-fr\/toutes-les-visites-et-activites-privees-valencia-fr-espagne-fr\/visite-privee-dalicante-au-depart-de-valence\/","title":{"rendered":"Visite priv\u00e9e d&#8217;Alicante au d\u00e9part de Valence"},"content":{"rendered":"<h2>Description<\/h2>\n<p>Cette visite priv\u00e9e d&#8217;Alicante au d\u00e9part de Valence est une exp\u00e9rience parfaite d&#8217;une journ\u00e9e pour conna\u00eetre Alicante.<\/p>\n<p>Si vous \u00eates en croisi\u00e8re et que vous \u00e9tiez d\u00e9j\u00e0 all\u00e9 \u00e0 Valence, profitez de cette exp\u00e9rience d&#8217;une journ\u00e9e pour d\u00e9couvrir Alicante. C&#8217;est une visite priv\u00e9e parfaite d&#8217;Alicante au d\u00e9part de Valence pour apprendre les secrets d&#8217;Alicante!<\/p>\n<p>Pour cette visite priv\u00e9e, demandez \u00e0 notre chauffeur priv\u00e9 de venir vous chercher \u00e0 votre h\u00f4tel \u00e0 Valence. La prise en charge priv\u00e9e peut \u00e9galement se faire depuis le port de croisi\u00e8re de Valence. Nous demanderons \u00e0 notre chauffeur priv\u00e9 de vous emmener dans notre v\u00e9hicule de luxe vers Alicante.<\/p>\n<p>Une fois \u00e0 Alicante, vous rencontrerez notre guide officiel priv\u00e9. \u00c0 Alicante, profitez d&#8217;une visite guid\u00e9e priv\u00e9e de 4 heures de la ville. Nous demanderons \u00e0 notre guide priv\u00e9 de vous emmener sur tous les sites importants de la ville.<\/p>\n<h2>Sites d&#8217;int\u00e9r\u00eat et monuments<\/h2>\n<p>Tout d&#8217;abord, nous organiserons une prise en charge confortable avec votre v\u00e9hicule de luxe avec chauffeur. Nous nous dirigerons ensuite vers Alicante. Une fois \u00e0 Alicante, demandez \u00e0 votre guide officiel priv\u00e9 de vous emmener dans la ville.<\/p>\n<p>Nous vous emm\u00e8nerons dans les sites les plus embl\u00e9matiques d&#8217;Alicante.<\/p>\n<p>Vous pourrez profiter entre autres monuments des sites suivants de la ville d&#8217;Alicante:<\/p>\n<ul>\n<li>Ch\u00e2teau de Santa Barbara<\/li>\n<li>Port d&#8217;Alicante<\/li>\n<li>Basilique de Santa Maria<\/li>\n<li>Plaza de Toros Alicante<\/li>\n<li>Baie d&#8217;Alicante<\/li>\n<li>Vue du ch\u00e2teau de Saint Ferdinand<\/li>\n<li>Vue de la Casa Carbonell<\/li>\n<li>Plaza Gabriel Mir\u00f3<\/li>\n<li>Porta de la Mar<\/li>\n<li>Calle San Francisco<\/li>\n<li>Plaza de los Luceros<\/li>\n<li>Playa de la Albufereta<\/li>\n<li>La Rambla<\/li>\n<li>Mercado central de Alicante<\/li>\n<li>Balade en bord de mer \u00e0 l&#8217;Explicanda de Espa\u00f1a<\/li>\n<li>Vue de Tabarca<\/li>\n<li>Concatedral de San Nicolas de Bari<\/li>\n<\/ul>\n<p>Profitez d&#8217;un peu de temps libre pour manger un morceau. Cela peut \u00eatre dans la vieille ville ou pr\u00e8s du port. Une fois termin\u00e9, nous demanderons \u00e0 votre chauffeur priv\u00e9 de vous ramener \u00e0 l&#8217;endroit de votre choix \u00e0 Valence.<\/p>\n<p>D\u00e9couvrez les autres visites priv\u00e9es que nous proposons depuis la ville de Valence.<\/p>\n","protected":false},"excerpt":{"rendered":"<p>Visite priv\u00e9e personnalis\u00e9e d&#8217;Alicante au d\u00e9part de Valence. Profitez de ses monuments et sites les plus importants. Guide officiel et v\u00e9hicule de luxe priv\u00e9.<\/p>\n","protected":false},"featured_media":95819,"comment_status":"open","ping_status":"closed","template":"","meta":{"_acf_changed":false},"product_brand":[],"product_cat":[3674,4077,4078,4079],"product_tag":[],"class_list":{"0":"post-100827","1":"product","2":"type-product","3":"status-publish","4":"has-post-thumbnail","6":"product_cat-valencia-fr","7":"product_cat-toutes-les-visites-et-activites-privees-valencia-fr-espagne-fr","8":"product_cat-private-sightseeing-tours-fr-70","9":"product_cat-private-day-trips-fr","11":"first","12":"instock","13":"shipping-taxable","14":"purchasable","15":"product-type-simple"},"acf":[],"yoast_head":"<!-- This site is optimized with the Yoast SEO Premium plugin v25.3.1 (Yoast SEO v25.3.1) - https:\/\/yoast.com\/wordpress\/plugins\/seo\/ -->\n<title>Visite priv\u00e9e d&#039;Alicante au d\u00e9part de Valence<\/title>\n<meta name=\"description\" content=\"Visite priv\u00e9e personnalis\u00e9e d&#039;Alicante au d\u00e9part de Valence. Profitez de ses monuments et sites les plus importants. Guide officiel et v\u00e9hicule de luxe priv\u00e9.\" \/>\n<meta name=\"robots\" content=\"index, follow, max-snippet:-1, max-image-preview:large, max-video-preview:-1\" \/>\n<link rel=\"canonical\" href=\"https:\/\/tourtravelandmore.com\/fr\/tours\/espagne-fr\/valencia-fr\/toutes-les-visites-et-activites-privees-valencia-fr-espagne-fr\/visite-privee-dalicante-au-depart-de-valence\/\" \/>\n<meta property=\"og:locale\" content=\"fr_FR\" \/>\n<meta property=\"og:type\" content=\"article\" \/>\n<meta property=\"og:title\" content=\"Visite priv\u00e9e d&#039;Alicante au d\u00e9part de Valence\" \/>\n<meta property=\"og:description\" content=\"Visite priv\u00e9e personnalis\u00e9e d&#039;Alicante au d\u00e9part de Valence. Profitez de ses monuments et sites les plus importants. Guide officiel et v\u00e9hicule de luxe priv\u00e9.\" \/>\n<meta property=\"og:url\" content=\"https:\/\/tourtravelandmore.com\/fr\/tours\/espagne-fr\/valencia-fr\/toutes-les-visites-et-activites-privees-valencia-fr-espagne-fr\/visite-privee-dalicante-au-depart-de-valence\/\" \/>\n<meta property=\"og:site_name\" content=\"Tour Travel And More\" \/>\n<meta property=\"article:publisher\" content=\"https:\/\/www.facebook.com\/tourtravelandmore\/\" \/>\n<meta property=\"article:modified_time\" content=\"2022-02-24T19:34:40+00:00\" \/>\n<meta property=\"og:image\" content=\"https:\/\/tourtravelandmore.com\/wp-content\/uploads\/2016\/11\/alicante-provincia.jpg\" \/>\n\t<meta property=\"og:image:width\" content=\"1760\" \/>\n\t<meta property=\"og:image:height\" content=\"600\" \/>\n\t<meta property=\"og:image:type\" content=\"image\/jpeg\" \/>\n<meta name=\"twitter:card\" content=\"summary_large_image\" \/>\n<meta name=\"twitter:site\" content=\"@TourTravel_More\" \/>\n<meta name=\"twitter:label1\" content=\"Dur\u00e9e de lecture estim\u00e9e\" \/>\n\t<meta name=\"twitter:data1\" content=\"2 minutes\" \/>\n<script type=\"application\/ld+json\" class=\"yoast-schema-graph\">{\"@context\":\"https:\/\/schema.org\",\"@graph\":[{\"@type\":\"WebPage\",\"@id\":\"https:\/\/tourtravelandmore.com\/fr\/tours\/espagne-fr\/valencia-fr\/toutes-les-visites-et-activites-privees-valencia-fr-espagne-fr\/visite-privee-dalicante-au-depart-de-valence\/\",\"url\":\"https:\/\/tourtravelandmore.com\/fr\/tours\/espagne-fr\/valencia-fr\/toutes-les-visites-et-activites-privees-valencia-fr-espagne-fr\/visite-privee-dalicante-au-depart-de-valence\/\",\"name\":\"Visite priv\u00e9e d'Alicante au d\u00e9part de Valence\",\"isPartOf\":{\"@id\":\"https:\/\/tourtravelandmore.com\/fr\/#website\"},\"primaryImageOfPage\":{\"@id\":\"https:\/\/tourtravelandmore.com\/fr\/tours\/espagne-fr\/valencia-fr\/toutes-les-visites-et-activites-privees-valencia-fr-espagne-fr\/visite-privee-dalicante-au-depart-de-valence\/#primaryimage\"},\"image\":{\"@id\":\"https:\/\/tourtravelandmore.com\/fr\/tours\/espagne-fr\/valencia-fr\/toutes-les-visites-et-activites-privees-valencia-fr-espagne-fr\/visite-privee-dalicante-au-depart-de-valence\/#primaryimage\"},\"thumbnailUrl\":\"https:\/\/tourtravelandmore.com\/wp-content\/uploads\/2016\/11\/alicante-provincia.jpg\",\"datePublished\":\"2016-11-07T12:32:50+00:00\",\"dateModified\":\"2022-02-24T19:34:40+00:00\",\"description\":\"Visite priv\u00e9e personnalis\u00e9e d'Alicante au d\u00e9part de Valence. Profitez de ses monuments et sites les plus importants. Guide officiel et v\u00e9hicule de luxe priv\u00e9.\",\"breadcrumb\":{\"@id\":\"https:\/\/tourtravelandmore.com\/fr\/tours\/espagne-fr\/valencia-fr\/toutes-les-visites-et-activites-privees-valencia-fr-espagne-fr\/visite-privee-dalicante-au-depart-de-valence\/#breadcrumb\"},\"inLanguage\":\"fr-FR\",\"potentialAction\":[{\"@type\":\"ReadAction\",\"target\":[\"https:\/\/tourtravelandmore.com\/fr\/tours\/espagne-fr\/valencia-fr\/toutes-les-visites-et-activites-privees-valencia-fr-espagne-fr\/visite-privee-dalicante-au-depart-de-valence\/\"]}]},{\"@type\":\"ImageObject\",\"inLanguage\":\"fr-FR\",\"@id\":\"https:\/\/tourtravelandmore.com\/fr\/tours\/espagne-fr\/valencia-fr\/toutes-les-visites-et-activites-privees-valencia-fr-espagne-fr\/visite-privee-dalicante-au-depart-de-valence\/#primaryimage\",\"url\":\"https:\/\/tourtravelandmore.com\/wp-content\/uploads\/2016\/11\/alicante-provincia.jpg\",\"contentUrl\":\"https:\/\/tourtravelandmore.com\/wp-content\/uploads\/2016\/11\/alicante-provincia.jpg\",\"width\":1760,\"height\":600},{\"@type\":\"BreadcrumbList\",\"@id\":\"https:\/\/tourtravelandmore.com\/fr\/tours\/espagne-fr\/valencia-fr\/toutes-les-visites-et-activites-privees-valencia-fr-espagne-fr\/visite-privee-dalicante-au-depart-de-valence\/#breadcrumb\",\"itemListElement\":[{\"@type\":\"ListItem\",\"position\":1,\"name\":\"Home\",\"item\":\"https:\/\/tourtravelandmore.com\/fr\/\"},{\"@type\":\"ListItem\",\"position\":2,\"name\":\"Tours\",\"item\":\"https:\/\/tourtravelandmore.com\/fr\/tours\/\"},{\"@type\":\"ListItem\",\"position\":3,\"name\":\"Visite priv\u00e9e d&rsquo;Alicante au d\u00e9part de Valence\"}]},{\"@type\":\"WebSite\",\"@id\":\"https:\/\/tourtravelandmore.com\/fr\/#website\",\"url\":\"https:\/\/tourtravelandmore.com\/fr\/\",\"name\":\"Tour Travel And More\",\"description\":\"Private sightseeing tours and luxury transfers in Spain\",\"publisher\":{\"@id\":\"https:\/\/tourtravelandmore.com\/fr\/#organization\"},\"potentialAction\":[{\"@type\":\"SearchAction\",\"target\":{\"@type\":\"EntryPoint\",\"urlTemplate\":\"https:\/\/tourtravelandmore.com\/fr\/?s={search_term_string}\"},\"query-input\":{\"@type\":\"PropertyValueSpecification\",\"valueRequired\":true,\"valueName\":\"search_term_string\"}}],\"inLanguage\":\"fr-FR\"},{\"@type\":\"Organization\",\"@id\":\"https:\/\/tourtravelandmore.com\/fr\/#organization\",\"name\":\"Tour Travel And More\",\"url\":\"https:\/\/tourtravelandmore.com\/fr\/\",\"logo\":{\"@type\":\"ImageObject\",\"inLanguage\":\"fr-FR\",\"@id\":\"https:\/\/tourtravelandmore.com\/fr\/#\/schema\/logo\/image\/\",\"url\":\"https:\/\/tourtravelandmore.com\/wp-content\/uploads\/2022\/12\/cropped-logo-cabecera-new.png\",\"contentUrl\":\"https:\/\/tourtravelandmore.com\/wp-content\/uploads\/2022\/12\/cropped-logo-cabecera-new.png\",\"width\":430,\"height\":61,\"caption\":\"Tour Travel And More\"},\"image\":{\"@id\":\"https:\/\/tourtravelandmore.com\/fr\/#\/schema\/logo\/image\/\"},\"sameAs\":[\"https:\/\/www.facebook.com\/tourtravelandmore\/\",\"https:\/\/x.com\/TourTravel_More\"]}]}<\/script>\n<!-- \/ Yoast SEO Premium plugin. -->","yoast_head_json":{"title":"Visite priv\u00e9e d'Alicante au d\u00e9part de Valence","description":"Visite priv\u00e9e personnalis\u00e9e d'Alicante au d\u00e9part de Valence. Profitez de ses monuments et sites les plus importants. Guide officiel et v\u00e9hicule de luxe priv\u00e9.","robots":{"index":"index","follow":"follow","max-snippet":"max-snippet:-1","max-image-preview":"max-image-preview:large","max-video-preview":"max-video-preview:-1"},"canonical":"https:\/\/tourtravelandmore.com\/fr\/tours\/espagne-fr\/valencia-fr\/toutes-les-visites-et-activites-privees-valencia-fr-espagne-fr\/visite-privee-dalicante-au-depart-de-valence\/","og_locale":"fr_FR","og_type":"article","og_title":"Visite priv\u00e9e d'Alicante au d\u00e9part de Valence","og_description":"Visite priv\u00e9e personnalis\u00e9e d'Alicante au d\u00e9part de Valence. Profitez de ses monuments et sites les plus importants. Guide officiel et v\u00e9hicule de luxe priv\u00e9.","og_url":"https:\/\/tourtravelandmore.com\/fr\/tours\/espagne-fr\/valencia-fr\/toutes-les-visites-et-activites-privees-valencia-fr-espagne-fr\/visite-privee-dalicante-au-depart-de-valence\/","og_site_name":"Tour Travel And More","article_publisher":"https:\/\/www.facebook.com\/tourtravelandmore\/","article_modified_time":"2022-02-24T19:34:40+00:00","og_image":[{"width":1760,"height":600,"url":"https:\/\/tourtravelandmore.com\/wp-content\/uploads\/2016\/11\/alicante-provincia.jpg","type":"image\/jpeg"}],"twitter_card":"summary_large_image","twitter_site":"@TourTravel_More","twitter_misc":{"Dur\u00e9e de lecture estim\u00e9e":"2 minutes"},"schema":{"@context":"https:\/\/schema.org","@graph":[{"@type":"WebPage","@id":"https:\/\/tourtravelandmore.com\/fr\/tours\/espagne-fr\/valencia-fr\/toutes-les-visites-et-activites-privees-valencia-fr-espagne-fr\/visite-privee-dalicante-au-depart-de-valence\/","url":"https:\/\/tourtravelandmore.com\/fr\/tours\/espagne-fr\/valencia-fr\/toutes-les-visites-et-activites-privees-valencia-fr-espagne-fr\/visite-privee-dalicante-au-depart-de-valence\/","name":"Visite priv\u00e9e d'Alicante au d\u00e9part de Valence","isPartOf":{"@id":"https:\/\/tourtravelandmore.com\/fr\/#website"},"primaryImageOfPage":{"@id":"https:\/\/tourtravelandmore.com\/fr\/tours\/espagne-fr\/valencia-fr\/toutes-les-visites-et-activites-privees-valencia-fr-espagne-fr\/visite-privee-dalicante-au-depart-de-valence\/#primaryimage"},"image":{"@id":"https:\/\/tourtravelandmore.com\/fr\/tours\/espagne-fr\/valencia-fr\/toutes-les-visites-et-activites-privees-valencia-fr-espagne-fr\/visite-privee-dalicante-au-depart-de-valence\/#primaryimage"},"thumbnailUrl":"https:\/\/tourtravelandmore.com\/wp-content\/uploads\/2016\/11\/alicante-provincia.jpg","datePublished":"2016-11-07T12:32:50+00:00","dateModified":"2022-02-24T19:34:40+00:00","description":"Visite priv\u00e9e personnalis\u00e9e d'Alicante au d\u00e9part de Valence. Profitez de ses monuments et sites les plus importants. Guide officiel et v\u00e9hicule de luxe priv\u00e9.","breadcrumb":{"@id":"https:\/\/tourtravelandmore.com\/fr\/tours\/espagne-fr\/valencia-fr\/toutes-les-visites-et-activites-privees-valencia-fr-espagne-fr\/visite-privee-dalicante-au-depart-de-valence\/#breadcrumb"},"inLanguage":"fr-FR","potentialAction":[{"@type":"ReadAction","target":["https:\/\/tourtravelandmore.com\/fr\/tours\/espagne-fr\/valencia-fr\/toutes-les-visites-et-activites-privees-valencia-fr-espagne-fr\/visite-privee-dalicante-au-depart-de-valence\/"]}]},{"@type":"ImageObject","inLanguage":"fr-FR","@id":"https:\/\/tourtravelandmore.com\/fr\/tours\/espagne-fr\/valencia-fr\/toutes-les-visites-et-activites-privees-valencia-fr-espagne-fr\/visite-privee-dalicante-au-depart-de-valence\/#primaryimage","url":"https:\/\/tourtravelandmore.com\/wp-content\/uploads\/2016\/11\/alicante-provincia.jpg","contentUrl":"https:\/\/tourtravelandmore.com\/wp-content\/uploads\/2016\/11\/alicante-provincia.jpg","width":1760,"height":600},{"@type":"BreadcrumbList","@id":"https:\/\/tourtravelandmore.com\/fr\/tours\/espagne-fr\/valencia-fr\/toutes-les-visites-et-activites-privees-valencia-fr-espagne-fr\/visite-privee-dalicante-au-depart-de-valence\/#breadcrumb","itemListElement":[{"@type":"ListItem","position":1,"name":"Home","item":"https:\/\/tourtravelandmore.com\/fr\/"},{"@type":"ListItem","position":2,"name":"Tours","item":"https:\/\/tourtravelandmore.com\/fr\/tours\/"},{"@type":"ListItem","position":3,"name":"Visite priv\u00e9e d&rsquo;Alicante au d\u00e9part de Valence"}]},{"@type":"WebSite","@id":"https:\/\/tourtravelandmore.com\/fr\/#website","url":"https:\/\/tourtravelandmore.com\/fr\/","name":"Tour Travel And More","description":"Private sightseeing tours and luxury transfers in Spain","publisher":{"@id":"https:\/\/tourtravelandmore.com\/fr\/#organization"},"potentialAction":[{"@type":"SearchAction","target":{"@type":"EntryPoint","urlTemplate":"https:\/\/tourtravelandmore.com\/fr\/?s={search_term_string}"},"query-input":{"@type":"PropertyValueSpecification","valueRequired":true,"valueName":"search_term_string"}}],"inLanguage":"fr-FR"},{"@type":"Organization","@id":"https:\/\/tourtravelandmore.com\/fr\/#organization","name":"Tour Travel And More","url":"https:\/\/tourtravelandmore.com\/fr\/","logo":{"@type":"ImageObject","inLanguage":"fr-FR","@id":"https:\/\/tourtravelandmore.com\/fr\/#\/schema\/logo\/image\/","url":"https:\/\/tourtravelandmore.com\/wp-content\/uploads\/2022\/12\/cropped-logo-cabecera-new.png","contentUrl":"https:\/\/tourtravelandmore.com\/wp-content\/uploads\/2022\/12\/cropped-logo-cabecera-new.png","width":430,"height":61,"caption":"Tour Travel And More"},"image":{"@id":"https:\/\/tourtravelandmore.com\/fr\/#\/schema\/logo\/image\/"},"sameAs":["https:\/\/www.facebook.com\/tourtravelandmore\/","https:\/\/x.com\/TourTravel_More"]}]}},"_links":{"self":[{"href":"https:\/\/tourtravelandmore.com\/fr\/wp-json\/wp\/v2\/product\/100827","targetHints":{"allow":["GET"]}}],"collection":[{"href":"https:\/\/tourtravelandmore.com\/fr\/wp-json\/wp\/v2\/product"}],"about":[{"href":"https:\/\/tourtravelandmore.com\/fr\/wp-json\/wp\/v2\/types\/product"}],"replies":[{"embeddable":true,"href":"https:\/\/tourtravelandmore.com\/fr\/wp-json\/wp\/v2\/comments?post=100827"}],"wp:featuredmedia":[{"embeddable":true,"href":"https:\/\/tourtravelandmore.com\/fr\/wp-json\/wp\/v2\/media\/95819"}],"wp:attachment":[{"href":"https:\/\/tourtravelandmore.com\/fr\/wp-json\/wp\/v2\/media?parent=100827"}],"wp:term":[{"taxonomy":"product_brand","embeddable":true,"href":"https:\/\/tourtravelandmore.com\/fr\/wp-json\/wp\/v2\/product_brand?post=100827"},{"taxonomy":"product_cat","embeddable":true,"href":"https:\/\/tourtravelandmore.com\/fr\/wp-json\/wp\/v2\/product_cat?post=100827"},{"taxonomy":"product_tag","embeddable":true,"href":"https:\/\/tourtravelandmore.com\/fr\/wp-json\/wp\/v2\/product_tag?post=100827"}],"curies":[{"name":"wp","href":"https:\/\/api.w.org\/{rel}","templated":true}]}}