{"id":100822,"date":"2016-11-15T11:40:58","date_gmt":"2016-11-15T10:40:58","guid":{"rendered":"https:\/\/tourtravelandmore.com\/tours\/non class\u00e9\/visite-privee-a-pied-de-tolede-en-espagne\/"},"modified":"2016-11-15T11:40:58","modified_gmt":"2016-11-15T10:40:58","slug":"visite-privee-a-pied-de-tolede-en-espagne","status":"publish","type":"product","link":"https:\/\/tourtravelandmore.com\/fr\/tours\/espagne-fr\/toledo-fr\/visite-privee-a-pied-de-tolede-en-espagne\/","title":{"rendered":"Visite priv\u00e9e \u00e0 pied de Tol\u00e8de en Espagne"},"content":{"rendered":"<h2>Description<\/h2>\n<p>Lorsque vous visitez Tol\u00e8de depuis l&#8217;ext\u00e9rieur de la ville, vous devez prendre 3 heures de votre horaire pour une visite priv\u00e9e \u00e0 pied de Tol\u00e8de, en Espagne. C&#8217;est g\u00e9nial que vous ayez d\u00e9cid\u00e9 d&#8217;aller passer une journ\u00e9e ou quelques jours dans la belle ville de Castille-La Manche de Tol\u00e8de!<\/p>\n<p>Tol\u00e8de est une ville du patrimoine mondial et une visite incontournable en Espagne. Tol\u00e8de poss\u00e8de un patrimoine culturel si \u00e9tendu ainsi que des monuments et des sites uniques.<\/p>\n<p>Vous connaissez peut-\u00eatre Tol\u00e8de comme la ville imp\u00e9riale ou la ville des trois cultures. Ces noms peuvent r\u00e9sumer ce que vous appr\u00e9cierez \u00e0 Tol\u00e8de. Situ\u00e9 au centre de l&#8217;Espagne, il attire chaque ann\u00e9e non seulement des touristes internationaux mais aussi des locaux! La ville de Tol\u00e8de a \u00e9t\u00e9 colonis\u00e9e \u00e0 l&#8217;\u00e9poque pr\u00e9romaine.<\/p>\n<p>D\u00e9couvrez les influences de la culture juive, de la culture chr\u00e9tienne et des cultures musulmanes.<\/p>\n<h2>Sites d&#8217;int\u00e9r\u00eat et monuments<\/h2>\n<p>Tout d&#8217;abord, nous viendrons vous chercher \u00e0 votre h\u00f4tel s&#8217;il est \u00e0 distance de marche du centre-ville. Sinon, nous organiserons un point de rendez-vous central pour une prise en charge confortable.<\/p>\n<p>Voici un exemple des sites importants que vous pouvez voir lors de votre visite \u00e0 Tol\u00e8de:<\/p>\n<ul>\n<li>Castillo de San Servando<\/li>\n<li>Cath\u00e9drale gothique<\/li>\n<li>Santa Mar\u00eda la Blanca (plus ancienne synagogue)<\/li>\n<li>Mus\u00e9e d&#8217;El Greco (maison con\u00e7ue comme une reconstitution de la maison de l&#8217;artiste, y compris des peintures importantes)<\/li>\n<li>Quartier juif<\/li>\n<li>Synagogue El Transito<\/li>\n<li>\u00c9glise de Santiago del Arrabal<\/li>\n<li>El Cristo de la luz (petite mosqu\u00e9e-oratoire construite en 999, puis convertie en \u00e9glise)<\/li>\n<li>Mosqu\u00e9e Toner\u00edas<\/li>\n<li>Forteresse de l&#8217;Alcazar<\/li>\n<li>La Puerta de Bisagra Nueva (Entr\u00e9e principale et face de Tol\u00e8de)<\/li>\n<li>Puerta de Bisagra (entr\u00e9e principale de la ville \u00e0 l&#8217;\u00e9poque andalouse)<\/li>\n<li>La Puerta del Sol<\/li>\n<li>Puerta Bab al-Mardum (la plus ancienne porte de la ville de Tol\u00e8de)<\/li>\n<li>Pont d&#8217;Alc\u00e1ntara<\/li>\n<li>Puente de San Martin<\/li>\n<\/ul>\n<p>Vous pourrez personnaliser cette visite priv\u00e9e \u00e0 pied et prendre des photos impressionnantes de Tol\u00e8de.<\/p>\n<p>Des milliers de clients ont fait confiance \u00e0 nous et \u00e0 nos experts en voyages pour rendre leur exp\u00e9rience unique.<\/p>\n<p>Si vous venez de Madrid, consultez notre excursion d&#8217;une journ\u00e9e au d\u00e9part de Madrid.<\/p>\n","protected":false},"excerpt":{"rendered":"<p>Visite priv\u00e9e \u00e0 pied de Tol\u00e8de, Espagne. Apprenez \u00e0 conna\u00eetre les sites les plus embl\u00e9matiques. Nous pouvons organiser une prise en charge optionnelle \u00e0 pied depuis l&#8217;h\u00f4tel central et un guide officiel priv\u00e9 pour toute la visite.<\/p>\n","protected":false},"featured_media":93971,"comment_status":"open","ping_status":"closed","template":"","meta":{"_acf_changed":false},"product_brand":[],"product_cat":[3675],"product_tag":[4218],"class_list":{"0":"post-100822","1":"product","2":"type-product","3":"status-publish","4":"has-post-thumbnail","6":"product_cat-toledo-fr","7":"product_tag-sightseeing-fr","9":"first","10":"instock","11":"shipping-taxable","12":"purchasable","13":"product-type-simple"},"acf":[],"yoast_head":"<!-- This site is optimized with the Yoast SEO Premium plugin v25.3.1 (Yoast SEO v25.3.1) - https:\/\/yoast.com\/wordpress\/plugins\/seo\/ -->\n<title>Visite priv\u00e9e \u00e0 pied de Tol\u00e8de, Espagne - Guide touristique officiel priv\u00e9<\/title>\n<meta name=\"description\" content=\"Visite priv\u00e9e \u00e0 pied de Tol\u00e8de, Espagne. Apprenez \u00e0 conna\u00eetre les sites les plus embl\u00e9matiques. Prise en charge \u00e0 pied de l&#039;h\u00f4tel central et guide officiel priv\u00e9.\" \/>\n<meta name=\"robots\" content=\"index, follow, max-snippet:-1, max-image-preview:large, max-video-preview:-1\" \/>\n<link rel=\"canonical\" href=\"https:\/\/tourtravelandmore.com\/fr\/tours\/espagne-fr\/toledo-fr\/visite-privee-a-pied-de-tolede-en-espagne\/\" \/>\n<meta property=\"og:locale\" content=\"fr_FR\" \/>\n<meta property=\"og:type\" content=\"article\" \/>\n<meta property=\"og:title\" content=\"Visite priv\u00e9e \u00e0 pied de Tol\u00e8de en Espagne\" \/>\n<meta property=\"og:description\" content=\"Visite priv\u00e9e \u00e0 pied de Tol\u00e8de, Espagne. Apprenez \u00e0 conna\u00eetre les sites les plus embl\u00e9matiques. Prise en charge \u00e0 pied de l&#039;h\u00f4tel central et guide officiel priv\u00e9.\" \/>\n<meta property=\"og:url\" content=\"https:\/\/tourtravelandmore.com\/fr\/tours\/espagne-fr\/toledo-fr\/visite-privee-a-pied-de-tolede-en-espagne\/\" \/>\n<meta property=\"og:site_name\" content=\"Tour Travel And More\" \/>\n<meta property=\"article:publisher\" content=\"https:\/\/www.facebook.com\/tourtravelandmore\/\" \/>\n<meta property=\"og:image\" content=\"https:\/\/tourtravelandmore.com\/wp-content\/uploads\/2016\/10\/toledo-private-tour.jpg\" \/>\n\t<meta property=\"og:image:width\" content=\"1632\" \/>\n\t<meta property=\"og:image:height\" content=\"1080\" \/>\n\t<meta property=\"og:image:type\" content=\"image\/jpeg\" \/>\n<meta name=\"twitter:card\" content=\"summary_large_image\" \/>\n<meta name=\"twitter:site\" content=\"@TourTravel_More\" \/>\n<meta name=\"twitter:label1\" content=\"Dur\u00e9e de lecture estim\u00e9e\" \/>\n\t<meta name=\"twitter:data1\" content=\"2 minutes\" \/>\n<script type=\"application\/ld+json\" class=\"yoast-schema-graph\">{\"@context\":\"https:\/\/schema.org\",\"@graph\":[{\"@type\":\"WebPage\",\"@id\":\"https:\/\/tourtravelandmore.com\/fr\/tours\/espagne-fr\/toledo-fr\/visite-privee-a-pied-de-tolede-en-espagne\/\",\"url\":\"https:\/\/tourtravelandmore.com\/fr\/tours\/espagne-fr\/toledo-fr\/visite-privee-a-pied-de-tolede-en-espagne\/\",\"name\":\"Visite priv\u00e9e \u00e0 pied de Tol\u00e8de, Espagne - Guide touristique officiel priv\u00e9\",\"isPartOf\":{\"@id\":\"https:\/\/tourtravelandmore.com\/fr\/#website\"},\"primaryImageOfPage\":{\"@id\":\"https:\/\/tourtravelandmore.com\/fr\/tours\/espagne-fr\/toledo-fr\/visite-privee-a-pied-de-tolede-en-espagne\/#primaryimage\"},\"image\":{\"@id\":\"https:\/\/tourtravelandmore.com\/fr\/tours\/espagne-fr\/toledo-fr\/visite-privee-a-pied-de-tolede-en-espagne\/#primaryimage\"},\"thumbnailUrl\":\"https:\/\/tourtravelandmore.com\/wp-content\/uploads\/2016\/10\/toledo-private-tour.jpg\",\"datePublished\":\"2016-11-15T10:40:58+00:00\",\"description\":\"Visite priv\u00e9e \u00e0 pied de Tol\u00e8de, Espagne. Apprenez \u00e0 conna\u00eetre les sites les plus embl\u00e9matiques. Prise en charge \u00e0 pied de l'h\u00f4tel central et guide officiel priv\u00e9.\",\"breadcrumb\":{\"@id\":\"https:\/\/tourtravelandmore.com\/fr\/tours\/espagne-fr\/toledo-fr\/visite-privee-a-pied-de-tolede-en-espagne\/#breadcrumb\"},\"inLanguage\":\"fr-FR\",\"potentialAction\":[{\"@type\":\"ReadAction\",\"target\":[\"https:\/\/tourtravelandmore.com\/fr\/tours\/espagne-fr\/toledo-fr\/visite-privee-a-pied-de-tolede-en-espagne\/\"]}]},{\"@type\":\"ImageObject\",\"inLanguage\":\"fr-FR\",\"@id\":\"https:\/\/tourtravelandmore.com\/fr\/tours\/espagne-fr\/toledo-fr\/visite-privee-a-pied-de-tolede-en-espagne\/#primaryimage\",\"url\":\"https:\/\/tourtravelandmore.com\/wp-content\/uploads\/2016\/10\/toledo-private-tour.jpg\",\"contentUrl\":\"https:\/\/tourtravelandmore.com\/wp-content\/uploads\/2016\/10\/toledo-private-tour.jpg\",\"width\":1632,\"height\":1080},{\"@type\":\"BreadcrumbList\",\"@id\":\"https:\/\/tourtravelandmore.com\/fr\/tours\/espagne-fr\/toledo-fr\/visite-privee-a-pied-de-tolede-en-espagne\/#breadcrumb\",\"itemListElement\":[{\"@type\":\"ListItem\",\"position\":1,\"name\":\"Home\",\"item\":\"https:\/\/tourtravelandmore.com\/fr\/\"},{\"@type\":\"ListItem\",\"position\":2,\"name\":\"Tours\",\"item\":\"https:\/\/tourtravelandmore.com\/fr\/tours\/\"},{\"@type\":\"ListItem\",\"position\":3,\"name\":\"Visite priv\u00e9e \u00e0 pied de Tol\u00e8de en Espagne\"}]},{\"@type\":\"WebSite\",\"@id\":\"https:\/\/tourtravelandmore.com\/fr\/#website\",\"url\":\"https:\/\/tourtravelandmore.com\/fr\/\",\"name\":\"Tour Travel And More\",\"description\":\"Private sightseeing tours and luxury transfers in Spain\",\"publisher\":{\"@id\":\"https:\/\/tourtravelandmore.com\/fr\/#organization\"},\"potentialAction\":[{\"@type\":\"SearchAction\",\"target\":{\"@type\":\"EntryPoint\",\"urlTemplate\":\"https:\/\/tourtravelandmore.com\/fr\/?s={search_term_string}\"},\"query-input\":{\"@type\":\"PropertyValueSpecification\",\"valueRequired\":true,\"valueName\":\"search_term_string\"}}],\"inLanguage\":\"fr-FR\"},{\"@type\":\"Organization\",\"@id\":\"https:\/\/tourtravelandmore.com\/fr\/#organization\",\"name\":\"Tour Travel And More\",\"url\":\"https:\/\/tourtravelandmore.com\/fr\/\",\"logo\":{\"@type\":\"ImageObject\",\"inLanguage\":\"fr-FR\",\"@id\":\"https:\/\/tourtravelandmore.com\/fr\/#\/schema\/logo\/image\/\",\"url\":\"https:\/\/tourtravelandmore.com\/wp-content\/uploads\/2022\/12\/cropped-logo-cabecera-new.png\",\"contentUrl\":\"https:\/\/tourtravelandmore.com\/wp-content\/uploads\/2022\/12\/cropped-logo-cabecera-new.png\",\"width\":430,\"height\":61,\"caption\":\"Tour Travel And More\"},\"image\":{\"@id\":\"https:\/\/tourtravelandmore.com\/fr\/#\/schema\/logo\/image\/\"},\"sameAs\":[\"https:\/\/www.facebook.com\/tourtravelandmore\/\",\"https:\/\/x.com\/TourTravel_More\"]}]}<\/script>\n<!-- \/ Yoast SEO Premium plugin. -->","yoast_head_json":{"title":"Visite priv\u00e9e \u00e0 pied de Tol\u00e8de, Espagne - Guide touristique officiel priv\u00e9","description":"Visite priv\u00e9e \u00e0 pied de Tol\u00e8de, Espagne. Apprenez \u00e0 conna\u00eetre les sites les plus embl\u00e9matiques. Prise en charge \u00e0 pied de l'h\u00f4tel central et guide officiel priv\u00e9.","robots":{"index":"index","follow":"follow","max-snippet":"max-snippet:-1","max-image-preview":"max-image-preview:large","max-video-preview":"max-video-preview:-1"},"canonical":"https:\/\/tourtravelandmore.com\/fr\/tours\/espagne-fr\/toledo-fr\/visite-privee-a-pied-de-tolede-en-espagne\/","og_locale":"fr_FR","og_type":"article","og_title":"Visite priv\u00e9e \u00e0 pied de Tol\u00e8de en Espagne","og_description":"Visite priv\u00e9e \u00e0 pied de Tol\u00e8de, Espagne. Apprenez \u00e0 conna\u00eetre les sites les plus embl\u00e9matiques. Prise en charge \u00e0 pied de l'h\u00f4tel central et guide officiel priv\u00e9.","og_url":"https:\/\/tourtravelandmore.com\/fr\/tours\/espagne-fr\/toledo-fr\/visite-privee-a-pied-de-tolede-en-espagne\/","og_site_name":"Tour Travel And More","article_publisher":"https:\/\/www.facebook.com\/tourtravelandmore\/","og_image":[{"width":1632,"height":1080,"url":"https:\/\/tourtravelandmore.com\/wp-content\/uploads\/2016\/10\/toledo-private-tour.jpg","type":"image\/jpeg"}],"twitter_card":"summary_large_image","twitter_site":"@TourTravel_More","twitter_misc":{"Dur\u00e9e de lecture estim\u00e9e":"2 minutes"},"schema":{"@context":"https:\/\/schema.org","@graph":[{"@type":"WebPage","@id":"https:\/\/tourtravelandmore.com\/fr\/tours\/espagne-fr\/toledo-fr\/visite-privee-a-pied-de-tolede-en-espagne\/","url":"https:\/\/tourtravelandmore.com\/fr\/tours\/espagne-fr\/toledo-fr\/visite-privee-a-pied-de-tolede-en-espagne\/","name":"Visite priv\u00e9e \u00e0 pied de Tol\u00e8de, Espagne - Guide touristique officiel priv\u00e9","isPartOf":{"@id":"https:\/\/tourtravelandmore.com\/fr\/#website"},"primaryImageOfPage":{"@id":"https:\/\/tourtravelandmore.com\/fr\/tours\/espagne-fr\/toledo-fr\/visite-privee-a-pied-de-tolede-en-espagne\/#primaryimage"},"image":{"@id":"https:\/\/tourtravelandmore.com\/fr\/tours\/espagne-fr\/toledo-fr\/visite-privee-a-pied-de-tolede-en-espagne\/#primaryimage"},"thumbnailUrl":"https:\/\/tourtravelandmore.com\/wp-content\/uploads\/2016\/10\/toledo-private-tour.jpg","datePublished":"2016-11-15T10:40:58+00:00","description":"Visite priv\u00e9e \u00e0 pied de Tol\u00e8de, Espagne. Apprenez \u00e0 conna\u00eetre les sites les plus embl\u00e9matiques. Prise en charge \u00e0 pied de l'h\u00f4tel central et guide officiel priv\u00e9.","breadcrumb":{"@id":"https:\/\/tourtravelandmore.com\/fr\/tours\/espagne-fr\/toledo-fr\/visite-privee-a-pied-de-tolede-en-espagne\/#breadcrumb"},"inLanguage":"fr-FR","potentialAction":[{"@type":"ReadAction","target":["https:\/\/tourtravelandmore.com\/fr\/tours\/espagne-fr\/toledo-fr\/visite-privee-a-pied-de-tolede-en-espagne\/"]}]},{"@type":"ImageObject","inLanguage":"fr-FR","@id":"https:\/\/tourtravelandmore.com\/fr\/tours\/espagne-fr\/toledo-fr\/visite-privee-a-pied-de-tolede-en-espagne\/#primaryimage","url":"https:\/\/tourtravelandmore.com\/wp-content\/uploads\/2016\/10\/toledo-private-tour.jpg","contentUrl":"https:\/\/tourtravelandmore.com\/wp-content\/uploads\/2016\/10\/toledo-private-tour.jpg","width":1632,"height":1080},{"@type":"BreadcrumbList","@id":"https:\/\/tourtravelandmore.com\/fr\/tours\/espagne-fr\/toledo-fr\/visite-privee-a-pied-de-tolede-en-espagne\/#breadcrumb","itemListElement":[{"@type":"ListItem","position":1,"name":"Home","item":"https:\/\/tourtravelandmore.com\/fr\/"},{"@type":"ListItem","position":2,"name":"Tours","item":"https:\/\/tourtravelandmore.com\/fr\/tours\/"},{"@type":"ListItem","position":3,"name":"Visite priv\u00e9e \u00e0 pied de Tol\u00e8de en Espagne"}]},{"@type":"WebSite","@id":"https:\/\/tourtravelandmore.com\/fr\/#website","url":"https:\/\/tourtravelandmore.com\/fr\/","name":"Tour Travel And More","description":"Private sightseeing tours and luxury transfers in Spain","publisher":{"@id":"https:\/\/tourtravelandmore.com\/fr\/#organization"},"potentialAction":[{"@type":"SearchAction","target":{"@type":"EntryPoint","urlTemplate":"https:\/\/tourtravelandmore.com\/fr\/?s={search_term_string}"},"query-input":{"@type":"PropertyValueSpecification","valueRequired":true,"valueName":"search_term_string"}}],"inLanguage":"fr-FR"},{"@type":"Organization","@id":"https:\/\/tourtravelandmore.com\/fr\/#organization","name":"Tour Travel And More","url":"https:\/\/tourtravelandmore.com\/fr\/","logo":{"@type":"ImageObject","inLanguage":"fr-FR","@id":"https:\/\/tourtravelandmore.com\/fr\/#\/schema\/logo\/image\/","url":"https:\/\/tourtravelandmore.com\/wp-content\/uploads\/2022\/12\/cropped-logo-cabecera-new.png","contentUrl":"https:\/\/tourtravelandmore.com\/wp-content\/uploads\/2022\/12\/cropped-logo-cabecera-new.png","width":430,"height":61,"caption":"Tour Travel And More"},"image":{"@id":"https:\/\/tourtravelandmore.com\/fr\/#\/schema\/logo\/image\/"},"sameAs":["https:\/\/www.facebook.com\/tourtravelandmore\/","https:\/\/x.com\/TourTravel_More"]}]}},"_links":{"self":[{"href":"https:\/\/tourtravelandmore.com\/fr\/wp-json\/wp\/v2\/product\/100822","targetHints":{"allow":["GET"]}}],"collection":[{"href":"https:\/\/tourtravelandmore.com\/fr\/wp-json\/wp\/v2\/product"}],"about":[{"href":"https:\/\/tourtravelandmore.com\/fr\/wp-json\/wp\/v2\/types\/product"}],"replies":[{"embeddable":true,"href":"https:\/\/tourtravelandmore.com\/fr\/wp-json\/wp\/v2\/comments?post=100822"}],"wp:featuredmedia":[{"embeddable":true,"href":"https:\/\/tourtravelandmore.com\/fr\/wp-json\/wp\/v2\/media\/93971"}],"wp:attachment":[{"href":"https:\/\/tourtravelandmore.com\/fr\/wp-json\/wp\/v2\/media?parent=100822"}],"wp:term":[{"taxonomy":"product_brand","embeddable":true,"href":"https:\/\/tourtravelandmore.com\/fr\/wp-json\/wp\/v2\/product_brand?post=100822"},{"taxonomy":"product_cat","embeddable":true,"href":"https:\/\/tourtravelandmore.com\/fr\/wp-json\/wp\/v2\/product_cat?post=100822"},{"taxonomy":"product_tag","embeddable":true,"href":"https:\/\/tourtravelandmore.com\/fr\/wp-json\/wp\/v2\/product_tag?post=100822"}],"curies":[{"name":"wp","href":"https:\/\/api.w.org\/{rel}","templated":true}]}}