{"id":100817,"date":"2016-11-15T11:53:06","date_gmt":"2016-11-15T10:53:06","guid":{"rendered":"https:\/\/tourtravelandmore.com\/tours\/non class\u00e9\/visite-privee-a-pied-de-segovie\/"},"modified":"2016-11-15T11:53:06","modified_gmt":"2016-11-15T10:53:06","slug":"visite-privee-a-pied-de-segovie","status":"publish","type":"product","link":"https:\/\/tourtravelandmore.com\/fr\/tours\/espagne-fr\/segovia-fr\/tous-les-circuits-et-activites-prives-fr\/visite-privee-a-pied-de-segovie\/","title":{"rendered":"Visite priv\u00e9e \u00e0 pied de S\u00e9govie"},"content":{"rendered":"<h2>Description<\/h2>\n<p>Une visite \u00e0 pied est le meilleur moyen de d\u00e9couvrir une ville. Un moyen encore meilleur est avec une visite priv\u00e9e \u00e0 pied! Laissez notre guide officiel priv\u00e9 vous emmener dans cette visite priv\u00e9e \u00e0 pied de S\u00e9govie!<\/p>\n<p>Tout d&#8217;abord, nous organiserons une prise en charge \u00e0 pied depuis votre h\u00f4tel. Si votre h\u00f4tel est situ\u00e9 au centre, nous pouvons organiser une prise en charge \u00e0 pied. Par contre, si vous arrivez de l&#8217;ext\u00e9rieur de la ville, nous pouvons vous rencontrer au parking. Il y a aussi la possibilit\u00e9 de venir \u00e0 S\u00e9govie en train, nous vous rencontrerons ensuite \u00e0 la gare de votre choix.<\/p>\n<p>Apr\u00e8s avoir rencontr\u00e9 votre guide officiel priv\u00e9, nous commencerons la visite priv\u00e9e \u00e0 pied de S\u00e9govie. Vous en apprendrez davantage sur l&#8217;histoire et les faits int\u00e9ressants de la ville de S\u00e9govie. S\u00e9govie est une ville charg\u00e9e d&#8217;histoire et le meilleur moyen de la conna\u00eetre est de faire une visite priv\u00e9e \u00e0 pied.<\/p>\n<h2>Sites d&#8217;int\u00e9r\u00eat et monuments<\/h2>\n<p>Il y a tant \u00e0 faire \u00e0 S\u00e9govie que nous devons profiter de chaque minute. La dur\u00e9e totale de la visite priv\u00e9e \u00e0 pied est de 3 heures. Nous pouvons organiser une visite plus longue si vous le souhaitez.<\/p>\n<p>Au cours de ces 3 heures, vous aurez la chance de voir les sites les plus importants de S\u00e9govie.<\/p>\n<ul>\n<li>Cath\u00e9drale (construite en 1558, conserv\u00e9e gothique apr\u00e8s la destruction par un incendie plus t\u00f4t)<\/li>\n<li>Alcazar de S\u00e9govie<\/li>\n<li>Monasterio del Parral<\/li>\n<li>Casa de los Picos<\/li>\n<li>La Muralla (Remparts)<\/li>\n<li>Iglesia San Esteban<\/li>\n<li>Plazuela de San Mart\u00edn<\/li>\n<li>Quartier juif<\/li>\n<li>Mus\u00e9e Zuolaga<\/li>\n<li>Iglesia de la Vera Cruz<\/li>\n<li>Iglesia de San Mill\u00e1n<\/li>\n<\/ul>\n<p>Si vous souhaitez entrer dans un monument, faites-le nous savoir et nous organiserons l&#8217;achat des billets \u00e0 l&#8217;avance. De cette fa\u00e7on, vous ne perdrez pas de temps \u00e0 attendre de longues queues!<\/p>\n<p>Comme toutes nos visites priv\u00e9es, vous pouvez personnaliser cette visite priv\u00e9e \u00e0 pied de S\u00e9govie. Contactez simplement l&#8217;un de nos experts en voyages!<\/p>\n<p>Si vous souhaitez un transport priv\u00e9 depuis Madrid pour une exp\u00e9rience d&#8217;une journ\u00e9e, consultez notre visite priv\u00e9e de S\u00e9govie au d\u00e9part de Madrid.<\/p>\n","protected":false},"excerpt":{"rendered":"<p>Visite priv\u00e9e \u00e0 pied de S\u00e9govie. Les sites les plus embl\u00e9matiques comme l&#8217;aqueduc, l&#8217;Alcazar, la cath\u00e9drale et bien plus encore &#8230; Vous pouvez \u00e9ventuellement \u00eatre pris en charge \u00e0 votre h\u00f4tel s&#8217;il est situ\u00e9 au centre.<\/p>\n","protected":false},"featured_media":95923,"comment_status":"open","ping_status":"closed","template":"","meta":{"_acf_changed":false},"product_brand":[],"product_cat":[3677,4031,4032],"product_tag":[4218],"class_list":{"0":"post-100817","1":"product","2":"type-product","3":"status-publish","4":"has-post-thumbnail","6":"product_cat-segovia-fr","7":"product_cat-tous-les-circuits-et-activites-prives-fr","8":"product_cat-visites-guidees-privees","9":"product_tag-sightseeing-fr","11":"first","12":"instock","13":"shipping-taxable","14":"purchasable","15":"product-type-simple"},"acf":[],"yoast_head":"<!-- This site is optimized with the Yoast SEO Premium plugin v25.3.1 (Yoast SEO v25.3.1) - https:\/\/yoast.com\/wordpress\/plugins\/seo\/ -->\n<title>Visite priv\u00e9e \u00e0 pied de S\u00e9govie - Guide touristique officiel priv\u00e9<\/title>\n<meta name=\"description\" content=\"Visite priv\u00e9e \u00e0 pied de S\u00e9govie. Les sites les plus embl\u00e9matiques comme l&#039;aqueduc, l&#039;Alcazar, la cath\u00e9drale ... Vous pouvez \u00eatre pris en charge \u00e0 votre h\u00f4tel s&#039;il est situ\u00e9 au centre.\" \/>\n<meta name=\"robots\" content=\"index, follow, max-snippet:-1, max-image-preview:large, max-video-preview:-1\" \/>\n<link rel=\"canonical\" href=\"https:\/\/tourtravelandmore.com\/fr\/tours\/espagne-fr\/segovia-fr\/tous-les-circuits-et-activites-prives-fr\/visite-privee-a-pied-de-segovie\/\" \/>\n<meta property=\"og:locale\" content=\"fr_FR\" \/>\n<meta property=\"og:type\" content=\"article\" \/>\n<meta property=\"og:title\" content=\"Visite priv\u00e9e \u00e0 pied de S\u00e9govie\" \/>\n<meta property=\"og:description\" content=\"Visite priv\u00e9e \u00e0 pied de S\u00e9govie. Les sites les plus embl\u00e9matiques comme l&#039;aqueduc, l&#039;Alcazar, la cath\u00e9drale ... Vous pouvez \u00eatre pris en charge \u00e0 votre h\u00f4tel s&#039;il est situ\u00e9 au centre.\" \/>\n<meta property=\"og:url\" content=\"https:\/\/tourtravelandmore.com\/fr\/tours\/espagne-fr\/segovia-fr\/tous-les-circuits-et-activites-prives-fr\/visite-privee-a-pied-de-segovie\/\" \/>\n<meta property=\"og:site_name\" content=\"Tour Travel And More\" \/>\n<meta property=\"article:publisher\" content=\"https:\/\/www.facebook.com\/tourtravelandmore\/\" \/>\n<meta property=\"og:image\" content=\"https:\/\/tourtravelandmore.com\/wp-content\/uploads\/2016\/11\/Segovia.jpg\" \/>\n\t<meta property=\"og:image:width\" content=\"800\" \/>\n\t<meta property=\"og:image:height\" content=\"533\" \/>\n\t<meta property=\"og:image:type\" content=\"image\/jpeg\" \/>\n<meta name=\"twitter:card\" content=\"summary_large_image\" \/>\n<meta name=\"twitter:site\" content=\"@TourTravel_More\" \/>\n<meta name=\"twitter:label1\" content=\"Dur\u00e9e de lecture estim\u00e9e\" \/>\n\t<meta name=\"twitter:data1\" content=\"2 minutes\" \/>\n<script type=\"application\/ld+json\" class=\"yoast-schema-graph\">{\"@context\":\"https:\/\/schema.org\",\"@graph\":[{\"@type\":\"WebPage\",\"@id\":\"https:\/\/tourtravelandmore.com\/fr\/tours\/espagne-fr\/segovia-fr\/tous-les-circuits-et-activites-prives-fr\/visite-privee-a-pied-de-segovie\/\",\"url\":\"https:\/\/tourtravelandmore.com\/fr\/tours\/espagne-fr\/segovia-fr\/tous-les-circuits-et-activites-prives-fr\/visite-privee-a-pied-de-segovie\/\",\"name\":\"Visite priv\u00e9e \u00e0 pied de S\u00e9govie - Guide touristique officiel priv\u00e9\",\"isPartOf\":{\"@id\":\"https:\/\/tourtravelandmore.com\/fr\/#website\"},\"primaryImageOfPage\":{\"@id\":\"https:\/\/tourtravelandmore.com\/fr\/tours\/espagne-fr\/segovia-fr\/tous-les-circuits-et-activites-prives-fr\/visite-privee-a-pied-de-segovie\/#primaryimage\"},\"image\":{\"@id\":\"https:\/\/tourtravelandmore.com\/fr\/tours\/espagne-fr\/segovia-fr\/tous-les-circuits-et-activites-prives-fr\/visite-privee-a-pied-de-segovie\/#primaryimage\"},\"thumbnailUrl\":\"https:\/\/tourtravelandmore.com\/wp-content\/uploads\/2016\/11\/Segovia.jpg\",\"datePublished\":\"2016-11-15T10:53:06+00:00\",\"description\":\"Visite priv\u00e9e \u00e0 pied de S\u00e9govie. Les sites les plus embl\u00e9matiques comme l'aqueduc, l'Alcazar, la cath\u00e9drale ... Vous pouvez \u00eatre pris en charge \u00e0 votre h\u00f4tel s'il est situ\u00e9 au centre.\",\"breadcrumb\":{\"@id\":\"https:\/\/tourtravelandmore.com\/fr\/tours\/espagne-fr\/segovia-fr\/tous-les-circuits-et-activites-prives-fr\/visite-privee-a-pied-de-segovie\/#breadcrumb\"},\"inLanguage\":\"fr-FR\",\"potentialAction\":[{\"@type\":\"ReadAction\",\"target\":[\"https:\/\/tourtravelandmore.com\/fr\/tours\/espagne-fr\/segovia-fr\/tous-les-circuits-et-activites-prives-fr\/visite-privee-a-pied-de-segovie\/\"]}]},{\"@type\":\"ImageObject\",\"inLanguage\":\"fr-FR\",\"@id\":\"https:\/\/tourtravelandmore.com\/fr\/tours\/espagne-fr\/segovia-fr\/tous-les-circuits-et-activites-prives-fr\/visite-privee-a-pied-de-segovie\/#primaryimage\",\"url\":\"https:\/\/tourtravelandmore.com\/wp-content\/uploads\/2016\/11\/Segovia.jpg\",\"contentUrl\":\"https:\/\/tourtravelandmore.com\/wp-content\/uploads\/2016\/11\/Segovia.jpg\",\"width\":800,\"height\":533},{\"@type\":\"BreadcrumbList\",\"@id\":\"https:\/\/tourtravelandmore.com\/fr\/tours\/espagne-fr\/segovia-fr\/tous-les-circuits-et-activites-prives-fr\/visite-privee-a-pied-de-segovie\/#breadcrumb\",\"itemListElement\":[{\"@type\":\"ListItem\",\"position\":1,\"name\":\"Home\",\"item\":\"https:\/\/tourtravelandmore.com\/fr\/\"},{\"@type\":\"ListItem\",\"position\":2,\"name\":\"Tours\",\"item\":\"https:\/\/tourtravelandmore.com\/fr\/tours\/\"},{\"@type\":\"ListItem\",\"position\":3,\"name\":\"Visite priv\u00e9e \u00e0 pied de S\u00e9govie\"}]},{\"@type\":\"WebSite\",\"@id\":\"https:\/\/tourtravelandmore.com\/fr\/#website\",\"url\":\"https:\/\/tourtravelandmore.com\/fr\/\",\"name\":\"Tour Travel And More\",\"description\":\"Private sightseeing tours and luxury transfers in Spain\",\"publisher\":{\"@id\":\"https:\/\/tourtravelandmore.com\/fr\/#organization\"},\"potentialAction\":[{\"@type\":\"SearchAction\",\"target\":{\"@type\":\"EntryPoint\",\"urlTemplate\":\"https:\/\/tourtravelandmore.com\/fr\/?s={search_term_string}\"},\"query-input\":{\"@type\":\"PropertyValueSpecification\",\"valueRequired\":true,\"valueName\":\"search_term_string\"}}],\"inLanguage\":\"fr-FR\"},{\"@type\":\"Organization\",\"@id\":\"https:\/\/tourtravelandmore.com\/fr\/#organization\",\"name\":\"Tour Travel And More\",\"url\":\"https:\/\/tourtravelandmore.com\/fr\/\",\"logo\":{\"@type\":\"ImageObject\",\"inLanguage\":\"fr-FR\",\"@id\":\"https:\/\/tourtravelandmore.com\/fr\/#\/schema\/logo\/image\/\",\"url\":\"https:\/\/tourtravelandmore.com\/wp-content\/uploads\/2022\/12\/cropped-logo-cabecera-new.png\",\"contentUrl\":\"https:\/\/tourtravelandmore.com\/wp-content\/uploads\/2022\/12\/cropped-logo-cabecera-new.png\",\"width\":430,\"height\":61,\"caption\":\"Tour Travel And More\"},\"image\":{\"@id\":\"https:\/\/tourtravelandmore.com\/fr\/#\/schema\/logo\/image\/\"},\"sameAs\":[\"https:\/\/www.facebook.com\/tourtravelandmore\/\",\"https:\/\/x.com\/TourTravel_More\"]}]}<\/script>\n<!-- \/ Yoast SEO Premium plugin. -->","yoast_head_json":{"title":"Visite priv\u00e9e \u00e0 pied de S\u00e9govie - Guide touristique officiel priv\u00e9","description":"Visite priv\u00e9e \u00e0 pied de S\u00e9govie. Les sites les plus embl\u00e9matiques comme l'aqueduc, l'Alcazar, la cath\u00e9drale ... Vous pouvez \u00eatre pris en charge \u00e0 votre h\u00f4tel s'il est situ\u00e9 au centre.","robots":{"index":"index","follow":"follow","max-snippet":"max-snippet:-1","max-image-preview":"max-image-preview:large","max-video-preview":"max-video-preview:-1"},"canonical":"https:\/\/tourtravelandmore.com\/fr\/tours\/espagne-fr\/segovia-fr\/tous-les-circuits-et-activites-prives-fr\/visite-privee-a-pied-de-segovie\/","og_locale":"fr_FR","og_type":"article","og_title":"Visite priv\u00e9e \u00e0 pied de S\u00e9govie","og_description":"Visite priv\u00e9e \u00e0 pied de S\u00e9govie. Les sites les plus embl\u00e9matiques comme l'aqueduc, l'Alcazar, la cath\u00e9drale ... Vous pouvez \u00eatre pris en charge \u00e0 votre h\u00f4tel s'il est situ\u00e9 au centre.","og_url":"https:\/\/tourtravelandmore.com\/fr\/tours\/espagne-fr\/segovia-fr\/tous-les-circuits-et-activites-prives-fr\/visite-privee-a-pied-de-segovie\/","og_site_name":"Tour Travel And More","article_publisher":"https:\/\/www.facebook.com\/tourtravelandmore\/","og_image":[{"width":800,"height":533,"url":"https:\/\/tourtravelandmore.com\/wp-content\/uploads\/2016\/11\/Segovia.jpg","type":"image\/jpeg"}],"twitter_card":"summary_large_image","twitter_site":"@TourTravel_More","twitter_misc":{"Dur\u00e9e de lecture estim\u00e9e":"2 minutes"},"schema":{"@context":"https:\/\/schema.org","@graph":[{"@type":"WebPage","@id":"https:\/\/tourtravelandmore.com\/fr\/tours\/espagne-fr\/segovia-fr\/tous-les-circuits-et-activites-prives-fr\/visite-privee-a-pied-de-segovie\/","url":"https:\/\/tourtravelandmore.com\/fr\/tours\/espagne-fr\/segovia-fr\/tous-les-circuits-et-activites-prives-fr\/visite-privee-a-pied-de-segovie\/","name":"Visite priv\u00e9e \u00e0 pied de S\u00e9govie - Guide touristique officiel priv\u00e9","isPartOf":{"@id":"https:\/\/tourtravelandmore.com\/fr\/#website"},"primaryImageOfPage":{"@id":"https:\/\/tourtravelandmore.com\/fr\/tours\/espagne-fr\/segovia-fr\/tous-les-circuits-et-activites-prives-fr\/visite-privee-a-pied-de-segovie\/#primaryimage"},"image":{"@id":"https:\/\/tourtravelandmore.com\/fr\/tours\/espagne-fr\/segovia-fr\/tous-les-circuits-et-activites-prives-fr\/visite-privee-a-pied-de-segovie\/#primaryimage"},"thumbnailUrl":"https:\/\/tourtravelandmore.com\/wp-content\/uploads\/2016\/11\/Segovia.jpg","datePublished":"2016-11-15T10:53:06+00:00","description":"Visite priv\u00e9e \u00e0 pied de S\u00e9govie. Les sites les plus embl\u00e9matiques comme l'aqueduc, l'Alcazar, la cath\u00e9drale ... Vous pouvez \u00eatre pris en charge \u00e0 votre h\u00f4tel s'il est situ\u00e9 au centre.","breadcrumb":{"@id":"https:\/\/tourtravelandmore.com\/fr\/tours\/espagne-fr\/segovia-fr\/tous-les-circuits-et-activites-prives-fr\/visite-privee-a-pied-de-segovie\/#breadcrumb"},"inLanguage":"fr-FR","potentialAction":[{"@type":"ReadAction","target":["https:\/\/tourtravelandmore.com\/fr\/tours\/espagne-fr\/segovia-fr\/tous-les-circuits-et-activites-prives-fr\/visite-privee-a-pied-de-segovie\/"]}]},{"@type":"ImageObject","inLanguage":"fr-FR","@id":"https:\/\/tourtravelandmore.com\/fr\/tours\/espagne-fr\/segovia-fr\/tous-les-circuits-et-activites-prives-fr\/visite-privee-a-pied-de-segovie\/#primaryimage","url":"https:\/\/tourtravelandmore.com\/wp-content\/uploads\/2016\/11\/Segovia.jpg","contentUrl":"https:\/\/tourtravelandmore.com\/wp-content\/uploads\/2016\/11\/Segovia.jpg","width":800,"height":533},{"@type":"BreadcrumbList","@id":"https:\/\/tourtravelandmore.com\/fr\/tours\/espagne-fr\/segovia-fr\/tous-les-circuits-et-activites-prives-fr\/visite-privee-a-pied-de-segovie\/#breadcrumb","itemListElement":[{"@type":"ListItem","position":1,"name":"Home","item":"https:\/\/tourtravelandmore.com\/fr\/"},{"@type":"ListItem","position":2,"name":"Tours","item":"https:\/\/tourtravelandmore.com\/fr\/tours\/"},{"@type":"ListItem","position":3,"name":"Visite priv\u00e9e \u00e0 pied de S\u00e9govie"}]},{"@type":"WebSite","@id":"https:\/\/tourtravelandmore.com\/fr\/#website","url":"https:\/\/tourtravelandmore.com\/fr\/","name":"Tour Travel And More","description":"Private sightseeing tours and luxury transfers in Spain","publisher":{"@id":"https:\/\/tourtravelandmore.com\/fr\/#organization"},"potentialAction":[{"@type":"SearchAction","target":{"@type":"EntryPoint","urlTemplate":"https:\/\/tourtravelandmore.com\/fr\/?s={search_term_string}"},"query-input":{"@type":"PropertyValueSpecification","valueRequired":true,"valueName":"search_term_string"}}],"inLanguage":"fr-FR"},{"@type":"Organization","@id":"https:\/\/tourtravelandmore.com\/fr\/#organization","name":"Tour Travel And More","url":"https:\/\/tourtravelandmore.com\/fr\/","logo":{"@type":"ImageObject","inLanguage":"fr-FR","@id":"https:\/\/tourtravelandmore.com\/fr\/#\/schema\/logo\/image\/","url":"https:\/\/tourtravelandmore.com\/wp-content\/uploads\/2022\/12\/cropped-logo-cabecera-new.png","contentUrl":"https:\/\/tourtravelandmore.com\/wp-content\/uploads\/2022\/12\/cropped-logo-cabecera-new.png","width":430,"height":61,"caption":"Tour Travel And More"},"image":{"@id":"https:\/\/tourtravelandmore.com\/fr\/#\/schema\/logo\/image\/"},"sameAs":["https:\/\/www.facebook.com\/tourtravelandmore\/","https:\/\/x.com\/TourTravel_More"]}]}},"_links":{"self":[{"href":"https:\/\/tourtravelandmore.com\/fr\/wp-json\/wp\/v2\/product\/100817","targetHints":{"allow":["GET"]}}],"collection":[{"href":"https:\/\/tourtravelandmore.com\/fr\/wp-json\/wp\/v2\/product"}],"about":[{"href":"https:\/\/tourtravelandmore.com\/fr\/wp-json\/wp\/v2\/types\/product"}],"replies":[{"embeddable":true,"href":"https:\/\/tourtravelandmore.com\/fr\/wp-json\/wp\/v2\/comments?post=100817"}],"wp:featuredmedia":[{"embeddable":true,"href":"https:\/\/tourtravelandmore.com\/fr\/wp-json\/wp\/v2\/media\/95923"}],"wp:attachment":[{"href":"https:\/\/tourtravelandmore.com\/fr\/wp-json\/wp\/v2\/media?parent=100817"}],"wp:term":[{"taxonomy":"product_brand","embeddable":true,"href":"https:\/\/tourtravelandmore.com\/fr\/wp-json\/wp\/v2\/product_brand?post=100817"},{"taxonomy":"product_cat","embeddable":true,"href":"https:\/\/tourtravelandmore.com\/fr\/wp-json\/wp\/v2\/product_cat?post=100817"},{"taxonomy":"product_tag","embeddable":true,"href":"https:\/\/tourtravelandmore.com\/fr\/wp-json\/wp\/v2\/product_tag?post=100817"}],"curies":[{"name":"wp","href":"https:\/\/api.w.org\/{rel}","templated":true}]}}