{"id":100754,"date":"2019-09-04T13:17:55","date_gmt":"2019-09-04T11:17:55","guid":{"rendered":"https:\/\/tourtravelandmore.com\/tours\/non%20class\u00e9\/transfert-prive-de-lisbonne-vers-depuis-nimporte-quel-endroit\/"},"modified":"2023-10-06T13:14:26","modified_gmt":"2023-10-06T11:14:26","slug":"transfert-prive-de-lisbonne-vers-depuis-nimporte-quel-endroit","status":"publish","type":"product","link":"https:\/\/tourtravelandmore.com\/fr\/tours\/portugal-fr\/lisbon-fr\/transfert-prive-de-lisbonne-vers-depuis-nimporte-quel-endroit\/","title":{"rendered":"Transfert priv\u00e9 de Lisbonne &#8211; vers \/ depuis n&#8217;importe quel endroit"},"content":{"rendered":"<h2><b>Transfert priv\u00e9 de Lisbonne &#8211; vers\/depuis n&#8217;importe quel endroit Description<\/b><\/h2>\n<p><span style=\"font-weight: 400;\">Faites l&#8217;exp\u00e9rience d&#8217;une commodit\u00e9 in\u00e9gal\u00e9e, envelopp\u00e9e dans le luxe, avec notre transfert priv\u00e9 \u00e0 Lisbonne. Con\u00e7u pour le globe-trotter s\u00e9lectif, nous vous invitons \u00e0 savourer le confort pur de notre collection de v\u00e9hicules de haut niveau, ponctuant chaque moment de votre transit avec finesse. Le temps, dans son essence fugace, est une denr\u00e9e que nous respectons profond\u00e9ment. C&#8217;est pourquoi notre \u00e9quipe, qui incarne le professionnalisme et le d\u00e9vouement, garantit non seulement la ponctualit\u00e9, mais aussi l&#8217;\u00e9loquence de chaque transition.<\/span><\/p>\n<p><span style=\"font-weight: 400;\">En glissant \u00e0 travers les boulevards historiques et modernes de Lisbonne, vous laisserez la ville se d\u00e9ployer dans un panorama d&#8217;images et de sons. Le m\u00e9lange complexe des vestiges anciens de Lisbonne et de ses \u00e9difices contemporains offre plus qu&#8217;un simple plaisir visuel ; il raconte l&#8217;histoire d&#8217;une ville qui a prosp\u00e9r\u00e9 \u00e0 travers les \u00e9poques, faisant \u00e9cho \u00e0 son illustre pass\u00e9 et \u00e0 son pr\u00e9sent progressif. Que votre s\u00e9jour vous conduise \u00e0 un rendez-vous gastronomique dans l&#8217;un des temples culinaires de Lisbonne, \u00e0 un apr\u00e8s-midi de d\u00e9tente dans le charmant port de croisi\u00e8re de Lisbonne, ou \u00e0 une aventure exploratoire dans des joyaux proches comme Coimbra ou Porto, faites-nous confiance. Chez Tour Travel and More, nous ne nous contentons pas d&#8217;offrir un service ; nous promettons une exp\u00e9rience, m\u00e9ticuleusement \u00e9labor\u00e9e, en vous gardant au centre.<\/span><\/p>\n<h2><b>Transfert priv\u00e9 \u00e0 Lisbonne &#8211; de\/vers n&#8217;importe quel endroit Faits saillants<\/b><\/h2>\n<ul>\n<li style=\"font-weight: 400;\" aria-level=\"1\"><b>Rapide et efficace :<\/b><span style=\"font-weight: 400;\"> Notre transfert d\u00e9di\u00e9 vous assure un voyage rapide et sans tracas.<\/span><\/li>\n<li style=\"font-weight: 400;\" aria-level=\"1\"><b>Vues panoramiques :<\/b><span style=\"font-weight: 400;\"> Soyez t\u00e9moin des paysages \u00e0 couper le souffle de Lisbonne pendant que vous naviguez \u00e0 travers la ville.<\/span><\/li>\n<li style=\"font-weight: 400;\" aria-level=\"1\"><b>Polyvalence <\/b><span style=\"font-weight: 400;\">: Qu&#8217;il s&#8217;agisse d&#8217;une ville voisine ou d&#8217;une destination locale, nous couvrons tous les besoins.<\/span><\/li>\n<li style=\"font-weight: 400;\" aria-level=\"1\"><b>Flotte de luxe : <\/b><span style=\"font-weight: 400;\">Voyagez dans le plus grand confort gr\u00e2ce \u00e0 notre gamme de v\u00e9hicules haut de gamme.<\/span><\/li>\n<li style=\"font-weight: 400;\" aria-level=\"1\"><b>Personnel d\u00e9vou\u00e9 :<\/b><span style=\"font-weight: 400;\"> Notre personnel attend votre arriv\u00e9e, assurant une transition en douceur vers votre destination.<\/span><\/li>\n<\/ul>\n<h3><span style=\"font-weight: 400;\">Transfert : Points d&#8217;int\u00e9r\u00eat et monuments<\/span><\/h3>\n<p><span style=\"font-weight: 400;\">Au-del\u00e0 de l&#8217;utilit\u00e9 banale du transport en commun, les transferts peuvent souvent \u00eatre une tapisserie d&#8217;aper\u00e7us exp\u00e9rientiels sur la vie vibrante d&#8217;une ville. Notre service de transfert est con\u00e7u pour transcender le simple transport ; il devient un s\u00e9jour narr\u00e9 dans les veines de Lisbonne, d\u00e9voilant les multiples facettes de la grandeur de la ville. \u00c9merveillez-vous devant le charme ancien du quartier de l&#8217;Alfama, un labyrinthe o\u00f9 chaque ruelle r\u00e9sonne de contes s\u00e9culaires et de m\u00e9lodies de fado. Contraste avec les merveilles architecturales du Parque das Na\u00e7\u00f5es, une ode \u00e0 l&#8217;avanc\u00e9e du Portugal vers l&#8217;avenir. En tra\u00e7ant le chemin entre votre point de d\u00e9part et votre destination, nous nous int\u00e9ressons moins \u00e0 la destination qu&#8217;au voyage lui-m\u00eame. La tour de Bel\u00e9m, sentinelle du Tage, le majestueux ch\u00e2teau de S\u00e3o Jorge, qui veille sur la ville, et la place anim\u00e9e de Rossio sont autant d&#8217;\u00e9tapes de cette odyss\u00e9e visuelle. Avec Tour Travel and More, nous transformons l&#8217;essence m\u00eame d&#8217;un transfert, en veillant \u00e0 ce que la ponctualit\u00e9 reste primordiale, mais que la magie de Lisbonne ne soit jamais oubli\u00e9e, enrichissant chaque seconde de votre voyage.<\/span><\/p>\n<p><span style=\"font-weight: 400;\">Pour les voyageurs qui ne recherchent plus qu&#8217;un simple transfert, Tour Travel and More est fier de pr\u00e9senter un large \u00e9ventail de visites priv\u00e9es \u00e0 Lisbonne et au-del\u00e0. <\/span><a href=\"https:\/\/tourtravelandmore.com\/fr\/city\/portugal-fr\/lisbon-fr\/\"><span style=\"font-weight: 400;\">Plongez dans l&#8217;histoire, la culture et la beaut\u00e9 du Portugal en explorant nos offres.<\/span><\/a> <span style=\"font-weight: 400;\">Avec nous, plongez au c\u0153ur des histoires et des sites touristiques. Retrouvez notre liste de circuits exclusifs sur Tour Travel and More.<\/span><\/p>\n","protected":false},"excerpt":{"rendered":"<p><span style=\"font-weight: 400;\">Le luxe s&#8217;allie \u00e0 la commodit\u00e9 avec les transferts priv\u00e9s de Tour Travel and More \u00e0 Lisbonne. Faites l&#8217;exp\u00e9rience de trajets fluides, de vues panoramiques et d&#8217;un service in\u00e9gal\u00e9.<\/span><\/p>\n","protected":false},"featured_media":93967,"comment_status":"open","ping_status":"closed","template":"","meta":{"_acf_changed":false},"product_brand":[],"product_cat":[4467,4470,3665],"product_tag":[],"class_list":{"0":"post-100754","1":"product","2":"type-product","3":"status-publish","4":"has-post-thumbnail","6":"product_cat-toutes-les-visites-et-activites-privees-fr-5","7":"product_cat-transferts-prives-fr-8","8":"product_cat-lisbon-fr","10":"first","11":"instock","12":"shipping-taxable","13":"purchasable","14":"product-type-simple"},"acf":[],"yoast_head":"<!-- This site is optimized with the Yoast SEO Premium plugin v25.3.1 (Yoast SEO v25.3.1) - https:\/\/yoast.com\/wordpress\/plugins\/seo\/ -->\n<title>\u27a1\ufe0f Transferts priv\u00e9s \u00e0 Lisbonne avec Tour Travel and More<\/title>\n<meta name=\"description\" content=\"D\u00e9couvrez les transferts de luxe \u00e0 Lisbonne. Des trajets sans faille, des v\u00e9hicules haut de gamme et un service d\u00e9di\u00e9, le tout dans un seul et m\u00eame forfait. \u2705\" \/>\n<meta name=\"robots\" content=\"index, follow, max-snippet:-1, max-image-preview:large, max-video-preview:-1\" \/>\n<link rel=\"canonical\" href=\"https:\/\/tourtravelandmore.com\/fr\/tours\/portugal-fr\/lisbon-fr\/transfert-prive-de-lisbonne-vers-depuis-nimporte-quel-endroit\/\" \/>\n<meta property=\"og:locale\" content=\"fr_FR\" \/>\n<meta property=\"og:type\" content=\"article\" \/>\n<meta property=\"og:title\" content=\"Transfert priv\u00e9 de Lisbonne - vers \/ depuis n&#039;importe quel endroit\" \/>\n<meta property=\"og:description\" content=\"D\u00e9couvrez les transferts de luxe \u00e0 Lisbonne. Des trajets sans faille, des v\u00e9hicules haut de gamme et un service d\u00e9di\u00e9, le tout dans un seul et m\u00eame forfait. \u2705\" \/>\n<meta property=\"og:url\" content=\"https:\/\/tourtravelandmore.com\/fr\/tours\/portugal-fr\/lisbon-fr\/transfert-prive-de-lisbonne-vers-depuis-nimporte-quel-endroit\/\" \/>\n<meta property=\"og:site_name\" content=\"Tour Travel And More\" \/>\n<meta property=\"article:publisher\" content=\"https:\/\/www.facebook.com\/tourtravelandmore\/\" \/>\n<meta property=\"article:modified_time\" content=\"2023-10-06T11:14:26+00:00\" \/>\n<meta property=\"og:image\" content=\"https:\/\/tourtravelandmore.com\/wp-content\/uploads\/2016\/10\/madrid-private-transfer.png\" \/>\n\t<meta property=\"og:image:width\" content=\"640\" \/>\n\t<meta property=\"og:image:height\" content=\"425\" \/>\n\t<meta property=\"og:image:type\" content=\"image\/png\" \/>\n<meta name=\"twitter:card\" content=\"summary_large_image\" \/>\n<meta name=\"twitter:site\" content=\"@TourTravel_More\" \/>\n<meta name=\"twitter:label1\" content=\"Dur\u00e9e de lecture estim\u00e9e\" \/>\n\t<meta name=\"twitter:data1\" content=\"3 minutes\" \/>\n<script type=\"application\/ld+json\" class=\"yoast-schema-graph\">{\"@context\":\"https:\/\/schema.org\",\"@graph\":[{\"@type\":\"WebPage\",\"@id\":\"https:\/\/tourtravelandmore.com\/fr\/tours\/portugal-fr\/lisbon-fr\/transfert-prive-de-lisbonne-vers-depuis-nimporte-quel-endroit\/\",\"url\":\"https:\/\/tourtravelandmore.com\/fr\/tours\/portugal-fr\/lisbon-fr\/transfert-prive-de-lisbonne-vers-depuis-nimporte-quel-endroit\/\",\"name\":\"\u27a1\ufe0f Transferts priv\u00e9s \u00e0 Lisbonne avec Tour Travel and More\",\"isPartOf\":{\"@id\":\"https:\/\/tourtravelandmore.com\/fr\/#website\"},\"primaryImageOfPage\":{\"@id\":\"https:\/\/tourtravelandmore.com\/fr\/tours\/portugal-fr\/lisbon-fr\/transfert-prive-de-lisbonne-vers-depuis-nimporte-quel-endroit\/#primaryimage\"},\"image\":{\"@id\":\"https:\/\/tourtravelandmore.com\/fr\/tours\/portugal-fr\/lisbon-fr\/transfert-prive-de-lisbonne-vers-depuis-nimporte-quel-endroit\/#primaryimage\"},\"thumbnailUrl\":\"https:\/\/tourtravelandmore.com\/wp-content\/uploads\/2016\/10\/madrid-private-transfer.png\",\"datePublished\":\"2019-09-04T11:17:55+00:00\",\"dateModified\":\"2023-10-06T11:14:26+00:00\",\"description\":\"D\u00e9couvrez les transferts de luxe \u00e0 Lisbonne. Des trajets sans faille, des v\u00e9hicules haut de gamme et un service d\u00e9di\u00e9, le tout dans un seul et m\u00eame forfait. \u2705\",\"breadcrumb\":{\"@id\":\"https:\/\/tourtravelandmore.com\/fr\/tours\/portugal-fr\/lisbon-fr\/transfert-prive-de-lisbonne-vers-depuis-nimporte-quel-endroit\/#breadcrumb\"},\"inLanguage\":\"fr-FR\",\"potentialAction\":[{\"@type\":\"ReadAction\",\"target\":[\"https:\/\/tourtravelandmore.com\/fr\/tours\/portugal-fr\/lisbon-fr\/transfert-prive-de-lisbonne-vers-depuis-nimporte-quel-endroit\/\"]}]},{\"@type\":\"ImageObject\",\"inLanguage\":\"fr-FR\",\"@id\":\"https:\/\/tourtravelandmore.com\/fr\/tours\/portugal-fr\/lisbon-fr\/transfert-prive-de-lisbonne-vers-depuis-nimporte-quel-endroit\/#primaryimage\",\"url\":\"https:\/\/tourtravelandmore.com\/wp-content\/uploads\/2016\/10\/madrid-private-transfer.png\",\"contentUrl\":\"https:\/\/tourtravelandmore.com\/wp-content\/uploads\/2016\/10\/madrid-private-transfer.png\",\"width\":640,\"height\":425,\"caption\":\"Private Transfer\"},{\"@type\":\"BreadcrumbList\",\"@id\":\"https:\/\/tourtravelandmore.com\/fr\/tours\/portugal-fr\/lisbon-fr\/transfert-prive-de-lisbonne-vers-depuis-nimporte-quel-endroit\/#breadcrumb\",\"itemListElement\":[{\"@type\":\"ListItem\",\"position\":1,\"name\":\"Home\",\"item\":\"https:\/\/tourtravelandmore.com\/fr\/\"},{\"@type\":\"ListItem\",\"position\":2,\"name\":\"Tours\",\"item\":\"https:\/\/tourtravelandmore.com\/fr\/tours\/\"},{\"@type\":\"ListItem\",\"position\":3,\"name\":\"Transfert priv\u00e9 de Lisbonne &#8211; vers \/ depuis n&rsquo;importe quel endroit\"}]},{\"@type\":\"WebSite\",\"@id\":\"https:\/\/tourtravelandmore.com\/fr\/#website\",\"url\":\"https:\/\/tourtravelandmore.com\/fr\/\",\"name\":\"Tour Travel And More\",\"description\":\"Private sightseeing tours and luxury transfers in Spain\",\"publisher\":{\"@id\":\"https:\/\/tourtravelandmore.com\/fr\/#organization\"},\"potentialAction\":[{\"@type\":\"SearchAction\",\"target\":{\"@type\":\"EntryPoint\",\"urlTemplate\":\"https:\/\/tourtravelandmore.com\/fr\/?s={search_term_string}\"},\"query-input\":{\"@type\":\"PropertyValueSpecification\",\"valueRequired\":true,\"valueName\":\"search_term_string\"}}],\"inLanguage\":\"fr-FR\"},{\"@type\":\"Organization\",\"@id\":\"https:\/\/tourtravelandmore.com\/fr\/#organization\",\"name\":\"Tour Travel And More\",\"url\":\"https:\/\/tourtravelandmore.com\/fr\/\",\"logo\":{\"@type\":\"ImageObject\",\"inLanguage\":\"fr-FR\",\"@id\":\"https:\/\/tourtravelandmore.com\/fr\/#\/schema\/logo\/image\/\",\"url\":\"https:\/\/tourtravelandmore.com\/wp-content\/uploads\/2022\/12\/cropped-logo-cabecera-new.png\",\"contentUrl\":\"https:\/\/tourtravelandmore.com\/wp-content\/uploads\/2022\/12\/cropped-logo-cabecera-new.png\",\"width\":430,\"height\":61,\"caption\":\"Tour Travel And More\"},\"image\":{\"@id\":\"https:\/\/tourtravelandmore.com\/fr\/#\/schema\/logo\/image\/\"},\"sameAs\":[\"https:\/\/www.facebook.com\/tourtravelandmore\/\",\"https:\/\/x.com\/TourTravel_More\"]}]}<\/script>\n<!-- \/ Yoast SEO Premium plugin. -->","yoast_head_json":{"title":"\u27a1\ufe0f Transferts priv\u00e9s \u00e0 Lisbonne avec Tour Travel and More","description":"D\u00e9couvrez les transferts de luxe \u00e0 Lisbonne. Des trajets sans faille, des v\u00e9hicules haut de gamme et un service d\u00e9di\u00e9, le tout dans un seul et m\u00eame forfait. \u2705","robots":{"index":"index","follow":"follow","max-snippet":"max-snippet:-1","max-image-preview":"max-image-preview:large","max-video-preview":"max-video-preview:-1"},"canonical":"https:\/\/tourtravelandmore.com\/fr\/tours\/portugal-fr\/lisbon-fr\/transfert-prive-de-lisbonne-vers-depuis-nimporte-quel-endroit\/","og_locale":"fr_FR","og_type":"article","og_title":"Transfert priv\u00e9 de Lisbonne - vers \/ depuis n'importe quel endroit","og_description":"D\u00e9couvrez les transferts de luxe \u00e0 Lisbonne. Des trajets sans faille, des v\u00e9hicules haut de gamme et un service d\u00e9di\u00e9, le tout dans un seul et m\u00eame forfait. \u2705","og_url":"https:\/\/tourtravelandmore.com\/fr\/tours\/portugal-fr\/lisbon-fr\/transfert-prive-de-lisbonne-vers-depuis-nimporte-quel-endroit\/","og_site_name":"Tour Travel And More","article_publisher":"https:\/\/www.facebook.com\/tourtravelandmore\/","article_modified_time":"2023-10-06T11:14:26+00:00","og_image":[{"width":640,"height":425,"url":"https:\/\/tourtravelandmore.com\/wp-content\/uploads\/2016\/10\/madrid-private-transfer.png","type":"image\/png"}],"twitter_card":"summary_large_image","twitter_site":"@TourTravel_More","twitter_misc":{"Dur\u00e9e de lecture estim\u00e9e":"3 minutes"},"schema":{"@context":"https:\/\/schema.org","@graph":[{"@type":"WebPage","@id":"https:\/\/tourtravelandmore.com\/fr\/tours\/portugal-fr\/lisbon-fr\/transfert-prive-de-lisbonne-vers-depuis-nimporte-quel-endroit\/","url":"https:\/\/tourtravelandmore.com\/fr\/tours\/portugal-fr\/lisbon-fr\/transfert-prive-de-lisbonne-vers-depuis-nimporte-quel-endroit\/","name":"\u27a1\ufe0f Transferts priv\u00e9s \u00e0 Lisbonne avec Tour Travel and More","isPartOf":{"@id":"https:\/\/tourtravelandmore.com\/fr\/#website"},"primaryImageOfPage":{"@id":"https:\/\/tourtravelandmore.com\/fr\/tours\/portugal-fr\/lisbon-fr\/transfert-prive-de-lisbonne-vers-depuis-nimporte-quel-endroit\/#primaryimage"},"image":{"@id":"https:\/\/tourtravelandmore.com\/fr\/tours\/portugal-fr\/lisbon-fr\/transfert-prive-de-lisbonne-vers-depuis-nimporte-quel-endroit\/#primaryimage"},"thumbnailUrl":"https:\/\/tourtravelandmore.com\/wp-content\/uploads\/2016\/10\/madrid-private-transfer.png","datePublished":"2019-09-04T11:17:55+00:00","dateModified":"2023-10-06T11:14:26+00:00","description":"D\u00e9couvrez les transferts de luxe \u00e0 Lisbonne. Des trajets sans faille, des v\u00e9hicules haut de gamme et un service d\u00e9di\u00e9, le tout dans un seul et m\u00eame forfait. \u2705","breadcrumb":{"@id":"https:\/\/tourtravelandmore.com\/fr\/tours\/portugal-fr\/lisbon-fr\/transfert-prive-de-lisbonne-vers-depuis-nimporte-quel-endroit\/#breadcrumb"},"inLanguage":"fr-FR","potentialAction":[{"@type":"ReadAction","target":["https:\/\/tourtravelandmore.com\/fr\/tours\/portugal-fr\/lisbon-fr\/transfert-prive-de-lisbonne-vers-depuis-nimporte-quel-endroit\/"]}]},{"@type":"ImageObject","inLanguage":"fr-FR","@id":"https:\/\/tourtravelandmore.com\/fr\/tours\/portugal-fr\/lisbon-fr\/transfert-prive-de-lisbonne-vers-depuis-nimporte-quel-endroit\/#primaryimage","url":"https:\/\/tourtravelandmore.com\/wp-content\/uploads\/2016\/10\/madrid-private-transfer.png","contentUrl":"https:\/\/tourtravelandmore.com\/wp-content\/uploads\/2016\/10\/madrid-private-transfer.png","width":640,"height":425,"caption":"Private Transfer"},{"@type":"BreadcrumbList","@id":"https:\/\/tourtravelandmore.com\/fr\/tours\/portugal-fr\/lisbon-fr\/transfert-prive-de-lisbonne-vers-depuis-nimporte-quel-endroit\/#breadcrumb","itemListElement":[{"@type":"ListItem","position":1,"name":"Home","item":"https:\/\/tourtravelandmore.com\/fr\/"},{"@type":"ListItem","position":2,"name":"Tours","item":"https:\/\/tourtravelandmore.com\/fr\/tours\/"},{"@type":"ListItem","position":3,"name":"Transfert priv\u00e9 de Lisbonne &#8211; vers \/ depuis n&rsquo;importe quel endroit"}]},{"@type":"WebSite","@id":"https:\/\/tourtravelandmore.com\/fr\/#website","url":"https:\/\/tourtravelandmore.com\/fr\/","name":"Tour Travel And More","description":"Private sightseeing tours and luxury transfers in Spain","publisher":{"@id":"https:\/\/tourtravelandmore.com\/fr\/#organization"},"potentialAction":[{"@type":"SearchAction","target":{"@type":"EntryPoint","urlTemplate":"https:\/\/tourtravelandmore.com\/fr\/?s={search_term_string}"},"query-input":{"@type":"PropertyValueSpecification","valueRequired":true,"valueName":"search_term_string"}}],"inLanguage":"fr-FR"},{"@type":"Organization","@id":"https:\/\/tourtravelandmore.com\/fr\/#organization","name":"Tour Travel And More","url":"https:\/\/tourtravelandmore.com\/fr\/","logo":{"@type":"ImageObject","inLanguage":"fr-FR","@id":"https:\/\/tourtravelandmore.com\/fr\/#\/schema\/logo\/image\/","url":"https:\/\/tourtravelandmore.com\/wp-content\/uploads\/2022\/12\/cropped-logo-cabecera-new.png","contentUrl":"https:\/\/tourtravelandmore.com\/wp-content\/uploads\/2022\/12\/cropped-logo-cabecera-new.png","width":430,"height":61,"caption":"Tour Travel And More"},"image":{"@id":"https:\/\/tourtravelandmore.com\/fr\/#\/schema\/logo\/image\/"},"sameAs":["https:\/\/www.facebook.com\/tourtravelandmore\/","https:\/\/x.com\/TourTravel_More"]}]}},"_links":{"self":[{"href":"https:\/\/tourtravelandmore.com\/fr\/wp-json\/wp\/v2\/product\/100754","targetHints":{"allow":["GET"]}}],"collection":[{"href":"https:\/\/tourtravelandmore.com\/fr\/wp-json\/wp\/v2\/product"}],"about":[{"href":"https:\/\/tourtravelandmore.com\/fr\/wp-json\/wp\/v2\/types\/product"}],"replies":[{"embeddable":true,"href":"https:\/\/tourtravelandmore.com\/fr\/wp-json\/wp\/v2\/comments?post=100754"}],"wp:featuredmedia":[{"embeddable":true,"href":"https:\/\/tourtravelandmore.com\/fr\/wp-json\/wp\/v2\/media\/93967"}],"wp:attachment":[{"href":"https:\/\/tourtravelandmore.com\/fr\/wp-json\/wp\/v2\/media?parent=100754"}],"wp:term":[{"taxonomy":"product_brand","embeddable":true,"href":"https:\/\/tourtravelandmore.com\/fr\/wp-json\/wp\/v2\/product_brand?post=100754"},{"taxonomy":"product_cat","embeddable":true,"href":"https:\/\/tourtravelandmore.com\/fr\/wp-json\/wp\/v2\/product_cat?post=100754"},{"taxonomy":"product_tag","embeddable":true,"href":"https:\/\/tourtravelandmore.com\/fr\/wp-json\/wp\/v2\/product_tag?post=100754"}],"curies":[{"name":"wp","href":"https:\/\/api.w.org\/{rel}","templated":true}]}}