{"id":100734,"date":"2017-11-16T13:34:31","date_gmt":"2017-11-16T12:34:31","guid":{"rendered":"https:\/\/tourtravelandmore.com\/tours\/non%20class\u00e9\/visite-privee-de-sintra-au-depart-de-lisbonne\/"},"modified":"2023-10-06T13:12:17","modified_gmt":"2023-10-06T11:12:17","slug":"visite-privee-de-sintra-au-depart-de-lisbonne","status":"publish","type":"product","link":"https:\/\/tourtravelandmore.com\/fr\/tours\/portugal-fr\/lisbon-fr\/visite-privee-de-sintra-au-depart-de-lisbonne\/","title":{"rendered":"Visite priv\u00e9e de Sintra au d\u00e9part de Lisbonne"},"content":{"rendered":"<h2><b>Visite priv\u00e9e de Sintra avec visite du palais de Pena et de la Quinta da Regaleira Description<\/b><\/h2>\n<p><span style=\"font-weight: 400;\">Plongez dans la beaut\u00e9 in\u00e9gal\u00e9e et la richesse historique de Sintra, un joyau situ\u00e9 dans la verdure dense d&#8217;un parc naturel. Ce village, au charme f\u00e9erique, semble sortir tout droit des pages d&#8217;un roman europ\u00e9en classique. En traversant les routes serpentines envelopp\u00e9es de for\u00eats mystiques et en respirant l&#8217;air frais de la montagne, chaque virage offre un nouveau point de vue, une nouvelle perspective.<\/span><\/p>\n<p><span style=\"font-weight: 400;\">Avec les conseils d&#8217;un guide priv\u00e9 expert et le confort d&#8217;un chauffeur d\u00e9vou\u00e9, vous \u00eates promis \u00e0 un voyage instructif \u00e0 travers la tapisserie d&#8217;histoires, de l\u00e9gendes et de merveilles architecturales qui rendent Sintra si sp\u00e9ciale. Cette exp\u00e9rience luxueuse, agr\u00e9ment\u00e9e d&#8217;un v\u00e9hicule personnel, vous permet d&#8217;absorber la beaut\u00e9 de Sintra \u00e0 votre propre rythme, en vous arr\u00eatant aux endroits qui vous int\u00e9ressent particuli\u00e8rement, et en vous attardant un peu plus longtemps pour capturer la photo parfaite ou le moment de r\u00e9flexion.<\/span><\/p>\n<h2><b>Visite priv\u00e9e de Sintra avec visite du palais de Pena et de la Quinta da Regaleira Points forts<\/b><\/h2>\n<p><span style=\"font-weight: 400;\">Sintra, joyau class\u00e9 au patrimoine mondial de l&#8217;UNESCO en 1995, offre un \u00e9ventail de tr\u00e9sors historiques et naturels in\u00e9gal\u00e9s. Deux des joyaux de la couronne de Sintra vous attendent : l&#8217;impressionnant Palacio da Pena, qui se dresse majestueusement au sommet du village, est un t\u00e9moignage du g\u00e9nie architectural, m\u00ealant avec brio les styles mauresque, Renaissance et manu\u00e9lin. Tout aussi captivante est la Quinta da Regaleira, un chef-d&#8217;\u0153uvre gothique \u00e0 l&#8217;allure mystique, avec ses tunnels \u00e9nigmatiques, ses grottes souterraines et l&#8217;envo\u00fbtant puits d&#8217;initiation qui s&#8217;enfonce en spirale dans la terre.<\/span><\/p>\n<p><span style=\"font-weight: 400;\">Mais l&#8217;attrait de Sintra ne se limite pas \u00e0 ces merveilles architecturales. Aventurez-vous un peu plus loin pour \u00eatre t\u00e9moin de la puissance brute de la nature \u00e0 la &#8220;Boca do Inferno&#8221;, une falaise spectaculaire sculpt\u00e9e par les vagues implacables de l&#8217;Atlantique. Non loin de l\u00e0, les plages tranquilles d'&#8221;El Guincho&#8221; vous attirent. Ses sables dor\u00e9s et ses eaux cristallines ont acquis une renomm\u00e9e cin\u00e9matographique en servant de d\u00e9cor \u00e0 une saga classique de James Bond. Alors que la brise de l&#8217;oc\u00e9an effleure votre visage et que l&#8217;histoire des si\u00e8cles murmure \u00e0 votre oreille, vous comprendrez la v\u00e9ritable essence de Sintra.<\/span><\/p>\n<p><span style=\"font-weight: 400;\">Avec Tour Travel and More comme guide, chaque pas promet une nouvelle d\u00e9couverte, chaque tournant une nouvelle r\u00e9v\u00e9lation. Pr\u00e9parez-vous \u00e0 vous laisser envo\u00fbter par la riche tapisserie d&#8217;histoires, de curiosit\u00e9s et de sensations qui font de Sintra une destination \u00e0 nulle autre pareille.<\/span><\/p>\n<h3><span style=\"font-weight: 400;\">Sites et lieux d&#8217;int\u00e9r\u00eat populaires \u00e0 Sintra<\/span><\/h3>\n<p>&nbsp;<\/p>\n<ul>\n<li style=\"font-weight: 400;\" aria-level=\"1\"><b>Palacio da Pena :<\/b><span style=\"font-weight: 400;\"> T\u00e9moin du romantisme du XIXe si\u00e8cle, ce palais pr\u00e9sente une palette de couleurs vives et un m\u00e9lange \u00e9clectique de styles architecturaux. Sa beaut\u00e9, associ\u00e9e \u00e0 son emplacement au sommet d&#8217;une colline, en fait un spectacle \u00e0 voir, offrant des vues panoramiques sur Sintra.<\/span><\/li>\n<li style=\"font-weight: 400;\" aria-level=\"1\"><b>Quinta da Regaleira :<\/b><span style=\"font-weight: 400;\"> ce domaine ne se r\u00e9sume pas \u00e0 sa grande maison, mais il est plus connu pour ses terrains \u00e9nigmatiques qui comprennent un ensemble de tunnels, de grottes et le puits d&#8217;initiation en spirale. Son ambiance mystique est ancr\u00e9e dans les symboles de l&#8217;alchimie, de la ma\u00e7onnerie et des Templiers.<\/span><\/li>\n<li style=\"font-weight: 400;\" aria-level=\"1\"><b>Boca do Inferno :<\/b><span style=\"font-weight: 400;\"> Traduite par &#8220;bouche de l&#8217;enfer&#8221;, cette formation rocheuse fascine par la danse agressive mais captivante des vagues qui s&#8217;\u00e9crasent dans les grottes.<\/span><\/li>\n<li style=\"font-weight: 400;\" aria-level=\"1\"><b>Plage d&#8217;El Guincho :<\/b><span style=\"font-weight: 400;\"> Un paradis c\u00f4tier serein connu pour son sable dor\u00e9 et appr\u00e9ci\u00e9 des surfeurs. Sa renomm\u00e9e cin\u00e9matographique ajoute une couche suppl\u00e9mentaire \u00e0 son attrait.<\/span><\/li>\n<li style=\"font-weight: 400;\" aria-level=\"1\"><b>Palais national de Sintra <\/b><span style=\"font-weight: 400;\">: Avec une histoire qui s&#8217;\u00e9tend sur un mill\u00e9naire, les chemin\u00e9es coniques jumelles uniques de ce palais et le m\u00e9lange des styles mauresque et manu\u00e9lin racontent son pass\u00e9 charg\u00e9 d&#8217;histoire.<\/span><\/li>\n<\/ul>\n<p><span style=\"font-weight: 400;\">Pour ceux qui ont attrap\u00e9 le virus de la fl\u00e2nerie en explorant Sintra, Tour Travel and More propose \u00e9galement un large \u00e9ventail de visites priv\u00e9es \u00e0 Lisbonne. Plongez dans la riche histoire et la <\/span><a href=\"https:\/\/tourtravelandmore.com\/fr\/city\/portugal-fr\/lisbon-fr\/\"><span style=\"font-weight: 400;\">culture vibrante du Portugal en explorant nos diverses offres sur le site web de Tour Travel and More.<\/span><\/a><\/p>\n","protected":false},"excerpt":{"rendered":"<p><span style=\"font-weight: 400;\">Plongez dans le monde enchanteur de Sintra avec notre visite priv\u00e9e, qui met en lumi\u00e8re le majestueux palais de Pena et la myst\u00e9rieuse Quinta da Regaleira, et d\u00e9couvrez la magie intemporelle qui captive les voyageurs depuis des si\u00e8cles.<\/span><\/p>\n","protected":false},"featured_media":94475,"comment_status":"open","ping_status":"closed","template":"","meta":{"_acf_changed":false},"product_brand":[],"product_cat":[4467,4469,3665],"product_tag":[],"class_list":{"0":"post-100734","1":"product","2":"type-product","3":"status-publish","4":"has-post-thumbnail","6":"product_cat-toutes-les-visites-et-activites-privees-fr-5","7":"product_cat-visites-guidees-privees-fr-6","8":"product_cat-lisbon-fr","10":"first","11":"instock","12":"shipping-taxable","13":"purchasable","14":"product-type-simple"},"acf":[],"yoast_head":"<!-- This site is optimized with the Yoast SEO Premium plugin v25.3.1 (Yoast SEO v25.3.1) - https:\/\/yoast.com\/wordpress\/plugins\/seo\/ -->\n<title>\u27a1\ufe0f Explorer Sintra : Visite priv\u00e9e du palais de Pena et de la Quinta da Regaleira<\/title>\n<meta name=\"description\" content=\"D\u00e9couvrez le monde magique de Sintra lors d&#039;une visite priv\u00e9e, avec des visites du Palais de Pena et de la Quinta da Regaleira. Plongez dans l&#039;histoire avec Tour Travel and More. \u2705\" \/>\n<meta name=\"robots\" content=\"index, follow, max-snippet:-1, max-image-preview:large, max-video-preview:-1\" \/>\n<link rel=\"canonical\" href=\"https:\/\/tourtravelandmore.com\/fr\/tours\/portugal-fr\/lisbon-fr\/visite-privee-de-sintra-au-depart-de-lisbonne\/\" \/>\n<meta property=\"og:locale\" content=\"fr_FR\" \/>\n<meta property=\"og:type\" content=\"article\" \/>\n<meta property=\"og:title\" content=\"Visite priv\u00e9e de Sintra au d\u00e9part de Lisbonne\" \/>\n<meta property=\"og:description\" content=\"D\u00e9couvrez le monde magique de Sintra lors d&#039;une visite priv\u00e9e, avec des visites du Palais de Pena et de la Quinta da Regaleira. Plongez dans l&#039;histoire avec Tour Travel and More. \u2705\" \/>\n<meta property=\"og:url\" content=\"https:\/\/tourtravelandmore.com\/fr\/tours\/portugal-fr\/lisbon-fr\/visite-privee-de-sintra-au-depart-de-lisbonne\/\" \/>\n<meta property=\"og:site_name\" content=\"Tour Travel And More\" \/>\n<meta property=\"article:publisher\" content=\"https:\/\/www.facebook.com\/tourtravelandmore\/\" \/>\n<meta property=\"article:modified_time\" content=\"2023-10-06T11:12:17+00:00\" \/>\n<meta property=\"og:image\" content=\"https:\/\/tourtravelandmore.com\/wp-content\/uploads\/2017\/11\/Vista_de_Sintra1-1.jpg\" \/>\n\t<meta property=\"og:image:width\" content=\"1999\" \/>\n\t<meta property=\"og:image:height\" content=\"1499\" \/>\n\t<meta property=\"og:image:type\" content=\"image\/jpeg\" \/>\n<meta name=\"twitter:card\" content=\"summary_large_image\" \/>\n<meta name=\"twitter:site\" content=\"@TourTravel_More\" \/>\n<meta name=\"twitter:label1\" content=\"Dur\u00e9e de lecture estim\u00e9e\" \/>\n\t<meta name=\"twitter:data1\" content=\"4 minutes\" \/>\n<script type=\"application\/ld+json\" class=\"yoast-schema-graph\">{\"@context\":\"https:\/\/schema.org\",\"@graph\":[{\"@type\":\"WebPage\",\"@id\":\"https:\/\/tourtravelandmore.com\/fr\/tours\/portugal-fr\/lisbon-fr\/visite-privee-de-sintra-au-depart-de-lisbonne\/\",\"url\":\"https:\/\/tourtravelandmore.com\/fr\/tours\/portugal-fr\/lisbon-fr\/visite-privee-de-sintra-au-depart-de-lisbonne\/\",\"name\":\"\u27a1\ufe0f Explorer Sintra : Visite priv\u00e9e du palais de Pena et de la Quinta da Regaleira\",\"isPartOf\":{\"@id\":\"https:\/\/tourtravelandmore.com\/fr\/#website\"},\"primaryImageOfPage\":{\"@id\":\"https:\/\/tourtravelandmore.com\/fr\/tours\/portugal-fr\/lisbon-fr\/visite-privee-de-sintra-au-depart-de-lisbonne\/#primaryimage\"},\"image\":{\"@id\":\"https:\/\/tourtravelandmore.com\/fr\/tours\/portugal-fr\/lisbon-fr\/visite-privee-de-sintra-au-depart-de-lisbonne\/#primaryimage\"},\"thumbnailUrl\":\"https:\/\/tourtravelandmore.com\/wp-content\/uploads\/2017\/11\/Vista_de_Sintra1-1.jpg\",\"datePublished\":\"2017-11-16T12:34:31+00:00\",\"dateModified\":\"2023-10-06T11:12:17+00:00\",\"description\":\"D\u00e9couvrez le monde magique de Sintra lors d'une visite priv\u00e9e, avec des visites du Palais de Pena et de la Quinta da Regaleira. Plongez dans l'histoire avec Tour Travel and More. \u2705\",\"breadcrumb\":{\"@id\":\"https:\/\/tourtravelandmore.com\/fr\/tours\/portugal-fr\/lisbon-fr\/visite-privee-de-sintra-au-depart-de-lisbonne\/#breadcrumb\"},\"inLanguage\":\"fr-FR\",\"potentialAction\":[{\"@type\":\"ReadAction\",\"target\":[\"https:\/\/tourtravelandmore.com\/fr\/tours\/portugal-fr\/lisbon-fr\/visite-privee-de-sintra-au-depart-de-lisbonne\/\"]}]},{\"@type\":\"ImageObject\",\"inLanguage\":\"fr-FR\",\"@id\":\"https:\/\/tourtravelandmore.com\/fr\/tours\/portugal-fr\/lisbon-fr\/visite-privee-de-sintra-au-depart-de-lisbonne\/#primaryimage\",\"url\":\"https:\/\/tourtravelandmore.com\/wp-content\/uploads\/2017\/11\/Vista_de_Sintra1-1.jpg\",\"contentUrl\":\"https:\/\/tourtravelandmore.com\/wp-content\/uploads\/2017\/11\/Vista_de_Sintra1-1.jpg\",\"width\":1999,\"height\":1499},{\"@type\":\"BreadcrumbList\",\"@id\":\"https:\/\/tourtravelandmore.com\/fr\/tours\/portugal-fr\/lisbon-fr\/visite-privee-de-sintra-au-depart-de-lisbonne\/#breadcrumb\",\"itemListElement\":[{\"@type\":\"ListItem\",\"position\":1,\"name\":\"Home\",\"item\":\"https:\/\/tourtravelandmore.com\/fr\/\"},{\"@type\":\"ListItem\",\"position\":2,\"name\":\"Tours\",\"item\":\"https:\/\/tourtravelandmore.com\/fr\/tours\/\"},{\"@type\":\"ListItem\",\"position\":3,\"name\":\"Visite priv\u00e9e de Sintra au d\u00e9part de Lisbonne\"}]},{\"@type\":\"WebSite\",\"@id\":\"https:\/\/tourtravelandmore.com\/fr\/#website\",\"url\":\"https:\/\/tourtravelandmore.com\/fr\/\",\"name\":\"Tour Travel And More\",\"description\":\"Private sightseeing tours and luxury transfers in Spain\",\"publisher\":{\"@id\":\"https:\/\/tourtravelandmore.com\/fr\/#organization\"},\"potentialAction\":[{\"@type\":\"SearchAction\",\"target\":{\"@type\":\"EntryPoint\",\"urlTemplate\":\"https:\/\/tourtravelandmore.com\/fr\/?s={search_term_string}\"},\"query-input\":{\"@type\":\"PropertyValueSpecification\",\"valueRequired\":true,\"valueName\":\"search_term_string\"}}],\"inLanguage\":\"fr-FR\"},{\"@type\":\"Organization\",\"@id\":\"https:\/\/tourtravelandmore.com\/fr\/#organization\",\"name\":\"Tour Travel And More\",\"url\":\"https:\/\/tourtravelandmore.com\/fr\/\",\"logo\":{\"@type\":\"ImageObject\",\"inLanguage\":\"fr-FR\",\"@id\":\"https:\/\/tourtravelandmore.com\/fr\/#\/schema\/logo\/image\/\",\"url\":\"https:\/\/tourtravelandmore.com\/wp-content\/uploads\/2022\/12\/cropped-logo-cabecera-new.png\",\"contentUrl\":\"https:\/\/tourtravelandmore.com\/wp-content\/uploads\/2022\/12\/cropped-logo-cabecera-new.png\",\"width\":430,\"height\":61,\"caption\":\"Tour Travel And More\"},\"image\":{\"@id\":\"https:\/\/tourtravelandmore.com\/fr\/#\/schema\/logo\/image\/\"},\"sameAs\":[\"https:\/\/www.facebook.com\/tourtravelandmore\/\",\"https:\/\/x.com\/TourTravel_More\"]}]}<\/script>\n<!-- \/ Yoast SEO Premium plugin. -->","yoast_head_json":{"title":"\u27a1\ufe0f Explorer Sintra : Visite priv\u00e9e du palais de Pena et de la Quinta da Regaleira","description":"D\u00e9couvrez le monde magique de Sintra lors d'une visite priv\u00e9e, avec des visites du Palais de Pena et de la Quinta da Regaleira. Plongez dans l'histoire avec Tour Travel and More. \u2705","robots":{"index":"index","follow":"follow","max-snippet":"max-snippet:-1","max-image-preview":"max-image-preview:large","max-video-preview":"max-video-preview:-1"},"canonical":"https:\/\/tourtravelandmore.com\/fr\/tours\/portugal-fr\/lisbon-fr\/visite-privee-de-sintra-au-depart-de-lisbonne\/","og_locale":"fr_FR","og_type":"article","og_title":"Visite priv\u00e9e de Sintra au d\u00e9part de Lisbonne","og_description":"D\u00e9couvrez le monde magique de Sintra lors d'une visite priv\u00e9e, avec des visites du Palais de Pena et de la Quinta da Regaleira. Plongez dans l'histoire avec Tour Travel and More. \u2705","og_url":"https:\/\/tourtravelandmore.com\/fr\/tours\/portugal-fr\/lisbon-fr\/visite-privee-de-sintra-au-depart-de-lisbonne\/","og_site_name":"Tour Travel And More","article_publisher":"https:\/\/www.facebook.com\/tourtravelandmore\/","article_modified_time":"2023-10-06T11:12:17+00:00","og_image":[{"width":1999,"height":1499,"url":"https:\/\/tourtravelandmore.com\/wp-content\/uploads\/2017\/11\/Vista_de_Sintra1-1.jpg","type":"image\/jpeg"}],"twitter_card":"summary_large_image","twitter_site":"@TourTravel_More","twitter_misc":{"Dur\u00e9e de lecture estim\u00e9e":"4 minutes"},"schema":{"@context":"https:\/\/schema.org","@graph":[{"@type":"WebPage","@id":"https:\/\/tourtravelandmore.com\/fr\/tours\/portugal-fr\/lisbon-fr\/visite-privee-de-sintra-au-depart-de-lisbonne\/","url":"https:\/\/tourtravelandmore.com\/fr\/tours\/portugal-fr\/lisbon-fr\/visite-privee-de-sintra-au-depart-de-lisbonne\/","name":"\u27a1\ufe0f Explorer Sintra : Visite priv\u00e9e du palais de Pena et de la Quinta da Regaleira","isPartOf":{"@id":"https:\/\/tourtravelandmore.com\/fr\/#website"},"primaryImageOfPage":{"@id":"https:\/\/tourtravelandmore.com\/fr\/tours\/portugal-fr\/lisbon-fr\/visite-privee-de-sintra-au-depart-de-lisbonne\/#primaryimage"},"image":{"@id":"https:\/\/tourtravelandmore.com\/fr\/tours\/portugal-fr\/lisbon-fr\/visite-privee-de-sintra-au-depart-de-lisbonne\/#primaryimage"},"thumbnailUrl":"https:\/\/tourtravelandmore.com\/wp-content\/uploads\/2017\/11\/Vista_de_Sintra1-1.jpg","datePublished":"2017-11-16T12:34:31+00:00","dateModified":"2023-10-06T11:12:17+00:00","description":"D\u00e9couvrez le monde magique de Sintra lors d'une visite priv\u00e9e, avec des visites du Palais de Pena et de la Quinta da Regaleira. Plongez dans l'histoire avec Tour Travel and More. \u2705","breadcrumb":{"@id":"https:\/\/tourtravelandmore.com\/fr\/tours\/portugal-fr\/lisbon-fr\/visite-privee-de-sintra-au-depart-de-lisbonne\/#breadcrumb"},"inLanguage":"fr-FR","potentialAction":[{"@type":"ReadAction","target":["https:\/\/tourtravelandmore.com\/fr\/tours\/portugal-fr\/lisbon-fr\/visite-privee-de-sintra-au-depart-de-lisbonne\/"]}]},{"@type":"ImageObject","inLanguage":"fr-FR","@id":"https:\/\/tourtravelandmore.com\/fr\/tours\/portugal-fr\/lisbon-fr\/visite-privee-de-sintra-au-depart-de-lisbonne\/#primaryimage","url":"https:\/\/tourtravelandmore.com\/wp-content\/uploads\/2017\/11\/Vista_de_Sintra1-1.jpg","contentUrl":"https:\/\/tourtravelandmore.com\/wp-content\/uploads\/2017\/11\/Vista_de_Sintra1-1.jpg","width":1999,"height":1499},{"@type":"BreadcrumbList","@id":"https:\/\/tourtravelandmore.com\/fr\/tours\/portugal-fr\/lisbon-fr\/visite-privee-de-sintra-au-depart-de-lisbonne\/#breadcrumb","itemListElement":[{"@type":"ListItem","position":1,"name":"Home","item":"https:\/\/tourtravelandmore.com\/fr\/"},{"@type":"ListItem","position":2,"name":"Tours","item":"https:\/\/tourtravelandmore.com\/fr\/tours\/"},{"@type":"ListItem","position":3,"name":"Visite priv\u00e9e de Sintra au d\u00e9part de Lisbonne"}]},{"@type":"WebSite","@id":"https:\/\/tourtravelandmore.com\/fr\/#website","url":"https:\/\/tourtravelandmore.com\/fr\/","name":"Tour Travel And More","description":"Private sightseeing tours and luxury transfers in Spain","publisher":{"@id":"https:\/\/tourtravelandmore.com\/fr\/#organization"},"potentialAction":[{"@type":"SearchAction","target":{"@type":"EntryPoint","urlTemplate":"https:\/\/tourtravelandmore.com\/fr\/?s={search_term_string}"},"query-input":{"@type":"PropertyValueSpecification","valueRequired":true,"valueName":"search_term_string"}}],"inLanguage":"fr-FR"},{"@type":"Organization","@id":"https:\/\/tourtravelandmore.com\/fr\/#organization","name":"Tour Travel And More","url":"https:\/\/tourtravelandmore.com\/fr\/","logo":{"@type":"ImageObject","inLanguage":"fr-FR","@id":"https:\/\/tourtravelandmore.com\/fr\/#\/schema\/logo\/image\/","url":"https:\/\/tourtravelandmore.com\/wp-content\/uploads\/2022\/12\/cropped-logo-cabecera-new.png","contentUrl":"https:\/\/tourtravelandmore.com\/wp-content\/uploads\/2022\/12\/cropped-logo-cabecera-new.png","width":430,"height":61,"caption":"Tour Travel And More"},"image":{"@id":"https:\/\/tourtravelandmore.com\/fr\/#\/schema\/logo\/image\/"},"sameAs":["https:\/\/www.facebook.com\/tourtravelandmore\/","https:\/\/x.com\/TourTravel_More"]}]}},"_links":{"self":[{"href":"https:\/\/tourtravelandmore.com\/fr\/wp-json\/wp\/v2\/product\/100734","targetHints":{"allow":["GET"]}}],"collection":[{"href":"https:\/\/tourtravelandmore.com\/fr\/wp-json\/wp\/v2\/product"}],"about":[{"href":"https:\/\/tourtravelandmore.com\/fr\/wp-json\/wp\/v2\/types\/product"}],"replies":[{"embeddable":true,"href":"https:\/\/tourtravelandmore.com\/fr\/wp-json\/wp\/v2\/comments?post=100734"}],"wp:featuredmedia":[{"embeddable":true,"href":"https:\/\/tourtravelandmore.com\/fr\/wp-json\/wp\/v2\/media\/94475"}],"wp:attachment":[{"href":"https:\/\/tourtravelandmore.com\/fr\/wp-json\/wp\/v2\/media?parent=100734"}],"wp:term":[{"taxonomy":"product_brand","embeddable":true,"href":"https:\/\/tourtravelandmore.com\/fr\/wp-json\/wp\/v2\/product_brand?post=100734"},{"taxonomy":"product_cat","embeddable":true,"href":"https:\/\/tourtravelandmore.com\/fr\/wp-json\/wp\/v2\/product_cat?post=100734"},{"taxonomy":"product_tag","embeddable":true,"href":"https:\/\/tourtravelandmore.com\/fr\/wp-json\/wp\/v2\/product_tag?post=100734"}],"curies":[{"name":"wp","href":"https:\/\/api.w.org\/{rel}","templated":true}]}}