{"id":100729,"date":"2017-11-16T10:50:35","date_gmt":"2017-11-16T09:50:35","guid":{"rendered":"https:\/\/tourtravelandmore.com\/tours\/non%20class\u00e9\/visite-privee-de-lisbonne\/"},"modified":"2023-10-06T13:06:01","modified_gmt":"2023-10-06T11:06:01","slug":"visite-privee-de-lisbonne","status":"publish","type":"product","link":"https:\/\/tourtravelandmore.com\/fr\/tours\/portugal-fr\/lisbon-fr\/visite-privee-de-lisbonne\/","title":{"rendered":"Visite priv\u00e9e de Lisbonne"},"content":{"rendered":"<h2><b>Visite priv\u00e9e de Lisbonne Description<\/b><\/h2>\n<p><span style=\"font-weight: 400;\">Lisbonne, phare mondial de la richesse culturelle et de la grandeur architecturale, promet un voyage inoubliable \u00e0 travers ses rues sinueuses et ses points de vue panoramiques. Souvent surnomm\u00e9e la &#8220;ville aux sept collines&#8221;, son vaste paysage est brod\u00e9 d&#8217;un m\u00e9lange de toits en terre cuite, d&#8217;anciennes cath\u00e9drales et de quartiers anim\u00e9s, tous porteurs d&#8217;histoires d&#8217;\u00e9poques r\u00e9volues.<\/span><\/p>\n<p><span style=\"font-weight: 400;\">Avec Tour Travel &amp; More, d\u00e9couvrez cette ville majestueuse dans le confort d&#8217;un v\u00e9hicule de luxe, en compagnie d&#8217;un guide et d&#8217;un chauffeur exp\u00e9riment\u00e9s. Laissez-nous vous emmener \u00e0 travers la captivante tapisserie de l&#8217;histoire de Lisbonne, depuis ses anciens murs jusqu&#8217;\u00e0 son dynamisme moderne, en passant par son pass\u00e9 mauresque, l&#8217;\u00e2ge des d\u00e9couvertes et son \u00e9volution en une capitale europ\u00e9enne qui allie sans peine tradition et contemporan\u00e9it\u00e9.<\/span><\/p>\n<p><span style=\"font-weight: 400;\">Au d\u00e9part de l&#8217;endroit de votre choix \u00e0 Lisbonne, l&#8217;expertise de l&#8217;\u00e9quipe de Tour Travel and More garantit une visite adapt\u00e9e \u00e0 vos int\u00e9r\u00eats personnels, optimisant chaque moment de l&#8217;excursion de 4 heures. Nich\u00e9e le long de la c\u00f4te atlantique et entour\u00e9e par les eaux tranquilles du Tage, Lisbonne ne s&#8217;enorgueillit pas seulement d&#8217;une aura moderne et progressiste, mais ch\u00e9rit \u00e9galement ses traditions uniques et son riche patrimoine. Des airs m\u00e9lancoliques du fado qui r\u00e9sonnent dans les ruelles \u00e9troites \u00e0 la grandeur de ses places et de ses monuments, la ville offre une palette vari\u00e9e d&#8217;exp\u00e9riences.<\/span><\/p>\n<p><span style=\"font-weight: 400;\">Notre voyage nous donnera \u00e9galement un aper\u00e7u des c\u00e9l\u00e8bres azulejos de Lisbonne &#8211; des carreaux de c\u00e9ramique peints de fa\u00e7on complexe qui ornent diverses fa\u00e7ades, racontant l&#8217;histoire de la gloire maritime de la ville, de la d\u00e9votion religieuse et de la vie quotidienne.<\/span><\/p>\n<h2><b>Visite priv\u00e9e des points d&#8217;int\u00e9r\u00eat et des monuments de Lisbonne<\/b><\/h2>\n<p><span style=\"font-weight: 400;\">L&#8217;enchantement de Lisbonne vous attire, et avec Tour Travel &amp; More, votre exploration devient une danse complexe \u00e0 travers les \u00e9poques, l&#8217;architecture et les cultures. Commencez votre visite par une prise en charge sur mesure par notre guide \u00e9rudit et notre chauffeur comp\u00e9tent, qui vous assureront confort et commentaires \u00e9clair\u00e9s.<\/span><\/p>\n<p><span style=\"font-weight: 400;\">Votre premi\u00e8re destination sera les rues us\u00e9es par le temps de l&#8217;Alfama, le plus ancien quartier de Lisbonne. Alors que les m\u00e9lodies m\u00e9lodieuses du fado r\u00e9sonnent dans l&#8217;air, on peut presque entendre les chuchotements des contes mauresques et des \u00e9poques r\u00e9volues. Les ruelles labyrinthiques de l&#8217;Alfama offrent une exp\u00e9rience tactile de l&#8217;histoire, chaque pav\u00e9 et chaque fa\u00e7ade racontant des histoires de passion, de d\u00e9sir et de r\u00e9silience.<\/span><\/p>\n<p><span style=\"font-weight: 400;\">L&#8217;imposante silhouette du ch\u00e2teau de Saint-Georges (Castelo de S\u00e3o Jorge) vous attend ensuite. Perch\u00e9 au sommet d&#8217;une colline, le ch\u00e2teau n&#8217;offre pas seulement une vue panoramique sur la ville et le fleuve Tage, mais se dresse aussi comme une sentinelle du pass\u00e9 multiforme de Lisbonne, des Wisigoths aux Maures.<\/span><\/p>\n<p><span style=\"font-weight: 400;\">Passant de l&#8217;ancien \u00e0 la renaissance architecturale, nous vous guidons vers Baixa. Ph\u00e9nix renaissant des cendres du tragique tremblement de terre de 1755, elle t\u00e9moigne de la vision du marquis de Pombal. Promenez-vous sur ses grandes places, admirez l&#8217;architecture pombaline et faites du shopping sur ses \u00e9l\u00e9gants boulevards.<\/span><\/p>\n<p><span style=\"font-weight: 400;\">Poursuivez votre immersion culturelle en vous aventurant dans le Chiado, o\u00f9 l&#8217;esprit des po\u00e8tes, des \u00e9crivains et des penseurs perdure dans les caf\u00e9s et les librairies. Le contraste est saisissant avec l&#8217;\u00e9nergie tr\u00e9pidante du Bairro Alto. Le jour, c&#8217;est un quartier pittoresque, mais \u00e0 la nuit tomb\u00e9e, il se transforme en un centre anim\u00e9, avec des maisons de fado, des bars et des restaurants qui cr\u00e9ent une sc\u00e8ne nocturne vibrante.<\/span><\/p>\n<p><span style=\"font-weight: 400;\">Au terme de cette exp\u00e9dition enrichissante, notre priorit\u00e9 reste votre confort et votre satisfaction. Nous vous raccompagnerons en toute s\u00e9curit\u00e9 au point d&#8217;arriv\u00e9e que vous aurez choisi \u00e0 Lisbonne, en esp\u00e9rant que les r\u00e9cits, les saveurs et les sites de la ville auront trouv\u00e9 une place permanente dans votre c\u0153ur.<\/span><\/p>\n<p><a href=\"https:\/\/tourtravelandmore.com\/fr\/city\/portugal-fr\/lisbon-fr\/\"><span style=\"font-weight: 400;\">Pour une exploration plus large de Lisbonne et des merveilles qui l&#8217;entourent, parcourez la longue liste de visites priv\u00e9es propos\u00e9es par Tour Travel and More.<\/span><\/a><span style=\"font-weight: 400;\"> Chaque exp\u00e9rience unique garantit un voyage intime et luxueux dans la riche tapisserie du Portugal. Plongez plus profond\u00e9ment dans l&#8217;attrait de la ville avec nous.<\/span><\/p>\n","protected":false},"excerpt":{"rendered":"<p><span style=\"font-weight: 400;\">D\u00e9couvrez la ville enchanteresse de Lisbonne gr\u00e2ce \u00e0 notre visite priv\u00e9e exclusive de 4 heures. Plongez dans sa riche histoire, admirez son architecture unique et laissez nos guides bien inform\u00e9s vous d\u00e9voiler ses secrets, le tout dans le confort d&#8217;un v\u00e9hicule de luxe. Propos\u00e9 par Tour Travel and More.<\/span><\/p>\n","protected":false},"featured_media":94643,"comment_status":"open","ping_status":"closed","template":"","meta":{"_acf_changed":false},"product_brand":[],"product_cat":[4467,4469,3665],"product_tag":[],"class_list":{"0":"post-100729","1":"product","2":"type-product","3":"status-publish","4":"has-post-thumbnail","6":"product_cat-toutes-les-visites-et-activites-privees-fr-5","7":"product_cat-visites-guidees-privees-fr-6","8":"product_cat-lisbon-fr","10":"first","11":"instock","12":"shipping-taxable","13":"purchasable","14":"product-type-simple"},"acf":[],"yoast_head":"<!-- This site is optimized with the Yoast SEO Premium plugin v25.3.1 (Yoast SEO v25.3.1) - https:\/\/yoast.com\/wordpress\/plugins\/seo\/ -->\n<title>\u27a1\ufe0f Visite priv\u00e9e de Lisbonne - Exploration luxueuse avec Tour Travel and More<\/title>\n<meta name=\"description\" content=\"D\u00e9couvrez les richesses culturelles et les joyaux historiques de Lisbonne lors d&#039;une visite priv\u00e9e de 4 heures. Plongez dans les profondeurs avec des guides experts et dans un confort luxueux. R\u00e9servez avec Tour Travel and More d\u00e8s aujourd&#039;hui ! \u2705\" \/>\n<meta name=\"robots\" content=\"index, follow, max-snippet:-1, max-image-preview:large, max-video-preview:-1\" \/>\n<link rel=\"canonical\" href=\"https:\/\/tourtravelandmore.com\/fr\/tours\/portugal-fr\/lisbon-fr\/visite-privee-de-lisbonne\/\" \/>\n<meta property=\"og:locale\" content=\"fr_FR\" \/>\n<meta property=\"og:type\" content=\"article\" \/>\n<meta property=\"og:title\" content=\"Visite priv\u00e9e de Lisbonne\" \/>\n<meta property=\"og:description\" content=\"D\u00e9couvrez les richesses culturelles et les joyaux historiques de Lisbonne lors d&#039;une visite priv\u00e9e de 4 heures. Plongez dans les profondeurs avec des guides experts et dans un confort luxueux. R\u00e9servez avec Tour Travel and More d\u00e8s aujourd&#039;hui ! \u2705\" \/>\n<meta property=\"og:url\" content=\"https:\/\/tourtravelandmore.com\/fr\/tours\/portugal-fr\/lisbon-fr\/visite-privee-de-lisbonne\/\" \/>\n<meta property=\"og:site_name\" content=\"Tour Travel And More\" \/>\n<meta property=\"article:publisher\" content=\"https:\/\/www.facebook.com\/tourtravelandmore\/\" \/>\n<meta property=\"article:modified_time\" content=\"2023-10-06T11:06:01+00:00\" \/>\n<meta property=\"og:image\" content=\"https:\/\/tourtravelandmore.com\/wp-content\/uploads\/2017\/11\/lisboa-1.jpg\" \/>\n\t<meta property=\"og:image:width\" content=\"560\" \/>\n\t<meta property=\"og:image:height\" content=\"420\" \/>\n\t<meta property=\"og:image:type\" content=\"image\/jpeg\" \/>\n<meta name=\"twitter:card\" content=\"summary_large_image\" \/>\n<meta name=\"twitter:site\" content=\"@TourTravel_More\" \/>\n<meta name=\"twitter:label1\" content=\"Dur\u00e9e de lecture estim\u00e9e\" \/>\n\t<meta name=\"twitter:data1\" content=\"4 minutes\" \/>\n<script type=\"application\/ld+json\" class=\"yoast-schema-graph\">{\"@context\":\"https:\/\/schema.org\",\"@graph\":[{\"@type\":\"WebPage\",\"@id\":\"https:\/\/tourtravelandmore.com\/fr\/tours\/portugal-fr\/lisbon-fr\/visite-privee-de-lisbonne\/\",\"url\":\"https:\/\/tourtravelandmore.com\/fr\/tours\/portugal-fr\/lisbon-fr\/visite-privee-de-lisbonne\/\",\"name\":\"\u27a1\ufe0f Visite priv\u00e9e de Lisbonne - Exploration luxueuse avec Tour Travel and More\",\"isPartOf\":{\"@id\":\"https:\/\/tourtravelandmore.com\/fr\/#website\"},\"primaryImageOfPage\":{\"@id\":\"https:\/\/tourtravelandmore.com\/fr\/tours\/portugal-fr\/lisbon-fr\/visite-privee-de-lisbonne\/#primaryimage\"},\"image\":{\"@id\":\"https:\/\/tourtravelandmore.com\/fr\/tours\/portugal-fr\/lisbon-fr\/visite-privee-de-lisbonne\/#primaryimage\"},\"thumbnailUrl\":\"https:\/\/tourtravelandmore.com\/wp-content\/uploads\/2017\/11\/lisboa-1.jpg\",\"datePublished\":\"2017-11-16T09:50:35+00:00\",\"dateModified\":\"2023-10-06T11:06:01+00:00\",\"description\":\"D\u00e9couvrez les richesses culturelles et les joyaux historiques de Lisbonne lors d'une visite priv\u00e9e de 4 heures. Plongez dans les profondeurs avec des guides experts et dans un confort luxueux. R\u00e9servez avec Tour Travel and More d\u00e8s aujourd'hui ! \u2705\",\"breadcrumb\":{\"@id\":\"https:\/\/tourtravelandmore.com\/fr\/tours\/portugal-fr\/lisbon-fr\/visite-privee-de-lisbonne\/#breadcrumb\"},\"inLanguage\":\"fr-FR\",\"potentialAction\":[{\"@type\":\"ReadAction\",\"target\":[\"https:\/\/tourtravelandmore.com\/fr\/tours\/portugal-fr\/lisbon-fr\/visite-privee-de-lisbonne\/\"]}]},{\"@type\":\"ImageObject\",\"inLanguage\":\"fr-FR\",\"@id\":\"https:\/\/tourtravelandmore.com\/fr\/tours\/portugal-fr\/lisbon-fr\/visite-privee-de-lisbonne\/#primaryimage\",\"url\":\"https:\/\/tourtravelandmore.com\/wp-content\/uploads\/2017\/11\/lisboa-1.jpg\",\"contentUrl\":\"https:\/\/tourtravelandmore.com\/wp-content\/uploads\/2017\/11\/lisboa-1.jpg\",\"width\":560,\"height\":420},{\"@type\":\"BreadcrumbList\",\"@id\":\"https:\/\/tourtravelandmore.com\/fr\/tours\/portugal-fr\/lisbon-fr\/visite-privee-de-lisbonne\/#breadcrumb\",\"itemListElement\":[{\"@type\":\"ListItem\",\"position\":1,\"name\":\"Home\",\"item\":\"https:\/\/tourtravelandmore.com\/fr\/\"},{\"@type\":\"ListItem\",\"position\":2,\"name\":\"Tours\",\"item\":\"https:\/\/tourtravelandmore.com\/fr\/tours\/\"},{\"@type\":\"ListItem\",\"position\":3,\"name\":\"Visite priv\u00e9e de Lisbonne\"}]},{\"@type\":\"WebSite\",\"@id\":\"https:\/\/tourtravelandmore.com\/fr\/#website\",\"url\":\"https:\/\/tourtravelandmore.com\/fr\/\",\"name\":\"Tour Travel And More\",\"description\":\"Private sightseeing tours and luxury transfers in Spain\",\"publisher\":{\"@id\":\"https:\/\/tourtravelandmore.com\/fr\/#organization\"},\"potentialAction\":[{\"@type\":\"SearchAction\",\"target\":{\"@type\":\"EntryPoint\",\"urlTemplate\":\"https:\/\/tourtravelandmore.com\/fr\/?s={search_term_string}\"},\"query-input\":{\"@type\":\"PropertyValueSpecification\",\"valueRequired\":true,\"valueName\":\"search_term_string\"}}],\"inLanguage\":\"fr-FR\"},{\"@type\":\"Organization\",\"@id\":\"https:\/\/tourtravelandmore.com\/fr\/#organization\",\"name\":\"Tour Travel And More\",\"url\":\"https:\/\/tourtravelandmore.com\/fr\/\",\"logo\":{\"@type\":\"ImageObject\",\"inLanguage\":\"fr-FR\",\"@id\":\"https:\/\/tourtravelandmore.com\/fr\/#\/schema\/logo\/image\/\",\"url\":\"https:\/\/tourtravelandmore.com\/wp-content\/uploads\/2022\/12\/cropped-logo-cabecera-new.png\",\"contentUrl\":\"https:\/\/tourtravelandmore.com\/wp-content\/uploads\/2022\/12\/cropped-logo-cabecera-new.png\",\"width\":430,\"height\":61,\"caption\":\"Tour Travel And More\"},\"image\":{\"@id\":\"https:\/\/tourtravelandmore.com\/fr\/#\/schema\/logo\/image\/\"},\"sameAs\":[\"https:\/\/www.facebook.com\/tourtravelandmore\/\",\"https:\/\/x.com\/TourTravel_More\"]}]}<\/script>\n<!-- \/ Yoast SEO Premium plugin. -->","yoast_head_json":{"title":"\u27a1\ufe0f Visite priv\u00e9e de Lisbonne - Exploration luxueuse avec Tour Travel and More","description":"D\u00e9couvrez les richesses culturelles et les joyaux historiques de Lisbonne lors d'une visite priv\u00e9e de 4 heures. Plongez dans les profondeurs avec des guides experts et dans un confort luxueux. R\u00e9servez avec Tour Travel and More d\u00e8s aujourd'hui ! \u2705","robots":{"index":"index","follow":"follow","max-snippet":"max-snippet:-1","max-image-preview":"max-image-preview:large","max-video-preview":"max-video-preview:-1"},"canonical":"https:\/\/tourtravelandmore.com\/fr\/tours\/portugal-fr\/lisbon-fr\/visite-privee-de-lisbonne\/","og_locale":"fr_FR","og_type":"article","og_title":"Visite priv\u00e9e de Lisbonne","og_description":"D\u00e9couvrez les richesses culturelles et les joyaux historiques de Lisbonne lors d'une visite priv\u00e9e de 4 heures. Plongez dans les profondeurs avec des guides experts et dans un confort luxueux. R\u00e9servez avec Tour Travel and More d\u00e8s aujourd'hui ! \u2705","og_url":"https:\/\/tourtravelandmore.com\/fr\/tours\/portugal-fr\/lisbon-fr\/visite-privee-de-lisbonne\/","og_site_name":"Tour Travel And More","article_publisher":"https:\/\/www.facebook.com\/tourtravelandmore\/","article_modified_time":"2023-10-06T11:06:01+00:00","og_image":[{"width":560,"height":420,"url":"https:\/\/tourtravelandmore.com\/wp-content\/uploads\/2017\/11\/lisboa-1.jpg","type":"image\/jpeg"}],"twitter_card":"summary_large_image","twitter_site":"@TourTravel_More","twitter_misc":{"Dur\u00e9e de lecture estim\u00e9e":"4 minutes"},"schema":{"@context":"https:\/\/schema.org","@graph":[{"@type":"WebPage","@id":"https:\/\/tourtravelandmore.com\/fr\/tours\/portugal-fr\/lisbon-fr\/visite-privee-de-lisbonne\/","url":"https:\/\/tourtravelandmore.com\/fr\/tours\/portugal-fr\/lisbon-fr\/visite-privee-de-lisbonne\/","name":"\u27a1\ufe0f Visite priv\u00e9e de Lisbonne - Exploration luxueuse avec Tour Travel and More","isPartOf":{"@id":"https:\/\/tourtravelandmore.com\/fr\/#website"},"primaryImageOfPage":{"@id":"https:\/\/tourtravelandmore.com\/fr\/tours\/portugal-fr\/lisbon-fr\/visite-privee-de-lisbonne\/#primaryimage"},"image":{"@id":"https:\/\/tourtravelandmore.com\/fr\/tours\/portugal-fr\/lisbon-fr\/visite-privee-de-lisbonne\/#primaryimage"},"thumbnailUrl":"https:\/\/tourtravelandmore.com\/wp-content\/uploads\/2017\/11\/lisboa-1.jpg","datePublished":"2017-11-16T09:50:35+00:00","dateModified":"2023-10-06T11:06:01+00:00","description":"D\u00e9couvrez les richesses culturelles et les joyaux historiques de Lisbonne lors d'une visite priv\u00e9e de 4 heures. Plongez dans les profondeurs avec des guides experts et dans un confort luxueux. R\u00e9servez avec Tour Travel and More d\u00e8s aujourd'hui ! \u2705","breadcrumb":{"@id":"https:\/\/tourtravelandmore.com\/fr\/tours\/portugal-fr\/lisbon-fr\/visite-privee-de-lisbonne\/#breadcrumb"},"inLanguage":"fr-FR","potentialAction":[{"@type":"ReadAction","target":["https:\/\/tourtravelandmore.com\/fr\/tours\/portugal-fr\/lisbon-fr\/visite-privee-de-lisbonne\/"]}]},{"@type":"ImageObject","inLanguage":"fr-FR","@id":"https:\/\/tourtravelandmore.com\/fr\/tours\/portugal-fr\/lisbon-fr\/visite-privee-de-lisbonne\/#primaryimage","url":"https:\/\/tourtravelandmore.com\/wp-content\/uploads\/2017\/11\/lisboa-1.jpg","contentUrl":"https:\/\/tourtravelandmore.com\/wp-content\/uploads\/2017\/11\/lisboa-1.jpg","width":560,"height":420},{"@type":"BreadcrumbList","@id":"https:\/\/tourtravelandmore.com\/fr\/tours\/portugal-fr\/lisbon-fr\/visite-privee-de-lisbonne\/#breadcrumb","itemListElement":[{"@type":"ListItem","position":1,"name":"Home","item":"https:\/\/tourtravelandmore.com\/fr\/"},{"@type":"ListItem","position":2,"name":"Tours","item":"https:\/\/tourtravelandmore.com\/fr\/tours\/"},{"@type":"ListItem","position":3,"name":"Visite priv\u00e9e de Lisbonne"}]},{"@type":"WebSite","@id":"https:\/\/tourtravelandmore.com\/fr\/#website","url":"https:\/\/tourtravelandmore.com\/fr\/","name":"Tour Travel And More","description":"Private sightseeing tours and luxury transfers in Spain","publisher":{"@id":"https:\/\/tourtravelandmore.com\/fr\/#organization"},"potentialAction":[{"@type":"SearchAction","target":{"@type":"EntryPoint","urlTemplate":"https:\/\/tourtravelandmore.com\/fr\/?s={search_term_string}"},"query-input":{"@type":"PropertyValueSpecification","valueRequired":true,"valueName":"search_term_string"}}],"inLanguage":"fr-FR"},{"@type":"Organization","@id":"https:\/\/tourtravelandmore.com\/fr\/#organization","name":"Tour Travel And More","url":"https:\/\/tourtravelandmore.com\/fr\/","logo":{"@type":"ImageObject","inLanguage":"fr-FR","@id":"https:\/\/tourtravelandmore.com\/fr\/#\/schema\/logo\/image\/","url":"https:\/\/tourtravelandmore.com\/wp-content\/uploads\/2022\/12\/cropped-logo-cabecera-new.png","contentUrl":"https:\/\/tourtravelandmore.com\/wp-content\/uploads\/2022\/12\/cropped-logo-cabecera-new.png","width":430,"height":61,"caption":"Tour Travel And More"},"image":{"@id":"https:\/\/tourtravelandmore.com\/fr\/#\/schema\/logo\/image\/"},"sameAs":["https:\/\/www.facebook.com\/tourtravelandmore\/","https:\/\/x.com\/TourTravel_More"]}]}},"_links":{"self":[{"href":"https:\/\/tourtravelandmore.com\/fr\/wp-json\/wp\/v2\/product\/100729","targetHints":{"allow":["GET"]}}],"collection":[{"href":"https:\/\/tourtravelandmore.com\/fr\/wp-json\/wp\/v2\/product"}],"about":[{"href":"https:\/\/tourtravelandmore.com\/fr\/wp-json\/wp\/v2\/types\/product"}],"replies":[{"embeddable":true,"href":"https:\/\/tourtravelandmore.com\/fr\/wp-json\/wp\/v2\/comments?post=100729"}],"wp:featuredmedia":[{"embeddable":true,"href":"https:\/\/tourtravelandmore.com\/fr\/wp-json\/wp\/v2\/media\/94643"}],"wp:attachment":[{"href":"https:\/\/tourtravelandmore.com\/fr\/wp-json\/wp\/v2\/media?parent=100729"}],"wp:term":[{"taxonomy":"product_brand","embeddable":true,"href":"https:\/\/tourtravelandmore.com\/fr\/wp-json\/wp\/v2\/product_brand?post=100729"},{"taxonomy":"product_cat","embeddable":true,"href":"https:\/\/tourtravelandmore.com\/fr\/wp-json\/wp\/v2\/product_cat?post=100729"},{"taxonomy":"product_tag","embeddable":true,"href":"https:\/\/tourtravelandmore.com\/fr\/wp-json\/wp\/v2\/product_tag?post=100729"}],"curies":[{"name":"wp","href":"https:\/\/api.w.org\/{rel}","templated":true}]}}