{"id":100719,"date":"2017-11-15T19:21:08","date_gmt":"2017-11-15T18:21:08","guid":{"rendered":"https:\/\/tourtravelandmore.com\/tours\/non%20class\u00e9\/visite-privee-dune-journee-a-lisbonne\/"},"modified":"2023-10-06T13:13:06","modified_gmt":"2023-10-06T11:13:06","slug":"visite-privee-dune-journee-a-lisbonne","status":"publish","type":"product","link":"https:\/\/tourtravelandmore.com\/fr\/tours\/portugal-fr\/lisbon-fr\/visite-privee-dune-journee-a-lisbonne\/","title":{"rendered":"Visite priv\u00e9e d&#8217;une journ\u00e9e \u00e0 Lisbonne"},"content":{"rendered":"<h2><b>Visite priv\u00e9e d&#8217;une journ\u00e9e \u00e0 Lisbonne Description<\/b><\/h2>\n<p><span style=\"font-weight: 400;\">Voyagez au c\u0153ur de la capitale vibrante du Portugal avec la visite priv\u00e9e d&#8217;une journ\u00e9e compl\u00e8te de Lisbonne. Cette exp\u00e9rience m\u00e9ticuleusement con\u00e7ue vous permet de vous immerger dans la riche tapisserie de l&#8217;histoire, de la culture et de l&#8217;\u00e9blouissante modernit\u00e9 de la ville. Avec une journ\u00e9e enti\u00e8re \u00e0 votre disposition, traversez les rues pav\u00e9es et les grands boulevards de Lisbonne dans le confort d&#8217;un v\u00e9hicule de luxe, conduit par un chauffeur exp\u00e9riment\u00e9 et accompagn\u00e9 d&#8217;un guide officiel \u00e9rudit.<\/span><\/p>\n<p><span style=\"font-weight: 400;\">\u00c0 partir du moment o\u00f9 vous \u00eates courtoisement pris en charge \u00e0 l&#8217;endroit de votre choix dans Lisbonne, pr\u00e9parez-vous \u00e0 une visite qui promet d&#8217;\u00eatre profonde et \u00e9tendue. Au cours de la journ\u00e9e, attendez-vous \u00e0 un m\u00e9lange harmonieux des h\u00e9ritages anciens de la ville et de son effervescence contemporaine. Lisbonne, nich\u00e9e au bord de l&#8217;Atlantique et berc\u00e9e par le Tage, marie les sensibilit\u00e9s modernes aux traditions les plus ch\u00e8res, cr\u00e9ant un paysage urbain aussi diversifi\u00e9 que coh\u00e9rent.<\/span><\/p>\n<p><span style=\"font-weight: 400;\">Comme il s&#8217;agit d&#8217;une exp\u00e9rience sur mesure, votre voyage \u00e0 travers Lisbonne est flexible et s&#8217;adapte parfaitement \u00e0 vos int\u00e9r\u00eats. Pendant que vous vous immergez dans cette grande capitale europ\u00e9enne, laissez-nous nous assurer que chaque d\u00e9tail est pris en compte, maximisant ainsi l&#8217;\u00e9merveillement de votre exp\u00e9dition de 8 heures.<\/span><\/p>\n<h2><b>Visite priv\u00e9e d&#8217;une journ\u00e9e compl\u00e8te des points d&#8217;int\u00e9r\u00eat et des monuments de Lisbonne<\/b><\/h2>\n<p><span style=\"font-weight: 400;\">Embarquez avec impatience tandis que votre chauffeur priv\u00e9 et votre guide commencent la visite dans le quartier historique de l&#8217;Alfama. Les rues labyrinthiques murmurent des histoires de l&#8217;ancienne Lisbonne tandis que les m\u00e9lodies du Fado, reconnu par l&#8217;UNESCO, constituent une bande-son \u00e9vocatrice. \u00c0 proximit\u00e9, la pr\u00e9sence imposante du ch\u00e2teau de Saint-Georges vous interpelle. Avec une histoire qui s&#8217;\u00e9tend sur plusieurs mill\u00e9naires, le ch\u00e2teau offre des vues incomparables sur la ville qu&#8217;il surveille depuis si longtemps.<\/span><\/p>\n<p><span style=\"font-weight: 400;\">Aventurez-vous ensuite dans la Baixa, v\u00e9ritable pouls de Lisbonne. Ici, les places historiques se m\u00ealent aux grandes avenues et aux boulevards commerciaux anim\u00e9s, pr\u00e9sentant une mosa\u00efque du voyage transformateur de Lisbonne \u00e0 travers les \u00e2ges. L&#8217;\u00e2me artistique de Lisbonne devient palpable dans le Chiado, le havre des intellectuels, et se juxtapose magnifiquement au charme boh\u00e8me du Bairro Alto, r\u00e9put\u00e9 pour sa vie nocturne tr\u00e9pidante.<\/span><\/p>\n<p><span style=\"font-weight: 400;\">Un peu plus loin, c&#8217;est Belem qui vous attend, t\u00e9moin de l&#8217;\u00e2ge d&#8217;or des d\u00e9couvertes au Portugal. Ce centre maritime a vu des explorateurs partir pour des voyages historiques, faisant du Portugal un empire mondial \u00e0 la Renaissance.<\/span><\/p>\n<h3><b>Sites et lieux d&#8217;int\u00e9r\u00eat populaires \u00e0 Lisbonne :<\/b><\/h3>\n<ul>\n<li style=\"font-weight: 400;\" aria-level=\"1\"><b>Alfama <\/b><span style=\"font-weight: 400;\">: Connu comme l&#8217;\u00e2me historique de la ville, ce quartier est r\u00e9put\u00e9 pour ses rues \u00e9troites, ses maisons de fado embl\u00e9matiques et l&#8217;impressionnante cath\u00e9drale de Se.<\/span><\/li>\n<li style=\"font-weight: 400;\" aria-level=\"1\"><b>Ch\u00e2teau de Saint-Georges :<\/b><span style=\"font-weight: 400;\"> Sentinelle de l&#8217;histoire, ce ch\u00e2teau offre des vues panoramiques et constitue une fen\u00eatre sur le pass\u00e9 vari\u00e9 de Lisbonne.<\/span><\/li>\n<li style=\"font-weight: 400;\" aria-level=\"1\"><b>Baixa :<\/b><span style=\"font-weight: 400;\"> La grandeur architecturale et la vie de rue vibrante convergent dans ce quartier central, qui s&#8217;enorgueillit de monuments tels que la place Rossio et le majestueux arc de la Rua Augusta.<\/span><\/li>\n<li style=\"font-weight: 400;\" aria-level=\"1\"><b>Chiado et Bairro Alto :<\/b><span style=\"font-weight: 400;\"> Plaques tournantes de l&#8217;art, de la musique et de la vie nocturne, ces quartiers repr\u00e9sentent la dualit\u00e9 moderne et historique qu&#8217;incarne Lisbonne.<\/span><\/li>\n<li style=\"font-weight: 400;\" aria-level=\"1\"><b>Belem :<\/b><span style=\"font-weight: 400;\"> abritant des monuments tels que la tour de Belem et le monast\u00e8re de Jeronimos, ce quartier c\u00e9l\u00e8bre le pass\u00e9 maritime du Portugal.<\/span><\/li>\n<\/ul>\n<p>&nbsp;<\/p>\n<p><span style=\"font-weight: 400;\">Pour ceux dont les int\u00e9r\u00eats sont \u00e9clectiques, les options ne manquent pas. Que vous soyez intrigu\u00e9 par le plus grand oc\u00e9anarium d&#8217;Europe ou que vous souhaitiez explorer les chefs-d&#8217;\u0153uvre du Mus\u00e9e national d&#8217;art ancien, votre visite peut \u00eatre adapt\u00e9e en cons\u00e9quence.<\/span><\/p>\n<p><span style=\"font-weight: 400;\">Votre journ\u00e9e lumineuse s&#8217;ach\u00e8ve par un retour gracieux au point de chute que vous avez choisi. Mais avant de partir, n&#8217;oubliez pas de savourer le g\u00e2teau de Bel\u00e9m, une d\u00e9licieuse p\u00e2tisserie offerte par Tour Travel and More.<\/span><\/p>\n<p><a href=\"https:\/\/tourtravelandmore.com\/fr\/city\/portugal-fr\/lisbon-fr\/\"><span style=\"font-weight: 400;\">Pour ceux qui souhaitent approfondir leur exploration du Portugal, nous vous invitons \u00e0 consulter la longue liste de circuits priv\u00e9s propos\u00e9s par Tour Travel and More.<\/span><\/a><span style=\"font-weight: 400;\"> Notre catalogue promet des voyages aussi uniques et luxueux que celui-ci.<\/span><\/p>\n","protected":false},"excerpt":{"rendered":"<p><span style=\"font-weight: 400;\">Plongez dans la richesse de la capitale du Portugal avec une visite priv\u00e9e d&#8217;une journ\u00e9e compl\u00e8te de Lisbonne, offrant un voyage intime \u00e0 travers ses quartiers historiques, ses points d&#8217;int\u00e9r\u00eat, et plus encore, le tout avec le luxe et la touche personnelle de Tour Travel and More.<\/span><\/p>\n","protected":false},"featured_media":98431,"comment_status":"open","ping_status":"closed","template":"","meta":{"_acf_changed":false},"product_brand":[],"product_cat":[4468,4467,4469,3665],"product_tag":[],"class_list":{"0":"post-100719","1":"product","2":"type-product","3":"status-publish","4":"has-post-thumbnail","6":"product_cat-excursions-privees-dune-journee-fr-3","7":"product_cat-toutes-les-visites-et-activites-privees-fr-5","8":"product_cat-visites-guidees-privees-fr-6","9":"product_cat-lisbon-fr","11":"first","12":"instock","13":"shipping-taxable","14":"purchasable","15":"product-type-simple"},"acf":[],"yoast_head":"<!-- This site is optimized with the Yoast SEO Premium plugin v25.3.1 (Yoast SEO v25.3.1) - https:\/\/yoast.com\/wordpress\/plugins\/seo\/ -->\n<title>\u27a1\ufe0f Visite priv\u00e9e d&#039;une journ\u00e9e compl\u00e8te de Lisbonne avec Tour Travel and More<\/title>\n<meta name=\"description\" content=\"D\u00e9couvrez les splendeurs de Lisbonne lors d&#039;une visite priv\u00e9e d&#039;une journ\u00e9e. D\u00e9couvrez les quartiers historiques, les sites embl\u00e9matiques et les secrets locaux. R\u00e9servez avec Tour Travel and More d\u00e8s maintenant ! \u2705\" \/>\n<meta name=\"robots\" content=\"index, follow, max-snippet:-1, max-image-preview:large, max-video-preview:-1\" \/>\n<link rel=\"canonical\" href=\"https:\/\/tourtravelandmore.com\/fr\/tours\/portugal-fr\/lisbon-fr\/visite-privee-dune-journee-a-lisbonne\/\" \/>\n<meta property=\"og:locale\" content=\"fr_FR\" \/>\n<meta property=\"og:type\" content=\"article\" \/>\n<meta property=\"og:title\" content=\"Visite priv\u00e9e d&#039;une journ\u00e9e \u00e0 Lisbonne\" \/>\n<meta property=\"og:description\" content=\"D\u00e9couvrez les splendeurs de Lisbonne lors d&#039;une visite priv\u00e9e d&#039;une journ\u00e9e. D\u00e9couvrez les quartiers historiques, les sites embl\u00e9matiques et les secrets locaux. R\u00e9servez avec Tour Travel and More d\u00e8s maintenant ! \u2705\" \/>\n<meta property=\"og:url\" content=\"https:\/\/tourtravelandmore.com\/fr\/tours\/portugal-fr\/lisbon-fr\/visite-privee-dune-journee-a-lisbonne\/\" \/>\n<meta property=\"og:site_name\" content=\"Tour Travel And More\" \/>\n<meta property=\"article:publisher\" content=\"https:\/\/www.facebook.com\/tourtravelandmore\/\" \/>\n<meta property=\"article:modified_time\" content=\"2023-10-06T11:13:06+00:00\" \/>\n<meta property=\"og:image\" content=\"https:\/\/tourtravelandmore.com\/wp-content\/uploads\/2017\/11\/lisboa-1.6.jpg\" \/>\n\t<meta property=\"og:image:width\" content=\"1280\" \/>\n\t<meta property=\"og:image:height\" content=\"847\" \/>\n\t<meta property=\"og:image:type\" content=\"image\/jpeg\" \/>\n<meta name=\"twitter:card\" content=\"summary_large_image\" \/>\n<meta name=\"twitter:site\" content=\"@TourTravel_More\" \/>\n<meta name=\"twitter:label1\" content=\"Dur\u00e9e de lecture estim\u00e9e\" \/>\n\t<meta name=\"twitter:data1\" content=\"4 minutes\" \/>\n<script type=\"application\/ld+json\" class=\"yoast-schema-graph\">{\"@context\":\"https:\/\/schema.org\",\"@graph\":[{\"@type\":\"WebPage\",\"@id\":\"https:\/\/tourtravelandmore.com\/fr\/tours\/portugal-fr\/lisbon-fr\/visite-privee-dune-journee-a-lisbonne\/\",\"url\":\"https:\/\/tourtravelandmore.com\/fr\/tours\/portugal-fr\/lisbon-fr\/visite-privee-dune-journee-a-lisbonne\/\",\"name\":\"\u27a1\ufe0f Visite priv\u00e9e d'une journ\u00e9e compl\u00e8te de Lisbonne avec Tour Travel and More\",\"isPartOf\":{\"@id\":\"https:\/\/tourtravelandmore.com\/fr\/#website\"},\"primaryImageOfPage\":{\"@id\":\"https:\/\/tourtravelandmore.com\/fr\/tours\/portugal-fr\/lisbon-fr\/visite-privee-dune-journee-a-lisbonne\/#primaryimage\"},\"image\":{\"@id\":\"https:\/\/tourtravelandmore.com\/fr\/tours\/portugal-fr\/lisbon-fr\/visite-privee-dune-journee-a-lisbonne\/#primaryimage\"},\"thumbnailUrl\":\"https:\/\/tourtravelandmore.com\/wp-content\/uploads\/2017\/11\/lisboa-1.6.jpg\",\"datePublished\":\"2017-11-15T18:21:08+00:00\",\"dateModified\":\"2023-10-06T11:13:06+00:00\",\"description\":\"D\u00e9couvrez les splendeurs de Lisbonne lors d'une visite priv\u00e9e d'une journ\u00e9e. D\u00e9couvrez les quartiers historiques, les sites embl\u00e9matiques et les secrets locaux. R\u00e9servez avec Tour Travel and More d\u00e8s maintenant ! \u2705\",\"breadcrumb\":{\"@id\":\"https:\/\/tourtravelandmore.com\/fr\/tours\/portugal-fr\/lisbon-fr\/visite-privee-dune-journee-a-lisbonne\/#breadcrumb\"},\"inLanguage\":\"fr-FR\",\"potentialAction\":[{\"@type\":\"ReadAction\",\"target\":[\"https:\/\/tourtravelandmore.com\/fr\/tours\/portugal-fr\/lisbon-fr\/visite-privee-dune-journee-a-lisbonne\/\"]}]},{\"@type\":\"ImageObject\",\"inLanguage\":\"fr-FR\",\"@id\":\"https:\/\/tourtravelandmore.com\/fr\/tours\/portugal-fr\/lisbon-fr\/visite-privee-dune-journee-a-lisbonne\/#primaryimage\",\"url\":\"https:\/\/tourtravelandmore.com\/wp-content\/uploads\/2017\/11\/lisboa-1.6.jpg\",\"contentUrl\":\"https:\/\/tourtravelandmore.com\/wp-content\/uploads\/2017\/11\/lisboa-1.6.jpg\",\"width\":1280,\"height\":847},{\"@type\":\"BreadcrumbList\",\"@id\":\"https:\/\/tourtravelandmore.com\/fr\/tours\/portugal-fr\/lisbon-fr\/visite-privee-dune-journee-a-lisbonne\/#breadcrumb\",\"itemListElement\":[{\"@type\":\"ListItem\",\"position\":1,\"name\":\"Home\",\"item\":\"https:\/\/tourtravelandmore.com\/fr\/\"},{\"@type\":\"ListItem\",\"position\":2,\"name\":\"Tours\",\"item\":\"https:\/\/tourtravelandmore.com\/fr\/tours\/\"},{\"@type\":\"ListItem\",\"position\":3,\"name\":\"Visite priv\u00e9e d&rsquo;une journ\u00e9e \u00e0 Lisbonne\"}]},{\"@type\":\"WebSite\",\"@id\":\"https:\/\/tourtravelandmore.com\/fr\/#website\",\"url\":\"https:\/\/tourtravelandmore.com\/fr\/\",\"name\":\"Tour Travel And More\",\"description\":\"Private sightseeing tours and luxury transfers in Spain\",\"publisher\":{\"@id\":\"https:\/\/tourtravelandmore.com\/fr\/#organization\"},\"potentialAction\":[{\"@type\":\"SearchAction\",\"target\":{\"@type\":\"EntryPoint\",\"urlTemplate\":\"https:\/\/tourtravelandmore.com\/fr\/?s={search_term_string}\"},\"query-input\":{\"@type\":\"PropertyValueSpecification\",\"valueRequired\":true,\"valueName\":\"search_term_string\"}}],\"inLanguage\":\"fr-FR\"},{\"@type\":\"Organization\",\"@id\":\"https:\/\/tourtravelandmore.com\/fr\/#organization\",\"name\":\"Tour Travel And More\",\"url\":\"https:\/\/tourtravelandmore.com\/fr\/\",\"logo\":{\"@type\":\"ImageObject\",\"inLanguage\":\"fr-FR\",\"@id\":\"https:\/\/tourtravelandmore.com\/fr\/#\/schema\/logo\/image\/\",\"url\":\"https:\/\/tourtravelandmore.com\/wp-content\/uploads\/2022\/12\/cropped-logo-cabecera-new.png\",\"contentUrl\":\"https:\/\/tourtravelandmore.com\/wp-content\/uploads\/2022\/12\/cropped-logo-cabecera-new.png\",\"width\":430,\"height\":61,\"caption\":\"Tour Travel And More\"},\"image\":{\"@id\":\"https:\/\/tourtravelandmore.com\/fr\/#\/schema\/logo\/image\/\"},\"sameAs\":[\"https:\/\/www.facebook.com\/tourtravelandmore\/\",\"https:\/\/x.com\/TourTravel_More\"]}]}<\/script>\n<!-- \/ Yoast SEO Premium plugin. -->","yoast_head_json":{"title":"\u27a1\ufe0f Visite priv\u00e9e d'une journ\u00e9e compl\u00e8te de Lisbonne avec Tour Travel and More","description":"D\u00e9couvrez les splendeurs de Lisbonne lors d'une visite priv\u00e9e d'une journ\u00e9e. D\u00e9couvrez les quartiers historiques, les sites embl\u00e9matiques et les secrets locaux. R\u00e9servez avec Tour Travel and More d\u00e8s maintenant ! \u2705","robots":{"index":"index","follow":"follow","max-snippet":"max-snippet:-1","max-image-preview":"max-image-preview:large","max-video-preview":"max-video-preview:-1"},"canonical":"https:\/\/tourtravelandmore.com\/fr\/tours\/portugal-fr\/lisbon-fr\/visite-privee-dune-journee-a-lisbonne\/","og_locale":"fr_FR","og_type":"article","og_title":"Visite priv\u00e9e d'une journ\u00e9e \u00e0 Lisbonne","og_description":"D\u00e9couvrez les splendeurs de Lisbonne lors d'une visite priv\u00e9e d'une journ\u00e9e. D\u00e9couvrez les quartiers historiques, les sites embl\u00e9matiques et les secrets locaux. R\u00e9servez avec Tour Travel and More d\u00e8s maintenant ! \u2705","og_url":"https:\/\/tourtravelandmore.com\/fr\/tours\/portugal-fr\/lisbon-fr\/visite-privee-dune-journee-a-lisbonne\/","og_site_name":"Tour Travel And More","article_publisher":"https:\/\/www.facebook.com\/tourtravelandmore\/","article_modified_time":"2023-10-06T11:13:06+00:00","og_image":[{"width":1280,"height":847,"url":"https:\/\/tourtravelandmore.com\/wp-content\/uploads\/2017\/11\/lisboa-1.6.jpg","type":"image\/jpeg"}],"twitter_card":"summary_large_image","twitter_site":"@TourTravel_More","twitter_misc":{"Dur\u00e9e de lecture estim\u00e9e":"4 minutes"},"schema":{"@context":"https:\/\/schema.org","@graph":[{"@type":"WebPage","@id":"https:\/\/tourtravelandmore.com\/fr\/tours\/portugal-fr\/lisbon-fr\/visite-privee-dune-journee-a-lisbonne\/","url":"https:\/\/tourtravelandmore.com\/fr\/tours\/portugal-fr\/lisbon-fr\/visite-privee-dune-journee-a-lisbonne\/","name":"\u27a1\ufe0f Visite priv\u00e9e d'une journ\u00e9e compl\u00e8te de Lisbonne avec Tour Travel and More","isPartOf":{"@id":"https:\/\/tourtravelandmore.com\/fr\/#website"},"primaryImageOfPage":{"@id":"https:\/\/tourtravelandmore.com\/fr\/tours\/portugal-fr\/lisbon-fr\/visite-privee-dune-journee-a-lisbonne\/#primaryimage"},"image":{"@id":"https:\/\/tourtravelandmore.com\/fr\/tours\/portugal-fr\/lisbon-fr\/visite-privee-dune-journee-a-lisbonne\/#primaryimage"},"thumbnailUrl":"https:\/\/tourtravelandmore.com\/wp-content\/uploads\/2017\/11\/lisboa-1.6.jpg","datePublished":"2017-11-15T18:21:08+00:00","dateModified":"2023-10-06T11:13:06+00:00","description":"D\u00e9couvrez les splendeurs de Lisbonne lors d'une visite priv\u00e9e d'une journ\u00e9e. D\u00e9couvrez les quartiers historiques, les sites embl\u00e9matiques et les secrets locaux. R\u00e9servez avec Tour Travel and More d\u00e8s maintenant ! \u2705","breadcrumb":{"@id":"https:\/\/tourtravelandmore.com\/fr\/tours\/portugal-fr\/lisbon-fr\/visite-privee-dune-journee-a-lisbonne\/#breadcrumb"},"inLanguage":"fr-FR","potentialAction":[{"@type":"ReadAction","target":["https:\/\/tourtravelandmore.com\/fr\/tours\/portugal-fr\/lisbon-fr\/visite-privee-dune-journee-a-lisbonne\/"]}]},{"@type":"ImageObject","inLanguage":"fr-FR","@id":"https:\/\/tourtravelandmore.com\/fr\/tours\/portugal-fr\/lisbon-fr\/visite-privee-dune-journee-a-lisbonne\/#primaryimage","url":"https:\/\/tourtravelandmore.com\/wp-content\/uploads\/2017\/11\/lisboa-1.6.jpg","contentUrl":"https:\/\/tourtravelandmore.com\/wp-content\/uploads\/2017\/11\/lisboa-1.6.jpg","width":1280,"height":847},{"@type":"BreadcrumbList","@id":"https:\/\/tourtravelandmore.com\/fr\/tours\/portugal-fr\/lisbon-fr\/visite-privee-dune-journee-a-lisbonne\/#breadcrumb","itemListElement":[{"@type":"ListItem","position":1,"name":"Home","item":"https:\/\/tourtravelandmore.com\/fr\/"},{"@type":"ListItem","position":2,"name":"Tours","item":"https:\/\/tourtravelandmore.com\/fr\/tours\/"},{"@type":"ListItem","position":3,"name":"Visite priv\u00e9e d&rsquo;une journ\u00e9e \u00e0 Lisbonne"}]},{"@type":"WebSite","@id":"https:\/\/tourtravelandmore.com\/fr\/#website","url":"https:\/\/tourtravelandmore.com\/fr\/","name":"Tour Travel And More","description":"Private sightseeing tours and luxury transfers in Spain","publisher":{"@id":"https:\/\/tourtravelandmore.com\/fr\/#organization"},"potentialAction":[{"@type":"SearchAction","target":{"@type":"EntryPoint","urlTemplate":"https:\/\/tourtravelandmore.com\/fr\/?s={search_term_string}"},"query-input":{"@type":"PropertyValueSpecification","valueRequired":true,"valueName":"search_term_string"}}],"inLanguage":"fr-FR"},{"@type":"Organization","@id":"https:\/\/tourtravelandmore.com\/fr\/#organization","name":"Tour Travel And More","url":"https:\/\/tourtravelandmore.com\/fr\/","logo":{"@type":"ImageObject","inLanguage":"fr-FR","@id":"https:\/\/tourtravelandmore.com\/fr\/#\/schema\/logo\/image\/","url":"https:\/\/tourtravelandmore.com\/wp-content\/uploads\/2022\/12\/cropped-logo-cabecera-new.png","contentUrl":"https:\/\/tourtravelandmore.com\/wp-content\/uploads\/2022\/12\/cropped-logo-cabecera-new.png","width":430,"height":61,"caption":"Tour Travel And More"},"image":{"@id":"https:\/\/tourtravelandmore.com\/fr\/#\/schema\/logo\/image\/"},"sameAs":["https:\/\/www.facebook.com\/tourtravelandmore\/","https:\/\/x.com\/TourTravel_More"]}]}},"_links":{"self":[{"href":"https:\/\/tourtravelandmore.com\/fr\/wp-json\/wp\/v2\/product\/100719","targetHints":{"allow":["GET"]}}],"collection":[{"href":"https:\/\/tourtravelandmore.com\/fr\/wp-json\/wp\/v2\/product"}],"about":[{"href":"https:\/\/tourtravelandmore.com\/fr\/wp-json\/wp\/v2\/types\/product"}],"replies":[{"embeddable":true,"href":"https:\/\/tourtravelandmore.com\/fr\/wp-json\/wp\/v2\/comments?post=100719"}],"wp:featuredmedia":[{"embeddable":true,"href":"https:\/\/tourtravelandmore.com\/fr\/wp-json\/wp\/v2\/media\/98431"}],"wp:attachment":[{"href":"https:\/\/tourtravelandmore.com\/fr\/wp-json\/wp\/v2\/media?parent=100719"}],"wp:term":[{"taxonomy":"product_brand","embeddable":true,"href":"https:\/\/tourtravelandmore.com\/fr\/wp-json\/wp\/v2\/product_brand?post=100719"},{"taxonomy":"product_cat","embeddable":true,"href":"https:\/\/tourtravelandmore.com\/fr\/wp-json\/wp\/v2\/product_cat?post=100719"},{"taxonomy":"product_tag","embeddable":true,"href":"https:\/\/tourtravelandmore.com\/fr\/wp-json\/wp\/v2\/product_tag?post=100719"}],"curies":[{"name":"wp","href":"https:\/\/api.w.org\/{rel}","templated":true}]}}