{"id":100709,"date":"2017-11-13T19:19:07","date_gmt":"2017-11-13T18:19:07","guid":{"rendered":"https:\/\/tourtravelandmore.com\/tours\/non%20class\u00e9\/visite-privee-a-arrabida-sesimbra-et-setubal\/"},"modified":"2023-10-06T13:13:21","modified_gmt":"2023-10-06T11:13:21","slug":"visite-privee-a-arrabida-sesimbra-et-setubal","status":"publish","type":"product","link":"https:\/\/tourtravelandmore.com\/fr\/tours\/portugal-fr\/lisbon-fr\/visite-privee-a-arrabida-sesimbra-et-setubal\/","title":{"rendered":"Visite priv\u00e9e \u00e0 Arrabida, Sesimbra et Setubal"},"content":{"rendered":"<h2><b>Visite priv\u00e9e d&#8217;Arrabida, Sesimbra et Setubal Description<\/b><\/h2>\n<p><span style=\"font-weight: 400;\">Plongez dans la beaut\u00e9 tranquille des joyaux c\u00f4tiers du Portugal : Arrabida, Sesimbra et Setubal. Ce circuit priv\u00e9, con\u00e7u exclusivement pour des voyageurs exigeants comme vous, vous fera d\u00e9couvrir un paysage serein de merveilles naturelles intactes, de vestiges historiques et de riches tapisseries culturelles. Des charmants terrains du parc naturel d&#8217;Arrabida au pittoresque village de p\u00eacheurs de Sesimbra, chaque coin de rue promet une nouvelle d\u00e9couverte. Pendant que vous traversez ces terres historiques, votre guide personnel vous racontera des histoires d&#8217;\u00e9poques r\u00e9volues, faisant revivre le pass\u00e9. Pendant ce temps, le luxe d&#8217;un v\u00e9hicule d\u00e9di\u00e9 vous assure le plus grand confort tout au long de votre voyage. Profitez de cette exp\u00e9rience in\u00e9gal\u00e9e, con\u00e7ue \u00e0 la main par Tour Travel and More, qui va au-del\u00e0 de la simple visite touristique, en vous plongeant dans le c\u0153ur et l&#8217;\u00e2me de ces destinations enchanteresses.<\/span><\/p>\n<p><span style=\"font-weight: 400;\">\u00c0 chaque tournant du voyage, vous serez captiv\u00e9 par la diversit\u00e9 des \u00e9cosyst\u00e8mes, des collines verdoyantes aux c\u00f4tes sereines. Le m\u00e9lange harmonieux de paysages naturels et de merveilles cr\u00e9\u00e9es par l&#8217;homme t\u00e9moigne de la riche histoire de la r\u00e9gion. Profitez de la tranquillit\u00e9 en conduisant le long de panoramas, en laissant le rythme de la mer et le murmure des arbres centenaires apaiser vos sens.<\/span><\/p>\n<h2><b>Excursion priv\u00e9e \u00e0 Arrabida, Sesimbra et Setubal &#8211; Points forts<\/b><\/h2>\n<h3><span style=\"font-weight: 400;\">Laissez-vous s\u00e9duire par les temps forts de cette exp\u00e9dition :<\/span><\/h3>\n<ul>\n<li style=\"font-weight: 400;\" aria-level=\"1\"><b>Cabo de Espichel :<\/b><span style=\"font-weight: 400;\"> d\u00e9couvrez la puissance sauvage de la nature l\u00e0 o\u00f9 les vagues de l&#8217;Atlantique rencontrent des falaises escarp\u00e9es, sculptant un panorama impressionnant.<\/span><\/li>\n<li style=\"font-weight: 400;\" aria-level=\"1\"><b>Le patrimoine de Sesimbra : <\/b><span style=\"font-weight: 400;\">D\u00e9couvrez la riche histoire de la ville au ch\u00e2teau des Maures, datant du XIIe si\u00e8cle, et go\u00fbtez \u00e0 l&#8217;authentique culture maritime dans son port anim\u00e9.<\/span><\/li>\n<li style=\"font-weight: 400;\" aria-level=\"1\"><b>Euphorie vinicole :<\/b><span style=\"font-weight: 400;\"> D\u00e9lectez vos sens dans la c\u00e9l\u00e8bre cave \u00e0 vin Jose Maria Da Fonseca. Traversez ses couloirs historiques et terminez par une d\u00e9gustation all\u00e9chante de vins c\u00e9l\u00e8bres tels que le &#8220;Piriquita&#8221; et le &#8220;Moscatel de Set\u00fabal&#8221;.<\/span><\/li>\n<li style=\"font-weight: 400;\" aria-level=\"1\"><b>La beaut\u00e9 du parc naturel d&#8217;Arr\u00e1bida :<\/b><span style=\"font-weight: 400;\"> Admirez la tapisserie de la nature o\u00f9 les mers c\u00e9rul\u00e9ennes se m\u00ealent harmonieusement aux falaises d&#8217;un blanc immacul\u00e9. Pour compl\u00e9ter cette exp\u00e9rience, visitez le couvent Nossa Senhora do Arr\u00e1bida, un sanctuaire serein au c\u0153ur de la nature.<\/span><\/li>\n<li style=\"font-weight: 400;\" aria-level=\"1\"><b>L&#8217;h\u00e9ritage de Setubal :<\/b><span style=\"font-weight: 400;\"> Explorez le fort strat\u00e9gique de Sao Filipe, une merveille architecturale du XIVe si\u00e8cle qui surveillait autrefois le port de Setubal.<\/span><\/li>\n<\/ul>\n<h3><span style=\"font-weight: 400;\">Sites et lieux d&#8217;int\u00e9r\u00eat populaires \u00e0 Sintra<\/span><\/h3>\n<p><span style=\"font-weight: 400;\">Sintra, ville s\u00e9culaire grav\u00e9e dans le temps, s\u00e9duit par sa grandeur palatiale et sa beaut\u00e9 naturelle. Voici pourquoi elle reste un p\u00f4le d&#8217;attraction touristique :<\/span><\/p>\n<ul>\n<li style=\"font-weight: 400;\" aria-level=\"1\"><b>Le Palacio da Pena :<\/b><span style=\"font-weight: 400;\"> Chef-d&#8217;\u0153uvre architectural, ses fa\u00e7ades \u00e9clatantes et son design \u00e9clectique t\u00e9moignent d&#8217;un pass\u00e9 glorieux.<\/span><\/li>\n<li style=\"font-weight: 400;\" aria-level=\"1\"><b>Quinta da Regaleira : <\/b><span style=\"font-weight: 400;\">Plongez dans le monde myst\u00e9rieux des passages souterrains, des grottes et du l\u00e9gendaire puits d&#8217;initiation.<\/span><\/li>\n<li style=\"font-weight: 400;\" aria-level=\"1\"><b>Cabo da Roca : <\/b><span style=\"font-weight: 400;\">Point le plus \u00e0 l&#8217;ouest de l&#8217;Europe, c&#8217;est l\u00e0 que la terre s&#8217;arr\u00eate et que l&#8217;immense Atlantique commence.<\/span><\/li>\n<li style=\"font-weight: 400;\" aria-level=\"1\"><b>Ch\u00e2teau des Maures :<\/b><span style=\"font-weight: 400;\"> Sentinelle surplombant Sintra, ses anciens murs et tours murmurent des histoires de r\u00e8gne maure et de batailles de la Reconquista.<\/span><\/li>\n<li style=\"font-weight: 400;\" aria-level=\"1\"><b>Palais national : <\/b><span style=\"font-weight: 400;\">Ses chemin\u00e9es jumelles embl\u00e9matiques et son m\u00e9lange unique de styles architecturaux en font un t\u00e9moignage de la riche histoire du Portugal.<\/span><\/li>\n<\/ul>\n<p><span style=\"font-weight: 400;\">Vous souhaitez d\u00e9couvrir d&#8217;autres tr\u00e9sors du Portugal ? Tour Travel and More est fier de proposer un \u00e9ventail de visites priv\u00e9es \u00e0 Lisbonne, chacune d&#8217;entre elles \u00e9tant con\u00e7ue pour offrir des exp\u00e9riences uniques. <\/span><a href=\"https:\/\/tourtravelandmore.com\/fr\/city\/portugal-fr\/lisbon-fr\/\"><span style=\"font-weight: 400;\">Plongez au c\u0153ur du charme de Lisbonne gr\u00e2ce \u00e0 nos visites guid\u00e9es par des experts.<\/span><\/a><span style=\"font-weight: 400;\"> Explorez maintenant sur Tour Travel and More.<\/span><\/p>\n","protected":false},"excerpt":{"rendered":"<p><span style=\"font-weight: 400;\">Plongez dans les paysages captivants d&#8217;Arrabida, de Sesimbra et de Setubal gr\u00e2ce \u00e0 un luxueux circuit priv\u00e9, m\u00e9ticuleusement con\u00e7u pour offrir une exp\u00e9rience portugaise in\u00e9gal\u00e9e.<\/span><\/p>\n","protected":false},"featured_media":94424,"comment_status":"open","ping_status":"closed","template":"","meta":{"_acf_changed":false},"product_brand":[],"product_cat":[4468,4467,4469,3665],"product_tag":[],"class_list":{"0":"post-100709","1":"product","2":"type-product","3":"status-publish","4":"has-post-thumbnail","6":"product_cat-excursions-privees-dune-journee-fr-3","7":"product_cat-toutes-les-visites-et-activites-privees-fr-5","8":"product_cat-visites-guidees-privees-fr-6","9":"product_cat-lisbon-fr","11":"first","12":"instock","13":"shipping-taxable","14":"purchasable","15":"product-type-simple"},"acf":[],"yoast_head":"<!-- This site is optimized with the Yoast SEO Premium plugin v25.3.1 (Yoast SEO v25.3.1) - https:\/\/yoast.com\/wordpress\/plugins\/seo\/ -->\n<title>\u27a1\ufe0f Private Tour : D\u00e9couvrez les charmes d&#039;Arrabida, Sesimbra et Setubal<\/title>\n<meta name=\"description\" content=\"Explorez les joyaux c\u00f4tiers du Portugal avec notre luxueux circuit priv\u00e9, de l&#039;historique Sesimbra \u00e0 la beaut\u00e9 d&#039;Arrabida et \u00e0 l&#039;allure de Setubal \u2705.\" \/>\n<meta name=\"robots\" content=\"index, follow, max-snippet:-1, max-image-preview:large, max-video-preview:-1\" \/>\n<link rel=\"canonical\" href=\"https:\/\/tourtravelandmore.com\/fr\/tours\/portugal-fr\/lisbon-fr\/visite-privee-a-arrabida-sesimbra-et-setubal\/\" \/>\n<meta property=\"og:locale\" content=\"fr_FR\" \/>\n<meta property=\"og:type\" content=\"article\" \/>\n<meta property=\"og:title\" content=\"Visite priv\u00e9e \u00e0 Arrabida, Sesimbra et Setubal\" \/>\n<meta property=\"og:description\" content=\"Explorez les joyaux c\u00f4tiers du Portugal avec notre luxueux circuit priv\u00e9, de l&#039;historique Sesimbra \u00e0 la beaut\u00e9 d&#039;Arrabida et \u00e0 l&#039;allure de Setubal \u2705.\" \/>\n<meta property=\"og:url\" content=\"https:\/\/tourtravelandmore.com\/fr\/tours\/portugal-fr\/lisbon-fr\/visite-privee-a-arrabida-sesimbra-et-setubal\/\" \/>\n<meta property=\"og:site_name\" content=\"Tour Travel And More\" \/>\n<meta property=\"article:publisher\" content=\"https:\/\/www.facebook.com\/tourtravelandmore\/\" \/>\n<meta property=\"article:modified_time\" content=\"2023-10-06T11:13:21+00:00\" \/>\n<meta property=\"og:image\" content=\"https:\/\/tourtravelandmore.com\/wp-content\/uploads\/2017\/11\/Portinho-da-Arr\u00e1bida-02.jpg\" \/>\n\t<meta property=\"og:image:width\" content=\"1280\" \/>\n\t<meta property=\"og:image:height\" content=\"800\" \/>\n\t<meta property=\"og:image:type\" content=\"image\/jpeg\" \/>\n<meta name=\"twitter:card\" content=\"summary_large_image\" \/>\n<meta name=\"twitter:site\" content=\"@TourTravel_More\" \/>\n<meta name=\"twitter:label1\" content=\"Dur\u00e9e de lecture estim\u00e9e\" \/>\n\t<meta name=\"twitter:data1\" content=\"3 minutes\" \/>\n<script type=\"application\/ld+json\" class=\"yoast-schema-graph\">{\"@context\":\"https:\/\/schema.org\",\"@graph\":[{\"@type\":\"WebPage\",\"@id\":\"https:\/\/tourtravelandmore.com\/fr\/tours\/portugal-fr\/lisbon-fr\/visite-privee-a-arrabida-sesimbra-et-setubal\/\",\"url\":\"https:\/\/tourtravelandmore.com\/fr\/tours\/portugal-fr\/lisbon-fr\/visite-privee-a-arrabida-sesimbra-et-setubal\/\",\"name\":\"\u27a1\ufe0f Private Tour : D\u00e9couvrez les charmes d'Arrabida, Sesimbra et Setubal\",\"isPartOf\":{\"@id\":\"https:\/\/tourtravelandmore.com\/fr\/#website\"},\"primaryImageOfPage\":{\"@id\":\"https:\/\/tourtravelandmore.com\/fr\/tours\/portugal-fr\/lisbon-fr\/visite-privee-a-arrabida-sesimbra-et-setubal\/#primaryimage\"},\"image\":{\"@id\":\"https:\/\/tourtravelandmore.com\/fr\/tours\/portugal-fr\/lisbon-fr\/visite-privee-a-arrabida-sesimbra-et-setubal\/#primaryimage\"},\"thumbnailUrl\":\"https:\/\/tourtravelandmore.com\/wp-content\/uploads\/2017\/11\/Portinho-da-Arr\u00e1bida-02.jpg\",\"datePublished\":\"2017-11-13T18:19:07+00:00\",\"dateModified\":\"2023-10-06T11:13:21+00:00\",\"description\":\"Explorez les joyaux c\u00f4tiers du Portugal avec notre luxueux circuit priv\u00e9, de l'historique Sesimbra \u00e0 la beaut\u00e9 d'Arrabida et \u00e0 l'allure de Setubal \u2705.\",\"breadcrumb\":{\"@id\":\"https:\/\/tourtravelandmore.com\/fr\/tours\/portugal-fr\/lisbon-fr\/visite-privee-a-arrabida-sesimbra-et-setubal\/#breadcrumb\"},\"inLanguage\":\"fr-FR\",\"potentialAction\":[{\"@type\":\"ReadAction\",\"target\":[\"https:\/\/tourtravelandmore.com\/fr\/tours\/portugal-fr\/lisbon-fr\/visite-privee-a-arrabida-sesimbra-et-setubal\/\"]}]},{\"@type\":\"ImageObject\",\"inLanguage\":\"fr-FR\",\"@id\":\"https:\/\/tourtravelandmore.com\/fr\/tours\/portugal-fr\/lisbon-fr\/visite-privee-a-arrabida-sesimbra-et-setubal\/#primaryimage\",\"url\":\"https:\/\/tourtravelandmore.com\/wp-content\/uploads\/2017\/11\/Portinho-da-Arr\u00e1bida-02.jpg\",\"contentUrl\":\"https:\/\/tourtravelandmore.com\/wp-content\/uploads\/2017\/11\/Portinho-da-Arr\u00e1bida-02.jpg\",\"width\":1280,\"height\":800},{\"@type\":\"BreadcrumbList\",\"@id\":\"https:\/\/tourtravelandmore.com\/fr\/tours\/portugal-fr\/lisbon-fr\/visite-privee-a-arrabida-sesimbra-et-setubal\/#breadcrumb\",\"itemListElement\":[{\"@type\":\"ListItem\",\"position\":1,\"name\":\"Home\",\"item\":\"https:\/\/tourtravelandmore.com\/fr\/\"},{\"@type\":\"ListItem\",\"position\":2,\"name\":\"Tours\",\"item\":\"https:\/\/tourtravelandmore.com\/fr\/tours\/\"},{\"@type\":\"ListItem\",\"position\":3,\"name\":\"Visite priv\u00e9e \u00e0 Arrabida, Sesimbra et Setubal\"}]},{\"@type\":\"WebSite\",\"@id\":\"https:\/\/tourtravelandmore.com\/fr\/#website\",\"url\":\"https:\/\/tourtravelandmore.com\/fr\/\",\"name\":\"Tour Travel And More\",\"description\":\"Private sightseeing tours and luxury transfers in Spain\",\"publisher\":{\"@id\":\"https:\/\/tourtravelandmore.com\/fr\/#organization\"},\"potentialAction\":[{\"@type\":\"SearchAction\",\"target\":{\"@type\":\"EntryPoint\",\"urlTemplate\":\"https:\/\/tourtravelandmore.com\/fr\/?s={search_term_string}\"},\"query-input\":{\"@type\":\"PropertyValueSpecification\",\"valueRequired\":true,\"valueName\":\"search_term_string\"}}],\"inLanguage\":\"fr-FR\"},{\"@type\":\"Organization\",\"@id\":\"https:\/\/tourtravelandmore.com\/fr\/#organization\",\"name\":\"Tour Travel And More\",\"url\":\"https:\/\/tourtravelandmore.com\/fr\/\",\"logo\":{\"@type\":\"ImageObject\",\"inLanguage\":\"fr-FR\",\"@id\":\"https:\/\/tourtravelandmore.com\/fr\/#\/schema\/logo\/image\/\",\"url\":\"https:\/\/tourtravelandmore.com\/wp-content\/uploads\/2022\/12\/cropped-logo-cabecera-new.png\",\"contentUrl\":\"https:\/\/tourtravelandmore.com\/wp-content\/uploads\/2022\/12\/cropped-logo-cabecera-new.png\",\"width\":430,\"height\":61,\"caption\":\"Tour Travel And More\"},\"image\":{\"@id\":\"https:\/\/tourtravelandmore.com\/fr\/#\/schema\/logo\/image\/\"},\"sameAs\":[\"https:\/\/www.facebook.com\/tourtravelandmore\/\",\"https:\/\/x.com\/TourTravel_More\"]}]}<\/script>\n<!-- \/ Yoast SEO Premium plugin. -->","yoast_head_json":{"title":"\u27a1\ufe0f Private Tour : D\u00e9couvrez les charmes d'Arrabida, Sesimbra et Setubal","description":"Explorez les joyaux c\u00f4tiers du Portugal avec notre luxueux circuit priv\u00e9, de l'historique Sesimbra \u00e0 la beaut\u00e9 d'Arrabida et \u00e0 l'allure de Setubal \u2705.","robots":{"index":"index","follow":"follow","max-snippet":"max-snippet:-1","max-image-preview":"max-image-preview:large","max-video-preview":"max-video-preview:-1"},"canonical":"https:\/\/tourtravelandmore.com\/fr\/tours\/portugal-fr\/lisbon-fr\/visite-privee-a-arrabida-sesimbra-et-setubal\/","og_locale":"fr_FR","og_type":"article","og_title":"Visite priv\u00e9e \u00e0 Arrabida, Sesimbra et Setubal","og_description":"Explorez les joyaux c\u00f4tiers du Portugal avec notre luxueux circuit priv\u00e9, de l'historique Sesimbra \u00e0 la beaut\u00e9 d'Arrabida et \u00e0 l'allure de Setubal \u2705.","og_url":"https:\/\/tourtravelandmore.com\/fr\/tours\/portugal-fr\/lisbon-fr\/visite-privee-a-arrabida-sesimbra-et-setubal\/","og_site_name":"Tour Travel And More","article_publisher":"https:\/\/www.facebook.com\/tourtravelandmore\/","article_modified_time":"2023-10-06T11:13:21+00:00","og_image":[{"width":1280,"height":800,"url":"https:\/\/tourtravelandmore.com\/wp-content\/uploads\/2017\/11\/Portinho-da-Arr\u00e1bida-02.jpg","type":"image\/jpeg"}],"twitter_card":"summary_large_image","twitter_site":"@TourTravel_More","twitter_misc":{"Dur\u00e9e de lecture estim\u00e9e":"3 minutes"},"schema":{"@context":"https:\/\/schema.org","@graph":[{"@type":"WebPage","@id":"https:\/\/tourtravelandmore.com\/fr\/tours\/portugal-fr\/lisbon-fr\/visite-privee-a-arrabida-sesimbra-et-setubal\/","url":"https:\/\/tourtravelandmore.com\/fr\/tours\/portugal-fr\/lisbon-fr\/visite-privee-a-arrabida-sesimbra-et-setubal\/","name":"\u27a1\ufe0f Private Tour : D\u00e9couvrez les charmes d'Arrabida, Sesimbra et Setubal","isPartOf":{"@id":"https:\/\/tourtravelandmore.com\/fr\/#website"},"primaryImageOfPage":{"@id":"https:\/\/tourtravelandmore.com\/fr\/tours\/portugal-fr\/lisbon-fr\/visite-privee-a-arrabida-sesimbra-et-setubal\/#primaryimage"},"image":{"@id":"https:\/\/tourtravelandmore.com\/fr\/tours\/portugal-fr\/lisbon-fr\/visite-privee-a-arrabida-sesimbra-et-setubal\/#primaryimage"},"thumbnailUrl":"https:\/\/tourtravelandmore.com\/wp-content\/uploads\/2017\/11\/Portinho-da-Arr\u00e1bida-02.jpg","datePublished":"2017-11-13T18:19:07+00:00","dateModified":"2023-10-06T11:13:21+00:00","description":"Explorez les joyaux c\u00f4tiers du Portugal avec notre luxueux circuit priv\u00e9, de l'historique Sesimbra \u00e0 la beaut\u00e9 d'Arrabida et \u00e0 l'allure de Setubal \u2705.","breadcrumb":{"@id":"https:\/\/tourtravelandmore.com\/fr\/tours\/portugal-fr\/lisbon-fr\/visite-privee-a-arrabida-sesimbra-et-setubal\/#breadcrumb"},"inLanguage":"fr-FR","potentialAction":[{"@type":"ReadAction","target":["https:\/\/tourtravelandmore.com\/fr\/tours\/portugal-fr\/lisbon-fr\/visite-privee-a-arrabida-sesimbra-et-setubal\/"]}]},{"@type":"ImageObject","inLanguage":"fr-FR","@id":"https:\/\/tourtravelandmore.com\/fr\/tours\/portugal-fr\/lisbon-fr\/visite-privee-a-arrabida-sesimbra-et-setubal\/#primaryimage","url":"https:\/\/tourtravelandmore.com\/wp-content\/uploads\/2017\/11\/Portinho-da-Arr\u00e1bida-02.jpg","contentUrl":"https:\/\/tourtravelandmore.com\/wp-content\/uploads\/2017\/11\/Portinho-da-Arr\u00e1bida-02.jpg","width":1280,"height":800},{"@type":"BreadcrumbList","@id":"https:\/\/tourtravelandmore.com\/fr\/tours\/portugal-fr\/lisbon-fr\/visite-privee-a-arrabida-sesimbra-et-setubal\/#breadcrumb","itemListElement":[{"@type":"ListItem","position":1,"name":"Home","item":"https:\/\/tourtravelandmore.com\/fr\/"},{"@type":"ListItem","position":2,"name":"Tours","item":"https:\/\/tourtravelandmore.com\/fr\/tours\/"},{"@type":"ListItem","position":3,"name":"Visite priv\u00e9e \u00e0 Arrabida, Sesimbra et Setubal"}]},{"@type":"WebSite","@id":"https:\/\/tourtravelandmore.com\/fr\/#website","url":"https:\/\/tourtravelandmore.com\/fr\/","name":"Tour Travel And More","description":"Private sightseeing tours and luxury transfers in Spain","publisher":{"@id":"https:\/\/tourtravelandmore.com\/fr\/#organization"},"potentialAction":[{"@type":"SearchAction","target":{"@type":"EntryPoint","urlTemplate":"https:\/\/tourtravelandmore.com\/fr\/?s={search_term_string}"},"query-input":{"@type":"PropertyValueSpecification","valueRequired":true,"valueName":"search_term_string"}}],"inLanguage":"fr-FR"},{"@type":"Organization","@id":"https:\/\/tourtravelandmore.com\/fr\/#organization","name":"Tour Travel And More","url":"https:\/\/tourtravelandmore.com\/fr\/","logo":{"@type":"ImageObject","inLanguage":"fr-FR","@id":"https:\/\/tourtravelandmore.com\/fr\/#\/schema\/logo\/image\/","url":"https:\/\/tourtravelandmore.com\/wp-content\/uploads\/2022\/12\/cropped-logo-cabecera-new.png","contentUrl":"https:\/\/tourtravelandmore.com\/wp-content\/uploads\/2022\/12\/cropped-logo-cabecera-new.png","width":430,"height":61,"caption":"Tour Travel And More"},"image":{"@id":"https:\/\/tourtravelandmore.com\/fr\/#\/schema\/logo\/image\/"},"sameAs":["https:\/\/www.facebook.com\/tourtravelandmore\/","https:\/\/x.com\/TourTravel_More"]}]}},"_links":{"self":[{"href":"https:\/\/tourtravelandmore.com\/fr\/wp-json\/wp\/v2\/product\/100709","targetHints":{"allow":["GET"]}}],"collection":[{"href":"https:\/\/tourtravelandmore.com\/fr\/wp-json\/wp\/v2\/product"}],"about":[{"href":"https:\/\/tourtravelandmore.com\/fr\/wp-json\/wp\/v2\/types\/product"}],"replies":[{"embeddable":true,"href":"https:\/\/tourtravelandmore.com\/fr\/wp-json\/wp\/v2\/comments?post=100709"}],"wp:featuredmedia":[{"embeddable":true,"href":"https:\/\/tourtravelandmore.com\/fr\/wp-json\/wp\/v2\/media\/94424"}],"wp:attachment":[{"href":"https:\/\/tourtravelandmore.com\/fr\/wp-json\/wp\/v2\/media?parent=100709"}],"wp:term":[{"taxonomy":"product_brand","embeddable":true,"href":"https:\/\/tourtravelandmore.com\/fr\/wp-json\/wp\/v2\/product_brand?post=100709"},{"taxonomy":"product_cat","embeddable":true,"href":"https:\/\/tourtravelandmore.com\/fr\/wp-json\/wp\/v2\/product_cat?post=100709"},{"taxonomy":"product_tag","embeddable":true,"href":"https:\/\/tourtravelandmore.com\/fr\/wp-json\/wp\/v2\/product_tag?post=100709"}],"curies":[{"name":"wp","href":"https:\/\/api.w.org\/{rel}","templated":true}]}}