{"id":100699,"date":"2019-10-20T23:58:38","date_gmt":"2019-10-20T21:58:38","guid":{"rendered":"https:\/\/tourtravelandmore.com\/tours\/non%20class\u00e9\/transfert-prive-a-lyon\/"},"modified":"2022-10-18T02:58:49","modified_gmt":"2022-10-18T00:58:49","slug":"transfert-prive-a-lyon","status":"publish","type":"product","link":"https:\/\/tourtravelandmore.com\/fr\/tours\/france-fr\/lyon-fr\/transfert-prive-a-lyon\/","title":{"rendered":"Transfert priv\u00e9 \u00e0 Lyon"},"content":{"rendered":"<h2><b>Description du transfert priv\u00e9 Lyon A\u00e9roport\/Gare\/H\u00f4tel<\/b><\/h2>\n<p><span style=\"font-weight: 400;\">R\u00e9servez un transfert priv\u00e9 Lyon et arrivez rapidement \u00e0 votre destination \u00e0 Lyon.<\/span><\/p>\n<p><span style=\"font-weight: 400;\">Nous proposons des transferts vers toutes les principales attractions touristiques. Que vous ayez besoin d&#8217;un transfert vers l&#8217;a\u00e9roport ou la gare, d&#8217;un transfert entre villes ou d&#8217;un transfert depuis votre h\u00f4tel, nous sommes la soci\u00e9t\u00e9 qu&#8217;il vous faut !<\/span><\/p>\n<p><span style=\"font-weight: 400;\">Une fois que vous aurez atterri, notre personnel vous attendra avec un panneau portant votre nom. Votre voyage se terminera dans l&#8217;intimit\u00e9 d&#8217;une voiture de luxe qui vous fera d\u00e9couvrir la ville.<\/span><\/p>\n<p><span style=\"font-weight: 400;\">Vous pouvez nous contacter pour des transferts priv\u00e9s \u00e0 Lyon ou dans toute autre ville et nous offrons des incitations ou des r\u00e9ductions pour les grands groupes. Il suffit de contacter notre personnel, de leur parler de votre voyage et ils trouveront la meilleure solution possible.<\/span><\/p>\n<p><span style=\"font-weight: 400;\">Pouvez-vous nous dire combien de bagages sont n\u00e9cessaires pour votre voyage ? Un grand v\u00e9hicule peut \u00eatre n\u00e9cessaire et des frais suppl\u00e9mentaires peuvent s&#8217;appliquer si n\u00e9cessaire.<\/span><\/p>\n<p><span style=\"font-weight: 400;\">Si vous avez besoin d&#8217;un si\u00e8ge b\u00e9b\u00e9 ou enfant pour votre transfert priv\u00e9 \u00e0 Lyon, appelez-nous \u00e0 l&#8217;avance pour vous assurer que nous l&#8217;avons. Si vous avez plus de jours dans la ville de Lyon, vous pouvez consulter <\/span><a href=\"https:\/\/tourtravelandmore.com\/es\/ciudad\/francia\/lyon-es\/\"><b>ici<\/b><\/a><span style=\"font-weight: 400;\">, les visites priv\u00e9es que nous proposons dans la ville.<\/span><\/p>\n<h2><b>Points d&#8217;int\u00e9r\u00eat du transfert priv\u00e9 a\u00e9roport\/gare\/h\u00f4tel \u00e0 Lyon<\/b><\/h2>\n<p><span style=\"font-weight: 400;\">Lyon, troisi\u00e8me ville la plus peupl\u00e9e de France et ancienne capitale des Gaules sous l&#8217;Empire romain, est aujourd&#8217;hui au c\u0153ur du d\u00e9veloppement industriel fran\u00e7ais. La ville a servi de destination finale \u00e0 l&#8217;ancienne route de la soie et est aujourd&#8217;hui une importante zone \u00e9conomique.<\/span><\/p>\n<p><span style=\"font-weight: 400;\">Lyon est une ville importante pour ceux qui travaillent dans l&#8217;industrie chimique, pharmaceutique et biotechnologique. C&#8217;est un centre de production de soie et de banque de la soie, ainsi que le lieu de naissance du commerce de la soie. Lyon a \u00e9galement jou\u00e9 un r\u00f4le majeur dans le commerce de la soie \u00e0 l&#8217;\u00e9tranger dans le pass\u00e9.<\/span><\/p>\n<p><span style=\"font-weight: 400;\">Lyon est l&#8217;endroit id\u00e9al pour une cuisine fran\u00e7aise \u00e9l\u00e9gante. Ils sont le berceau de nombreux plats c\u00e9l\u00e8bres, tels que la quenelle, la soupe \u00e0 l&#8217;oignon et les grattons.<\/span><\/p>\n<p><span style=\"font-weight: 400;\">Dans la ville, vous trouverez de nombreux mus\u00e9es et parmi les plus extravagants, le mus\u00e9e des fr\u00e8res Lumi\u00e8re, situ\u00e9 dans un luxueux b\u00e2timent historique, o\u00f9 sont expos\u00e9s les premiers films du monde, des plaques photographiques, ainsi que des \u00e9quipements cin\u00e9matographiques anciens et des objets appartenant aux inventeurs.<\/span><\/p>\n<p><span style=\"font-weight: 400;\">R\u00e9servez d\u00e8s maintenant l&#8217;un de nos services de transfert, il s&#8217;agira d&#8217;une exp\u00e9rience personnalis\u00e9e et sp\u00e9ciale.<\/span><\/p>\n","protected":false},"excerpt":{"rendered":"<p><span style=\"font-weight: 400;\">Certaines personnes recherchent un service de transfert d&#8217;a\u00e9roport, d&#8217;autres recherchent un transfert priv\u00e9. Nous combinons les deux services et offrons une exp\u00e9rience priv\u00e9e dans le confort et le luxe. Nous proposons des transferts priv\u00e9s depuis l&#8217;a\u00e9roport de Lyon, la gare de Lyon et les h\u00f4tels de Lyon vers toutes les destinations en France.\u00a0<\/span><\/p>\n","protected":false},"featured_media":93541,"comment_status":"open","ping_status":"closed","template":"","meta":{"_acf_changed":false},"product_brand":[],"product_cat":[3540,3666],"product_tag":[4043,4042],"class_list":{"0":"post-100699","1":"product","2":"type-product","3":"status-publish","4":"has-post-thumbnail","6":"product_cat-france-fr","7":"product_cat-lyon-fr","8":"product_tag-private-fr","9":"product_tag-transfer-fr","11":"first","12":"instock","13":"shipping-taxable","14":"purchasable","15":"product-type-simple"},"acf":[],"yoast_head":"<!-- This site is optimized with the Yoast SEO Premium plugin v25.3.1 (Yoast SEO v25.3.1) - https:\/\/yoast.com\/wordpress\/plugins\/seo\/ -->\n<title>: \u27a1\ufe0f Transfert priv\u00e9 a\u00e9roport\/gare\/h\u00f4tel \u00e0 Lyon | Tour Travel &amp; More<\/title>\n<meta name=\"description\" content=\"Le transfert priv\u00e9 de Tour Travel &amp; More offre le meilleur des deux mondes : vous pouvez profiter du confort d&#039;un voyage en voiture ou vous pouvez profiter de notre service de transfert a\u00e9roportuaire pour atteindre votre destination rapidement.\" \/>\n<meta name=\"robots\" content=\"index, follow, max-snippet:-1, max-image-preview:large, max-video-preview:-1\" \/>\n<link rel=\"canonical\" href=\"https:\/\/tourtravelandmore.com\/fr\/tours\/france-fr\/lyon-fr\/transfert-prive-a-lyon\/\" \/>\n<meta property=\"og:locale\" content=\"fr_FR\" \/>\n<meta property=\"og:type\" content=\"article\" \/>\n<meta property=\"og:title\" content=\"Transfert priv\u00e9 \u00e0 Lyon\" \/>\n<meta property=\"og:description\" content=\"Le transfert priv\u00e9 de Tour Travel &amp; More offre le meilleur des deux mondes : vous pouvez profiter du confort d&#039;un voyage en voiture ou vous pouvez profiter de notre service de transfert a\u00e9roportuaire pour atteindre votre destination rapidement.\" \/>\n<meta property=\"og:url\" content=\"https:\/\/tourtravelandmore.com\/fr\/tours\/france-fr\/lyon-fr\/transfert-prive-a-lyon\/\" \/>\n<meta property=\"og:site_name\" content=\"Tour Travel And More\" \/>\n<meta property=\"article:publisher\" content=\"https:\/\/www.facebook.com\/tourtravelandmore\/\" \/>\n<meta property=\"article:modified_time\" content=\"2022-10-18T00:58:49+00:00\" \/>\n<meta property=\"og:image\" content=\"https:\/\/tourtravelandmore.com\/wp-content\/uploads\/2016\/10\/transfer-airport-barcelona.jpg\" \/>\n\t<meta property=\"og:image:width\" content=\"955\" \/>\n\t<meta property=\"og:image:height\" content=\"636\" \/>\n\t<meta property=\"og:image:type\" content=\"image\/jpeg\" \/>\n<meta name=\"twitter:card\" content=\"summary_large_image\" \/>\n<meta name=\"twitter:site\" content=\"@TourTravel_More\" \/>\n<meta name=\"twitter:label1\" content=\"Dur\u00e9e de lecture estim\u00e9e\" \/>\n\t<meta name=\"twitter:data1\" content=\"2 minutes\" \/>\n<script type=\"application\/ld+json\" class=\"yoast-schema-graph\">{\"@context\":\"https:\/\/schema.org\",\"@graph\":[{\"@type\":\"WebPage\",\"@id\":\"https:\/\/tourtravelandmore.com\/fr\/tours\/france-fr\/lyon-fr\/transfert-prive-a-lyon\/\",\"url\":\"https:\/\/tourtravelandmore.com\/fr\/tours\/france-fr\/lyon-fr\/transfert-prive-a-lyon\/\",\"name\":\": \u27a1\ufe0f Transfert priv\u00e9 a\u00e9roport\/gare\/h\u00f4tel \u00e0 Lyon | Tour Travel & More\",\"isPartOf\":{\"@id\":\"https:\/\/tourtravelandmore.com\/fr\/#website\"},\"primaryImageOfPage\":{\"@id\":\"https:\/\/tourtravelandmore.com\/fr\/tours\/france-fr\/lyon-fr\/transfert-prive-a-lyon\/#primaryimage\"},\"image\":{\"@id\":\"https:\/\/tourtravelandmore.com\/fr\/tours\/france-fr\/lyon-fr\/transfert-prive-a-lyon\/#primaryimage\"},\"thumbnailUrl\":\"https:\/\/tourtravelandmore.com\/wp-content\/uploads\/2016\/10\/transfer-airport-barcelona.jpg\",\"datePublished\":\"2019-10-20T21:58:38+00:00\",\"dateModified\":\"2022-10-18T00:58:49+00:00\",\"description\":\"Le transfert priv\u00e9 de Tour Travel & More offre le meilleur des deux mondes : vous pouvez profiter du confort d'un voyage en voiture ou vous pouvez profiter de notre service de transfert a\u00e9roportuaire pour atteindre votre destination rapidement.\",\"breadcrumb\":{\"@id\":\"https:\/\/tourtravelandmore.com\/fr\/tours\/france-fr\/lyon-fr\/transfert-prive-a-lyon\/#breadcrumb\"},\"inLanguage\":\"fr-FR\",\"potentialAction\":[{\"@type\":\"ReadAction\",\"target\":[\"https:\/\/tourtravelandmore.com\/fr\/tours\/france-fr\/lyon-fr\/transfert-prive-a-lyon\/\"]}]},{\"@type\":\"ImageObject\",\"inLanguage\":\"fr-FR\",\"@id\":\"https:\/\/tourtravelandmore.com\/fr\/tours\/france-fr\/lyon-fr\/transfert-prive-a-lyon\/#primaryimage\",\"url\":\"https:\/\/tourtravelandmore.com\/wp-content\/uploads\/2016\/10\/transfer-airport-barcelona.jpg\",\"contentUrl\":\"https:\/\/tourtravelandmore.com\/wp-content\/uploads\/2016\/10\/transfer-airport-barcelona.jpg\",\"width\":955,\"height\":636},{\"@type\":\"BreadcrumbList\",\"@id\":\"https:\/\/tourtravelandmore.com\/fr\/tours\/france-fr\/lyon-fr\/transfert-prive-a-lyon\/#breadcrumb\",\"itemListElement\":[{\"@type\":\"ListItem\",\"position\":1,\"name\":\"Home\",\"item\":\"https:\/\/tourtravelandmore.com\/fr\/\"},{\"@type\":\"ListItem\",\"position\":2,\"name\":\"Tours\",\"item\":\"https:\/\/tourtravelandmore.com\/fr\/tours\/\"},{\"@type\":\"ListItem\",\"position\":3,\"name\":\"Transfert priv\u00e9 \u00e0 Lyon\"}]},{\"@type\":\"WebSite\",\"@id\":\"https:\/\/tourtravelandmore.com\/fr\/#website\",\"url\":\"https:\/\/tourtravelandmore.com\/fr\/\",\"name\":\"Tour Travel And More\",\"description\":\"Private sightseeing tours and luxury transfers in Spain\",\"publisher\":{\"@id\":\"https:\/\/tourtravelandmore.com\/fr\/#organization\"},\"potentialAction\":[{\"@type\":\"SearchAction\",\"target\":{\"@type\":\"EntryPoint\",\"urlTemplate\":\"https:\/\/tourtravelandmore.com\/fr\/?s={search_term_string}\"},\"query-input\":{\"@type\":\"PropertyValueSpecification\",\"valueRequired\":true,\"valueName\":\"search_term_string\"}}],\"inLanguage\":\"fr-FR\"},{\"@type\":\"Organization\",\"@id\":\"https:\/\/tourtravelandmore.com\/fr\/#organization\",\"name\":\"Tour Travel And More\",\"url\":\"https:\/\/tourtravelandmore.com\/fr\/\",\"logo\":{\"@type\":\"ImageObject\",\"inLanguage\":\"fr-FR\",\"@id\":\"https:\/\/tourtravelandmore.com\/fr\/#\/schema\/logo\/image\/\",\"url\":\"https:\/\/tourtravelandmore.com\/wp-content\/uploads\/2022\/12\/cropped-logo-cabecera-new.png\",\"contentUrl\":\"https:\/\/tourtravelandmore.com\/wp-content\/uploads\/2022\/12\/cropped-logo-cabecera-new.png\",\"width\":430,\"height\":61,\"caption\":\"Tour Travel And More\"},\"image\":{\"@id\":\"https:\/\/tourtravelandmore.com\/fr\/#\/schema\/logo\/image\/\"},\"sameAs\":[\"https:\/\/www.facebook.com\/tourtravelandmore\/\",\"https:\/\/x.com\/TourTravel_More\"]}]}<\/script>\n<!-- \/ Yoast SEO Premium plugin. -->","yoast_head_json":{"title":": \u27a1\ufe0f Transfert priv\u00e9 a\u00e9roport\/gare\/h\u00f4tel \u00e0 Lyon | Tour Travel & More","description":"Le transfert priv\u00e9 de Tour Travel & More offre le meilleur des deux mondes : vous pouvez profiter du confort d'un voyage en voiture ou vous pouvez profiter de notre service de transfert a\u00e9roportuaire pour atteindre votre destination rapidement.","robots":{"index":"index","follow":"follow","max-snippet":"max-snippet:-1","max-image-preview":"max-image-preview:large","max-video-preview":"max-video-preview:-1"},"canonical":"https:\/\/tourtravelandmore.com\/fr\/tours\/france-fr\/lyon-fr\/transfert-prive-a-lyon\/","og_locale":"fr_FR","og_type":"article","og_title":"Transfert priv\u00e9 \u00e0 Lyon","og_description":"Le transfert priv\u00e9 de Tour Travel & More offre le meilleur des deux mondes : vous pouvez profiter du confort d'un voyage en voiture ou vous pouvez profiter de notre service de transfert a\u00e9roportuaire pour atteindre votre destination rapidement.","og_url":"https:\/\/tourtravelandmore.com\/fr\/tours\/france-fr\/lyon-fr\/transfert-prive-a-lyon\/","og_site_name":"Tour Travel And More","article_publisher":"https:\/\/www.facebook.com\/tourtravelandmore\/","article_modified_time":"2022-10-18T00:58:49+00:00","og_image":[{"width":955,"height":636,"url":"https:\/\/tourtravelandmore.com\/wp-content\/uploads\/2016\/10\/transfer-airport-barcelona.jpg","type":"image\/jpeg"}],"twitter_card":"summary_large_image","twitter_site":"@TourTravel_More","twitter_misc":{"Dur\u00e9e de lecture estim\u00e9e":"2 minutes"},"schema":{"@context":"https:\/\/schema.org","@graph":[{"@type":"WebPage","@id":"https:\/\/tourtravelandmore.com\/fr\/tours\/france-fr\/lyon-fr\/transfert-prive-a-lyon\/","url":"https:\/\/tourtravelandmore.com\/fr\/tours\/france-fr\/lyon-fr\/transfert-prive-a-lyon\/","name":": \u27a1\ufe0f Transfert priv\u00e9 a\u00e9roport\/gare\/h\u00f4tel \u00e0 Lyon | Tour Travel & More","isPartOf":{"@id":"https:\/\/tourtravelandmore.com\/fr\/#website"},"primaryImageOfPage":{"@id":"https:\/\/tourtravelandmore.com\/fr\/tours\/france-fr\/lyon-fr\/transfert-prive-a-lyon\/#primaryimage"},"image":{"@id":"https:\/\/tourtravelandmore.com\/fr\/tours\/france-fr\/lyon-fr\/transfert-prive-a-lyon\/#primaryimage"},"thumbnailUrl":"https:\/\/tourtravelandmore.com\/wp-content\/uploads\/2016\/10\/transfer-airport-barcelona.jpg","datePublished":"2019-10-20T21:58:38+00:00","dateModified":"2022-10-18T00:58:49+00:00","description":"Le transfert priv\u00e9 de Tour Travel & More offre le meilleur des deux mondes : vous pouvez profiter du confort d'un voyage en voiture ou vous pouvez profiter de notre service de transfert a\u00e9roportuaire pour atteindre votre destination rapidement.","breadcrumb":{"@id":"https:\/\/tourtravelandmore.com\/fr\/tours\/france-fr\/lyon-fr\/transfert-prive-a-lyon\/#breadcrumb"},"inLanguage":"fr-FR","potentialAction":[{"@type":"ReadAction","target":["https:\/\/tourtravelandmore.com\/fr\/tours\/france-fr\/lyon-fr\/transfert-prive-a-lyon\/"]}]},{"@type":"ImageObject","inLanguage":"fr-FR","@id":"https:\/\/tourtravelandmore.com\/fr\/tours\/france-fr\/lyon-fr\/transfert-prive-a-lyon\/#primaryimage","url":"https:\/\/tourtravelandmore.com\/wp-content\/uploads\/2016\/10\/transfer-airport-barcelona.jpg","contentUrl":"https:\/\/tourtravelandmore.com\/wp-content\/uploads\/2016\/10\/transfer-airport-barcelona.jpg","width":955,"height":636},{"@type":"BreadcrumbList","@id":"https:\/\/tourtravelandmore.com\/fr\/tours\/france-fr\/lyon-fr\/transfert-prive-a-lyon\/#breadcrumb","itemListElement":[{"@type":"ListItem","position":1,"name":"Home","item":"https:\/\/tourtravelandmore.com\/fr\/"},{"@type":"ListItem","position":2,"name":"Tours","item":"https:\/\/tourtravelandmore.com\/fr\/tours\/"},{"@type":"ListItem","position":3,"name":"Transfert priv\u00e9 \u00e0 Lyon"}]},{"@type":"WebSite","@id":"https:\/\/tourtravelandmore.com\/fr\/#website","url":"https:\/\/tourtravelandmore.com\/fr\/","name":"Tour Travel And More","description":"Private sightseeing tours and luxury transfers in Spain","publisher":{"@id":"https:\/\/tourtravelandmore.com\/fr\/#organization"},"potentialAction":[{"@type":"SearchAction","target":{"@type":"EntryPoint","urlTemplate":"https:\/\/tourtravelandmore.com\/fr\/?s={search_term_string}"},"query-input":{"@type":"PropertyValueSpecification","valueRequired":true,"valueName":"search_term_string"}}],"inLanguage":"fr-FR"},{"@type":"Organization","@id":"https:\/\/tourtravelandmore.com\/fr\/#organization","name":"Tour Travel And More","url":"https:\/\/tourtravelandmore.com\/fr\/","logo":{"@type":"ImageObject","inLanguage":"fr-FR","@id":"https:\/\/tourtravelandmore.com\/fr\/#\/schema\/logo\/image\/","url":"https:\/\/tourtravelandmore.com\/wp-content\/uploads\/2022\/12\/cropped-logo-cabecera-new.png","contentUrl":"https:\/\/tourtravelandmore.com\/wp-content\/uploads\/2022\/12\/cropped-logo-cabecera-new.png","width":430,"height":61,"caption":"Tour Travel And More"},"image":{"@id":"https:\/\/tourtravelandmore.com\/fr\/#\/schema\/logo\/image\/"},"sameAs":["https:\/\/www.facebook.com\/tourtravelandmore\/","https:\/\/x.com\/TourTravel_More"]}]}},"_links":{"self":[{"href":"https:\/\/tourtravelandmore.com\/fr\/wp-json\/wp\/v2\/product\/100699","targetHints":{"allow":["GET"]}}],"collection":[{"href":"https:\/\/tourtravelandmore.com\/fr\/wp-json\/wp\/v2\/product"}],"about":[{"href":"https:\/\/tourtravelandmore.com\/fr\/wp-json\/wp\/v2\/types\/product"}],"replies":[{"embeddable":true,"href":"https:\/\/tourtravelandmore.com\/fr\/wp-json\/wp\/v2\/comments?post=100699"}],"wp:featuredmedia":[{"embeddable":true,"href":"https:\/\/tourtravelandmore.com\/fr\/wp-json\/wp\/v2\/media\/93541"}],"wp:attachment":[{"href":"https:\/\/tourtravelandmore.com\/fr\/wp-json\/wp\/v2\/media?parent=100699"}],"wp:term":[{"taxonomy":"product_brand","embeddable":true,"href":"https:\/\/tourtravelandmore.com\/fr\/wp-json\/wp\/v2\/product_brand?post=100699"},{"taxonomy":"product_cat","embeddable":true,"href":"https:\/\/tourtravelandmore.com\/fr\/wp-json\/wp\/v2\/product_cat?post=100699"},{"taxonomy":"product_tag","embeddable":true,"href":"https:\/\/tourtravelandmore.com\/fr\/wp-json\/wp\/v2\/product_tag?post=100699"}],"curies":[{"name":"wp","href":"https:\/\/api.w.org\/{rel}","templated":true}]}}