{"id":100694,"date":"2019-08-15T18:11:31","date_gmt":"2019-08-15T16:11:31","guid":{"rendered":"https:\/\/tourtravelandmore.com\/tours\/non%20class\u00e9\/experience-des-vignobles-prives-du-beaujolais\/"},"modified":"2022-10-18T02:40:34","modified_gmt":"2022-10-18T00:40:34","slug":"experience-des-vignobles-prives-du-beaujolais","status":"publish","type":"product","link":"https:\/\/tourtravelandmore.com\/fr\/tours\/france-fr\/lyon-fr\/experience-des-vignobles-prives-du-beaujolais\/","title":{"rendered":"Exp\u00e9rience des vignobles priv\u00e9s du Beaujolais"},"content":{"rendered":"<h2><b>Description de la demi-journ\u00e9e de visite priv\u00e9e des vignobles du Beaujolais<\/b><\/h2>\n<p><span style=\"font-weight: 400;\">Profitez d&#8217;une visite priv\u00e9e des vignobles du Beaujolais gr\u00e2ce \u00e0 ce forfait qui comprend \u00e9galement un chauffeur priv\u00e9.<\/span><\/p>\n<p><span style=\"font-weight: 400;\">Laissez-vous surprendre par les vins les plus surprenants et les plus savoureux de la r\u00e9gion. Apprenez \u00e0 conna\u00eetre chaque lieu comme si vous \u00e9tiez un connaisseur en vin.<\/span><\/p>\n<p><span style=\"font-weight: 400;\">Beaune (du nom de la ville bourguignonne) est l&#8217;une des appellations les plus prestigieuses de la r\u00e9gion, et vous vivrez une exp\u00e9rience plus personnalis\u00e9e en optant pour une visite priv\u00e9e d&#8217;<\/span><b>un vignoble du Beaujolais<\/b><span style=\"font-weight: 400;\">, par exemple.<\/span><\/p>\n<p><span style=\"font-weight: 400;\">Lors de cette visite priv\u00e9e du Beaujolais au d\u00e9part de Lyon, explorez les vignobles pittoresques et go\u00fbtez au vin de Pizay. La visite comprend les secrets de la vinification fran\u00e7aise lors d&#8217;une visite des caves.<\/span><\/p>\n<p><span style=\"font-weight: 400;\">En quittant Lyon, vous pourrez voir la beaut\u00e9 des champs de vin. En outre, la d\u00e9gustation de vin et la d\u00e9gustation se feront en petit groupe. L&#8217;arrangement avec le chauffeur sera priv\u00e9 et vous montrera les points forts de la r\u00e9gion.<\/span><\/p>\n<h2><b>Points forts de la demi-journ\u00e9e de visite priv\u00e9e du vignoble du Beaujolais<\/b><\/h2>\n<p><span style=\"font-weight: 400;\">Notre chauffeur priv\u00e9 viendra vous chercher \u00e0 Lyon \u00e0 l&#8217;heure et au lieu convenus. Vous pouvez d\u00e9cider de l&#8217;heure et du lieu de d\u00e9part de votre circuit, quand et o\u00f9 vous souhaitez commencer.<\/span><\/p>\n<p><span style=\"font-weight: 400;\">Parmi les nombreux autres lieux \u00e0 visiter dans la r\u00e9gion du Beaujolais, nous vous proposons \u00e9galement les suivants :<\/span><\/p>\n<h3><b>Villefranche-sur-Sa\u00f4ne et ses cours Renaissance<\/b><\/h3>\n<p><span style=\"font-weight: 400;\">Villefranche-sur-Sa\u00f4ne est une petite ville de la r\u00e9gion Rh\u00f4ne-Alpes, en France. Elle est c\u00e9l\u00e8bre pour ses cours de la Renaissance, qui sont class\u00e9es au patrimoine mondial de l&#8217;UNESCO.<\/span><\/p>\n<p><span style=\"font-weight: 400;\">L&#8217;histoire de la ville remonte \u00e0 l&#8217;\u00e9poque romaine et elle \u00e9tait un poste de traite important au Moyen \u00c2ge. La ville a \u00e9galement \u00e9t\u00e9 un centre important de la R\u00e9forme protestante au cours du 16e si\u00e8cle. Parmi les personnes c\u00e9l\u00e8bres qui ont v\u00e9cu \u00e0 Villefranche figurent Victor Hugo, Jean Racine et Alexandre Dumas p\u00e8re.<\/span><\/p>\n<p><span style=\"font-weight: 400;\">Les cours Renaissance de Villefranche sont l&#8217;un de ses \u00e9l\u00e9ments les plus embl\u00e9matiques.\u00a0<\/span><\/p>\n<h3><b>Oingt et Beaujolais des Pierres Dor\u00e9es<\/b><\/h3>\n<p><span style=\"font-weight: 400;\">Les vins de la r\u00e9gion du Beaujolais sont \u00e9labor\u00e9s \u00e0 partir du raisin Gamay et comptent parmi les vins les plus populaires de France.<\/span><\/p>\n<p><span style=\"font-weight: 400;\">Les deux principales r\u00e9gions viticoles du Beaujolais sont Beaujeu-Villages et Oingt, au nord de Lyon. Les vins de ces r\u00e9gions ont tendance \u00e0 \u00eatre plus l\u00e9gers que ceux des autres r\u00e9gions de France en raison du climat plus frais.<\/span><\/p>\n<h3><b>Le Mont Brouilly et ses vues<\/b><\/h3>\n<p><span style=\"font-weight: 400;\">Le Mont Brouilly est le point culminant du Beaujolais. Il est situ\u00e9 au c\u0153ur d&#8217;une zone g\u00e9ologique appel\u00e9e &#8220;Brouilly&#8221; en raison de ses sols bruns. La montagne est une intrusion granitique dont l&#8217;altitude est de 809 m\u00e8tres.<\/span><\/p>\n<p><span style=\"font-weight: 400;\">Les vues du mont Brouilly sont \u00e0 couper le souffle, surtout au coucher du soleil, lorsque le soleil se couche derri\u00e8re les montagnes et laisse une teinte ros\u00e9e \u00e0 l&#8217;horizon.<\/span><\/p>\n<p><span style=\"font-weight: 400;\">Le vin du Beaujolais est connu pour son go\u00fbt fruit\u00e9 et sa l\u00e9g\u00e8ret\u00e9, qui proviennent de son sol mince et de ses vignobles bas.<\/span><\/p>\n<h3><b>Hameau Duboeuf, le premier oenoparc du Beaujolais<\/b><\/h3>\n<p><span style=\"font-weight: 400;\">Le Hameau Duboeuf est un producteur de vin dans le Beaujolais, en France. La soci\u00e9t\u00e9 a \u00e9t\u00e9 fond\u00e9e en 1947 par Claude Duboeuf, qui en est toujours le pr\u00e9sident. Le domaine du Hameau Duboeuf s&#8217;\u00e9tend sur une superficie d&#8217;environ 5 hectares et est class\u00e9 comme enoparc depuis 2006.<\/span><\/p>\n<p><span style=\"font-weight: 400;\">Le domaine du Hameau Duboeuf est situ\u00e9 \u00e0 Saint-Amour, \u00e0 12 km du centre de Beaujeu, sur une colline dominant la vall\u00e9e de la Sa\u00f4ne.<\/span><\/p>\n<h3><b>Le ch\u00e2teau de la Chaize \u00e0 Odenas<\/b><\/h3>\n<p><span style=\"font-weight: 400;\">Le ch\u00e2teau de la Chaize est un ch\u00e2teau situ\u00e9 \u00e0 Odennes, en France, qui a \u00e9t\u00e9 construit au XIIIe si\u00e8cle. Ce ch\u00e2teau est c\u00e9l\u00e8bre pour avoir \u00e9t\u00e9 le lieu de naissance du philosophe et math\u00e9maticien fran\u00e7ais Blaise Pascal. Le ch\u00e2teau de la Chaize \u00e9tait \u00e9galement un site religieux important, servant de monast\u00e8re de 1499 \u00e0 1789.<\/span><\/p>\n<p><span style=\"font-weight: 400;\">Le Ch\u00e2teau de la Chaize est situ\u00e9 au sommet d&#8217;une colline qui domine le village d&#8217;Odenas.<\/span><\/p>\n<p><span style=\"font-weight: 400;\">Vous serez accompagn\u00e9 \u00e0 tout moment par notre chauffeur qui vous fera d\u00e9couvrir la r\u00e9gion et par un guide sp\u00e9cialis\u00e9 de la cave.<\/span><\/p>\n<p><b>Si vous avez plus de jours \u00e0 Lyon, vous pouvez consulter <\/b><a href=\"https:\/\/tourtravelandmore.com\/es\/ciudad\/francia\/lyon-es\/\"><b>ici<\/b><\/a><b>, le reste des visites priv\u00e9es que nous proposons dans la ville.<\/b><\/p>\n","protected":false},"excerpt":{"rendered":"<p><b>Le <\/b><span style=\"font-weight: 400;\">circuit est enti\u00e8rement personnalis\u00e9 et comprend les meilleurs sites de ce circuit. Le guide vous guidera \u00e0 travers le processus de fabrication du vin et vous donnera l&#8217;occasion de d\u00e9guster certains des meilleurs vins du Beaujolais.<\/span><\/p>\n","protected":false},"featured_media":96087,"comment_status":"open","ping_status":"closed","template":"","meta":{"_acf_changed":false},"product_brand":[],"product_cat":[3666],"product_tag":[],"class_list":{"0":"post-100694","1":"product","2":"type-product","3":"status-publish","4":"has-post-thumbnail","6":"product_cat-lyon-fr","8":"first","9":"instock","10":"shipping-taxable","11":"purchasable","12":"product-type-simple"},"acf":[],"yoast_head":"<!-- This site is optimized with the Yoast SEO Premium plugin v25.3.1 (Yoast SEO v25.3.1) - https:\/\/yoast.com\/wordpress\/plugins\/seo\/ -->\n<title>\u27a1\ufe0f Visite priv\u00e9e d&#039;une demi-journ\u00e9e dans un vignoble du Beaujolais | Tour Travel &amp; More<\/title>\n<meta name=\"description\" content=\"Si vous recherchez une exp\u00e9rience inoubliable, une visite priv\u00e9e est la solution. Vous pourrez visiter les vignobles de votre choix et profiter d&#039;une visite personnalis\u00e9e avec un expert local, r\u00e9servez d\u00e8s maintenant !\" \/>\n<meta name=\"robots\" content=\"index, follow, max-snippet:-1, max-image-preview:large, max-video-preview:-1\" \/>\n<link rel=\"canonical\" href=\"https:\/\/tourtravelandmore.com\/fr\/tours\/france-fr\/lyon-fr\/experience-des-vignobles-prives-du-beaujolais\/\" \/>\n<meta property=\"og:locale\" content=\"fr_FR\" \/>\n<meta property=\"og:type\" content=\"article\" \/>\n<meta property=\"og:title\" content=\"Exp\u00e9rience des vignobles priv\u00e9s du Beaujolais\" \/>\n<meta property=\"og:description\" content=\"Si vous recherchez une exp\u00e9rience inoubliable, une visite priv\u00e9e est la solution. Vous pourrez visiter les vignobles de votre choix et profiter d&#039;une visite personnalis\u00e9e avec un expert local, r\u00e9servez d\u00e8s maintenant !\" \/>\n<meta property=\"og:url\" content=\"https:\/\/tourtravelandmore.com\/fr\/tours\/france-fr\/lyon-fr\/experience-des-vignobles-prives-du-beaujolais\/\" \/>\n<meta property=\"og:site_name\" content=\"Tour Travel And More\" \/>\n<meta property=\"article:publisher\" content=\"https:\/\/www.facebook.com\/tourtravelandmore\/\" \/>\n<meta property=\"article:modified_time\" content=\"2022-10-18T00:40:34+00:00\" \/>\n<meta property=\"og:image\" content=\"https:\/\/tourtravelandmore.com\/wp-content\/uploads\/2019\/08\/5974645660_2e96d46070_b.jpg\" \/>\n\t<meta property=\"og:image:width\" content=\"1024\" \/>\n\t<meta property=\"og:image:height\" content=\"726\" \/>\n\t<meta property=\"og:image:type\" content=\"image\/jpeg\" \/>\n<meta name=\"twitter:card\" content=\"summary_large_image\" \/>\n<meta name=\"twitter:site\" content=\"@TourTravel_More\" \/>\n<meta name=\"twitter:label1\" content=\"Dur\u00e9e de lecture estim\u00e9e\" \/>\n\t<meta name=\"twitter:data1\" content=\"4 minutes\" \/>\n<script type=\"application\/ld+json\" class=\"yoast-schema-graph\">{\"@context\":\"https:\/\/schema.org\",\"@graph\":[{\"@type\":\"WebPage\",\"@id\":\"https:\/\/tourtravelandmore.com\/fr\/tours\/france-fr\/lyon-fr\/experience-des-vignobles-prives-du-beaujolais\/\",\"url\":\"https:\/\/tourtravelandmore.com\/fr\/tours\/france-fr\/lyon-fr\/experience-des-vignobles-prives-du-beaujolais\/\",\"name\":\"\u27a1\ufe0f Visite priv\u00e9e d'une demi-journ\u00e9e dans un vignoble du Beaujolais | Tour Travel & More\",\"isPartOf\":{\"@id\":\"https:\/\/tourtravelandmore.com\/fr\/#website\"},\"primaryImageOfPage\":{\"@id\":\"https:\/\/tourtravelandmore.com\/fr\/tours\/france-fr\/lyon-fr\/experience-des-vignobles-prives-du-beaujolais\/#primaryimage\"},\"image\":{\"@id\":\"https:\/\/tourtravelandmore.com\/fr\/tours\/france-fr\/lyon-fr\/experience-des-vignobles-prives-du-beaujolais\/#primaryimage\"},\"thumbnailUrl\":\"https:\/\/tourtravelandmore.com\/wp-content\/uploads\/2019\/08\/5974645660_2e96d46070_b.jpg\",\"datePublished\":\"2019-08-15T16:11:31+00:00\",\"dateModified\":\"2022-10-18T00:40:34+00:00\",\"description\":\"Si vous recherchez une exp\u00e9rience inoubliable, une visite priv\u00e9e est la solution. Vous pourrez visiter les vignobles de votre choix et profiter d'une visite personnalis\u00e9e avec un expert local, r\u00e9servez d\u00e8s maintenant !\",\"breadcrumb\":{\"@id\":\"https:\/\/tourtravelandmore.com\/fr\/tours\/france-fr\/lyon-fr\/experience-des-vignobles-prives-du-beaujolais\/#breadcrumb\"},\"inLanguage\":\"fr-FR\",\"potentialAction\":[{\"@type\":\"ReadAction\",\"target\":[\"https:\/\/tourtravelandmore.com\/fr\/tours\/france-fr\/lyon-fr\/experience-des-vignobles-prives-du-beaujolais\/\"]}]},{\"@type\":\"ImageObject\",\"inLanguage\":\"fr-FR\",\"@id\":\"https:\/\/tourtravelandmore.com\/fr\/tours\/france-fr\/lyon-fr\/experience-des-vignobles-prives-du-beaujolais\/#primaryimage\",\"url\":\"https:\/\/tourtravelandmore.com\/wp-content\/uploads\/2019\/08\/5974645660_2e96d46070_b.jpg\",\"contentUrl\":\"https:\/\/tourtravelandmore.com\/wp-content\/uploads\/2019\/08\/5974645660_2e96d46070_b.jpg\",\"width\":1024,\"height\":726},{\"@type\":\"BreadcrumbList\",\"@id\":\"https:\/\/tourtravelandmore.com\/fr\/tours\/france-fr\/lyon-fr\/experience-des-vignobles-prives-du-beaujolais\/#breadcrumb\",\"itemListElement\":[{\"@type\":\"ListItem\",\"position\":1,\"name\":\"Home\",\"item\":\"https:\/\/tourtravelandmore.com\/fr\/\"},{\"@type\":\"ListItem\",\"position\":2,\"name\":\"Tours\",\"item\":\"https:\/\/tourtravelandmore.com\/fr\/tours\/\"},{\"@type\":\"ListItem\",\"position\":3,\"name\":\"Exp\u00e9rience des vignobles priv\u00e9s du Beaujolais\"}]},{\"@type\":\"WebSite\",\"@id\":\"https:\/\/tourtravelandmore.com\/fr\/#website\",\"url\":\"https:\/\/tourtravelandmore.com\/fr\/\",\"name\":\"Tour Travel And More\",\"description\":\"Private sightseeing tours and luxury transfers in Spain\",\"publisher\":{\"@id\":\"https:\/\/tourtravelandmore.com\/fr\/#organization\"},\"potentialAction\":[{\"@type\":\"SearchAction\",\"target\":{\"@type\":\"EntryPoint\",\"urlTemplate\":\"https:\/\/tourtravelandmore.com\/fr\/?s={search_term_string}\"},\"query-input\":{\"@type\":\"PropertyValueSpecification\",\"valueRequired\":true,\"valueName\":\"search_term_string\"}}],\"inLanguage\":\"fr-FR\"},{\"@type\":\"Organization\",\"@id\":\"https:\/\/tourtravelandmore.com\/fr\/#organization\",\"name\":\"Tour Travel And More\",\"url\":\"https:\/\/tourtravelandmore.com\/fr\/\",\"logo\":{\"@type\":\"ImageObject\",\"inLanguage\":\"fr-FR\",\"@id\":\"https:\/\/tourtravelandmore.com\/fr\/#\/schema\/logo\/image\/\",\"url\":\"https:\/\/tourtravelandmore.com\/wp-content\/uploads\/2022\/12\/cropped-logo-cabecera-new.png\",\"contentUrl\":\"https:\/\/tourtravelandmore.com\/wp-content\/uploads\/2022\/12\/cropped-logo-cabecera-new.png\",\"width\":430,\"height\":61,\"caption\":\"Tour Travel And More\"},\"image\":{\"@id\":\"https:\/\/tourtravelandmore.com\/fr\/#\/schema\/logo\/image\/\"},\"sameAs\":[\"https:\/\/www.facebook.com\/tourtravelandmore\/\",\"https:\/\/x.com\/TourTravel_More\"]}]}<\/script>\n<!-- \/ Yoast SEO Premium plugin. -->","yoast_head_json":{"title":"\u27a1\ufe0f Visite priv\u00e9e d'une demi-journ\u00e9e dans un vignoble du Beaujolais | Tour Travel & More","description":"Si vous recherchez une exp\u00e9rience inoubliable, une visite priv\u00e9e est la solution. Vous pourrez visiter les vignobles de votre choix et profiter d'une visite personnalis\u00e9e avec un expert local, r\u00e9servez d\u00e8s maintenant !","robots":{"index":"index","follow":"follow","max-snippet":"max-snippet:-1","max-image-preview":"max-image-preview:large","max-video-preview":"max-video-preview:-1"},"canonical":"https:\/\/tourtravelandmore.com\/fr\/tours\/france-fr\/lyon-fr\/experience-des-vignobles-prives-du-beaujolais\/","og_locale":"fr_FR","og_type":"article","og_title":"Exp\u00e9rience des vignobles priv\u00e9s du Beaujolais","og_description":"Si vous recherchez une exp\u00e9rience inoubliable, une visite priv\u00e9e est la solution. Vous pourrez visiter les vignobles de votre choix et profiter d'une visite personnalis\u00e9e avec un expert local, r\u00e9servez d\u00e8s maintenant !","og_url":"https:\/\/tourtravelandmore.com\/fr\/tours\/france-fr\/lyon-fr\/experience-des-vignobles-prives-du-beaujolais\/","og_site_name":"Tour Travel And More","article_publisher":"https:\/\/www.facebook.com\/tourtravelandmore\/","article_modified_time":"2022-10-18T00:40:34+00:00","og_image":[{"width":1024,"height":726,"url":"https:\/\/tourtravelandmore.com\/wp-content\/uploads\/2019\/08\/5974645660_2e96d46070_b.jpg","type":"image\/jpeg"}],"twitter_card":"summary_large_image","twitter_site":"@TourTravel_More","twitter_misc":{"Dur\u00e9e de lecture estim\u00e9e":"4 minutes"},"schema":{"@context":"https:\/\/schema.org","@graph":[{"@type":"WebPage","@id":"https:\/\/tourtravelandmore.com\/fr\/tours\/france-fr\/lyon-fr\/experience-des-vignobles-prives-du-beaujolais\/","url":"https:\/\/tourtravelandmore.com\/fr\/tours\/france-fr\/lyon-fr\/experience-des-vignobles-prives-du-beaujolais\/","name":"\u27a1\ufe0f Visite priv\u00e9e d'une demi-journ\u00e9e dans un vignoble du Beaujolais | Tour Travel & More","isPartOf":{"@id":"https:\/\/tourtravelandmore.com\/fr\/#website"},"primaryImageOfPage":{"@id":"https:\/\/tourtravelandmore.com\/fr\/tours\/france-fr\/lyon-fr\/experience-des-vignobles-prives-du-beaujolais\/#primaryimage"},"image":{"@id":"https:\/\/tourtravelandmore.com\/fr\/tours\/france-fr\/lyon-fr\/experience-des-vignobles-prives-du-beaujolais\/#primaryimage"},"thumbnailUrl":"https:\/\/tourtravelandmore.com\/wp-content\/uploads\/2019\/08\/5974645660_2e96d46070_b.jpg","datePublished":"2019-08-15T16:11:31+00:00","dateModified":"2022-10-18T00:40:34+00:00","description":"Si vous recherchez une exp\u00e9rience inoubliable, une visite priv\u00e9e est la solution. Vous pourrez visiter les vignobles de votre choix et profiter d'une visite personnalis\u00e9e avec un expert local, r\u00e9servez d\u00e8s maintenant !","breadcrumb":{"@id":"https:\/\/tourtravelandmore.com\/fr\/tours\/france-fr\/lyon-fr\/experience-des-vignobles-prives-du-beaujolais\/#breadcrumb"},"inLanguage":"fr-FR","potentialAction":[{"@type":"ReadAction","target":["https:\/\/tourtravelandmore.com\/fr\/tours\/france-fr\/lyon-fr\/experience-des-vignobles-prives-du-beaujolais\/"]}]},{"@type":"ImageObject","inLanguage":"fr-FR","@id":"https:\/\/tourtravelandmore.com\/fr\/tours\/france-fr\/lyon-fr\/experience-des-vignobles-prives-du-beaujolais\/#primaryimage","url":"https:\/\/tourtravelandmore.com\/wp-content\/uploads\/2019\/08\/5974645660_2e96d46070_b.jpg","contentUrl":"https:\/\/tourtravelandmore.com\/wp-content\/uploads\/2019\/08\/5974645660_2e96d46070_b.jpg","width":1024,"height":726},{"@type":"BreadcrumbList","@id":"https:\/\/tourtravelandmore.com\/fr\/tours\/france-fr\/lyon-fr\/experience-des-vignobles-prives-du-beaujolais\/#breadcrumb","itemListElement":[{"@type":"ListItem","position":1,"name":"Home","item":"https:\/\/tourtravelandmore.com\/fr\/"},{"@type":"ListItem","position":2,"name":"Tours","item":"https:\/\/tourtravelandmore.com\/fr\/tours\/"},{"@type":"ListItem","position":3,"name":"Exp\u00e9rience des vignobles priv\u00e9s du Beaujolais"}]},{"@type":"WebSite","@id":"https:\/\/tourtravelandmore.com\/fr\/#website","url":"https:\/\/tourtravelandmore.com\/fr\/","name":"Tour Travel And More","description":"Private sightseeing tours and luxury transfers in Spain","publisher":{"@id":"https:\/\/tourtravelandmore.com\/fr\/#organization"},"potentialAction":[{"@type":"SearchAction","target":{"@type":"EntryPoint","urlTemplate":"https:\/\/tourtravelandmore.com\/fr\/?s={search_term_string}"},"query-input":{"@type":"PropertyValueSpecification","valueRequired":true,"valueName":"search_term_string"}}],"inLanguage":"fr-FR"},{"@type":"Organization","@id":"https:\/\/tourtravelandmore.com\/fr\/#organization","name":"Tour Travel And More","url":"https:\/\/tourtravelandmore.com\/fr\/","logo":{"@type":"ImageObject","inLanguage":"fr-FR","@id":"https:\/\/tourtravelandmore.com\/fr\/#\/schema\/logo\/image\/","url":"https:\/\/tourtravelandmore.com\/wp-content\/uploads\/2022\/12\/cropped-logo-cabecera-new.png","contentUrl":"https:\/\/tourtravelandmore.com\/wp-content\/uploads\/2022\/12\/cropped-logo-cabecera-new.png","width":430,"height":61,"caption":"Tour Travel And More"},"image":{"@id":"https:\/\/tourtravelandmore.com\/fr\/#\/schema\/logo\/image\/"},"sameAs":["https:\/\/www.facebook.com\/tourtravelandmore\/","https:\/\/x.com\/TourTravel_More"]}]}},"_links":{"self":[{"href":"https:\/\/tourtravelandmore.com\/fr\/wp-json\/wp\/v2\/product\/100694","targetHints":{"allow":["GET"]}}],"collection":[{"href":"https:\/\/tourtravelandmore.com\/fr\/wp-json\/wp\/v2\/product"}],"about":[{"href":"https:\/\/tourtravelandmore.com\/fr\/wp-json\/wp\/v2\/types\/product"}],"replies":[{"embeddable":true,"href":"https:\/\/tourtravelandmore.com\/fr\/wp-json\/wp\/v2\/comments?post=100694"}],"wp:featuredmedia":[{"embeddable":true,"href":"https:\/\/tourtravelandmore.com\/fr\/wp-json\/wp\/v2\/media\/96087"}],"wp:attachment":[{"href":"https:\/\/tourtravelandmore.com\/fr\/wp-json\/wp\/v2\/media?parent=100694"}],"wp:term":[{"taxonomy":"product_brand","embeddable":true,"href":"https:\/\/tourtravelandmore.com\/fr\/wp-json\/wp\/v2\/product_brand?post=100694"},{"taxonomy":"product_cat","embeddable":true,"href":"https:\/\/tourtravelandmore.com\/fr\/wp-json\/wp\/v2\/product_cat?post=100694"},{"taxonomy":"product_tag","embeddable":true,"href":"https:\/\/tourtravelandmore.com\/fr\/wp-json\/wp\/v2\/product_tag?post=100694"}],"curies":[{"name":"wp","href":"https:\/\/api.w.org\/{rel}","templated":true}]}}