{"id":100689,"date":"2019-08-15T16:26:15","date_gmt":"2019-08-15T14:26:15","guid":{"rendered":"https:\/\/tourtravelandmore.com\/tours\/non%20class\u00e9\/visite-privee-de-perouges-et-dannecy\/"},"modified":"2022-10-18T02:47:30","modified_gmt":"2022-10-18T00:47:30","slug":"visite-privee-de-perouges-et-dannecy","status":"publish","type":"product","link":"https:\/\/tourtravelandmore.com\/fr\/tours\/france-fr\/lyon-fr\/visite-privee-de-perouges-et-dannecy\/","title":{"rendered":"Visite priv\u00e9e de P\u00e9rouges et d&#8217;Annecy"},"content":{"rendered":"<h2><b>Description de l&#8217;excursion priv\u00e9e d&#8217;une journ\u00e9e compl\u00e8te \u00e0 P\u00e9rouges et Annecy<\/b><\/h2>\n<p><span style=\"font-weight: 400;\">Visite guid\u00e9e priv\u00e9e. Excursions en bateau priv\u00e9 sur l&#8217;original Balcon de l&#8217;Europe, le lac du Bourget pour un coucher de soleil \u00e0 couper le souffle.<\/span><\/p>\n<p><span style=\"font-weight: 400;\">Vous voulez d\u00e9couvrir les plus importants monuments m\u00e9di\u00e9vaux et paysages naturels de chaque r\u00e9gion ? Vous pouvez le faire dans le confort de votre v\u00e9hicule priv\u00e9 avec chauffeur.<\/span><\/p>\n<p><span style=\"font-weight: 400;\">Les visites commencent g\u00e9n\u00e9ralement \u00e0 8 heures et sont conduites en priv\u00e9, mais vous pouvez choisir votre propre heure et lieu de d\u00e9part.<\/span><\/p>\n<p><span style=\"font-weight: 400;\">En chemin, arr\u00eatez-vous pour visiter la ville m\u00e9di\u00e9vale de <\/span><b>Perouges<\/b><span style=\"font-weight: 400;\">, un village unique qui vous ram\u00e8ne au Moyen \u00c2ge. M\u00e9di\u00e9val. D\u00e9couvrez les vieilles maisons des 13e et 16e si\u00e8cles, la belle place principale entour\u00e9e de b\u00e2timents \u00e0 colombages et son arbre de la libert\u00e9 de 1792. Si le c\u0153ur vous en dit, prenez le temps d&#8217;un caf\u00e9 chaud accompagn\u00e9 d&#8217;un morceau de galette, la sp\u00e9cialit\u00e9 locale. Reprenez ensuite votre voyage jusqu&#8217;\u00e0 la belle ville d&#8217;Annecy.<\/span><\/p>\n<p><span style=\"font-weight: 400;\">Puis nous visiterons Annecy, une ville avec un ch\u00e2teau du 12\u00e8me si\u00e8cle au milieu de la rivi\u00e8re Thiou.<\/span><\/p>\n<h2><b>Points d&#8217;int\u00e9r\u00eat de l&#8217;excursion priv\u00e9e d&#8217;une journ\u00e9e \u00e0 P\u00e9rouges et Annecy<\/b><\/h2>\n<p><span style=\"font-weight: 400;\">En quittant Lyon, votre premier arr\u00eat sera le village m\u00e9di\u00e9val de Perouges. Les b\u00e2timents m\u00e9di\u00e9vaux pr\u00e9serv\u00e9s aux fa\u00e7ades traditionnelles en bois vous feront remonter le temps.<\/span><\/p>\n<p><span style=\"font-weight: 400;\">La prochaine \u00e9tape du circuit est Annecy, o\u00f9 nous verrons certains des monuments les plus importants de la ville, notamment le palais royal de l&#8217;\u00eele sur les rives du Thiou.<\/span><\/p>\n<p><span style=\"font-weight: 400;\">Parmi les sites que vous pouvez visiter nous vous proposons :<\/span><\/p>\n<h3><b>La Haute Porte<\/b><\/h3>\n<p><span style=\"font-weight: 400;\">La Porte Haute est une c\u00e9l\u00e8bre destination touristique \u00e0 Annecy, en France. Il y a de nombreuses raisons pour lesquelles elle est c\u00e9l\u00e8bre. Certaines des raisons sont qu&#8217;il s&#8217;agit d&#8217;un symbole de la ville, qu&#8217;il offre une vue magnifique sur la vall\u00e9e et qu&#8217;il a \u00e9t\u00e9 construit dans un style tr\u00e8s ancien.<\/span><\/p>\n<p><span style=\"font-weight: 400;\">La Porte Haute est l&#8217;une des attractions touristiques les plus visit\u00e9es d&#8217;Annecy. Il a \u00e9t\u00e9 construit comme un symbole de la ville et de son histoire. La porte offre \u00e9galement de belles vues sur la vall\u00e9e et poss\u00e8de une architecture de style ancien qui la fait ressembler \u00e0 une ancienne forteresse.<\/span><\/p>\n<h3><b>Rue des Princes<\/b><\/h3>\n<p><span style=\"font-weight: 400;\">La rue des Princes est l&#8217;une des plus anciennes rues d&#8217;Annecy et constitue une attraction touristique pour de nombreuses personnes. \u00c0 l&#8217;origine, elle s&#8217;appelait &#8220;rue des Princes&#8221; car c&#8217;\u00e9tait la rue principale menant au palais des Princes-\u00c9v\u00eaques.<\/span><\/p>\n<p><span style=\"font-weight: 400;\">La rue des Princes a \u00e9t\u00e9 utilis\u00e9e comme lieu de tournage pour de nombreux films et \u00e9missions de t\u00e9l\u00e9vision tels que The Bourne Identity, I Love You Phillip Morris et The Girl with the Dragon Tattoo. Il a \u00e9galement figur\u00e9 dans certains clips musicaux populaires tels que &#8220;We Found Love&#8221; de Rihanna.<\/span><\/p>\n<h3><b>Square Linden<\/b><\/h3>\n<p><span style=\"font-weight: 400;\">La place du Tilleul est un point de rep\u00e8re c\u00e9l\u00e8bre \u00e0 Annecy pour deux raisons. Tout d&#8217;abord, c&#8217;est la seule place avec des arbres et des bancs dans la ville. Deuxi\u00e8mement, il abrite la premi\u00e8re biblioth\u00e8que publique de la ville, construite en 1819.<\/span><\/p>\n<p><span style=\"font-weight: 400;\">La premi\u00e8re biblioth\u00e8que publique de la ville a \u00e9t\u00e9 construite en 1819 et se dresse fi\u00e8rement comme l&#8217;un des rares b\u00e2timents de cette \u00e9poque. On y trouve \u00e9galement la statue d&#8217;un homme \u00e0 cheval qui a \u00e9t\u00e9 identifi\u00e9 comme \u00e9tant Louis XVIII, roi de France de 1814 \u00e0 1824.<\/span><\/p>\n<h3><b>Le mus\u00e9e du Vieux P\u00e9rouges<\/b><\/h3>\n<p><span style=\"font-weight: 400;\">Le mus\u00e9e du Vieux P\u00e9rouges est un mus\u00e9e situ\u00e9 dans la ville de P\u00e9rouges, en France. Il est consacr\u00e9 \u00e0 l&#8217;histoire et \u00e0 la culture de la ville m\u00e9di\u00e9vale.<\/span><\/p>\n<p><span style=\"font-weight: 400;\">Ce mus\u00e9e a \u00e9t\u00e9 fond\u00e9 en 1954 par Henry de Sainte-Foix et son \u00e9pouse Marie-Claire apr\u00e8s avoir achet\u00e9 un vieux moulin \u00e0 P\u00e9rouges et d\u00e9couvert son histoire. Ils ont commenc\u00e9 \u00e0 rassembler des \u00e9l\u00e9ments du pass\u00e9 de la ville, qu&#8217;ils ont ensuite pr\u00e9sent\u00e9s aux visiteurs dans le cadre d&#8217;une collection priv\u00e9e. Cette collection a ensuite \u00e9t\u00e9 donn\u00e9e \u00e0 la municipalit\u00e9 de P\u00e9rouges.<\/span><\/p>\n<h3><b>Plateau de la Dombes<\/b><\/h3>\n<p><span style=\"font-weight: 400;\">Le plateau de la Dombes est un plateau en France qui poss\u00e8de de nombreuses ressources naturelles. Le plateau abrite une vari\u00e9t\u00e9 de faune et de flore, dont le castor europ\u00e9en, la cigogne noire et l&#8217;ours brun.<\/span><\/p>\n<h3><b>Porte Basse de Perouges<\/b><\/h3>\n<p><span style=\"font-weight: 400;\">La Porte Basse de P\u00e9rouges est un monument c\u00e9l\u00e8bre car c&#8217;est l&#8217;une des rares choses qui a surv\u00e9cu apr\u00e8s la guerre de Cent Ans.<\/span><\/p>\n<p><span style=\"font-weight: 400;\">La guerre de Cent Ans est une guerre qui s&#8217;est d\u00e9roul\u00e9e en France entre 1337 et 1453. La guerre a \u00e9t\u00e9 men\u00e9e par deux dynasties : la Maison de Valois et la Maison de Plantagenet.<\/span><\/p>\n<p><span style=\"font-weight: 400;\">La Porte Basse de Perouges est l&#8217;une des rares choses qui soient rest\u00e9es apr\u00e8s la guerre. Il a servi de symbole pour montrer que la France ne serait pas vaincue.<\/span><\/p>\n<h3><b>Mairie de Perouges<\/b><\/h3>\n<p><span style=\"font-weight: 400;\">En 1807, l&#8217;h\u00f4tel de ville est construit dans la ville de Perouges. C&#8217;est un beau b\u00e2timent \u00e0 l&#8217;architecture impressionnante.<\/span><\/p>\n<p><span style=\"font-weight: 400;\">L&#8217;h\u00f4tel de ville est c\u00e9l\u00e8bre pour \u00eatre l&#8217;un des plus beaux b\u00e2timents de France. Il est \u00e9galement c\u00e9l\u00e8bre pour son architecture \u00e9tonnante et son histoire, puisqu&#8217;il existe depuis 1807.<\/span><\/p>\n<h3><b>Palais de l&#8217;Isle (Island Palace)<\/b><\/h3>\n<p><span style=\"font-weight: 400;\">Le Palais de l&#8217;\u00cele est un magnifique palais situ\u00e9 sur l&#8217;\u00cele de la Cit\u00e9 \u00e0 Paris, en France. C&#8217;est l&#8217;une des attractions touristiques les plus c\u00e9l\u00e8bres de Paris et c&#8217;est \u00e9galement un monument historique. Le palais a \u00e9t\u00e9 construit par le roi Louis XIV pour sa ma\u00eetresse, Madame de Montespan. Il s&#8217;appelait \u00e0 l&#8217;origine Ch\u00e2teau de Saint-Cloud.<\/span><\/p>\n<h3><b>Ch\u00e2teau d&#8217;Annecy<\/b><\/h3>\n<p><span style=\"font-weight: 400;\">Le Ch\u00e2teau d&#8217;Annecy est l&#8217;un des meilleurs \u00e9tablissements vinicoles de la r\u00e9gion. La renomm\u00e9e du Ch\u00e2teau d&#8217;Annecy remonte \u00e0 1637, lorsque les ducs de Savoie deviennent propri\u00e9taires terriens et construisent un ch\u00e2teau.<\/span><\/p>\n<p><span style=\"font-weight: 400;\">Le Ch\u00e2teau d&#8217;Annecy est l&#8217;un des meilleurs vignobles de la r\u00e9gion. La renomm\u00e9e du Ch\u00e2teau d&#8217;Annecy remonte \u00e0 1637, lorsque les ducs de Savoie en deviennent propri\u00e9taires et y font construire un ch\u00e2teau.<\/span><\/p>\n<p><b>Si vous disposez de plus de jours dans la ville de Lyon, vous pouvez consulter <\/b><a href=\"https:\/\/tourtravelandmore.com\/es\/ciudad\/francia\/lyon-es\/\"><b>ici<\/b><\/a><b> le reste des visites priv\u00e9es de la ville.<\/b><\/p>\n","protected":false},"excerpt":{"rendered":"<p><b>\u00a0<\/b><span style=\"font-weight: 400;\">Si vous visitez Lyon, en France, et que vous voulez go\u00fbter \u00e0 la campagne, alors cette visite est parfaite pour vous. Vous visiterez P\u00e9rouges et Annecy. Vous pouvez personnaliser votre exp\u00e9rience en choisissant la dur\u00e9e de la visite, si vous souhaitez visiter d&#8217;autres endroits en cours de route ou si vous voulez faire une pause pour le d\u00e9jeuner.<\/span><\/p>\n","protected":false},"featured_media":96074,"comment_status":"open","ping_status":"closed","template":"","meta":{"_acf_changed":false},"product_brand":[],"product_cat":[3666],"product_tag":[],"class_list":{"0":"post-100689","1":"product","2":"type-product","3":"status-publish","4":"has-post-thumbnail","6":"product_cat-lyon-fr","8":"first","9":"instock","10":"shipping-taxable","11":"purchasable","12":"product-type-simple"},"acf":[],"yoast_head":"<!-- This site is optimized with the Yoast SEO Premium plugin v25.3.1 (Yoast SEO v25.3.1) - https:\/\/yoast.com\/wordpress\/plugins\/seo\/ -->\n<title>\u27a1\ufe0f Visite priv\u00e9e d&#039;une journ\u00e9e compl\u00e8te \u00e0 P\u00e9rouges et Annecy | Tour Travel &amp; More<\/title>\n<meta name=\"description\" content=\"Ce circuit comprend la visite de deux beaux villages de France : Perouges et Annecy. Le premier village est connu pour son architecture m\u00e9di\u00e9vale, tandis que le second est connu pour son lac et ses jolis cottages au bord du lac \u2705.\" \/>\n<meta name=\"robots\" content=\"index, follow, max-snippet:-1, max-image-preview:large, max-video-preview:-1\" \/>\n<link rel=\"canonical\" href=\"https:\/\/tourtravelandmore.com\/fr\/tours\/france-fr\/lyon-fr\/visite-privee-de-perouges-et-dannecy\/\" \/>\n<meta property=\"og:locale\" content=\"fr_FR\" \/>\n<meta property=\"og:type\" content=\"article\" \/>\n<meta property=\"og:title\" content=\"Visite priv\u00e9e de P\u00e9rouges et d&#039;Annecy\" \/>\n<meta property=\"og:description\" content=\"Ce circuit comprend la visite de deux beaux villages de France : Perouges et Annecy. Le premier village est connu pour son architecture m\u00e9di\u00e9vale, tandis que le second est connu pour son lac et ses jolis cottages au bord du lac \u2705.\" \/>\n<meta property=\"og:url\" content=\"https:\/\/tourtravelandmore.com\/fr\/tours\/france-fr\/lyon-fr\/visite-privee-de-perouges-et-dannecy\/\" \/>\n<meta property=\"og:site_name\" content=\"Tour Travel And More\" \/>\n<meta property=\"article:publisher\" content=\"https:\/\/www.facebook.com\/tourtravelandmore\/\" \/>\n<meta property=\"article:modified_time\" content=\"2022-10-18T00:47:30+00:00\" \/>\n<meta property=\"og:image\" content=\"https:\/\/tourtravelandmore.com\/wp-content\/uploads\/2019\/08\/Annecy.jpg\" \/>\n\t<meta property=\"og:image:width\" content=\"960\" \/>\n\t<meta property=\"og:image:height\" content=\"640\" \/>\n\t<meta property=\"og:image:type\" content=\"image\/jpeg\" \/>\n<meta name=\"twitter:card\" content=\"summary_large_image\" \/>\n<meta name=\"twitter:site\" content=\"@TourTravel_More\" \/>\n<meta name=\"twitter:label1\" content=\"Dur\u00e9e de lecture estim\u00e9e\" \/>\n\t<meta name=\"twitter:data1\" content=\"5 minutes\" \/>\n<script type=\"application\/ld+json\" class=\"yoast-schema-graph\">{\"@context\":\"https:\/\/schema.org\",\"@graph\":[{\"@type\":\"WebPage\",\"@id\":\"https:\/\/tourtravelandmore.com\/fr\/tours\/france-fr\/lyon-fr\/visite-privee-de-perouges-et-dannecy\/\",\"url\":\"https:\/\/tourtravelandmore.com\/fr\/tours\/france-fr\/lyon-fr\/visite-privee-de-perouges-et-dannecy\/\",\"name\":\"\u27a1\ufe0f Visite priv\u00e9e d'une journ\u00e9e compl\u00e8te \u00e0 P\u00e9rouges et Annecy | Tour Travel & More\",\"isPartOf\":{\"@id\":\"https:\/\/tourtravelandmore.com\/fr\/#website\"},\"primaryImageOfPage\":{\"@id\":\"https:\/\/tourtravelandmore.com\/fr\/tours\/france-fr\/lyon-fr\/visite-privee-de-perouges-et-dannecy\/#primaryimage\"},\"image\":{\"@id\":\"https:\/\/tourtravelandmore.com\/fr\/tours\/france-fr\/lyon-fr\/visite-privee-de-perouges-et-dannecy\/#primaryimage\"},\"thumbnailUrl\":\"https:\/\/tourtravelandmore.com\/wp-content\/uploads\/2019\/08\/Annecy.jpg\",\"datePublished\":\"2019-08-15T14:26:15+00:00\",\"dateModified\":\"2022-10-18T00:47:30+00:00\",\"description\":\"Ce circuit comprend la visite de deux beaux villages de France : Perouges et Annecy. Le premier village est connu pour son architecture m\u00e9di\u00e9vale, tandis que le second est connu pour son lac et ses jolis cottages au bord du lac \u2705.\",\"breadcrumb\":{\"@id\":\"https:\/\/tourtravelandmore.com\/fr\/tours\/france-fr\/lyon-fr\/visite-privee-de-perouges-et-dannecy\/#breadcrumb\"},\"inLanguage\":\"fr-FR\",\"potentialAction\":[{\"@type\":\"ReadAction\",\"target\":[\"https:\/\/tourtravelandmore.com\/fr\/tours\/france-fr\/lyon-fr\/visite-privee-de-perouges-et-dannecy\/\"]}]},{\"@type\":\"ImageObject\",\"inLanguage\":\"fr-FR\",\"@id\":\"https:\/\/tourtravelandmore.com\/fr\/tours\/france-fr\/lyon-fr\/visite-privee-de-perouges-et-dannecy\/#primaryimage\",\"url\":\"https:\/\/tourtravelandmore.com\/wp-content\/uploads\/2019\/08\/Annecy.jpg\",\"contentUrl\":\"https:\/\/tourtravelandmore.com\/wp-content\/uploads\/2019\/08\/Annecy.jpg\",\"width\":960,\"height\":640},{\"@type\":\"BreadcrumbList\",\"@id\":\"https:\/\/tourtravelandmore.com\/fr\/tours\/france-fr\/lyon-fr\/visite-privee-de-perouges-et-dannecy\/#breadcrumb\",\"itemListElement\":[{\"@type\":\"ListItem\",\"position\":1,\"name\":\"Home\",\"item\":\"https:\/\/tourtravelandmore.com\/fr\/\"},{\"@type\":\"ListItem\",\"position\":2,\"name\":\"Tours\",\"item\":\"https:\/\/tourtravelandmore.com\/fr\/tours\/\"},{\"@type\":\"ListItem\",\"position\":3,\"name\":\"Visite priv\u00e9e de P\u00e9rouges et d&rsquo;Annecy\"}]},{\"@type\":\"WebSite\",\"@id\":\"https:\/\/tourtravelandmore.com\/fr\/#website\",\"url\":\"https:\/\/tourtravelandmore.com\/fr\/\",\"name\":\"Tour Travel And More\",\"description\":\"Private sightseeing tours and luxury transfers in Spain\",\"publisher\":{\"@id\":\"https:\/\/tourtravelandmore.com\/fr\/#organization\"},\"potentialAction\":[{\"@type\":\"SearchAction\",\"target\":{\"@type\":\"EntryPoint\",\"urlTemplate\":\"https:\/\/tourtravelandmore.com\/fr\/?s={search_term_string}\"},\"query-input\":{\"@type\":\"PropertyValueSpecification\",\"valueRequired\":true,\"valueName\":\"search_term_string\"}}],\"inLanguage\":\"fr-FR\"},{\"@type\":\"Organization\",\"@id\":\"https:\/\/tourtravelandmore.com\/fr\/#organization\",\"name\":\"Tour Travel And More\",\"url\":\"https:\/\/tourtravelandmore.com\/fr\/\",\"logo\":{\"@type\":\"ImageObject\",\"inLanguage\":\"fr-FR\",\"@id\":\"https:\/\/tourtravelandmore.com\/fr\/#\/schema\/logo\/image\/\",\"url\":\"https:\/\/tourtravelandmore.com\/wp-content\/uploads\/2022\/12\/cropped-logo-cabecera-new.png\",\"contentUrl\":\"https:\/\/tourtravelandmore.com\/wp-content\/uploads\/2022\/12\/cropped-logo-cabecera-new.png\",\"width\":430,\"height\":61,\"caption\":\"Tour Travel And More\"},\"image\":{\"@id\":\"https:\/\/tourtravelandmore.com\/fr\/#\/schema\/logo\/image\/\"},\"sameAs\":[\"https:\/\/www.facebook.com\/tourtravelandmore\/\",\"https:\/\/x.com\/TourTravel_More\"]}]}<\/script>\n<!-- \/ Yoast SEO Premium plugin. -->","yoast_head_json":{"title":"\u27a1\ufe0f Visite priv\u00e9e d'une journ\u00e9e compl\u00e8te \u00e0 P\u00e9rouges et Annecy | Tour Travel & More","description":"Ce circuit comprend la visite de deux beaux villages de France : Perouges et Annecy. Le premier village est connu pour son architecture m\u00e9di\u00e9vale, tandis que le second est connu pour son lac et ses jolis cottages au bord du lac \u2705.","robots":{"index":"index","follow":"follow","max-snippet":"max-snippet:-1","max-image-preview":"max-image-preview:large","max-video-preview":"max-video-preview:-1"},"canonical":"https:\/\/tourtravelandmore.com\/fr\/tours\/france-fr\/lyon-fr\/visite-privee-de-perouges-et-dannecy\/","og_locale":"fr_FR","og_type":"article","og_title":"Visite priv\u00e9e de P\u00e9rouges et d'Annecy","og_description":"Ce circuit comprend la visite de deux beaux villages de France : Perouges et Annecy. Le premier village est connu pour son architecture m\u00e9di\u00e9vale, tandis que le second est connu pour son lac et ses jolis cottages au bord du lac \u2705.","og_url":"https:\/\/tourtravelandmore.com\/fr\/tours\/france-fr\/lyon-fr\/visite-privee-de-perouges-et-dannecy\/","og_site_name":"Tour Travel And More","article_publisher":"https:\/\/www.facebook.com\/tourtravelandmore\/","article_modified_time":"2022-10-18T00:47:30+00:00","og_image":[{"width":960,"height":640,"url":"https:\/\/tourtravelandmore.com\/wp-content\/uploads\/2019\/08\/Annecy.jpg","type":"image\/jpeg"}],"twitter_card":"summary_large_image","twitter_site":"@TourTravel_More","twitter_misc":{"Dur\u00e9e de lecture estim\u00e9e":"5 minutes"},"schema":{"@context":"https:\/\/schema.org","@graph":[{"@type":"WebPage","@id":"https:\/\/tourtravelandmore.com\/fr\/tours\/france-fr\/lyon-fr\/visite-privee-de-perouges-et-dannecy\/","url":"https:\/\/tourtravelandmore.com\/fr\/tours\/france-fr\/lyon-fr\/visite-privee-de-perouges-et-dannecy\/","name":"\u27a1\ufe0f Visite priv\u00e9e d'une journ\u00e9e compl\u00e8te \u00e0 P\u00e9rouges et Annecy | Tour Travel & More","isPartOf":{"@id":"https:\/\/tourtravelandmore.com\/fr\/#website"},"primaryImageOfPage":{"@id":"https:\/\/tourtravelandmore.com\/fr\/tours\/france-fr\/lyon-fr\/visite-privee-de-perouges-et-dannecy\/#primaryimage"},"image":{"@id":"https:\/\/tourtravelandmore.com\/fr\/tours\/france-fr\/lyon-fr\/visite-privee-de-perouges-et-dannecy\/#primaryimage"},"thumbnailUrl":"https:\/\/tourtravelandmore.com\/wp-content\/uploads\/2019\/08\/Annecy.jpg","datePublished":"2019-08-15T14:26:15+00:00","dateModified":"2022-10-18T00:47:30+00:00","description":"Ce circuit comprend la visite de deux beaux villages de France : Perouges et Annecy. Le premier village est connu pour son architecture m\u00e9di\u00e9vale, tandis que le second est connu pour son lac et ses jolis cottages au bord du lac \u2705.","breadcrumb":{"@id":"https:\/\/tourtravelandmore.com\/fr\/tours\/france-fr\/lyon-fr\/visite-privee-de-perouges-et-dannecy\/#breadcrumb"},"inLanguage":"fr-FR","potentialAction":[{"@type":"ReadAction","target":["https:\/\/tourtravelandmore.com\/fr\/tours\/france-fr\/lyon-fr\/visite-privee-de-perouges-et-dannecy\/"]}]},{"@type":"ImageObject","inLanguage":"fr-FR","@id":"https:\/\/tourtravelandmore.com\/fr\/tours\/france-fr\/lyon-fr\/visite-privee-de-perouges-et-dannecy\/#primaryimage","url":"https:\/\/tourtravelandmore.com\/wp-content\/uploads\/2019\/08\/Annecy.jpg","contentUrl":"https:\/\/tourtravelandmore.com\/wp-content\/uploads\/2019\/08\/Annecy.jpg","width":960,"height":640},{"@type":"BreadcrumbList","@id":"https:\/\/tourtravelandmore.com\/fr\/tours\/france-fr\/lyon-fr\/visite-privee-de-perouges-et-dannecy\/#breadcrumb","itemListElement":[{"@type":"ListItem","position":1,"name":"Home","item":"https:\/\/tourtravelandmore.com\/fr\/"},{"@type":"ListItem","position":2,"name":"Tours","item":"https:\/\/tourtravelandmore.com\/fr\/tours\/"},{"@type":"ListItem","position":3,"name":"Visite priv\u00e9e de P\u00e9rouges et d&rsquo;Annecy"}]},{"@type":"WebSite","@id":"https:\/\/tourtravelandmore.com\/fr\/#website","url":"https:\/\/tourtravelandmore.com\/fr\/","name":"Tour Travel And More","description":"Private sightseeing tours and luxury transfers in Spain","publisher":{"@id":"https:\/\/tourtravelandmore.com\/fr\/#organization"},"potentialAction":[{"@type":"SearchAction","target":{"@type":"EntryPoint","urlTemplate":"https:\/\/tourtravelandmore.com\/fr\/?s={search_term_string}"},"query-input":{"@type":"PropertyValueSpecification","valueRequired":true,"valueName":"search_term_string"}}],"inLanguage":"fr-FR"},{"@type":"Organization","@id":"https:\/\/tourtravelandmore.com\/fr\/#organization","name":"Tour Travel And More","url":"https:\/\/tourtravelandmore.com\/fr\/","logo":{"@type":"ImageObject","inLanguage":"fr-FR","@id":"https:\/\/tourtravelandmore.com\/fr\/#\/schema\/logo\/image\/","url":"https:\/\/tourtravelandmore.com\/wp-content\/uploads\/2022\/12\/cropped-logo-cabecera-new.png","contentUrl":"https:\/\/tourtravelandmore.com\/wp-content\/uploads\/2022\/12\/cropped-logo-cabecera-new.png","width":430,"height":61,"caption":"Tour Travel And More"},"image":{"@id":"https:\/\/tourtravelandmore.com\/fr\/#\/schema\/logo\/image\/"},"sameAs":["https:\/\/www.facebook.com\/tourtravelandmore\/","https:\/\/x.com\/TourTravel_More"]}]}},"_links":{"self":[{"href":"https:\/\/tourtravelandmore.com\/fr\/wp-json\/wp\/v2\/product\/100689","targetHints":{"allow":["GET"]}}],"collection":[{"href":"https:\/\/tourtravelandmore.com\/fr\/wp-json\/wp\/v2\/product"}],"about":[{"href":"https:\/\/tourtravelandmore.com\/fr\/wp-json\/wp\/v2\/types\/product"}],"replies":[{"embeddable":true,"href":"https:\/\/tourtravelandmore.com\/fr\/wp-json\/wp\/v2\/comments?post=100689"}],"wp:featuredmedia":[{"embeddable":true,"href":"https:\/\/tourtravelandmore.com\/fr\/wp-json\/wp\/v2\/media\/96074"}],"wp:attachment":[{"href":"https:\/\/tourtravelandmore.com\/fr\/wp-json\/wp\/v2\/media?parent=100689"}],"wp:term":[{"taxonomy":"product_brand","embeddable":true,"href":"https:\/\/tourtravelandmore.com\/fr\/wp-json\/wp\/v2\/product_brand?post=100689"},{"taxonomy":"product_cat","embeddable":true,"href":"https:\/\/tourtravelandmore.com\/fr\/wp-json\/wp\/v2\/product_cat?post=100689"},{"taxonomy":"product_tag","embeddable":true,"href":"https:\/\/tourtravelandmore.com\/fr\/wp-json\/wp\/v2\/product_tag?post=100689"}],"curies":[{"name":"wp","href":"https:\/\/api.w.org\/{rel}","templated":true}]}}